{"id":8637,"date":"2024-02-29T14:25:26","date_gmt":"2024-02-29T14:25:26","guid":{"rendered":"https:\/\/dev.ancoradelchianti.it\/uber-uns\/"},"modified":"2024-04-05T07:03:20","modified_gmt":"2024-04-05T07:03:20","slug":"willkommen_bb_chianti","status":"publish","type":"page","link":"https:\/\/www.ancoradelchianti.it\/de\/willkommen_bb_chianti\/","title":{"rendered":"Uber Uns"},"content":{"rendered":"\t\t<div data-elementor-type=\"wp-page\" data-elementor-id=\"8637\" class=\"elementor elementor-8637 elementor-6596\" data-elementor-post-type=\"page\">\n\t\t\t\t<div class=\"elementor-element elementor-element-1f082b2 e-con-full e-flex e-con e-parent\" data-id=\"1f082b2\" data-element_type=\"container\" data-settings=\"{&quot;jet_parallax_layout_list&quot;:[]}\">\n\t\t\t\t<div data-dce-advanced-background-image-url=\"https:\/\/www.ancoradelchianti.it\/wp-content\/uploads\/pages\/about\/rosescale.jpg\" class=\"elementor-element elementor-element-6211c81 elementor-invisible elementor-has-bg-overlay elementor-widget elementor-widget-global elementor-global-232 elementor-widget-heading\" data-id=\"6211c81\" data-element_type=\"widget\" data-settings=\"{&quot;_animation&quot;:&quot;fadeInDown&quot;}\" data-widget_type=\"heading.default\">\n\t\t\t\t<div class=\"elementor-widget-container\">\n\t\t\t<h1 class=\"elementor-heading-title elementor-size-default\">Uber Uns<\/h1>\t\t<\/div>\n\t\t\t\t<\/div>\n\t\t\t\t<div class=\"elementor-element elementor-element-c8f3f19 elementor-widget elementor-widget-heading\" data-id=\"c8f3f19\" data-element_type=\"widget\" data-widget_type=\"heading.default\">\n\t\t\t\t<div class=\"elementor-widget-container\">\n\t\t\t<h1 class=\"elementor-heading-title elementor-size-default\">Willkommen im Ancora del Chianti Bed and Breakfast<br> um einzigartige Traumferien im Herzen der Toskana zu verbringen!<\/h1>\t\t<\/div>\n\t\t\t\t<\/div>\n\t\t\t\t<\/div>\n\t\t<div class=\"elementor-element elementor-element-9ec472a e-flex e-con-boxed e-con e-parent\" data-id=\"9ec472a\" data-element_type=\"container\" data-settings=\"{&quot;jet_parallax_layout_list&quot;:[]}\">\n\t\t\t\t\t<div class=\"e-con-inner\">\n\t\t<div class=\"elementor-element elementor-element-0c708ba e-con-full e-flex e-con e-child\" data-id=\"0c708ba\" data-element_type=\"container\" data-settings=\"{&quot;jet_parallax_layout_list&quot;:[]}\">\n\t\t\t\t<div class=\"elementor-element elementor-element-0be208c elementor-widget elementor-widget-text-editor\" data-id=\"0be208c\" data-element_type=\"widget\" data-widget_type=\"text-editor.default\">\n\t\t\t\t<div class=\"elementor-widget-container\">\n\t\t\t\t\t\t\t<h3>Ancora del Chianti Bed and Breakfast &#8211; Retreat f\u00fcr Kunst und Yoga liegt auf einem H\u00fcgel mit atemberaubender Aussicht in der Toskana, von der Natur umgeben, aber auch nahe bei Florenz und Siena.<\/h3>\n<p>Der Chianti ist die beste Gegend\u00a0 wegen seiner wundersch\u00f6nen Landschaft und den lokalen Produkten f\u00fcr Weinliebhaber und\u00a0 K\u00fcnstler f\u00fcr einen Aufenthalt in der Toskana.\u00a0 Im Herzen des Chianti Classico von Weinbergen, Zypressen und Olivenhainen umgeben liegt das Landhaus Ancora del Chianti B&amp;B in der Toskana und arbeitet dort als\u00a0<strong>Bed und Breakfast Unterkunft<\/strong>\u00a0f\u00fcr Paare, Familien, kleine Gruppen und Einzelreisende. Es ist auch ein idealer Zufluchtsort f\u00fcr\u00a0<strong>Kunst und Yoga Aufenthalte<\/strong>\u00a0f\u00fcr\u00a0 Dozenten, Coaches, Trainer und Gruppenleiter mit ihrer Gruppe und als\u00a0<strong>Kunstresidenz<\/strong>.\u00a0 Sei es alleine oder mit Freunden und Familie stellt es seine bequemen Zimmer, das schmackhafte Fr\u00fchst\u00fcck, sein lichtdurchflutetes Studio in wundersch\u00f6nem Ambiente, gratis\u00a0 W-Lan und Gemeinschaftsk\u00fcche zur Verf\u00fcgung.<\/p>\n<p>Das Anwesen ist von einem gro\u00dfen Garten mit wundersch\u00f6nen Pflanzen und Blumen umgeben.<\/p>\n<p>Das Anwesen\u00a0 Von dort oben genie\u00dft man eine\u00a0<strong>zauberhafte Aussicht<\/strong>\u00a0auf das Greve-Tal (mit den Orten Lamole, Panzano in Chianti, Montefioralle, dem Castello di Verrazzano und dem Castello di Vicchiomaggio) und auf den ganzen Chianti Fiorentino. Ein\u00a0<strong>gro\u00dfer Blumengarten<\/strong>\u00a0umgibt das Haus.<\/p>\n\t\t\t\t\t\t<\/div>\n\t\t\t\t<\/div>\n\t\t\t\t<\/div>\n\t\t<div class=\"elementor-element elementor-element-40efb14 e-con-full e-flex e-con e-child\" data-id=\"40efb14\" data-element_type=\"container\" data-settings=\"{&quot;jet_parallax_layout_list&quot;:[]}\">\n\t\t\t\t<div class=\"elementor-element elementor-element-559a0a6 dce_masking-none elementor-widget elementor-widget-image\" data-id=\"559a0a6\" data-element_type=\"widget\" data-widget_type=\"image.default\">\n\t\t\t\t<div class=\"elementor-widget-container\">\n\t\t\t\t\t\t\t\t\t\t\t\t\t<img fetchpriority=\"high\" decoding=\"async\" width=\"260\" height=\"260\" src=\"https:\/\/www.ancoradelchianti.it\/wp-content\/uploads\/pages\/about\/laura.jpg\" class=\"attachment-full size-full wp-image-6600\" alt=\"\" srcset=\"https:\/\/www.ancoradelchianti.it\/wp-content\/uploads\/pages\/about\/laura.jpg 260w, https:\/\/www.ancoradelchianti.it\/wp-content\/uploads\/pages\/about\/laura-150x150.jpg 150w\" sizes=\"(max-width: 260px) 100vw, 260px\" \/>\t\t\t\t\t\t\t\t\t\t\t\t\t<\/div>\n\t\t\t\t<\/div>\n\t\t\t\t<\/div>\n\t\t\t\t\t<\/div>\n\t\t\t\t<\/div>\n\t\t<div class=\"elementor-element elementor-element-cd8b2ac e-flex e-con-boxed e-con e-parent\" data-id=\"cd8b2ac\" data-element_type=\"container\" data-settings=\"{&quot;jet_parallax_layout_list&quot;:[]}\">\n\t\t\t\t\t<div class=\"e-con-inner\">\n\t\t\t\t<div class=\"elementor-element elementor-element-a244357 elementor-widget elementor-widget-text-editor\" data-id=\"a244357\" data-element_type=\"widget\" data-widget_type=\"text-editor.default\">\n\t\t\t\t<div class=\"elementor-widget-container\">\n\t\t\t\t\t\t\t<h3>Ancora del Chianti Bed and Breakfast liegt zentral in der Toskana, nur 5 km von Greve in Chianti, 20 km von Florenz und 40 km von Siena entfernt.<\/h3>\n<p>Nachdem Sie von der Hauptstrasse\u00a0 SS22 in Greti abgebogen sind, folgen Sie den wei\u00dfen Schildern &#8222;Ancora del Chianti Bed and Breakfast&#8220; f\u00fcr circa 2 km h\u00fcgelaufw\u00e4rts auf einer Schotterstra\u00dfe\u00a0 (5 Minuten). Um das B&amp;B zu erreichen braucht man ein Auto. Auf der Fahrt werden Sie schon die ersten Eindr\u00fccke der Chianti Weinberge, Zypressen und des unvergesslichen Profils der toskanischen H\u00fcgel bekommen.<\/p>\n<p><strong>Die zentrale Lage des B&amp;B zwischen den toskanischen Kulturst\u00e4dten<\/strong>\u00a0und Interessenschwerpunkten ist\u00a0 ausschlaggebend als idealer Ausgangspunkt um die Toskana zu erforschen.\u00a0 Eine \u00f6ffentliche Buslinie verbindet Greve in Chianti mit dem Zentrum von Florenz, eine ideale L\u00f6sung es einfach, ohne Stress, Verkehr und Parkprobleme zu erreichen.<\/p>\n\t\t\t\t\t\t<\/div>\n\t\t\t\t<\/div>\n\t\t\t\t\t<\/div>\n\t\t\t\t<\/div>\n\t\t<div class=\"elementor-element elementor-element-75b7991 e-flex e-con-boxed e-con e-parent\" data-id=\"75b7991\" data-element_type=\"container\" data-settings=\"{&quot;jet_parallax_layout_list&quot;:[]}\">\n\t\t\t\t\t<div class=\"e-con-inner\">\n\t\t<div class=\"elementor-element elementor-element-96cd826 e-con-full e-flex e-con e-child\" data-id=\"96cd826\" data-element_type=\"container\" data-settings=\"{&quot;jet_parallax_layout_list&quot;:[]}\">\n\t\t\t\t<div class=\"elementor-element elementor-element-162a5c5 dce_masking-none elementor-widget elementor-widget-image\" data-id=\"162a5c5\" data-element_type=\"widget\" data-widget_type=\"image.default\">\n\t\t\t\t<div class=\"elementor-widget-container\">\n\t\t\t\t\t\t\t\t\t\t\t\t\t<img decoding=\"async\" src=\"https:\/\/www.ancoradelchianti.it\/wp-content\/uploads\/elementor\/thumbs\/bimbomontefioralle-qkizbxqtk6rcouiegjcrx1io3u7zzofdkfclik3iji.jpg\" title=\"bimbomontefioralle\" alt=\"bimbomontefioralle\" loading=\"lazy\" \/>\t\t\t\t\t\t\t\t\t\t\t\t\t<\/div>\n\t\t\t\t<\/div>\n\t\t\t\t<\/div>\n\t\t<div class=\"elementor-element elementor-element-0c1628f e-con-full e-flex e-con e-child\" data-id=\"0c1628f\" data-element_type=\"container\" data-settings=\"{&quot;jet_parallax_layout_list&quot;:[]}\">\n\t\t\t\t<div class=\"elementor-element elementor-element-a853efa elementor-widget elementor-widget-text-editor\" data-id=\"a853efa\" data-element_type=\"widget\" data-widget_type=\"text-editor.default\">\n\t\t\t\t<div class=\"elementor-widget-container\">\n\t\t\t\t\t\t\t<h3>Ancora del Chianti Country Bed and Breakfast &#8211; Retreat in Tuscany bietet friedliche Ferien auf dem Land in einem einfachen und angenehmen Ambiente in Harmonie mit der Natur in der Toskana.<\/h3>\n<p>Wo das frenetische Tempo des Lebens sich verlangsamen kann, und den G\u00e4sten erlaubt, sich auf ihren eigenen Rhythmus einzustellen und sich zu regenerieren.<\/p>\n<p>Die G\u00e4ste k\u00f6nnen von der\u00a0<strong>Erquickung eines\u00a0 ruhigen\u00a0 Morgenspaziergang<\/strong>\u00a0profitieren, bevor sie das\u00a0<strong>abwechslungsreiche und reichhaltige Fr\u00fchst\u00fcck<\/strong>\u00a0in einer angenehmen und entspannten Atmosph\u00e4re einnehmen. Das ist auch der richtige Ort um Tipps und Erfahrungen mit anderen G\u00e4sten auszutauschen oder neue Bekanntschaften zu machen.<\/p>\n<p>Der Tag mag weitergehen mit einem Besuch der\u00a0<strong>ber\u00fchmten Kulturst\u00e4dte, mittelalterlicher D\u00f6rfer<\/strong>, Bauernh\u00f6fen oder\u00a0<strong>nahe gelegenen Kastelle<\/strong>. Sich selbst vergessend auf Landstrassen mit unglaublichen Ausblicken fahren und dann in\u00a0<strong>die Welt der reichen Speisen &amp; Weine<\/strong>, die die Gegend beschert, eintauchen.<\/p>\n<p>Bei Sonnenuntergang bietet\u00a0<strong>der Garten einen Moment des Relax<\/strong>\u00a0vor dem\u00a0<strong>Abendessen in einem der vielen Restaurants der Gegend<\/strong>, die bekannt f\u00fcr die Qualit\u00e4t ihrer K\u00fcche\u00a0 und ihrer Gastfreundlichkeit sind.<\/p>\n<p>&nbsp;<\/p>\n\t\t\t\t\t\t<\/div>\n\t\t\t\t<\/div>\n\t\t\t\t<\/div>\n\t\t\t\t\t<\/div>\n\t\t\t\t<\/div>\n\t\t<div class=\"elementor-element elementor-element-e0336ca e-flex e-con-boxed e-con e-parent\" data-id=\"e0336ca\" data-element_type=\"container\" data-settings=\"{&quot;jet_parallax_layout_list&quot;:[]}\">\n\t\t\t\t\t<div class=\"e-con-inner\">\n\t\t\t\t<div class=\"elementor-element elementor-element-99ad6bf elementor-widget elementor-widget-text-editor\" data-id=\"99ad6bf\" data-element_type=\"widget\" data-widget_type=\"text-editor.default\">\n\t\t\t\t<div class=\"elementor-widget-container\">\n\t\t\t\t\t\t\t<p>Bei der R\u00fcckkehr beleuchten die Sterne den Weg zu Ihrem Zimmer, wo ein bequemes Bett und erholsame Ruhe einen Tag voller Ausfl\u00fcge, Entdeckungen und Gef\u00fchlen zum sanften Zirpen der Grillen ausklingen lassen.<\/p>\n\t\t\t\t\t\t<\/div>\n\t\t\t\t<\/div>\n\t\t\t\t\t<\/div>\n\t\t\t\t<\/div>\n\t\t<div class=\"elementor-element elementor-element-c669d9d e-flex e-con-boxed e-con e-parent\" data-id=\"c669d9d\" data-element_type=\"container\" data-settings=\"{&quot;jet_parallax_layout_list&quot;:[]}\">\n\t\t\t\t\t<div class=\"e-con-inner\">\n\t\t\t\t<div class=\"elementor-element elementor-element-6616 elementor-widget elementor-widget-global elementor-global-8639 elementor-global-6616 elementor-widget-text-editor\" data-id=\"6616\" data-element_type=\"widget\" data-widget_type=\"text-editor.default\">\n\t\t\t\t<div class=\"elementor-widget-container\">\n\t\t\t\t\t\t\t<p style=\"text-align: center;\"><a href=\"https:\/\/ancoradelchianti.beddy.io\/#\/(beddy:home)?lang=de\" target=\"_blank\" rel=\"noopener\"><strong>JETZT BUCHEN<\/strong><\/a>\u00a0oder eine E-Mail senden an\u00a0<a href=\"mailto:info@ancoradelchianti.it\" target=\"_blank\" rel=\"noopener\">info@ancoradelchianti.it<\/a><\/p>\n\t\t\t\t\t\t<\/div>\n\t\t\t\t<\/div>\n\t\t\t\t\t<\/div>\n\t\t\t\t<\/div>\n\t\t\t\t<\/div>\n\t\t","protected":false},"excerpt":{"rendered":"<p>Willkommen im Ancora del Chianti Bed and Breakfast um einzigartige Traumferien im Herzen der Toskana zu verbringen! Ancora del Chianti Bed and Breakfast &#8211; Retreat f\u00fcr Kunst und Yoga liegt auf einem H\u00fcgel mit atemberaubender Aussicht in der Toskana, von der Natur umgeben, aber auch nahe bei Florenz und Siena. Der Chianti ist die beste&#8230;<\/p>\n","protected":false},"author":1,"featured_media":6628,"parent":0,"menu_order":19,"comment_status":"closed","ping_status":"closed","template":"","meta":{"_acf_changed":false,"footnotes":""},"categories":[],"tags":[135],"class_list":["post-8637","page","type-page","status-publish","has-post-thumbnail","hentry","tag-featured-home-de"],"acf":[],"yoast_head":"<!-- This site is optimized with the Yoast SEO plugin v24.0 - https:\/\/yoast.com\/wordpress\/plugins\/seo\/ -->\n<title>Chianti Bed and Breakfast - Retreat f\u00fcr Kunst und Yoga nahe bei Florenz Toskana<\/title>\n<meta name=\"description\" content=\"Ancora del Chianti Bed and Breakfast - Retreat f\u00fcr Kunst und Yoga liegt auf einem H\u00fcgel mit atemberaubender Aussicht in der Toskana, von der Natur umgeben, aber auch nahe bei Florenz und Siena.\" \/>\n<meta name=\"robots\" content=\"index, follow, max-snippet:-1, max-image-preview:large, max-video-preview:-1\" \/>\n<link rel=\"canonical\" href=\"https:\/\/www.ancoradelchianti.it\/de\/willkommen_bb_chianti\/\" \/>\n<meta property=\"og:locale\" content=\"de_DE\" \/>\n<meta property=\"og:type\" content=\"article\" \/>\n<meta property=\"og:title\" content=\"Chianti Bed and Breakfast - Retreat f\u00fcr Kunst und Yoga nahe bei Florenz Toskana\" \/>\n<meta property=\"og:description\" content=\"Ancora del Chianti Bed and Breakfast - Retreat f\u00fcr Kunst und Yoga liegt auf einem H\u00fcgel mit atemberaubender Aussicht in der Toskana, von der Natur umgeben, aber auch nahe bei Florenz und Siena.\" \/>\n<meta property=\"og:url\" content=\"https:\/\/www.ancoradelchianti.it\/de\/willkommen_bb_chianti\/\" \/>\n<meta property=\"og:site_name\" content=\"Ancora del Chianti B&amp;B\" \/>\n<meta property=\"article:modified_time\" content=\"2024-04-05T07:03:20+00:00\" \/>\n<meta property=\"og:image\" content=\"https:\/\/www.ancoradelchianti.it\/wp-content\/uploads\/pages\/about\/rosescale.jpg\" \/>\n\t<meta property=\"og:image:width\" content=\"1920\" \/>\n\t<meta property=\"og:image:height\" content=\"672\" \/>\n\t<meta property=\"og:image:type\" content=\"image\/jpeg\" \/>\n<meta name=\"twitter:card\" content=\"summary_large_image\" \/>\n<meta name=\"twitter:label1\" content=\"Gesch\u00e4tzte Lesezeit\" \/>\n\t<meta name=\"twitter:data1\" content=\"4\u00a0Minuten\" \/>\n<script type=\"application\/ld+json\" class=\"yoast-schema-graph\">{\"@context\":\"https:\/\/schema.org\",\"@graph\":[{\"@type\":\"WebPage\",\"@id\":\"https:\/\/www.ancoradelchianti.it\/de\/willkommen_bb_chianti\/\",\"url\":\"https:\/\/www.ancoradelchianti.it\/de\/willkommen_bb_chianti\/\",\"name\":\"Chianti Bed and Breakfast - Retreat f\u00fcr Kunst und Yoga nahe bei Florenz Toskana\",\"isPartOf\":{\"@id\":\"https:\/\/www.ancoradelchianti.it\/de\/#website\"},\"primaryImageOfPage\":{\"@id\":\"https:\/\/www.ancoradelchianti.it\/de\/willkommen_bb_chianti\/#primaryimage\"},\"image\":{\"@id\":\"https:\/\/www.ancoradelchianti.it\/de\/willkommen_bb_chianti\/#primaryimage\"},\"thumbnailUrl\":\"https:\/\/www.ancoradelchianti.it\/wp-content\/uploads\/pages\/about\/rosescale.jpg\",\"datePublished\":\"2024-02-29T14:25:26+00:00\",\"dateModified\":\"2024-04-05T07:03:20+00:00\",\"description\":\"Ancora del Chianti Bed and Breakfast - Retreat f\u00fcr Kunst und Yoga liegt auf einem H\u00fcgel mit atemberaubender Aussicht in der Toskana, von der Natur umgeben, aber auch nahe bei Florenz und Siena.\",\"breadcrumb\":{\"@id\":\"https:\/\/www.ancoradelchianti.it\/de\/willkommen_bb_chianti\/#breadcrumb\"},\"inLanguage\":\"de\",\"potentialAction\":[{\"@type\":\"ReadAction\",\"target\":[\"https:\/\/www.ancoradelchianti.it\/de\/willkommen_bb_chianti\/\"]}]},{\"@type\":\"ImageObject\",\"inLanguage\":\"de\",\"@id\":\"https:\/\/www.ancoradelchianti.it\/de\/willkommen_bb_chianti\/#primaryimage\",\"url\":\"https:\/\/www.ancoradelchianti.it\/wp-content\/uploads\/pages\/about\/rosescale.jpg\",\"contentUrl\":\"https:\/\/www.ancoradelchianti.it\/wp-content\/uploads\/pages\/about\/rosescale.jpg\",\"width\":1920,\"height\":672},{\"@type\":\"BreadcrumbList\",\"@id\":\"https:\/\/www.ancoradelchianti.it\/de\/willkommen_bb_chianti\/#breadcrumb\",\"itemListElement\":[{\"@type\":\"ListItem\",\"position\":1,\"name\":\"Home\",\"item\":\"https:\/\/www.ancoradelchianti.it\/de\/\"},{\"@type\":\"ListItem\",\"position\":2,\"name\":\"Uber Uns\"}]},{\"@type\":\"WebSite\",\"@id\":\"https:\/\/www.ancoradelchianti.it\/de\/#website\",\"url\":\"https:\/\/www.ancoradelchianti.it\/de\/\",\"name\":\"Ancora del Chianti B&amp;B\",\"description\":\"\",\"publisher\":{\"@id\":\"https:\/\/www.ancoradelchianti.it\/de\/#organization\"},\"potentialAction\":[{\"@type\":\"SearchAction\",\"target\":{\"@type\":\"EntryPoint\",\"urlTemplate\":\"https:\/\/www.ancoradelchianti.it\/de\/?s={search_term_string}\"},\"query-input\":{\"@type\":\"PropertyValueSpecification\",\"valueRequired\":true,\"valueName\":\"search_term_string\"}}],\"inLanguage\":\"de\"},{\"@type\":\"Organization\",\"@id\":\"https:\/\/www.ancoradelchianti.it\/de\/#organization\",\"name\":\"Ancora del Chianti B&amp;B\",\"url\":\"https:\/\/www.ancoradelchianti.it\/de\/\",\"logo\":{\"@type\":\"ImageObject\",\"inLanguage\":\"de\",\"@id\":\"https:\/\/www.ancoradelchianti.it\/de\/#\/schema\/logo\/image\/\",\"url\":\"https:\/\/www.ancoradelchianti.it\/wp-content\/uploads\/logo\/logo.png\",\"contentUrl\":\"https:\/\/www.ancoradelchianti.it\/wp-content\/uploads\/logo\/logo.png\",\"width\":129,\"height\":133,\"caption\":\"Ancora del Chianti B&amp;B\"},\"image\":{\"@id\":\"https:\/\/www.ancoradelchianti.it\/de\/#\/schema\/logo\/image\/\"}}]}<\/script>\n<!-- \/ Yoast SEO plugin. -->","yoast_head_json":{"title":"Chianti Bed and Breakfast - Retreat f\u00fcr Kunst und Yoga nahe bei Florenz Toskana","description":"Ancora del Chianti Bed and Breakfast - Retreat f\u00fcr Kunst und Yoga liegt auf einem H\u00fcgel mit atemberaubender Aussicht in der Toskana, von der Natur umgeben, aber auch nahe bei Florenz und Siena.","robots":{"index":"index","follow":"follow","max-snippet":"max-snippet:-1","max-image-preview":"max-image-preview:large","max-video-preview":"max-video-preview:-1"},"canonical":"https:\/\/www.ancoradelchianti.it\/de\/willkommen_bb_chianti\/","og_locale":"de_DE","og_type":"article","og_title":"Chianti Bed and Breakfast - Retreat f\u00fcr Kunst und Yoga nahe bei Florenz Toskana","og_description":"Ancora del Chianti Bed and Breakfast - Retreat f\u00fcr Kunst und Yoga liegt auf einem H\u00fcgel mit atemberaubender Aussicht in der Toskana, von der Natur umgeben, aber auch nahe bei Florenz und Siena.","og_url":"https:\/\/www.ancoradelchianti.it\/de\/willkommen_bb_chianti\/","og_site_name":"Ancora del Chianti B&amp;B","article_modified_time":"2024-04-05T07:03:20+00:00","og_image":[{"width":1920,"height":672,"url":"https:\/\/www.ancoradelchianti.it\/wp-content\/uploads\/pages\/about\/rosescale.jpg","type":"image\/jpeg"}],"twitter_card":"summary_large_image","twitter_misc":{"Gesch\u00e4tzte Lesezeit":"4\u00a0Minuten"},"schema":{"@context":"https:\/\/schema.org","@graph":[{"@type":"WebPage","@id":"https:\/\/www.ancoradelchianti.it\/de\/willkommen_bb_chianti\/","url":"https:\/\/www.ancoradelchianti.it\/de\/willkommen_bb_chianti\/","name":"Chianti Bed and Breakfast - Retreat f\u00fcr Kunst und Yoga nahe bei Florenz Toskana","isPartOf":{"@id":"https:\/\/www.ancoradelchianti.it\/de\/#website"},"primaryImageOfPage":{"@id":"https:\/\/www.ancoradelchianti.it\/de\/willkommen_bb_chianti\/#primaryimage"},"image":{"@id":"https:\/\/www.ancoradelchianti.it\/de\/willkommen_bb_chianti\/#primaryimage"},"thumbnailUrl":"https:\/\/www.ancoradelchianti.it\/wp-content\/uploads\/pages\/about\/rosescale.jpg","datePublished":"2024-02-29T14:25:26+00:00","dateModified":"2024-04-05T07:03:20+00:00","description":"Ancora del Chianti Bed and Breakfast - Retreat f\u00fcr Kunst und Yoga liegt auf einem H\u00fcgel mit atemberaubender Aussicht in der Toskana, von der Natur umgeben, aber auch nahe bei Florenz und Siena.","breadcrumb":{"@id":"https:\/\/www.ancoradelchianti.it\/de\/willkommen_bb_chianti\/#breadcrumb"},"inLanguage":"de","potentialAction":[{"@type":"ReadAction","target":["https:\/\/www.ancoradelchianti.it\/de\/willkommen_bb_chianti\/"]}]},{"@type":"ImageObject","inLanguage":"de","@id":"https:\/\/www.ancoradelchianti.it\/de\/willkommen_bb_chianti\/#primaryimage","url":"https:\/\/www.ancoradelchianti.it\/wp-content\/uploads\/pages\/about\/rosescale.jpg","contentUrl":"https:\/\/www.ancoradelchianti.it\/wp-content\/uploads\/pages\/about\/rosescale.jpg","width":1920,"height":672},{"@type":"BreadcrumbList","@id":"https:\/\/www.ancoradelchianti.it\/de\/willkommen_bb_chianti\/#breadcrumb","itemListElement":[{"@type":"ListItem","position":1,"name":"Home","item":"https:\/\/www.ancoradelchianti.it\/de\/"},{"@type":"ListItem","position":2,"name":"Uber Uns"}]},{"@type":"WebSite","@id":"https:\/\/www.ancoradelchianti.it\/de\/#website","url":"https:\/\/www.ancoradelchianti.it\/de\/","name":"Ancora del Chianti B&amp;B","description":"","publisher":{"@id":"https:\/\/www.ancoradelchianti.it\/de\/#organization"},"potentialAction":[{"@type":"SearchAction","target":{"@type":"EntryPoint","urlTemplate":"https:\/\/www.ancoradelchianti.it\/de\/?s={search_term_string}"},"query-input":{"@type":"PropertyValueSpecification","valueRequired":true,"valueName":"search_term_string"}}],"inLanguage":"de"},{"@type":"Organization","@id":"https:\/\/www.ancoradelchianti.it\/de\/#organization","name":"Ancora del Chianti B&amp;B","url":"https:\/\/www.ancoradelchianti.it\/de\/","logo":{"@type":"ImageObject","inLanguage":"de","@id":"https:\/\/www.ancoradelchianti.it\/de\/#\/schema\/logo\/image\/","url":"https:\/\/www.ancoradelchianti.it\/wp-content\/uploads\/logo\/logo.png","contentUrl":"https:\/\/www.ancoradelchianti.it\/wp-content\/uploads\/logo\/logo.png","width":129,"height":133,"caption":"Ancora del Chianti B&amp;B"},"image":{"@id":"https:\/\/www.ancoradelchianti.it\/de\/#\/schema\/logo\/image\/"}}]}},"_links":{"self":[{"href":"https:\/\/www.ancoradelchianti.it\/de\/wp-json\/wp\/v2\/pages\/8637","targetHints":{"allow":["GET"]}}],"collection":[{"href":"https:\/\/www.ancoradelchianti.it\/de\/wp-json\/wp\/v2\/pages"}],"about":[{"href":"https:\/\/www.ancoradelchianti.it\/de\/wp-json\/wp\/v2\/types\/page"}],"author":[{"embeddable":true,"href":"https:\/\/www.ancoradelchianti.it\/de\/wp-json\/wp\/v2\/users\/1"}],"replies":[{"embeddable":true,"href":"https:\/\/www.ancoradelchianti.it\/de\/wp-json\/wp\/v2\/comments?post=8637"}],"version-history":[{"count":0,"href":"https:\/\/www.ancoradelchianti.it\/de\/wp-json\/wp\/v2\/pages\/8637\/revisions"}],"wp:featuredmedia":[{"embeddable":true,"href":"https:\/\/www.ancoradelchianti.it\/de\/wp-json\/wp\/v2\/media\/6628"}],"wp:attachment":[{"href":"https:\/\/www.ancoradelchianti.it\/de\/wp-json\/wp\/v2\/media?parent=8637"}],"wp:term":[{"taxonomy":"category","embeddable":true,"href":"https:\/\/www.ancoradelchianti.it\/de\/wp-json\/wp\/v2\/categories?post=8637"},{"taxonomy":"post_tag","embeddable":true,"href":"https:\/\/www.ancoradelchianti.it\/de\/wp-json\/wp\/v2\/tags?post=8637"}],"curies":[{"name":"wp","href":"https:\/\/api.w.org\/{rel}","templated":true}]}}