{"id":8673,"date":"2024-02-29T14:35:21","date_gmt":"2024-02-29T14:35:21","guid":{"rendered":"https:\/\/dev.ancoradelchianti.it\/uber-uns\/ihre-gastgeber\/"},"modified":"2024-04-05T07:03:05","modified_gmt":"2024-04-05T07:03:05","slug":"bb_taschen","status":"publish","type":"page","link":"https:\/\/www.ancoradelchianti.it\/de\/willkommen_bb_chianti\/bb_taschen\/","title":{"rendered":"Ihre Gastgeber"},"content":{"rendered":"\t\t<div data-elementor-type=\"wp-page\" data-elementor-id=\"8673\" class=\"elementor elementor-8673 elementor-6609\" data-elementor-post-type=\"page\">\n\t\t\t\t<div class=\"elementor-element elementor-element-b0eb2fa e-con-full e-flex e-con e-parent\" data-id=\"b0eb2fa\" data-element_type=\"container\" data-settings=\"{&quot;jet_parallax_layout_list&quot;:[]}\">\n\t\t\t\t<div data-dce-advanced-background-image-url=\"https:\/\/www.ancoradelchianti.it\/wp-content\/uploads\/pages\/your-hosts\/laura-ancora-del-chianti.jpg\" class=\"elementor-element elementor-element-7271408 elementor-invisible elementor-has-bg-overlay elementor-widget elementor-widget-global elementor-global-232 elementor-widget-heading\" data-id=\"7271408\" data-element_type=\"widget\" data-settings=\"{&quot;_animation&quot;:&quot;fadeInDown&quot;}\" data-widget_type=\"heading.default\">\n\t\t\t\t<div class=\"elementor-widget-container\">\n\t\t\t<h1 class=\"elementor-heading-title elementor-size-default\">Ihre Gastgeber<\/h1>\t\t<\/div>\n\t\t\t\t<\/div>\n\t\t\t\t<div class=\"elementor-element elementor-element-59cb300 elementor-widget elementor-widget-heading\" data-id=\"59cb300\" data-element_type=\"widget\" data-widget_type=\"heading.default\">\n\t\t\t\t<div class=\"elementor-widget-container\">\n\t\t\t<h2 class=\"elementor-heading-title elementor-size-default\">Ihre Gastgeber im B&amp;B f\u00fcr Ihre Ferien in der Natur der Toskana<\/h2>\t\t<\/div>\n\t\t\t\t<\/div>\n\t\t\t\t<\/div>\n\t\t<div class=\"elementor-element elementor-element-5527c06 e-flex e-con-boxed e-con e-parent\" data-id=\"5527c06\" data-element_type=\"container\" data-settings=\"{&quot;jet_parallax_layout_list&quot;:[]}\">\n\t\t\t\t\t<div class=\"e-con-inner\">\n\t\t<div class=\"elementor-element elementor-element-7108b6b e-con-full e-flex e-con e-child\" data-id=\"7108b6b\" data-element_type=\"container\" data-settings=\"{&quot;jet_parallax_layout_list&quot;:[]}\">\n\t\t\t\t<div class=\"elementor-element elementor-element-f727cfd dce_masking-none elementor-widget elementor-widget-image\" data-id=\"f727cfd\" data-element_type=\"widget\" data-widget_type=\"image.default\">\n\t\t\t\t<div class=\"elementor-widget-container\">\n\t\t\t\t\t\t\t\t\t\t\t\t\t<img fetchpriority=\"high\" decoding=\"async\" width=\"750\" height=\"1000\" src=\"https:\/\/www.ancoradelchianti.it\/wp-content\/uploads\/pages\/your-hosts\/a-ancora-del-chianti-bb-hosts-grapes.jpg\" class=\"attachment-large size-large wp-image-6637\" alt=\"\" srcset=\"https:\/\/www.ancoradelchianti.it\/wp-content\/uploads\/pages\/your-hosts\/a-ancora-del-chianti-bb-hosts-grapes.jpg 750w, https:\/\/www.ancoradelchianti.it\/wp-content\/uploads\/pages\/your-hosts\/a-ancora-del-chianti-bb-hosts-grapes-225x300.jpg 225w\" sizes=\"(max-width: 750px) 100vw, 750px\" \/>\t\t\t\t\t\t\t\t\t\t\t\t\t<\/div>\n\t\t\t\t<\/div>\n\t\t\t\t<\/div>\n\t\t<div class=\"elementor-element elementor-element-d7950de e-con-full e-flex e-con e-child\" data-id=\"d7950de\" data-element_type=\"container\" data-settings=\"{&quot;jet_parallax_layout_list&quot;:[]}\">\n\t\t\t\t<div class=\"elementor-element elementor-element-4ddcfb4 elementor-widget elementor-widget-text-editor\" data-id=\"4ddcfb4\" data-element_type=\"widget\" data-widget_type=\"text-editor.default\">\n\t\t\t\t<div class=\"elementor-widget-container\">\n\t\t\t\t\t\t\t<h3>Laura und Filippo hei\u00dfen Sie herzlich Willkommen im Ancora del Chianti Bed and Breakfast auf dem Land und Zufluchtsort in der Toskana, ein Chianti B&amp;B f\u00fcr Paare, Familien, Gruppen und Alleinreisende.<\/h3>\n<p><strong>Das Abenteuer begann im Jahr 2000<\/strong>, als wir, auf der Suche nach tieferen Werten und Erfahrungen\u00a0<strong>im Kontakt mit der Natur,<\/strong>\u00a0beschlossen,\u00a0<strong>unser Leben umzukrempeln<\/strong>: wir zogen von der Stadt in den Chianti. Gleichzeitig entschieden wir unser Haus f\u00fcr G\u00e4ste aus aller Welt zu \u00f6ffnen und\u00a0<strong>umweltfreundlichen\u00a0 Tourismus<\/strong>, sowohl f\u00fcr unsere Familie als auch f\u00fcr unsere G\u00e4ste , zu praktizieren. Jahr um Jahr haben wir\u00a0 Teile des\u00a0<strong>Landhauses, die Scheune<\/strong>\u00a0und die R\u00e4umlichkeiten, die\u00a0<strong>Kunst, Yoga und Meditation<\/strong>\u00a0gewidmet sind,\u00a0 restauriert.<\/p>\n\t\t\t\t\t\t<\/div>\n\t\t\t\t<\/div>\n\t\t\t\t<\/div>\n\t\t\t\t\t<\/div>\n\t\t\t\t<\/div>\n\t\t<div class=\"elementor-element elementor-element-f440114 e-flex e-con-boxed e-con e-parent\" data-id=\"f440114\" data-element_type=\"container\" data-settings=\"{&quot;jet_parallax_layout_list&quot;:[]}\">\n\t\t\t\t\t<div class=\"e-con-inner\">\n\t\t\t\t<div class=\"elementor-element elementor-element-1206159 dce_masking-none elementor-widget elementor-widget-image\" data-id=\"1206159\" data-element_type=\"widget\" data-widget_type=\"image.default\">\n\t\t\t\t<div class=\"elementor-widget-container\">\n\t\t\t\t\t\t\t\t\t\t\t\t\t<img decoding=\"async\" width=\"800\" height=\"406\" src=\"https:\/\/www.ancoradelchianti.it\/wp-content\/uploads\/pages\/your-hosts\/a-painting-ancoradelchianti-hosts-1024x520.jpg\" class=\"attachment-large size-large wp-image-6645\" alt=\"\" srcset=\"https:\/\/www.ancoradelchianti.it\/wp-content\/uploads\/pages\/your-hosts\/a-painting-ancoradelchianti-hosts-1024x520.jpg 1024w, https:\/\/www.ancoradelchianti.it\/wp-content\/uploads\/pages\/your-hosts\/a-painting-ancoradelchianti-hosts-300x152.jpg 300w, https:\/\/www.ancoradelchianti.it\/wp-content\/uploads\/pages\/your-hosts\/a-painting-ancoradelchianti-hosts-768x390.jpg 768w, https:\/\/www.ancoradelchianti.it\/wp-content\/uploads\/pages\/your-hosts\/a-painting-ancoradelchianti-hosts.jpg 1280w\" sizes=\"(max-width: 800px) 100vw, 800px\" \/>\t\t\t\t\t\t\t\t\t\t\t\t\t<\/div>\n\t\t\t\t<\/div>\n\t\t\t\t\t<\/div>\n\t\t\t\t<\/div>\n\t\t<div class=\"elementor-element elementor-element-e753458 e-flex e-con-boxed e-con e-parent\" data-id=\"e753458\" data-element_type=\"container\" data-settings=\"{&quot;jet_parallax_layout_list&quot;:[]}\">\n\t\t\t\t\t<div class=\"e-con-inner\">\n\t\t\t\t<div class=\"elementor-element elementor-element-415dca3 elementor-widget elementor-widget-text-editor\" data-id=\"415dca3\" data-element_type=\"widget\" data-widget_type=\"text-editor.default\">\n\t\t\t\t<div class=\"elementor-widget-container\">\n\t\t\t\t\t\t\t<h3>Der alte, verlassene Bauernhof ist als umweltfreundliches\u00a0 Chianti Bed und Breakfast mit Kunstatelier und Yogastudio f\u00fcr entspannende und kreative Ferien in der Toskana wiedergeboren.<\/h3>\n<p>Laura hat die\u00a0<strong>country style (rustikale) Inneneinrichtung<\/strong>\u00a0des Bed and Breakfasts pers\u00f6nlich gestaltet und auch den\u00a0<strong>panoramischen Garten<\/strong>\u00a0neu entworfen. Laura k\u00fcmmerte sich mit viel Liebe zum Detail um den Empfang und Aufenthalt der G\u00e4ste und gibt gerne\u00a0<strong>Tipps f\u00fcr Restaurants<\/strong>, Ausfl\u00fcge, Veranstaltungen und Sehensw\u00fcrdigkeiten in der Gegend.<\/p>\n<p>Ancora del Chianti ist mit seinem seinem\u00a0<strong>ger\u00e4umigen und lichtdurchfluteten Studio<\/strong>\u00a0ein idealer Ort f\u00fcr\u00a0<strong>Kunst- und Yoga Seminare und Aufenthalte<\/strong>\u00a0und Laura hilft dabei Kunst, Yoga, Meditation, kreatives Schreiben oder Fotografie Workshops\u00a0 perfekt zu organisieren.<\/p>\n<p>F\u00fcr G\u00e4ste, die ihren Relaxufenthalt mit ein paar Tagen im Herzen von Florenz kombinieren wollen, kann sie<strong>\u00a0<a href=\"https:\/\/www.guelfa56.com\/\" target=\"_blank\" rel=\"noopener\">ein voll ausgestattetes Apartment, nur ein paar Schritte von Dom und Bahnhof entfernt, zur Verf\u00fcgung stellen:&#8220;Guelfa56&#8243;.\u00a0<\/a><\/strong><\/p>\n<p><strong>Laura ist eine Hobbyk\u00fcnstlerin, eine Vielleserin und G\u00e4rtnerin<\/strong>. Aquarellieren und zeichnen sind ihre Herausforderungen. Sie k\u00f6nnen ihre Werke in einigen der Zimmer und im Garten bewundern. Ihre neueste Leidenschaft: kreatives N\u00e4hen von bunten Handtaschen.<\/p>\n<p><strong>Filippo ist leidenschaftlich gern drau\u00dfen und k\u00fcmmert sich um den Grund und Boden<\/strong>\u00a0im Ancora del Chianti. In den\u00a0<strong>Weinbergen und aus den Oliven<\/strong>\u00a0des Ancora stellt er bzw.\u00a0<strong>biologisches Oliven\u00f6l her<\/strong>. Au\u00dferdem ist er ein leidenschaftlicher Trompeter in der Banda Filarmonica \u201cGiuseppe Verdi\u201d von Panzano in Chianti.<\/p>\n\t\t\t\t\t\t<\/div>\n\t\t\t\t<\/div>\n\t\t\t\t\t<\/div>\n\t\t\t\t<\/div>\n\t\t<div class=\"elementor-element elementor-element-02c4d4b e-flex e-con-boxed e-con e-parent\" data-id=\"02c4d4b\" data-element_type=\"container\" data-settings=\"{&quot;jet_parallax_layout_list&quot;:[]}\">\n\t\t\t\t\t<div class=\"e-con-inner\">\n\t\t\t\t<div class=\"elementor-element elementor-element-aed39e9 dce_masking-none elementor-widget elementor-widget-image\" data-id=\"aed39e9\" data-element_type=\"widget\" data-widget_type=\"image.default\">\n\t\t\t\t<div class=\"elementor-widget-container\">\n\t\t\t\t\t\t\t\t\t\t\t\t\t<img decoding=\"async\" width=\"800\" height=\"406\" src=\"https:\/\/www.ancoradelchianti.it\/wp-content\/uploads\/pages\/your-hosts\/a-trumpet-ancora-del-chianti-hosts-1024x520.jpg\" class=\"attachment-large size-large wp-image-6653\" alt=\"\" srcset=\"https:\/\/www.ancoradelchianti.it\/wp-content\/uploads\/pages\/your-hosts\/a-trumpet-ancora-del-chianti-hosts-1024x520.jpg 1024w, https:\/\/www.ancoradelchianti.it\/wp-content\/uploads\/pages\/your-hosts\/a-trumpet-ancora-del-chianti-hosts-300x152.jpg 300w, https:\/\/www.ancoradelchianti.it\/wp-content\/uploads\/pages\/your-hosts\/a-trumpet-ancora-del-chianti-hosts-768x390.jpg 768w, https:\/\/www.ancoradelchianti.it\/wp-content\/uploads\/pages\/your-hosts\/a-trumpet-ancora-del-chianti-hosts.jpg 1280w\" sizes=\"(max-width: 800px) 100vw, 800px\" \/>\t\t\t\t\t\t\t\t\t\t\t\t\t<\/div>\n\t\t\t\t<\/div>\n\t\t\t\t\t<\/div>\n\t\t\t\t<\/div>\n\t\t<div class=\"elementor-element elementor-element-25ac1c5 e-flex e-con-boxed e-con e-parent\" data-id=\"25ac1c5\" data-element_type=\"container\" data-settings=\"{&quot;jet_parallax_layout_list&quot;:[]}\">\n\t\t\t\t\t<div class=\"e-con-inner\">\n\t\t\t\t<div class=\"elementor-element elementor-element-d5db60c elementor-widget elementor-widget-text-editor\" data-id=\"d5db60c\" data-element_type=\"widget\" data-widget_type=\"text-editor.default\">\n\t\t\t\t<div class=\"elementor-widget-container\">\n\t\t\t\t\t\t\t<h3>Im Ancora del Chianti &#8211; Country Bed and Breakfast\u00a0 in der Toskana sorgen wir f\u00fcr unsere Familie und unsere G\u00e4ste in einer von der Natur gesegneten Umgebung.<\/h3>\n<p>Viel hat sich ver\u00e4ndert seit dem Jahr 2000 und wir haben noch einige Pl\u00e4ne f\u00fcr die Zukunft, aber eines ist gleich geblieben: unser dauerhafter Wunsch eine\u00a0<strong>einfache und angenehme Atmosph\u00e4re in Harmonie mit der Natur<\/strong>\u00a0f\u00fcr unsere G\u00e4ste, aber auch f\u00fcr uns selbst\u00a0<strong>zu erschaffen und zu erhalten<\/strong>. Ein Landhaus aus Stein erbaut, auf einem H\u00fcgel gelegen, nahe an den St\u00e4dten Florenz und Siena, mit einem beeindruckenden Ausblick auf das Tal von Greve in Chianti, zur gleichen Zeit aber auch abgelegen, ein Ort an dem Sch\u00f6nheit und Natur zur Entspannung und inneren Suche einladen.<\/p>\n<p style=\"text-align: center;\"><strong>Laura und Filippo warten auf Sie, um all dies zu teilen!<\/strong><\/p>\n\t\t\t\t\t\t<\/div>\n\t\t\t\t<\/div>\n\t\t\t\t<div class=\"elementor-element elementor-element-6616 elementor-widget elementor-widget-global elementor-global-8639 elementor-global-6616 elementor-widget-text-editor\" data-id=\"6616\" data-element_type=\"widget\" data-widget_type=\"text-editor.default\">\n\t\t\t\t<div class=\"elementor-widget-container\">\n\t\t\t\t\t\t\t<p style=\"text-align: center;\"><a href=\"https:\/\/ancoradelchianti.beddy.io\/#\/(beddy:home)?lang=de\" target=\"_blank\" rel=\"noopener\"><strong>JETZT BUCHEN<\/strong><\/a>\u00a0oder eine E-Mail senden an\u00a0<a href=\"mailto:info@ancoradelchianti.it\" target=\"_blank\" rel=\"noopener\">info@ancoradelchianti.it<\/a><\/p>\n\t\t\t\t\t\t<\/div>\n\t\t\t\t<\/div>\n\t\t\t\t\t<\/div>\n\t\t\t\t<\/div>\n\t\t\t\t<\/div>\n\t\t","protected":false},"excerpt":{"rendered":"<p>Ihre Gastgeber im B&#038;B f\u00fcr Ihre Ferien in der Natur der Toskana Laura und Filippo hei\u00dfen Sie herzlich Willkommen im Ancora del Chianti Bed and Breakfast auf dem Land und Zufluchtsort in der Toskana, ein Chianti B&amp;B f\u00fcr Paare, Familien, Gruppen und Alleinreisende. Das Abenteuer begann im Jahr 2000, als wir, auf der Suche nach&#8230;<\/p>\n","protected":false},"author":1,"featured_media":6632,"parent":8637,"menu_order":26,"comment_status":"closed","ping_status":"closed","template":"","meta":{"_acf_changed":false,"footnotes":""},"categories":[],"tags":[],"class_list":["post-8673","page","type-page","status-publish","has-post-thumbnail","hentry"],"acf":[],"yoast_head":"<!-- This site is optimized with the Yoast SEO plugin v24.0 - https:\/\/yoast.com\/wordpress\/plugins\/seo\/ -->\n<title>Ancora del Chianti Bed and Breakfast auf dem Land<\/title>\n<meta name=\"description\" content=\"Laura und Filippo hei\u00dfen Sie herzlich Willkommen im Ancora del Chianti Bed and Breakfast auf dem Land und Zufluchtsort in der Toskana, ein Chianti B&amp;B f\u00fcr Paare, Familien, Gruppen und Alleinreisende.\" \/>\n<meta name=\"robots\" content=\"index, follow, max-snippet:-1, max-image-preview:large, max-video-preview:-1\" \/>\n<link rel=\"canonical\" href=\"https:\/\/www.ancoradelchianti.it\/de\/willkommen_bb_chianti\/bb_taschen\/\" \/>\n<meta property=\"og:locale\" content=\"de_DE\" \/>\n<meta property=\"og:type\" content=\"article\" \/>\n<meta property=\"og:title\" content=\"Ancora del Chianti Bed and Breakfast auf dem Land\" \/>\n<meta property=\"og:description\" content=\"Laura und Filippo hei\u00dfen Sie herzlich Willkommen im Ancora del Chianti Bed and Breakfast auf dem Land und Zufluchtsort in der Toskana, ein Chianti B&amp;B f\u00fcr Paare, Familien, Gruppen und Alleinreisende.\" \/>\n<meta property=\"og:url\" content=\"https:\/\/www.ancoradelchianti.it\/de\/willkommen_bb_chianti\/bb_taschen\/\" \/>\n<meta property=\"og:site_name\" content=\"Ancora del Chianti B&amp;B\" \/>\n<meta property=\"article:modified_time\" content=\"2024-04-05T07:03:05+00:00\" \/>\n<meta property=\"og:image\" content=\"https:\/\/www.ancoradelchianti.it\/wp-content\/uploads\/pages\/your-hosts\/laura-ancora-del-chianti.jpg\" \/>\n\t<meta property=\"og:image:width\" content=\"2000\" \/>\n\t<meta property=\"og:image:height\" content=\"700\" \/>\n\t<meta property=\"og:image:type\" content=\"image\/jpeg\" \/>\n<meta name=\"twitter:card\" content=\"summary_large_image\" \/>\n<meta name=\"twitter:label1\" content=\"Gesch\u00e4tzte Lesezeit\" \/>\n\t<meta name=\"twitter:data1\" content=\"3\u00a0Minuten\" \/>\n<script type=\"application\/ld+json\" class=\"yoast-schema-graph\">{\"@context\":\"https:\/\/schema.org\",\"@graph\":[{\"@type\":\"WebPage\",\"@id\":\"https:\/\/www.ancoradelchianti.it\/de\/willkommen_bb_chianti\/bb_taschen\/\",\"url\":\"https:\/\/www.ancoradelchianti.it\/de\/willkommen_bb_chianti\/bb_taschen\/\",\"name\":\"Ancora del Chianti Bed and Breakfast auf dem Land\",\"isPartOf\":{\"@id\":\"https:\/\/www.ancoradelchianti.it\/de\/#website\"},\"primaryImageOfPage\":{\"@id\":\"https:\/\/www.ancoradelchianti.it\/de\/willkommen_bb_chianti\/bb_taschen\/#primaryimage\"},\"image\":{\"@id\":\"https:\/\/www.ancoradelchianti.it\/de\/willkommen_bb_chianti\/bb_taschen\/#primaryimage\"},\"thumbnailUrl\":\"https:\/\/www.ancoradelchianti.it\/wp-content\/uploads\/pages\/your-hosts\/laura-ancora-del-chianti.jpg\",\"datePublished\":\"2024-02-29T14:35:21+00:00\",\"dateModified\":\"2024-04-05T07:03:05+00:00\",\"description\":\"Laura und Filippo hei\u00dfen Sie herzlich Willkommen im Ancora del Chianti Bed and Breakfast auf dem Land und Zufluchtsort in der Toskana, ein Chianti B&B f\u00fcr Paare, Familien, Gruppen und Alleinreisende.\",\"breadcrumb\":{\"@id\":\"https:\/\/www.ancoradelchianti.it\/de\/willkommen_bb_chianti\/bb_taschen\/#breadcrumb\"},\"inLanguage\":\"de\",\"potentialAction\":[{\"@type\":\"ReadAction\",\"target\":[\"https:\/\/www.ancoradelchianti.it\/de\/willkommen_bb_chianti\/bb_taschen\/\"]}]},{\"@type\":\"ImageObject\",\"inLanguage\":\"de\",\"@id\":\"https:\/\/www.ancoradelchianti.it\/de\/willkommen_bb_chianti\/bb_taschen\/#primaryimage\",\"url\":\"https:\/\/www.ancoradelchianti.it\/wp-content\/uploads\/pages\/your-hosts\/laura-ancora-del-chianti.jpg\",\"contentUrl\":\"https:\/\/www.ancoradelchianti.it\/wp-content\/uploads\/pages\/your-hosts\/laura-ancora-del-chianti.jpg\",\"width\":2000,\"height\":700},{\"@type\":\"BreadcrumbList\",\"@id\":\"https:\/\/www.ancoradelchianti.it\/de\/willkommen_bb_chianti\/bb_taschen\/#breadcrumb\",\"itemListElement\":[{\"@type\":\"ListItem\",\"position\":1,\"name\":\"Home\",\"item\":\"https:\/\/www.ancoradelchianti.it\/de\/\"},{\"@type\":\"ListItem\",\"position\":2,\"name\":\"Uber Uns\",\"item\":\"https:\/\/www.ancoradelchianti.it\/de\/willkommen_bb_chianti\/\"},{\"@type\":\"ListItem\",\"position\":3,\"name\":\"Ihre Gastgeber\"}]},{\"@type\":\"WebSite\",\"@id\":\"https:\/\/www.ancoradelchianti.it\/de\/#website\",\"url\":\"https:\/\/www.ancoradelchianti.it\/de\/\",\"name\":\"Ancora del Chianti B&amp;B\",\"description\":\"\",\"publisher\":{\"@id\":\"https:\/\/www.ancoradelchianti.it\/de\/#organization\"},\"potentialAction\":[{\"@type\":\"SearchAction\",\"target\":{\"@type\":\"EntryPoint\",\"urlTemplate\":\"https:\/\/www.ancoradelchianti.it\/de\/?s={search_term_string}\"},\"query-input\":{\"@type\":\"PropertyValueSpecification\",\"valueRequired\":true,\"valueName\":\"search_term_string\"}}],\"inLanguage\":\"de\"},{\"@type\":\"Organization\",\"@id\":\"https:\/\/www.ancoradelchianti.it\/de\/#organization\",\"name\":\"Ancora del Chianti B&amp;B\",\"url\":\"https:\/\/www.ancoradelchianti.it\/de\/\",\"logo\":{\"@type\":\"ImageObject\",\"inLanguage\":\"de\",\"@id\":\"https:\/\/www.ancoradelchianti.it\/de\/#\/schema\/logo\/image\/\",\"url\":\"https:\/\/www.ancoradelchianti.it\/wp-content\/uploads\/logo\/logo.png\",\"contentUrl\":\"https:\/\/www.ancoradelchianti.it\/wp-content\/uploads\/logo\/logo.png\",\"width\":129,\"height\":133,\"caption\":\"Ancora del Chianti B&amp;B\"},\"image\":{\"@id\":\"https:\/\/www.ancoradelchianti.it\/de\/#\/schema\/logo\/image\/\"}}]}<\/script>\n<!-- \/ Yoast SEO plugin. -->","yoast_head_json":{"title":"Ancora del Chianti Bed and Breakfast auf dem Land","description":"Laura und Filippo hei\u00dfen Sie herzlich Willkommen im Ancora del Chianti Bed and Breakfast auf dem Land und Zufluchtsort in der Toskana, ein Chianti B&B f\u00fcr Paare, Familien, Gruppen und Alleinreisende.","robots":{"index":"index","follow":"follow","max-snippet":"max-snippet:-1","max-image-preview":"max-image-preview:large","max-video-preview":"max-video-preview:-1"},"canonical":"https:\/\/www.ancoradelchianti.it\/de\/willkommen_bb_chianti\/bb_taschen\/","og_locale":"de_DE","og_type":"article","og_title":"Ancora del Chianti Bed and Breakfast auf dem Land","og_description":"Laura und Filippo hei\u00dfen Sie herzlich Willkommen im Ancora del Chianti Bed and Breakfast auf dem Land und Zufluchtsort in der Toskana, ein Chianti B&B f\u00fcr Paare, Familien, Gruppen und Alleinreisende.","og_url":"https:\/\/www.ancoradelchianti.it\/de\/willkommen_bb_chianti\/bb_taschen\/","og_site_name":"Ancora del Chianti B&amp;B","article_modified_time":"2024-04-05T07:03:05+00:00","og_image":[{"width":2000,"height":700,"url":"https:\/\/www.ancoradelchianti.it\/wp-content\/uploads\/pages\/your-hosts\/laura-ancora-del-chianti.jpg","type":"image\/jpeg"}],"twitter_card":"summary_large_image","twitter_misc":{"Gesch\u00e4tzte Lesezeit":"3\u00a0Minuten"},"schema":{"@context":"https:\/\/schema.org","@graph":[{"@type":"WebPage","@id":"https:\/\/www.ancoradelchianti.it\/de\/willkommen_bb_chianti\/bb_taschen\/","url":"https:\/\/www.ancoradelchianti.it\/de\/willkommen_bb_chianti\/bb_taschen\/","name":"Ancora del Chianti Bed and Breakfast auf dem Land","isPartOf":{"@id":"https:\/\/www.ancoradelchianti.it\/de\/#website"},"primaryImageOfPage":{"@id":"https:\/\/www.ancoradelchianti.it\/de\/willkommen_bb_chianti\/bb_taschen\/#primaryimage"},"image":{"@id":"https:\/\/www.ancoradelchianti.it\/de\/willkommen_bb_chianti\/bb_taschen\/#primaryimage"},"thumbnailUrl":"https:\/\/www.ancoradelchianti.it\/wp-content\/uploads\/pages\/your-hosts\/laura-ancora-del-chianti.jpg","datePublished":"2024-02-29T14:35:21+00:00","dateModified":"2024-04-05T07:03:05+00:00","description":"Laura und Filippo hei\u00dfen Sie herzlich Willkommen im Ancora del Chianti Bed and Breakfast auf dem Land und Zufluchtsort in der Toskana, ein Chianti B&B f\u00fcr Paare, Familien, Gruppen und Alleinreisende.","breadcrumb":{"@id":"https:\/\/www.ancoradelchianti.it\/de\/willkommen_bb_chianti\/bb_taschen\/#breadcrumb"},"inLanguage":"de","potentialAction":[{"@type":"ReadAction","target":["https:\/\/www.ancoradelchianti.it\/de\/willkommen_bb_chianti\/bb_taschen\/"]}]},{"@type":"ImageObject","inLanguage":"de","@id":"https:\/\/www.ancoradelchianti.it\/de\/willkommen_bb_chianti\/bb_taschen\/#primaryimage","url":"https:\/\/www.ancoradelchianti.it\/wp-content\/uploads\/pages\/your-hosts\/laura-ancora-del-chianti.jpg","contentUrl":"https:\/\/www.ancoradelchianti.it\/wp-content\/uploads\/pages\/your-hosts\/laura-ancora-del-chianti.jpg","width":2000,"height":700},{"@type":"BreadcrumbList","@id":"https:\/\/www.ancoradelchianti.it\/de\/willkommen_bb_chianti\/bb_taschen\/#breadcrumb","itemListElement":[{"@type":"ListItem","position":1,"name":"Home","item":"https:\/\/www.ancoradelchianti.it\/de\/"},{"@type":"ListItem","position":2,"name":"Uber Uns","item":"https:\/\/www.ancoradelchianti.it\/de\/willkommen_bb_chianti\/"},{"@type":"ListItem","position":3,"name":"Ihre Gastgeber"}]},{"@type":"WebSite","@id":"https:\/\/www.ancoradelchianti.it\/de\/#website","url":"https:\/\/www.ancoradelchianti.it\/de\/","name":"Ancora del Chianti B&amp;B","description":"","publisher":{"@id":"https:\/\/www.ancoradelchianti.it\/de\/#organization"},"potentialAction":[{"@type":"SearchAction","target":{"@type":"EntryPoint","urlTemplate":"https:\/\/www.ancoradelchianti.it\/de\/?s={search_term_string}"},"query-input":{"@type":"PropertyValueSpecification","valueRequired":true,"valueName":"search_term_string"}}],"inLanguage":"de"},{"@type":"Organization","@id":"https:\/\/www.ancoradelchianti.it\/de\/#organization","name":"Ancora del Chianti B&amp;B","url":"https:\/\/www.ancoradelchianti.it\/de\/","logo":{"@type":"ImageObject","inLanguage":"de","@id":"https:\/\/www.ancoradelchianti.it\/de\/#\/schema\/logo\/image\/","url":"https:\/\/www.ancoradelchianti.it\/wp-content\/uploads\/logo\/logo.png","contentUrl":"https:\/\/www.ancoradelchianti.it\/wp-content\/uploads\/logo\/logo.png","width":129,"height":133,"caption":"Ancora del Chianti B&amp;B"},"image":{"@id":"https:\/\/www.ancoradelchianti.it\/de\/#\/schema\/logo\/image\/"}}]}},"_links":{"self":[{"href":"https:\/\/www.ancoradelchianti.it\/de\/wp-json\/wp\/v2\/pages\/8673","targetHints":{"allow":["GET"]}}],"collection":[{"href":"https:\/\/www.ancoradelchianti.it\/de\/wp-json\/wp\/v2\/pages"}],"about":[{"href":"https:\/\/www.ancoradelchianti.it\/de\/wp-json\/wp\/v2\/types\/page"}],"author":[{"embeddable":true,"href":"https:\/\/www.ancoradelchianti.it\/de\/wp-json\/wp\/v2\/users\/1"}],"replies":[{"embeddable":true,"href":"https:\/\/www.ancoradelchianti.it\/de\/wp-json\/wp\/v2\/comments?post=8673"}],"version-history":[{"count":0,"href":"https:\/\/www.ancoradelchianti.it\/de\/wp-json\/wp\/v2\/pages\/8673\/revisions"}],"up":[{"embeddable":true,"href":"https:\/\/www.ancoradelchianti.it\/de\/wp-json\/wp\/v2\/pages\/8637"}],"wp:featuredmedia":[{"embeddable":true,"href":"https:\/\/www.ancoradelchianti.it\/de\/wp-json\/wp\/v2\/media\/6632"}],"wp:attachment":[{"href":"https:\/\/www.ancoradelchianti.it\/de\/wp-json\/wp\/v2\/media?parent=8673"}],"wp:term":[{"taxonomy":"category","embeddable":true,"href":"https:\/\/www.ancoradelchianti.it\/de\/wp-json\/wp\/v2\/categories?post=8673"},{"taxonomy":"post_tag","embeddable":true,"href":"https:\/\/www.ancoradelchianti.it\/de\/wp-json\/wp\/v2\/tags?post=8673"}],"curies":[{"name":"wp","href":"https:\/\/api.w.org\/{rel}","templated":true}]}}