{"id":8675,"date":"2024-03-02T17:37:44","date_gmt":"2024-03-02T17:37:44","guid":{"rendered":"https:\/\/dev.ancoradelchianti.it\/uber-uns\/nachhaltiger-tourismus\/"},"modified":"2025-04-30T13:09:18","modified_gmt":"2025-04-30T13:09:18","slug":"nachaltiger_tourismus","status":"publish","type":"page","link":"https:\/\/www.ancoradelchianti.it\/de\/willkommen_bb_chianti\/nachaltiger_tourismus\/","title":{"rendered":"Nachhaltiger Tourismus"},"content":{"rendered":"\t\t<div data-elementor-type=\"wp-page\" data-elementor-id=\"8675\" class=\"elementor elementor-8675 elementor-6677\" data-elementor-post-type=\"page\">\n\t\t\t\t<div class=\"elementor-element elementor-element-cf822f1 e-con-full e-flex e-con e-parent\" data-id=\"cf822f1\" data-element_type=\"container\" data-settings=\"{&quot;jet_parallax_layout_list&quot;:[]}\">\n\t\t\t\t<div data-dce-advanced-background-image-url=\"https:\/\/www.ancoradelchianti.it\/wp-content\/uploads\/pages\/sustainable-tourism\/murosolarium.jpg\" class=\"elementor-element elementor-element-b2e5bb0 elementor-invisible elementor-has-bg-overlay elementor-widget elementor-widget-global elementor-global-232 elementor-widget-heading\" data-id=\"b2e5bb0\" data-element_type=\"widget\" data-settings=\"{&quot;_animation&quot;:&quot;fadeInDown&quot;}\" data-widget_type=\"heading.default\">\n\t\t\t\t<div class=\"elementor-widget-container\">\n\t\t\t<h1 class=\"elementor-heading-title elementor-size-default\">Nachhaltiger Tourismus<\/h1>\t\t<\/div>\n\t\t\t\t<\/div>\n\t\t\t\t<div class=\"elementor-element elementor-element-031f0de elementor-widget elementor-widget-heading\" data-id=\"031f0de\" data-element_type=\"widget\" data-widget_type=\"heading.default\">\n\t\t\t\t<div class=\"elementor-widget-container\">\n\t\t\t<h2 class=\"elementor-heading-title elementor-size-default\">B&amp;B Gastfreundschaft und Respekt f\u00fcr die Umwelt<\/h2>\t\t<\/div>\n\t\t\t\t<\/div>\n\t\t\t\t<\/div>\n\t\t<div class=\"elementor-element elementor-element-2c9a44e e-flex e-con-boxed e-con e-parent\" data-id=\"2c9a44e\" data-element_type=\"container\" data-settings=\"{&quot;jet_parallax_layout_list&quot;:[]}\">\n\t\t\t\t\t<div class=\"e-con-inner\">\n\t\t<div class=\"elementor-element elementor-element-b779996 e-con-full e-flex e-con e-child\" data-id=\"b779996\" data-element_type=\"container\" data-settings=\"{&quot;jet_parallax_layout_list&quot;:[]}\">\n\t\t\t\t<div class=\"elementor-element elementor-element-214b451 elementor-widget elementor-widget-text-editor\" data-id=\"214b451\" data-element_type=\"widget\" data-widget_type=\"text-editor.default\">\n\t\t\t\t<div class=\"elementor-widget-container\">\n\t\t\t\t\t\t\t<h3>Das Abenteuer begann im Jahr 2000 als wir entschieden zur Natur zur\u00fcck zu kehren und unseren Lebensstil radikal zu \u00e4ndern.<\/h3>\n\t\t\t\t\t\t<\/div>\n\t\t\t\t<\/div>\n\t\t\t\t<\/div>\n\t\t\t\t\t<\/div>\n\t\t\t\t<\/div>\n\t\t<div class=\"elementor-element elementor-element-a417554 e-flex e-con-boxed e-con e-parent\" data-id=\"a417554\" data-element_type=\"container\" data-settings=\"{&quot;jet_parallax_layout_list&quot;:[]}\">\n\t\t\t\t\t<div class=\"e-con-inner\">\n\t\t\t\t<div class=\"elementor-element elementor-element-1a1e956 elementor-widget elementor-widget-text-editor\" data-id=\"1a1e956\" data-element_type=\"widget\" data-widget_type=\"text-editor.default\">\n\t\t\t\t<div class=\"elementor-widget-container\">\n\t\t\t\t\t\t\t<p><img fetchpriority=\"high\" decoding=\"async\" class=\"alignleft wp-image-6683\" src=\"https:\/\/www.ancoradelchianti.it\/wp-content\/uploads\/pages\/sustainable-tourism\/sostenibile.jpg\" alt=\"responsable tourism\" width=\"355\" height=\"150\" \/>Wir zogen aus unserem Stadtleben in den Chianti und begannen die Restaurierung des Bauernhauses, der Weinberge und des Gartens mit gro\u00dfem Enthusiasmus, sicher, da\u00df Ancora del Chianti das erste umweltfreundliche Bed &amp; Breakfast im Chianti werden w\u00fcrde.<\/p>\n<p>Wir glauben an die F\u00f6rderung des nachhaltigen Tourismus und an einen umweltbewussten Lebensstil, der die negativen Auswirkungen auf die Umwelt reduziert. Deshalb handeln wir im Ancora del Chianti im Sinne eines nachhaltigen Umgangs mit der Umwelt, von dem unsere Familie, die G\u00e4ste und unsere Nachfahren profitieren und laden unsere G\u00e4ste ein, dies mit einfachen Gesten ebenfalls zu tun.<\/p>\n\t\t\t\t\t\t<\/div>\n\t\t\t\t<\/div>\n\t\t\t\t\t<\/div>\n\t\t\t\t<\/div>\n\t\t<div class=\"elementor-element elementor-element-4a22f66 e-flex e-con-boxed e-con e-parent\" data-id=\"4a22f66\" data-element_type=\"container\" data-settings=\"{&quot;jet_parallax_layout_list&quot;:[]}\">\n\t\t\t\t\t<div class=\"e-con-inner\">\n\t\t\t\t<div class=\"elementor-element elementor-element-953e9a6 elementor-widget elementor-widget-text-editor\" data-id=\"953e9a6\" data-element_type=\"widget\" data-widget_type=\"text-editor.default\">\n\t\t\t\t<div class=\"elementor-widget-container\">\n\t\t\t\t\t\t\t<h3>Nachhaltiger Tourismus: einige Beispiele<\/h3>\n\t\t\t\t\t\t<\/div>\n\t\t\t\t<\/div>\n\t\t\t\t\t<\/div>\n\t\t\t\t<\/div>\n\t\t<div class=\"elementor-element elementor-element-11ab803 e-flex e-con-boxed e-con e-parent\" data-id=\"11ab803\" data-element_type=\"container\" data-settings=\"{&quot;jet_parallax_layout_list&quot;:[]}\">\n\t\t\t\t\t<div class=\"e-con-inner\">\n\t\t<div class=\"elementor-element elementor-element-2ae851a e-con-full e-flex e-con e-child\" data-id=\"2ae851a\" data-element_type=\"container\" data-settings=\"{&quot;jet_parallax_layout_list&quot;:[]}\">\n\t\t\t\t<div class=\"elementor-element elementor-element-b52796e elementor-widget elementor-widget-text-editor\" data-id=\"b52796e\" data-element_type=\"widget\" data-widget_type=\"text-editor.default\">\n\t\t\t\t<div class=\"elementor-widget-container\">\n\t\t\t\t\t\t\t<p><strong>Erneuerbare Energien:<\/strong>\u00a02010 haben wir eine\u00a0<a href=\"https:\/\/www.ancoradelchianti.it\/blog\/chianti-events\/solar\" target=\"_blank\" rel=\"noopener\">Photovoltaik-Anlage<\/a> in Betrieb genommen, mit der Energie nur durch Sonnenstrahlen erzeugt wird &#8211; ohne CO2-Emissionen in die Atmosph\u00e4re. Schon vor einiger Zeit haben wir unsere alten Gl\u00fchbirnen durch Energiesparlampen ausgetauscht und wenn wir neue Elektroger\u00e4te anschaffen, w\u00e4hlen wir solche, die m\u00f6glichst wenig Energie und andere Ressourcen verbrauchen.<\/p>\n<p><strong>Biomasse:<\/strong>\u00a0Unsere Familie lebt das ganze Jahr \u00fcber im Ancora del Chianti und kann im Winter nicht auf Heizung verzichten. Im Lauf der Jahre haben wir zun\u00e4chst die alte \u00d6lheizung auf einen Gasheizung umgestellt, um 2008 dann endg\u00fcltig auf Biomasse umzusteigen: mit einem Heizkessel, der nur mit Holz aus dem eigenen Wald und Altholz daf\u00fcr sorgt, da\u00df uns angenehm warm ist. Freilich bedeutet dies Mehrarbeit f\u00fcr alle Beteiligten: Filippo \u00fcbernimmt das Sammeln, Schneiden und den Transport des Holzes bis zum Heizkessel; im Winter f\u00fcllt und entz\u00fcndet Laura jeden Tag den Kessel und sorgt daf\u00fcr, dass das Feuer nie ausgeht. Die Kinder helfen nach Kr\u00e4ften und tun es gern. Die im Kessel anfallende Asche kommt als D\u00fcnger auf die Felder oder wird dem Kompost beigemischt und das sorgt f\u00fcr sch\u00f6ne Blumen und Gem\u00fcse.<\/p>\n<p><strong>Seife, Wasch-und Putzmittel<\/strong>: unsere Toilettenartikel, die G\u00e4ste im Bad vorfinden und alle verwendeten Putz-und Waschmittel haben vegetalen Ursprung und werden i der Toskana produziert, um die Umweltauswirkungen zu reduzieren. Vor allem die Toilettenartikel (Seife, Shampoo und Duschgel) sind nach einer Formel hergestellt, die auf nativem toskanische Oliven\u00f6l basiert und die einen angenehmen Duft ausstr\u00f6mt.<\/p>\n<p><strong>Pflanzenkl\u00e4rung<\/strong>: die Kl\u00e4rung der Abw\u00e4sser wird der Natur anvertraut. Hier gelangen moderne Verfahren der Pflanzenkl\u00e4rung zur Anwendung: die von den anderen Stoffen getrennten Abw\u00e4sser werden ohne Verwendung mechanischer\/elektrischer Vorrichtungen von den Wurzeln bestimmter Wasserpflanzen gekl\u00e4rt. Am Ende dieses Prozesses wird das Wasser wieder zum Gie\u00dfen des Blumen- und Gem\u00fcsegartens verwendet.<\/p>\n\t\t\t\t\t\t<\/div>\n\t\t\t\t<\/div>\n\t\t\t\t<\/div>\n\t\t<div class=\"elementor-element elementor-element-ebecfe8 e-con-full e-flex e-con e-child\" data-id=\"ebecfe8\" data-element_type=\"container\" data-settings=\"{&quot;jet_parallax_layout_list&quot;:[]}\">\n\t\t\t\t<div class=\"elementor-element elementor-element-17befc3 dce_masking-none elementor-widget elementor-widget-image\" data-id=\"17befc3\" data-element_type=\"widget\" data-widget_type=\"image.default\">\n\t\t\t\t<div class=\"elementor-widget-container\">\n\t\t\t\t\t\t\t\t\t\t\t\t\t<img decoding=\"async\" width=\"200\" height=\"260\" src=\"https:\/\/www.ancoradelchianti.it\/wp-content\/uploads\/pages\/sustainable-tourism\/biomasse.jpg\" class=\"attachment-large size-large wp-image-6689\" alt=\"\" \/>\t\t\t\t\t\t\t\t\t\t\t\t\t<\/div>\n\t\t\t\t<\/div>\n\t\t\t\t<\/div>\n\t\t\t\t\t<\/div>\n\t\t\t\t<\/div>\n\t\t<div class=\"elementor-element elementor-element-19c9ab8 e-flex e-con-boxed e-con e-parent\" data-id=\"19c9ab8\" data-element_type=\"container\" data-settings=\"{&quot;jet_parallax_layout_list&quot;:[]}\">\n\t\t\t\t\t<div class=\"e-con-inner\">\n\t\t<div class=\"elementor-element elementor-element-e2f304b e-con-full e-flex e-con e-child\" data-id=\"e2f304b\" data-element_type=\"container\" data-settings=\"{&quot;jet_parallax_layout_list&quot;:[]}\">\n\t\t\t\t<div class=\"elementor-element elementor-element-b70e950 dce_masking-none elementor-widget elementor-widget-image\" data-id=\"b70e950\" data-element_type=\"widget\" data-widget_type=\"image.default\">\n\t\t\t\t<div class=\"elementor-widget-container\">\n\t\t\t\t\t\t\t\t\t\t\t\t\t<img decoding=\"async\" width=\"200\" height=\"260\" src=\"https:\/\/www.ancoradelchianti.it\/wp-content\/uploads\/pages\/sustainable-tourism\/sviluppo_locale.jpg\" class=\"attachment-large size-large wp-image-6696\" alt=\"\" \/>\t\t\t\t\t\t\t\t\t\t\t\t\t<\/div>\n\t\t\t\t<\/div>\n\t\t\t\t<\/div>\n\t\t<div class=\"elementor-element elementor-element-930a14d e-con-full e-flex e-con e-child\" data-id=\"930a14d\" data-element_type=\"container\" data-settings=\"{&quot;jet_parallax_layout_list&quot;:[]}\">\n\t\t\t\t<div class=\"elementor-element elementor-element-fd86835 elementor-widget elementor-widget-text-editor\" data-id=\"fd86835\" data-element_type=\"widget\" data-widget_type=\"text-editor.default\">\n\t\t\t\t<div class=\"elementor-widget-container\">\n\t\t\t\t\t\t\t<p><strong>Null-Abfall-Strategie (Zero Waste Strategy): <\/strong>In June 2011 we joined the\u00a0<a href=\"http:\/\/www.wasteless-in-chianti.it\/\" target=\"_blank\" rel=\"noopener\"><strong>Wasteless in Chianti<\/strong><\/a>\u00a0Im Juni 2011 traten wir mit &#8222;Wasteless in Chianti&#8220; (http:\/\/www.wasteless-in-chianti.it\/) einem LIFE-Projekt der Europ\u00e4ischen Union zur Verbreitung von &#8222;Good Practices&#8220; der Nachhaltigkeit im Umgang mit der Umwelt durch Senkung des Abfallaufkommens in Produktionsprozessen bei. In den B\u00e4dern verwenden wir z. B. Seifen-\/Duschgel-Spender anstelle von Einmalprodukten. Beim Fr\u00fchst\u00fcck haben wir \u00fcberall dort, wo es m\u00f6glich war, die Einzelportionen durch hygienisch einwandfreie Vorrichtungen ersetzt, die ebenfalls Einzelportionen abgeben &#8211; aber eben ohne Anfallen von M\u00fcll. Au\u00dferdem bitten wir unsere G\u00e4ste, beim M\u00fclltrennen mitzuhelfen und haben hierzu Sammelbeh\u00e4lter aufgestellt, an denen sie den Abfall leicht selbst trennen und ihn den hierf\u00fcr bestimmten Beh\u00e4ltern zuf\u00fchren k\u00f6nnen: Glas, Plastik, Dosen, Biom\u00fcll und Papier. Den Weitertransport zur n\u00e4chstgr\u00f6\u00dferen Sammelstelle \u00fcbernehmen wir.<\/p>\n<p><strong>Biologischer Anbau und Schutz der nat\u00fcrlichen Fauna und Biodiversit\u00e4t<\/strong>: In dem Bestreben, die Welt des biologischen und biodynamischen Anbaus auszubauen sind Filippo und Laura bereit jeden Vorschlag und Erfahrungsaustausch willkommen zu hei\u00dfen. Die Weinberge, Olivenb\u00e4ume, den Blumen- und Gem\u00fcsegarten bewirtschaften wir ohne Einsatz von Pestiziden, Unkrautvernichtungsmitteln und chemischem D\u00fcnger. Wir bevorzugen bei Anbau, D\u00fcngen und Ernte traditionelle Methoden, um noch heute den reichen Geschmack der Produkte, angebaut wie in fr\u00fcheren Zeiten, genie\u00dfen zu k\u00f6nnen. In einer sch\u00f6nen und gesunden Umwelt: f\u00fcr uns, unsere G\u00e4ste und die Tiere, mit denen wir leben. Die alleinige Verwendung von Naturprodukten schont zudem das Leben zahlreicher Arten, die sehr sensibel auf Umwelt\u00e4nderungen reagieren. Dies sind z. B. Schmetterlinge, Libellen, Gro\u00dfe Rosenk\u00e4fer, Taubenschw\u00e4nzchen, Marienk\u00e4fer, Grash\u00fcpfer, Gottesanbeterinnen, Zikaden, Grillen &#8230; und nat\u00fcrlich auch die mittlerweile fast ausgestorbenen Gl\u00fchw\u00fcrmchen, die zusammen mit den Sternen die Sommern\u00e4chte erhellen. Von reichhaltig vorhandener Nahrung und g\u00fcnstigen Rahmenbedingungen profitiert freilich auch die Vogelwelt. Und so hat unsere vogelkundige Besucherin Gunilla aus Schweden im Mai rund um unser Haus nicht weniger als 44 Vogelarten gesichtet oder beobachtet!<\/p>\n<p><strong>F\u00f6rderung von Nachhaltigkeit und lokaler Entwicklung: <\/strong>\u00a0im Ancora del Chianti finden Sie n\u00fctzliche Informationen zu folgenden Themen: lokale landwirtschaftliche Biobetriebe, die Wein, \u00d6l, K\u00e4se, Honig, etc. herstellen; typische Handwerksbetriebe und K\u00fcnstlerateliers; Events die der Verbreitung und F\u00f6rderung l\u00e4ndlicher Werte und Nachhaltigkeit dienen.<\/p>\n\t\t\t\t\t\t<\/div>\n\t\t\t\t<\/div>\n\t\t\t\t<\/div>\n\t\t\t\t\t<\/div>\n\t\t\t\t<\/div>\n\t\t<div class=\"elementor-element elementor-element-4fdb349 e-flex e-con-boxed e-con e-parent\" data-id=\"4fdb349\" data-element_type=\"container\" data-settings=\"{&quot;jet_parallax_layout_list&quot;:[]}\">\n\t\t\t\t\t<div class=\"e-con-inner\">\n\t\t\t\t<div class=\"elementor-element elementor-element-cc5cf24 elementor-widget elementor-widget-global elementor-global-8639 elementor-global-6616 elementor-widget-text-editor\" data-id=\"cc5cf24\" data-element_type=\"widget\" data-widget_type=\"text-editor.default\">\n\t\t\t\t<div class=\"elementor-widget-container\">\n\t\t\t\t\t\t\t<p style=\"text-align: center;\"><a href=\"https:\/\/ancoradelchianti.beddy.io\/#\/(beddy:home)?lang=de\" target=\"_blank\" rel=\"noopener\"><strong>JETZT BUCHEN<\/strong><\/a>\u00a0oder eine E-Mail senden an\u00a0<a href=\"mailto:info@ancoradelchianti.it\" target=\"_blank\" rel=\"noopener\">info@ancoradelchianti.it<\/a><\/p>\n\t\t\t\t\t\t<\/div>\n\t\t\t\t<\/div>\n\t\t\t\t\t<\/div>\n\t\t\t\t<\/div>\n\t\t\t\t<\/div>\n\t\t","protected":false},"excerpt":{"rendered":"<p>Das Abenteuer begann im Jahr 2000 als wir entschieden zur Natur zur\u00fcck zu kehren und unseren Lebensstil radikal zu \u00e4ndern.<\/p>\n","protected":false},"author":1,"featured_media":7124,"parent":8637,"menu_order":28,"comment_status":"closed","ping_status":"closed","template":"","meta":{"_acf_changed":false,"footnotes":""},"categories":[],"tags":[],"class_list":["post-8675","page","type-page","status-publish","has-post-thumbnail","hentry"],"acf":[],"yoast_head":"<!-- This site is optimized with the Yoast SEO plugin v24.0 - https:\/\/yoast.com\/wordpress\/plugins\/seo\/ -->\n<title>Bed and Breakfast in Chianti Toskana - Ferienhaus - Gasthaus - Ancora del Chianti<\/title>\n<meta name=\"description\" content=\"Das Abenteuer begann im Jahr 2000 als wir entschieden zur Natur zur\u00fcck zu kehren und unseren Lebensstil radikal zu \u00e4ndern.\" \/>\n<meta name=\"robots\" content=\"index, follow, max-snippet:-1, max-image-preview:large, max-video-preview:-1\" \/>\n<link rel=\"canonical\" href=\"https:\/\/www.ancoradelchianti.it\/de\/willkommen_bb_chianti\/nachaltiger_tourismus\/\" \/>\n<meta property=\"og:locale\" content=\"de_DE\" \/>\n<meta property=\"og:type\" content=\"article\" \/>\n<meta property=\"og:title\" content=\"Bed and Breakfast in Chianti Toskana - Ferienhaus - Gasthaus - Ancora del Chianti\" \/>\n<meta property=\"og:description\" content=\"Das Abenteuer begann im Jahr 2000 als wir entschieden zur Natur zur\u00fcck zu kehren und unseren Lebensstil radikal zu \u00e4ndern.\" \/>\n<meta property=\"og:url\" content=\"https:\/\/www.ancoradelchianti.it\/de\/willkommen_bb_chianti\/nachaltiger_tourismus\/\" \/>\n<meta property=\"og:site_name\" content=\"Ancora del Chianti B&amp;B\" \/>\n<meta property=\"article:modified_time\" content=\"2025-04-30T13:09:18+00:00\" \/>\n<meta property=\"og:image\" content=\"https:\/\/www.ancoradelchianti.it\/wp-content\/uploads\/pages\/sustainable-tourism\/murosolarium.jpg\" \/>\n\t<meta property=\"og:image:width\" content=\"1920\" \/>\n\t<meta property=\"og:image:height\" content=\"672\" \/>\n\t<meta property=\"og:image:type\" content=\"image\/jpeg\" \/>\n<meta name=\"twitter:card\" content=\"summary_large_image\" \/>\n<meta name=\"twitter:label1\" content=\"Gesch\u00e4tzte Lesezeit\" \/>\n\t<meta name=\"twitter:data1\" content=\"4\u00a0Minuten\" \/>\n<script type=\"application\/ld+json\" class=\"yoast-schema-graph\">{\"@context\":\"https:\/\/schema.org\",\"@graph\":[{\"@type\":\"WebPage\",\"@id\":\"https:\/\/www.ancoradelchianti.it\/de\/willkommen_bb_chianti\/nachaltiger_tourismus\/\",\"url\":\"https:\/\/www.ancoradelchianti.it\/de\/willkommen_bb_chianti\/nachaltiger_tourismus\/\",\"name\":\"Bed and Breakfast in Chianti Toskana - Ferienhaus - Gasthaus - Ancora del Chianti\",\"isPartOf\":{\"@id\":\"https:\/\/www.ancoradelchianti.it\/de\/#website\"},\"primaryImageOfPage\":{\"@id\":\"https:\/\/www.ancoradelchianti.it\/de\/willkommen_bb_chianti\/nachaltiger_tourismus\/#primaryimage\"},\"image\":{\"@id\":\"https:\/\/www.ancoradelchianti.it\/de\/willkommen_bb_chianti\/nachaltiger_tourismus\/#primaryimage\"},\"thumbnailUrl\":\"https:\/\/www.ancoradelchianti.it\/wp-content\/uploads\/pages\/sustainable-tourism\/murosolarium.jpg\",\"datePublished\":\"2024-03-02T17:37:44+00:00\",\"dateModified\":\"2025-04-30T13:09:18+00:00\",\"description\":\"Das Abenteuer begann im Jahr 2000 als wir entschieden zur Natur zur\u00fcck zu kehren und unseren Lebensstil radikal zu \u00e4ndern.\",\"breadcrumb\":{\"@id\":\"https:\/\/www.ancoradelchianti.it\/de\/willkommen_bb_chianti\/nachaltiger_tourismus\/#breadcrumb\"},\"inLanguage\":\"de\",\"potentialAction\":[{\"@type\":\"ReadAction\",\"target\":[\"https:\/\/www.ancoradelchianti.it\/de\/willkommen_bb_chianti\/nachaltiger_tourismus\/\"]}]},{\"@type\":\"ImageObject\",\"inLanguage\":\"de\",\"@id\":\"https:\/\/www.ancoradelchianti.it\/de\/willkommen_bb_chianti\/nachaltiger_tourismus\/#primaryimage\",\"url\":\"https:\/\/www.ancoradelchianti.it\/wp-content\/uploads\/pages\/sustainable-tourism\/murosolarium.jpg\",\"contentUrl\":\"https:\/\/www.ancoradelchianti.it\/wp-content\/uploads\/pages\/sustainable-tourism\/murosolarium.jpg\",\"width\":1920,\"height\":672},{\"@type\":\"BreadcrumbList\",\"@id\":\"https:\/\/www.ancoradelchianti.it\/de\/willkommen_bb_chianti\/nachaltiger_tourismus\/#breadcrumb\",\"itemListElement\":[{\"@type\":\"ListItem\",\"position\":1,\"name\":\"Home\",\"item\":\"https:\/\/www.ancoradelchianti.it\/de\/\"},{\"@type\":\"ListItem\",\"position\":2,\"name\":\"Uber Uns\",\"item\":\"https:\/\/www.ancoradelchianti.it\/de\/willkommen_bb_chianti\/\"},{\"@type\":\"ListItem\",\"position\":3,\"name\":\"Nachhaltiger Tourismus\"}]},{\"@type\":\"WebSite\",\"@id\":\"https:\/\/www.ancoradelchianti.it\/de\/#website\",\"url\":\"https:\/\/www.ancoradelchianti.it\/de\/\",\"name\":\"Ancora del Chianti B&amp;B\",\"description\":\"\",\"publisher\":{\"@id\":\"https:\/\/www.ancoradelchianti.it\/de\/#organization\"},\"potentialAction\":[{\"@type\":\"SearchAction\",\"target\":{\"@type\":\"EntryPoint\",\"urlTemplate\":\"https:\/\/www.ancoradelchianti.it\/de\/?s={search_term_string}\"},\"query-input\":{\"@type\":\"PropertyValueSpecification\",\"valueRequired\":true,\"valueName\":\"search_term_string\"}}],\"inLanguage\":\"de\"},{\"@type\":\"Organization\",\"@id\":\"https:\/\/www.ancoradelchianti.it\/de\/#organization\",\"name\":\"Ancora del Chianti B&amp;B\",\"url\":\"https:\/\/www.ancoradelchianti.it\/de\/\",\"logo\":{\"@type\":\"ImageObject\",\"inLanguage\":\"de\",\"@id\":\"https:\/\/www.ancoradelchianti.it\/de\/#\/schema\/logo\/image\/\",\"url\":\"https:\/\/www.ancoradelchianti.it\/wp-content\/uploads\/logo\/logo.png\",\"contentUrl\":\"https:\/\/www.ancoradelchianti.it\/wp-content\/uploads\/logo\/logo.png\",\"width\":129,\"height\":133,\"caption\":\"Ancora del Chianti B&amp;B\"},\"image\":{\"@id\":\"https:\/\/www.ancoradelchianti.it\/de\/#\/schema\/logo\/image\/\"}}]}<\/script>\n<!-- \/ Yoast SEO plugin. -->","yoast_head_json":{"title":"Bed and Breakfast in Chianti Toskana - Ferienhaus - Gasthaus - Ancora del Chianti","description":"Das Abenteuer begann im Jahr 2000 als wir entschieden zur Natur zur\u00fcck zu kehren und unseren Lebensstil radikal zu \u00e4ndern.","robots":{"index":"index","follow":"follow","max-snippet":"max-snippet:-1","max-image-preview":"max-image-preview:large","max-video-preview":"max-video-preview:-1"},"canonical":"https:\/\/www.ancoradelchianti.it\/de\/willkommen_bb_chianti\/nachaltiger_tourismus\/","og_locale":"de_DE","og_type":"article","og_title":"Bed and Breakfast in Chianti Toskana - Ferienhaus - Gasthaus - Ancora del Chianti","og_description":"Das Abenteuer begann im Jahr 2000 als wir entschieden zur Natur zur\u00fcck zu kehren und unseren Lebensstil radikal zu \u00e4ndern.","og_url":"https:\/\/www.ancoradelchianti.it\/de\/willkommen_bb_chianti\/nachaltiger_tourismus\/","og_site_name":"Ancora del Chianti B&amp;B","article_modified_time":"2025-04-30T13:09:18+00:00","og_image":[{"width":1920,"height":672,"url":"https:\/\/www.ancoradelchianti.it\/wp-content\/uploads\/pages\/sustainable-tourism\/murosolarium.jpg","type":"image\/jpeg"}],"twitter_card":"summary_large_image","twitter_misc":{"Gesch\u00e4tzte Lesezeit":"4\u00a0Minuten"},"schema":{"@context":"https:\/\/schema.org","@graph":[{"@type":"WebPage","@id":"https:\/\/www.ancoradelchianti.it\/de\/willkommen_bb_chianti\/nachaltiger_tourismus\/","url":"https:\/\/www.ancoradelchianti.it\/de\/willkommen_bb_chianti\/nachaltiger_tourismus\/","name":"Bed and Breakfast in Chianti Toskana - Ferienhaus - Gasthaus - Ancora del Chianti","isPartOf":{"@id":"https:\/\/www.ancoradelchianti.it\/de\/#website"},"primaryImageOfPage":{"@id":"https:\/\/www.ancoradelchianti.it\/de\/willkommen_bb_chianti\/nachaltiger_tourismus\/#primaryimage"},"image":{"@id":"https:\/\/www.ancoradelchianti.it\/de\/willkommen_bb_chianti\/nachaltiger_tourismus\/#primaryimage"},"thumbnailUrl":"https:\/\/www.ancoradelchianti.it\/wp-content\/uploads\/pages\/sustainable-tourism\/murosolarium.jpg","datePublished":"2024-03-02T17:37:44+00:00","dateModified":"2025-04-30T13:09:18+00:00","description":"Das Abenteuer begann im Jahr 2000 als wir entschieden zur Natur zur\u00fcck zu kehren und unseren Lebensstil radikal zu \u00e4ndern.","breadcrumb":{"@id":"https:\/\/www.ancoradelchianti.it\/de\/willkommen_bb_chianti\/nachaltiger_tourismus\/#breadcrumb"},"inLanguage":"de","potentialAction":[{"@type":"ReadAction","target":["https:\/\/www.ancoradelchianti.it\/de\/willkommen_bb_chianti\/nachaltiger_tourismus\/"]}]},{"@type":"ImageObject","inLanguage":"de","@id":"https:\/\/www.ancoradelchianti.it\/de\/willkommen_bb_chianti\/nachaltiger_tourismus\/#primaryimage","url":"https:\/\/www.ancoradelchianti.it\/wp-content\/uploads\/pages\/sustainable-tourism\/murosolarium.jpg","contentUrl":"https:\/\/www.ancoradelchianti.it\/wp-content\/uploads\/pages\/sustainable-tourism\/murosolarium.jpg","width":1920,"height":672},{"@type":"BreadcrumbList","@id":"https:\/\/www.ancoradelchianti.it\/de\/willkommen_bb_chianti\/nachaltiger_tourismus\/#breadcrumb","itemListElement":[{"@type":"ListItem","position":1,"name":"Home","item":"https:\/\/www.ancoradelchianti.it\/de\/"},{"@type":"ListItem","position":2,"name":"Uber Uns","item":"https:\/\/www.ancoradelchianti.it\/de\/willkommen_bb_chianti\/"},{"@type":"ListItem","position":3,"name":"Nachhaltiger Tourismus"}]},{"@type":"WebSite","@id":"https:\/\/www.ancoradelchianti.it\/de\/#website","url":"https:\/\/www.ancoradelchianti.it\/de\/","name":"Ancora del Chianti B&amp;B","description":"","publisher":{"@id":"https:\/\/www.ancoradelchianti.it\/de\/#organization"},"potentialAction":[{"@type":"SearchAction","target":{"@type":"EntryPoint","urlTemplate":"https:\/\/www.ancoradelchianti.it\/de\/?s={search_term_string}"},"query-input":{"@type":"PropertyValueSpecification","valueRequired":true,"valueName":"search_term_string"}}],"inLanguage":"de"},{"@type":"Organization","@id":"https:\/\/www.ancoradelchianti.it\/de\/#organization","name":"Ancora del Chianti B&amp;B","url":"https:\/\/www.ancoradelchianti.it\/de\/","logo":{"@type":"ImageObject","inLanguage":"de","@id":"https:\/\/www.ancoradelchianti.it\/de\/#\/schema\/logo\/image\/","url":"https:\/\/www.ancoradelchianti.it\/wp-content\/uploads\/logo\/logo.png","contentUrl":"https:\/\/www.ancoradelchianti.it\/wp-content\/uploads\/logo\/logo.png","width":129,"height":133,"caption":"Ancora del Chianti B&amp;B"},"image":{"@id":"https:\/\/www.ancoradelchianti.it\/de\/#\/schema\/logo\/image\/"}}]}},"_links":{"self":[{"href":"https:\/\/www.ancoradelchianti.it\/de\/wp-json\/wp\/v2\/pages\/8675","targetHints":{"allow":["GET"]}}],"collection":[{"href":"https:\/\/www.ancoradelchianti.it\/de\/wp-json\/wp\/v2\/pages"}],"about":[{"href":"https:\/\/www.ancoradelchianti.it\/de\/wp-json\/wp\/v2\/types\/page"}],"author":[{"embeddable":true,"href":"https:\/\/www.ancoradelchianti.it\/de\/wp-json\/wp\/v2\/users\/1"}],"replies":[{"embeddable":true,"href":"https:\/\/www.ancoradelchianti.it\/de\/wp-json\/wp\/v2\/comments?post=8675"}],"version-history":[{"count":0,"href":"https:\/\/www.ancoradelchianti.it\/de\/wp-json\/wp\/v2\/pages\/8675\/revisions"}],"up":[{"embeddable":true,"href":"https:\/\/www.ancoradelchianti.it\/de\/wp-json\/wp\/v2\/pages\/8637"}],"wp:featuredmedia":[{"embeddable":true,"href":"https:\/\/www.ancoradelchianti.it\/de\/wp-json\/wp\/v2\/media\/7124"}],"wp:attachment":[{"href":"https:\/\/www.ancoradelchianti.it\/de\/wp-json\/wp\/v2\/media?parent=8675"}],"wp:term":[{"taxonomy":"category","embeddable":true,"href":"https:\/\/www.ancoradelchianti.it\/de\/wp-json\/wp\/v2\/categories?post=8675"},{"taxonomy":"post_tag","embeddable":true,"href":"https:\/\/www.ancoradelchianti.it\/de\/wp-json\/wp\/v2\/tags?post=8675"}],"curies":[{"name":"wp","href":"https:\/\/api.w.org\/{rel}","templated":true}]}}