{"id":8677,"date":"2024-03-03T12:29:50","date_gmt":"2024-03-03T12:29:50","guid":{"rendered":"https:\/\/dev.ancoradelchianti.it\/uber-uns\/gaestebuch\/"},"modified":"2024-04-05T07:01:37","modified_gmt":"2024-04-05T07:01:37","slug":"gaestebuch","status":"publish","type":"page","link":"https:\/\/www.ancoradelchianti.it\/de\/willkommen_bb_chianti\/gaestebuch\/","title":{"rendered":"G\u00e4stebuch"},"content":{"rendered":"\t\t<div data-elementor-type=\"wp-page\" data-elementor-id=\"8677\" class=\"elementor elementor-8677 elementor-6745\" data-elementor-post-type=\"page\">\n\t\t\t\t<div class=\"elementor-element elementor-element-a7dc799 e-con-full e-flex e-con e-parent\" data-id=\"a7dc799\" data-element_type=\"container\" data-settings=\"{&quot;jet_parallax_layout_list&quot;:[]}\">\n\t\t\t\t<div data-dce-advanced-background-image-url=\"https:\/\/www.ancoradelchianti.it\/wp-content\/uploads\/pages\/guestbook\/giardino.jpg\" class=\"elementor-element elementor-element-e600d39 elementor-invisible elementor-has-bg-overlay elementor-widget elementor-widget-global elementor-global-232 elementor-widget-heading\" data-id=\"e600d39\" data-element_type=\"widget\" data-settings=\"{&quot;_animation&quot;:&quot;fadeInDown&quot;}\" data-widget_type=\"heading.default\">\n\t\t\t\t<div class=\"elementor-widget-container\">\n\t\t\t<h1 class=\"elementor-heading-title elementor-size-default\">G\u00e4stebuch<\/h1>\t\t<\/div>\n\t\t\t\t<\/div>\n\t\t\t\t<\/div>\n\t\t<div class=\"elementor-element elementor-element-bb89626 e-flex e-con-boxed e-con e-parent\" data-id=\"bb89626\" data-element_type=\"container\" data-settings=\"{&quot;jet_parallax_layout_list&quot;:[]}\">\n\t\t\t\t\t<div class=\"e-con-inner\">\n\t\t\t\t<div class=\"elementor-element elementor-element-720298c elementor-widget elementor-widget-heading\" data-id=\"720298c\" data-element_type=\"widget\" data-widget_type=\"heading.default\">\n\t\t\t\t<div class=\"elementor-widget-container\">\n\t\t\t<h2 class=\"elementor-heading-title elementor-size-default\">G\u00e4stebuch<\/h2>\t\t<\/div>\n\t\t\t\t<\/div>\n\t\t\t\t\t<\/div>\n\t\t\t\t<\/div>\n\t\t<div class=\"elementor-element elementor-element-72cf7ce e-flex e-con-boxed e-con e-parent\" data-id=\"72cf7ce\" data-element_type=\"container\" data-settings=\"{&quot;jet_parallax_layout_list&quot;:[]}\">\n\t\t\t\t\t<div class=\"e-con-inner\">\n\t\t\t\t<div class=\"elementor-element elementor-element-6764e4a elementor-widget elementor-widget-text-editor\" data-id=\"6764e4a\" data-element_type=\"widget\" data-widget_type=\"text-editor.default\">\n\t\t\t\t<div class=\"elementor-widget-container\">\n\t\t\t\t\t\t\t<h2>Die Freude unser Haus mit G\u00e4sten zu teilen,<\/h2>\n<h2>Das Vergn\u00fcgen die Meinungen mit Ihnen zu teilen.<\/h2>\n<p align=\"center\">Schauen Sie sich die\u00a0<strong>Fotobeitr\u00e4ge<\/strong>\u00a0unserer G\u00e4ste hier an<strong> &#8222;Ancora del Chianti Foto Contest&#8220;<\/strong><br \/>\nauf Flickr <a href=\"https:\/\/www.flickr.com\/photos\/ancoradelchianti\/albums\/72157662990095570\" target=\"_blank\" rel=\"noopener\">Ancora del Chianti\u00a0Bed and Breakfast<\/a> und\u00a0<a href=\"https:\/\/www.flickr.com\/photos\/ancoradelchianti\/albums\/72157663510814766\" target=\"_blank\" rel=\"noopener\">Touren und Besichtigungen in der Toskana<\/a><\/p>\n<p align=\"center\"><strong><a title=\"\" href=\"http:\/\/www.huffingtonpost.com\/kait-sawyer\/theres-no-shame-in-a-late_b_4059797.html\" target=\"_blank\" rel=\"noopener\">The Huffington Post<\/a> \u00fcber Ancora del Chianti B&amp;B:\u00a0<\/strong><\/p>\n<p align=\"center\"><a href=\"http:\/\/www.huffingtonpost.com\/kait-sawyer\/theres-no-shame-in-a-late_b_4059797.html\" target=\"_blank\" rel=\"noopener\">http:\/\/www.huffingtonpost.com\/kait-sawyer\/theres-no-shame-in-a-late_b_4059797.html<\/a><\/p>\n<p align=\"center\"><strong>Unser Gast Sunes\u00a0<a title=\"\" href=\"http:\/\/sunebertel.blogspot.fi\/p\/ancora.html\" target=\"_blank\" rel=\"noopener\">Blog \u00fcber das Kunst Workshop<\/a>\u00a0im Ancora del Chianti:<br \/>\n<\/strong><a href=\"http:\/\/sunebertel.blogspot.fi\/p\/ancora.html\">http:\/\/sunebertel.blogspot.fi\/p\/ancora.html<\/a><\/p>\n<p align=\"center\"><strong>Wir freuen uns auf einen Besuch von Ihnen im Ancora del Chianti irgendwann bald!<\/strong><\/p>\n\t\t\t\t\t\t<\/div>\n\t\t\t\t<\/div>\n\t\t\t\t\t<\/div>\n\t\t\t\t<\/div>\n\t\t<div class=\"elementor-element elementor-element-b25a7d7 e-flex e-con-boxed e-con e-parent\" data-id=\"b25a7d7\" data-element_type=\"container\" data-settings=\"{&quot;jet_parallax_layout_list&quot;:[]}\">\n\t\t\t\t\t<div class=\"e-con-inner\">\n\t\t\t\t<div class=\"elementor-element elementor-element-8d7fdc2 elementor-widget elementor-widget-global elementor-global-8639 elementor-global-6616 elementor-widget-text-editor\" data-id=\"8d7fdc2\" data-element_type=\"widget\" data-widget_type=\"text-editor.default\">\n\t\t\t\t<div class=\"elementor-widget-container\">\n\t\t\t\t\t\t\t<p style=\"text-align: center;\"><a href=\"https:\/\/ancoradelchianti.beddy.io\/#\/(beddy:home)?lang=de\" target=\"_blank\" rel=\"noopener\"><strong>JETZT BUCHEN<\/strong><\/a>\u00a0oder eine E-Mail senden an\u00a0<a href=\"mailto:info@ancoradelchianti.it\" target=\"_blank\" rel=\"noopener\">info@ancoradelchianti.it<\/a><\/p>\n\t\t\t\t\t\t<\/div>\n\t\t\t\t<\/div>\n\t\t\t\t\t<\/div>\n\t\t\t\t<\/div>\n\t\t<div class=\"elementor-element elementor-element-4b6657b e-flex e-con-boxed e-con e-parent\" data-id=\"4b6657b\" data-element_type=\"container\" data-settings=\"{&quot;jet_parallax_layout_list&quot;:[]}\">\n\t\t\t\t\t<div class=\"e-con-inner\">\n\t\t\t\t<div class=\"elementor-element elementor-element-9e123a9 elementor-widget elementor-widget-html\" data-id=\"9e123a9\" data-element_type=\"widget\" data-widget_type=\"html.default\">\n\t\t\t\t<div class=\"elementor-widget-container\">\n\t\t\t<elfsight><\/elfsight>\t\t<\/div>\n\t\t\t\t<\/div>\n\t\t\t\t\t<\/div>\n\t\t\t\t<\/div>\n\t\t\t\t<\/div>\n\t\t","protected":false},"excerpt":{"rendered":"<p>G\u00e4stebuch Die Freude unser Haus mit G\u00e4sten zu teilen, Das Vergn\u00fcgen die Meinungen mit Ihnen zu teilen. Schauen Sie sich die\u00a0Fotobeitr\u00e4ge\u00a0unserer G\u00e4ste hier an &#8222;Ancora del Chianti Foto Contest&#8220; auf Flickr Ancora del Chianti\u00a0Bed and Breakfast und\u00a0Touren und Besichtigungen in der Toskana The Huffington Post \u00fcber Ancora del Chianti B&amp;B:\u00a0 http:\/\/www.huffingtonpost.com\/kait-sawyer\/theres-no-shame-in-a-late_b_4059797.html Unser Gast Sunes\u00a0Blog \u00fcber&#8230;<\/p>\n","protected":false},"author":1,"featured_media":6762,"parent":8637,"menu_order":38,"comment_status":"closed","ping_status":"closed","template":"","meta":{"_acf_changed":false,"footnotes":""},"categories":[],"tags":[],"class_list":["post-8677","page","type-page","status-publish","has-post-thumbnail","hentry"],"acf":[],"yoast_head":"<!-- This site is optimized with the Yoast SEO plugin v24.0 - https:\/\/yoast.com\/wordpress\/plugins\/seo\/ -->\n<title>Ancora del Chianti Bed and Breakfast nahe Florenz G\u00e4stebuch<\/title>\n<meta name=\"description\" content=\"Die Freude unser Haus mit G\u00e4sten zu teilen, das Vergn\u00fcgen die Meinungen mit Ihnen zu teilen.\" \/>\n<meta name=\"robots\" content=\"index, follow, max-snippet:-1, max-image-preview:large, max-video-preview:-1\" \/>\n<link rel=\"canonical\" href=\"https:\/\/www.ancoradelchianti.it\/de\/willkommen_bb_chianti\/gaestebuch\/\" \/>\n<meta property=\"og:locale\" content=\"de_DE\" \/>\n<meta property=\"og:type\" content=\"article\" \/>\n<meta property=\"og:title\" content=\"Ancora del Chianti Bed and Breakfast nahe Florenz G\u00e4stebuch\" \/>\n<meta property=\"og:description\" content=\"Die Freude unser Haus mit G\u00e4sten zu teilen, das Vergn\u00fcgen die Meinungen mit Ihnen zu teilen.\" \/>\n<meta property=\"og:url\" content=\"https:\/\/www.ancoradelchianti.it\/de\/willkommen_bb_chianti\/gaestebuch\/\" \/>\n<meta property=\"og:site_name\" content=\"Ancora del Chianti B&amp;B\" \/>\n<meta property=\"article:modified_time\" content=\"2024-04-05T07:01:37+00:00\" \/>\n<meta property=\"og:image\" content=\"https:\/\/www.ancoradelchianti.it\/wp-content\/uploads\/pages\/guestbook\/giardino.jpg\" \/>\n\t<meta property=\"og:image:width\" content=\"1920\" \/>\n\t<meta property=\"og:image:height\" content=\"672\" \/>\n\t<meta property=\"og:image:type\" content=\"image\/jpeg\" \/>\n<meta name=\"twitter:card\" content=\"summary_large_image\" \/>\n<meta name=\"twitter:label1\" content=\"Gesch\u00e4tzte Lesezeit\" \/>\n\t<meta name=\"twitter:data1\" content=\"1\u00a0Minute\" \/>\n<script type=\"application\/ld+json\" class=\"yoast-schema-graph\">{\"@context\":\"https:\/\/schema.org\",\"@graph\":[{\"@type\":\"WebPage\",\"@id\":\"https:\/\/www.ancoradelchianti.it\/de\/willkommen_bb_chianti\/gaestebuch\/\",\"url\":\"https:\/\/www.ancoradelchianti.it\/de\/willkommen_bb_chianti\/gaestebuch\/\",\"name\":\"Ancora del Chianti Bed and Breakfast nahe Florenz G\u00e4stebuch\",\"isPartOf\":{\"@id\":\"https:\/\/www.ancoradelchianti.it\/de\/#website\"},\"primaryImageOfPage\":{\"@id\":\"https:\/\/www.ancoradelchianti.it\/de\/willkommen_bb_chianti\/gaestebuch\/#primaryimage\"},\"image\":{\"@id\":\"https:\/\/www.ancoradelchianti.it\/de\/willkommen_bb_chianti\/gaestebuch\/#primaryimage\"},\"thumbnailUrl\":\"https:\/\/www.ancoradelchianti.it\/wp-content\/uploads\/pages\/guestbook\/giardino.jpg\",\"datePublished\":\"2024-03-03T12:29:50+00:00\",\"dateModified\":\"2024-04-05T07:01:37+00:00\",\"description\":\"Die Freude unser Haus mit G\u00e4sten zu teilen, das Vergn\u00fcgen die Meinungen mit Ihnen zu teilen.\",\"breadcrumb\":{\"@id\":\"https:\/\/www.ancoradelchianti.it\/de\/willkommen_bb_chianti\/gaestebuch\/#breadcrumb\"},\"inLanguage\":\"de\",\"potentialAction\":[{\"@type\":\"ReadAction\",\"target\":[\"https:\/\/www.ancoradelchianti.it\/de\/willkommen_bb_chianti\/gaestebuch\/\"]}]},{\"@type\":\"ImageObject\",\"inLanguage\":\"de\",\"@id\":\"https:\/\/www.ancoradelchianti.it\/de\/willkommen_bb_chianti\/gaestebuch\/#primaryimage\",\"url\":\"https:\/\/www.ancoradelchianti.it\/wp-content\/uploads\/pages\/guestbook\/giardino.jpg\",\"contentUrl\":\"https:\/\/www.ancoradelchianti.it\/wp-content\/uploads\/pages\/guestbook\/giardino.jpg\",\"width\":1920,\"height\":672,\"caption\":\"Ancora del Chianti B&B Guestbook\"},{\"@type\":\"BreadcrumbList\",\"@id\":\"https:\/\/www.ancoradelchianti.it\/de\/willkommen_bb_chianti\/gaestebuch\/#breadcrumb\",\"itemListElement\":[{\"@type\":\"ListItem\",\"position\":1,\"name\":\"Home\",\"item\":\"https:\/\/www.ancoradelchianti.it\/de\/\"},{\"@type\":\"ListItem\",\"position\":2,\"name\":\"Uber Uns\",\"item\":\"https:\/\/www.ancoradelchianti.it\/de\/willkommen_bb_chianti\/\"},{\"@type\":\"ListItem\",\"position\":3,\"name\":\"G\u00e4stebuch\"}]},{\"@type\":\"WebSite\",\"@id\":\"https:\/\/www.ancoradelchianti.it\/de\/#website\",\"url\":\"https:\/\/www.ancoradelchianti.it\/de\/\",\"name\":\"Ancora del Chianti B&amp;B\",\"description\":\"\",\"publisher\":{\"@id\":\"https:\/\/www.ancoradelchianti.it\/de\/#organization\"},\"potentialAction\":[{\"@type\":\"SearchAction\",\"target\":{\"@type\":\"EntryPoint\",\"urlTemplate\":\"https:\/\/www.ancoradelchianti.it\/de\/?s={search_term_string}\"},\"query-input\":{\"@type\":\"PropertyValueSpecification\",\"valueRequired\":true,\"valueName\":\"search_term_string\"}}],\"inLanguage\":\"de\"},{\"@type\":\"Organization\",\"@id\":\"https:\/\/www.ancoradelchianti.it\/de\/#organization\",\"name\":\"Ancora del Chianti B&amp;B\",\"url\":\"https:\/\/www.ancoradelchianti.it\/de\/\",\"logo\":{\"@type\":\"ImageObject\",\"inLanguage\":\"de\",\"@id\":\"https:\/\/www.ancoradelchianti.it\/de\/#\/schema\/logo\/image\/\",\"url\":\"https:\/\/www.ancoradelchianti.it\/wp-content\/uploads\/logo\/logo.png\",\"contentUrl\":\"https:\/\/www.ancoradelchianti.it\/wp-content\/uploads\/logo\/logo.png\",\"width\":129,\"height\":133,\"caption\":\"Ancora del Chianti B&amp;B\"},\"image\":{\"@id\":\"https:\/\/www.ancoradelchianti.it\/de\/#\/schema\/logo\/image\/\"}}]}<\/script>\n<!-- \/ Yoast SEO plugin. -->","yoast_head_json":{"title":"Ancora del Chianti Bed and Breakfast nahe Florenz G\u00e4stebuch","description":"Die Freude unser Haus mit G\u00e4sten zu teilen, das Vergn\u00fcgen die Meinungen mit Ihnen zu teilen.","robots":{"index":"index","follow":"follow","max-snippet":"max-snippet:-1","max-image-preview":"max-image-preview:large","max-video-preview":"max-video-preview:-1"},"canonical":"https:\/\/www.ancoradelchianti.it\/de\/willkommen_bb_chianti\/gaestebuch\/","og_locale":"de_DE","og_type":"article","og_title":"Ancora del Chianti Bed and Breakfast nahe Florenz G\u00e4stebuch","og_description":"Die Freude unser Haus mit G\u00e4sten zu teilen, das Vergn\u00fcgen die Meinungen mit Ihnen zu teilen.","og_url":"https:\/\/www.ancoradelchianti.it\/de\/willkommen_bb_chianti\/gaestebuch\/","og_site_name":"Ancora del Chianti B&amp;B","article_modified_time":"2024-04-05T07:01:37+00:00","og_image":[{"width":1920,"height":672,"url":"https:\/\/www.ancoradelchianti.it\/wp-content\/uploads\/pages\/guestbook\/giardino.jpg","type":"image\/jpeg"}],"twitter_card":"summary_large_image","twitter_misc":{"Gesch\u00e4tzte Lesezeit":"1\u00a0Minute"},"schema":{"@context":"https:\/\/schema.org","@graph":[{"@type":"WebPage","@id":"https:\/\/www.ancoradelchianti.it\/de\/willkommen_bb_chianti\/gaestebuch\/","url":"https:\/\/www.ancoradelchianti.it\/de\/willkommen_bb_chianti\/gaestebuch\/","name":"Ancora del Chianti Bed and Breakfast nahe Florenz G\u00e4stebuch","isPartOf":{"@id":"https:\/\/www.ancoradelchianti.it\/de\/#website"},"primaryImageOfPage":{"@id":"https:\/\/www.ancoradelchianti.it\/de\/willkommen_bb_chianti\/gaestebuch\/#primaryimage"},"image":{"@id":"https:\/\/www.ancoradelchianti.it\/de\/willkommen_bb_chianti\/gaestebuch\/#primaryimage"},"thumbnailUrl":"https:\/\/www.ancoradelchianti.it\/wp-content\/uploads\/pages\/guestbook\/giardino.jpg","datePublished":"2024-03-03T12:29:50+00:00","dateModified":"2024-04-05T07:01:37+00:00","description":"Die Freude unser Haus mit G\u00e4sten zu teilen, das Vergn\u00fcgen die Meinungen mit Ihnen zu teilen.","breadcrumb":{"@id":"https:\/\/www.ancoradelchianti.it\/de\/willkommen_bb_chianti\/gaestebuch\/#breadcrumb"},"inLanguage":"de","potentialAction":[{"@type":"ReadAction","target":["https:\/\/www.ancoradelchianti.it\/de\/willkommen_bb_chianti\/gaestebuch\/"]}]},{"@type":"ImageObject","inLanguage":"de","@id":"https:\/\/www.ancoradelchianti.it\/de\/willkommen_bb_chianti\/gaestebuch\/#primaryimage","url":"https:\/\/www.ancoradelchianti.it\/wp-content\/uploads\/pages\/guestbook\/giardino.jpg","contentUrl":"https:\/\/www.ancoradelchianti.it\/wp-content\/uploads\/pages\/guestbook\/giardino.jpg","width":1920,"height":672,"caption":"Ancora del Chianti B&B Guestbook"},{"@type":"BreadcrumbList","@id":"https:\/\/www.ancoradelchianti.it\/de\/willkommen_bb_chianti\/gaestebuch\/#breadcrumb","itemListElement":[{"@type":"ListItem","position":1,"name":"Home","item":"https:\/\/www.ancoradelchianti.it\/de\/"},{"@type":"ListItem","position":2,"name":"Uber Uns","item":"https:\/\/www.ancoradelchianti.it\/de\/willkommen_bb_chianti\/"},{"@type":"ListItem","position":3,"name":"G\u00e4stebuch"}]},{"@type":"WebSite","@id":"https:\/\/www.ancoradelchianti.it\/de\/#website","url":"https:\/\/www.ancoradelchianti.it\/de\/","name":"Ancora del Chianti B&amp;B","description":"","publisher":{"@id":"https:\/\/www.ancoradelchianti.it\/de\/#organization"},"potentialAction":[{"@type":"SearchAction","target":{"@type":"EntryPoint","urlTemplate":"https:\/\/www.ancoradelchianti.it\/de\/?s={search_term_string}"},"query-input":{"@type":"PropertyValueSpecification","valueRequired":true,"valueName":"search_term_string"}}],"inLanguage":"de"},{"@type":"Organization","@id":"https:\/\/www.ancoradelchianti.it\/de\/#organization","name":"Ancora del Chianti B&amp;B","url":"https:\/\/www.ancoradelchianti.it\/de\/","logo":{"@type":"ImageObject","inLanguage":"de","@id":"https:\/\/www.ancoradelchianti.it\/de\/#\/schema\/logo\/image\/","url":"https:\/\/www.ancoradelchianti.it\/wp-content\/uploads\/logo\/logo.png","contentUrl":"https:\/\/www.ancoradelchianti.it\/wp-content\/uploads\/logo\/logo.png","width":129,"height":133,"caption":"Ancora del Chianti B&amp;B"},"image":{"@id":"https:\/\/www.ancoradelchianti.it\/de\/#\/schema\/logo\/image\/"}}]}},"_links":{"self":[{"href":"https:\/\/www.ancoradelchianti.it\/de\/wp-json\/wp\/v2\/pages\/8677","targetHints":{"allow":["GET"]}}],"collection":[{"href":"https:\/\/www.ancoradelchianti.it\/de\/wp-json\/wp\/v2\/pages"}],"about":[{"href":"https:\/\/www.ancoradelchianti.it\/de\/wp-json\/wp\/v2\/types\/page"}],"author":[{"embeddable":true,"href":"https:\/\/www.ancoradelchianti.it\/de\/wp-json\/wp\/v2\/users\/1"}],"replies":[{"embeddable":true,"href":"https:\/\/www.ancoradelchianti.it\/de\/wp-json\/wp\/v2\/comments?post=8677"}],"version-history":[{"count":0,"href":"https:\/\/www.ancoradelchianti.it\/de\/wp-json\/wp\/v2\/pages\/8677\/revisions"}],"up":[{"embeddable":true,"href":"https:\/\/www.ancoradelchianti.it\/de\/wp-json\/wp\/v2\/pages\/8637"}],"wp:featuredmedia":[{"embeddable":true,"href":"https:\/\/www.ancoradelchianti.it\/de\/wp-json\/wp\/v2\/media\/6762"}],"wp:attachment":[{"href":"https:\/\/www.ancoradelchianti.it\/de\/wp-json\/wp\/v2\/media?parent=8677"}],"wp:term":[{"taxonomy":"category","embeddable":true,"href":"https:\/\/www.ancoradelchianti.it\/de\/wp-json\/wp\/v2\/categories?post=8677"},{"taxonomy":"post_tag","embeddable":true,"href":"https:\/\/www.ancoradelchianti.it\/de\/wp-json\/wp\/v2\/tags?post=8677"}],"curies":[{"name":"wp","href":"https:\/\/api.w.org\/{rel}","templated":true}]}}