{"id":8679,"date":"2024-03-02T18:04:47","date_gmt":"2024-03-02T18:04:47","guid":{"rendered":"https:\/\/dev.ancoradelchianti.it\/uber-uns\/warum-ancora\/"},"modified":"2024-04-09T13:34:01","modified_gmt":"2024-04-09T13:34:01","slug":"bb_toskana_chianti","status":"publish","type":"page","link":"https:\/\/www.ancoradelchianti.it\/de\/willkommen_bb_chianti\/bb_toskana_chianti\/","title":{"rendered":"Warum Ancora"},"content":{"rendered":"\t\t<div data-elementor-type=\"wp-page\" data-elementor-id=\"8679\" class=\"elementor elementor-8679 elementor-6716\" data-elementor-post-type=\"page\">\n\t\t\t\t<div class=\"elementor-element elementor-element-bd640bc e-con-full e-flex e-con e-parent\" data-id=\"bd640bc\" data-element_type=\"container\" data-settings=\"{&quot;jet_parallax_layout_list&quot;:[]}\">\n\t\t\t\t<div data-dce-advanced-background-image-url=\"https:\/\/www.ancoradelchianti.it\/wp-content\/uploads\/pages\/why-ancora\/legna.jpg\" class=\"elementor-element elementor-element-ff737d9 elementor-invisible elementor-has-bg-overlay elementor-widget elementor-widget-global elementor-global-232 elementor-widget-heading\" data-id=\"ff737d9\" data-element_type=\"widget\" data-settings=\"{&quot;_animation&quot;:&quot;fadeInDown&quot;}\" data-widget_type=\"heading.default\">\n\t\t\t\t<div class=\"elementor-widget-container\">\n\t\t\t<h1 class=\"elementor-heading-title elementor-size-default\">Warum Ancora<\/h1>\t\t<\/div>\n\t\t\t\t<\/div>\n\t\t\t\t<\/div>\n\t\t<div class=\"elementor-element elementor-element-1c5f018 e-flex e-con-boxed e-con e-parent\" data-id=\"1c5f018\" data-element_type=\"container\" data-settings=\"{&quot;jet_parallax_layout_list&quot;:[]}\">\n\t\t\t\t\t<div class=\"e-con-inner\">\n\t\t\t\t<div class=\"elementor-element elementor-element-effb9e2 elementor-widget elementor-widget-heading\" data-id=\"effb9e2\" data-element_type=\"widget\" data-widget_type=\"heading.default\">\n\t\t\t\t<div class=\"elementor-widget-container\">\n\t\t\t<h2 class=\"elementor-heading-title elementor-size-default\">Warum 'Ancora del Chianti'?<\/h2>\t\t<\/div>\n\t\t\t\t<\/div>\n\t\t\t\t\t<\/div>\n\t\t\t\t<\/div>\n\t\t<div class=\"elementor-element elementor-element-fb6e863 e-flex e-con-boxed e-con e-parent\" data-id=\"fb6e863\" data-element_type=\"container\" data-settings=\"{&quot;jet_parallax_layout_list&quot;:[]}\">\n\t\t\t\t\t<div class=\"e-con-inner\">\n\t\t\t\t<div class=\"elementor-element elementor-element-60f4eda elementor-widget elementor-widget-text-editor\" data-id=\"60f4eda\" data-element_type=\"widget\" data-widget_type=\"text-editor.default\">\n\t\t\t\t<div class=\"elementor-widget-container\">\n\t\t\t\t\t\t\t<h3>Ancora del Chianti &#8211; Country Bed and Breakfast and Retreat in Tuscany liegt im Chianti: eine\u00a0 Gegend, die weltbekannt f\u00fcr ihre Landschaft, angenehme Ferien auf dem Land und ber\u00fchmte Weine ist.<\/h3>\n\t\t\t\t\t\t<\/div>\n\t\t\t\t<\/div>\n\t\t\t\t\t<\/div>\n\t\t\t\t<\/div>\n\t\t<div class=\"elementor-element elementor-element-6648b72 e-flex e-con-boxed e-con e-parent\" data-id=\"6648b72\" data-element_type=\"container\" data-settings=\"{&quot;jet_parallax_layout_list&quot;:[]}\">\n\t\t\t\t\t<div class=\"e-con-inner\">\n\t\t\t\t<div class=\"elementor-element elementor-element-7096fc2 elementor-widget elementor-widget-text-editor\" data-id=\"7096fc2\" data-element_type=\"widget\" data-widget_type=\"text-editor.default\">\n\t\t\t\t<div class=\"elementor-widget-container\">\n\t\t\t\t\t\t\t<p><img fetchpriority=\"high\" decoding=\"async\" class=\"alignleft wp-image-6728\" src=\"https:\/\/www.ancoradelchianti.it\/wp-content\/uploads\/pages\/why-ancora\/why.jpg\" alt=\"\" width=\"355\" height=\"232\" \/>&#8222;Ancora&#8220; &#8211; mit Betonung auf der ersten Silbe &#8211; bedeutet &#8222;Anker&#8220; und soll daran erinnern, dass dieser pittoreske Teil der Toskana\u00a0<strong>zahlreichen Pers\u00f6nlichkeiten<\/strong>, deren Wirken den Lauf der Geschichte durch ihre Forschungen, Kunstwerke und Entdeckungen pr\u00e4gte, als Ausgangspunkt, Inspirationsquelle und Heimat diente, in die sie sp\u00e4ter wieder zur\u00fcckkehrten.<\/p>\n<p><span style=\"font-size: 14pt;\">\u00a0<\/span><\/p>\n\t\t\t\t\t\t<\/div>\n\t\t\t\t<\/div>\n\t\t\t\t\t<\/div>\n\t\t\t\t<\/div>\n\t\t<div class=\"elementor-element elementor-element-23e1820 e-flex e-con-boxed e-con e-parent\" data-id=\"23e1820\" data-element_type=\"container\" data-settings=\"{&quot;jet_parallax_layout_list&quot;:[]}\">\n\t\t\t\t\t<div class=\"e-con-inner\">\n\t\t\t\t<div class=\"elementor-element elementor-element-0b95fa0 elementor-widget elementor-widget-text-editor\" data-id=\"0b95fa0\" data-element_type=\"widget\" data-widget_type=\"text-editor.default\">\n\t\t\t\t<div class=\"elementor-widget-container\">\n\t\t\t\t\t\t\t<h3>Ancora del Chianti Bed and Breakfast ist der Ort in der Toskana, wo man wohnen sollte, seid inspiriert und \u2026.kommt zur\u00fcck!<\/h3>\n<p>Hier f\u00fchlt man sich ganz in der Geschichte und Vergangenheit: Geburtsh\u00e4user ber\u00fchmter Pers\u00f6nlichkeiten, ihre Anwesen und eine antike Landschaft. Vom H\u00fcgel, auf dem Ancora del Chianti\u00a0 Bed and Breakfast liegt, k\u00f6nnen Sie die Kastelle, Villen, Weiler und D\u00f6rfer des Chiantis bewundern, so wie sie weiter unten beschrieben sind.<\/p>\n<p><strong>New Yorks erster B\u00fcrger:<br \/>\n<\/strong><strong>Giovanni da Verrazzano<\/strong> (1485 in Greve in Chianti &#8211; gestorben 1528 in Brasilien), vom franz\u00f6sischen K\u00f6nig Franz I. damit beauftragt, die K\u00fcste Nordamerikas zu erkunden und einen Seeweg nach Indien zu finden, entdeckte im Jahr 1524 die New York Bay und den Hudson River und drang bis nach Neuschottland (Nova Scotia) vor. Nach ihm benannt ist die Verrazzano Bridge (zwischen Staten Island und Brooklyn). Im New Yorker Battery Park steht eine kleine Statue mit der Inschrift &#8222;F\u00fcr Giovanni da Verrazzano, den ersten B\u00fcrger New Yorks&#8220;.<\/p>\n<p><strong>Namensgeber eines ganzen Kontinents:<br \/>\n<\/strong><strong>Amerigo Vespucci<\/strong> (1454 in Florenz- gestorben 1512 in Sevilla) lebte in Montefioralle. Dort ist auch der letzte Nachfahre seiner Familie begraben. Der Notarssohn begab sich im Jahr 1489 nach Sevilla, wo er Christoph Kolumbus kennen lernte, den er bei den Vorbereitungen zu dessen dritter Seereise unterst\u00fctzte. Amerigo Vespuccis Bedeutung liegt in seinen Briefen, aber auch in seinen guten Erfahrungen: durch ihn erhielt die europ\u00e4ische \u00d6ffentlichkeit erstmals Informationen \u00fcber den neu entdeckten Kontinent Amerika.<\/p>\n<p><strong>Das L\u00e4cheln der Mona Lisa:<br \/>\n<\/strong>Leonardo da Vinci (1452 in Vinci &#8211; gestorben 1519 in Amboise): der weltber\u00fchmte Renaissance-Maler, Architekt, Ingenieur und Erfinder malte w\u00e4hrend seines Aufenthaltes (1503-1506) in Vignamaggio, der Villa des\u00a0 florentinischen Kaufmannes Francesco del Giocondo,\u00a0 die &#8222;Mona Lisa&#8220; &#8211; das einzige Werk, das er mit nach Frankreich nahm.<\/p>\n<p><strong>Autor des &#8222;F\u00fcrsten&#8220;:<br \/>\n<\/strong>Niccol\u00f2 Machiavelli (Florenz, 1469\u20131527), Schriftsteller, Historiker und Politiker der Renaissance, der sich. als\u00a0 die Medici aus dem Exil nach Florenz zur\u00fcckkehren, auf seine Besitzt\u00fcmer in Sant&#8217;Andrea in Percussina bei San Casciano Val di Pesa zur\u00fcckzog, um hier die Niederschrift von &#8222;Il Principe&#8220; (&#8222;Der F\u00fcrst&#8220;) abzuschlie\u00dfen.<\/p>\n\t\t\t\t\t\t<\/div>\n\t\t\t\t<\/div>\n\t\t\t\t\t<\/div>\n\t\t\t\t<\/div>\n\t\t<div class=\"elementor-element elementor-element-9cba121 e-flex e-con-boxed e-con e-parent\" data-id=\"9cba121\" data-element_type=\"container\" data-settings=\"{&quot;jet_parallax_layout_list&quot;:[]}\">\n\t\t\t\t\t<div class=\"e-con-inner\">\n\t\t\t\t<div class=\"elementor-element elementor-element-6de1793 elementor-widget elementor-widget-global elementor-global-8639 elementor-global-6616 elementor-widget-text-editor\" data-id=\"6de1793\" data-element_type=\"widget\" data-widget_type=\"text-editor.default\">\n\t\t\t\t<div class=\"elementor-widget-container\">\n\t\t\t\t\t\t\t<p style=\"text-align: center;\"><a href=\"https:\/\/ancoradelchianti.beddy.io\/#\/(beddy:home)?lang=de\" target=\"_blank\" rel=\"noopener\"><strong>JETZT BUCHEN<\/strong><\/a>\u00a0oder eine E-Mail senden an\u00a0<a href=\"mailto:info@ancoradelchianti.it\" target=\"_blank\" rel=\"noopener\">info@ancoradelchianti.it<\/a><\/p>\n\t\t\t\t\t\t<\/div>\n\t\t\t\t<\/div>\n\t\t\t\t\t<\/div>\n\t\t\t\t<\/div>\n\t\t\t\t<\/div>\n\t\t","protected":false},"excerpt":{"rendered":"<p>Warum &#8218;Ancora del Chianti&#8216;? Ancora del Chianti &#8211; Country Bed and Breakfast and Retreat in Tuscany liegt im Chianti: eine\u00a0 Gegend, die weltbekannt f\u00fcr ihre Landschaft, angenehme Ferien auf dem Land und ber\u00fchmte Weine ist. &#8222;Ancora&#8220; &#8211; mit Betonung auf der ersten Silbe &#8211; bedeutet &#8222;Anker&#8220; und soll daran erinnern, dass dieser pittoreske Teil der&#8230;<\/p>\n","protected":false},"author":1,"featured_media":6740,"parent":8637,"menu_order":34,"comment_status":"closed","ping_status":"closed","template":"","meta":{"_acf_changed":false,"footnotes":""},"categories":[],"tags":[],"class_list":["post-8679","page","type-page","status-publish","has-post-thumbnail","hentry"],"acf":[],"yoast_head":"<!-- This site is optimized with the Yoast SEO plugin v24.0 - https:\/\/yoast.com\/wordpress\/plugins\/seo\/ -->\n<title>Ancora del Chianti B&amp;B nahe Florenz, Chianti, Toskana<\/title>\n<meta name=\"description\" content=\"Der Toskana zahlreichen Pers\u00f6nlichkeiten, deren Wirken den Lauf der Geschichte durch ihre Forschungen, Kunstwerke und Entdeckungen pr\u00e4gte, als Ausgangspunkt, Inspirationsquelle und Heimat diente, in die sie sp\u00e4ter wieder zur\u00fcckkehrten.\" \/>\n<meta name=\"robots\" content=\"index, follow, max-snippet:-1, max-image-preview:large, max-video-preview:-1\" \/>\n<link rel=\"canonical\" href=\"https:\/\/www.ancoradelchianti.it\/de\/willkommen_bb_chianti\/bb_toskana_chianti\/\" \/>\n<meta property=\"og:locale\" content=\"de_DE\" \/>\n<meta property=\"og:type\" content=\"article\" \/>\n<meta property=\"og:title\" content=\"Ancora del Chianti B&amp;B nahe Florenz, Chianti, Toskana\" \/>\n<meta property=\"og:description\" content=\"Der Toskana zahlreichen Pers\u00f6nlichkeiten, deren Wirken den Lauf der Geschichte durch ihre Forschungen, Kunstwerke und Entdeckungen pr\u00e4gte, als Ausgangspunkt, Inspirationsquelle und Heimat diente, in die sie sp\u00e4ter wieder zur\u00fcckkehrten.\" \/>\n<meta property=\"og:url\" content=\"https:\/\/www.ancoradelchianti.it\/de\/willkommen_bb_chianti\/bb_toskana_chianti\/\" \/>\n<meta property=\"og:site_name\" content=\"Ancora del Chianti B&amp;B\" \/>\n<meta property=\"article:modified_time\" content=\"2024-04-09T13:34:01+00:00\" \/>\n<meta property=\"og:image\" content=\"https:\/\/www.ancoradelchianti.it\/wp-content\/uploads\/pages\/why-ancora\/legna.jpg\" \/>\n\t<meta property=\"og:image:width\" content=\"1920\" \/>\n\t<meta property=\"og:image:height\" content=\"672\" \/>\n\t<meta property=\"og:image:type\" content=\"image\/jpeg\" \/>\n<meta name=\"twitter:card\" content=\"summary_large_image\" \/>\n<meta name=\"twitter:label1\" content=\"Gesch\u00e4tzte Lesezeit\" \/>\n\t<meta name=\"twitter:data1\" content=\"2\u00a0Minuten\" \/>\n<script type=\"application\/ld+json\" class=\"yoast-schema-graph\">{\"@context\":\"https:\/\/schema.org\",\"@graph\":[{\"@type\":\"WebPage\",\"@id\":\"https:\/\/www.ancoradelchianti.it\/de\/willkommen_bb_chianti\/bb_toskana_chianti\/\",\"url\":\"https:\/\/www.ancoradelchianti.it\/de\/willkommen_bb_chianti\/bb_toskana_chianti\/\",\"name\":\"Ancora del Chianti B&B nahe Florenz, Chianti, Toskana\",\"isPartOf\":{\"@id\":\"https:\/\/www.ancoradelchianti.it\/de\/#website\"},\"primaryImageOfPage\":{\"@id\":\"https:\/\/www.ancoradelchianti.it\/de\/willkommen_bb_chianti\/bb_toskana_chianti\/#primaryimage\"},\"image\":{\"@id\":\"https:\/\/www.ancoradelchianti.it\/de\/willkommen_bb_chianti\/bb_toskana_chianti\/#primaryimage\"},\"thumbnailUrl\":\"https:\/\/www.ancoradelchianti.it\/wp-content\/uploads\/pages\/why-ancora\/legna.jpg\",\"datePublished\":\"2024-03-02T18:04:47+00:00\",\"dateModified\":\"2024-04-09T13:34:01+00:00\",\"description\":\"Der Toskana zahlreichen Pers\u00f6nlichkeiten, deren Wirken den Lauf der Geschichte durch ihre Forschungen, Kunstwerke und Entdeckungen pr\u00e4gte, als Ausgangspunkt, Inspirationsquelle und Heimat diente, in die sie sp\u00e4ter wieder zur\u00fcckkehrten.\",\"breadcrumb\":{\"@id\":\"https:\/\/www.ancoradelchianti.it\/de\/willkommen_bb_chianti\/bb_toskana_chianti\/#breadcrumb\"},\"inLanguage\":\"de\",\"potentialAction\":[{\"@type\":\"ReadAction\",\"target\":[\"https:\/\/www.ancoradelchianti.it\/de\/willkommen_bb_chianti\/bb_toskana_chianti\/\"]}]},{\"@type\":\"ImageObject\",\"inLanguage\":\"de\",\"@id\":\"https:\/\/www.ancoradelchianti.it\/de\/willkommen_bb_chianti\/bb_toskana_chianti\/#primaryimage\",\"url\":\"https:\/\/www.ancoradelchianti.it\/wp-content\/uploads\/pages\/why-ancora\/legna.jpg\",\"contentUrl\":\"https:\/\/www.ancoradelchianti.it\/wp-content\/uploads\/pages\/why-ancora\/legna.jpg\",\"width\":1920,\"height\":672},{\"@type\":\"BreadcrumbList\",\"@id\":\"https:\/\/www.ancoradelchianti.it\/de\/willkommen_bb_chianti\/bb_toskana_chianti\/#breadcrumb\",\"itemListElement\":[{\"@type\":\"ListItem\",\"position\":1,\"name\":\"Home\",\"item\":\"https:\/\/www.ancoradelchianti.it\/de\/\"},{\"@type\":\"ListItem\",\"position\":2,\"name\":\"Uber Uns\",\"item\":\"https:\/\/www.ancoradelchianti.it\/de\/willkommen_bb_chianti\/\"},{\"@type\":\"ListItem\",\"position\":3,\"name\":\"Warum Ancora\"}]},{\"@type\":\"WebSite\",\"@id\":\"https:\/\/www.ancoradelchianti.it\/de\/#website\",\"url\":\"https:\/\/www.ancoradelchianti.it\/de\/\",\"name\":\"Ancora del Chianti B&amp;B\",\"description\":\"\",\"publisher\":{\"@id\":\"https:\/\/www.ancoradelchianti.it\/de\/#organization\"},\"potentialAction\":[{\"@type\":\"SearchAction\",\"target\":{\"@type\":\"EntryPoint\",\"urlTemplate\":\"https:\/\/www.ancoradelchianti.it\/de\/?s={search_term_string}\"},\"query-input\":{\"@type\":\"PropertyValueSpecification\",\"valueRequired\":true,\"valueName\":\"search_term_string\"}}],\"inLanguage\":\"de\"},{\"@type\":\"Organization\",\"@id\":\"https:\/\/www.ancoradelchianti.it\/de\/#organization\",\"name\":\"Ancora del Chianti B&amp;B\",\"url\":\"https:\/\/www.ancoradelchianti.it\/de\/\",\"logo\":{\"@type\":\"ImageObject\",\"inLanguage\":\"de\",\"@id\":\"https:\/\/www.ancoradelchianti.it\/de\/#\/schema\/logo\/image\/\",\"url\":\"https:\/\/www.ancoradelchianti.it\/wp-content\/uploads\/logo\/logo.png\",\"contentUrl\":\"https:\/\/www.ancoradelchianti.it\/wp-content\/uploads\/logo\/logo.png\",\"width\":129,\"height\":133,\"caption\":\"Ancora del Chianti B&amp;B\"},\"image\":{\"@id\":\"https:\/\/www.ancoradelchianti.it\/de\/#\/schema\/logo\/image\/\"}}]}<\/script>\n<!-- \/ Yoast SEO plugin. -->","yoast_head_json":{"title":"Ancora del Chianti B&B nahe Florenz, Chianti, Toskana","description":"Der Toskana zahlreichen Pers\u00f6nlichkeiten, deren Wirken den Lauf der Geschichte durch ihre Forschungen, Kunstwerke und Entdeckungen pr\u00e4gte, als Ausgangspunkt, Inspirationsquelle und Heimat diente, in die sie sp\u00e4ter wieder zur\u00fcckkehrten.","robots":{"index":"index","follow":"follow","max-snippet":"max-snippet:-1","max-image-preview":"max-image-preview:large","max-video-preview":"max-video-preview:-1"},"canonical":"https:\/\/www.ancoradelchianti.it\/de\/willkommen_bb_chianti\/bb_toskana_chianti\/","og_locale":"de_DE","og_type":"article","og_title":"Ancora del Chianti B&B nahe Florenz, Chianti, Toskana","og_description":"Der Toskana zahlreichen Pers\u00f6nlichkeiten, deren Wirken den Lauf der Geschichte durch ihre Forschungen, Kunstwerke und Entdeckungen pr\u00e4gte, als Ausgangspunkt, Inspirationsquelle und Heimat diente, in die sie sp\u00e4ter wieder zur\u00fcckkehrten.","og_url":"https:\/\/www.ancoradelchianti.it\/de\/willkommen_bb_chianti\/bb_toskana_chianti\/","og_site_name":"Ancora del Chianti B&amp;B","article_modified_time":"2024-04-09T13:34:01+00:00","og_image":[{"width":1920,"height":672,"url":"https:\/\/www.ancoradelchianti.it\/wp-content\/uploads\/pages\/why-ancora\/legna.jpg","type":"image\/jpeg"}],"twitter_card":"summary_large_image","twitter_misc":{"Gesch\u00e4tzte Lesezeit":"2\u00a0Minuten"},"schema":{"@context":"https:\/\/schema.org","@graph":[{"@type":"WebPage","@id":"https:\/\/www.ancoradelchianti.it\/de\/willkommen_bb_chianti\/bb_toskana_chianti\/","url":"https:\/\/www.ancoradelchianti.it\/de\/willkommen_bb_chianti\/bb_toskana_chianti\/","name":"Ancora del Chianti B&B nahe Florenz, Chianti, Toskana","isPartOf":{"@id":"https:\/\/www.ancoradelchianti.it\/de\/#website"},"primaryImageOfPage":{"@id":"https:\/\/www.ancoradelchianti.it\/de\/willkommen_bb_chianti\/bb_toskana_chianti\/#primaryimage"},"image":{"@id":"https:\/\/www.ancoradelchianti.it\/de\/willkommen_bb_chianti\/bb_toskana_chianti\/#primaryimage"},"thumbnailUrl":"https:\/\/www.ancoradelchianti.it\/wp-content\/uploads\/pages\/why-ancora\/legna.jpg","datePublished":"2024-03-02T18:04:47+00:00","dateModified":"2024-04-09T13:34:01+00:00","description":"Der Toskana zahlreichen Pers\u00f6nlichkeiten, deren Wirken den Lauf der Geschichte durch ihre Forschungen, Kunstwerke und Entdeckungen pr\u00e4gte, als Ausgangspunkt, Inspirationsquelle und Heimat diente, in die sie sp\u00e4ter wieder zur\u00fcckkehrten.","breadcrumb":{"@id":"https:\/\/www.ancoradelchianti.it\/de\/willkommen_bb_chianti\/bb_toskana_chianti\/#breadcrumb"},"inLanguage":"de","potentialAction":[{"@type":"ReadAction","target":["https:\/\/www.ancoradelchianti.it\/de\/willkommen_bb_chianti\/bb_toskana_chianti\/"]}]},{"@type":"ImageObject","inLanguage":"de","@id":"https:\/\/www.ancoradelchianti.it\/de\/willkommen_bb_chianti\/bb_toskana_chianti\/#primaryimage","url":"https:\/\/www.ancoradelchianti.it\/wp-content\/uploads\/pages\/why-ancora\/legna.jpg","contentUrl":"https:\/\/www.ancoradelchianti.it\/wp-content\/uploads\/pages\/why-ancora\/legna.jpg","width":1920,"height":672},{"@type":"BreadcrumbList","@id":"https:\/\/www.ancoradelchianti.it\/de\/willkommen_bb_chianti\/bb_toskana_chianti\/#breadcrumb","itemListElement":[{"@type":"ListItem","position":1,"name":"Home","item":"https:\/\/www.ancoradelchianti.it\/de\/"},{"@type":"ListItem","position":2,"name":"Uber Uns","item":"https:\/\/www.ancoradelchianti.it\/de\/willkommen_bb_chianti\/"},{"@type":"ListItem","position":3,"name":"Warum Ancora"}]},{"@type":"WebSite","@id":"https:\/\/www.ancoradelchianti.it\/de\/#website","url":"https:\/\/www.ancoradelchianti.it\/de\/","name":"Ancora del Chianti B&amp;B","description":"","publisher":{"@id":"https:\/\/www.ancoradelchianti.it\/de\/#organization"},"potentialAction":[{"@type":"SearchAction","target":{"@type":"EntryPoint","urlTemplate":"https:\/\/www.ancoradelchianti.it\/de\/?s={search_term_string}"},"query-input":{"@type":"PropertyValueSpecification","valueRequired":true,"valueName":"search_term_string"}}],"inLanguage":"de"},{"@type":"Organization","@id":"https:\/\/www.ancoradelchianti.it\/de\/#organization","name":"Ancora del Chianti B&amp;B","url":"https:\/\/www.ancoradelchianti.it\/de\/","logo":{"@type":"ImageObject","inLanguage":"de","@id":"https:\/\/www.ancoradelchianti.it\/de\/#\/schema\/logo\/image\/","url":"https:\/\/www.ancoradelchianti.it\/wp-content\/uploads\/logo\/logo.png","contentUrl":"https:\/\/www.ancoradelchianti.it\/wp-content\/uploads\/logo\/logo.png","width":129,"height":133,"caption":"Ancora del Chianti B&amp;B"},"image":{"@id":"https:\/\/www.ancoradelchianti.it\/de\/#\/schema\/logo\/image\/"}}]}},"_links":{"self":[{"href":"https:\/\/www.ancoradelchianti.it\/de\/wp-json\/wp\/v2\/pages\/8679","targetHints":{"allow":["GET"]}}],"collection":[{"href":"https:\/\/www.ancoradelchianti.it\/de\/wp-json\/wp\/v2\/pages"}],"about":[{"href":"https:\/\/www.ancoradelchianti.it\/de\/wp-json\/wp\/v2\/types\/page"}],"author":[{"embeddable":true,"href":"https:\/\/www.ancoradelchianti.it\/de\/wp-json\/wp\/v2\/users\/1"}],"replies":[{"embeddable":true,"href":"https:\/\/www.ancoradelchianti.it\/de\/wp-json\/wp\/v2\/comments?post=8679"}],"version-history":[{"count":0,"href":"https:\/\/www.ancoradelchianti.it\/de\/wp-json\/wp\/v2\/pages\/8679\/revisions"}],"up":[{"embeddable":true,"href":"https:\/\/www.ancoradelchianti.it\/de\/wp-json\/wp\/v2\/pages\/8637"}],"wp:featuredmedia":[{"embeddable":true,"href":"https:\/\/www.ancoradelchianti.it\/de\/wp-json\/wp\/v2\/media\/6740"}],"wp:attachment":[{"href":"https:\/\/www.ancoradelchianti.it\/de\/wp-json\/wp\/v2\/media?parent=8679"}],"wp:term":[{"taxonomy":"category","embeddable":true,"href":"https:\/\/www.ancoradelchianti.it\/de\/wp-json\/wp\/v2\/categories?post=8679"},{"taxonomy":"post_tag","embeddable":true,"href":"https:\/\/www.ancoradelchianti.it\/de\/wp-json\/wp\/v2\/tags?post=8679"}],"curies":[{"name":"wp","href":"https:\/\/api.w.org\/{rel}","templated":true}]}}