{"id":8691,"date":"2024-03-04T13:28:13","date_gmt":"2024-03-04T13:28:13","guid":{"rendered":"https:\/\/dev.ancoradelchianti.it\/bb-zimmer\/verfuegbarkeit\/"},"modified":"2024-04-23T08:19:09","modified_gmt":"2024-04-23T08:19:09","slug":"verfuegbarkeit","status":"publish","type":"page","link":"https:\/\/www.ancoradelchianti.it\/de\/bb-zimmer\/verfuegbarkeit\/","title":{"rendered":"Verf\u00fcgbarkeit"},"content":{"rendered":"\t\t<div data-elementor-type=\"wp-page\" data-elementor-id=\"8691\" class=\"elementor elementor-8691 elementor-7217\" data-elementor-post-type=\"page\">\n\t\t\t\t<div class=\"elementor-element elementor-element-78d5af0 e-con-full e-flex e-con e-parent\" data-id=\"78d5af0\" data-element_type=\"container\" data-settings=\"{&quot;jet_parallax_layout_list&quot;:[]}\">\n\t\t\t\t<div data-dce-advanced-background-image-url=\"https:\/\/www.ancoradelchianti.it\/wp-content\/uploads\/terrazzo.jpg\" class=\"elementor-element elementor-element-3752327 elementor-invisible elementor-has-bg-overlay elementor-widget elementor-widget-global elementor-global-232 elementor-widget-heading\" data-id=\"3752327\" data-element_type=\"widget\" data-settings=\"{&quot;_animation&quot;:&quot;fadeInDown&quot;}\" data-widget_type=\"heading.default\">\n\t\t\t\t<div class=\"elementor-widget-container\">\n\t\t\t<h1 class=\"elementor-heading-title elementor-size-default\">Verf\u00fcgbarkeit<\/h1>\t\t<\/div>\n\t\t\t\t<\/div>\n\t\t\t\t<div class=\"elementor-element elementor-element-b9a98a8 elementor-widget elementor-widget-heading\" data-id=\"b9a98a8\" data-element_type=\"widget\" data-widget_type=\"heading.default\">\n\t\t\t\t<div class=\"elementor-widget-container\">\n\t\t\t<h2 class=\"elementor-heading-title elementor-size-default\">Verf\u00fcgbarkeit<\/h2>\t\t<\/div>\n\t\t\t\t<\/div>\n\t\t\t\t<\/div>\n\t\t<div class=\"elementor-element elementor-element-6603da4 e-flex e-con-boxed e-con e-parent\" data-id=\"6603da4\" data-element_type=\"container\" data-settings=\"{&quot;jet_parallax_layout_list&quot;:[]}\">\n\t\t\t\t\t<div class=\"e-con-inner\">\n\t\t\t\t<div class=\"elementor-element elementor-element-1fce91a elementor-widget elementor-widget-text-editor\" data-id=\"1fce91a\" data-element_type=\"widget\" data-widget_type=\"text-editor.default\">\n\t\t\t\t<div class=\"elementor-widget-container\">\n\t\t\t\t\t\t\t<p style=\"text-align: center;\"><strong>JETZT BUCHEN<\/strong> auf unserer Website<\/p>\n<p style=\"text-align: center;\">Senden Sie eine E-Mail an <a href=\"mailto:info@ancoradelchianti.it\">info@ancoradelchianti.it <\/a>oder f\u00fcllen Sie das Formular weiter unten aus.<\/p>\n<p style=\"text-align: center;\">Unser Reservierungsb\u00fcro steht Ihnen f\u00fcr Ausk\u00fcnfte und zur Beantwortung von Anfragen immer gerne zur Verf\u00fcgung.<\/p>\n<p style=\"text-align: center;\">Die Informationen, die Sie uns in in diesem Formular geben, werden uns helfen, Sie besser zu bedienen.<\/p>\n\t\t\t\t\t\t<\/div>\n\t\t\t\t<\/div>\n\t\t<div class=\"elementor-element elementor-element-528315d e-flex e-con-boxed e-con e-child\" data-id=\"528315d\" data-element_type=\"container\" data-settings=\"{&quot;jet_parallax_layout_list&quot;:[]}\">\n\t\t\t\t\t<div class=\"e-con-inner\">\n\t\t\t\t<div class=\"elementor-element elementor-element-53d2bca elementor-widget elementor-widget-html\" data-id=\"53d2bca\" data-element_type=\"widget\" data-widget_type=\"html.default\">\n\t\t\t\t<div class=\"elementor-widget-container\">\n\t\t\t<script charset=\"UTF-8\" defer src=\"https:\/\/cdn.beddy.io\/bol-v2\/prod\/availability-request-form-web-component.js?release13052020_v0\"><\/script>\r\n<beddy-availability-request-form lang=\"de\" widget-code=\"66e8a3a9f42c5\"><\/beddy-availability-request-form>\r\n      \t\t<\/div>\n\t\t\t\t<\/div>\n\t\t\t\t<div class=\"elementor-element elementor-element-8387 elementor-widget elementor-widget-global elementor-global-9014 elementor-global-8387 elementor-widget-formidable\" data-id=\"8387\" data-element_type=\"widget\" data-widget_type=\"formidable.default\">\n\t\t\t\t<div class=\"elementor-widget-container\">\n\t\t\t<div class=\"frm_forms  with_frm_style frm_style_stile-di-formidable\" id=\"frm_form_3_container\" data-token=\"cdbef8663116bd1b5e4dc6194dbd24c6\">\n<form enctype=\"multipart\/form-data\" method=\"post\" class=\"frm-show-form  frm_ajax_submit  frm_pro_form \" id=\"form_newsletter\" data-token=\"cdbef8663116bd1b5e4dc6194dbd24c6\">\n<div class=\"frm_form_fields \">\n<fieldset>\n<legend class=\"frm_screen_reader\">Registrieren Sie sich f\u00fcr unseren Newsletter<\/legend>\r\n<h3 class=\"frm_form_title\">Registrieren Sie sich f\u00fcr unseren Newsletter<\/h3>\r\n<div class=\"frm_fields_container\">\n<input type=\"hidden\" name=\"frm_action\" value=\"create\" \/>\n<input type=\"hidden\" name=\"form_id\" value=\"3\" \/>\n<input type=\"hidden\" name=\"frm_hide_fields_3\" id=\"frm_hide_fields_3\" value=\"\" \/>\n<input type=\"hidden\" name=\"form_key\" value=\"newsletter\" \/>\n<input type=\"hidden\" name=\"item_meta[0]\" value=\"\" \/>\n<input type=\"hidden\" id=\"frm_submit_entry_3\" name=\"frm_submit_entry_3\" value=\"8f8feb332b\" \/><input type=\"hidden\" name=\"_wp_http_referer\" value=\"\/de\/wp-json\/wp\/v2\/pages\/8691\" \/><div id=\"frm_field_15_container\" class=\"frm_form_field form-field  frm_required_field frm_top_container frm_half\">\r\n    <label for=\"field_ndrdc\" id=\"field_ndrdc_label\" class=\"frm_primary_label\">Vorname\r\n        <span class=\"frm_required\">*<\/span>\r\n    <\/label>\r\n    <input type=\"text\" id=\"field_ndrdc\" name=\"item_meta[15]\" value=\"\"  data-reqmsg=\"Pflichtfeld\" aria-required=\"true\" data-invmsg=\"Text is invalid\" aria-invalid=\"false\"   aria-describedby=\"frm_desc_field_ndrdc\"\/>\r\n    <div class=\"frm_description\" id=\"frm_desc_field_ndrdc\">First<\/div>\r\n    \r\n<\/div>\n<div id=\"frm_field_16_container\" class=\"frm_form_field form-field  frm_required_field frm_hidden_container frm_half\">\r\n    <label for=\"field_9itjc\" id=\"field_9itjc_label\" class=\"frm_primary_label\">Nachname\r\n        <span class=\"frm_required\">*<\/span>\r\n    <\/label>\r\n    <input type=\"text\" id=\"field_9itjc\" name=\"item_meta[16]\" value=\"\"  data-reqmsg=\"Field cannot be blank.\" aria-required=\"true\" data-invmsg=\"Text is invalid\" aria-invalid=\"false\"   aria-describedby=\"frm_desc_field_9itjc\"\/>\r\n    <div class=\"frm_description\" id=\"frm_desc_field_9itjc\">Nachname<\/div>\r\n    \r\n<\/div>\n<div id=\"frm_field_17_container\" class=\"frm_form_field form-field  frm_required_field frm_top_container\">\r\n    <label for=\"field_701dk\" id=\"field_701dk_label\" class=\"frm_primary_label\">Email\r\n        <span class=\"frm_required\">*<\/span>\r\n    <\/label>\r\n    <input type=\"email\" id=\"field_701dk\" name=\"item_meta[17]\" value=\"\"  data-reqmsg=\"Pflichtfeld\" aria-required=\"true\" data-invmsg=\"Email ist nicht g\u00fcltig\" aria-invalid=\"false\"  \/>\r\n    \r\n    \r\n<\/div>\n<div id=\"frm_field_18_container\" class=\"frm_form_field form-field  frm_required_field frm_none_container vertical_radio\">\r\n    <div  id=\"field_glyi7_label\" class=\"frm_primary_label\">Privacy\r\n        <span class=\"frm_required\" aria-hidden=\"true\">*<\/span>\r\n    <\/div>\r\n    <div class=\"frm_opt_container\" aria-labelledby=\"field_glyi7_label\" role=\"group\">\t\t<div class=\"frm_checkbox\" id=\"frm_checkbox_18-0\">\t\t\t<label  for=\"field_glyi7-0\">\n\t\t\t<input type=\"checkbox\" name=\"item_meta[18][]\" id=\"field_glyi7-0\" value=\"Accepted\"  data-reqmsg=\"Pflichtfeld\" data-invmsg=\"Privacy ist ung\u00fcltig\" aria-invalid=\"false\"   aria-required=\"true\"  \/> Zustimmung zur <a target=\"_blank\" href=\"\/privacy-policy\">Privacy<\/a> *<\/label><\/div>\n<\/div>\r\n    <div class=\"frm_description\" id=\"frm_desc_field_glyi7\">Einwilligung gem\u00e4\u00df Art. 13 der Verordnung (EU) Nr. 2018\/679: In Ausf\u00fchrung des Informationsschreibens, das Bestimmungen zum Schutz von Personen und anderen Subjekten in Bezug auf die Verarbeitung personenbezogener Daten enth\u00e4lt, willigt der Antragsteller hiermit in die Verarbeitung seiner personenbezogenen Daten zum Zweck der Bearbeitung dieses Informationsantrags ein. Ihre Daten werden unter keinen Umst\u00e4nden an Dritte weitergegeben, aus welchem Grund auch immer.<\/div>\r\n    \r\n<\/div>\n<div id=\"frm_field_19_container\" class=\"frm_form_field form-field  frm_none_container\">\n    <label for=\"g-recaptcha-response\" id=\"field_ryjed_label\" class=\"frm_primary_label\">Captcha\n        <span class=\"frm_required\" aria-hidden=\"true\"><\/span>\n    <\/label>\n    <div  id=\"field_ryjed\" class=\"g-recaptcha\" data-sitekey=\"6LdazRMUAAAAABvSPjyrna-TFD13cGrsph-4CV0W\" data-size=\"normal\" data-theme=\"light\"><\/div>\n    \n    \n<\/div>\n<div id=\"frm_field_30_container\" class=\"frm_form_field form-field \">\n\t<div class=\"frm_submit\">\r\n\r\n<button class=\"frm_button_submit frm_final_submit\" type=\"submit\"   formnovalidate=\"formnovalidate\">Send<\/button>\r\n\r\n<\/div>\n<\/div>\n\t<input type=\"hidden\" name=\"item_key\" value=\"\" \/>\n\t\t\t\t<div class=\"frm__65ebb2edac36a\">\n\t\t\t\t<label for=\"frm_email_3\" >\n\t\t\t\t\tIf you are human, leave this field blank.\t\t\t\t<\/label>\n\t\t\t\t<input  id=\"frm_email_3\" type=\"email\" class=\"frm_verify\" name=\"frm__65ebb2edac36a\" value=\"\"  \/>\n\t\t\t<\/div>\n\t\t<input name=\"frm_state\" type=\"hidden\" value=\"JX9KzoxYShlG0Yz0kfeIYSB4Kw0pWbBHZ9cqEzp4Zpc=\" \/><\/div>\n<\/fieldset>\n<\/div>\n<\/form>\n<\/div>\n\t\t<\/div>\n\t\t\t\t<\/div>\n\t\t\t\t\t<\/div>\n\t\t\t\t<\/div>\n\t\t\t\t\t<\/div>\n\t\t\t\t<\/div>\n\t\t\t\t<\/div>\n\t\t","protected":false},"excerpt":{"rendered":"<p>Fragen Sie nach einem unverbindlichen Kostenvoranschlag f\u00fcr Ihren Aufenthalt. Wir werden Ihnen das beste Angebot unterbreiten und Sie so schnell wie m\u00f6glich kontaktieren.<\/p>\n","protected":false},"author":1,"featured_media":7481,"parent":8681,"menu_order":60,"comment_status":"closed","ping_status":"closed","template":"","meta":{"_acf_changed":false,"footnotes":""},"categories":[],"tags":[],"class_list":["post-8691","page","type-page","status-publish","has-post-thumbnail","hentry"],"acf":[],"yoast_head":"<!-- This site is optimized with the Yoast SEO plugin v24.0 - https:\/\/yoast.com\/wordpress\/plugins\/seo\/ -->\n<title>Bed and Breakfast in Chianti Toskana - Ferienhaus - Gasthaus - Ancora del Chianti<\/title>\n<meta name=\"description\" content=\"Wir freuen uns auf Ihre Anfragen f\u00fcr Ihren Urlaub in der Toskana und senden Ihnen gerne umgehend unser bestes Angebot zu!\" \/>\n<meta name=\"robots\" content=\"index, follow, max-snippet:-1, max-image-preview:large, max-video-preview:-1\" \/>\n<link rel=\"canonical\" href=\"https:\/\/www.ancoradelchianti.it\/de\/bb-zimmer\/verfuegbarkeit\/\" \/>\n<meta property=\"og:locale\" content=\"de_DE\" \/>\n<meta property=\"og:type\" content=\"article\" \/>\n<meta property=\"og:title\" content=\"Bed and Breakfast in Chianti Toskana - Ferienhaus - Gasthaus - Ancora del Chianti\" \/>\n<meta property=\"og:description\" content=\"Wir freuen uns auf Ihre Anfragen f\u00fcr Ihren Urlaub in der Toskana und senden Ihnen gerne umgehend unser bestes Angebot zu!\" \/>\n<meta property=\"og:url\" content=\"https:\/\/www.ancoradelchianti.it\/de\/bb-zimmer\/verfuegbarkeit\/\" \/>\n<meta property=\"og:site_name\" content=\"Ancora del Chianti B&amp;B\" \/>\n<meta property=\"article:modified_time\" content=\"2024-04-23T08:19:09+00:00\" \/>\n<meta property=\"og:image\" content=\"https:\/\/www.ancoradelchianti.it\/wp-content\/uploads\/terrazzo.jpg\" \/>\n\t<meta property=\"og:image:width\" content=\"1920\" \/>\n\t<meta property=\"og:image:height\" content=\"672\" \/>\n\t<meta property=\"og:image:type\" content=\"image\/jpeg\" \/>\n<meta name=\"twitter:card\" content=\"summary_large_image\" \/>\n<meta name=\"twitter:label1\" content=\"Gesch\u00e4tzte Lesezeit\" \/>\n\t<meta name=\"twitter:data1\" content=\"1\u00a0Minute\" \/>\n<script type=\"application\/ld+json\" class=\"yoast-schema-graph\">{\"@context\":\"https:\/\/schema.org\",\"@graph\":[{\"@type\":\"WebPage\",\"@id\":\"https:\/\/www.ancoradelchianti.it\/de\/bb-zimmer\/verfuegbarkeit\/\",\"url\":\"https:\/\/www.ancoradelchianti.it\/de\/bb-zimmer\/verfuegbarkeit\/\",\"name\":\"Bed and Breakfast in Chianti Toskana - Ferienhaus - Gasthaus - Ancora del Chianti\",\"isPartOf\":{\"@id\":\"https:\/\/www.ancoradelchianti.it\/de\/#website\"},\"primaryImageOfPage\":{\"@id\":\"https:\/\/www.ancoradelchianti.it\/de\/bb-zimmer\/verfuegbarkeit\/#primaryimage\"},\"image\":{\"@id\":\"https:\/\/www.ancoradelchianti.it\/de\/bb-zimmer\/verfuegbarkeit\/#primaryimage\"},\"thumbnailUrl\":\"https:\/\/www.ancoradelchianti.it\/wp-content\/uploads\/terrazzo.jpg\",\"datePublished\":\"2024-03-04T13:28:13+00:00\",\"dateModified\":\"2024-04-23T08:19:09+00:00\",\"description\":\"Wir freuen uns auf Ihre Anfragen f\u00fcr Ihren Urlaub in der Toskana und senden Ihnen gerne umgehend unser bestes Angebot zu!\",\"breadcrumb\":{\"@id\":\"https:\/\/www.ancoradelchianti.it\/de\/bb-zimmer\/verfuegbarkeit\/#breadcrumb\"},\"inLanguage\":\"de\",\"potentialAction\":[{\"@type\":\"ReadAction\",\"target\":[\"https:\/\/www.ancoradelchianti.it\/de\/bb-zimmer\/verfuegbarkeit\/\"]}]},{\"@type\":\"ImageObject\",\"inLanguage\":\"de\",\"@id\":\"https:\/\/www.ancoradelchianti.it\/de\/bb-zimmer\/verfuegbarkeit\/#primaryimage\",\"url\":\"https:\/\/www.ancoradelchianti.it\/wp-content\/uploads\/terrazzo.jpg\",\"contentUrl\":\"https:\/\/www.ancoradelchianti.it\/wp-content\/uploads\/terrazzo.jpg\",\"width\":1920,\"height\":672},{\"@type\":\"BreadcrumbList\",\"@id\":\"https:\/\/www.ancoradelchianti.it\/de\/bb-zimmer\/verfuegbarkeit\/#breadcrumb\",\"itemListElement\":[{\"@type\":\"ListItem\",\"position\":1,\"name\":\"Home\",\"item\":\"https:\/\/www.ancoradelchianti.it\/de\/\"},{\"@type\":\"ListItem\",\"position\":2,\"name\":\"B&#038;B Zimmer\",\"item\":\"https:\/\/www.ancoradelchianti.it\/de\/bb_retreat_tuscany\/\"},{\"@type\":\"ListItem\",\"position\":3,\"name\":\"Verf\u00fcgbarkeit\"}]},{\"@type\":\"WebSite\",\"@id\":\"https:\/\/www.ancoradelchianti.it\/de\/#website\",\"url\":\"https:\/\/www.ancoradelchianti.it\/de\/\",\"name\":\"Ancora del Chianti B&amp;B\",\"description\":\"\",\"publisher\":{\"@id\":\"https:\/\/www.ancoradelchianti.it\/de\/#organization\"},\"potentialAction\":[{\"@type\":\"SearchAction\",\"target\":{\"@type\":\"EntryPoint\",\"urlTemplate\":\"https:\/\/www.ancoradelchianti.it\/de\/?s={search_term_string}\"},\"query-input\":{\"@type\":\"PropertyValueSpecification\",\"valueRequired\":true,\"valueName\":\"search_term_string\"}}],\"inLanguage\":\"de\"},{\"@type\":\"Organization\",\"@id\":\"https:\/\/www.ancoradelchianti.it\/de\/#organization\",\"name\":\"Ancora del Chianti B&amp;B\",\"url\":\"https:\/\/www.ancoradelchianti.it\/de\/\",\"logo\":{\"@type\":\"ImageObject\",\"inLanguage\":\"de\",\"@id\":\"https:\/\/www.ancoradelchianti.it\/de\/#\/schema\/logo\/image\/\",\"url\":\"https:\/\/www.ancoradelchianti.it\/wp-content\/uploads\/logo\/logo.png\",\"contentUrl\":\"https:\/\/www.ancoradelchianti.it\/wp-content\/uploads\/logo\/logo.png\",\"width\":129,\"height\":133,\"caption\":\"Ancora del Chianti B&amp;B\"},\"image\":{\"@id\":\"https:\/\/www.ancoradelchianti.it\/de\/#\/schema\/logo\/image\/\"}}]}<\/script>\n<!-- \/ Yoast SEO plugin. -->","yoast_head_json":{"title":"Bed and Breakfast in Chianti Toskana - Ferienhaus - Gasthaus - Ancora del Chianti","description":"Wir freuen uns auf Ihre Anfragen f\u00fcr Ihren Urlaub in der Toskana und senden Ihnen gerne umgehend unser bestes Angebot zu!","robots":{"index":"index","follow":"follow","max-snippet":"max-snippet:-1","max-image-preview":"max-image-preview:large","max-video-preview":"max-video-preview:-1"},"canonical":"https:\/\/www.ancoradelchianti.it\/de\/bb-zimmer\/verfuegbarkeit\/","og_locale":"de_DE","og_type":"article","og_title":"Bed and Breakfast in Chianti Toskana - Ferienhaus - Gasthaus - Ancora del Chianti","og_description":"Wir freuen uns auf Ihre Anfragen f\u00fcr Ihren Urlaub in der Toskana und senden Ihnen gerne umgehend unser bestes Angebot zu!","og_url":"https:\/\/www.ancoradelchianti.it\/de\/bb-zimmer\/verfuegbarkeit\/","og_site_name":"Ancora del Chianti B&amp;B","article_modified_time":"2024-04-23T08:19:09+00:00","og_image":[{"width":1920,"height":672,"url":"https:\/\/www.ancoradelchianti.it\/wp-content\/uploads\/terrazzo.jpg","type":"image\/jpeg"}],"twitter_card":"summary_large_image","twitter_misc":{"Gesch\u00e4tzte Lesezeit":"1\u00a0Minute"},"schema":{"@context":"https:\/\/schema.org","@graph":[{"@type":"WebPage","@id":"https:\/\/www.ancoradelchianti.it\/de\/bb-zimmer\/verfuegbarkeit\/","url":"https:\/\/www.ancoradelchianti.it\/de\/bb-zimmer\/verfuegbarkeit\/","name":"Bed and Breakfast in Chianti Toskana - Ferienhaus - Gasthaus - Ancora del Chianti","isPartOf":{"@id":"https:\/\/www.ancoradelchianti.it\/de\/#website"},"primaryImageOfPage":{"@id":"https:\/\/www.ancoradelchianti.it\/de\/bb-zimmer\/verfuegbarkeit\/#primaryimage"},"image":{"@id":"https:\/\/www.ancoradelchianti.it\/de\/bb-zimmer\/verfuegbarkeit\/#primaryimage"},"thumbnailUrl":"https:\/\/www.ancoradelchianti.it\/wp-content\/uploads\/terrazzo.jpg","datePublished":"2024-03-04T13:28:13+00:00","dateModified":"2024-04-23T08:19:09+00:00","description":"Wir freuen uns auf Ihre Anfragen f\u00fcr Ihren Urlaub in der Toskana und senden Ihnen gerne umgehend unser bestes Angebot zu!","breadcrumb":{"@id":"https:\/\/www.ancoradelchianti.it\/de\/bb-zimmer\/verfuegbarkeit\/#breadcrumb"},"inLanguage":"de","potentialAction":[{"@type":"ReadAction","target":["https:\/\/www.ancoradelchianti.it\/de\/bb-zimmer\/verfuegbarkeit\/"]}]},{"@type":"ImageObject","inLanguage":"de","@id":"https:\/\/www.ancoradelchianti.it\/de\/bb-zimmer\/verfuegbarkeit\/#primaryimage","url":"https:\/\/www.ancoradelchianti.it\/wp-content\/uploads\/terrazzo.jpg","contentUrl":"https:\/\/www.ancoradelchianti.it\/wp-content\/uploads\/terrazzo.jpg","width":1920,"height":672},{"@type":"BreadcrumbList","@id":"https:\/\/www.ancoradelchianti.it\/de\/bb-zimmer\/verfuegbarkeit\/#breadcrumb","itemListElement":[{"@type":"ListItem","position":1,"name":"Home","item":"https:\/\/www.ancoradelchianti.it\/de\/"},{"@type":"ListItem","position":2,"name":"B&#038;B Zimmer","item":"https:\/\/www.ancoradelchianti.it\/de\/bb_retreat_tuscany\/"},{"@type":"ListItem","position":3,"name":"Verf\u00fcgbarkeit"}]},{"@type":"WebSite","@id":"https:\/\/www.ancoradelchianti.it\/de\/#website","url":"https:\/\/www.ancoradelchianti.it\/de\/","name":"Ancora del Chianti B&amp;B","description":"","publisher":{"@id":"https:\/\/www.ancoradelchianti.it\/de\/#organization"},"potentialAction":[{"@type":"SearchAction","target":{"@type":"EntryPoint","urlTemplate":"https:\/\/www.ancoradelchianti.it\/de\/?s={search_term_string}"},"query-input":{"@type":"PropertyValueSpecification","valueRequired":true,"valueName":"search_term_string"}}],"inLanguage":"de"},{"@type":"Organization","@id":"https:\/\/www.ancoradelchianti.it\/de\/#organization","name":"Ancora del Chianti B&amp;B","url":"https:\/\/www.ancoradelchianti.it\/de\/","logo":{"@type":"ImageObject","inLanguage":"de","@id":"https:\/\/www.ancoradelchianti.it\/de\/#\/schema\/logo\/image\/","url":"https:\/\/www.ancoradelchianti.it\/wp-content\/uploads\/logo\/logo.png","contentUrl":"https:\/\/www.ancoradelchianti.it\/wp-content\/uploads\/logo\/logo.png","width":129,"height":133,"caption":"Ancora del Chianti B&amp;B"},"image":{"@id":"https:\/\/www.ancoradelchianti.it\/de\/#\/schema\/logo\/image\/"}}]}},"_links":{"self":[{"href":"https:\/\/www.ancoradelchianti.it\/de\/wp-json\/wp\/v2\/pages\/8691","targetHints":{"allow":["GET"]}}],"collection":[{"href":"https:\/\/www.ancoradelchianti.it\/de\/wp-json\/wp\/v2\/pages"}],"about":[{"href":"https:\/\/www.ancoradelchianti.it\/de\/wp-json\/wp\/v2\/types\/page"}],"author":[{"embeddable":true,"href":"https:\/\/www.ancoradelchianti.it\/de\/wp-json\/wp\/v2\/users\/1"}],"replies":[{"embeddable":true,"href":"https:\/\/www.ancoradelchianti.it\/de\/wp-json\/wp\/v2\/comments?post=8691"}],"version-history":[{"count":0,"href":"https:\/\/www.ancoradelchianti.it\/de\/wp-json\/wp\/v2\/pages\/8691\/revisions"}],"up":[{"embeddable":true,"href":"https:\/\/www.ancoradelchianti.it\/de\/wp-json\/wp\/v2\/pages\/8681"}],"wp:featuredmedia":[{"embeddable":true,"href":"https:\/\/www.ancoradelchianti.it\/de\/wp-json\/wp\/v2\/media\/7481"}],"wp:attachment":[{"href":"https:\/\/www.ancoradelchianti.it\/de\/wp-json\/wp\/v2\/media?parent=8691"}],"wp:term":[{"taxonomy":"category","embeddable":true,"href":"https:\/\/www.ancoradelchianti.it\/de\/wp-json\/wp\/v2\/categories?post=8691"},{"taxonomy":"post_tag","embeddable":true,"href":"https:\/\/www.ancoradelchianti.it\/de\/wp-json\/wp\/v2\/tags?post=8691"}],"curies":[{"name":"wp","href":"https:\/\/api.w.org\/{rel}","templated":true}]}}