{"id":8693,"date":"2024-03-03T12:38:14","date_gmt":"2024-03-03T12:38:14","guid":{"rendered":"https:\/\/dev.ancoradelchianti.it\/anreise\/"},"modified":"2024-04-04T19:42:35","modified_gmt":"2024-04-04T19:42:35","slug":"anreise","status":"publish","type":"page","link":"https:\/\/www.ancoradelchianti.it\/de\/anreise\/","title":{"rendered":"Anreise"},"content":{"rendered":"\t\t<div data-elementor-type=\"wp-page\" data-elementor-id=\"8693\" class=\"elementor elementor-8693 elementor-6767\" data-elementor-post-type=\"page\">\n\t\t\t\t<div class=\"elementor-element elementor-element-9ad7e5f e-con-full e-flex e-con e-parent\" data-id=\"9ad7e5f\" data-element_type=\"container\" data-settings=\"{&quot;jet_parallax_layout_list&quot;:[]}\">\n\t\t\t\t<div data-dce-advanced-background-image-url=\"https:\/\/www.ancoradelchianti.it\/wp-content\/uploads\/where\/panorama.jpg\" class=\"elementor-element elementor-element-2e259bf elementor-invisible elementor-has-bg-overlay elementor-widget elementor-widget-global elementor-global-232 elementor-widget-heading\" data-id=\"2e259bf\" data-element_type=\"widget\" data-settings=\"{&quot;_animation&quot;:&quot;fadeInDown&quot;}\" data-widget_type=\"heading.default\">\n\t\t\t\t<div class=\"elementor-widget-container\">\n\t\t\t<h1 class=\"elementor-heading-title elementor-size-default\">Anreise<\/h1>\t\t<\/div>\n\t\t\t\t<\/div>\n\t\t\t\t<div class=\"elementor-element elementor-element-c038e8e elementor-widget elementor-widget-heading\" data-id=\"c038e8e\" data-element_type=\"widget\" data-widget_type=\"heading.default\">\n\t\t\t\t<div class=\"elementor-widget-container\">\n\t\t\t<h2 class=\"elementor-heading-title elementor-size-default\">Bed and Breakfast in der Toskana nahe Florenz und Siena<\/h2>\t\t<\/div>\n\t\t\t\t<\/div>\n\t\t\t\t<\/div>\n\t\t<div class=\"elementor-element elementor-element-5fed947 e-flex e-con-boxed e-con e-parent\" data-id=\"5fed947\" data-element_type=\"container\" data-settings=\"{&quot;jet_parallax_layout_list&quot;:[]}\">\n\t\t\t\t\t<div class=\"e-con-inner\">\n\t\t\t\t<div class=\"elementor-element elementor-element-843067b elementor-widget elementor-widget-text-editor\" data-id=\"843067b\" data-element_type=\"widget\" data-widget_type=\"text-editor.default\">\n\t\t\t\t<div class=\"elementor-widget-container\">\n\t\t\t\t\t\t\t<div class=\"col-md-12\"><\/div>\r\n<div class=\"col-md-12\">\r\n<h3>Das Bed und Breakfast ist im Chianti, Toskana, nur 20 km von Florenz, 40 km von Siena, es liegt zwischen kunsthistorisch hochinteressanten St\u00e4dten, der perfekte Standort um die Toskana zu erforschen.<\/h3>\r\nDas B&amp;B liegt\u00a0 auf einem H\u00fcgel, 5 km von Dorf Greve in Chianti entfernt. Hier findet man Restaurants, Pizzerien, Caf\u00e9s, das Fremdenverkehrsamt und einen malerischen Marktplatz. Von Greve aus sind es nur noch 3 km auf der Strada Statale und 2 km auf einer nicht asphaltierten Stra\u00dfe bis zum Ancora del Chianti\u00a0 Country BB and Art Yoga Retreat in Tuscany\r\n\r\nVon Greve in Chianti aus kein Taxi f\u00e4hrt, <strong>erreicht man uns nur mit dem Auto.<\/strong>\r\n\r\n<\/div>\r\n<h3>Ancora del Chianti &#8211; Country B&amp;B and Retreat in Tuscany liegt auf einem H\u00fcgel im Chianti, einem der besten Orte in der Toskana f\u00fcr Weinliebhaber.<\/h3>\r\n<strong>ANCORA DEL CHIANTI B&amp;B\r\n<\/strong><strong>Localit\u00e0 Collegalle 12\r\n<\/strong><strong>50022 Greve in Chianti Firenze\r\n<\/strong><strong>TEL +39 055<\/strong><strong>.\u00a0<\/strong><strong>85 40 44\r\n<\/strong><strong>MOB +39 339 15 87 642\r\n<\/strong><strong>E-Mail<\/strong>\u00a0<a href=\"mailto:info@ancoradelchianti.it\">info@ancoradelchianti.it\r\n<\/a>\r\n<h3>Viele Wege f\u00fchren zum Ancora del Chianti:\r\n\r\n<strong><em>VON FLORENZ \/ ROM AUS:<\/em><\/strong><\/h3>\r\nVon der Autostrada A1 (E35), Ausfahrt &#8222;Firenze Sud&#8220;, folgt man der Beschilderung nach Siena &#8211; Greve in Chianti SR222, f\u00e4hrt durch die D\u00f6rfer Grassina, Strada in Chianti, Chiocchio, Spedaluzzo, Le Bolle und richtet sich in GRETI (bei km 20,7 km auf der SR 222) dann nach der Beschilderung &#8222;Ancora del Chianti&#8220;.\r\n\r\nMan nimmt die bergauf f\u00fchrende Stra\u00dfe, die nach kurzer Zeit in eine unasphaltierte Stra\u00dfe \u00fcbergeht. Vorsichtig fahren und nach 1,5 km links abbiegen; bei der n\u00e4chsten Beschilderung sich rechts von der Beschilderung halten, die die letzten 400 Meter anzeigt. Unser Haus liegt am Ende der Stra\u00dfe: HERZLICH WILLKOMMEN!\r\n<h3><strong><em>VON SIENA AUS:<\/em><\/strong><\/h3>\r\nVon Siena aus f\u00e4hrt man die SR 222 Richtung Castellina in Chianti. Nach dem Dorf Greve in Chianti folgt man in GRETI der Beschilderung &#8222;Ancora del Chianti&#8220;. Man nimmt die bergauf f\u00fchrende Stra\u00dfe, die nach kurzer Zeit in eine unasphaltierte Stra\u00dfe \u00fcbergeht. Vorsichtig fahren und nach 1,5 km links abbiegen; bei der n\u00e4chsten Beschilderung sich rechts von der Beschilderung halten, die die letzten 400 Meter anzeigt. Unser Haus liegt am Ende der Stra\u00dfe: HERZLICH WILLKOMMEN!\r\n<h3><strong><em>VON PISA AUS:\r\n<\/em><\/strong><\/h3>\r\nAuf der Superstrada (Schnellstra\u00dfe) SGC FI-PI-LI (Florenz &#8211; Pisa &#8211; Livorno) f\u00e4hrt man Richtung &#8222;Firenze&#8220; (Florenz) und verl\u00e4sst diese in Ginestra Fiorentina (eine Abfahrt nach Montelupo Fiorentino). Von dort aus folgt man der Beschilderung nach Cerbaia und San Casciano. In San Casciano f\u00e4hrt man Richtung Greve in Chianti weiter (nimmt also nicht die Schnellstra\u00dfe nach Siena), f\u00e4hrt durch das Dorf Mercatale und Richtung Greve in Chianti weiter. Nach dem Dorf Passo dei Pecorai folgt man in Greti der Beschilderung &#8222;Ancora del Chianti, nimmt die bergauf f\u00fchrende Stra\u00dfe, die nach kurzer Zeit in eine unasphaltierte Stra\u00dfe \u00fcbergeht. Vorsichtig fahren und nach 1,5 km links abbiegen; bei der n\u00e4chsten Beschilderung sich rechts von der Beschilderung halten, die die letzten 400 Meter anzeigt. Unser Haus liegt am Ende der Stra\u00dfe: <strong>HERZLICH WILLKOMMEN!<\/strong>\t\t\t\t\t\t<\/div>\n\t\t\t\t<\/div>\n\t\t\t\t\t<\/div>\n\t\t\t\t<\/div>\n\t\t<div class=\"elementor-element elementor-element-c666c8f e-flex e-con-boxed e-con e-parent\" data-id=\"c666c8f\" data-element_type=\"container\" data-settings=\"{&quot;jet_parallax_layout_list&quot;:[]}\">\n\t\t\t\t\t<div class=\"e-con-inner\">\n\t\t\t\t<div class=\"elementor-element elementor-element-82db693 elementor-widget elementor-widget-global elementor-global-8639 elementor-global-6616 elementor-widget-text-editor\" data-id=\"82db693\" data-element_type=\"widget\" data-widget_type=\"text-editor.default\">\n\t\t\t\t<div class=\"elementor-widget-container\">\n\t\t\t\t\t\t\t<p style=\"text-align: center;\"><a href=\"https:\/\/ancoradelchianti.beddy.io\/#\/(beddy:home)?lang=de\" target=\"_blank\" rel=\"noopener\"><strong>JETZT BUCHEN<\/strong><\/a>\u00a0oder eine E-Mail senden an\u00a0<a href=\"mailto:info@ancoradelchianti.it\" target=\"_blank\" rel=\"noopener\">info@ancoradelchianti.it<\/a><\/p>\n\t\t\t\t\t\t<\/div>\n\t\t\t\t<\/div>\n\t\t\t\t\t<\/div>\n\t\t\t\t<\/div>\n\t\t<div class=\"elementor-element elementor-element-fa3d0a9 e-flex e-con-boxed e-con e-parent\" data-id=\"fa3d0a9\" data-element_type=\"container\" data-settings=\"{&quot;jet_parallax_layout_list&quot;:[]}\">\n\t\t\t\t\t<div class=\"e-con-inner\">\n\t\t\t\t<div class=\"elementor-element elementor-element-c0b74d6 elementor-widget elementor-widget-html\" data-id=\"c0b74d6\" data-element_type=\"widget\" data-widget_type=\"html.default\">\n\t\t\t\t<div class=\"elementor-widget-container\">\n\t\t\t<iframe src=\"https:\/\/www.google.com\/maps\/embed?pb=!1m18!1m12!1m3!1d3325.622554746117!2d11.309315474007693!3d43.61390977012953!2m3!1f0!2f0!3f0!3m2!1i1024!2i768!4f13.1!3m3!1m2!1s0x132a4b6354f56def%3A0xa5fe49107e83d878!2sAncora%20del%20Chianti%20B%26B!5e1!3m2!1sit!2sit!4v1709904110021!5m2!1sit!2sit\" width=\"600\" height=\"450\" style=\"border:0;\" allowfullscreen=\"\" loading=\"lazy\" referrerpolicy=\"no-referrer-when-downgrade\"><\/iframe>\t\t<\/div>\n\t\t\t\t<\/div>\n\t\t\t\t<div class=\"elementor-element elementor-element-63975db elementor-widget elementor-widget-html\" data-id=\"63975db\" data-element_type=\"widget\" data-widget_type=\"html.default\">\n\t\t\t\t<div class=\"elementor-widget-container\">\n\t\t\t<iframe src=\"https:\/\/www.google.com\/maps\/embed?pb=!4v1709903895258!6m8!1m7!1sw2GVOYbvaOLjwHRuJMz_qQ!2m2!1d43.60567489672524!2d11.30846018516962!3f14.9!4f-14.409999999999997!5f0.8160813932612223\" width=\"600\" height=\"450\" style=\"border:0;\" allowfullscreen=\"\" loading=\"lazy\" referrerpolicy=\"no-referrer-when-downgrade\"><\/iframe>\t\t<\/div>\n\t\t\t\t<\/div>\n\t\t\t\t\t<\/div>\n\t\t\t\t<\/div>\n\t\t\t\t<\/div>\n\t\t","protected":false},"excerpt":{"rendered":"<p>Bed and Breakfast in der Toskana nahe Florenz und Siena Das Bed und Breakfast ist im Chianti, Toskana, nur 20 km von Florenz, 40 km von Siena, es liegt zwischen kunsthistorisch hochinteressanten St\u00e4dten, der perfekte Standort um die Toskana zu erforschen. Das B&amp;B liegt\u00a0 auf einem H\u00fcgel, 5 km von Dorf Greve in Chianti entfernt&#8230;.<\/p>\n","protected":false},"author":1,"featured_media":6771,"parent":0,"menu_order":64,"comment_status":"closed","ping_status":"closed","template":"","meta":{"_acf_changed":false,"footnotes":""},"categories":[],"tags":[],"class_list":["post-8693","page","type-page","status-publish","has-post-thumbnail","hentry"],"acf":[],"yoast_head":"<!-- This site is optimized with the Yoast SEO plugin v24.0 - https:\/\/yoast.com\/wordpress\/plugins\/seo\/ -->\n<title>Bed and Breakfast in Toskana nahe Florenz und Siena<\/title>\n<meta name=\"description\" content=\"Das Bed und Breakfast ist im Chianti: der perfekte Standort um die Toskana zu erforschen.\" \/>\n<meta name=\"robots\" content=\"index, follow, max-snippet:-1, max-image-preview:large, max-video-preview:-1\" \/>\n<link rel=\"canonical\" href=\"https:\/\/www.ancoradelchianti.it\/de\/anreise\/\" \/>\n<meta property=\"og:locale\" content=\"de_DE\" \/>\n<meta property=\"og:type\" content=\"article\" \/>\n<meta property=\"og:title\" content=\"Bed and Breakfast in Toskana nahe Florenz und Siena\" \/>\n<meta property=\"og:description\" content=\"Das Bed und Breakfast ist im Chianti: der perfekte Standort um die Toskana zu erforschen.\" \/>\n<meta property=\"og:url\" content=\"https:\/\/www.ancoradelchianti.it\/de\/anreise\/\" \/>\n<meta property=\"og:site_name\" content=\"Ancora del Chianti B&amp;B\" \/>\n<meta property=\"article:modified_time\" content=\"2024-04-04T19:42:35+00:00\" \/>\n<meta property=\"og:image\" content=\"https:\/\/www.ancoradelchianti.it\/wp-content\/uploads\/where\/panorama.jpg\" \/>\n\t<meta property=\"og:image:width\" content=\"1920\" \/>\n\t<meta property=\"og:image:height\" content=\"672\" \/>\n\t<meta property=\"og:image:type\" content=\"image\/jpeg\" \/>\n<meta name=\"twitter:card\" content=\"summary_large_image\" \/>\n<meta name=\"twitter:label1\" content=\"Gesch\u00e4tzte Lesezeit\" \/>\n\t<meta name=\"twitter:data1\" content=\"3\u00a0Minuten\" \/>\n<script type=\"application\/ld+json\" class=\"yoast-schema-graph\">{\"@context\":\"https:\/\/schema.org\",\"@graph\":[{\"@type\":\"WebPage\",\"@id\":\"https:\/\/www.ancoradelchianti.it\/de\/anreise\/\",\"url\":\"https:\/\/www.ancoradelchianti.it\/de\/anreise\/\",\"name\":\"Bed and Breakfast in Toskana nahe Florenz und Siena\",\"isPartOf\":{\"@id\":\"https:\/\/www.ancoradelchianti.it\/de\/#website\"},\"primaryImageOfPage\":{\"@id\":\"https:\/\/www.ancoradelchianti.it\/de\/anreise\/#primaryimage\"},\"image\":{\"@id\":\"https:\/\/www.ancoradelchianti.it\/de\/anreise\/#primaryimage\"},\"thumbnailUrl\":\"https:\/\/www.ancoradelchianti.it\/wp-content\/uploads\/where\/panorama.jpg\",\"datePublished\":\"2024-03-03T12:38:14+00:00\",\"dateModified\":\"2024-04-04T19:42:35+00:00\",\"description\":\"Das Bed und Breakfast ist im Chianti: der perfekte Standort um die Toskana zu erforschen.\",\"breadcrumb\":{\"@id\":\"https:\/\/www.ancoradelchianti.it\/de\/anreise\/#breadcrumb\"},\"inLanguage\":\"de\",\"potentialAction\":[{\"@type\":\"ReadAction\",\"target\":[\"https:\/\/www.ancoradelchianti.it\/de\/anreise\/\"]}]},{\"@type\":\"ImageObject\",\"inLanguage\":\"de\",\"@id\":\"https:\/\/www.ancoradelchianti.it\/de\/anreise\/#primaryimage\",\"url\":\"https:\/\/www.ancoradelchianti.it\/wp-content\/uploads\/where\/panorama.jpg\",\"contentUrl\":\"https:\/\/www.ancoradelchianti.it\/wp-content\/uploads\/where\/panorama.jpg\",\"width\":1920,\"height\":672,\"caption\":\"Ancora del Chianti B&B Location\"},{\"@type\":\"BreadcrumbList\",\"@id\":\"https:\/\/www.ancoradelchianti.it\/de\/anreise\/#breadcrumb\",\"itemListElement\":[{\"@type\":\"ListItem\",\"position\":1,\"name\":\"Home\",\"item\":\"https:\/\/www.ancoradelchianti.it\/de\/\"},{\"@type\":\"ListItem\",\"position\":2,\"name\":\"Anreise\"}]},{\"@type\":\"WebSite\",\"@id\":\"https:\/\/www.ancoradelchianti.it\/de\/#website\",\"url\":\"https:\/\/www.ancoradelchianti.it\/de\/\",\"name\":\"Ancora del Chianti B&amp;B\",\"description\":\"\",\"publisher\":{\"@id\":\"https:\/\/www.ancoradelchianti.it\/de\/#organization\"},\"potentialAction\":[{\"@type\":\"SearchAction\",\"target\":{\"@type\":\"EntryPoint\",\"urlTemplate\":\"https:\/\/www.ancoradelchianti.it\/de\/?s={search_term_string}\"},\"query-input\":{\"@type\":\"PropertyValueSpecification\",\"valueRequired\":true,\"valueName\":\"search_term_string\"}}],\"inLanguage\":\"de\"},{\"@type\":\"Organization\",\"@id\":\"https:\/\/www.ancoradelchianti.it\/de\/#organization\",\"name\":\"Ancora del Chianti B&amp;B\",\"url\":\"https:\/\/www.ancoradelchianti.it\/de\/\",\"logo\":{\"@type\":\"ImageObject\",\"inLanguage\":\"de\",\"@id\":\"https:\/\/www.ancoradelchianti.it\/de\/#\/schema\/logo\/image\/\",\"url\":\"https:\/\/www.ancoradelchianti.it\/wp-content\/uploads\/logo\/logo.png\",\"contentUrl\":\"https:\/\/www.ancoradelchianti.it\/wp-content\/uploads\/logo\/logo.png\",\"width\":129,\"height\":133,\"caption\":\"Ancora del Chianti B&amp;B\"},\"image\":{\"@id\":\"https:\/\/www.ancoradelchianti.it\/de\/#\/schema\/logo\/image\/\"}}]}<\/script>\n<!-- \/ Yoast SEO plugin. -->","yoast_head_json":{"title":"Bed and Breakfast in Toskana nahe Florenz und Siena","description":"Das Bed und Breakfast ist im Chianti: der perfekte Standort um die Toskana zu erforschen.","robots":{"index":"index","follow":"follow","max-snippet":"max-snippet:-1","max-image-preview":"max-image-preview:large","max-video-preview":"max-video-preview:-1"},"canonical":"https:\/\/www.ancoradelchianti.it\/de\/anreise\/","og_locale":"de_DE","og_type":"article","og_title":"Bed and Breakfast in Toskana nahe Florenz und Siena","og_description":"Das Bed und Breakfast ist im Chianti: der perfekte Standort um die Toskana zu erforschen.","og_url":"https:\/\/www.ancoradelchianti.it\/de\/anreise\/","og_site_name":"Ancora del Chianti B&amp;B","article_modified_time":"2024-04-04T19:42:35+00:00","og_image":[{"width":1920,"height":672,"url":"https:\/\/www.ancoradelchianti.it\/wp-content\/uploads\/where\/panorama.jpg","type":"image\/jpeg"}],"twitter_card":"summary_large_image","twitter_misc":{"Gesch\u00e4tzte Lesezeit":"3\u00a0Minuten"},"schema":{"@context":"https:\/\/schema.org","@graph":[{"@type":"WebPage","@id":"https:\/\/www.ancoradelchianti.it\/de\/anreise\/","url":"https:\/\/www.ancoradelchianti.it\/de\/anreise\/","name":"Bed and Breakfast in Toskana nahe Florenz und Siena","isPartOf":{"@id":"https:\/\/www.ancoradelchianti.it\/de\/#website"},"primaryImageOfPage":{"@id":"https:\/\/www.ancoradelchianti.it\/de\/anreise\/#primaryimage"},"image":{"@id":"https:\/\/www.ancoradelchianti.it\/de\/anreise\/#primaryimage"},"thumbnailUrl":"https:\/\/www.ancoradelchianti.it\/wp-content\/uploads\/where\/panorama.jpg","datePublished":"2024-03-03T12:38:14+00:00","dateModified":"2024-04-04T19:42:35+00:00","description":"Das Bed und Breakfast ist im Chianti: der perfekte Standort um die Toskana zu erforschen.","breadcrumb":{"@id":"https:\/\/www.ancoradelchianti.it\/de\/anreise\/#breadcrumb"},"inLanguage":"de","potentialAction":[{"@type":"ReadAction","target":["https:\/\/www.ancoradelchianti.it\/de\/anreise\/"]}]},{"@type":"ImageObject","inLanguage":"de","@id":"https:\/\/www.ancoradelchianti.it\/de\/anreise\/#primaryimage","url":"https:\/\/www.ancoradelchianti.it\/wp-content\/uploads\/where\/panorama.jpg","contentUrl":"https:\/\/www.ancoradelchianti.it\/wp-content\/uploads\/where\/panorama.jpg","width":1920,"height":672,"caption":"Ancora del Chianti B&B Location"},{"@type":"BreadcrumbList","@id":"https:\/\/www.ancoradelchianti.it\/de\/anreise\/#breadcrumb","itemListElement":[{"@type":"ListItem","position":1,"name":"Home","item":"https:\/\/www.ancoradelchianti.it\/de\/"},{"@type":"ListItem","position":2,"name":"Anreise"}]},{"@type":"WebSite","@id":"https:\/\/www.ancoradelchianti.it\/de\/#website","url":"https:\/\/www.ancoradelchianti.it\/de\/","name":"Ancora del Chianti B&amp;B","description":"","publisher":{"@id":"https:\/\/www.ancoradelchianti.it\/de\/#organization"},"potentialAction":[{"@type":"SearchAction","target":{"@type":"EntryPoint","urlTemplate":"https:\/\/www.ancoradelchianti.it\/de\/?s={search_term_string}"},"query-input":{"@type":"PropertyValueSpecification","valueRequired":true,"valueName":"search_term_string"}}],"inLanguage":"de"},{"@type":"Organization","@id":"https:\/\/www.ancoradelchianti.it\/de\/#organization","name":"Ancora del Chianti B&amp;B","url":"https:\/\/www.ancoradelchianti.it\/de\/","logo":{"@type":"ImageObject","inLanguage":"de","@id":"https:\/\/www.ancoradelchianti.it\/de\/#\/schema\/logo\/image\/","url":"https:\/\/www.ancoradelchianti.it\/wp-content\/uploads\/logo\/logo.png","contentUrl":"https:\/\/www.ancoradelchianti.it\/wp-content\/uploads\/logo\/logo.png","width":129,"height":133,"caption":"Ancora del Chianti B&amp;B"},"image":{"@id":"https:\/\/www.ancoradelchianti.it\/de\/#\/schema\/logo\/image\/"}}]}},"_links":{"self":[{"href":"https:\/\/www.ancoradelchianti.it\/de\/wp-json\/wp\/v2\/pages\/8693","targetHints":{"allow":["GET"]}}],"collection":[{"href":"https:\/\/www.ancoradelchianti.it\/de\/wp-json\/wp\/v2\/pages"}],"about":[{"href":"https:\/\/www.ancoradelchianti.it\/de\/wp-json\/wp\/v2\/types\/page"}],"author":[{"embeddable":true,"href":"https:\/\/www.ancoradelchianti.it\/de\/wp-json\/wp\/v2\/users\/1"}],"replies":[{"embeddable":true,"href":"https:\/\/www.ancoradelchianti.it\/de\/wp-json\/wp\/v2\/comments?post=8693"}],"version-history":[{"count":0,"href":"https:\/\/www.ancoradelchianti.it\/de\/wp-json\/wp\/v2\/pages\/8693\/revisions"}],"wp:featuredmedia":[{"embeddable":true,"href":"https:\/\/www.ancoradelchianti.it\/de\/wp-json\/wp\/v2\/media\/6771"}],"wp:attachment":[{"href":"https:\/\/www.ancoradelchianti.it\/de\/wp-json\/wp\/v2\/media?parent=8693"}],"wp:term":[{"taxonomy":"category","embeddable":true,"href":"https:\/\/www.ancoradelchianti.it\/de\/wp-json\/wp\/v2\/categories?post=8693"},{"taxonomy":"post_tag","embeddable":true,"href":"https:\/\/www.ancoradelchianti.it\/de\/wp-json\/wp\/v2\/tags?post=8693"}],"curies":[{"name":"wp","href":"https:\/\/api.w.org\/{rel}","templated":true}]}}