{"id":8701,"date":"2024-03-03T13:21:10","date_gmt":"2024-03-03T13:21:10","guid":{"rendered":"https:\/\/dev.ancoradelchianti.it\/anreise\/warum-toskana\/"},"modified":"2024-04-05T06:59:16","modified_gmt":"2024-04-05T06:59:16","slug":"urlaub_toskana","status":"publish","type":"page","link":"https:\/\/www.ancoradelchianti.it\/de\/anreise\/urlaub_toskana\/","title":{"rendered":"Warum Toskana"},"content":{"rendered":"\t\t<div data-elementor-type=\"wp-page\" data-elementor-id=\"8701\" class=\"elementor elementor-8701 elementor-6844\" data-elementor-post-type=\"page\">\n\t\t\t\t<div class=\"elementor-element elementor-element-e675597 e-con-full e-flex e-con e-parent\" data-id=\"e675597\" data-element_type=\"container\" data-settings=\"{&quot;jet_parallax_layout_list&quot;:[]}\">\n\t\t\t\t<div data-dce-advanced-background-image-url=\"https:\/\/www.ancoradelchianti.it\/wp-content\/uploads\/why-tuscany\/vigna.jpg\" class=\"elementor-element elementor-element-90b82a6 elementor-invisible elementor-has-bg-overlay elementor-widget elementor-widget-global elementor-global-232 elementor-widget-heading\" data-id=\"90b82a6\" data-element_type=\"widget\" data-settings=\"{&quot;_animation&quot;:&quot;fadeInDown&quot;}\" data-widget_type=\"heading.default\">\n\t\t\t\t<div class=\"elementor-widget-container\">\n\t\t\t<h1 class=\"elementor-heading-title elementor-size-default\">Warum Toskana<\/h1>\t\t<\/div>\n\t\t\t\t<\/div>\n\t\t\t\t<div class=\"elementor-element elementor-element-9dbe8fc elementor-widget elementor-widget-heading\" data-id=\"9dbe8fc\" data-element_type=\"widget\" data-widget_type=\"heading.default\">\n\t\t\t\t<div class=\"elementor-widget-container\">\n\t\t\t<h2 class=\"elementor-heading-title elementor-size-default\">Warum Landurlaub in der Toskana<\/h2>\t\t<\/div>\n\t\t\t\t<\/div>\n\t\t\t\t<\/div>\n\t\t<div class=\"elementor-element elementor-element-8813673 e-flex e-con-boxed e-con e-parent\" data-id=\"8813673\" data-element_type=\"container\" data-settings=\"{&quot;jet_parallax_layout_list&quot;:[]}\">\n\t\t\t\t\t<div class=\"e-con-inner\">\n\t\t\t\t<div class=\"elementor-element elementor-element-9591dd6 elementor-widget elementor-widget-text-editor\" data-id=\"9591dd6\" data-element_type=\"widget\" data-widget_type=\"text-editor.default\">\n\t\t\t\t<div class=\"elementor-widget-container\">\n\t\t\t\t\t\t\t<h3>Die Idee Unterk\u00fcnfte f\u00fcr Landurlaub und nachhaltigen Tourismus anzubieten, entwickelte sich in Italien um 1980, vor allem in der Toskana und insbesondere im Chianti.<\/h3>\n<p><img fetchpriority=\"high\" decoding=\"async\" class=\"alignleft wp-image-6849\" src=\"https:\/\/www.ancoradelchianti.it\/wp-content\/uploads\/why-tuscany\/rural.jpg\" alt=\"\" width=\"355\" height=\"232\" \/><\/p>\n<p>Die Verbreitung des Konzepts von Bed &amp; Breakfast auch auf dem Land er\u00f6ffnete au\u00dferdem vielen Familien die M\u00f6glichkeit, aus St\u00e4dten wie Florenz oder Siena wegzuziehen, n\u00e4her am Puls der Natur zu leben und zusammen mit G\u00e4sten aus aller Welt einen umweltfreundlichen Tourismus zu entwickeln, in dessen Mittelpunkt nicht zuletzt die kulinarischen Spezialit\u00e4ten und der Wein der Region stehen.<\/p>\n<p>Die steigende Beliebtheit des Agriturismo (Urlaub auf dem Bauernhof) machte es den Landwirten m\u00f6glich, in ihren Bauernh\u00e4usern, H\u00f6fen und Geh\u00f6ften wohnen zu bleiben, einen h\u00f6heren Lebensstandard zu erlangen und sich weiterhin der Pflege der Landschaft und dort stehenden Geb\u00e4ude zu widmen.<\/p>\n\t\t\t\t\t\t<\/div>\n\t\t\t\t<\/div>\n\t\t\t\t\t<\/div>\n\t\t\t\t<\/div>\n\t\t<div class=\"elementor-element elementor-element-8841c6d e-flex e-con-boxed e-con e-parent\" data-id=\"8841c6d\" data-element_type=\"container\" data-settings=\"{&quot;jet_parallax_layout_list&quot;:[]}\">\n\t\t\t\t\t<div class=\"e-con-inner\">\n\t\t\t\t<div class=\"elementor-element elementor-element-3a1a254 elementor-widget elementor-widget-text-editor\" data-id=\"3a1a254\" data-element_type=\"widget\" data-widget_type=\"text-editor.default\">\n\t\t\t\t<div class=\"elementor-widget-container\">\n\t\t\t\t\t\t\t<h3>Die auf diesen Landbesitzen, die nat\u00fcrlich restauriert und mit jedem m\u00f6glichen Komfort ausgestattet worden sind, angebotene Gastfreundlichkeit hat sich als revolution\u00e4re Formel erwiesen.<\/h3>\n<p>Im Allgemeinen stehen zwei Angebotsarten zur Wahl: das Anmieten einer Unterkunft und die \u00dcbernachtung in Zimmern.<\/p>\n<p>Die meisten G\u00e4ste ziehen eine gemietete Unterkunft mit K\u00fcche f\u00fcr einen l\u00e4ngeren Aufenthalt im Chianti vor, Andere halten sich k\u00fcrzer in der Toskana auf und w\u00e4hlen daher ein komfortables Zimmer mit Fr\u00fchst\u00fcck in einem Bed &amp; Breakfast (Zimmervermietung) bzw. einem Gasthaus.<\/p>\n<p>Die Verf\u00fcgbarkeit einer Unterkunft in einem sch\u00f6nen Bauernhaus mit Garten ist in der gesamten Toskana und nat\u00fcrlich auch in der Gegend des Chianti Classico zwischen Florenz und Siena gegeben. Hier finden Sie den idealen Ort f\u00fcr einen sch\u00f6nen, entspannenden Urlaub auf dem Bauernhof. Gr\u00fcnde daf\u00fcr sind das Vorhandensein und die Qualit\u00e4t der Strukturen (entweder Agriturismo oder Bed &amp; Breakfast). Den Besucher erwartet hierbei in der Regel Folgendes: sch\u00f6ne, restaurierte Bauern- oder neu gestaltete Landh\u00e4user, die regionale Produkte mit Garantiesiegel und aus Bio- Produktion anbieten (z. B. den Chianti Classico Gallo Nero), Weing\u00fcter mit Kellerei und Weinverkostung, eine unvergleichlich sch\u00f6ne Landschaft und nicht zuletzt k\u00f6stliche Speisen. Das sind die guten Gr\u00fcnde, weshalb die Chianti-Gegend das bevorzugte Urlaubsziel vieler Menschen ist, die einen Urlaub auf dem Bauernhof oder einige Zeit in einem Bed &amp; Breakfast in der Toskana verbringen m\u00f6chten.<\/p>\n<p>Im Fr\u00fchling erlebt jeder kleine Ort in der Provinz Florenz (wie z. B. Greve in Chianti oder Panzano in Chianti, Impruneta und San Casciano in Val di Pesa) und in der Provinz Siena (wie Castellina in Chianti, Radda in Chianti, Gaiole in Chianti, San Gimignano) und nicht zuletzt Volterra mit Beginn der Urlaubssaison eine friedliche Invasion von Ferieng\u00e4sten. Diese Freunde des Landlebens und der Kunst der Toskana sind vor allem auf der Suche nach einer Unterkunft (je nach Anspr\u00fcchen von luxuri\u00f6s bis preiswert), einer Unterkunft mit K\u00fcche wie sie z. B. Appartements in Bauernh\u00e4usern oder einzeln stehende Bauernh\u00e4user bieten, oder m\u00f6chten einfach ein Zimmer zur Miete, um in einer dieser Optionen einen angenehm erholsamen Landurlaub in der Chianti-Gegend oder in der Toskana zu verbringen. Manchmal wird ihnen neben einem gemieteten Appartement und einem Zimmer mit Fr\u00fchst\u00fcck in einem Bed &amp; Breakfast auch der Besuch einer der Kellereien des Chianti, eine Weinverkostung (Chianti Classico Gallo Nero) oder ein Kochkurs auf einem Weingut angeboten.<\/p>\n<p>Belegt wird der Erfolg des Agriturismo-Konzeptes in der Toskana dadurch, dass viele G\u00e4ste auf einem Bauernhof im Chianti ihren idealen Urlaubsort finden und noch vor der Abreise hier schon den n\u00e4chsten Urlaub buchen!<\/p>\n\t\t\t\t\t\t<\/div>\n\t\t\t\t<\/div>\n\t\t\t\t\t<\/div>\n\t\t\t\t<\/div>\n\t\t<div class=\"elementor-element elementor-element-ac43ceb e-flex e-con-boxed e-con e-parent\" data-id=\"ac43ceb\" data-element_type=\"container\" data-settings=\"{&quot;jet_parallax_layout_list&quot;:[]}\">\n\t\t\t\t\t<div class=\"e-con-inner\">\n\t\t\t\t<div class=\"elementor-element elementor-element-3ab72ac elementor-widget elementor-widget-global elementor-global-8639 elementor-global-6616 elementor-widget-text-editor\" data-id=\"3ab72ac\" data-element_type=\"widget\" data-widget_type=\"text-editor.default\">\n\t\t\t\t<div class=\"elementor-widget-container\">\n\t\t\t\t\t\t\t<p style=\"text-align: center;\"><a href=\"https:\/\/ancoradelchianti.beddy.io\/#\/(beddy:home)?lang=de\" target=\"_blank\" rel=\"noopener\"><strong>JETZT BUCHEN<\/strong><\/a>\u00a0oder eine E-Mail senden an\u00a0<a href=\"mailto:info@ancoradelchianti.it\" target=\"_blank\" rel=\"noopener\">info@ancoradelchianti.it<\/a><\/p>\n\t\t\t\t\t\t<\/div>\n\t\t\t\t<\/div>\n\t\t\t\t\t<\/div>\n\t\t\t\t<\/div>\n\t\t\t\t<\/div>\n\t\t","protected":false},"excerpt":{"rendered":"<p>Warum Landurlaub in der Toskana Die Idee Unterk\u00fcnfte f\u00fcr Landurlaub und nachhaltigen Tourismus anzubieten, entwickelte sich in Italien um 1980, vor allem in der Toskana und insbesondere im Chianti. Die Verbreitung des Konzepts von Bed &amp; Breakfast auch auf dem Land er\u00f6ffnete au\u00dferdem vielen Familien die M\u00f6glichkeit, aus St\u00e4dten wie Florenz oder Siena wegzuziehen, n\u00e4her&#8230;<\/p>\n","protected":false},"author":1,"featured_media":6847,"parent":8693,"menu_order":69,"comment_status":"closed","ping_status":"closed","template":"","meta":{"_acf_changed":false,"footnotes":""},"categories":[],"tags":[],"class_list":["post-8701","page","type-page","status-publish","has-post-thumbnail","hentry"],"acf":[],"yoast_head":"<!-- This site is optimized with the Yoast SEO plugin v24.0 - https:\/\/yoast.com\/wordpress\/plugins\/seo\/ -->\n<title>Reiseziele Toskana<\/title>\n<meta name=\"description\" content=\"Die Verbreitung des Konzepts von Bed &amp; Breakfast auch auf dem Land er\u00f6ffnete au\u00dferdem vielen Familien die M\u00f6glichkeit, aus St\u00e4dten wie Florenz oder Siena wegzuziehen, n\u00e4her am Puls der Natur zu leben und zusammen mit G\u00e4sten aus aller Welt einen umweltfreundlichen Tourismus zu entwickeln, in dessen Mittelpunkt nicht zuletzt die kulinarischen Spezialit\u00e4ten und der Wein der Region stehen.\" \/>\n<meta name=\"robots\" content=\"index, follow, max-snippet:-1, max-image-preview:large, max-video-preview:-1\" \/>\n<link rel=\"canonical\" href=\"https:\/\/www.ancoradelchianti.it\/de\/anreise\/urlaub_toskana\/\" \/>\n<meta property=\"og:locale\" content=\"de_DE\" \/>\n<meta property=\"og:type\" content=\"article\" \/>\n<meta property=\"og:title\" content=\"Reiseziele Toskana\" \/>\n<meta property=\"og:description\" content=\"Die Verbreitung des Konzepts von Bed &amp; Breakfast auch auf dem Land er\u00f6ffnete au\u00dferdem vielen Familien die M\u00f6glichkeit, aus St\u00e4dten wie Florenz oder Siena wegzuziehen, n\u00e4her am Puls der Natur zu leben und zusammen mit G\u00e4sten aus aller Welt einen umweltfreundlichen Tourismus zu entwickeln, in dessen Mittelpunkt nicht zuletzt die kulinarischen Spezialit\u00e4ten und der Wein der Region stehen.\" \/>\n<meta property=\"og:url\" content=\"https:\/\/www.ancoradelchianti.it\/de\/anreise\/urlaub_toskana\/\" \/>\n<meta property=\"og:site_name\" content=\"Ancora del Chianti B&amp;B\" \/>\n<meta property=\"article:modified_time\" content=\"2024-04-05T06:59:16+00:00\" \/>\n<meta property=\"og:image\" content=\"https:\/\/www.ancoradelchianti.it\/wp-content\/uploads\/why-tuscany\/vigna.jpg\" \/>\n\t<meta property=\"og:image:width\" content=\"2000\" \/>\n\t<meta property=\"og:image:height\" content=\"700\" \/>\n\t<meta property=\"og:image:type\" content=\"image\/jpeg\" \/>\n<meta name=\"twitter:card\" content=\"summary_large_image\" \/>\n<meta name=\"twitter:label1\" content=\"Gesch\u00e4tzte Lesezeit\" \/>\n\t<meta name=\"twitter:data1\" content=\"3\u00a0Minuten\" \/>\n<script type=\"application\/ld+json\" class=\"yoast-schema-graph\">{\"@context\":\"https:\/\/schema.org\",\"@graph\":[{\"@type\":\"WebPage\",\"@id\":\"https:\/\/www.ancoradelchianti.it\/de\/anreise\/urlaub_toskana\/\",\"url\":\"https:\/\/www.ancoradelchianti.it\/de\/anreise\/urlaub_toskana\/\",\"name\":\"Reiseziele Toskana\",\"isPartOf\":{\"@id\":\"https:\/\/www.ancoradelchianti.it\/de\/#website\"},\"primaryImageOfPage\":{\"@id\":\"https:\/\/www.ancoradelchianti.it\/de\/anreise\/urlaub_toskana\/#primaryimage\"},\"image\":{\"@id\":\"https:\/\/www.ancoradelchianti.it\/de\/anreise\/urlaub_toskana\/#primaryimage\"},\"thumbnailUrl\":\"https:\/\/www.ancoradelchianti.it\/wp-content\/uploads\/why-tuscany\/vigna.jpg\",\"datePublished\":\"2024-03-03T13:21:10+00:00\",\"dateModified\":\"2024-04-05T06:59:16+00:00\",\"description\":\"Die Verbreitung des Konzepts von Bed & Breakfast auch auf dem Land er\u00f6ffnete au\u00dferdem vielen Familien die M\u00f6glichkeit, aus St\u00e4dten wie Florenz oder Siena wegzuziehen, n\u00e4her am Puls der Natur zu leben und zusammen mit G\u00e4sten aus aller Welt einen umweltfreundlichen Tourismus zu entwickeln, in dessen Mittelpunkt nicht zuletzt die kulinarischen Spezialit\u00e4ten und der Wein der Region stehen.\",\"breadcrumb\":{\"@id\":\"https:\/\/www.ancoradelchianti.it\/de\/anreise\/urlaub_toskana\/#breadcrumb\"},\"inLanguage\":\"de\",\"potentialAction\":[{\"@type\":\"ReadAction\",\"target\":[\"https:\/\/www.ancoradelchianti.it\/de\/anreise\/urlaub_toskana\/\"]}]},{\"@type\":\"ImageObject\",\"inLanguage\":\"de\",\"@id\":\"https:\/\/www.ancoradelchianti.it\/de\/anreise\/urlaub_toskana\/#primaryimage\",\"url\":\"https:\/\/www.ancoradelchianti.it\/wp-content\/uploads\/why-tuscany\/vigna.jpg\",\"contentUrl\":\"https:\/\/www.ancoradelchianti.it\/wp-content\/uploads\/why-tuscany\/vigna.jpg\",\"width\":2000,\"height\":700},{\"@type\":\"BreadcrumbList\",\"@id\":\"https:\/\/www.ancoradelchianti.it\/de\/anreise\/urlaub_toskana\/#breadcrumb\",\"itemListElement\":[{\"@type\":\"ListItem\",\"position\":1,\"name\":\"Home\",\"item\":\"https:\/\/www.ancoradelchianti.it\/de\/\"},{\"@type\":\"ListItem\",\"position\":2,\"name\":\"Anreise\",\"item\":\"https:\/\/www.ancoradelchianti.it\/de\/location\/\"},{\"@type\":\"ListItem\",\"position\":3,\"name\":\"Warum Toskana\"}]},{\"@type\":\"WebSite\",\"@id\":\"https:\/\/www.ancoradelchianti.it\/de\/#website\",\"url\":\"https:\/\/www.ancoradelchianti.it\/de\/\",\"name\":\"Ancora del Chianti B&amp;B\",\"description\":\"\",\"publisher\":{\"@id\":\"https:\/\/www.ancoradelchianti.it\/de\/#organization\"},\"potentialAction\":[{\"@type\":\"SearchAction\",\"target\":{\"@type\":\"EntryPoint\",\"urlTemplate\":\"https:\/\/www.ancoradelchianti.it\/de\/?s={search_term_string}\"},\"query-input\":{\"@type\":\"PropertyValueSpecification\",\"valueRequired\":true,\"valueName\":\"search_term_string\"}}],\"inLanguage\":\"de\"},{\"@type\":\"Organization\",\"@id\":\"https:\/\/www.ancoradelchianti.it\/de\/#organization\",\"name\":\"Ancora del Chianti B&amp;B\",\"url\":\"https:\/\/www.ancoradelchianti.it\/de\/\",\"logo\":{\"@type\":\"ImageObject\",\"inLanguage\":\"de\",\"@id\":\"https:\/\/www.ancoradelchianti.it\/de\/#\/schema\/logo\/image\/\",\"url\":\"https:\/\/www.ancoradelchianti.it\/wp-content\/uploads\/logo\/logo.png\",\"contentUrl\":\"https:\/\/www.ancoradelchianti.it\/wp-content\/uploads\/logo\/logo.png\",\"width\":129,\"height\":133,\"caption\":\"Ancora del Chianti B&amp;B\"},\"image\":{\"@id\":\"https:\/\/www.ancoradelchianti.it\/de\/#\/schema\/logo\/image\/\"}}]}<\/script>\n<!-- \/ Yoast SEO plugin. -->","yoast_head_json":{"title":"Reiseziele Toskana","description":"Die Verbreitung des Konzepts von Bed & Breakfast auch auf dem Land er\u00f6ffnete au\u00dferdem vielen Familien die M\u00f6glichkeit, aus St\u00e4dten wie Florenz oder Siena wegzuziehen, n\u00e4her am Puls der Natur zu leben und zusammen mit G\u00e4sten aus aller Welt einen umweltfreundlichen Tourismus zu entwickeln, in dessen Mittelpunkt nicht zuletzt die kulinarischen Spezialit\u00e4ten und der Wein der Region stehen.","robots":{"index":"index","follow":"follow","max-snippet":"max-snippet:-1","max-image-preview":"max-image-preview:large","max-video-preview":"max-video-preview:-1"},"canonical":"https:\/\/www.ancoradelchianti.it\/de\/anreise\/urlaub_toskana\/","og_locale":"de_DE","og_type":"article","og_title":"Reiseziele Toskana","og_description":"Die Verbreitung des Konzepts von Bed & Breakfast auch auf dem Land er\u00f6ffnete au\u00dferdem vielen Familien die M\u00f6glichkeit, aus St\u00e4dten wie Florenz oder Siena wegzuziehen, n\u00e4her am Puls der Natur zu leben und zusammen mit G\u00e4sten aus aller Welt einen umweltfreundlichen Tourismus zu entwickeln, in dessen Mittelpunkt nicht zuletzt die kulinarischen Spezialit\u00e4ten und der Wein der Region stehen.","og_url":"https:\/\/www.ancoradelchianti.it\/de\/anreise\/urlaub_toskana\/","og_site_name":"Ancora del Chianti B&amp;B","article_modified_time":"2024-04-05T06:59:16+00:00","og_image":[{"width":2000,"height":700,"url":"https:\/\/www.ancoradelchianti.it\/wp-content\/uploads\/why-tuscany\/vigna.jpg","type":"image\/jpeg"}],"twitter_card":"summary_large_image","twitter_misc":{"Gesch\u00e4tzte Lesezeit":"3\u00a0Minuten"},"schema":{"@context":"https:\/\/schema.org","@graph":[{"@type":"WebPage","@id":"https:\/\/www.ancoradelchianti.it\/de\/anreise\/urlaub_toskana\/","url":"https:\/\/www.ancoradelchianti.it\/de\/anreise\/urlaub_toskana\/","name":"Reiseziele Toskana","isPartOf":{"@id":"https:\/\/www.ancoradelchianti.it\/de\/#website"},"primaryImageOfPage":{"@id":"https:\/\/www.ancoradelchianti.it\/de\/anreise\/urlaub_toskana\/#primaryimage"},"image":{"@id":"https:\/\/www.ancoradelchianti.it\/de\/anreise\/urlaub_toskana\/#primaryimage"},"thumbnailUrl":"https:\/\/www.ancoradelchianti.it\/wp-content\/uploads\/why-tuscany\/vigna.jpg","datePublished":"2024-03-03T13:21:10+00:00","dateModified":"2024-04-05T06:59:16+00:00","description":"Die Verbreitung des Konzepts von Bed & Breakfast auch auf dem Land er\u00f6ffnete au\u00dferdem vielen Familien die M\u00f6glichkeit, aus St\u00e4dten wie Florenz oder Siena wegzuziehen, n\u00e4her am Puls der Natur zu leben und zusammen mit G\u00e4sten aus aller Welt einen umweltfreundlichen Tourismus zu entwickeln, in dessen Mittelpunkt nicht zuletzt die kulinarischen Spezialit\u00e4ten und der Wein der Region stehen.","breadcrumb":{"@id":"https:\/\/www.ancoradelchianti.it\/de\/anreise\/urlaub_toskana\/#breadcrumb"},"inLanguage":"de","potentialAction":[{"@type":"ReadAction","target":["https:\/\/www.ancoradelchianti.it\/de\/anreise\/urlaub_toskana\/"]}]},{"@type":"ImageObject","inLanguage":"de","@id":"https:\/\/www.ancoradelchianti.it\/de\/anreise\/urlaub_toskana\/#primaryimage","url":"https:\/\/www.ancoradelchianti.it\/wp-content\/uploads\/why-tuscany\/vigna.jpg","contentUrl":"https:\/\/www.ancoradelchianti.it\/wp-content\/uploads\/why-tuscany\/vigna.jpg","width":2000,"height":700},{"@type":"BreadcrumbList","@id":"https:\/\/www.ancoradelchianti.it\/de\/anreise\/urlaub_toskana\/#breadcrumb","itemListElement":[{"@type":"ListItem","position":1,"name":"Home","item":"https:\/\/www.ancoradelchianti.it\/de\/"},{"@type":"ListItem","position":2,"name":"Anreise","item":"https:\/\/www.ancoradelchianti.it\/de\/location\/"},{"@type":"ListItem","position":3,"name":"Warum Toskana"}]},{"@type":"WebSite","@id":"https:\/\/www.ancoradelchianti.it\/de\/#website","url":"https:\/\/www.ancoradelchianti.it\/de\/","name":"Ancora del Chianti B&amp;B","description":"","publisher":{"@id":"https:\/\/www.ancoradelchianti.it\/de\/#organization"},"potentialAction":[{"@type":"SearchAction","target":{"@type":"EntryPoint","urlTemplate":"https:\/\/www.ancoradelchianti.it\/de\/?s={search_term_string}"},"query-input":{"@type":"PropertyValueSpecification","valueRequired":true,"valueName":"search_term_string"}}],"inLanguage":"de"},{"@type":"Organization","@id":"https:\/\/www.ancoradelchianti.it\/de\/#organization","name":"Ancora del Chianti B&amp;B","url":"https:\/\/www.ancoradelchianti.it\/de\/","logo":{"@type":"ImageObject","inLanguage":"de","@id":"https:\/\/www.ancoradelchianti.it\/de\/#\/schema\/logo\/image\/","url":"https:\/\/www.ancoradelchianti.it\/wp-content\/uploads\/logo\/logo.png","contentUrl":"https:\/\/www.ancoradelchianti.it\/wp-content\/uploads\/logo\/logo.png","width":129,"height":133,"caption":"Ancora del Chianti B&amp;B"},"image":{"@id":"https:\/\/www.ancoradelchianti.it\/de\/#\/schema\/logo\/image\/"}}]}},"_links":{"self":[{"href":"https:\/\/www.ancoradelchianti.it\/de\/wp-json\/wp\/v2\/pages\/8701","targetHints":{"allow":["GET"]}}],"collection":[{"href":"https:\/\/www.ancoradelchianti.it\/de\/wp-json\/wp\/v2\/pages"}],"about":[{"href":"https:\/\/www.ancoradelchianti.it\/de\/wp-json\/wp\/v2\/types\/page"}],"author":[{"embeddable":true,"href":"https:\/\/www.ancoradelchianti.it\/de\/wp-json\/wp\/v2\/users\/1"}],"replies":[{"embeddable":true,"href":"https:\/\/www.ancoradelchianti.it\/de\/wp-json\/wp\/v2\/comments?post=8701"}],"version-history":[{"count":0,"href":"https:\/\/www.ancoradelchianti.it\/de\/wp-json\/wp\/v2\/pages\/8701\/revisions"}],"up":[{"embeddable":true,"href":"https:\/\/www.ancoradelchianti.it\/de\/wp-json\/wp\/v2\/pages\/8693"}],"wp:featuredmedia":[{"embeddable":true,"href":"https:\/\/www.ancoradelchianti.it\/de\/wp-json\/wp\/v2\/media\/6847"}],"wp:attachment":[{"href":"https:\/\/www.ancoradelchianti.it\/de\/wp-json\/wp\/v2\/media?parent=8701"}],"wp:term":[{"taxonomy":"category","embeddable":true,"href":"https:\/\/www.ancoradelchianti.it\/de\/wp-json\/wp\/v2\/categories?post=8701"},{"taxonomy":"post_tag","embeddable":true,"href":"https:\/\/www.ancoradelchianti.it\/de\/wp-json\/wp\/v2\/tags?post=8701"}],"curies":[{"name":"wp","href":"https:\/\/api.w.org\/{rel}","templated":true}]}}