{"id":8711,"date":"2024-03-04T14:25:17","date_gmt":"2024-03-04T14:25:17","guid":{"rendered":"https:\/\/dev.ancoradelchianti.it\/mieten-fuer-seminare-kunstler-residenz\/verfuegbarkeit\/"},"modified":"2025-12-01T14:00:41","modified_gmt":"2025-12-01T14:00:41","slug":"verfuegbarkeit-seminar","status":"publish","type":"page","link":"https:\/\/www.ancoradelchianti.it\/de\/mieten-fuer-seminare-kunstler-residenz\/verfuegbarkeit-seminar\/","title":{"rendered":"Verf\u00fcgbarkeit"},"content":{"rendered":"\t\t<div data-elementor-type=\"wp-page\" data-elementor-id=\"8711\" class=\"elementor elementor-8711 elementor-7422\" data-elementor-post-type=\"page\">\n\t\t\t\t<div class=\"elementor-element elementor-element-78d5af0 e-con-full e-flex e-con e-parent\" data-id=\"78d5af0\" data-element_type=\"container\" data-settings=\"{&quot;jet_parallax_layout_list&quot;:[]}\">\n\t\t\t\t<div data-dce-advanced-background-image-url=\"https:\/\/www.ancoradelchianti.it\/wp-content\/uploads\/terrazzo.jpg\" class=\"elementor-element elementor-element-d3ad59c elementor-invisible elementor-has-bg-overlay elementor-widget elementor-widget-global elementor-global-232 elementor-widget-heading\" data-id=\"d3ad59c\" data-element_type=\"widget\" data-settings=\"{&quot;_animation&quot;:&quot;fadeInDown&quot;}\" data-widget_type=\"heading.default\">\n\t\t\t\t<div class=\"elementor-widget-container\">\n\t\t\t<h1 class=\"elementor-heading-title elementor-size-default\">Verf\u00fcgbarkeit<\/h1>\t\t<\/div>\n\t\t\t\t<\/div>\n\t\t\t\t<div class=\"elementor-element elementor-element-b9a98a8 elementor-widget elementor-widget-heading\" data-id=\"b9a98a8\" data-element_type=\"widget\" data-widget_type=\"heading.default\">\n\t\t\t\t<div class=\"elementor-widget-container\">\n\t\t\t<h2 class=\"elementor-heading-title elementor-size-default\">Verf\u00fcgbarkeit<\/h2>\t\t<\/div>\n\t\t\t\t<\/div>\n\t\t\t\t<\/div>\n\t\t<div class=\"elementor-element elementor-element-6603da4 e-flex e-con-boxed e-con e-parent\" data-id=\"6603da4\" data-element_type=\"container\" data-settings=\"{&quot;jet_parallax_layout_list&quot;:[]}\">\n\t\t\t\t\t<div class=\"e-con-inner\">\n\t\t\t\t<div class=\"elementor-element elementor-element-1fce91a elementor-widget elementor-widget-text-editor\" data-id=\"1fce91a\" data-element_type=\"widget\" data-widget_type=\"text-editor.default\">\n\t\t\t\t<div class=\"elementor-widget-container\">\n\t\t\t\t\t\t\t<p style=\"text-align: center;\">JETZT BUCHEN auf unserer Website.<br \/>\nSenden Sie eine E-Mail an <a href=\"mailto:info@ancoradelchianti.it\">info@ancoradelchianti.it <\/a>oder f\u00fcllen Sie das Formular weiter unten aus. Unser Reservierungsb\u00fcro steht Ihnen f\u00fcr Ausk\u00fcnfte und zur Beantwortung von Anfragen immer gerne zur Verf\u00fcgung.<\/p>\n<p><\/p>\n<p style=\"text-align: center;\">Die Informationen, die Sie uns in diesem Formular geben, werden uns helfen, Sie besser zu bedienen.<\/p>\n\t\t\t\t\t\t<\/div>\n\t\t\t\t<\/div>\n\t\t\t\t<div class=\"elementor-element elementor-element-c3d5061 elementor-widget elementor-widget-formidable\" data-id=\"c3d5061\" data-element_type=\"widget\" data-widget_type=\"formidable.default\">\n\t\t\t\t<div class=\"elementor-widget-container\">\n\t\t\t<div class=\"frm_forms  with_frm_style frm_style_stile-di-formidable\" id=\"frm_form_4_container\" data-token=\"404ceea43cc349291a1e95d682290f8a\">\n<form enctype=\"multipart\/form-data\" method=\"post\" class=\"frm-show-form  frm_ajax_submit  frm_pro_form \" id=\"form_retreat\" data-token=\"404ceea43cc349291a1e95d682290f8a\">\n<div class=\"frm_form_fields \">\n<fieldset>\n<legend class=\"frm_screen_reader\">Erneut versuchen<\/legend>\r\n\r\n<div class=\"frm_fields_container\">\n<input type=\"hidden\" name=\"frm_action\" value=\"create\" \/>\n<input type=\"hidden\" name=\"form_id\" value=\"4\" \/>\n<input type=\"hidden\" name=\"frm_hide_fields_4\" id=\"frm_hide_fields_4\" value=\"\" \/>\n<input type=\"hidden\" name=\"form_key\" value=\"retreat\" \/>\n<input type=\"hidden\" name=\"item_meta[0]\" value=\"\" \/>\n<input type=\"hidden\" id=\"frm_submit_entry_4\" name=\"frm_submit_entry_4\" value=\"372458c462\" \/><input type=\"hidden\" name=\"_wp_http_referer\" value=\"\/de\/wp-json\/wp\/v2\/pages\/8711\" \/><div id=\"frm_field_22_container\" class=\"frm_form_field form-field  frm_required_field frm_top_container\">\r\n\t<div  id=\"field_ggagf_label\" class=\"frm_primary_label\">Name\r\n\t\t<span class=\"frm_required\" aria-hidden=\"true\">*<\/span>\r\n\t<\/div>\r\n\t<fieldset aria-labelledby=\"field_ggagf_label\">\n\t<legend class=\"frm_screen_reader frm_hidden\">\n\t\tName\t<\/legend>\n\n\t<div  class=\"frm_combo_inputs_container\" id=\"frm_combo_inputs_container_22\" data-name-layout=\"first_last\">\n\t\t\t\t\t<div\n\t\t\t\tid=\"frm_field_22-first_container\"\n\t\t\t\tclass=\"frm_form_field form-field frm_form_subfield-first  frm6\"\n\t\t\t\tdata-sub-field-name=\"first\"\n\t\t\t>\n\t\t\t\t<label for=\"field_ggagf_first\" class=\"frm_screen_reader frm_hidden\">\n\t\t\t\t\tName\t\t\t\t<\/label>\n\n\t\t\t\t\t\t\t\t\t\t<input\n\t\t\t\t\t\t\ttype=\"text\"\n\t\t\t\t\t\t\tid=\"field_ggagf_first\"\n\t\t\t\t\t\t\tvalue=\"\"\n\t\t\t\t\t\t\tname=\"item_meta[22][first]\"  data-reqmsg=\"Field cannot be blank.\" aria-required=\"true\" data-invmsg=\"Name ist ung\u00fcltig\" aria-invalid=\"false\"  \t\t\t\t\t\t\/>\n\t\t\t\t\t\t<div class=\"frm_description\" id=\"frm_field_22_first_desc\">Name<\/div>\t\t\t<\/div>\n\t\t\t\t\t\t<div\n\t\t\t\tid=\"frm_field_22-last_container\"\n\t\t\t\tclass=\"frm_form_field form-field frm_form_subfield-last  frm6\"\n\t\t\t\tdata-sub-field-name=\"last\"\n\t\t\t>\n\t\t\t\t<label for=\"field_ggagf_last\" class=\"frm_screen_reader frm_hidden\">\n\t\t\t\t\tNachname\t\t\t\t<\/label>\n\n\t\t\t\t\t\t\t\t\t\t<input\n\t\t\t\t\t\t\ttype=\"text\"\n\t\t\t\t\t\t\tid=\"field_ggagf_last\"\n\t\t\t\t\t\t\tvalue=\"\"\n\t\t\t\t\t\t\tname=\"item_meta[22][last]\"  data-reqmsg=\"Field cannot be blank.\" aria-required=\"true\" data-invmsg=\"Name ist ung\u00fcltig\" aria-invalid=\"false\"  \t\t\t\t\t\t\/>\n\t\t\t\t\t\t<div class=\"frm_description\" id=\"frm_field_22_last_desc\">Nachname<\/div>\t\t\t<\/div>\n\t\t\t\t<\/div>\n<\/fieldset>\n\r\n\t\r\n\t\r\n<\/div>\n<div id=\"frm_field_23_container\" class=\"frm_form_field form-field  frm_required_field frm_top_container\">\r\n\t<label for=\"field_ah1sm\" id=\"field_ah1sm_label\" class=\"frm_primary_label\">Email\r\n\t\t<span class=\"frm_required\" aria-hidden=\"true\">*<\/span>\r\n\t<\/label>\r\n\t<input type=\"email\" id=\"field_ah1sm\" name=\"item_meta[23]\" value=\"\"  autocomplete=\"email\"  data-reqmsg=\"Field cannot be blank.\" aria-required=\"true\" data-invmsg=\"Email invalid\" aria-invalid=\"false\"  \/>\r\n\t\r\n\t\r\n<\/div>\n<div id=\"frm_field_24_container\" class=\"frm_form_field form-field  frm_required_field frm_top_container\">\r\n\t<label for=\"field_nxb55\" id=\"field_nxb55_label\" class=\"frm_primary_label\">Gesamtanzahl der G\u00e4ste (ca.)\r\n\t\t<span class=\"frm_required\" aria-hidden=\"true\">*<\/span>\r\n\t<\/label>\r\n\t<input type=\"number\" id=\"field_nxb55\" name=\"item_meta[24]\" value=\"\"  data-reqmsg=\"Field cannot be blank.\" aria-required=\"true\" data-invmsg=\"Gesamtanzahl der G\u00e4ste (ca.) invalid\" aria-invalid=\"false\"   min=\"0\" max=\"9999999\" step=\"any\"\/>\r\n\t\r\n\t\r\n<\/div>\n<div id=\"frm_field_25_container\" class=\"frm_form_field form-field  frm_required_field frm_top_container frm6 frm_first\">\r\n\t<label for=\"field_j626v\" id=\"field_j626v_label\" class=\"frm_primary_label\">Gew\u00fcnschter Zeitraum\r\n\t\t<span class=\"frm_required\" aria-hidden=\"true\">*<\/span>\r\n\t<\/label>\r\n\t<div class=\"frm_input_group frm_with_box frm_with_pre\"><span class=\"frm_inline_box\">From<\/span><input type=\"text\" id=\"field_j626v\" name=\"item_meta[25]\" value=\"\"  maxlength=\"10\" data-reqmsg=\"Field cannot be blank.\" aria-required=\"true\" data-invmsg=\"Gew\u00fcnschter Zeitraum invalid\" class=\"frm_date\" aria-invalid=\"false\"  \/><\/div>\r\n\t\r\n\t\r\n<\/div>\n<div id=\"frm_field_26_container\" class=\"frm_form_field form-field  frm_required_field frm_hidden_container frm6\">\r\n\t<label for=\"field_malmw\" id=\"field_malmw_label\" class=\"frm_primary_label\">Requested period - to\r\n\t\t<span class=\"frm_required\" aria-hidden=\"true\">*<\/span>\r\n\t<\/label>\r\n\t<div class=\"frm_input_group frm_with_box frm_with_pre\"><span class=\"frm_inline_box\">To<\/span><input type=\"text\" id=\"field_malmw\" name=\"item_meta[26]\" value=\"\"  maxlength=\"10\" data-reqmsg=\"Field cannot be blank.\" aria-required=\"true\" data-invmsg=\"Requested period - to non \u00e8 valido\" class=\"frm_date\" aria-invalid=\"false\"  \/><\/div>\r\n\t\r\n\t\r\n<\/div>\n<div id=\"frm_field_27_container\" class=\"frm_form_field form-field  frm_required_field frm_top_container frm12 frm_first\">\r\n\t<label for=\"field_w3tkp\" id=\"field_w3tkp_label\" class=\"frm_primary_label\">Themenbereich\r\n\t\t<span class=\"frm_required\" aria-hidden=\"true\">*<\/span>\r\n\t<\/label>\r\n\t\t\t<select name=\"item_meta[27]\" id=\"field_w3tkp\"  data-frmval=\"Art\" data-reqmsg=\"Field cannot be blank.\" aria-required=\"true\" data-invmsg=\"Themenbereich ist ung\u00fcltig\" aria-invalid=\"false\"  >\n\t\t<option  value=\"Art\" selected='selected'>Art<\/option><option  value=\"Yoga and Wellness\">Yoga and Wellness<\/option><option  value=\"Meeting and Incentives\">Meeting and Incentives<\/option><option  value=\"Other\">Sonstiges<\/option>\t<\/select>\n\t\r\n\t\r\n\t\r\n<\/div>\n<div id=\"frm_field_28_container\" class=\"frm_form_field form-field  frm_required_field frm_none_container\">\r\n\t<label for=\"field_andjb\" id=\"field_andjb_label\" class=\"frm_primary_label\">Themenbereich\r\n\t\t<span class=\"frm_required\" aria-hidden=\"true\">*<\/span>\r\n\t<\/label>\r\n\t<input type=\"text\" id=\"field_andjb\" name=\"item_meta[28]\" value=\"\"  data-reqmsg=\"Field cannot be blank.\" aria-required=\"true\" data-invmsg=\"Themenbereich non \u00e8 valido\" aria-invalid=\"false\"  \/>\r\n\t\r\n\t\r\n<\/div>\n<div id=\"frm_field_31_container\" class=\"frm_form_field form-field  frm_required_field frm_top_container vertical_radio\">\n\t<div  id=\"field_aaejo_label\" class=\"frm_primary_label\">Privacy\n\t\t<span class=\"frm_required\" aria-hidden=\"true\">*<\/span>\n\t<\/div>\n\t<div class=\"frm_opt_container\" aria-labelledby=\"field_aaejo_label\" role=\"group\">\t\t<div class=\"frm_checkbox\" id=\"frm_checkbox_31-0\">\t\t\t<label  for=\"field_aaejo-0\">\n\t\t\t<input type=\"checkbox\" name=\"item_meta[31][]\" id=\"field_aaejo-0\" value=\"Accepted\"  data-reqmsg=\"Field cannot be blank.\" data-invmsg=\"Privacy ist ung\u00fcltig\" aria-invalid=\"false\"   aria-required=\"true\"  \/> Zustimmung zur <a target=\"_blank\" href=\"\/privacy-policy\">Privacy<\/a> *<\/label><\/div>\n<\/div>\n\t<div class=\"frm_description\" id=\"frm_desc_field_aaejo\">Consent pursuant to Art.13 of EU Regulation no. 2018\/679: In execution of the information notice, containing provisions for the protection of persons and other subjects with regard to the processing of personal data, the Applicant hereby consents to the processing of his\/her personal data, for the purpose of handling this request for information. IN NO EVENT shall your data be transferred to third parties for any reason whatsoever.<\/div>\n\t\n<\/div>\n<div id=\"frm_field_32_container\" class=\"frm_form_field form-field  frm_none_container\">\n\t<label for=\"g-recaptcha-response\" id=\"field_k32ns_label\" class=\"frm_primary_label\">Captcha\n\t\t<span class=\"frm_required\" aria-hidden=\"true\"><\/span>\n\t<\/label>\n\t<div  id=\"field_k32ns\" class=\"g-recaptcha\" data-sitekey=\"6LdazRMUAAAAABvSPjyrna-TFD13cGrsph-4CV0W\" data-size=\"normal\" data-theme=\"light\"><\/div>\n\t\n\t\n<\/div>\n<div id=\"frm_field_21_container\" class=\"frm_form_field form-field \">\n\t<div class=\"frm_submit frm_flex\">\r\n<button class=\"frm_button_submit frm_final_submit\" type=\"submit\"   formnovalidate=\"formnovalidate\">Senden<\/button>\r\n\r\n\r\n\r\n<\/div>\n<\/div>\n\t<input type=\"hidden\" name=\"item_key\" value=\"\" \/>\n\t\t\t\t<div class=\"frm__65ebb2edac36a\">\n\t\t\t\t<label for=\"frm_email_4\" >\n\t\t\t\t\tIf you are human, leave this field blank.\t\t\t\t<\/label>\n\t\t\t\t<input  id=\"frm_email_4\" type=\"text\" class=\"frm_verify\" name=\"frm__65ebb2edac36a\" value=\"\" autocomplete=\"off\"  \/>\n\t\t\t<\/div>\n\t\t<input name=\"frm_state\" type=\"hidden\" value=\"VclV\/kxkx6mFdtX4qDfS5bEnJlr4EPB+6hA2K3At9Co=\" \/><style>\r\n.frm_field_21_container{ order: 999 }\r\n<\/style><\/div>\n<\/fieldset>\n<\/div>\n<\/form>\n<\/div>\n\t\t<\/div>\n\t\t\t\t<\/div>\n\t\t<!-- dce invisible element 528315d -->\t\t\t<\/div>\n\t\t\t\t<\/div>\n\t\t\t\t<\/div>\n\t\t","protected":false},"excerpt":{"rendered":"<p>Verf\u00fcgbarkeit JETZT BUCHEN auf unserer Website. Senden Sie eine E-Mail an info@ancoradelchianti.it oder f\u00fcllen Sie das Formular weiter unten aus. Unser Reservierungsb\u00fcro steht Ihnen f\u00fcr Ausk\u00fcnfte und zur Beantwortung von Anfragen immer gerne zur Verf\u00fcgung. Die Informationen, die Sie uns in diesem Formular geben, werden uns helfen, Sie besser zu bedienen. Retreat Name * Name&#8230;<\/p>\n","protected":false},"author":1,"featured_media":7481,"parent":8707,"menu_order":91,"comment_status":"closed","ping_status":"closed","template":"","meta":{"_acf_changed":false,"footnotes":""},"categories":[],"tags":[],"class_list":["post-8711","page","type-page","status-publish","has-post-thumbnail","hentry"],"acf":[],"yoast_head":"<!-- This site is optimized with the Yoast SEO plugin v24.0 - https:\/\/yoast.com\/wordpress\/plugins\/seo\/ -->\n<title>Bed and Breakfast in Chianti Toskana - Ferienhaus - Gasthaus - Ancora del Chianti<\/title>\n<meta name=\"description\" content=\"Bed and Breakfast in der Chaintigebiet, Florenz, Toskana, Italien. In unserem Gasthaus mit seiner freundliche Atmosph\u00e4re, w\u00fcnschen wir Ihnen einen angenehmen Aufenthalt auf dem Bauernhof.\" \/>\n<meta name=\"robots\" content=\"index, follow, max-snippet:-1, max-image-preview:large, max-video-preview:-1\" \/>\n<link rel=\"canonical\" href=\"https:\/\/www.ancoradelchianti.it\/de\/mieten-fuer-seminare-kunstler-residenz\/verfuegbarkeit-seminar\/\" \/>\n<meta property=\"og:locale\" content=\"de_DE\" \/>\n<meta property=\"og:type\" content=\"article\" \/>\n<meta property=\"og:title\" content=\"Bed and Breakfast in Chianti Toskana - Ferienhaus - Gasthaus - Ancora del Chianti\" \/>\n<meta property=\"og:description\" content=\"Bed and Breakfast in der Chaintigebiet, Florenz, Toskana, Italien. In unserem Gasthaus mit seiner freundliche Atmosph\u00e4re, w\u00fcnschen wir Ihnen einen angenehmen Aufenthalt auf dem Bauernhof.\" \/>\n<meta property=\"og:url\" content=\"https:\/\/www.ancoradelchianti.it\/de\/mieten-fuer-seminare-kunstler-residenz\/verfuegbarkeit-seminar\/\" \/>\n<meta property=\"og:site_name\" content=\"Ancora del Chianti B&amp;B\" \/>\n<meta property=\"article:modified_time\" content=\"2025-12-01T14:00:41+00:00\" \/>\n<meta property=\"og:image\" content=\"https:\/\/www.ancoradelchianti.it\/wp-content\/uploads\/terrazzo.jpg\" \/>\n\t<meta property=\"og:image:width\" content=\"1920\" \/>\n\t<meta property=\"og:image:height\" content=\"672\" \/>\n\t<meta property=\"og:image:type\" content=\"image\/jpeg\" \/>\n<meta name=\"twitter:card\" content=\"summary_large_image\" \/>\n<meta name=\"twitter:label1\" content=\"Gesch\u00e4tzte Lesezeit\" \/>\n\t<meta name=\"twitter:data1\" content=\"1\u00a0Minute\" \/>\n<script type=\"application\/ld+json\" class=\"yoast-schema-graph\">{\"@context\":\"https:\/\/schema.org\",\"@graph\":[{\"@type\":\"WebPage\",\"@id\":\"https:\/\/www.ancoradelchianti.it\/de\/mieten-fuer-seminare-kunstler-residenz\/verfuegbarkeit-seminar\/\",\"url\":\"https:\/\/www.ancoradelchianti.it\/de\/mieten-fuer-seminare-kunstler-residenz\/verfuegbarkeit-seminar\/\",\"name\":\"Bed and Breakfast in Chianti Toskana - Ferienhaus - Gasthaus - Ancora del Chianti\",\"isPartOf\":{\"@id\":\"https:\/\/www.ancoradelchianti.it\/de\/#website\"},\"primaryImageOfPage\":{\"@id\":\"https:\/\/www.ancoradelchianti.it\/de\/mieten-fuer-seminare-kunstler-residenz\/verfuegbarkeit-seminar\/#primaryimage\"},\"image\":{\"@id\":\"https:\/\/www.ancoradelchianti.it\/de\/mieten-fuer-seminare-kunstler-residenz\/verfuegbarkeit-seminar\/#primaryimage\"},\"thumbnailUrl\":\"https:\/\/www.ancoradelchianti.it\/wp-content\/uploads\/terrazzo.jpg\",\"datePublished\":\"2024-03-04T14:25:17+00:00\",\"dateModified\":\"2025-12-01T14:00:41+00:00\",\"description\":\"Bed and Breakfast in der Chaintigebiet, Florenz, Toskana, Italien. In unserem Gasthaus mit seiner freundliche Atmosph\u00e4re, w\u00fcnschen wir Ihnen einen angenehmen Aufenthalt auf dem Bauernhof.\",\"breadcrumb\":{\"@id\":\"https:\/\/www.ancoradelchianti.it\/de\/mieten-fuer-seminare-kunstler-residenz\/verfuegbarkeit-seminar\/#breadcrumb\"},\"inLanguage\":\"de\",\"potentialAction\":[{\"@type\":\"ReadAction\",\"target\":[\"https:\/\/www.ancoradelchianti.it\/de\/mieten-fuer-seminare-kunstler-residenz\/verfuegbarkeit-seminar\/\"]}]},{\"@type\":\"ImageObject\",\"inLanguage\":\"de\",\"@id\":\"https:\/\/www.ancoradelchianti.it\/de\/mieten-fuer-seminare-kunstler-residenz\/verfuegbarkeit-seminar\/#primaryimage\",\"url\":\"https:\/\/www.ancoradelchianti.it\/wp-content\/uploads\/terrazzo.jpg\",\"contentUrl\":\"https:\/\/www.ancoradelchianti.it\/wp-content\/uploads\/terrazzo.jpg\",\"width\":1920,\"height\":672},{\"@type\":\"BreadcrumbList\",\"@id\":\"https:\/\/www.ancoradelchianti.it\/de\/mieten-fuer-seminare-kunstler-residenz\/verfuegbarkeit-seminar\/#breadcrumb\",\"itemListElement\":[{\"@type\":\"ListItem\",\"position\":1,\"name\":\"Home\",\"item\":\"https:\/\/www.ancoradelchianti.it\/de\/\"},{\"@type\":\"ListItem\",\"position\":2,\"name\":\"Mieten f\u00fcr Seminare &#8211; Kunstler Residenz\",\"item\":\"https:\/\/www.ancoradelchianti.it\/de\/art-yoga-retreat-tuscany\/\"},{\"@type\":\"ListItem\",\"position\":3,\"name\":\"Verf\u00fcgbarkeit\"}]},{\"@type\":\"WebSite\",\"@id\":\"https:\/\/www.ancoradelchianti.it\/de\/#website\",\"url\":\"https:\/\/www.ancoradelchianti.it\/de\/\",\"name\":\"Ancora del Chianti B&amp;B\",\"description\":\"\",\"publisher\":{\"@id\":\"https:\/\/www.ancoradelchianti.it\/de\/#organization\"},\"potentialAction\":[{\"@type\":\"SearchAction\",\"target\":{\"@type\":\"EntryPoint\",\"urlTemplate\":\"https:\/\/www.ancoradelchianti.it\/de\/?s={search_term_string}\"},\"query-input\":{\"@type\":\"PropertyValueSpecification\",\"valueRequired\":true,\"valueName\":\"search_term_string\"}}],\"inLanguage\":\"de\"},{\"@type\":\"Organization\",\"@id\":\"https:\/\/www.ancoradelchianti.it\/de\/#organization\",\"name\":\"Ancora del Chianti B&amp;B\",\"url\":\"https:\/\/www.ancoradelchianti.it\/de\/\",\"logo\":{\"@type\":\"ImageObject\",\"inLanguage\":\"de\",\"@id\":\"https:\/\/www.ancoradelchianti.it\/de\/#\/schema\/logo\/image\/\",\"url\":\"https:\/\/www.ancoradelchianti.it\/wp-content\/uploads\/logo\/logo.png\",\"contentUrl\":\"https:\/\/www.ancoradelchianti.it\/wp-content\/uploads\/logo\/logo.png\",\"width\":129,\"height\":133,\"caption\":\"Ancora del Chianti B&amp;B\"},\"image\":{\"@id\":\"https:\/\/www.ancoradelchianti.it\/de\/#\/schema\/logo\/image\/\"}}]}<\/script>\n<!-- \/ Yoast SEO plugin. -->","yoast_head_json":{"title":"Bed and Breakfast in Chianti Toskana - Ferienhaus - Gasthaus - Ancora del Chianti","description":"Bed and Breakfast in der Chaintigebiet, Florenz, Toskana, Italien. In unserem Gasthaus mit seiner freundliche Atmosph\u00e4re, w\u00fcnschen wir Ihnen einen angenehmen Aufenthalt auf dem Bauernhof.","robots":{"index":"index","follow":"follow","max-snippet":"max-snippet:-1","max-image-preview":"max-image-preview:large","max-video-preview":"max-video-preview:-1"},"canonical":"https:\/\/www.ancoradelchianti.it\/de\/mieten-fuer-seminare-kunstler-residenz\/verfuegbarkeit-seminar\/","og_locale":"de_DE","og_type":"article","og_title":"Bed and Breakfast in Chianti Toskana - Ferienhaus - Gasthaus - Ancora del Chianti","og_description":"Bed and Breakfast in der Chaintigebiet, Florenz, Toskana, Italien. In unserem Gasthaus mit seiner freundliche Atmosph\u00e4re, w\u00fcnschen wir Ihnen einen angenehmen Aufenthalt auf dem Bauernhof.","og_url":"https:\/\/www.ancoradelchianti.it\/de\/mieten-fuer-seminare-kunstler-residenz\/verfuegbarkeit-seminar\/","og_site_name":"Ancora del Chianti B&amp;B","article_modified_time":"2025-12-01T14:00:41+00:00","og_image":[{"width":1920,"height":672,"url":"https:\/\/www.ancoradelchianti.it\/wp-content\/uploads\/terrazzo.jpg","type":"image\/jpeg"}],"twitter_card":"summary_large_image","twitter_misc":{"Gesch\u00e4tzte Lesezeit":"1\u00a0Minute"},"schema":{"@context":"https:\/\/schema.org","@graph":[{"@type":"WebPage","@id":"https:\/\/www.ancoradelchianti.it\/de\/mieten-fuer-seminare-kunstler-residenz\/verfuegbarkeit-seminar\/","url":"https:\/\/www.ancoradelchianti.it\/de\/mieten-fuer-seminare-kunstler-residenz\/verfuegbarkeit-seminar\/","name":"Bed and Breakfast in Chianti Toskana - Ferienhaus - Gasthaus - Ancora del Chianti","isPartOf":{"@id":"https:\/\/www.ancoradelchianti.it\/de\/#website"},"primaryImageOfPage":{"@id":"https:\/\/www.ancoradelchianti.it\/de\/mieten-fuer-seminare-kunstler-residenz\/verfuegbarkeit-seminar\/#primaryimage"},"image":{"@id":"https:\/\/www.ancoradelchianti.it\/de\/mieten-fuer-seminare-kunstler-residenz\/verfuegbarkeit-seminar\/#primaryimage"},"thumbnailUrl":"https:\/\/www.ancoradelchianti.it\/wp-content\/uploads\/terrazzo.jpg","datePublished":"2024-03-04T14:25:17+00:00","dateModified":"2025-12-01T14:00:41+00:00","description":"Bed and Breakfast in der Chaintigebiet, Florenz, Toskana, Italien. In unserem Gasthaus mit seiner freundliche Atmosph\u00e4re, w\u00fcnschen wir Ihnen einen angenehmen Aufenthalt auf dem Bauernhof.","breadcrumb":{"@id":"https:\/\/www.ancoradelchianti.it\/de\/mieten-fuer-seminare-kunstler-residenz\/verfuegbarkeit-seminar\/#breadcrumb"},"inLanguage":"de","potentialAction":[{"@type":"ReadAction","target":["https:\/\/www.ancoradelchianti.it\/de\/mieten-fuer-seminare-kunstler-residenz\/verfuegbarkeit-seminar\/"]}]},{"@type":"ImageObject","inLanguage":"de","@id":"https:\/\/www.ancoradelchianti.it\/de\/mieten-fuer-seminare-kunstler-residenz\/verfuegbarkeit-seminar\/#primaryimage","url":"https:\/\/www.ancoradelchianti.it\/wp-content\/uploads\/terrazzo.jpg","contentUrl":"https:\/\/www.ancoradelchianti.it\/wp-content\/uploads\/terrazzo.jpg","width":1920,"height":672},{"@type":"BreadcrumbList","@id":"https:\/\/www.ancoradelchianti.it\/de\/mieten-fuer-seminare-kunstler-residenz\/verfuegbarkeit-seminar\/#breadcrumb","itemListElement":[{"@type":"ListItem","position":1,"name":"Home","item":"https:\/\/www.ancoradelchianti.it\/de\/"},{"@type":"ListItem","position":2,"name":"Mieten f\u00fcr Seminare &#8211; Kunstler Residenz","item":"https:\/\/www.ancoradelchianti.it\/de\/art-yoga-retreat-tuscany\/"},{"@type":"ListItem","position":3,"name":"Verf\u00fcgbarkeit"}]},{"@type":"WebSite","@id":"https:\/\/www.ancoradelchianti.it\/de\/#website","url":"https:\/\/www.ancoradelchianti.it\/de\/","name":"Ancora del Chianti B&amp;B","description":"","publisher":{"@id":"https:\/\/www.ancoradelchianti.it\/de\/#organization"},"potentialAction":[{"@type":"SearchAction","target":{"@type":"EntryPoint","urlTemplate":"https:\/\/www.ancoradelchianti.it\/de\/?s={search_term_string}"},"query-input":{"@type":"PropertyValueSpecification","valueRequired":true,"valueName":"search_term_string"}}],"inLanguage":"de"},{"@type":"Organization","@id":"https:\/\/www.ancoradelchianti.it\/de\/#organization","name":"Ancora del Chianti B&amp;B","url":"https:\/\/www.ancoradelchianti.it\/de\/","logo":{"@type":"ImageObject","inLanguage":"de","@id":"https:\/\/www.ancoradelchianti.it\/de\/#\/schema\/logo\/image\/","url":"https:\/\/www.ancoradelchianti.it\/wp-content\/uploads\/logo\/logo.png","contentUrl":"https:\/\/www.ancoradelchianti.it\/wp-content\/uploads\/logo\/logo.png","width":129,"height":133,"caption":"Ancora del Chianti B&amp;B"},"image":{"@id":"https:\/\/www.ancoradelchianti.it\/de\/#\/schema\/logo\/image\/"}}]}},"_links":{"self":[{"href":"https:\/\/www.ancoradelchianti.it\/de\/wp-json\/wp\/v2\/pages\/8711","targetHints":{"allow":["GET"]}}],"collection":[{"href":"https:\/\/www.ancoradelchianti.it\/de\/wp-json\/wp\/v2\/pages"}],"about":[{"href":"https:\/\/www.ancoradelchianti.it\/de\/wp-json\/wp\/v2\/types\/page"}],"author":[{"embeddable":true,"href":"https:\/\/www.ancoradelchianti.it\/de\/wp-json\/wp\/v2\/users\/1"}],"replies":[{"embeddable":true,"href":"https:\/\/www.ancoradelchianti.it\/de\/wp-json\/wp\/v2\/comments?post=8711"}],"version-history":[{"count":0,"href":"https:\/\/www.ancoradelchianti.it\/de\/wp-json\/wp\/v2\/pages\/8711\/revisions"}],"up":[{"embeddable":true,"href":"https:\/\/www.ancoradelchianti.it\/de\/wp-json\/wp\/v2\/pages\/8707"}],"wp:featuredmedia":[{"embeddable":true,"href":"https:\/\/www.ancoradelchianti.it\/de\/wp-json\/wp\/v2\/media\/7481"}],"wp:attachment":[{"href":"https:\/\/www.ancoradelchianti.it\/de\/wp-json\/wp\/v2\/media?parent=8711"}],"wp:term":[{"taxonomy":"category","embeddable":true,"href":"https:\/\/www.ancoradelchianti.it\/de\/wp-json\/wp\/v2\/categories?post=8711"},{"taxonomy":"post_tag","embeddable":true,"href":"https:\/\/www.ancoradelchianti.it\/de\/wp-json\/wp\/v2\/tags?post=8711"}],"curies":[{"name":"wp","href":"https:\/\/api.w.org\/{rel}","templated":true}]}}