{"id":8717,"date":"2024-03-04T14:02:41","date_gmt":"2024-03-04T14:02:41","guid":{"rendered":"https:\/\/dev.ancoradelchianti.it\/erfahrungen\/chianti-weintouren\/"},"modified":"2024-04-06T05:58:07","modified_gmt":"2024-04-06T05:58:07","slug":"weinprobe_toskana","status":"publish","type":"page","link":"https:\/\/www.ancoradelchianti.it\/de\/aktivitaeten\/weinprobe_toskana\/","title":{"rendered":"Chianti Weintouren"},"content":{"rendered":"\t\t<div data-elementor-type=\"wp-page\" data-elementor-id=\"8717\" class=\"elementor elementor-8717 elementor-7324\" data-elementor-post-type=\"page\">\n\t\t\t\t<div class=\"elementor-element elementor-element-a3344a0 e-con-full e-flex e-con e-parent\" data-id=\"a3344a0\" data-element_type=\"container\" data-settings=\"{&quot;jet_parallax_layout_list&quot;:[]}\">\n\t\t\t\t<div data-dce-advanced-background-image-url=\"https:\/\/www.ancoradelchianti.it\/wp-content\/uploads\/chianti-wine.jpg\" class=\"elementor-element elementor-element-05407e0 elementor-invisible elementor-has-bg-overlay elementor-widget elementor-widget-global elementor-global-232 elementor-widget-heading\" data-id=\"05407e0\" data-element_type=\"widget\" data-settings=\"{&quot;_animation&quot;:&quot;fadeInDown&quot;}\" data-widget_type=\"heading.default\">\n\t\t\t\t<div class=\"elementor-widget-container\">\n\t\t\t<h1 class=\"elementor-heading-title elementor-size-default\">Chianti Weintouren<\/h1>\t\t<\/div>\n\t\t\t\t<\/div>\n\t\t\t\t<div class=\"elementor-element elementor-element-a59feaa elementor-widget elementor-widget-heading\" data-id=\"a59feaa\" data-element_type=\"widget\" data-widget_type=\"heading.default\">\n\t\t\t\t<div class=\"elementor-widget-container\">\n\t\t\t<h2 class=\"elementor-heading-title elementor-size-default\">Chianti Weintouren mit Verkostung in der Toskana<\/h2>\t\t<\/div>\n\t\t\t\t<\/div>\n\t\t\t\t<\/div>\n\t\t<div class=\"elementor-element elementor-element-4af4661 e-flex e-con-boxed e-con e-parent\" data-id=\"4af4661\" data-element_type=\"container\" data-settings=\"{&quot;jet_parallax_layout_list&quot;:[]}\">\n\t\t\t\t\t<div class=\"e-con-inner\">\n\t\t\t\t<div class=\"elementor-element elementor-element-3212596 elementor-widget elementor-widget-text-editor\" data-id=\"3212596\" data-element_type=\"widget\" data-widget_type=\"text-editor.default\">\n\t\t\t\t<div class=\"elementor-widget-container\">\n\t\t\t\t\t\t\t<h3><img fetchpriority=\"high\" decoding=\"async\" class=\"alignleft wp-image-7326\" src=\"https:\/\/www.ancoradelchianti.it\/wp-content\/uploads\/experiences\/wine-tours-in-tuscany\/winetour_lunch.jpg\" alt=\"\" width=\"355\" height=\"236\" \/><\/h3>\n<h3>Nehmen Sie an einer Chianti Classico Weintour mit Verkostung und Mittagessen teil\u00a0und besuchen Sie den Garten und die historischen Kellereien eines Kastells w\u00e4hrend\u00a0Ihres Aufenthaltes im Ancora del Chianti Country Bed and Breakfast<\/h3>\n<p>Genie\u00dfen Sie, mit nur 10 Minuten Fahrt, eine gef\u00fchrte Tour durch den Garten und die\u00a0historischen Kellereien, gefolgt von einer Verkostung. Sie werden in eine Selektion\u00a0der besten Chianti Weine eingef\u00fchrt und, wenn Sie es w\u00fcnschen, k\u00f6nnen Sie auch am\u00a0leckeren Mittagessen toskanischer Spezialit\u00e4ten, zubereitet mit frischen Produkten\u00a0des Kastells, teilnehmen.<\/p>\n\t\t\t\t\t\t<\/div>\n\t\t\t\t<\/div>\n\t\t\t\t\t<\/div>\n\t\t\t\t<\/div>\n\t\t<div class=\"elementor-element elementor-element-69c0a5a e-flex e-con-boxed e-con e-parent\" data-id=\"69c0a5a\" data-element_type=\"container\" data-settings=\"{&quot;jet_parallax_layout_list&quot;:[]}\">\n\t\t\t\t\t<div class=\"e-con-inner\">\n\t\t\t\t<div class=\"elementor-element elementor-element-db38b8d elementor-widget elementor-widget-text-editor\" data-id=\"db38b8d\" data-element_type=\"widget\" data-widget_type=\"text-editor.default\">\n\t\t\t\t<div class=\"elementor-widget-container\">\n\t\t\t\t\t\t\t<p><strong>Weintour &amp; Verkostung:<\/strong> Besuch des Gartens und der historischen Kellereien des\u00a0Kastells gefolgt von Weinverkostung \u20ac 32,00 pro Person 15.00 Uhr (1,5 Std.) Montag-Sonntag<\/p>\n<p><strong>Weintour &amp; Verkostung mit leichtem Mittagessen:<\/strong> Besuch des Gartens und der\u00a0historischen Kellereien des Kastells gefolgt von Weinverkostung. Mittagessen mit\u00a0einer Selektion von Schwein- und Wildschweinw\u00fcrsten, K\u00e4seplatte mit verschiedenen\u00a0W\u00fcrzso\u00dfen und Balsamicoessig, Bruschetta mit Oliven\u00f6l, Geb\u00e4ck und Espresso.\u00a0Glutenfrei und vegetarische Optionen sind m\u00f6glich. \u20ac 48,00 pro Person 11.00 Uhr (2,5\u00a0Std.) Montag- Freitag.<\/p>\n<p><strong>Weintour &amp; Verkostung mit traditionellem Mittagessen:<\/strong> Besuch des Gartens und der\u00a0historischen Kellereien des Kastells gefolgt von Weinverkostung. Mittagessen mit\u00a0einer Selektion von Schwein- und Wildschweinw\u00fcrsten, K\u00e4seplatte mit verschiedenen\u00a0W\u00fcrzso\u00dfen und Balsamicoessig, Bruschetta mit Oliven\u00f6l, Pasta. Fleisch mit Beilage,\u00a0Kuchen, Geb\u00e4ck und Espresso. Glutenfrei und vegetarische Optionen sind m\u00f6glich. \u20ac\u00a068,00 pro Person 11.00 Uhr ( 3 Std.) Montag- Sonntag.<\/p>\n<p>F\u00fcr eine komplette sensorische Erfahrung kombinieren Sie diese Besuche mit der<\/p>\n<p style=\"text-align: center;\">OLIVEN\u00d6L-TOUR\u00a0und der\u00a0KOCHSCHULE oder nehmen Sie am\u00a0WEIN &amp;\u00a0SPEISEN SONDERANGEBOT\u00a0teil.<\/p>\n\t\t\t\t\t\t<\/div>\n\t\t\t\t<\/div>\n\t\t\t\t\t<\/div>\n\t\t\t\t<\/div>\n\t\t<div class=\"elementor-element elementor-element-6c4c11b e-flex e-con-boxed e-con e-parent\" data-id=\"6c4c11b\" data-element_type=\"container\" data-settings=\"{&quot;jet_parallax_layout_list&quot;:[]}\">\n\t\t\t\t\t<div class=\"e-con-inner\">\n\t\t\t\t<div class=\"elementor-element elementor-element-9d9b096 elementor-widget elementor-widget-global elementor-global-8639 elementor-global-6616 elementor-widget-text-editor\" data-id=\"9d9b096\" data-element_type=\"widget\" data-widget_type=\"text-editor.default\">\n\t\t\t\t<div class=\"elementor-widget-container\">\n\t\t\t\t\t\t\t<p style=\"text-align: center;\"><a href=\"https:\/\/ancoradelchianti.beddy.io\/#\/(beddy:home)?lang=de\" target=\"_blank\" rel=\"noopener\"><strong>JETZT BUCHEN<\/strong><\/a>\u00a0oder eine E-Mail senden an\u00a0<a href=\"mailto:info@ancoradelchianti.it\" target=\"_blank\" rel=\"noopener\">info@ancoradelchianti.it<\/a><\/p>\n\t\t\t\t\t\t<\/div>\n\t\t\t\t<\/div>\n\t\t\t\t\t<\/div>\n\t\t\t\t<\/div>\n\t\t\t\t<\/div>\n\t\t","protected":false},"excerpt":{"rendered":"<p>Chianti Weintouren mit Verkostung in der Toskana Nehmen Sie an einer Chianti Classico Weintour mit Verkostung und Mittagessen teil\u00a0und besuchen Sie den Garten und die historischen Kellereien eines Kastells w\u00e4hrend\u00a0Ihres Aufenthaltes im Ancora del Chianti Country Bed and Breakfast Genie\u00dfen Sie, mit nur 10 Minuten Fahrt, eine gef\u00fchrte Tour durch den Garten und die\u00a0historischen Kellereien,&#8230;<\/p>\n","protected":false},"author":1,"featured_media":7996,"parent":8715,"menu_order":99,"comment_status":"closed","ping_status":"closed","template":"","meta":{"_acf_changed":false,"footnotes":""},"categories":[],"tags":[],"class_list":["post-8717","page","type-page","status-publish","has-post-thumbnail","hentry"],"acf":[],"yoast_head":"<!-- This site is optimized with the Yoast SEO plugin v24.0 - https:\/\/yoast.com\/wordpress\/plugins\/seo\/ -->\n<title>Chianti Weintouren mit Verkostung in der Toskana<\/title>\n<meta name=\"description\" content=\"Nehmen Sie an einer Chianti Classico Weintour mit Verkostung und Mittagessen teil und besuchen Sie den Garten und die Kellereien eines Kastells.\" \/>\n<meta name=\"robots\" content=\"index, follow, max-snippet:-1, max-image-preview:large, max-video-preview:-1\" \/>\n<link rel=\"canonical\" href=\"https:\/\/www.ancoradelchianti.it\/de\/aktivitaeten\/weinprobe_toskana\/\" \/>\n<meta property=\"og:locale\" content=\"de_DE\" \/>\n<meta property=\"og:type\" content=\"article\" \/>\n<meta property=\"og:title\" content=\"Chianti Weintouren mit Verkostung in der Toskana\" \/>\n<meta property=\"og:description\" content=\"Nehmen Sie an einer Chianti Classico Weintour mit Verkostung und Mittagessen teil und besuchen Sie den Garten und die Kellereien eines Kastells.\" \/>\n<meta property=\"og:url\" content=\"https:\/\/www.ancoradelchianti.it\/de\/aktivitaeten\/weinprobe_toskana\/\" \/>\n<meta property=\"og:site_name\" content=\"Ancora del Chianti B&amp;B\" \/>\n<meta property=\"article:modified_time\" content=\"2024-04-06T05:58:07+00:00\" \/>\n<meta property=\"og:image\" content=\"https:\/\/www.ancoradelchianti.it\/wp-content\/uploads\/chianti-wine.jpg\" \/>\n\t<meta property=\"og:image:width\" content=\"1000\" \/>\n\t<meta property=\"og:image:height\" content=\"665\" \/>\n\t<meta property=\"og:image:type\" content=\"image\/jpeg\" \/>\n<meta name=\"twitter:card\" content=\"summary_large_image\" \/>\n<meta name=\"twitter:label1\" content=\"Gesch\u00e4tzte Lesezeit\" \/>\n\t<meta name=\"twitter:data1\" content=\"1\u00a0Minute\" \/>\n<script type=\"application\/ld+json\" class=\"yoast-schema-graph\">{\"@context\":\"https:\/\/schema.org\",\"@graph\":[{\"@type\":\"WebPage\",\"@id\":\"https:\/\/www.ancoradelchianti.it\/de\/aktivitaeten\/weinprobe_toskana\/\",\"url\":\"https:\/\/www.ancoradelchianti.it\/de\/aktivitaeten\/weinprobe_toskana\/\",\"name\":\"Chianti Weintouren mit Verkostung in der Toskana\",\"isPartOf\":{\"@id\":\"https:\/\/www.ancoradelchianti.it\/de\/#website\"},\"primaryImageOfPage\":{\"@id\":\"https:\/\/www.ancoradelchianti.it\/de\/aktivitaeten\/weinprobe_toskana\/#primaryimage\"},\"image\":{\"@id\":\"https:\/\/www.ancoradelchianti.it\/de\/aktivitaeten\/weinprobe_toskana\/#primaryimage\"},\"thumbnailUrl\":\"https:\/\/www.ancoradelchianti.it\/wp-content\/uploads\/chianti-wine.jpg\",\"datePublished\":\"2024-03-04T14:02:41+00:00\",\"dateModified\":\"2024-04-06T05:58:07+00:00\",\"description\":\"Nehmen Sie an einer Chianti Classico Weintour mit Verkostung und Mittagessen teil und besuchen Sie den Garten und die Kellereien eines Kastells.\",\"breadcrumb\":{\"@id\":\"https:\/\/www.ancoradelchianti.it\/de\/aktivitaeten\/weinprobe_toskana\/#breadcrumb\"},\"inLanguage\":\"de\",\"potentialAction\":[{\"@type\":\"ReadAction\",\"target\":[\"https:\/\/www.ancoradelchianti.it\/de\/aktivitaeten\/weinprobe_toskana\/\"]}]},{\"@type\":\"ImageObject\",\"inLanguage\":\"de\",\"@id\":\"https:\/\/www.ancoradelchianti.it\/de\/aktivitaeten\/weinprobe_toskana\/#primaryimage\",\"url\":\"https:\/\/www.ancoradelchianti.it\/wp-content\/uploads\/chianti-wine.jpg\",\"contentUrl\":\"https:\/\/www.ancoradelchianti.it\/wp-content\/uploads\/chianti-wine.jpg\",\"width\":1000,\"height\":665,\"caption\":\"Chianti Wine\"},{\"@type\":\"BreadcrumbList\",\"@id\":\"https:\/\/www.ancoradelchianti.it\/de\/aktivitaeten\/weinprobe_toskana\/#breadcrumb\",\"itemListElement\":[{\"@type\":\"ListItem\",\"position\":1,\"name\":\"Home\",\"item\":\"https:\/\/www.ancoradelchianti.it\/de\/\"},{\"@type\":\"ListItem\",\"position\":2,\"name\":\"Erfahrungen\",\"item\":\"https:\/\/www.ancoradelchianti.it\/de\/aktivitaeten\/\"},{\"@type\":\"ListItem\",\"position\":3,\"name\":\"Chianti Weintouren\"}]},{\"@type\":\"WebSite\",\"@id\":\"https:\/\/www.ancoradelchianti.it\/de\/#website\",\"url\":\"https:\/\/www.ancoradelchianti.it\/de\/\",\"name\":\"Ancora del Chianti B&amp;B\",\"description\":\"\",\"publisher\":{\"@id\":\"https:\/\/www.ancoradelchianti.it\/de\/#organization\"},\"potentialAction\":[{\"@type\":\"SearchAction\",\"target\":{\"@type\":\"EntryPoint\",\"urlTemplate\":\"https:\/\/www.ancoradelchianti.it\/de\/?s={search_term_string}\"},\"query-input\":{\"@type\":\"PropertyValueSpecification\",\"valueRequired\":true,\"valueName\":\"search_term_string\"}}],\"inLanguage\":\"de\"},{\"@type\":\"Organization\",\"@id\":\"https:\/\/www.ancoradelchianti.it\/de\/#organization\",\"name\":\"Ancora del Chianti B&amp;B\",\"url\":\"https:\/\/www.ancoradelchianti.it\/de\/\",\"logo\":{\"@type\":\"ImageObject\",\"inLanguage\":\"de\",\"@id\":\"https:\/\/www.ancoradelchianti.it\/de\/#\/schema\/logo\/image\/\",\"url\":\"https:\/\/www.ancoradelchianti.it\/wp-content\/uploads\/logo\/logo.png\",\"contentUrl\":\"https:\/\/www.ancoradelchianti.it\/wp-content\/uploads\/logo\/logo.png\",\"width\":129,\"height\":133,\"caption\":\"Ancora del Chianti B&amp;B\"},\"image\":{\"@id\":\"https:\/\/www.ancoradelchianti.it\/de\/#\/schema\/logo\/image\/\"}}]}<\/script>\n<!-- \/ Yoast SEO plugin. -->","yoast_head_json":{"title":"Chianti Weintouren mit Verkostung in der Toskana","description":"Nehmen Sie an einer Chianti Classico Weintour mit Verkostung und Mittagessen teil und besuchen Sie den Garten und die Kellereien eines Kastells.","robots":{"index":"index","follow":"follow","max-snippet":"max-snippet:-1","max-image-preview":"max-image-preview:large","max-video-preview":"max-video-preview:-1"},"canonical":"https:\/\/www.ancoradelchianti.it\/de\/aktivitaeten\/weinprobe_toskana\/","og_locale":"de_DE","og_type":"article","og_title":"Chianti Weintouren mit Verkostung in der Toskana","og_description":"Nehmen Sie an einer Chianti Classico Weintour mit Verkostung und Mittagessen teil und besuchen Sie den Garten und die Kellereien eines Kastells.","og_url":"https:\/\/www.ancoradelchianti.it\/de\/aktivitaeten\/weinprobe_toskana\/","og_site_name":"Ancora del Chianti B&amp;B","article_modified_time":"2024-04-06T05:58:07+00:00","og_image":[{"width":1000,"height":665,"url":"https:\/\/www.ancoradelchianti.it\/wp-content\/uploads\/chianti-wine.jpg","type":"image\/jpeg"}],"twitter_card":"summary_large_image","twitter_misc":{"Gesch\u00e4tzte Lesezeit":"1\u00a0Minute"},"schema":{"@context":"https:\/\/schema.org","@graph":[{"@type":"WebPage","@id":"https:\/\/www.ancoradelchianti.it\/de\/aktivitaeten\/weinprobe_toskana\/","url":"https:\/\/www.ancoradelchianti.it\/de\/aktivitaeten\/weinprobe_toskana\/","name":"Chianti Weintouren mit Verkostung in der Toskana","isPartOf":{"@id":"https:\/\/www.ancoradelchianti.it\/de\/#website"},"primaryImageOfPage":{"@id":"https:\/\/www.ancoradelchianti.it\/de\/aktivitaeten\/weinprobe_toskana\/#primaryimage"},"image":{"@id":"https:\/\/www.ancoradelchianti.it\/de\/aktivitaeten\/weinprobe_toskana\/#primaryimage"},"thumbnailUrl":"https:\/\/www.ancoradelchianti.it\/wp-content\/uploads\/chianti-wine.jpg","datePublished":"2024-03-04T14:02:41+00:00","dateModified":"2024-04-06T05:58:07+00:00","description":"Nehmen Sie an einer Chianti Classico Weintour mit Verkostung und Mittagessen teil und besuchen Sie den Garten und die Kellereien eines Kastells.","breadcrumb":{"@id":"https:\/\/www.ancoradelchianti.it\/de\/aktivitaeten\/weinprobe_toskana\/#breadcrumb"},"inLanguage":"de","potentialAction":[{"@type":"ReadAction","target":["https:\/\/www.ancoradelchianti.it\/de\/aktivitaeten\/weinprobe_toskana\/"]}]},{"@type":"ImageObject","inLanguage":"de","@id":"https:\/\/www.ancoradelchianti.it\/de\/aktivitaeten\/weinprobe_toskana\/#primaryimage","url":"https:\/\/www.ancoradelchianti.it\/wp-content\/uploads\/chianti-wine.jpg","contentUrl":"https:\/\/www.ancoradelchianti.it\/wp-content\/uploads\/chianti-wine.jpg","width":1000,"height":665,"caption":"Chianti Wine"},{"@type":"BreadcrumbList","@id":"https:\/\/www.ancoradelchianti.it\/de\/aktivitaeten\/weinprobe_toskana\/#breadcrumb","itemListElement":[{"@type":"ListItem","position":1,"name":"Home","item":"https:\/\/www.ancoradelchianti.it\/de\/"},{"@type":"ListItem","position":2,"name":"Erfahrungen","item":"https:\/\/www.ancoradelchianti.it\/de\/aktivitaeten\/"},{"@type":"ListItem","position":3,"name":"Chianti Weintouren"}]},{"@type":"WebSite","@id":"https:\/\/www.ancoradelchianti.it\/de\/#website","url":"https:\/\/www.ancoradelchianti.it\/de\/","name":"Ancora del Chianti B&amp;B","description":"","publisher":{"@id":"https:\/\/www.ancoradelchianti.it\/de\/#organization"},"potentialAction":[{"@type":"SearchAction","target":{"@type":"EntryPoint","urlTemplate":"https:\/\/www.ancoradelchianti.it\/de\/?s={search_term_string}"},"query-input":{"@type":"PropertyValueSpecification","valueRequired":true,"valueName":"search_term_string"}}],"inLanguage":"de"},{"@type":"Organization","@id":"https:\/\/www.ancoradelchianti.it\/de\/#organization","name":"Ancora del Chianti B&amp;B","url":"https:\/\/www.ancoradelchianti.it\/de\/","logo":{"@type":"ImageObject","inLanguage":"de","@id":"https:\/\/www.ancoradelchianti.it\/de\/#\/schema\/logo\/image\/","url":"https:\/\/www.ancoradelchianti.it\/wp-content\/uploads\/logo\/logo.png","contentUrl":"https:\/\/www.ancoradelchianti.it\/wp-content\/uploads\/logo\/logo.png","width":129,"height":133,"caption":"Ancora del Chianti B&amp;B"},"image":{"@id":"https:\/\/www.ancoradelchianti.it\/de\/#\/schema\/logo\/image\/"}}]}},"_links":{"self":[{"href":"https:\/\/www.ancoradelchianti.it\/de\/wp-json\/wp\/v2\/pages\/8717","targetHints":{"allow":["GET"]}}],"collection":[{"href":"https:\/\/www.ancoradelchianti.it\/de\/wp-json\/wp\/v2\/pages"}],"about":[{"href":"https:\/\/www.ancoradelchianti.it\/de\/wp-json\/wp\/v2\/types\/page"}],"author":[{"embeddable":true,"href":"https:\/\/www.ancoradelchianti.it\/de\/wp-json\/wp\/v2\/users\/1"}],"replies":[{"embeddable":true,"href":"https:\/\/www.ancoradelchianti.it\/de\/wp-json\/wp\/v2\/comments?post=8717"}],"version-history":[{"count":0,"href":"https:\/\/www.ancoradelchianti.it\/de\/wp-json\/wp\/v2\/pages\/8717\/revisions"}],"up":[{"embeddable":true,"href":"https:\/\/www.ancoradelchianti.it\/de\/wp-json\/wp\/v2\/pages\/8715"}],"wp:featuredmedia":[{"embeddable":true,"href":"https:\/\/www.ancoradelchianti.it\/de\/wp-json\/wp\/v2\/media\/7996"}],"wp:attachment":[{"href":"https:\/\/www.ancoradelchianti.it\/de\/wp-json\/wp\/v2\/media?parent=8717"}],"wp:term":[{"taxonomy":"category","embeddable":true,"href":"https:\/\/www.ancoradelchianti.it\/de\/wp-json\/wp\/v2\/categories?post=8717"},{"taxonomy":"post_tag","embeddable":true,"href":"https:\/\/www.ancoradelchianti.it\/de\/wp-json\/wp\/v2\/tags?post=8717"}],"curies":[{"name":"wp","href":"https:\/\/api.w.org\/{rel}","templated":true}]}}