{"id":8721,"date":"2024-03-04T14:08:45","date_gmt":"2024-03-04T14:08:45","guid":{"rendered":"https:\/\/dev.ancoradelchianti.it\/erfahrungen\/olivenoel-tour-mit-verkostung\/"},"modified":"2024-04-06T05:59:17","modified_gmt":"2024-04-06T05:59:17","slug":"olivenolverkostung","status":"publish","type":"page","link":"https:\/\/www.ancoradelchianti.it\/de\/aktivitaeten\/olivenolverkostung\/","title":{"rendered":"Oliven\u00f6l Tour mit Verkostung"},"content":{"rendered":"\t\t<div data-elementor-type=\"wp-page\" data-elementor-id=\"8721\" class=\"elementor elementor-8721 elementor-7333\" data-elementor-post-type=\"page\">\n\t\t\t\t<div class=\"elementor-element elementor-element-cbd8dca e-con-full e-flex e-con e-parent\" data-id=\"cbd8dca\" data-element_type=\"container\" data-settings=\"{&quot;jet_parallax_layout_list&quot;:[]}\">\n\t\t\t\t<div data-dce-advanced-background-image-url=\"https:\/\/www.ancoradelchianti.it\/wp-content\/uploads\/experiences\/olive-oil-tour-with-tasting\/oil_tasting.jpg\" class=\"elementor-element elementor-element-9d3b7e3 elementor-invisible elementor-has-bg-overlay elementor-widget elementor-widget-global elementor-global-232 elementor-widget-heading\" data-id=\"9d3b7e3\" data-element_type=\"widget\" data-settings=\"{&quot;_animation&quot;:&quot;fadeInDown&quot;}\" data-widget_type=\"heading.default\">\n\t\t\t\t<div class=\"elementor-widget-container\">\n\t\t\t<h1 class=\"elementor-heading-title elementor-size-default\">Oliven\u00f6l Tour mit Verkostung<\/h1>\t\t<\/div>\n\t\t\t\t<\/div>\n\t\t\t\t<div class=\"elementor-element elementor-element-935848e elementor-widget elementor-widget-heading\" data-id=\"935848e\" data-element_type=\"widget\" data-widget_type=\"heading.default\">\n\t\t\t\t<div class=\"elementor-widget-container\">\n\t\t\t<h2 class=\"elementor-heading-title elementor-size-default\">Oliven\u00f6l Tour mit Verkostung in der Toskana<\/h2>\t\t<\/div>\n\t\t\t\t<\/div>\n\t\t\t\t<\/div>\n\t\t<div class=\"elementor-element elementor-element-38204ac e-flex e-con-boxed e-con e-parent\" data-id=\"38204ac\" data-element_type=\"container\" data-settings=\"{&quot;jet_parallax_layout_list&quot;:[]}\">\n\t\t\t\t\t<div class=\"e-con-inner\">\n\t\t\t\t<div class=\"elementor-element elementor-element-c0c65ab elementor-widget elementor-widget-text-editor\" data-id=\"c0c65ab\" data-element_type=\"widget\" data-widget_type=\"text-editor.default\">\n\t\t\t\t<div class=\"elementor-widget-container\">\n\t\t\t\t\t\t\t<h3><img fetchpriority=\"high\" decoding=\"async\" class=\"alignleft wp-image-7338\" src=\"https:\/\/www.ancoradelchianti.it\/wp-content\/uploads\/experiences\/olive-oil-tour-with-tasting\/oil_tasting-1.jpg\" alt=\"\" width=\"355\" height=\"225\" \/><\/h3>\n<h3>Einzigartiger Besuch in einer \u00d6lm\u00fchle im Chianti, wo enthusiastische und qualit\u00e4tsorientierte Produzenten ihre Leidenschaft und Kenntnisse mit Ihnen teilen.<\/h3>\n<p>Die Besitzerfamilie produziert natives Oliven\u00f6l, Safran, Wein und Iriswurzelst\u00f6cke seit 4 Generationen. Die \u00d6lm\u00fchle liegt 20 Minuten Autofahrt vom Ancora del Chianti &#8211; Country B&amp;B and Retreat in Tuscany entfernt. Nach der Erkl\u00e4rung, wie man Oliven anbaut und auspresst, lernen Sie im Verkostungsraum alles \u00fcber natives Oliven\u00f6l und Lebensmittelbewu\u00dftsein: wie\u00a0 man ein gutes Oliven\u00f6l produziert und wie man dessen Qualit\u00e4tsmerkmale durch eine Geruchs-und Geschmacksanalyse im Glas entdeckt. Die Erfahrung geht weiter mit der Verkostung verschiedener Monocultivar und anderer, aus mehreren Sorten gemischter \u00d6le, die unterschiedlich in Struktur und Intensit\u00e4t sind, und wie man verschiedene\u00a0 Speisen mit passenden \u00d6lsorten kombiniert.<\/p>\n\t\t\t\t\t\t<\/div>\n\t\t\t\t<\/div>\n\t\t\t\t\t<\/div>\n\t\t\t\t<\/div>\n\t\t<div class=\"elementor-element elementor-element-43a2bba e-flex e-con-boxed e-con e-parent\" data-id=\"43a2bba\" data-element_type=\"container\" data-settings=\"{&quot;jet_parallax_layout_list&quot;:[]}\">\n\t\t\t\t\t<div class=\"e-con-inner\">\n\t\t\t\t<div class=\"elementor-element elementor-element-3263573 elementor-widget elementor-widget-text-editor\" data-id=\"3263573\" data-element_type=\"widget\" data-widget_type=\"text-editor.default\">\n\t\t\t\t<div class=\"elementor-widget-container\">\n\t\t\t\t\t\t\t<p><strong>Extra Vergine Oliven\u00f6lverkostung mit Geschmacksanalyse:<\/strong> \u20ac 28,00 pro Person (1 Stunde) \u2013 Montag \u2013 Freitag \u2013 nur auf Vorbestellung<\/p>\n<p>Tour der \u00d6lm\u00fchle mit Erkl\u00e4rung des Produktionsprozesses und Oliven\u00f6lverkostung mit Geschmacksanalyse im Glas.<\/p>\n<p><b><strong>Verkostung von Oliven\u00f6l Extra vergine mit Geschmacksanalyse:<\/strong><\/b> \u20ac 15,00 p\/p (1 h \u2013 45 min) \u2013 t\u00e4glich \u2013 nach Vereinbarung<\/p>\n<p>F\u00fcr eine komplette sensorische Erfahrung kombinieren Sie diese Besuche mit der<\/p>\n<p>KOCHSCHULE\u00a0und der\u00a0WEINTOUR MIT VERKOSTUNG oder nehmen Sie am\u00a0WEIN &amp;\u00a0SPEISEN SONDERANGEBOT\u00a0teil.<\/p>\n\t\t\t\t\t\t<\/div>\n\t\t\t\t<\/div>\n\t\t\t\t\t<\/div>\n\t\t\t\t<\/div>\n\t\t<div class=\"elementor-element elementor-element-12fffc3 e-flex e-con-boxed e-con e-parent\" data-id=\"12fffc3\" data-element_type=\"container\" data-settings=\"{&quot;jet_parallax_layout_list&quot;:[]}\">\n\t\t\t\t\t<div class=\"e-con-inner\">\n\t\t\t\t<div class=\"elementor-element elementor-element-28ad514 elementor-widget elementor-widget-global elementor-global-8639 elementor-global-6616 elementor-widget-text-editor\" data-id=\"28ad514\" data-element_type=\"widget\" data-widget_type=\"text-editor.default\">\n\t\t\t\t<div class=\"elementor-widget-container\">\n\t\t\t\t\t\t\t<p style=\"text-align: center;\"><a href=\"https:\/\/ancoradelchianti.beddy.io\/#\/(beddy:home)?lang=de\" target=\"_blank\" rel=\"noopener\"><strong>JETZT BUCHEN<\/strong><\/a>\u00a0oder eine E-Mail senden an\u00a0<a href=\"mailto:info@ancoradelchianti.it\" target=\"_blank\" rel=\"noopener\">info@ancoradelchianti.it<\/a><\/p>\n\t\t\t\t\t\t<\/div>\n\t\t\t\t<\/div>\n\t\t\t\t\t<\/div>\n\t\t\t\t<\/div>\n\t\t\t\t<\/div>\n\t\t","protected":false},"excerpt":{"rendered":"<p>Oliven\u00f6l Tour mit Verkostung in der Toskana Einzigartiger Besuch in einer \u00d6lm\u00fchle im Chianti, wo enthusiastische und qualit\u00e4tsorientierte Produzenten ihre Leidenschaft und Kenntnisse mit Ihnen teilen. Die Besitzerfamilie produziert natives Oliven\u00f6l, Safran, Wein und Iriswurzelst\u00f6cke seit 4 Generationen. Die \u00d6lm\u00fchle liegt 20 Minuten Autofahrt vom Ancora del Chianti &#8211; Country B&amp;B and Retreat in Tuscany&#8230;<\/p>\n","protected":false},"author":1,"featured_media":7336,"parent":8715,"menu_order":110,"comment_status":"closed","ping_status":"closed","template":"","meta":{"_acf_changed":false,"footnotes":""},"categories":[],"tags":[],"class_list":["post-8721","page","type-page","status-publish","has-post-thumbnail","hentry"],"acf":[],"yoast_head":"<!-- This site is optimized with the Yoast SEO plugin v24.0 - https:\/\/yoast.com\/wordpress\/plugins\/seo\/ -->\n<title>Oliven\u00f6l Tour mit Verkostung in der Toskana<\/title>\n<meta name=\"description\" content=\"Einzigartiger Besuch in einer \u00d6lm\u00fchle im Chianti, wo enthusiastische und qualit\u00e4tsorientierte Produzenten ihre Leidenschaft und Kenntnisse mit Ihnen teilen.\" \/>\n<meta name=\"robots\" content=\"index, follow, max-snippet:-1, max-image-preview:large, max-video-preview:-1\" \/>\n<link rel=\"canonical\" href=\"https:\/\/www.ancoradelchianti.it\/de\/aktivitaeten\/olivenolverkostung\/\" \/>\n<meta property=\"og:locale\" content=\"de_DE\" \/>\n<meta property=\"og:type\" content=\"article\" \/>\n<meta property=\"og:title\" content=\"Oliven\u00f6l Tour mit Verkostung in der Toskana\" \/>\n<meta property=\"og:description\" content=\"Einzigartiger Besuch in einer \u00d6lm\u00fchle im Chianti, wo enthusiastische und qualit\u00e4tsorientierte Produzenten ihre Leidenschaft und Kenntnisse mit Ihnen teilen.\" \/>\n<meta property=\"og:url\" content=\"https:\/\/www.ancoradelchianti.it\/de\/aktivitaeten\/olivenolverkostung\/\" \/>\n<meta property=\"og:site_name\" content=\"Ancora del Chianti B&amp;B\" \/>\n<meta property=\"article:modified_time\" content=\"2024-04-06T05:59:17+00:00\" \/>\n<meta property=\"og:image\" content=\"https:\/\/www.ancoradelchianti.it\/wp-content\/uploads\/experiences\/olive-oil-tour-with-tasting\/oil_tasting.jpg\" \/>\n\t<meta property=\"og:image:width\" content=\"1920\" \/>\n\t<meta property=\"og:image:height\" content=\"672\" \/>\n\t<meta property=\"og:image:type\" content=\"image\/jpeg\" \/>\n<meta name=\"twitter:card\" content=\"summary_large_image\" \/>\n<meta name=\"twitter:label1\" content=\"Gesch\u00e4tzte Lesezeit\" \/>\n\t<meta name=\"twitter:data1\" content=\"1\u00a0Minute\" \/>\n<script type=\"application\/ld+json\" class=\"yoast-schema-graph\">{\"@context\":\"https:\/\/schema.org\",\"@graph\":[{\"@type\":\"WebPage\",\"@id\":\"https:\/\/www.ancoradelchianti.it\/de\/aktivitaeten\/olivenolverkostung\/\",\"url\":\"https:\/\/www.ancoradelchianti.it\/de\/aktivitaeten\/olivenolverkostung\/\",\"name\":\"Oliven\u00f6l Tour mit Verkostung in der Toskana\",\"isPartOf\":{\"@id\":\"https:\/\/www.ancoradelchianti.it\/de\/#website\"},\"primaryImageOfPage\":{\"@id\":\"https:\/\/www.ancoradelchianti.it\/de\/aktivitaeten\/olivenolverkostung\/#primaryimage\"},\"image\":{\"@id\":\"https:\/\/www.ancoradelchianti.it\/de\/aktivitaeten\/olivenolverkostung\/#primaryimage\"},\"thumbnailUrl\":\"https:\/\/www.ancoradelchianti.it\/wp-content\/uploads\/experiences\/olive-oil-tour-with-tasting\/oil_tasting.jpg\",\"datePublished\":\"2024-03-04T14:08:45+00:00\",\"dateModified\":\"2024-04-06T05:59:17+00:00\",\"description\":\"Einzigartiger Besuch in einer \u00d6lm\u00fchle im Chianti, wo enthusiastische und qualit\u00e4tsorientierte Produzenten ihre Leidenschaft und Kenntnisse mit Ihnen teilen.\",\"breadcrumb\":{\"@id\":\"https:\/\/www.ancoradelchianti.it\/de\/aktivitaeten\/olivenolverkostung\/#breadcrumb\"},\"inLanguage\":\"de\",\"potentialAction\":[{\"@type\":\"ReadAction\",\"target\":[\"https:\/\/www.ancoradelchianti.it\/de\/aktivitaeten\/olivenolverkostung\/\"]}]},{\"@type\":\"ImageObject\",\"inLanguage\":\"de\",\"@id\":\"https:\/\/www.ancoradelchianti.it\/de\/aktivitaeten\/olivenolverkostung\/#primaryimage\",\"url\":\"https:\/\/www.ancoradelchianti.it\/wp-content\/uploads\/experiences\/olive-oil-tour-with-tasting\/oil_tasting.jpg\",\"contentUrl\":\"https:\/\/www.ancoradelchianti.it\/wp-content\/uploads\/experiences\/olive-oil-tour-with-tasting\/oil_tasting.jpg\",\"width\":1920,\"height\":672,\"caption\":\"Oil Tasting\"},{\"@type\":\"BreadcrumbList\",\"@id\":\"https:\/\/www.ancoradelchianti.it\/de\/aktivitaeten\/olivenolverkostung\/#breadcrumb\",\"itemListElement\":[{\"@type\":\"ListItem\",\"position\":1,\"name\":\"Home\",\"item\":\"https:\/\/www.ancoradelchianti.it\/de\/\"},{\"@type\":\"ListItem\",\"position\":2,\"name\":\"Erfahrungen\",\"item\":\"https:\/\/www.ancoradelchianti.it\/de\/aktivitaeten\/\"},{\"@type\":\"ListItem\",\"position\":3,\"name\":\"Oliven\u00f6l Tour mit Verkostung\"}]},{\"@type\":\"WebSite\",\"@id\":\"https:\/\/www.ancoradelchianti.it\/de\/#website\",\"url\":\"https:\/\/www.ancoradelchianti.it\/de\/\",\"name\":\"Ancora del Chianti B&amp;B\",\"description\":\"\",\"publisher\":{\"@id\":\"https:\/\/www.ancoradelchianti.it\/de\/#organization\"},\"potentialAction\":[{\"@type\":\"SearchAction\",\"target\":{\"@type\":\"EntryPoint\",\"urlTemplate\":\"https:\/\/www.ancoradelchianti.it\/de\/?s={search_term_string}\"},\"query-input\":{\"@type\":\"PropertyValueSpecification\",\"valueRequired\":true,\"valueName\":\"search_term_string\"}}],\"inLanguage\":\"de\"},{\"@type\":\"Organization\",\"@id\":\"https:\/\/www.ancoradelchianti.it\/de\/#organization\",\"name\":\"Ancora del Chianti B&amp;B\",\"url\":\"https:\/\/www.ancoradelchianti.it\/de\/\",\"logo\":{\"@type\":\"ImageObject\",\"inLanguage\":\"de\",\"@id\":\"https:\/\/www.ancoradelchianti.it\/de\/#\/schema\/logo\/image\/\",\"url\":\"https:\/\/www.ancoradelchianti.it\/wp-content\/uploads\/logo\/logo.png\",\"contentUrl\":\"https:\/\/www.ancoradelchianti.it\/wp-content\/uploads\/logo\/logo.png\",\"width\":129,\"height\":133,\"caption\":\"Ancora del Chianti B&amp;B\"},\"image\":{\"@id\":\"https:\/\/www.ancoradelchianti.it\/de\/#\/schema\/logo\/image\/\"}}]}<\/script>\n<!-- \/ Yoast SEO plugin. -->","yoast_head_json":{"title":"Oliven\u00f6l Tour mit Verkostung in der Toskana","description":"Einzigartiger Besuch in einer \u00d6lm\u00fchle im Chianti, wo enthusiastische und qualit\u00e4tsorientierte Produzenten ihre Leidenschaft und Kenntnisse mit Ihnen teilen.","robots":{"index":"index","follow":"follow","max-snippet":"max-snippet:-1","max-image-preview":"max-image-preview:large","max-video-preview":"max-video-preview:-1"},"canonical":"https:\/\/www.ancoradelchianti.it\/de\/aktivitaeten\/olivenolverkostung\/","og_locale":"de_DE","og_type":"article","og_title":"Oliven\u00f6l Tour mit Verkostung in der Toskana","og_description":"Einzigartiger Besuch in einer \u00d6lm\u00fchle im Chianti, wo enthusiastische und qualit\u00e4tsorientierte Produzenten ihre Leidenschaft und Kenntnisse mit Ihnen teilen.","og_url":"https:\/\/www.ancoradelchianti.it\/de\/aktivitaeten\/olivenolverkostung\/","og_site_name":"Ancora del Chianti B&amp;B","article_modified_time":"2024-04-06T05:59:17+00:00","og_image":[{"width":1920,"height":672,"url":"https:\/\/www.ancoradelchianti.it\/wp-content\/uploads\/experiences\/olive-oil-tour-with-tasting\/oil_tasting.jpg","type":"image\/jpeg"}],"twitter_card":"summary_large_image","twitter_misc":{"Gesch\u00e4tzte Lesezeit":"1\u00a0Minute"},"schema":{"@context":"https:\/\/schema.org","@graph":[{"@type":"WebPage","@id":"https:\/\/www.ancoradelchianti.it\/de\/aktivitaeten\/olivenolverkostung\/","url":"https:\/\/www.ancoradelchianti.it\/de\/aktivitaeten\/olivenolverkostung\/","name":"Oliven\u00f6l Tour mit Verkostung in der Toskana","isPartOf":{"@id":"https:\/\/www.ancoradelchianti.it\/de\/#website"},"primaryImageOfPage":{"@id":"https:\/\/www.ancoradelchianti.it\/de\/aktivitaeten\/olivenolverkostung\/#primaryimage"},"image":{"@id":"https:\/\/www.ancoradelchianti.it\/de\/aktivitaeten\/olivenolverkostung\/#primaryimage"},"thumbnailUrl":"https:\/\/www.ancoradelchianti.it\/wp-content\/uploads\/experiences\/olive-oil-tour-with-tasting\/oil_tasting.jpg","datePublished":"2024-03-04T14:08:45+00:00","dateModified":"2024-04-06T05:59:17+00:00","description":"Einzigartiger Besuch in einer \u00d6lm\u00fchle im Chianti, wo enthusiastische und qualit\u00e4tsorientierte Produzenten ihre Leidenschaft und Kenntnisse mit Ihnen teilen.","breadcrumb":{"@id":"https:\/\/www.ancoradelchianti.it\/de\/aktivitaeten\/olivenolverkostung\/#breadcrumb"},"inLanguage":"de","potentialAction":[{"@type":"ReadAction","target":["https:\/\/www.ancoradelchianti.it\/de\/aktivitaeten\/olivenolverkostung\/"]}]},{"@type":"ImageObject","inLanguage":"de","@id":"https:\/\/www.ancoradelchianti.it\/de\/aktivitaeten\/olivenolverkostung\/#primaryimage","url":"https:\/\/www.ancoradelchianti.it\/wp-content\/uploads\/experiences\/olive-oil-tour-with-tasting\/oil_tasting.jpg","contentUrl":"https:\/\/www.ancoradelchianti.it\/wp-content\/uploads\/experiences\/olive-oil-tour-with-tasting\/oil_tasting.jpg","width":1920,"height":672,"caption":"Oil Tasting"},{"@type":"BreadcrumbList","@id":"https:\/\/www.ancoradelchianti.it\/de\/aktivitaeten\/olivenolverkostung\/#breadcrumb","itemListElement":[{"@type":"ListItem","position":1,"name":"Home","item":"https:\/\/www.ancoradelchianti.it\/de\/"},{"@type":"ListItem","position":2,"name":"Erfahrungen","item":"https:\/\/www.ancoradelchianti.it\/de\/aktivitaeten\/"},{"@type":"ListItem","position":3,"name":"Oliven\u00f6l Tour mit Verkostung"}]},{"@type":"WebSite","@id":"https:\/\/www.ancoradelchianti.it\/de\/#website","url":"https:\/\/www.ancoradelchianti.it\/de\/","name":"Ancora del Chianti B&amp;B","description":"","publisher":{"@id":"https:\/\/www.ancoradelchianti.it\/de\/#organization"},"potentialAction":[{"@type":"SearchAction","target":{"@type":"EntryPoint","urlTemplate":"https:\/\/www.ancoradelchianti.it\/de\/?s={search_term_string}"},"query-input":{"@type":"PropertyValueSpecification","valueRequired":true,"valueName":"search_term_string"}}],"inLanguage":"de"},{"@type":"Organization","@id":"https:\/\/www.ancoradelchianti.it\/de\/#organization","name":"Ancora del Chianti B&amp;B","url":"https:\/\/www.ancoradelchianti.it\/de\/","logo":{"@type":"ImageObject","inLanguage":"de","@id":"https:\/\/www.ancoradelchianti.it\/de\/#\/schema\/logo\/image\/","url":"https:\/\/www.ancoradelchianti.it\/wp-content\/uploads\/logo\/logo.png","contentUrl":"https:\/\/www.ancoradelchianti.it\/wp-content\/uploads\/logo\/logo.png","width":129,"height":133,"caption":"Ancora del Chianti B&amp;B"},"image":{"@id":"https:\/\/www.ancoradelchianti.it\/de\/#\/schema\/logo\/image\/"}}]}},"_links":{"self":[{"href":"https:\/\/www.ancoradelchianti.it\/de\/wp-json\/wp\/v2\/pages\/8721","targetHints":{"allow":["GET"]}}],"collection":[{"href":"https:\/\/www.ancoradelchianti.it\/de\/wp-json\/wp\/v2\/pages"}],"about":[{"href":"https:\/\/www.ancoradelchianti.it\/de\/wp-json\/wp\/v2\/types\/page"}],"author":[{"embeddable":true,"href":"https:\/\/www.ancoradelchianti.it\/de\/wp-json\/wp\/v2\/users\/1"}],"replies":[{"embeddable":true,"href":"https:\/\/www.ancoradelchianti.it\/de\/wp-json\/wp\/v2\/comments?post=8721"}],"version-history":[{"count":0,"href":"https:\/\/www.ancoradelchianti.it\/de\/wp-json\/wp\/v2\/pages\/8721\/revisions"}],"up":[{"embeddable":true,"href":"https:\/\/www.ancoradelchianti.it\/de\/wp-json\/wp\/v2\/pages\/8715"}],"wp:featuredmedia":[{"embeddable":true,"href":"https:\/\/www.ancoradelchianti.it\/de\/wp-json\/wp\/v2\/media\/7336"}],"wp:attachment":[{"href":"https:\/\/www.ancoradelchianti.it\/de\/wp-json\/wp\/v2\/media?parent=8721"}],"wp:term":[{"taxonomy":"category","embeddable":true,"href":"https:\/\/www.ancoradelchianti.it\/de\/wp-json\/wp\/v2\/categories?post=8721"},{"taxonomy":"post_tag","embeddable":true,"href":"https:\/\/www.ancoradelchianti.it\/de\/wp-json\/wp\/v2\/tags?post=8721"}],"curies":[{"name":"wp","href":"https:\/\/api.w.org\/{rel}","templated":true}]}}