{"id":8725,"date":"2024-03-04T14:13:21","date_gmt":"2024-03-04T14:13:21","guid":{"rendered":"https:\/\/dev.ancoradelchianti.it\/erfahrungen\/kochschule-in-der-toskana\/"},"modified":"2025-02-27T12:01:25","modified_gmt":"2025-02-27T12:01:25","slug":"kochkurs_toskana","status":"publish","type":"page","link":"https:\/\/www.ancoradelchianti.it\/de\/aktivitaeten\/kochkurs_toskana\/","title":{"rendered":"Kochschule in der Toskana"},"content":{"rendered":"\t\t<div data-elementor-type=\"wp-page\" data-elementor-id=\"8725\" class=\"elementor elementor-8725 elementor-7349\" data-elementor-post-type=\"page\">\n\t\t\t\t<div class=\"elementor-element elementor-element-f59274d e-con-full e-flex e-con e-parent\" data-id=\"f59274d\" data-element_type=\"container\" data-settings=\"{&quot;jet_parallax_layout_list&quot;:[]}\">\n\t\t\t\t<div data-dce-advanced-background-image-url=\"https:\/\/www.ancoradelchianti.it\/wp-content\/uploads\/experiences\/cooking-class-in-tuscany\/cooking-class.jpg\" class=\"elementor-element elementor-element-ffd5b93 elementor-invisible elementor-has-bg-overlay elementor-widget elementor-widget-global elementor-global-232 elementor-widget-heading\" data-id=\"ffd5b93\" data-element_type=\"widget\" data-settings=\"{&quot;_animation&quot;:&quot;fadeInDown&quot;}\" data-widget_type=\"heading.default\">\n\t\t\t\t<div class=\"elementor-widget-container\">\n\t\t\t<h1 class=\"elementor-heading-title elementor-size-default\">Kochschule in der Toskana<\/h1>\t\t<\/div>\n\t\t\t\t<\/div>\n\t\t\t\t<div class=\"elementor-element elementor-element-4f679f5 elementor-widget elementor-widget-heading\" data-id=\"4f679f5\" data-element_type=\"widget\" data-widget_type=\"heading.default\">\n\t\t\t\t<div class=\"elementor-widget-container\">\n\t\t\t<h2 class=\"elementor-heading-title elementor-size-default\">Aktive Kochschule in der Toskana in B&amp;B bei Florenz<\/h2>\t\t<\/div>\n\t\t\t\t<\/div>\n\t\t\t\t<\/div>\n\t\t<div class=\"elementor-element elementor-element-beae07a e-flex e-con-boxed e-con e-parent\" data-id=\"beae07a\" data-element_type=\"container\" data-settings=\"{&quot;jet_parallax_layout_list&quot;:[]}\">\n\t\t\t\t\t<div class=\"e-con-inner\">\n\t\t\t\t<div class=\"elementor-element elementor-element-1dfcc26 elementor-widget elementor-widget-text-editor\" data-id=\"1dfcc26\" data-element_type=\"widget\" data-widget_type=\"text-editor.default\">\n\t\t\t\t<div class=\"elementor-widget-container\">\n\t\t\t\t\t\t\t<h3><img fetchpriority=\"high\" decoding=\"async\" class=\"alignleft wp-image-7354\" src=\"https:\/\/www.ancoradelchianti.it\/wp-content\/uploads\/experiences\/cooking-class-in-tuscany\/cooking_class_tuscany-300x201.jpg\" alt=\"\" width=\"355\" height=\"237\" srcset=\"https:\/\/www.ancoradelchianti.it\/wp-content\/uploads\/experiences\/cooking-class-in-tuscany\/cooking_class_tuscany-300x201.jpg 300w, https:\/\/www.ancoradelchianti.it\/wp-content\/uploads\/experiences\/cooking-class-in-tuscany\/cooking_class_tuscany.jpg 320w\" sizes=\"(max-width: 355px) 100vw, 355px\" \/>Im Ancora del Chianti Country B&amp;B k\u00f6nnen Sie w\u00e4hrend eines vergn\u00fcgsamen, aktiven Kochkurses\u00a0 f\u00fcr Paare, Einzelreisende und Gruppen bei Florenz lernen, gesunde, leckere, toskanische Speisen zu kochen.<\/h3>\r\nW\u00e4hrend Sie Ihren Urlaub in der Toskana im Ancora del Chianti Bed and Breakfast genie\u00dfen, k\u00f6nnen Sie an einem eint\u00e4gigen Kochkurs in der Toskana in der N\u00e4he von Florenz teilnehmen und lernen, k\u00f6stliche Gerichte der toskanischen kulinarischen Tradition und frische Pasta zuzubereiten. Sie erleben einen echten<strong>\u00a0praktischen Kochkurs in der Toskana mit Kochgeheimnissen<\/strong>, die Sie in einer entspannten und lebhaften Atmosph\u00e4re mit nach Hause nehmen k\u00f6nnen. Sie werden einen angenehmen Morgen mit Hacken, Kneten, Kochen, Essen und Spa\u00df verbringen. Sie k\u00f6nnen sich f\u00fcr einen\u00a0<strong>praktischen Kochkurs in der traditionellen toskanischen K\u00fcche<\/strong>\u00a0mit einem kompletten Men\u00fc mit Antipasti, Nudeln, Fleisch, Beilagen und Nachtisch oder f\u00fcr einen vollst\u00e4ndigen<strong>\u00a0Immersionskurs mit Pizza und frischen Nudeln<\/strong>\u00a0entscheiden, bei dem Sie lernen, wie man verschiedene Arten frischer Nudeln und So\u00dfen zubereitet, gefolgt von einem geselliges Mittagessen. Viel Spa\u00df und guten Appetit!\t\t\t\t\t\t<\/div>\n\t\t\t\t<\/div>\n\t\t\t\t\t<\/div>\n\t\t\t\t<\/div>\n\t\t<div class=\"elementor-element elementor-element-560e736 e-flex e-con-boxed e-con e-parent\" data-id=\"560e736\" data-element_type=\"container\" data-settings=\"{&quot;jet_parallax_layout_list&quot;:[]}\">\n\t\t\t\t\t<div class=\"e-con-inner\">\n\t\t\t\t<div class=\"elementor-element elementor-element-9a5e006 elementor-widget elementor-widget-text-editor\" data-id=\"9a5e006\" data-element_type=\"widget\" data-widget_type=\"text-editor.default\">\n\t\t\t\t<div class=\"elementor-widget-container\">\n\t\t\t\t\t\t\t<div>\n<div>\n<div><strong>Kochkurs mit traditionellem Men\u00fc:<\/strong> 140,00 \u20ac pro Person. Beginn um 10.30 Uhr. Dauer: 3,5\/4,00. Lernen Sie und haben Sie Spa\u00df beim Kochen einfacher Rezepte der toskanischen Tradition, die sich leicht zu Hause nachkochen lassen. Alle w\u00e4hrend des Kurses verwendeten Zutaten sind frisch, viele davon werden direkt vor Ort geerntet. Sie lernen die traditionelle toskanische K\u00fcche kennen, mit besonderem Augenmerk auf die Zubereitung guter und gesunder Gerichte. Der Kurs kann 15\u201320 Minuten vom B&amp;B entfernt auf der Chef\u2019s Farm stattfinden. Es beinhaltet einen Kochkurs, Mittagessen und Wein. Auch Personen, die nicht am Kochkurs teilnehmen, sind herzlich willkommen, am Essen teilzunehmen.<\/div>\n<div><\/div>\n<div><strong>Full Immersion in Pizza und frischer Pasta:<\/strong> 120,00 \u20ac pro Person. Beginn ist um 10.30 Uhr. Dauer: 3 Stunden Lernen Sie, wie man eine wirklich knusprige italienische Pizza zubereitet, und haben Sie Spa\u00df daran, zu lernen, wie man viele verschiedene Formen frischer Pasta von Grund auf zubereitet! Alle w\u00e4hrend des Kurses verwendeten Zutaten sind frisch, viele davon werden direkt vor Ort geerntet. Es beinhaltet einen Kochkurs, Mittagessen und Wein. Der Kurs kann im B&amp;B oder 15\u201320 Autominuten entfernt stattfinden. Es beinhaltet einen Kochkurs, Mittagessen und Wein. Auch Personen, die nicht am Kochkurs teilnehmen, sind herzlich willkommen, am Essen teilzunehmen.<\/div>\n<div><\/div>\n<h3>Sonderangebote f\u00fcr Gruppen<\/h3>\n<\/div>\n<\/div>\n<div>\n<p>F\u00fcr eine komplette sensorische Erfahrung kombinieren Sie diese Besuche mit der OLIVEN\u00d6L-TOUR\u00a0und der\u00a0WEINTOUR MIT VERKOSTUNG oder nehmen Sie am\u00a0WEIN &amp;\u00a0SPEISEN SONDERANGEBOT\u00a0teil.<\/p>\n<\/div>\n\t\t\t\t\t\t<\/div>\n\t\t\t\t<\/div>\n\t\t\t\t\t<\/div>\n\t\t\t\t<\/div>\n\t\t<div class=\"elementor-element elementor-element-1fa0f04 e-flex e-con-boxed e-con e-parent\" data-id=\"1fa0f04\" data-element_type=\"container\" data-settings=\"{&quot;jet_parallax_layout_list&quot;:[]}\">\n\t\t\t\t\t<div class=\"e-con-inner\">\n\t\t\t\t<div class=\"elementor-element elementor-element-93802b0 elementor-widget elementor-widget-global elementor-global-8639 elementor-global-6616 elementor-widget-text-editor\" data-id=\"93802b0\" data-element_type=\"widget\" data-widget_type=\"text-editor.default\">\n\t\t\t\t<div class=\"elementor-widget-container\">\n\t\t\t\t\t\t\t<p style=\"text-align: center;\"><a href=\"https:\/\/ancoradelchianti.beddy.io\/#\/(beddy:home)?lang=de\" target=\"_blank\" rel=\"noopener\"><strong>JETZT BUCHEN<\/strong><\/a>\u00a0oder eine E-Mail senden an\u00a0<a href=\"mailto:info@ancoradelchianti.it\" target=\"_blank\" rel=\"noopener\">info@ancoradelchianti.it<\/a><\/p>\n\t\t\t\t\t\t<\/div>\n\t\t\t\t<\/div>\n\t\t\t\t\t<\/div>\n\t\t\t\t<\/div>\n\t\t\t\t<\/div>\n\t\t","protected":false},"excerpt":{"rendered":"<p>Aktive Kochschule in der Toskana in B&amp;B bei Florenz Im Ancora del Chianti Country B&amp;B k\u00f6nnen Sie w\u00e4hrend eines vergn\u00fcgsamen, aktiven Kochkurses\u00a0 f\u00fcr Paare, Einzelreisende und Gruppen bei Florenz lernen, gesunde, leckere, toskanische Speisen zu kochen. W\u00e4hrend Sie Ihren Urlaub in der Toskana im Ancora del Chianti Bed and Breakfast genie\u00dfen, k\u00f6nnen Sie an einem&#8230;<\/p>\n","protected":false},"author":1,"featured_media":7352,"parent":8715,"menu_order":113,"comment_status":"closed","ping_status":"closed","template":"","meta":{"_acf_changed":false,"footnotes":""},"categories":[],"tags":[],"class_list":["post-8725","page","type-page","status-publish","has-post-thumbnail","hentry"],"acf":[],"yoast_head":"<!-- This site is optimized with the Yoast SEO plugin v24.0 - https:\/\/yoast.com\/wordpress\/plugins\/seo\/ -->\n<title>Aktive Kochschule in der Toskana in B&amp;B bei Florenz<\/title>\n<meta name=\"description\" content=\"Im Ancora del Chianti k\u00f6nnen Sie w\u00e4hrend eines vergn\u00fcgsamen, aktiven Kochkurses f\u00fcr Paare, Einzelreisende und Gruppen lernen, gesunde, leckere, toskanische Speisen zu kochen.\" \/>\n<meta name=\"robots\" content=\"index, follow, max-snippet:-1, max-image-preview:large, max-video-preview:-1\" \/>\n<link rel=\"canonical\" href=\"https:\/\/www.ancoradelchianti.it\/de\/aktivitaeten\/kochkurs_toskana\/\" \/>\n<meta property=\"og:locale\" content=\"de_DE\" \/>\n<meta property=\"og:type\" content=\"article\" \/>\n<meta property=\"og:title\" content=\"Aktive Kochschule in der Toskana in B&amp;B bei Florenz\" \/>\n<meta property=\"og:description\" content=\"Im Ancora del Chianti k\u00f6nnen Sie w\u00e4hrend eines vergn\u00fcgsamen, aktiven Kochkurses f\u00fcr Paare, Einzelreisende und Gruppen lernen, gesunde, leckere, toskanische Speisen zu kochen.\" \/>\n<meta property=\"og:url\" content=\"https:\/\/www.ancoradelchianti.it\/de\/aktivitaeten\/kochkurs_toskana\/\" \/>\n<meta property=\"og:site_name\" content=\"Ancora del Chianti B&amp;B\" \/>\n<meta property=\"article:modified_time\" content=\"2025-02-27T12:01:25+00:00\" \/>\n<meta property=\"og:image\" content=\"https:\/\/www.ancoradelchianti.it\/wp-content\/uploads\/experiences\/cooking-class-in-tuscany\/cooking-class.jpg\" \/>\n\t<meta property=\"og:image:width\" content=\"1920\" \/>\n\t<meta property=\"og:image:height\" content=\"672\" \/>\n\t<meta property=\"og:image:type\" content=\"image\/jpeg\" \/>\n<meta name=\"twitter:card\" content=\"summary_large_image\" \/>\n<meta name=\"twitter:label1\" content=\"Gesch\u00e4tzte Lesezeit\" \/>\n\t<meta name=\"twitter:data1\" content=\"2\u00a0Minuten\" \/>\n<script type=\"application\/ld+json\" class=\"yoast-schema-graph\">{\"@context\":\"https:\/\/schema.org\",\"@graph\":[{\"@type\":\"WebPage\",\"@id\":\"https:\/\/www.ancoradelchianti.it\/de\/aktivitaeten\/kochkurs_toskana\/\",\"url\":\"https:\/\/www.ancoradelchianti.it\/de\/aktivitaeten\/kochkurs_toskana\/\",\"name\":\"Aktive Kochschule in der Toskana in B&B bei Florenz\",\"isPartOf\":{\"@id\":\"https:\/\/www.ancoradelchianti.it\/de\/#website\"},\"primaryImageOfPage\":{\"@id\":\"https:\/\/www.ancoradelchianti.it\/de\/aktivitaeten\/kochkurs_toskana\/#primaryimage\"},\"image\":{\"@id\":\"https:\/\/www.ancoradelchianti.it\/de\/aktivitaeten\/kochkurs_toskana\/#primaryimage\"},\"thumbnailUrl\":\"https:\/\/www.ancoradelchianti.it\/wp-content\/uploads\/experiences\/cooking-class-in-tuscany\/cooking-class.jpg\",\"datePublished\":\"2024-03-04T14:13:21+00:00\",\"dateModified\":\"2025-02-27T12:01:25+00:00\",\"description\":\"Im Ancora del Chianti k\u00f6nnen Sie w\u00e4hrend eines vergn\u00fcgsamen, aktiven Kochkurses f\u00fcr Paare, Einzelreisende und Gruppen lernen, gesunde, leckere, toskanische Speisen zu kochen.\",\"breadcrumb\":{\"@id\":\"https:\/\/www.ancoradelchianti.it\/de\/aktivitaeten\/kochkurs_toskana\/#breadcrumb\"},\"inLanguage\":\"de\",\"potentialAction\":[{\"@type\":\"ReadAction\",\"target\":[\"https:\/\/www.ancoradelchianti.it\/de\/aktivitaeten\/kochkurs_toskana\/\"]}]},{\"@type\":\"ImageObject\",\"inLanguage\":\"de\",\"@id\":\"https:\/\/www.ancoradelchianti.it\/de\/aktivitaeten\/kochkurs_toskana\/#primaryimage\",\"url\":\"https:\/\/www.ancoradelchianti.it\/wp-content\/uploads\/experiences\/cooking-class-in-tuscany\/cooking-class.jpg\",\"contentUrl\":\"https:\/\/www.ancoradelchianti.it\/wp-content\/uploads\/experiences\/cooking-class-in-tuscany\/cooking-class.jpg\",\"width\":1920,\"height\":672,\"caption\":\"Cooking Class\"},{\"@type\":\"BreadcrumbList\",\"@id\":\"https:\/\/www.ancoradelchianti.it\/de\/aktivitaeten\/kochkurs_toskana\/#breadcrumb\",\"itemListElement\":[{\"@type\":\"ListItem\",\"position\":1,\"name\":\"Home\",\"item\":\"https:\/\/www.ancoradelchianti.it\/de\/\"},{\"@type\":\"ListItem\",\"position\":2,\"name\":\"Erfahrungen\",\"item\":\"https:\/\/www.ancoradelchianti.it\/de\/aktivitaeten\/\"},{\"@type\":\"ListItem\",\"position\":3,\"name\":\"Kochschule in der Toskana\"}]},{\"@type\":\"WebSite\",\"@id\":\"https:\/\/www.ancoradelchianti.it\/de\/#website\",\"url\":\"https:\/\/www.ancoradelchianti.it\/de\/\",\"name\":\"Ancora del Chianti B&amp;B\",\"description\":\"\",\"publisher\":{\"@id\":\"https:\/\/www.ancoradelchianti.it\/de\/#organization\"},\"potentialAction\":[{\"@type\":\"SearchAction\",\"target\":{\"@type\":\"EntryPoint\",\"urlTemplate\":\"https:\/\/www.ancoradelchianti.it\/de\/?s={search_term_string}\"},\"query-input\":{\"@type\":\"PropertyValueSpecification\",\"valueRequired\":true,\"valueName\":\"search_term_string\"}}],\"inLanguage\":\"de\"},{\"@type\":\"Organization\",\"@id\":\"https:\/\/www.ancoradelchianti.it\/de\/#organization\",\"name\":\"Ancora del Chianti B&amp;B\",\"url\":\"https:\/\/www.ancoradelchianti.it\/de\/\",\"logo\":{\"@type\":\"ImageObject\",\"inLanguage\":\"de\",\"@id\":\"https:\/\/www.ancoradelchianti.it\/de\/#\/schema\/logo\/image\/\",\"url\":\"https:\/\/www.ancoradelchianti.it\/wp-content\/uploads\/logo\/logo.png\",\"contentUrl\":\"https:\/\/www.ancoradelchianti.it\/wp-content\/uploads\/logo\/logo.png\",\"width\":129,\"height\":133,\"caption\":\"Ancora del Chianti B&amp;B\"},\"image\":{\"@id\":\"https:\/\/www.ancoradelchianti.it\/de\/#\/schema\/logo\/image\/\"}}]}<\/script>\n<!-- \/ Yoast SEO plugin. -->","yoast_head_json":{"title":"Aktive Kochschule in der Toskana in B&B bei Florenz","description":"Im Ancora del Chianti k\u00f6nnen Sie w\u00e4hrend eines vergn\u00fcgsamen, aktiven Kochkurses f\u00fcr Paare, Einzelreisende und Gruppen lernen, gesunde, leckere, toskanische Speisen zu kochen.","robots":{"index":"index","follow":"follow","max-snippet":"max-snippet:-1","max-image-preview":"max-image-preview:large","max-video-preview":"max-video-preview:-1"},"canonical":"https:\/\/www.ancoradelchianti.it\/de\/aktivitaeten\/kochkurs_toskana\/","og_locale":"de_DE","og_type":"article","og_title":"Aktive Kochschule in der Toskana in B&B bei Florenz","og_description":"Im Ancora del Chianti k\u00f6nnen Sie w\u00e4hrend eines vergn\u00fcgsamen, aktiven Kochkurses f\u00fcr Paare, Einzelreisende und Gruppen lernen, gesunde, leckere, toskanische Speisen zu kochen.","og_url":"https:\/\/www.ancoradelchianti.it\/de\/aktivitaeten\/kochkurs_toskana\/","og_site_name":"Ancora del Chianti B&amp;B","article_modified_time":"2025-02-27T12:01:25+00:00","og_image":[{"width":1920,"height":672,"url":"https:\/\/www.ancoradelchianti.it\/wp-content\/uploads\/experiences\/cooking-class-in-tuscany\/cooking-class.jpg","type":"image\/jpeg"}],"twitter_card":"summary_large_image","twitter_misc":{"Gesch\u00e4tzte Lesezeit":"2\u00a0Minuten"},"schema":{"@context":"https:\/\/schema.org","@graph":[{"@type":"WebPage","@id":"https:\/\/www.ancoradelchianti.it\/de\/aktivitaeten\/kochkurs_toskana\/","url":"https:\/\/www.ancoradelchianti.it\/de\/aktivitaeten\/kochkurs_toskana\/","name":"Aktive Kochschule in der Toskana in B&B bei Florenz","isPartOf":{"@id":"https:\/\/www.ancoradelchianti.it\/de\/#website"},"primaryImageOfPage":{"@id":"https:\/\/www.ancoradelchianti.it\/de\/aktivitaeten\/kochkurs_toskana\/#primaryimage"},"image":{"@id":"https:\/\/www.ancoradelchianti.it\/de\/aktivitaeten\/kochkurs_toskana\/#primaryimage"},"thumbnailUrl":"https:\/\/www.ancoradelchianti.it\/wp-content\/uploads\/experiences\/cooking-class-in-tuscany\/cooking-class.jpg","datePublished":"2024-03-04T14:13:21+00:00","dateModified":"2025-02-27T12:01:25+00:00","description":"Im Ancora del Chianti k\u00f6nnen Sie w\u00e4hrend eines vergn\u00fcgsamen, aktiven Kochkurses f\u00fcr Paare, Einzelreisende und Gruppen lernen, gesunde, leckere, toskanische Speisen zu kochen.","breadcrumb":{"@id":"https:\/\/www.ancoradelchianti.it\/de\/aktivitaeten\/kochkurs_toskana\/#breadcrumb"},"inLanguage":"de","potentialAction":[{"@type":"ReadAction","target":["https:\/\/www.ancoradelchianti.it\/de\/aktivitaeten\/kochkurs_toskana\/"]}]},{"@type":"ImageObject","inLanguage":"de","@id":"https:\/\/www.ancoradelchianti.it\/de\/aktivitaeten\/kochkurs_toskana\/#primaryimage","url":"https:\/\/www.ancoradelchianti.it\/wp-content\/uploads\/experiences\/cooking-class-in-tuscany\/cooking-class.jpg","contentUrl":"https:\/\/www.ancoradelchianti.it\/wp-content\/uploads\/experiences\/cooking-class-in-tuscany\/cooking-class.jpg","width":1920,"height":672,"caption":"Cooking Class"},{"@type":"BreadcrumbList","@id":"https:\/\/www.ancoradelchianti.it\/de\/aktivitaeten\/kochkurs_toskana\/#breadcrumb","itemListElement":[{"@type":"ListItem","position":1,"name":"Home","item":"https:\/\/www.ancoradelchianti.it\/de\/"},{"@type":"ListItem","position":2,"name":"Erfahrungen","item":"https:\/\/www.ancoradelchianti.it\/de\/aktivitaeten\/"},{"@type":"ListItem","position":3,"name":"Kochschule in der Toskana"}]},{"@type":"WebSite","@id":"https:\/\/www.ancoradelchianti.it\/de\/#website","url":"https:\/\/www.ancoradelchianti.it\/de\/","name":"Ancora del Chianti B&amp;B","description":"","publisher":{"@id":"https:\/\/www.ancoradelchianti.it\/de\/#organization"},"potentialAction":[{"@type":"SearchAction","target":{"@type":"EntryPoint","urlTemplate":"https:\/\/www.ancoradelchianti.it\/de\/?s={search_term_string}"},"query-input":{"@type":"PropertyValueSpecification","valueRequired":true,"valueName":"search_term_string"}}],"inLanguage":"de"},{"@type":"Organization","@id":"https:\/\/www.ancoradelchianti.it\/de\/#organization","name":"Ancora del Chianti B&amp;B","url":"https:\/\/www.ancoradelchianti.it\/de\/","logo":{"@type":"ImageObject","inLanguage":"de","@id":"https:\/\/www.ancoradelchianti.it\/de\/#\/schema\/logo\/image\/","url":"https:\/\/www.ancoradelchianti.it\/wp-content\/uploads\/logo\/logo.png","contentUrl":"https:\/\/www.ancoradelchianti.it\/wp-content\/uploads\/logo\/logo.png","width":129,"height":133,"caption":"Ancora del Chianti B&amp;B"},"image":{"@id":"https:\/\/www.ancoradelchianti.it\/de\/#\/schema\/logo\/image\/"}}]}},"_links":{"self":[{"href":"https:\/\/www.ancoradelchianti.it\/de\/wp-json\/wp\/v2\/pages\/8725","targetHints":{"allow":["GET"]}}],"collection":[{"href":"https:\/\/www.ancoradelchianti.it\/de\/wp-json\/wp\/v2\/pages"}],"about":[{"href":"https:\/\/www.ancoradelchianti.it\/de\/wp-json\/wp\/v2\/types\/page"}],"author":[{"embeddable":true,"href":"https:\/\/www.ancoradelchianti.it\/de\/wp-json\/wp\/v2\/users\/1"}],"replies":[{"embeddable":true,"href":"https:\/\/www.ancoradelchianti.it\/de\/wp-json\/wp\/v2\/comments?post=8725"}],"version-history":[{"count":0,"href":"https:\/\/www.ancoradelchianti.it\/de\/wp-json\/wp\/v2\/pages\/8725\/revisions"}],"up":[{"embeddable":true,"href":"https:\/\/www.ancoradelchianti.it\/de\/wp-json\/wp\/v2\/pages\/8715"}],"wp:featuredmedia":[{"embeddable":true,"href":"https:\/\/www.ancoradelchianti.it\/de\/wp-json\/wp\/v2\/media\/7352"}],"wp:attachment":[{"href":"https:\/\/www.ancoradelchianti.it\/de\/wp-json\/wp\/v2\/media?parent=8725"}],"wp:term":[{"taxonomy":"category","embeddable":true,"href":"https:\/\/www.ancoradelchianti.it\/de\/wp-json\/wp\/v2\/categories?post=8725"},{"taxonomy":"post_tag","embeddable":true,"href":"https:\/\/www.ancoradelchianti.it\/de\/wp-json\/wp\/v2\/tags?post=8725"}],"curies":[{"name":"wp","href":"https:\/\/api.w.org\/{rel}","templated":true}]}}