{"id":8731,"date":"2024-03-04T14:43:27","date_gmt":"2024-03-04T14:43:27","guid":{"rendered":"https:\/\/dev.ancoradelchianti.it\/erfahrungen\/fahrradtouren-in-der-chianti-region\/"},"modified":"2024-04-06T06:00:45","modified_gmt":"2024-04-06T06:00:45","slug":"radreisen_toskana","status":"publish","type":"page","link":"https:\/\/www.ancoradelchianti.it\/de\/aktivitaeten\/radreisen_toskana\/","title":{"rendered":"Fahrradtouren in der Chianti-Region"},"content":{"rendered":"\t\t<div data-elementor-type=\"wp-page\" data-elementor-id=\"8731\" class=\"elementor elementor-8731 elementor-7451\" data-elementor-post-type=\"page\">\n\t\t\t\t<div class=\"elementor-element elementor-element-b4d3d3b e-con-full e-flex e-con e-parent\" data-id=\"b4d3d3b\" data-element_type=\"container\" data-settings=\"{&quot;jet_parallax_layout_list&quot;:[]}\">\n\t\t\t\t<div data-dce-advanced-background-image-url=\"https:\/\/www.ancoradelchianti.it\/wp-content\/uploads\/header\/biking.jpg\" class=\"elementor-element elementor-element-5593e3c elementor-invisible elementor-has-bg-overlay elementor-widget elementor-widget-global elementor-global-232 elementor-widget-heading\" data-id=\"5593e3c\" data-element_type=\"widget\" data-settings=\"{&quot;_animation&quot;:&quot;fadeInDown&quot;}\" data-widget_type=\"heading.default\">\n\t\t\t\t<div class=\"elementor-widget-container\">\n\t\t\t<h1 class=\"elementor-heading-title elementor-size-default\">Fahrradtouren in der Chianti-Region<\/h1>\t\t<\/div>\n\t\t\t\t<\/div>\n\t\t\t\t<div class=\"elementor-element elementor-element-102e90b elementor-widget elementor-widget-heading\" data-id=\"102e90b\" data-element_type=\"widget\" data-widget_type=\"heading.default\">\n\t\t\t\t<div class=\"elementor-widget-container\">\n\t\t\t<h2 class=\"elementor-heading-title elementor-size-default\">Gef\u00fchrte Wanderungen und Fahrradtouren in der Chianti-Region<\/h2>\t\t<\/div>\n\t\t\t\t<\/div>\n\t\t\t\t<\/div>\n\t\t<div class=\"elementor-element elementor-element-fed01bb e-flex e-con-boxed e-con e-parent\" data-id=\"fed01bb\" data-element_type=\"container\" data-settings=\"{&quot;jet_parallax_layout_list&quot;:[]}\">\n\t\t\t\t\t<div class=\"e-con-inner\">\n\t\t\t\t<div class=\"elementor-element elementor-element-9223226 elementor-widget elementor-widget-text-editor\" data-id=\"9223226\" data-element_type=\"widget\" data-widget_type=\"text-editor.default\">\n\t\t\t\t<div class=\"elementor-widget-container\">\n\t\t\t\t\t\t\t<div>\n<div>\n<p>Eine Fu\u00dfw<span lang=\"de-DE\">anderung oder Fahrradtour durch die toskanische Landschaft ist zu jeder Jahreszeit ein unvergessliches Erlebnis.\u00a0<\/span>Sanfte H\u00fcgellandschaften mit farbenpr\u00e4chtigen Weinbergen, atemberaubend sch\u00f6ne Ausblicke und das weite Blau des Himmels bilden den erholsamen Rahmen Ihrer Fu\u00df- oder Radwanderung durch die Chianti-Region.<\/p>\n<\/div>\n<\/div>\n<p lang=\"de-DE\">Vom B&amp;B Ancora del Chianti aus k\u00f6nnen Sie zu einer Tour aufbrechen und durch Spazierg\u00e4nge oder Fu\u00df- und Mountainbike-Wanderungen unter sachkundiger Leitung einer Person, die gerne ihre Liebe zu Natur und Landleben der Toskana mit Ihnen teilt, die Region erkunden.\u00a0Dar\u00fcber hinaus k\u00f6nnen Sie eine solche Tour auch mit einem Abstecher zu einem der ber\u00fchmten Weing\u00fcter der Gegend verbinden. Hier erwarten Sie Spezialit\u00e4ten des Chianti Classico.<\/p>\n\t\t\t\t\t\t<\/div>\n\t\t\t\t<\/div>\n\t\t\t\t\t<\/div>\n\t\t\t\t<\/div>\n\t\t<div class=\"elementor-element elementor-element-c2c6750 e-flex e-con-boxed e-con e-parent\" data-id=\"c2c6750\" data-element_type=\"container\" data-settings=\"{&quot;jet_parallax_layout_list&quot;:[]}\">\n\t\t\t\t\t<div class=\"e-con-inner\">\n\t\t\t\t<div class=\"elementor-element elementor-element-1f8c6c3 dce_masking-none elementor-widget elementor-widget-image\" data-id=\"1f8c6c3\" data-element_type=\"widget\" data-widget_type=\"image.default\">\n\t\t\t\t<div class=\"elementor-widget-container\">\n\t\t\t\t\t\t\t\t\t\t\t\t\t<img fetchpriority=\"high\" decoding=\"async\" width=\"600\" height=\"337\" src=\"https:\/\/www.ancoradelchianti.it\/wp-content\/uploads\/experiences\/biking-in-chianti\/biking_tuscany.jpg\" class=\"attachment-large size-large wp-image-7459\" alt=\"\" srcset=\"https:\/\/www.ancoradelchianti.it\/wp-content\/uploads\/experiences\/biking-in-chianti\/biking_tuscany.jpg 600w, https:\/\/www.ancoradelchianti.it\/wp-content\/uploads\/experiences\/biking-in-chianti\/biking_tuscany-300x169.jpg 300w\" sizes=\"(max-width: 600px) 100vw, 600px\" \/>\t\t\t\t\t\t\t\t\t\t\t\t\t<\/div>\n\t\t\t\t<\/div>\n\t\t\t\t\t<\/div>\n\t\t\t\t<\/div>\n\t\t<div class=\"elementor-element elementor-element-a251c8b e-flex e-con-boxed e-con e-parent\" data-id=\"a251c8b\" data-element_type=\"container\" data-settings=\"{&quot;jet_parallax_layout_list&quot;:[]}\">\n\t\t\t\t\t<div class=\"e-con-inner\">\n\t\t\t\t<div class=\"elementor-element elementor-element-8dec714 elementor-widget elementor-widget-text-editor\" data-id=\"8dec714\" data-element_type=\"widget\" data-widget_type=\"text-editor.default\">\n\t\t\t\t<div class=\"elementor-widget-container\">\n\t\t\t\t\t\t\t<div><strong>Mountainbike, Rennrad oder Gravel Bike:<\/strong> \u20ac 25,00 pro Tag<\/div>\n<div><strong>Electric Bike:<\/strong>\u00a0\u20ac 45,00 pro Tag &#8211; sehr empfehlenswert<\/div>\n<div>Preise beinhaltet Helm , Trinkflasche , Ersatzschlauch , Pumpe, freie Kilometer.<\/div>\n\t\t\t\t\t\t<\/div>\n\t\t\t\t<\/div>\n\t\t\t\t\t<\/div>\n\t\t\t\t<\/div>\n\t\t<div class=\"elementor-element elementor-element-7aaff52 e-flex e-con-boxed e-con e-parent\" data-id=\"7aaff52\" data-element_type=\"container\" data-settings=\"{&quot;jet_parallax_layout_list&quot;:[]}\">\n\t\t\t\t\t<div class=\"e-con-inner\">\n\t\t\t\t<div class=\"elementor-element elementor-element-7a7211c elementor-widget elementor-widget-global elementor-global-8639 elementor-global-6616 elementor-widget-text-editor\" data-id=\"7a7211c\" data-element_type=\"widget\" data-widget_type=\"text-editor.default\">\n\t\t\t\t<div class=\"elementor-widget-container\">\n\t\t\t\t\t\t\t<p style=\"text-align: center;\"><a href=\"https:\/\/ancoradelchianti.beddy.io\/#\/(beddy:home)?lang=de\" target=\"_blank\" rel=\"noopener\"><strong>JETZT BUCHEN<\/strong><\/a>\u00a0oder eine E-Mail senden an\u00a0<a href=\"mailto:info@ancoradelchianti.it\" target=\"_blank\" rel=\"noopener\">info@ancoradelchianti.it<\/a><\/p>\n\t\t\t\t\t\t<\/div>\n\t\t\t\t<\/div>\n\t\t\t\t\t<\/div>\n\t\t\t\t<\/div>\n\t\t\t\t<\/div>\n\t\t","protected":false},"excerpt":{"rendered":"<p>Gef\u00fchrte Wanderungen und Fahrradtouren in der Chianti-Region Eine Fu\u00dfwanderung oder Fahrradtour durch die toskanische Landschaft ist zu jeder Jahreszeit ein unvergessliches Erlebnis.\u00a0Sanfte H\u00fcgellandschaften mit farbenpr\u00e4chtigen Weinbergen, atemberaubend sch\u00f6ne Ausblicke und das weite Blau des Himmels bilden den erholsamen Rahmen Ihrer Fu\u00df- oder Radwanderung durch die Chianti-Region. Vom B&amp;B Ancora del Chianti aus k\u00f6nnen Sie zu&#8230;<\/p>\n","protected":false},"author":1,"featured_media":7992,"parent":8715,"menu_order":123,"comment_status":"closed","ping_status":"closed","template":"","meta":{"_acf_changed":false,"footnotes":""},"categories":[],"tags":[],"class_list":["post-8731","page","type-page","status-publish","has-post-thumbnail","hentry"],"acf":[],"yoast_head":"<!-- This site is optimized with the Yoast SEO plugin v24.0 - https:\/\/yoast.com\/wordpress\/plugins\/seo\/ -->\n<title>Ancora del Chianti B&amp;B Fahrradtouren in der Chianti-Region<\/title>\n<meta name=\"description\" content=\"Machen Sie Ihren Urlaub in der Toskana zu einem Sporturlaub und erkunden Sie die Region beim Wandern und Radfahren im Chianti abseits der ausgetretenen Pfade und kombinieren Sie dies mit einer Weintour.\" \/>\n<meta name=\"robots\" content=\"index, follow, max-snippet:-1, max-image-preview:large, max-video-preview:-1\" \/>\n<link rel=\"canonical\" href=\"https:\/\/www.ancoradelchianti.it\/de\/aktivitaeten\/radreisen_toskana\/\" \/>\n<meta property=\"og:locale\" content=\"de_DE\" \/>\n<meta property=\"og:type\" content=\"article\" \/>\n<meta property=\"og:title\" content=\"Ancora del Chianti B&amp;B Fahrradtouren in der Chianti-Region\" \/>\n<meta property=\"og:description\" content=\"Machen Sie Ihren Urlaub in der Toskana zu einem Sporturlaub und erkunden Sie die Region beim Wandern und Radfahren im Chianti abseits der ausgetretenen Pfade und kombinieren Sie dies mit einer Weintour.\" \/>\n<meta property=\"og:url\" content=\"https:\/\/www.ancoradelchianti.it\/de\/aktivitaeten\/radreisen_toskana\/\" \/>\n<meta property=\"og:site_name\" content=\"Ancora del Chianti B&amp;B\" \/>\n<meta property=\"article:modified_time\" content=\"2024-04-06T06:00:45+00:00\" \/>\n<meta property=\"og:image\" content=\"https:\/\/www.ancoradelchianti.it\/wp-content\/uploads\/header\/biking.jpg\" \/>\n\t<meta property=\"og:image:width\" content=\"1920\" \/>\n\t<meta property=\"og:image:height\" content=\"1276\" \/>\n\t<meta property=\"og:image:type\" content=\"image\/jpeg\" \/>\n<meta name=\"twitter:card\" content=\"summary_large_image\" \/>\n<meta name=\"twitter:label1\" content=\"Gesch\u00e4tzte Lesezeit\" \/>\n\t<meta name=\"twitter:data1\" content=\"1\u00a0Minute\" \/>\n<script type=\"application\/ld+json\" class=\"yoast-schema-graph\">{\"@context\":\"https:\/\/schema.org\",\"@graph\":[{\"@type\":\"WebPage\",\"@id\":\"https:\/\/www.ancoradelchianti.it\/de\/aktivitaeten\/radreisen_toskana\/\",\"url\":\"https:\/\/www.ancoradelchianti.it\/de\/aktivitaeten\/radreisen_toskana\/\",\"name\":\"Ancora del Chianti B&B Fahrradtouren in der Chianti-Region\",\"isPartOf\":{\"@id\":\"https:\/\/www.ancoradelchianti.it\/de\/#website\"},\"primaryImageOfPage\":{\"@id\":\"https:\/\/www.ancoradelchianti.it\/de\/aktivitaeten\/radreisen_toskana\/#primaryimage\"},\"image\":{\"@id\":\"https:\/\/www.ancoradelchianti.it\/de\/aktivitaeten\/radreisen_toskana\/#primaryimage\"},\"thumbnailUrl\":\"https:\/\/www.ancoradelchianti.it\/wp-content\/uploads\/header\/biking.jpg\",\"datePublished\":\"2024-03-04T14:43:27+00:00\",\"dateModified\":\"2024-04-06T06:00:45+00:00\",\"description\":\"Machen Sie Ihren Urlaub in der Toskana zu einem Sporturlaub und erkunden Sie die Region beim Wandern und Radfahren im Chianti abseits der ausgetretenen Pfade und kombinieren Sie dies mit einer Weintour.\",\"breadcrumb\":{\"@id\":\"https:\/\/www.ancoradelchianti.it\/de\/aktivitaeten\/radreisen_toskana\/#breadcrumb\"},\"inLanguage\":\"de\",\"potentialAction\":[{\"@type\":\"ReadAction\",\"target\":[\"https:\/\/www.ancoradelchianti.it\/de\/aktivitaeten\/radreisen_toskana\/\"]}]},{\"@type\":\"ImageObject\",\"inLanguage\":\"de\",\"@id\":\"https:\/\/www.ancoradelchianti.it\/de\/aktivitaeten\/radreisen_toskana\/#primaryimage\",\"url\":\"https:\/\/www.ancoradelchianti.it\/wp-content\/uploads\/header\/biking.jpg\",\"contentUrl\":\"https:\/\/www.ancoradelchianti.it\/wp-content\/uploads\/header\/biking.jpg\",\"width\":1920,\"height\":1276,\"caption\":\"Biking in Chianti\"},{\"@type\":\"BreadcrumbList\",\"@id\":\"https:\/\/www.ancoradelchianti.it\/de\/aktivitaeten\/radreisen_toskana\/#breadcrumb\",\"itemListElement\":[{\"@type\":\"ListItem\",\"position\":1,\"name\":\"Home\",\"item\":\"https:\/\/www.ancoradelchianti.it\/de\/\"},{\"@type\":\"ListItem\",\"position\":2,\"name\":\"Erfahrungen\",\"item\":\"https:\/\/www.ancoradelchianti.it\/de\/aktivitaeten\/\"},{\"@type\":\"ListItem\",\"position\":3,\"name\":\"Fahrradtouren in der Chianti-Region\"}]},{\"@type\":\"WebSite\",\"@id\":\"https:\/\/www.ancoradelchianti.it\/de\/#website\",\"url\":\"https:\/\/www.ancoradelchianti.it\/de\/\",\"name\":\"Ancora del Chianti B&amp;B\",\"description\":\"\",\"publisher\":{\"@id\":\"https:\/\/www.ancoradelchianti.it\/de\/#organization\"},\"potentialAction\":[{\"@type\":\"SearchAction\",\"target\":{\"@type\":\"EntryPoint\",\"urlTemplate\":\"https:\/\/www.ancoradelchianti.it\/de\/?s={search_term_string}\"},\"query-input\":{\"@type\":\"PropertyValueSpecification\",\"valueRequired\":true,\"valueName\":\"search_term_string\"}}],\"inLanguage\":\"de\"},{\"@type\":\"Organization\",\"@id\":\"https:\/\/www.ancoradelchianti.it\/de\/#organization\",\"name\":\"Ancora del Chianti B&amp;B\",\"url\":\"https:\/\/www.ancoradelchianti.it\/de\/\",\"logo\":{\"@type\":\"ImageObject\",\"inLanguage\":\"de\",\"@id\":\"https:\/\/www.ancoradelchianti.it\/de\/#\/schema\/logo\/image\/\",\"url\":\"https:\/\/www.ancoradelchianti.it\/wp-content\/uploads\/logo\/logo.png\",\"contentUrl\":\"https:\/\/www.ancoradelchianti.it\/wp-content\/uploads\/logo\/logo.png\",\"width\":129,\"height\":133,\"caption\":\"Ancora del Chianti B&amp;B\"},\"image\":{\"@id\":\"https:\/\/www.ancoradelchianti.it\/de\/#\/schema\/logo\/image\/\"}}]}<\/script>\n<!-- \/ Yoast SEO plugin. -->","yoast_head_json":{"title":"Ancora del Chianti B&B Fahrradtouren in der Chianti-Region","description":"Machen Sie Ihren Urlaub in der Toskana zu einem Sporturlaub und erkunden Sie die Region beim Wandern und Radfahren im Chianti abseits der ausgetretenen Pfade und kombinieren Sie dies mit einer Weintour.","robots":{"index":"index","follow":"follow","max-snippet":"max-snippet:-1","max-image-preview":"max-image-preview:large","max-video-preview":"max-video-preview:-1"},"canonical":"https:\/\/www.ancoradelchianti.it\/de\/aktivitaeten\/radreisen_toskana\/","og_locale":"de_DE","og_type":"article","og_title":"Ancora del Chianti B&B Fahrradtouren in der Chianti-Region","og_description":"Machen Sie Ihren Urlaub in der Toskana zu einem Sporturlaub und erkunden Sie die Region beim Wandern und Radfahren im Chianti abseits der ausgetretenen Pfade und kombinieren Sie dies mit einer Weintour.","og_url":"https:\/\/www.ancoradelchianti.it\/de\/aktivitaeten\/radreisen_toskana\/","og_site_name":"Ancora del Chianti B&amp;B","article_modified_time":"2024-04-06T06:00:45+00:00","og_image":[{"width":1920,"height":1276,"url":"https:\/\/www.ancoradelchianti.it\/wp-content\/uploads\/header\/biking.jpg","type":"image\/jpeg"}],"twitter_card":"summary_large_image","twitter_misc":{"Gesch\u00e4tzte Lesezeit":"1\u00a0Minute"},"schema":{"@context":"https:\/\/schema.org","@graph":[{"@type":"WebPage","@id":"https:\/\/www.ancoradelchianti.it\/de\/aktivitaeten\/radreisen_toskana\/","url":"https:\/\/www.ancoradelchianti.it\/de\/aktivitaeten\/radreisen_toskana\/","name":"Ancora del Chianti B&B Fahrradtouren in der Chianti-Region","isPartOf":{"@id":"https:\/\/www.ancoradelchianti.it\/de\/#website"},"primaryImageOfPage":{"@id":"https:\/\/www.ancoradelchianti.it\/de\/aktivitaeten\/radreisen_toskana\/#primaryimage"},"image":{"@id":"https:\/\/www.ancoradelchianti.it\/de\/aktivitaeten\/radreisen_toskana\/#primaryimage"},"thumbnailUrl":"https:\/\/www.ancoradelchianti.it\/wp-content\/uploads\/header\/biking.jpg","datePublished":"2024-03-04T14:43:27+00:00","dateModified":"2024-04-06T06:00:45+00:00","description":"Machen Sie Ihren Urlaub in der Toskana zu einem Sporturlaub und erkunden Sie die Region beim Wandern und Radfahren im Chianti abseits der ausgetretenen Pfade und kombinieren Sie dies mit einer Weintour.","breadcrumb":{"@id":"https:\/\/www.ancoradelchianti.it\/de\/aktivitaeten\/radreisen_toskana\/#breadcrumb"},"inLanguage":"de","potentialAction":[{"@type":"ReadAction","target":["https:\/\/www.ancoradelchianti.it\/de\/aktivitaeten\/radreisen_toskana\/"]}]},{"@type":"ImageObject","inLanguage":"de","@id":"https:\/\/www.ancoradelchianti.it\/de\/aktivitaeten\/radreisen_toskana\/#primaryimage","url":"https:\/\/www.ancoradelchianti.it\/wp-content\/uploads\/header\/biking.jpg","contentUrl":"https:\/\/www.ancoradelchianti.it\/wp-content\/uploads\/header\/biking.jpg","width":1920,"height":1276,"caption":"Biking in Chianti"},{"@type":"BreadcrumbList","@id":"https:\/\/www.ancoradelchianti.it\/de\/aktivitaeten\/radreisen_toskana\/#breadcrumb","itemListElement":[{"@type":"ListItem","position":1,"name":"Home","item":"https:\/\/www.ancoradelchianti.it\/de\/"},{"@type":"ListItem","position":2,"name":"Erfahrungen","item":"https:\/\/www.ancoradelchianti.it\/de\/aktivitaeten\/"},{"@type":"ListItem","position":3,"name":"Fahrradtouren in der Chianti-Region"}]},{"@type":"WebSite","@id":"https:\/\/www.ancoradelchianti.it\/de\/#website","url":"https:\/\/www.ancoradelchianti.it\/de\/","name":"Ancora del Chianti B&amp;B","description":"","publisher":{"@id":"https:\/\/www.ancoradelchianti.it\/de\/#organization"},"potentialAction":[{"@type":"SearchAction","target":{"@type":"EntryPoint","urlTemplate":"https:\/\/www.ancoradelchianti.it\/de\/?s={search_term_string}"},"query-input":{"@type":"PropertyValueSpecification","valueRequired":true,"valueName":"search_term_string"}}],"inLanguage":"de"},{"@type":"Organization","@id":"https:\/\/www.ancoradelchianti.it\/de\/#organization","name":"Ancora del Chianti B&amp;B","url":"https:\/\/www.ancoradelchianti.it\/de\/","logo":{"@type":"ImageObject","inLanguage":"de","@id":"https:\/\/www.ancoradelchianti.it\/de\/#\/schema\/logo\/image\/","url":"https:\/\/www.ancoradelchianti.it\/wp-content\/uploads\/logo\/logo.png","contentUrl":"https:\/\/www.ancoradelchianti.it\/wp-content\/uploads\/logo\/logo.png","width":129,"height":133,"caption":"Ancora del Chianti B&amp;B"},"image":{"@id":"https:\/\/www.ancoradelchianti.it\/de\/#\/schema\/logo\/image\/"}}]}},"_links":{"self":[{"href":"https:\/\/www.ancoradelchianti.it\/de\/wp-json\/wp\/v2\/pages\/8731","targetHints":{"allow":["GET"]}}],"collection":[{"href":"https:\/\/www.ancoradelchianti.it\/de\/wp-json\/wp\/v2\/pages"}],"about":[{"href":"https:\/\/www.ancoradelchianti.it\/de\/wp-json\/wp\/v2\/types\/page"}],"author":[{"embeddable":true,"href":"https:\/\/www.ancoradelchianti.it\/de\/wp-json\/wp\/v2\/users\/1"}],"replies":[{"embeddable":true,"href":"https:\/\/www.ancoradelchianti.it\/de\/wp-json\/wp\/v2\/comments?post=8731"}],"version-history":[{"count":0,"href":"https:\/\/www.ancoradelchianti.it\/de\/wp-json\/wp\/v2\/pages\/8731\/revisions"}],"up":[{"embeddable":true,"href":"https:\/\/www.ancoradelchianti.it\/de\/wp-json\/wp\/v2\/pages\/8715"}],"wp:featuredmedia":[{"embeddable":true,"href":"https:\/\/www.ancoradelchianti.it\/de\/wp-json\/wp\/v2\/media\/7992"}],"wp:attachment":[{"href":"https:\/\/www.ancoradelchianti.it\/de\/wp-json\/wp\/v2\/media?parent=8731"}],"wp:term":[{"taxonomy":"category","embeddable":true,"href":"https:\/\/www.ancoradelchianti.it\/de\/wp-json\/wp\/v2\/categories?post=8731"},{"taxonomy":"post_tag","embeddable":true,"href":"https:\/\/www.ancoradelchianti.it\/de\/wp-json\/wp\/v2\/tags?post=8731"}],"curies":[{"name":"wp","href":"https:\/\/api.w.org\/{rel}","templated":true}]}}