{"id":8733,"date":"2024-03-04T14:47:44","date_gmt":"2024-03-04T14:47:44","guid":{"rendered":"https:\/\/dev.ancoradelchianti.it\/erfahrungen\/italienisch-stundenitalienischkurse-in-der-toskana\/"},"modified":"2024-04-06T06:01:11","modified_gmt":"2024-04-06T06:01:11","slug":"sprachkurs_toskana","status":"publish","type":"page","link":"https:\/\/www.ancoradelchianti.it\/de\/aktivitaeten\/sprachkurs_toskana\/","title":{"rendered":"Italienisch StundenItalienischkurse in der Toskana"},"content":{"rendered":"\t\t<div data-elementor-type=\"wp-page\" data-elementor-id=\"8733\" class=\"elementor elementor-8733 elementor-7468\" data-elementor-post-type=\"page\">\n\t\t\t\t<div class=\"elementor-element elementor-element-142f829 e-con-full e-flex e-con e-parent\" data-id=\"142f829\" data-element_type=\"container\" data-settings=\"{&quot;jet_parallax_layout_list&quot;:[]}\">\n\t\t\t\t<div data-dce-advanced-background-image-url=\"https:\/\/www.ancoradelchianti.it\/wp-content\/uploads\/experiences\/biking-in-chianti\/headeractivities-1.jpg\" class=\"elementor-element elementor-element-0b5a23c elementor-invisible elementor-has-bg-overlay elementor-widget elementor-widget-global elementor-global-232 elementor-widget-heading\" data-id=\"0b5a23c\" data-element_type=\"widget\" data-settings=\"{&quot;_animation&quot;:&quot;fadeInDown&quot;}\" data-widget_type=\"heading.default\">\n\t\t\t\t<div class=\"elementor-widget-container\">\n\t\t\t<h1 class=\"elementor-heading-title elementor-size-default\">Italienisch StundenItalienischkurse in der Toskana<\/h1>\t\t<\/div>\n\t\t\t\t<\/div>\n\t\t\t\t<div class=\"elementor-element elementor-element-0607af1 elementor-widget elementor-widget-heading\" data-id=\"0607af1\" data-element_type=\"widget\" data-widget_type=\"heading.default\">\n\t\t\t\t<div class=\"elementor-widget-container\">\n\t\t\t<h2 class=\"elementor-heading-title elementor-size-default\">Unterkunft und private Italienisch Stunden<\/h2>\t\t<\/div>\n\t\t\t\t<\/div>\n\t\t\t\t<\/div>\n\t\t<div class=\"elementor-element elementor-element-e737006 e-flex e-con-boxed e-con e-parent\" data-id=\"e737006\" data-element_type=\"container\" data-settings=\"{&quot;jet_parallax_layout_list&quot;:[]}\">\n\t\t\t\t\t<div class=\"e-con-inner\">\n\t\t\t\t<div class=\"elementor-element elementor-element-10fe1be elementor-widget elementor-widget-text-editor\" data-id=\"10fe1be\" data-element_type=\"widget\" data-widget_type=\"text-editor.default\">\n\t\t\t\t<div class=\"elementor-widget-container\">\n\t\t\t\t\t\t\t<h3>Verwandeln Sie Ihre Ferien in einen lehrreichen und kreativen Aufenthalt, w\u00e4hrend Sie in der Toskana im\u00a0 Country Bed and Breakfast Ancora del Chianti sind.<\/h3>\n<p>Wir f\u00fchren unsere B&amp;B seit \u00fcber\u00a021 Jahren und unsere ausl\u00e4ndischen G\u00e4ste zeigen mehr und mehr Interesse an der Italienischen Sprache, viele kennen die Sprache schon oder wollen Sie in Italien erlernen.\u00a0 Im Ancora del Chianti bieten wir Unterkunft plus\u00a0 Privatstunden f\u00fcr Einzelreisende, Paare, Familien oder kleine Gruppen an. Unsere angenehme und entspannte Atmosph\u00e4re ist der perfekte Rahmen f\u00fcr Ihren Italienisch Sprachkurs im Chianti. Der Italienisch Sprachkurs wird von einem erfahrenen Lehrer f\u00fcr Anf\u00e4nger gehalten &#8211; einzelne Italienisch Stunden im Chianti- full day immersion oder Perfektionierung f\u00fcr Fortgeschrittene. Spass macht auch am Italienisch Crashkurs f\u00fcr Familien und Freunde teilzunehmen.<\/p>\n\t\t\t\t\t\t<\/div>\n\t\t\t\t<\/div>\n\t\t\t\t\t<\/div>\n\t\t\t\t<\/div>\n\t\t<div class=\"elementor-element elementor-element-2e708ba e-flex e-con-boxed e-con e-parent\" data-id=\"2e708ba\" data-element_type=\"container\" data-settings=\"{&quot;jet_parallax_layout_list&quot;:[]}\">\n\t\t\t\t\t<div class=\"e-con-inner\">\n\t\t\t\t<div class=\"elementor-element elementor-element-91bd1ce elementor-widget elementor-widget-global elementor-global-8639 elementor-global-6616 elementor-widget-text-editor\" data-id=\"91bd1ce\" data-element_type=\"widget\" data-widget_type=\"text-editor.default\">\n\t\t\t\t<div class=\"elementor-widget-container\">\n\t\t\t\t\t\t\t<p style=\"text-align: center;\"><a href=\"https:\/\/ancoradelchianti.beddy.io\/#\/(beddy:home)?lang=de\" target=\"_blank\" rel=\"noopener\"><strong>JETZT BUCHEN<\/strong><\/a>\u00a0oder eine E-Mail senden an\u00a0<a href=\"mailto:info@ancoradelchianti.it\" target=\"_blank\" rel=\"noopener\">info@ancoradelchianti.it<\/a><\/p>\n\t\t\t\t\t\t<\/div>\n\t\t\t\t<\/div>\n\t\t\t\t\t<\/div>\n\t\t\t\t<\/div>\n\t\t\t\t<\/div>\n\t\t","protected":false},"excerpt":{"rendered":"<p>Unterkunft und private Italienisch Stunden Verwandeln Sie Ihre Ferien in einen lehrreichen und kreativen Aufenthalt, w\u00e4hrend Sie in der Toskana im\u00a0 Country Bed and Breakfast Ancora del Chianti sind. Wir f\u00fchren unsere B&amp;B seit \u00fcber\u00a021 Jahren und unsere ausl\u00e4ndischen G\u00e4ste zeigen mehr und mehr Interesse an der Italienischen Sprache, viele kennen die Sprache schon oder&#8230;<\/p>\n","protected":false},"author":1,"featured_media":7455,"parent":8715,"menu_order":129,"comment_status":"closed","ping_status":"closed","template":"","meta":{"_acf_changed":false,"footnotes":""},"categories":[],"tags":[],"class_list":["post-8733","page","type-page","status-publish","has-post-thumbnail","hentry"],"acf":[],"yoast_head":"<!-- This site is optimized with the Yoast SEO plugin v24.0 - https:\/\/yoast.com\/wordpress\/plugins\/seo\/ -->\n<title>Ancora del Chianti Bed &amp; Breakfast in der N\u00e4he von Florenz mit Italienisch Sprachkursen<\/title>\n<meta name=\"description\" content=\"Verwandeln Sie Ihre Ferien in einen lehrreichen und kreativen Aufenthalt, w\u00e4hrend Sie in der Toskana im Country Bed and Breakfast Ancora del Chianti sind.\" \/>\n<meta name=\"robots\" content=\"index, follow, max-snippet:-1, max-image-preview:large, max-video-preview:-1\" \/>\n<link rel=\"canonical\" href=\"https:\/\/www.ancoradelchianti.it\/de\/aktivitaeten\/sprachkurs_toskana\/\" \/>\n<meta property=\"og:locale\" content=\"de_DE\" \/>\n<meta property=\"og:type\" content=\"article\" \/>\n<meta property=\"og:title\" content=\"Ancora del Chianti Bed &amp; Breakfast in der N\u00e4he von Florenz mit Italienisch Sprachkursen\" \/>\n<meta property=\"og:description\" content=\"Verwandeln Sie Ihre Ferien in einen lehrreichen und kreativen Aufenthalt, w\u00e4hrend Sie in der Toskana im Country Bed and Breakfast Ancora del Chianti sind.\" \/>\n<meta property=\"og:url\" content=\"https:\/\/www.ancoradelchianti.it\/de\/aktivitaeten\/sprachkurs_toskana\/\" \/>\n<meta property=\"og:site_name\" content=\"Ancora del Chianti B&amp;B\" \/>\n<meta property=\"article:modified_time\" content=\"2024-04-06T06:01:11+00:00\" \/>\n<meta property=\"og:image\" content=\"https:\/\/www.ancoradelchianti.it\/wp-content\/uploads\/experiences\/biking-in-chianti\/headeractivities-1.jpg\" \/>\n\t<meta property=\"og:image:width\" content=\"1920\" \/>\n\t<meta property=\"og:image:height\" content=\"672\" \/>\n\t<meta property=\"og:image:type\" content=\"image\/jpeg\" \/>\n<meta name=\"twitter:card\" content=\"summary_large_image\" \/>\n<meta name=\"twitter:label1\" content=\"Gesch\u00e4tzte Lesezeit\" \/>\n\t<meta name=\"twitter:data1\" content=\"1\u00a0Minute\" \/>\n<script type=\"application\/ld+json\" class=\"yoast-schema-graph\">{\"@context\":\"https:\/\/schema.org\",\"@graph\":[{\"@type\":\"WebPage\",\"@id\":\"https:\/\/www.ancoradelchianti.it\/de\/aktivitaeten\/sprachkurs_toskana\/\",\"url\":\"https:\/\/www.ancoradelchianti.it\/de\/aktivitaeten\/sprachkurs_toskana\/\",\"name\":\"Ancora del Chianti Bed & Breakfast in der N\u00e4he von Florenz mit Italienisch Sprachkursen\",\"isPartOf\":{\"@id\":\"https:\/\/www.ancoradelchianti.it\/de\/#website\"},\"primaryImageOfPage\":{\"@id\":\"https:\/\/www.ancoradelchianti.it\/de\/aktivitaeten\/sprachkurs_toskana\/#primaryimage\"},\"image\":{\"@id\":\"https:\/\/www.ancoradelchianti.it\/de\/aktivitaeten\/sprachkurs_toskana\/#primaryimage\"},\"thumbnailUrl\":\"https:\/\/www.ancoradelchianti.it\/wp-content\/uploads\/experiences\/biking-in-chianti\/headeractivities-1.jpg\",\"datePublished\":\"2024-03-04T14:47:44+00:00\",\"dateModified\":\"2024-04-06T06:01:11+00:00\",\"description\":\"Verwandeln Sie Ihre Ferien in einen lehrreichen und kreativen Aufenthalt, w\u00e4hrend Sie in der Toskana im Country Bed and Breakfast Ancora del Chianti sind.\",\"breadcrumb\":{\"@id\":\"https:\/\/www.ancoradelchianti.it\/de\/aktivitaeten\/sprachkurs_toskana\/#breadcrumb\"},\"inLanguage\":\"de\",\"potentialAction\":[{\"@type\":\"ReadAction\",\"target\":[\"https:\/\/www.ancoradelchianti.it\/de\/aktivitaeten\/sprachkurs_toskana\/\"]}]},{\"@type\":\"ImageObject\",\"inLanguage\":\"de\",\"@id\":\"https:\/\/www.ancoradelchianti.it\/de\/aktivitaeten\/sprachkurs_toskana\/#primaryimage\",\"url\":\"https:\/\/www.ancoradelchianti.it\/wp-content\/uploads\/experiences\/biking-in-chianti\/headeractivities-1.jpg\",\"contentUrl\":\"https:\/\/www.ancoradelchianti.it\/wp-content\/uploads\/experiences\/biking-in-chianti\/headeractivities-1.jpg\",\"width\":1920,\"height\":672},{\"@type\":\"BreadcrumbList\",\"@id\":\"https:\/\/www.ancoradelchianti.it\/de\/aktivitaeten\/sprachkurs_toskana\/#breadcrumb\",\"itemListElement\":[{\"@type\":\"ListItem\",\"position\":1,\"name\":\"Home\",\"item\":\"https:\/\/www.ancoradelchianti.it\/de\/\"},{\"@type\":\"ListItem\",\"position\":2,\"name\":\"Erfahrungen\",\"item\":\"https:\/\/www.ancoradelchianti.it\/de\/aktivitaeten\/\"},{\"@type\":\"ListItem\",\"position\":3,\"name\":\"Italienisch StundenItalienischkurse in der Toskana\"}]},{\"@type\":\"WebSite\",\"@id\":\"https:\/\/www.ancoradelchianti.it\/de\/#website\",\"url\":\"https:\/\/www.ancoradelchianti.it\/de\/\",\"name\":\"Ancora del Chianti B&amp;B\",\"description\":\"\",\"publisher\":{\"@id\":\"https:\/\/www.ancoradelchianti.it\/de\/#organization\"},\"potentialAction\":[{\"@type\":\"SearchAction\",\"target\":{\"@type\":\"EntryPoint\",\"urlTemplate\":\"https:\/\/www.ancoradelchianti.it\/de\/?s={search_term_string}\"},\"query-input\":{\"@type\":\"PropertyValueSpecification\",\"valueRequired\":true,\"valueName\":\"search_term_string\"}}],\"inLanguage\":\"de\"},{\"@type\":\"Organization\",\"@id\":\"https:\/\/www.ancoradelchianti.it\/de\/#organization\",\"name\":\"Ancora del Chianti B&amp;B\",\"url\":\"https:\/\/www.ancoradelchianti.it\/de\/\",\"logo\":{\"@type\":\"ImageObject\",\"inLanguage\":\"de\",\"@id\":\"https:\/\/www.ancoradelchianti.it\/de\/#\/schema\/logo\/image\/\",\"url\":\"https:\/\/www.ancoradelchianti.it\/wp-content\/uploads\/logo\/logo.png\",\"contentUrl\":\"https:\/\/www.ancoradelchianti.it\/wp-content\/uploads\/logo\/logo.png\",\"width\":129,\"height\":133,\"caption\":\"Ancora del Chianti B&amp;B\"},\"image\":{\"@id\":\"https:\/\/www.ancoradelchianti.it\/de\/#\/schema\/logo\/image\/\"}}]}<\/script>\n<!-- \/ Yoast SEO plugin. -->","yoast_head_json":{"title":"Ancora del Chianti Bed & Breakfast in der N\u00e4he von Florenz mit Italienisch Sprachkursen","description":"Verwandeln Sie Ihre Ferien in einen lehrreichen und kreativen Aufenthalt, w\u00e4hrend Sie in der Toskana im Country Bed and Breakfast Ancora del Chianti sind.","robots":{"index":"index","follow":"follow","max-snippet":"max-snippet:-1","max-image-preview":"max-image-preview:large","max-video-preview":"max-video-preview:-1"},"canonical":"https:\/\/www.ancoradelchianti.it\/de\/aktivitaeten\/sprachkurs_toskana\/","og_locale":"de_DE","og_type":"article","og_title":"Ancora del Chianti Bed & Breakfast in der N\u00e4he von Florenz mit Italienisch Sprachkursen","og_description":"Verwandeln Sie Ihre Ferien in einen lehrreichen und kreativen Aufenthalt, w\u00e4hrend Sie in der Toskana im Country Bed and Breakfast Ancora del Chianti sind.","og_url":"https:\/\/www.ancoradelchianti.it\/de\/aktivitaeten\/sprachkurs_toskana\/","og_site_name":"Ancora del Chianti B&amp;B","article_modified_time":"2024-04-06T06:01:11+00:00","og_image":[{"width":1920,"height":672,"url":"https:\/\/www.ancoradelchianti.it\/wp-content\/uploads\/experiences\/biking-in-chianti\/headeractivities-1.jpg","type":"image\/jpeg"}],"twitter_card":"summary_large_image","twitter_misc":{"Gesch\u00e4tzte Lesezeit":"1\u00a0Minute"},"schema":{"@context":"https:\/\/schema.org","@graph":[{"@type":"WebPage","@id":"https:\/\/www.ancoradelchianti.it\/de\/aktivitaeten\/sprachkurs_toskana\/","url":"https:\/\/www.ancoradelchianti.it\/de\/aktivitaeten\/sprachkurs_toskana\/","name":"Ancora del Chianti Bed & Breakfast in der N\u00e4he von Florenz mit Italienisch Sprachkursen","isPartOf":{"@id":"https:\/\/www.ancoradelchianti.it\/de\/#website"},"primaryImageOfPage":{"@id":"https:\/\/www.ancoradelchianti.it\/de\/aktivitaeten\/sprachkurs_toskana\/#primaryimage"},"image":{"@id":"https:\/\/www.ancoradelchianti.it\/de\/aktivitaeten\/sprachkurs_toskana\/#primaryimage"},"thumbnailUrl":"https:\/\/www.ancoradelchianti.it\/wp-content\/uploads\/experiences\/biking-in-chianti\/headeractivities-1.jpg","datePublished":"2024-03-04T14:47:44+00:00","dateModified":"2024-04-06T06:01:11+00:00","description":"Verwandeln Sie Ihre Ferien in einen lehrreichen und kreativen Aufenthalt, w\u00e4hrend Sie in der Toskana im Country Bed and Breakfast Ancora del Chianti sind.","breadcrumb":{"@id":"https:\/\/www.ancoradelchianti.it\/de\/aktivitaeten\/sprachkurs_toskana\/#breadcrumb"},"inLanguage":"de","potentialAction":[{"@type":"ReadAction","target":["https:\/\/www.ancoradelchianti.it\/de\/aktivitaeten\/sprachkurs_toskana\/"]}]},{"@type":"ImageObject","inLanguage":"de","@id":"https:\/\/www.ancoradelchianti.it\/de\/aktivitaeten\/sprachkurs_toskana\/#primaryimage","url":"https:\/\/www.ancoradelchianti.it\/wp-content\/uploads\/experiences\/biking-in-chianti\/headeractivities-1.jpg","contentUrl":"https:\/\/www.ancoradelchianti.it\/wp-content\/uploads\/experiences\/biking-in-chianti\/headeractivities-1.jpg","width":1920,"height":672},{"@type":"BreadcrumbList","@id":"https:\/\/www.ancoradelchianti.it\/de\/aktivitaeten\/sprachkurs_toskana\/#breadcrumb","itemListElement":[{"@type":"ListItem","position":1,"name":"Home","item":"https:\/\/www.ancoradelchianti.it\/de\/"},{"@type":"ListItem","position":2,"name":"Erfahrungen","item":"https:\/\/www.ancoradelchianti.it\/de\/aktivitaeten\/"},{"@type":"ListItem","position":3,"name":"Italienisch StundenItalienischkurse in der Toskana"}]},{"@type":"WebSite","@id":"https:\/\/www.ancoradelchianti.it\/de\/#website","url":"https:\/\/www.ancoradelchianti.it\/de\/","name":"Ancora del Chianti B&amp;B","description":"","publisher":{"@id":"https:\/\/www.ancoradelchianti.it\/de\/#organization"},"potentialAction":[{"@type":"SearchAction","target":{"@type":"EntryPoint","urlTemplate":"https:\/\/www.ancoradelchianti.it\/de\/?s={search_term_string}"},"query-input":{"@type":"PropertyValueSpecification","valueRequired":true,"valueName":"search_term_string"}}],"inLanguage":"de"},{"@type":"Organization","@id":"https:\/\/www.ancoradelchianti.it\/de\/#organization","name":"Ancora del Chianti B&amp;B","url":"https:\/\/www.ancoradelchianti.it\/de\/","logo":{"@type":"ImageObject","inLanguage":"de","@id":"https:\/\/www.ancoradelchianti.it\/de\/#\/schema\/logo\/image\/","url":"https:\/\/www.ancoradelchianti.it\/wp-content\/uploads\/logo\/logo.png","contentUrl":"https:\/\/www.ancoradelchianti.it\/wp-content\/uploads\/logo\/logo.png","width":129,"height":133,"caption":"Ancora del Chianti B&amp;B"},"image":{"@id":"https:\/\/www.ancoradelchianti.it\/de\/#\/schema\/logo\/image\/"}}]}},"_links":{"self":[{"href":"https:\/\/www.ancoradelchianti.it\/de\/wp-json\/wp\/v2\/pages\/8733","targetHints":{"allow":["GET"]}}],"collection":[{"href":"https:\/\/www.ancoradelchianti.it\/de\/wp-json\/wp\/v2\/pages"}],"about":[{"href":"https:\/\/www.ancoradelchianti.it\/de\/wp-json\/wp\/v2\/types\/page"}],"author":[{"embeddable":true,"href":"https:\/\/www.ancoradelchianti.it\/de\/wp-json\/wp\/v2\/users\/1"}],"replies":[{"embeddable":true,"href":"https:\/\/www.ancoradelchianti.it\/de\/wp-json\/wp\/v2\/comments?post=8733"}],"version-history":[{"count":0,"href":"https:\/\/www.ancoradelchianti.it\/de\/wp-json\/wp\/v2\/pages\/8733\/revisions"}],"up":[{"embeddable":true,"href":"https:\/\/www.ancoradelchianti.it\/de\/wp-json\/wp\/v2\/pages\/8715"}],"wp:featuredmedia":[{"embeddable":true,"href":"https:\/\/www.ancoradelchianti.it\/de\/wp-json\/wp\/v2\/media\/7455"}],"wp:attachment":[{"href":"https:\/\/www.ancoradelchianti.it\/de\/wp-json\/wp\/v2\/media?parent=8733"}],"wp:term":[{"taxonomy":"category","embeddable":true,"href":"https:\/\/www.ancoradelchianti.it\/de\/wp-json\/wp\/v2\/categories?post=8733"},{"taxonomy":"post_tag","embeddable":true,"href":"https:\/\/www.ancoradelchianti.it\/de\/wp-json\/wp\/v2\/tags?post=8733"}],"curies":[{"name":"wp","href":"https:\/\/api.w.org\/{rel}","templated":true}]}}