{"id":8735,"date":"2024-03-04T14:51:22","date_gmt":"2024-03-04T14:51:22","guid":{"rendered":"https:\/\/dev.ancoradelchianti.it\/galerie\/"},"modified":"2024-04-11T18:56:57","modified_gmt":"2024-04-11T18:56:57","slug":"fotogalerie","status":"publish","type":"page","link":"https:\/\/www.ancoradelchianti.it\/de\/fotogalerie\/","title":{"rendered":"Galerie"},"content":{"rendered":"\t\t<div data-elementor-type=\"wp-page\" data-elementor-id=\"8735\" class=\"elementor elementor-8735 elementor-7473\" data-elementor-post-type=\"page\">\n\t\t\t\t<div class=\"elementor-element elementor-element-d763119 e-con-full e-flex e-con e-parent\" data-id=\"d763119\" data-element_type=\"container\" data-settings=\"{&quot;jet_parallax_layout_list&quot;:[]}\">\n\t\t\t\t<div data-dce-advanced-background-image-url=\"https:\/\/www.ancoradelchianti.it\/wp-content\/uploads\/pages\/rooms\/ancora-del-chianti-workshop-01.jpg\" class=\"elementor-element elementor-element-3f85d0b elementor-invisible elementor-has-bg-overlay elementor-widget elementor-widget-global elementor-global-232 elementor-widget-heading\" data-id=\"3f85d0b\" data-element_type=\"widget\" data-settings=\"{&quot;_animation&quot;:&quot;fadeInDown&quot;}\" data-widget_type=\"heading.default\">\n\t\t\t\t<div class=\"elementor-widget-container\">\n\t\t\t<h1 class=\"elementor-heading-title elementor-size-default\">Galerie<\/h1>\t\t<\/div>\n\t\t\t\t<\/div>\n\t\t\t\t<div class=\"elementor-element elementor-element-b06e6b7 elementor-widget elementor-widget-heading\" data-id=\"b06e6b7\" data-element_type=\"widget\" data-widget_type=\"heading.default\">\n\t\t\t\t<div class=\"elementor-widget-container\">\n\t\t\t<h2 class=\"elementor-heading-title elementor-size-default\">Fotogalerie<\/h2>\t\t<\/div>\n\t\t\t\t<\/div>\n\t\t\t\t<\/div>\n\t\t<div class=\"elementor-element elementor-element-f142a44 e-flex e-con-boxed e-con e-parent\" data-id=\"f142a44\" data-element_type=\"container\" data-settings=\"{&quot;jet_parallax_layout_list&quot;:[]}\">\n\t\t\t\t\t<div class=\"e-con-inner\">\n\t\t\t\t<div class=\"elementor-element elementor-element-86a21e3 elementor-widget elementor-widget-text-editor\" data-id=\"86a21e3\" data-element_type=\"widget\" data-widget_type=\"text-editor.default\">\n\t\t\t\t<div class=\"elementor-widget-container\">\n\t\t\t\t\t\t\t<div style=\"text-align: center;\"><strong><em>\u201eEin Bild ist mehr wert als tausend Worte.\u201c<\/em><\/strong><\/div>\n<div style=\"text-align: center;\"><\/div>\n<div style=\"text-align: center;\"><strong>Ancora del Chianti &#8211; B&amp;B &amp; Art Retreat in Tuscany hat 1514 Fotos auf\u00a0<a title=\"\" href=\"http:\/\/www.flickr.com\/photos\/ancoradelchianti\/collections\/\" target=\"_blank\" rel=\"noopener\">on Flickrs<\/a>!<\/strong><\/div>\n<div>\n<div style=\"text-align: center;\"><\/div>\n<div style=\"text-align: center;\">Schauen Sie sich die\u00a0<strong>Ferienberichte unsere G\u00e4ste<\/strong> mit ihren an uns gesendeten Fotos f\u00fcr\u00a0unser\u00a0<a href=\"https:\/\/www.flickr.com\/photos\/ancoradelchianti\/collections\/72157663398410042\/\" target=\"_blank\" rel=\"noopener\">Annual Photo Contest\u00a0<\/a>\u00fcber den\u00a0<a title=\"\" href=\"https:\/\/www.flickr.com\/photos\/ancoradelchianti\/sets\/72157662990095570\/\" target=\"_blank\" rel=\"noopener\">the B&amp;B<\/a>\u00a0und Ihre\u00a0<a href=\"https:\/\/www.ancoradelchianti.it\/de\/toskana_rundreise.html\" target=\"_blank\" rel=\"noopener\">Ausfl\u00fcge in der Toskana<\/a>\u00a0an.<\/div>\n<div style=\"text-align: center;\"><\/div>\n<div style=\"text-align: center;\"><strong>Wir erwarten mit Freuden Ihre Ankunft im Ancora del Chianti!<\/strong><\/div>\n<\/div>\n\t\t\t\t\t\t<\/div>\n\t\t\t\t<\/div>\n\t\t\t\t\t<\/div>\n\t\t\t\t<\/div>\n\t\t<div class=\"elementor-element elementor-element-8d702cc e-flex e-con-boxed e-con e-parent\" data-id=\"8d702cc\" data-element_type=\"container\" data-settings=\"{&quot;jet_parallax_layout_list&quot;:[]}\">\n\t\t\t\t\t<div class=\"e-con-inner\">\n\t\t\t\t<div class=\"elementor-element elementor-element-2cad30f elementor-widget elementor-widget-html\" data-id=\"2cad30f\" data-element_type=\"widget\" data-widget_type=\"html.default\">\n\t\t\t\t<div class=\"elementor-widget-container\">\n\t\t\t<script src=\"https:\/\/static.elfsight.com\/platform\/platform.js\" data-use-service-core defer><\/script>\r\n<div class=\"elfsight-app-0b0b468e-0dae-4bd5-bb69-93e262b61939\" data-elfsight-app-lazy><\/div>\t\t<\/div>\n\t\t\t\t<\/div>\n\t\t\t\t\t<\/div>\n\t\t\t\t<\/div>\n\t\t<div class=\"elementor-element elementor-element-1571c6a e-flex e-con-boxed e-con e-parent\" data-id=\"1571c6a\" data-element_type=\"container\" data-settings=\"{&quot;jet_parallax_layout_list&quot;:[]}\">\n\t\t\t\t\t<div class=\"e-con-inner\">\n\t\t\t\t<div class=\"elementor-element elementor-element-94e3651 elementor-widget elementor-widget-global elementor-global-8639 elementor-global-6616 elementor-widget-text-editor\" data-id=\"94e3651\" data-element_type=\"widget\" data-widget_type=\"text-editor.default\">\n\t\t\t\t<div class=\"elementor-widget-container\">\n\t\t\t\t\t\t\t<p style=\"text-align: center;\"><a href=\"https:\/\/ancoradelchianti.beddy.io\/#\/(beddy:home)?lang=de\" target=\"_blank\" rel=\"noopener\"><strong>JETZT BUCHEN<\/strong><\/a>\u00a0oder eine E-Mail senden an\u00a0<a href=\"mailto:info@ancoradelchianti.it\" target=\"_blank\" rel=\"noopener\">info@ancoradelchianti.it<\/a><\/p>\n\t\t\t\t\t\t<\/div>\n\t\t\t\t<\/div>\n\t\t\t\t\t<\/div>\n\t\t\t\t<\/div>\n\t\t\t\t<\/div>\n\t\t","protected":false},"excerpt":{"rendered":"<p>Fotogalerie \u201eEin Bild ist mehr wert als tausend Worte.\u201c Ancora del Chianti &#8211; B&amp;B &amp; Art Retreat in Tuscany hat 1514 Fotos auf\u00a0on Flickrs! Schauen Sie sich die\u00a0Ferienberichte unsere G\u00e4ste mit ihren an uns gesendeten Fotos f\u00fcr\u00a0unser\u00a0Annual Photo Contest\u00a0\u00fcber den\u00a0the B&amp;B\u00a0und Ihre\u00a0Ausfl\u00fcge in der Toskana\u00a0an. Wir erwarten mit Freuden Ihre Ankunft im Ancora del Chianti!&#8230;<\/p>\n","protected":false},"author":1,"featured_media":6888,"parent":0,"menu_order":148,"comment_status":"closed","ping_status":"closed","template":"","meta":{"_acf_changed":false,"footnotes":""},"categories":[],"tags":[],"class_list":["post-8735","page","type-page","status-publish","has-post-thumbnail","hentry"],"acf":[],"yoast_head":"<!-- This site is optimized with the Yoast SEO plugin v24.0 - https:\/\/yoast.com\/wordpress\/plugins\/seo\/ -->\n<title>Ancora del Chianti Toskana B&amp;B in der N\u00e4he von Florenz und Siena, Fotogalerie<\/title>\n<meta name=\"description\" content=\"Sehen Sie das B&amp;B Ancora del Chianti mit den Augen unserer G\u00e4ste: hier ihre Fotos, die sie bei unserem j\u00e4hrlichen Fotowettbewerb \u00fcber das B&amp;B und ihre Touren in der Toskana eingereicht haben.\" \/>\n<meta name=\"robots\" content=\"index, follow, max-snippet:-1, max-image-preview:large, max-video-preview:-1\" \/>\n<link rel=\"canonical\" href=\"https:\/\/www.ancoradelchianti.it\/de\/fotogalerie\/\" \/>\n<meta property=\"og:locale\" content=\"de_DE\" \/>\n<meta property=\"og:type\" content=\"article\" \/>\n<meta property=\"og:title\" content=\"Ancora del Chianti Toskana B&amp;B in der N\u00e4he von Florenz und Siena, Fotogalerie\" \/>\n<meta property=\"og:description\" content=\"Sehen Sie das B&amp;B Ancora del Chianti mit den Augen unserer G\u00e4ste: hier ihre Fotos, die sie bei unserem j\u00e4hrlichen Fotowettbewerb \u00fcber das B&amp;B und ihre Touren in der Toskana eingereicht haben.\" \/>\n<meta property=\"og:url\" content=\"https:\/\/www.ancoradelchianti.it\/de\/fotogalerie\/\" \/>\n<meta property=\"og:site_name\" content=\"Ancora del Chianti B&amp;B\" \/>\n<meta property=\"article:modified_time\" content=\"2024-04-11T18:56:57+00:00\" \/>\n<meta property=\"og:image\" content=\"https:\/\/www.ancoradelchianti.it\/wp-content\/uploads\/pages\/rooms\/ancora-del-chianti-workshop-01.jpg\" \/>\n\t<meta property=\"og:image:width\" content=\"1200\" \/>\n\t<meta property=\"og:image:height\" content=\"800\" \/>\n\t<meta property=\"og:image:type\" content=\"image\/jpeg\" \/>\n<meta name=\"twitter:card\" content=\"summary_large_image\" \/>\n<script type=\"application\/ld+json\" class=\"yoast-schema-graph\">{\"@context\":\"https:\/\/schema.org\",\"@graph\":[{\"@type\":\"WebPage\",\"@id\":\"https:\/\/www.ancoradelchianti.it\/de\/fotogalerie\/\",\"url\":\"https:\/\/www.ancoradelchianti.it\/de\/fotogalerie\/\",\"name\":\"Ancora del Chianti Toskana B&B in der N\u00e4he von Florenz und Siena, Fotogalerie\",\"isPartOf\":{\"@id\":\"https:\/\/www.ancoradelchianti.it\/de\/#website\"},\"primaryImageOfPage\":{\"@id\":\"https:\/\/www.ancoradelchianti.it\/de\/fotogalerie\/#primaryimage\"},\"image\":{\"@id\":\"https:\/\/www.ancoradelchianti.it\/de\/fotogalerie\/#primaryimage\"},\"thumbnailUrl\":\"https:\/\/www.ancoradelchianti.it\/wp-content\/uploads\/pages\/rooms\/ancora-del-chianti-workshop-01.jpg\",\"datePublished\":\"2024-03-04T14:51:22+00:00\",\"dateModified\":\"2024-04-11T18:56:57+00:00\",\"description\":\"Sehen Sie das B&B Ancora del Chianti mit den Augen unserer G\u00e4ste: hier ihre Fotos, die sie bei unserem j\u00e4hrlichen Fotowettbewerb \u00fcber das B&B und ihre Touren in der Toskana eingereicht haben.\",\"breadcrumb\":{\"@id\":\"https:\/\/www.ancoradelchianti.it\/de\/fotogalerie\/#breadcrumb\"},\"inLanguage\":\"de\",\"potentialAction\":[{\"@type\":\"ReadAction\",\"target\":[\"https:\/\/www.ancoradelchianti.it\/de\/fotogalerie\/\"]}]},{\"@type\":\"ImageObject\",\"inLanguage\":\"de\",\"@id\":\"https:\/\/www.ancoradelchianti.it\/de\/fotogalerie\/#primaryimage\",\"url\":\"https:\/\/www.ancoradelchianti.it\/wp-content\/uploads\/pages\/rooms\/ancora-del-chianti-workshop-01.jpg\",\"contentUrl\":\"https:\/\/www.ancoradelchianti.it\/wp-content\/uploads\/pages\/rooms\/ancora-del-chianti-workshop-01.jpg\",\"width\":1200,\"height\":800,\"caption\":\"B&B Rooms\"},{\"@type\":\"BreadcrumbList\",\"@id\":\"https:\/\/www.ancoradelchianti.it\/de\/fotogalerie\/#breadcrumb\",\"itemListElement\":[{\"@type\":\"ListItem\",\"position\":1,\"name\":\"Home\",\"item\":\"https:\/\/www.ancoradelchianti.it\/de\/\"},{\"@type\":\"ListItem\",\"position\":2,\"name\":\"Galerie\"}]},{\"@type\":\"WebSite\",\"@id\":\"https:\/\/www.ancoradelchianti.it\/de\/#website\",\"url\":\"https:\/\/www.ancoradelchianti.it\/de\/\",\"name\":\"Ancora del Chianti B&amp;B\",\"description\":\"\",\"publisher\":{\"@id\":\"https:\/\/www.ancoradelchianti.it\/de\/#organization\"},\"potentialAction\":[{\"@type\":\"SearchAction\",\"target\":{\"@type\":\"EntryPoint\",\"urlTemplate\":\"https:\/\/www.ancoradelchianti.it\/de\/?s={search_term_string}\"},\"query-input\":{\"@type\":\"PropertyValueSpecification\",\"valueRequired\":true,\"valueName\":\"search_term_string\"}}],\"inLanguage\":\"de\"},{\"@type\":\"Organization\",\"@id\":\"https:\/\/www.ancoradelchianti.it\/de\/#organization\",\"name\":\"Ancora del Chianti B&amp;B\",\"url\":\"https:\/\/www.ancoradelchianti.it\/de\/\",\"logo\":{\"@type\":\"ImageObject\",\"inLanguage\":\"de\",\"@id\":\"https:\/\/www.ancoradelchianti.it\/de\/#\/schema\/logo\/image\/\",\"url\":\"https:\/\/www.ancoradelchianti.it\/wp-content\/uploads\/logo\/logo.png\",\"contentUrl\":\"https:\/\/www.ancoradelchianti.it\/wp-content\/uploads\/logo\/logo.png\",\"width\":129,\"height\":133,\"caption\":\"Ancora del Chianti B&amp;B\"},\"image\":{\"@id\":\"https:\/\/www.ancoradelchianti.it\/de\/#\/schema\/logo\/image\/\"}}]}<\/script>\n<!-- \/ Yoast SEO plugin. -->","yoast_head_json":{"title":"Ancora del Chianti Toskana B&B in der N\u00e4he von Florenz und Siena, Fotogalerie","description":"Sehen Sie das B&B Ancora del Chianti mit den Augen unserer G\u00e4ste: hier ihre Fotos, die sie bei unserem j\u00e4hrlichen Fotowettbewerb \u00fcber das B&B und ihre Touren in der Toskana eingereicht haben.","robots":{"index":"index","follow":"follow","max-snippet":"max-snippet:-1","max-image-preview":"max-image-preview:large","max-video-preview":"max-video-preview:-1"},"canonical":"https:\/\/www.ancoradelchianti.it\/de\/fotogalerie\/","og_locale":"de_DE","og_type":"article","og_title":"Ancora del Chianti Toskana B&B in der N\u00e4he von Florenz und Siena, Fotogalerie","og_description":"Sehen Sie das B&B Ancora del Chianti mit den Augen unserer G\u00e4ste: hier ihre Fotos, die sie bei unserem j\u00e4hrlichen Fotowettbewerb \u00fcber das B&B und ihre Touren in der Toskana eingereicht haben.","og_url":"https:\/\/www.ancoradelchianti.it\/de\/fotogalerie\/","og_site_name":"Ancora del Chianti B&amp;B","article_modified_time":"2024-04-11T18:56:57+00:00","og_image":[{"width":1200,"height":800,"url":"https:\/\/www.ancoradelchianti.it\/wp-content\/uploads\/pages\/rooms\/ancora-del-chianti-workshop-01.jpg","type":"image\/jpeg"}],"twitter_card":"summary_large_image","schema":{"@context":"https:\/\/schema.org","@graph":[{"@type":"WebPage","@id":"https:\/\/www.ancoradelchianti.it\/de\/fotogalerie\/","url":"https:\/\/www.ancoradelchianti.it\/de\/fotogalerie\/","name":"Ancora del Chianti Toskana B&B in der N\u00e4he von Florenz und Siena, Fotogalerie","isPartOf":{"@id":"https:\/\/www.ancoradelchianti.it\/de\/#website"},"primaryImageOfPage":{"@id":"https:\/\/www.ancoradelchianti.it\/de\/fotogalerie\/#primaryimage"},"image":{"@id":"https:\/\/www.ancoradelchianti.it\/de\/fotogalerie\/#primaryimage"},"thumbnailUrl":"https:\/\/www.ancoradelchianti.it\/wp-content\/uploads\/pages\/rooms\/ancora-del-chianti-workshop-01.jpg","datePublished":"2024-03-04T14:51:22+00:00","dateModified":"2024-04-11T18:56:57+00:00","description":"Sehen Sie das B&B Ancora del Chianti mit den Augen unserer G\u00e4ste: hier ihre Fotos, die sie bei unserem j\u00e4hrlichen Fotowettbewerb \u00fcber das B&B und ihre Touren in der Toskana eingereicht haben.","breadcrumb":{"@id":"https:\/\/www.ancoradelchianti.it\/de\/fotogalerie\/#breadcrumb"},"inLanguage":"de","potentialAction":[{"@type":"ReadAction","target":["https:\/\/www.ancoradelchianti.it\/de\/fotogalerie\/"]}]},{"@type":"ImageObject","inLanguage":"de","@id":"https:\/\/www.ancoradelchianti.it\/de\/fotogalerie\/#primaryimage","url":"https:\/\/www.ancoradelchianti.it\/wp-content\/uploads\/pages\/rooms\/ancora-del-chianti-workshop-01.jpg","contentUrl":"https:\/\/www.ancoradelchianti.it\/wp-content\/uploads\/pages\/rooms\/ancora-del-chianti-workshop-01.jpg","width":1200,"height":800,"caption":"B&B Rooms"},{"@type":"BreadcrumbList","@id":"https:\/\/www.ancoradelchianti.it\/de\/fotogalerie\/#breadcrumb","itemListElement":[{"@type":"ListItem","position":1,"name":"Home","item":"https:\/\/www.ancoradelchianti.it\/de\/"},{"@type":"ListItem","position":2,"name":"Galerie"}]},{"@type":"WebSite","@id":"https:\/\/www.ancoradelchianti.it\/de\/#website","url":"https:\/\/www.ancoradelchianti.it\/de\/","name":"Ancora del Chianti B&amp;B","description":"","publisher":{"@id":"https:\/\/www.ancoradelchianti.it\/de\/#organization"},"potentialAction":[{"@type":"SearchAction","target":{"@type":"EntryPoint","urlTemplate":"https:\/\/www.ancoradelchianti.it\/de\/?s={search_term_string}"},"query-input":{"@type":"PropertyValueSpecification","valueRequired":true,"valueName":"search_term_string"}}],"inLanguage":"de"},{"@type":"Organization","@id":"https:\/\/www.ancoradelchianti.it\/de\/#organization","name":"Ancora del Chianti B&amp;B","url":"https:\/\/www.ancoradelchianti.it\/de\/","logo":{"@type":"ImageObject","inLanguage":"de","@id":"https:\/\/www.ancoradelchianti.it\/de\/#\/schema\/logo\/image\/","url":"https:\/\/www.ancoradelchianti.it\/wp-content\/uploads\/logo\/logo.png","contentUrl":"https:\/\/www.ancoradelchianti.it\/wp-content\/uploads\/logo\/logo.png","width":129,"height":133,"caption":"Ancora del Chianti B&amp;B"},"image":{"@id":"https:\/\/www.ancoradelchianti.it\/de\/#\/schema\/logo\/image\/"}}]}},"_links":{"self":[{"href":"https:\/\/www.ancoradelchianti.it\/de\/wp-json\/wp\/v2\/pages\/8735","targetHints":{"allow":["GET"]}}],"collection":[{"href":"https:\/\/www.ancoradelchianti.it\/de\/wp-json\/wp\/v2\/pages"}],"about":[{"href":"https:\/\/www.ancoradelchianti.it\/de\/wp-json\/wp\/v2\/types\/page"}],"author":[{"embeddable":true,"href":"https:\/\/www.ancoradelchianti.it\/de\/wp-json\/wp\/v2\/users\/1"}],"replies":[{"embeddable":true,"href":"https:\/\/www.ancoradelchianti.it\/de\/wp-json\/wp\/v2\/comments?post=8735"}],"version-history":[{"count":0,"href":"https:\/\/www.ancoradelchianti.it\/de\/wp-json\/wp\/v2\/pages\/8735\/revisions"}],"wp:featuredmedia":[{"embeddable":true,"href":"https:\/\/www.ancoradelchianti.it\/de\/wp-json\/wp\/v2\/media\/6888"}],"wp:attachment":[{"href":"https:\/\/www.ancoradelchianti.it\/de\/wp-json\/wp\/v2\/media?parent=8735"}],"wp:term":[{"taxonomy":"category","embeddable":true,"href":"https:\/\/www.ancoradelchianti.it\/de\/wp-json\/wp\/v2\/categories?post=8735"},{"taxonomy":"post_tag","embeddable":true,"href":"https:\/\/www.ancoradelchianti.it\/de\/wp-json\/wp\/v2\/tags?post=8735"}],"curies":[{"name":"wp","href":"https:\/\/api.w.org\/{rel}","templated":true}]}}