{"id":8743,"date":"2024-03-04T13:48:51","date_gmt":"2024-03-04T13:48:51","guid":{"rendered":"https:\/\/dev.ancoradelchianti.it\/mieten-fuer-seminare-kunstler-residenz-2\/yoga-retreat\/"},"modified":"2025-11-21T14:48:28","modified_gmt":"2025-11-21T14:48:28","slug":"yoga-retreat","status":"publish","type":"page","link":"https:\/\/www.ancoradelchianti.it\/de\/miete-fur-seminar\/yoga-retreat\/","title":{"rendered":"Yoga Retreat 2026"},"content":{"rendered":"\t\t<div data-elementor-type=\"wp-page\" data-elementor-id=\"8743\" class=\"elementor elementor-8743 elementor-7299\" data-elementor-post-type=\"page\">\n\t\t\t\t<div class=\"elementor-element elementor-element-50eef8e e-con-full e-flex e-con e-parent\" data-id=\"50eef8e\" data-element_type=\"container\" data-settings=\"{&quot;jet_parallax_layout_list&quot;:[]}\">\n\t\t\t\t<div data-dce-advanced-background-image-url=\"https:\/\/www.ancoradelchianti.it\/wp-content\/uploads\/rooms-and-services\/ancora-garden\/garden.jpg\" class=\"elementor-element elementor-element-28a1c4b elementor-invisible elementor-has-bg-overlay elementor-widget elementor-widget-global elementor-global-232 elementor-widget-heading\" data-id=\"28a1c4b\" data-element_type=\"widget\" data-settings=\"{&quot;_animation&quot;:&quot;fadeInDown&quot;}\" data-widget_type=\"heading.default\">\n\t\t\t\t<div class=\"elementor-widget-container\">\n\t\t\t<h1 class=\"elementor-heading-title elementor-size-default\">Yoga Retreat 2026<\/h1>\t\t<\/div>\n\t\t\t\t<\/div>\n\t\t\t\t<div class=\"elementor-element elementor-element-a5af2ed elementor-widget elementor-widget-heading\" data-id=\"a5af2ed\" data-element_type=\"widget\" data-widget_type=\"heading.default\">\n\t\t\t\t<div class=\"elementor-widget-container\">\n\t\t\t<h2 class=\"elementor-heading-title elementor-size-default\">Yoga, Mindfulness und Meditation Retreats und Workshops in der Toskana 2026<\/h2>\t\t<\/div>\n\t\t\t\t<\/div>\n\t\t\t\t<\/div>\n\t\t<div class=\"elementor-element elementor-element-2453a39 e-flex e-con-boxed e-con e-parent\" data-id=\"2453a39\" data-element_type=\"container\" data-settings=\"{&quot;jet_parallax_layout_list&quot;:[]}\">\n\t\t\t\t\t<div class=\"e-con-inner\">\n\t\t\t\t<div class=\"elementor-element elementor-element-41556c5 elementor-widget elementor-widget-text-editor\" data-id=\"41556c5\" data-element_type=\"widget\" data-widget_type=\"text-editor.default\">\n\t\t\t\t<div class=\"elementor-widget-container\">\n\t\t\t\t\t\t\t<h3>Yoga-, Achtsamkeit- und Meditationsretreats und Workshops in der Toskana, umgeben von \u00fcppiger Natur, Stille und wundersch\u00f6ner Landschaft<\/h3>\n<h3>KALENDER 2025 \u2013 YOGA, MINDFULLNESS &amp; ACHTSAMKEITSWORKSHOPS IM CHIANTI<\/h3>\n<ul>\n<li style=\"list-style-type: none\">\n<ul>\n<li><strong>14. September \u2013 21. September 2026: 8 Tage \u2013 7 N\u00e4chte \u2013 YOGA &amp; DOLCE VITA \u2013 Anmeldung ge\u00f6ffnet <\/strong>Erleben Sie mit uns eine unvergessliche Auszeit in der friedlichen toskanischen Landschaft. Entfliehen Sie dem Alltag und tauchen Sie ein in die sanften Rhythmen der Natur \u2013 erwachen Sie jeden Tag zum Gesang der V\u00f6gel und genie\u00dfen Sie die stille Sch\u00f6nheit der umliegenden Landschaft. Verbringen Sie ruhige Stunden mit Meditation, Spazierg\u00e4ngen auf den idyllischen Gartenwegen oder Schreiben im Schatten jahrhundertealter B\u00e4ume. Genie\u00dfen Sie gesunde, liebevoll zubereitete vegetarische Gerichte aus regionalen Zutaten. G\u00f6nnen Sie sich eine Auszeit und lassen Sie den Moment einfach auf sich wirken. Finden Sie zu Ihrem K\u00f6rper zur\u00fcck und beruhigen Sie Ihren Geist durch t\u00e4gliche Yoga-Einheiten in der lichtdurchfluteten Shala. St\u00e4rken Sie Ihre Seele mit sorgf\u00e4ltig konzipierten Workshops, die Sie inspirieren, regenerieren und Ihnen neue Kraft geben. <a href=\"mailto:info@ancoradelchianti.it\"><b><strong>JETZT ANFRAGEN!<\/strong><\/b><\/a><\/li>\n<\/ul>\n<\/li>\n<\/ul>\n<p>&nbsp;<\/p>\n<ul>\n<li><strong>8. Oktober \u2013 13. Oktober 2026: 7 Tage \u2013 Yoga &amp; Toskana-Entdeckung \u2013 Anmeldung m\u00f6glich <\/strong>Tauchen Sie ein in eine Oase der bewussten Bewegung in den H\u00fcgeln der Toskana. Genie\u00dfen Sie t\u00e4glich Yoga, lassen Sie sich von regionalen und saisonalen Zutaten verw\u00f6hnen und entspannen Sie inmitten von Olivenb\u00e4umen und goldener Landschaft. Ein Ort, um tief durchzuatmen, neue Energie zu tanken und zu sich selbst zur\u00fcckzufinden \u2013 getragen von Einfachheit und umgeben von nat\u00fcrlicher Sch\u00f6nheit. <a href=\"mailto:info@ancoradelchianti.it\"><b><strong>JETZT ANFRAGEN!<\/strong><\/b><\/a><b><\/b><\/li>\n<\/ul>\n\t\t\t\t\t\t<\/div>\n\t\t\t\t<\/div>\n\t\t\t\t\t<\/div>\n\t\t\t\t<\/div>\n\t\t\t\t<\/div>\n\t\t","protected":false},"excerpt":{"rendered":"<p>Yoga, Mindfulness und Meditation Retreats und Workshops in der Toskana 2026 Yoga-, Achtsamkeit- und Meditationsretreats und Workshops in der Toskana, umgeben von \u00fcppiger Natur, Stille und wundersch\u00f6ner Landschaft KALENDER 2025 \u2013 YOGA, MINDFULLNESS &amp; ACHTSAMKEITSWORKSHOPS IM CHIANTI 14. September \u2013 21. September 2026: 8 Tage \u2013 7 N\u00e4chte \u2013 YOGA &amp; DOLCE VITA \u2013 Anmeldung&#8230;<\/p>\n","protected":false},"author":1,"featured_media":7139,"parent":8741,"menu_order":143,"comment_status":"closed","ping_status":"closed","template":"","meta":{"_acf_changed":false,"footnotes":""},"categories":[],"tags":[],"class_list":["post-8743","page","type-page","status-publish","has-post-thumbnail","hentry"],"acf":[],"yoast_head":"<!-- This site is optimized with the Yoast SEO plugin v24.0 - https:\/\/yoast.com\/wordpress\/plugins\/seo\/ -->\n<title>Yoga, Mindfulness und Meditation Retreats und Workshops in der Toskana 2026<\/title>\n<meta name=\"description\" content=\"Yoga, Mindfulness und Meditation Retreats und Workshops in der Toskana 2026\" \/>\n<meta name=\"robots\" content=\"index, follow, max-snippet:-1, max-image-preview:large, max-video-preview:-1\" \/>\n<link rel=\"canonical\" href=\"https:\/\/www.ancoradelchianti.it\/de\/miete-fur-seminar\/yoga-retreat\/\" \/>\n<meta property=\"og:locale\" content=\"de_DE\" \/>\n<meta property=\"og:type\" content=\"article\" \/>\n<meta property=\"og:title\" content=\"Yoga, Mindfulness und Meditation Retreats und Workshops in der Toskana 2026\" \/>\n<meta property=\"og:description\" content=\"Yoga, Mindfulness und Meditation Retreats und Workshops in der Toskana 2026\" \/>\n<meta property=\"og:url\" content=\"https:\/\/www.ancoradelchianti.it\/de\/miete-fur-seminar\/yoga-retreat\/\" \/>\n<meta property=\"og:site_name\" content=\"Ancora del Chianti B&amp;B\" \/>\n<meta property=\"article:modified_time\" content=\"2025-11-21T14:48:28+00:00\" \/>\n<meta property=\"og:image\" content=\"https:\/\/www.ancoradelchianti.it\/wp-content\/uploads\/rooms-and-services\/ancora-garden\/garden.jpg\" \/>\n\t<meta property=\"og:image:width\" content=\"1920\" \/>\n\t<meta property=\"og:image:height\" content=\"672\" \/>\n\t<meta property=\"og:image:type\" content=\"image\/jpeg\" \/>\n<meta name=\"twitter:card\" content=\"summary_large_image\" \/>\n<meta name=\"twitter:label1\" content=\"Gesch\u00e4tzte Lesezeit\" \/>\n\t<meta name=\"twitter:data1\" content=\"1\u00a0Minute\" \/>\n<script type=\"application\/ld+json\" class=\"yoast-schema-graph\">{\"@context\":\"https:\/\/schema.org\",\"@graph\":[{\"@type\":\"WebPage\",\"@id\":\"https:\/\/www.ancoradelchianti.it\/de\/miete-fur-seminar\/yoga-retreat\/\",\"url\":\"https:\/\/www.ancoradelchianti.it\/de\/miete-fur-seminar\/yoga-retreat\/\",\"name\":\"Yoga, Mindfulness und Meditation Retreats und Workshops in der Toskana 2026\",\"isPartOf\":{\"@id\":\"https:\/\/www.ancoradelchianti.it\/de\/#website\"},\"primaryImageOfPage\":{\"@id\":\"https:\/\/www.ancoradelchianti.it\/de\/miete-fur-seminar\/yoga-retreat\/#primaryimage\"},\"image\":{\"@id\":\"https:\/\/www.ancoradelchianti.it\/de\/miete-fur-seminar\/yoga-retreat\/#primaryimage\"},\"thumbnailUrl\":\"https:\/\/www.ancoradelchianti.it\/wp-content\/uploads\/rooms-and-services\/ancora-garden\/garden.jpg\",\"datePublished\":\"2024-03-04T13:48:51+00:00\",\"dateModified\":\"2025-11-21T14:48:28+00:00\",\"description\":\"Yoga, Mindfulness und Meditation Retreats und Workshops in der Toskana 2026\",\"breadcrumb\":{\"@id\":\"https:\/\/www.ancoradelchianti.it\/de\/miete-fur-seminar\/yoga-retreat\/#breadcrumb\"},\"inLanguage\":\"de\",\"potentialAction\":[{\"@type\":\"ReadAction\",\"target\":[\"https:\/\/www.ancoradelchianti.it\/de\/miete-fur-seminar\/yoga-retreat\/\"]}]},{\"@type\":\"ImageObject\",\"inLanguage\":\"de\",\"@id\":\"https:\/\/www.ancoradelchianti.it\/de\/miete-fur-seminar\/yoga-retreat\/#primaryimage\",\"url\":\"https:\/\/www.ancoradelchianti.it\/wp-content\/uploads\/rooms-and-services\/ancora-garden\/garden.jpg\",\"contentUrl\":\"https:\/\/www.ancoradelchianti.it\/wp-content\/uploads\/rooms-and-services\/ancora-garden\/garden.jpg\",\"width\":1920,\"height\":672,\"caption\":\"Ancora's Garden\"},{\"@type\":\"BreadcrumbList\",\"@id\":\"https:\/\/www.ancoradelchianti.it\/de\/miete-fur-seminar\/yoga-retreat\/#breadcrumb\",\"itemListElement\":[{\"@type\":\"ListItem\",\"position\":1,\"name\":\"Home\",\"item\":\"https:\/\/www.ancoradelchianti.it\/de\/\"},{\"@type\":\"ListItem\",\"position\":2,\"name\":\"Workshops und R\u00fcckzug 2025\",\"item\":\"https:\/\/www.ancoradelchianti.it\/de\/chianti-workshop-and-retreats\/\"},{\"@type\":\"ListItem\",\"position\":3,\"name\":\"Yoga Retreat 2026\"}]},{\"@type\":\"WebSite\",\"@id\":\"https:\/\/www.ancoradelchianti.it\/de\/#website\",\"url\":\"https:\/\/www.ancoradelchianti.it\/de\/\",\"name\":\"Ancora del Chianti B&amp;B\",\"description\":\"\",\"publisher\":{\"@id\":\"https:\/\/www.ancoradelchianti.it\/de\/#organization\"},\"potentialAction\":[{\"@type\":\"SearchAction\",\"target\":{\"@type\":\"EntryPoint\",\"urlTemplate\":\"https:\/\/www.ancoradelchianti.it\/de\/?s={search_term_string}\"},\"query-input\":{\"@type\":\"PropertyValueSpecification\",\"valueRequired\":true,\"valueName\":\"search_term_string\"}}],\"inLanguage\":\"de\"},{\"@type\":\"Organization\",\"@id\":\"https:\/\/www.ancoradelchianti.it\/de\/#organization\",\"name\":\"Ancora del Chianti B&amp;B\",\"url\":\"https:\/\/www.ancoradelchianti.it\/de\/\",\"logo\":{\"@type\":\"ImageObject\",\"inLanguage\":\"de\",\"@id\":\"https:\/\/www.ancoradelchianti.it\/de\/#\/schema\/logo\/image\/\",\"url\":\"https:\/\/www.ancoradelchianti.it\/wp-content\/uploads\/logo\/logo.png\",\"contentUrl\":\"https:\/\/www.ancoradelchianti.it\/wp-content\/uploads\/logo\/logo.png\",\"width\":129,\"height\":133,\"caption\":\"Ancora del Chianti B&amp;B\"},\"image\":{\"@id\":\"https:\/\/www.ancoradelchianti.it\/de\/#\/schema\/logo\/image\/\"}}]}<\/script>\n<!-- \/ Yoast SEO plugin. -->","yoast_head_json":{"title":"Yoga, Mindfulness und Meditation Retreats und Workshops in der Toskana 2026","description":"Yoga, Mindfulness und Meditation Retreats und Workshops in der Toskana 2026","robots":{"index":"index","follow":"follow","max-snippet":"max-snippet:-1","max-image-preview":"max-image-preview:large","max-video-preview":"max-video-preview:-1"},"canonical":"https:\/\/www.ancoradelchianti.it\/de\/miete-fur-seminar\/yoga-retreat\/","og_locale":"de_DE","og_type":"article","og_title":"Yoga, Mindfulness und Meditation Retreats und Workshops in der Toskana 2026","og_description":"Yoga, Mindfulness und Meditation Retreats und Workshops in der Toskana 2026","og_url":"https:\/\/www.ancoradelchianti.it\/de\/miete-fur-seminar\/yoga-retreat\/","og_site_name":"Ancora del Chianti B&amp;B","article_modified_time":"2025-11-21T14:48:28+00:00","og_image":[{"width":1920,"height":672,"url":"https:\/\/www.ancoradelchianti.it\/wp-content\/uploads\/rooms-and-services\/ancora-garden\/garden.jpg","type":"image\/jpeg"}],"twitter_card":"summary_large_image","twitter_misc":{"Gesch\u00e4tzte Lesezeit":"1\u00a0Minute"},"schema":{"@context":"https:\/\/schema.org","@graph":[{"@type":"WebPage","@id":"https:\/\/www.ancoradelchianti.it\/de\/miete-fur-seminar\/yoga-retreat\/","url":"https:\/\/www.ancoradelchianti.it\/de\/miete-fur-seminar\/yoga-retreat\/","name":"Yoga, Mindfulness und Meditation Retreats und Workshops in der Toskana 2026","isPartOf":{"@id":"https:\/\/www.ancoradelchianti.it\/de\/#website"},"primaryImageOfPage":{"@id":"https:\/\/www.ancoradelchianti.it\/de\/miete-fur-seminar\/yoga-retreat\/#primaryimage"},"image":{"@id":"https:\/\/www.ancoradelchianti.it\/de\/miete-fur-seminar\/yoga-retreat\/#primaryimage"},"thumbnailUrl":"https:\/\/www.ancoradelchianti.it\/wp-content\/uploads\/rooms-and-services\/ancora-garden\/garden.jpg","datePublished":"2024-03-04T13:48:51+00:00","dateModified":"2025-11-21T14:48:28+00:00","description":"Yoga, Mindfulness und Meditation Retreats und Workshops in der Toskana 2026","breadcrumb":{"@id":"https:\/\/www.ancoradelchianti.it\/de\/miete-fur-seminar\/yoga-retreat\/#breadcrumb"},"inLanguage":"de","potentialAction":[{"@type":"ReadAction","target":["https:\/\/www.ancoradelchianti.it\/de\/miete-fur-seminar\/yoga-retreat\/"]}]},{"@type":"ImageObject","inLanguage":"de","@id":"https:\/\/www.ancoradelchianti.it\/de\/miete-fur-seminar\/yoga-retreat\/#primaryimage","url":"https:\/\/www.ancoradelchianti.it\/wp-content\/uploads\/rooms-and-services\/ancora-garden\/garden.jpg","contentUrl":"https:\/\/www.ancoradelchianti.it\/wp-content\/uploads\/rooms-and-services\/ancora-garden\/garden.jpg","width":1920,"height":672,"caption":"Ancora's Garden"},{"@type":"BreadcrumbList","@id":"https:\/\/www.ancoradelchianti.it\/de\/miete-fur-seminar\/yoga-retreat\/#breadcrumb","itemListElement":[{"@type":"ListItem","position":1,"name":"Home","item":"https:\/\/www.ancoradelchianti.it\/de\/"},{"@type":"ListItem","position":2,"name":"Workshops und R\u00fcckzug 2025","item":"https:\/\/www.ancoradelchianti.it\/de\/chianti-workshop-and-retreats\/"},{"@type":"ListItem","position":3,"name":"Yoga Retreat 2026"}]},{"@type":"WebSite","@id":"https:\/\/www.ancoradelchianti.it\/de\/#website","url":"https:\/\/www.ancoradelchianti.it\/de\/","name":"Ancora del Chianti B&amp;B","description":"","publisher":{"@id":"https:\/\/www.ancoradelchianti.it\/de\/#organization"},"potentialAction":[{"@type":"SearchAction","target":{"@type":"EntryPoint","urlTemplate":"https:\/\/www.ancoradelchianti.it\/de\/?s={search_term_string}"},"query-input":{"@type":"PropertyValueSpecification","valueRequired":true,"valueName":"search_term_string"}}],"inLanguage":"de"},{"@type":"Organization","@id":"https:\/\/www.ancoradelchianti.it\/de\/#organization","name":"Ancora del Chianti B&amp;B","url":"https:\/\/www.ancoradelchianti.it\/de\/","logo":{"@type":"ImageObject","inLanguage":"de","@id":"https:\/\/www.ancoradelchianti.it\/de\/#\/schema\/logo\/image\/","url":"https:\/\/www.ancoradelchianti.it\/wp-content\/uploads\/logo\/logo.png","contentUrl":"https:\/\/www.ancoradelchianti.it\/wp-content\/uploads\/logo\/logo.png","width":129,"height":133,"caption":"Ancora del Chianti B&amp;B"},"image":{"@id":"https:\/\/www.ancoradelchianti.it\/de\/#\/schema\/logo\/image\/"}}]}},"_links":{"self":[{"href":"https:\/\/www.ancoradelchianti.it\/de\/wp-json\/wp\/v2\/pages\/8743","targetHints":{"allow":["GET"]}}],"collection":[{"href":"https:\/\/www.ancoradelchianti.it\/de\/wp-json\/wp\/v2\/pages"}],"about":[{"href":"https:\/\/www.ancoradelchianti.it\/de\/wp-json\/wp\/v2\/types\/page"}],"author":[{"embeddable":true,"href":"https:\/\/www.ancoradelchianti.it\/de\/wp-json\/wp\/v2\/users\/1"}],"replies":[{"embeddable":true,"href":"https:\/\/www.ancoradelchianti.it\/de\/wp-json\/wp\/v2\/comments?post=8743"}],"version-history":[{"count":0,"href":"https:\/\/www.ancoradelchianti.it\/de\/wp-json\/wp\/v2\/pages\/8743\/revisions"}],"up":[{"embeddable":true,"href":"https:\/\/www.ancoradelchianti.it\/de\/wp-json\/wp\/v2\/pages\/8741"}],"wp:featuredmedia":[{"embeddable":true,"href":"https:\/\/www.ancoradelchianti.it\/de\/wp-json\/wp\/v2\/media\/7139"}],"wp:attachment":[{"href":"https:\/\/www.ancoradelchianti.it\/de\/wp-json\/wp\/v2\/media?parent=8743"}],"wp:term":[{"taxonomy":"category","embeddable":true,"href":"https:\/\/www.ancoradelchianti.it\/de\/wp-json\/wp\/v2\/categories?post=8743"},{"taxonomy":"post_tag","embeddable":true,"href":"https:\/\/www.ancoradelchianti.it\/de\/wp-json\/wp\/v2\/tags?post=8743"}],"curies":[{"name":"wp","href":"https:\/\/api.w.org\/{rel}","templated":true}]}}