{"id":8745,"date":"2024-03-24T06:31:30","date_gmt":"2024-03-24T06:31:30","guid":{"rendered":"https:\/\/dev.ancoradelchianti.it\/mieten-fuer-seminare-kunstler-residenz-2\/workshop-kalender-toskana-2024-25\/"},"modified":"2025-11-18T12:00:50","modified_gmt":"2025-11-18T12:00:50","slug":"workshop-kalender-toskana","status":"publish","type":"page","link":"https:\/\/www.ancoradelchianti.it\/de\/miete-fur-seminar\/workshop-kalender-toskana\/","title":{"rendered":"Workshop-Kalender Toskana 2026"},"content":{"rendered":"\t\t<div data-elementor-type=\"wp-page\" data-elementor-id=\"8745\" class=\"elementor elementor-8745 elementor-8280\" data-elementor-post-type=\"page\">\n\t\t\t\t<div class=\"elementor-element elementor-element-457b72a e-con-full e-flex e-con e-parent\" data-id=\"457b72a\" data-element_type=\"container\" data-settings=\"{&quot;jet_parallax_layout_list&quot;:[]}\">\n\t\t\t\t<div data-dce-advanced-background-image-url=\"https:\/\/www.ancoradelchianti.it\/wp-content\/uploads\/hire-for-meeting-retreat-event\/art-residence\/art_residency.jpg\" class=\"elementor-element elementor-element-ca7f2a4 elementor-invisible elementor-has-bg-overlay elementor-widget elementor-widget-global elementor-global-232 elementor-widget-heading\" data-id=\"ca7f2a4\" data-element_type=\"widget\" data-settings=\"{&quot;_animation&quot;:&quot;fadeInDown&quot;}\" data-widget_type=\"heading.default\">\n\t\t\t\t<div class=\"elementor-widget-container\">\n\t\t\t<h1 class=\"elementor-heading-title elementor-size-default\">Workshop-Kalender Toskana 2026<\/h1>\t\t<\/div>\n\t\t\t\t<\/div>\n\t\t\t\t<div class=\"elementor-element elementor-element-2c4461f elementor-widget elementor-widget-heading\" data-id=\"2c4461f\" data-element_type=\"widget\" data-widget_type=\"heading.default\">\n\t\t\t\t<div class=\"elementor-widget-container\">\n\t\t\t<h2 class=\"elementor-heading-title elementor-size-default\">Workshop-Kalender Toskana 2026<\/h2>\t\t<\/div>\n\t\t\t\t<\/div>\n\t\t\t\t<\/div>\n\t\t<div class=\"elementor-element elementor-element-10055b2 e-flex e-con-boxed e-con e-parent\" data-id=\"10055b2\" data-element_type=\"container\" data-settings=\"{&quot;jet_parallax_layout_list&quot;:[]}\">\n\t\t\t\t\t<div class=\"e-con-inner\">\n\t\t\t\t<div class=\"elementor-element elementor-element-a4530da elementor-widget elementor-widget-text-editor\" data-id=\"a4530da\" data-element_type=\"widget\" data-widget_type=\"text-editor.default\">\n\t\t\t\t<div class=\"elementor-widget-container\">\n\t\t\t\t\t\t\t<h3>Willkommen auf unserer Seite f\u00fcr Malerei-Workshops, Yoga-Retreats, Kunst-Residenzen, Wohlf\u00fchl-Seminare, kreative Schreib-Erfahrungen, Workshops und Retreats in der Toskana in Ancora del Chianti!<\/h3>\n<p><img fetchpriority=\"high\" decoding=\"async\" class=\"alignleft wp-image-7281\" src=\"https:\/\/www.ancoradelchianti.it\/wp-content\/uploads\/experiences\/art-holidays-in-tuscany-2024-25\/painting_holiday_tuscany-300x213.jpg\" alt=\"\" width=\"355\" height=\"252\" srcset=\"https:\/\/www.ancoradelchianti.it\/wp-content\/uploads\/experiences\/art-holidays-in-tuscany-2024-25\/painting_holiday_tuscany-300x213.jpg 300w, https:\/\/www.ancoradelchianti.it\/wp-content\/uploads\/experiences\/art-holidays-in-tuscany-2024-25\/painting_holiday_tuscany-768x546.jpg 768w, https:\/\/www.ancoradelchianti.it\/wp-content\/uploads\/experiences\/art-holidays-in-tuscany-2024-25\/painting_holiday_tuscany.jpg 1024w\" sizes=\"(max-width: 355px) 100vw, 355px\" \/><\/p>\n<p>Hier finden Sie viele <strong>besondere Gelegenheiten, sich zu entspannen und<\/strong> neue Dinge <strong>zu lernen<\/strong>. Stellen Sie sich vor, Sie sind von der wundersch\u00f6nen Landschaft des Chianti umgeben, bereit, neue Aktivit\u00e4ten zu entdecken und interessante Menschen kennenzulernen.<\/p>\n<p>Egal, ob Sie <b>sich f\u00fcr Kunst begeistern<\/b>, auf der Suche nach Momenten der Ruhe sind oder dem Alltag entfliehen wollen &#8211; hier ist f\u00fcr jeden etwas dabei.<\/p>\n<p>Werfen Sie einen Blick<b> auf unseren Kalender und buchen Sie Ihr Erlebnis<\/b> jetzt, um sich Ihren Platz bei diesem einzigartigen Abenteuer mit <b>Ancora del Chianti<\/b> zu sichern!<\/p>\n\t\t\t\t\t\t<\/div>\n\t\t\t\t<\/div>\n\t\t\t\t\t<\/div>\n\t\t\t\t<\/div>\n\t\t<div class=\"elementor-element elementor-element-a885cee e-flex e-con-boxed e-con e-parent\" data-id=\"a885cee\" data-element_type=\"container\" data-settings=\"{&quot;jet_parallax_layout_list&quot;:[]}\">\n\t\t\t\t\t<div class=\"e-con-inner\">\n\t\t<div class=\"elementor-element elementor-element-e2b39ec e-con-full e-flex e-con e-child\" data-id=\"e2b39ec\" data-element_type=\"container\" data-settings=\"{&quot;jet_parallax_layout_list&quot;:[]}\">\n\t\t\t\t<div class=\"elementor-element elementor-element-330274b elementor-widget elementor-widget-text-editor\" data-id=\"330274b\" data-element_type=\"widget\" data-widget_type=\"text-editor.default\">\n\t\t\t\t<div class=\"elementor-widget-container\">\n\t\t\t\t\t\t\t<h3>Begeben Sie sich auf eine Reise der Selbstentdeckung und Kreativit\u00e4t mit unserem ausgew\u00e4hlten Programm an Workshops, Residenzen und Retreats in Ancora del Chianti!<\/h3>\n<p>Tauchen Sie ein in die ruhige Sch\u00f6nheit der Chianti-Landschaft, w\u00e4hrend Sie sich bereichernden Erfahrungen hingeben, die Ihren Geist, Ihren K\u00f6rper, Ihre Kreativit\u00e4t und Ihre Seele n\u00e4hren. Ganz gleich, ob Sie Ihr k\u00fcnstlerisches Potenzial entfalten, sich mit Achtsamkeitspraktiken befassen oder einfach der Hektik des Alltags entfliehen m\u00f6chten, unsere sorgf\u00e4ltig ausgearbeiteten Programme bieten f\u00fcr jeden etwas. Erleben Sie mit uns eine unvergessliche Gelegenheit,<b><strong> sich zu verj\u00fcngen, zu lernen und sich<\/strong><\/b> mit Gleichgesinnten in einer ruhigen Umgebung zu<b><strong> treffen<\/strong><\/b>.<\/p>\n<p><b><strong>Informieren Sie sich \u00fcber unseren Kalender und sichern Sie sich noch heute einen Platz, um sich auf eine transformative Reise nach Ancora del Chianti zu begeben!<\/strong><\/b><\/p>\n\t\t\t\t\t\t<\/div>\n\t\t\t\t<\/div>\n\t\t\t\t<\/div>\n\t\t<div class=\"elementor-element elementor-element-a7fbe19 e-con-full e-flex e-con e-child\" data-id=\"a7fbe19\" data-element_type=\"container\" data-settings=\"{&quot;jet_parallax_layout_list&quot;:[]}\">\n\t\t\t\t<div class=\"elementor-element elementor-element-cf83d5c dce_masking-none elementor-widget elementor-widget-image\" data-id=\"cf83d5c\" data-element_type=\"widget\" data-widget_type=\"image.default\">\n\t\t\t\t<div class=\"elementor-widget-container\">\n\t\t\t\t\t\t\t\t\t\t\t\t\t<img decoding=\"async\" width=\"500\" height=\"375\" src=\"https:\/\/www.ancoradelchianti.it\/wp-content\/uploads\/offers\/paintingclasstuscany.jpg\" class=\"attachment-large size-large wp-image-8147\" alt=\"\" srcset=\"https:\/\/www.ancoradelchianti.it\/wp-content\/uploads\/offers\/paintingclasstuscany.jpg 500w, https:\/\/www.ancoradelchianti.it\/wp-content\/uploads\/offers\/paintingclasstuscany-300x225.jpg 300w\" sizes=\"(max-width: 500px) 100vw, 500px\" \/>\t\t\t\t\t\t\t\t\t\t\t\t\t<\/div>\n\t\t\t\t<\/div>\n\t\t\t\t<\/div>\n\t\t\t\t\t<\/div>\n\t\t\t\t<\/div>\n\t\t<div class=\"elementor-element elementor-element-c109a47 e-flex e-con-boxed e-con e-parent\" data-id=\"c109a47\" data-element_type=\"container\" data-settings=\"{&quot;jet_parallax_layout_list&quot;:[]}\">\n\t\t\t\t\t<div class=\"e-con-inner\">\n\t\t<div class=\"elementor-element elementor-element-5d994ad e-flex e-con-boxed e-con e-child\" data-id=\"5d994ad\" data-element_type=\"container\" data-settings=\"{&quot;jet_parallax_layout_list&quot;:[]}\">\n\t\t\t\t\t<div class=\"e-con-inner\">\n\t\t\t\t\t<\/div>\n\t\t\t\t<\/div>\n\t\t\t\t<div class=\"elementor-element elementor-element-f736f55 elementor-widget elementor-widget-text-editor\" data-id=\"f736f55\" data-element_type=\"widget\" data-widget_type=\"text-editor.default\">\n\t\t\t\t<div class=\"elementor-widget-container\">\n\t\t\t\t\t\t\t<p><strong>2025 KALENDER F\u00dcR KUNST &amp; WELLNESS WORKSHOP IM CHIANTI UND MALFERIEN IN DER TOSKANA<\/strong><\/p>\n<p>&nbsp;<\/p>\n<ul>\n<li><strong>17. April \u2013 22. April 2026: 6 Tage \/ 5 N\u00e4chte \u2013 KREATIVES SCHREIBEN \u2013 Anmeldung ge\u00f6ffnet <\/strong>Dieses Retreat bietet Ihnen drei erholsame Tage in der toskanischen Landschaft. Hier k\u00f6nnen Sie sich mit anderen Kinderbuchschaffenden austauschen, an Ihren Geschichten arbeiten und von Branchenf\u00fchrern lernen. Zwischen Workshops und Einzelgespr\u00e4chen haben Sie ausreichend Zeit, an Ihren kreativen Projekten zu feilen. Wir f\u00f6rdern au\u00dferdem den Austausch von Feedback untereinander. Geeignet f\u00fcr Autor*innen und Illustrator*innen aller Erfahrungsstufen, vom Anf\u00e4nger bis zum etablierten Profi, die B\u00fccher f\u00fcr Kinder jeden Alters gestalten. Das Retreat findet im Anschluss an die Bologna Buchmesse statt, sodass Sie die Messe auf dem Weg dorthin besuchen k\u00f6nnen.<a href=\"mailto:info@ancoradelchianti.it\"><b><strong>JETZT ANFRAGEN!<\/strong><\/b><\/a><\/li>\n<\/ul>\n<p>&nbsp;<\/p>\n<ul>\n<li><strong>13. Mai \u2013 20. Mai 2026: 8 Tage \/ 7 N\u00e4chte \u2013 \u00d6LMALEREI \u2013 Anmeldungen ab sofort m\u00f6glich<\/strong><br \/>\nErleben Sie eine unvergessliche Woche und entdecken Sie die Welt der \u00d6l- und Kaltwachsmalerei mit leuchtenden Farben, dynamischen Pinselstrichen, ungew\u00f6hnlichen Texturen und lebendigen Kompositionen \u2013 inspiriert von den atemberaubenden Landschaften, Olivenb\u00e4umen und Weinbergen der Chianti-Region. <a href=\"mailto:info@ancoradelchianti.it\"><b><strong>JETZT ANFRAGEN!<\/strong><\/b><\/a><\/li>\n<\/ul>\n<p>&nbsp;<\/p>\n<ul>\n<li><strong>9. Juni \u2013 16. Juni 2026: 8 Tage \/ 7 N\u00e4chte \u2013 FLUIDACRYLIZAMALEMALEREI &amp; WELLNESS \u2013 Anmeldungen ab sofort m\u00f6glich<\/strong><br \/>\nVerbringen Sie eine erholsame Woche in Italien und nehmen Sie sich Zeit zum Entspannen, um Ihre Kreativit\u00e4t zu entfalten und den gem\u00e4chlichen Rhythmus der Toskana zu genie\u00dfen. Umgeben von den sanften H\u00fcgeln des Chianti verbindet diese Auszeit k\u00fcnstlerisches Schaffen mit Erholung und bewusstem Leben. Ob Sie neue Ideen entwickeln, Gleichgesinnte treffen oder einfach nur neue Kraft tanken m\u00f6chten \u2013 die Ruhe der Toskana bietet den perfekten Rahmen. <a href=\"mailto:info@ancoradelchianti.it\"><b><strong>JETZT ANFRAGEN!<\/strong><\/b><\/a><\/li>\n<\/ul>\n<p>&nbsp;<\/p>\n<ul>\n<li><strong>5. September \u2013 12. September 2026: 8 Tage \u2013 7 N\u00e4chte \u2013 \u00d6LMALEREI \u2013 Anmeldung ge\u00f6ffnet <\/strong>Eine unvergessliche Reise erwartet Sie im Herzen der l\u00e4ndlichen Toskana: Genie\u00dfen Sie die Freude am Skizzieren und Malen mit \u00d6lfarben in einem wundersch\u00f6nen Refugium auf einem H\u00fcgel im Chianti. Entfalten Sie Ihr k\u00fcnstlerisches Talent und g\u00f6nnen Sie sich erholsame Momente inmitten von Kreativit\u00e4t, Ruhe und Natur. <a href=\"mailto:info@ancoradelchianti.it\"><b><strong>JETZT ANFRAGEN!<\/strong><\/b><\/a><\/li>\n<\/ul>\n<p>&nbsp;<\/p>\n<ul>\n<li><strong>14. September \u2013 21. September 2026: 8 Tage \u2013 7 N\u00e4chte \u2013 YOGA &amp; DOLCE VITA \u2013 Anmeldung ge\u00f6ffnet <\/strong>Erleben Sie mit uns eine unvergessliche Auszeit in der friedlichen toskanischen Landschaft. Entfliehen Sie dem Alltag und tauchen Sie ein in die sanften Rhythmen der Natur \u2013 erwachen Sie jeden Tag zum Gesang der V\u00f6gel und genie\u00dfen Sie die stille Sch\u00f6nheit der umliegenden Landschaft. Verbringen Sie ruhige Stunden mit Meditation, Spazierg\u00e4ngen auf den idyllischen Gartenwegen oder Schreiben im Schatten jahrhundertealter B\u00e4ume. Genie\u00dfen Sie gesunde, liebevoll zubereitete vegetarische Gerichte aus regionalen Zutaten. G\u00f6nnen Sie sich eine Auszeit und lassen Sie den Moment einfach auf sich wirken. Finden Sie zu Ihrem K\u00f6rper zur\u00fcck und beruhigen Sie Ihren Geist durch t\u00e4gliche Yoga-Einheiten in der lichtdurchfluteten Shala. St\u00e4rken Sie Ihre Seele mit sorgf\u00e4ltig konzipierten Workshops, die Sie inspirieren, regenerieren und Ihnen neue Kraft geben. <a href=\"mailto:info@ancoradelchianti.it\"><b><strong>JETZT ANFRAGEN!<\/strong><\/b><\/a><\/li>\n<li><strong>22. September \u2013 29. September 2026: 8 Tage \u2013 7 N\u00e4chte \u2013 Malworkshop (ohne Anleitung) + Besuch in Florenz \u2013 Anmeldung m\u00f6glich <\/strong>Dieses Kunstretreat in der Toskana ist eine Hommage an Kunst, K\u00fcnstler und das s\u00fc\u00dfe Leben auf dem italienischen Land. Das 7-t\u00e4gige Retreat beinhaltet einen Besuch in Florenz und den umliegenden D\u00f6rfern. <a href=\"mailto:info@ancoradelchianti.it\"><b><strong>JETZT ANFRAGEN!<\/strong><\/b><\/a><\/li>\n<\/ul>\n<p>&nbsp;<\/p>\n<ul>\n<li><strong>8. Oktober \u2013 13. Oktober 2026: 7 Tage \u2013 Yoga &amp; Toskana-Entdeckung \u2013 Anmeldung m\u00f6glich <\/strong>Tauchen Sie ein in eine Oase der bewussten Bewegung in den H\u00fcgeln der Toskana. Genie\u00dfen Sie t\u00e4glich Yoga, lassen Sie sich von regionalen und saisonalen Zutaten verw\u00f6hnen und entspannen Sie inmitten von Olivenb\u00e4umen und goldener Landschaft. Ein Ort, um tief durchzuatmen, neue Energie zu tanken und zu sich selbst zur\u00fcckzufinden \u2013 getragen von Einfachheit und umgeben von nat\u00fcrlicher Sch\u00f6nheit. <a href=\"mailto:info@ancoradelchianti.it\"><b><strong>JETZT ANFRAGEN!<\/strong><\/b><\/a><b><\/b><\/li>\n<\/ul>\n\t\t\t\t\t\t<\/div>\n\t\t\t\t<\/div>\n\t\t\t\t\t<\/div>\n\t\t\t\t<\/div>\n\t\t<div class=\"elementor-element elementor-element-59dec92 e-flex e-con-boxed e-con e-parent\" data-id=\"59dec92\" data-element_type=\"container\" data-settings=\"{&quot;jet_parallax_layout_list&quot;:[]}\">\n\t\t\t\t\t<div class=\"e-con-inner\">\n\t\t\t\t<div class=\"elementor-element elementor-element-7710337 elementor-widget elementor-widget-global elementor-global-8639 elementor-global-6616 elementor-widget-text-editor\" data-id=\"7710337\" data-element_type=\"widget\" data-widget_type=\"text-editor.default\">\n\t\t\t\t<div class=\"elementor-widget-container\">\n\t\t\t\t\t\t\t<p style=\"text-align: center;\"><a href=\"https:\/\/ancoradelchianti.beddy.io\/#\/(beddy:home)?lang=de\" target=\"_blank\" rel=\"noopener\"><strong>JETZT BUCHEN<\/strong><\/a>\u00a0oder eine E-Mail senden an\u00a0<a href=\"mailto:info@ancoradelchianti.it\" target=\"_blank\" rel=\"noopener\">info@ancoradelchianti.it<\/a><\/p>\n\t\t\t\t\t\t<\/div>\n\t\t\t\t<\/div>\n\t\t\t\t\t<\/div>\n\t\t\t\t<\/div>\n\t\t\t\t<\/div>\n\t\t","protected":false},"excerpt":{"rendered":"<p>Malerei-Workshops, Yoga-Retreats, Kunst-Residenzen, Wohlf\u00fchl-Seminare, kreative Schreib-Erlebnisse Workshops und Retreats in der Toskana bei Ancora del Chianti! <\/p>\n","protected":false},"author":1,"featured_media":7190,"parent":8741,"menu_order":135,"comment_status":"closed","ping_status":"closed","template":"","meta":{"_acf_changed":false,"footnotes":""},"categories":[],"tags":[135],"class_list":["post-8745","page","type-page","status-publish","has-post-thumbnail","hentry","tag-featured-home-de"],"acf":[],"yoast_head":"<!-- This site is optimized with the Yoast SEO plugin v24.0 - https:\/\/yoast.com\/wordpress\/plugins\/seo\/ -->\n<title>Workshop-Kalender Toskana in Chianti B&amp;B, Toskana 2026<\/title>\n<meta name=\"description\" content=\"Malerei-Workshops, Yoga-Retreats, Kunst-Residenzen, Wohlf\u00fchl-Seminare, kreative Schreib-Erlebnisse Workshops und Retreats in der Toskana bei Ancora del Chianti!\" \/>\n<meta name=\"robots\" content=\"index, follow, max-snippet:-1, max-image-preview:large, max-video-preview:-1\" \/>\n<link rel=\"canonical\" href=\"https:\/\/www.ancoradelchianti.it\/de\/miete-fur-seminar\/workshop-kalender-toskana\/\" \/>\n<meta property=\"og:locale\" content=\"de_DE\" \/>\n<meta property=\"og:type\" content=\"article\" \/>\n<meta property=\"og:title\" content=\"Workshop-Kalender Toskana in Chianti B&amp;B, Toskana 2026\" \/>\n<meta property=\"og:description\" content=\"Malerei-Workshops, Yoga-Retreats, Kunst-Residenzen, Wohlf\u00fchl-Seminare, kreative Schreib-Erlebnisse Workshops und Retreats in der Toskana bei Ancora del Chianti!\" \/>\n<meta property=\"og:url\" content=\"https:\/\/www.ancoradelchianti.it\/de\/miete-fur-seminar\/workshop-kalender-toskana\/\" \/>\n<meta property=\"og:site_name\" content=\"Ancora del Chianti B&amp;B\" \/>\n<meta property=\"article:modified_time\" content=\"2025-11-18T12:00:50+00:00\" \/>\n<meta property=\"og:image\" content=\"https:\/\/www.ancoradelchianti.it\/wp-content\/uploads\/hire-for-meeting-retreat-event\/art-residence\/art_residency.jpg\" \/>\n\t<meta property=\"og:image:width\" content=\"1920\" \/>\n\t<meta property=\"og:image:height\" content=\"1279\" \/>\n\t<meta property=\"og:image:type\" content=\"image\/jpeg\" \/>\n<meta name=\"twitter:card\" content=\"summary_large_image\" \/>\n<meta name=\"twitter:label1\" content=\"Gesch\u00e4tzte Lesezeit\" \/>\n\t<meta name=\"twitter:data1\" content=\"4\u00a0Minuten\" \/>\n<script type=\"application\/ld+json\" class=\"yoast-schema-graph\">{\"@context\":\"https:\/\/schema.org\",\"@graph\":[{\"@type\":\"WebPage\",\"@id\":\"https:\/\/www.ancoradelchianti.it\/de\/miete-fur-seminar\/workshop-kalender-toskana\/\",\"url\":\"https:\/\/www.ancoradelchianti.it\/de\/miete-fur-seminar\/workshop-kalender-toskana\/\",\"name\":\"Workshop-Kalender Toskana in Chianti B&B, Toskana 2026\",\"isPartOf\":{\"@id\":\"https:\/\/www.ancoradelchianti.it\/de\/#website\"},\"primaryImageOfPage\":{\"@id\":\"https:\/\/www.ancoradelchianti.it\/de\/miete-fur-seminar\/workshop-kalender-toskana\/#primaryimage\"},\"image\":{\"@id\":\"https:\/\/www.ancoradelchianti.it\/de\/miete-fur-seminar\/workshop-kalender-toskana\/#primaryimage\"},\"thumbnailUrl\":\"https:\/\/www.ancoradelchianti.it\/wp-content\/uploads\/hire-for-meeting-retreat-event\/art-residence\/art_residency.jpg\",\"datePublished\":\"2024-03-24T06:31:30+00:00\",\"dateModified\":\"2025-11-18T12:00:50+00:00\",\"description\":\"Malerei-Workshops, Yoga-Retreats, Kunst-Residenzen, Wohlf\u00fchl-Seminare, kreative Schreib-Erlebnisse Workshops und Retreats in der Toskana bei Ancora del Chianti!\",\"breadcrumb\":{\"@id\":\"https:\/\/www.ancoradelchianti.it\/de\/miete-fur-seminar\/workshop-kalender-toskana\/#breadcrumb\"},\"inLanguage\":\"de\",\"potentialAction\":[{\"@type\":\"ReadAction\",\"target\":[\"https:\/\/www.ancoradelchianti.it\/de\/miete-fur-seminar\/workshop-kalender-toskana\/\"]}]},{\"@type\":\"ImageObject\",\"inLanguage\":\"de\",\"@id\":\"https:\/\/www.ancoradelchianti.it\/de\/miete-fur-seminar\/workshop-kalender-toskana\/#primaryimage\",\"url\":\"https:\/\/www.ancoradelchianti.it\/wp-content\/uploads\/hire-for-meeting-retreat-event\/art-residence\/art_residency.jpg\",\"contentUrl\":\"https:\/\/www.ancoradelchianti.it\/wp-content\/uploads\/hire-for-meeting-retreat-event\/art-residence\/art_residency.jpg\",\"width\":1920,\"height\":1279},{\"@type\":\"BreadcrumbList\",\"@id\":\"https:\/\/www.ancoradelchianti.it\/de\/miete-fur-seminar\/workshop-kalender-toskana\/#breadcrumb\",\"itemListElement\":[{\"@type\":\"ListItem\",\"position\":1,\"name\":\"Home\",\"item\":\"https:\/\/www.ancoradelchianti.it\/de\/\"},{\"@type\":\"ListItem\",\"position\":2,\"name\":\"Workshops und R\u00fcckzug 2025\",\"item\":\"https:\/\/www.ancoradelchianti.it\/de\/chianti-workshop-and-retreats\/\"},{\"@type\":\"ListItem\",\"position\":3,\"name\":\"Workshop-Kalender Toskana 2026\"}]},{\"@type\":\"WebSite\",\"@id\":\"https:\/\/www.ancoradelchianti.it\/de\/#website\",\"url\":\"https:\/\/www.ancoradelchianti.it\/de\/\",\"name\":\"Ancora del Chianti B&amp;B\",\"description\":\"\",\"publisher\":{\"@id\":\"https:\/\/www.ancoradelchianti.it\/de\/#organization\"},\"potentialAction\":[{\"@type\":\"SearchAction\",\"target\":{\"@type\":\"EntryPoint\",\"urlTemplate\":\"https:\/\/www.ancoradelchianti.it\/de\/?s={search_term_string}\"},\"query-input\":{\"@type\":\"PropertyValueSpecification\",\"valueRequired\":true,\"valueName\":\"search_term_string\"}}],\"inLanguage\":\"de\"},{\"@type\":\"Organization\",\"@id\":\"https:\/\/www.ancoradelchianti.it\/de\/#organization\",\"name\":\"Ancora del Chianti B&amp;B\",\"url\":\"https:\/\/www.ancoradelchianti.it\/de\/\",\"logo\":{\"@type\":\"ImageObject\",\"inLanguage\":\"de\",\"@id\":\"https:\/\/www.ancoradelchianti.it\/de\/#\/schema\/logo\/image\/\",\"url\":\"https:\/\/www.ancoradelchianti.it\/wp-content\/uploads\/logo\/logo.png\",\"contentUrl\":\"https:\/\/www.ancoradelchianti.it\/wp-content\/uploads\/logo\/logo.png\",\"width\":129,\"height\":133,\"caption\":\"Ancora del Chianti B&amp;B\"},\"image\":{\"@id\":\"https:\/\/www.ancoradelchianti.it\/de\/#\/schema\/logo\/image\/\"}}]}<\/script>\n<!-- \/ Yoast SEO plugin. -->","yoast_head_json":{"title":"Workshop-Kalender Toskana in Chianti B&B, Toskana 2026","description":"Malerei-Workshops, Yoga-Retreats, Kunst-Residenzen, Wohlf\u00fchl-Seminare, kreative Schreib-Erlebnisse Workshops und Retreats in der Toskana bei Ancora del Chianti!","robots":{"index":"index","follow":"follow","max-snippet":"max-snippet:-1","max-image-preview":"max-image-preview:large","max-video-preview":"max-video-preview:-1"},"canonical":"https:\/\/www.ancoradelchianti.it\/de\/miete-fur-seminar\/workshop-kalender-toskana\/","og_locale":"de_DE","og_type":"article","og_title":"Workshop-Kalender Toskana in Chianti B&B, Toskana 2026","og_description":"Malerei-Workshops, Yoga-Retreats, Kunst-Residenzen, Wohlf\u00fchl-Seminare, kreative Schreib-Erlebnisse Workshops und Retreats in der Toskana bei Ancora del Chianti!","og_url":"https:\/\/www.ancoradelchianti.it\/de\/miete-fur-seminar\/workshop-kalender-toskana\/","og_site_name":"Ancora del Chianti B&amp;B","article_modified_time":"2025-11-18T12:00:50+00:00","og_image":[{"width":1920,"height":1279,"url":"https:\/\/www.ancoradelchianti.it\/wp-content\/uploads\/hire-for-meeting-retreat-event\/art-residence\/art_residency.jpg","type":"image\/jpeg"}],"twitter_card":"summary_large_image","twitter_misc":{"Gesch\u00e4tzte Lesezeit":"4\u00a0Minuten"},"schema":{"@context":"https:\/\/schema.org","@graph":[{"@type":"WebPage","@id":"https:\/\/www.ancoradelchianti.it\/de\/miete-fur-seminar\/workshop-kalender-toskana\/","url":"https:\/\/www.ancoradelchianti.it\/de\/miete-fur-seminar\/workshop-kalender-toskana\/","name":"Workshop-Kalender Toskana in Chianti B&B, Toskana 2026","isPartOf":{"@id":"https:\/\/www.ancoradelchianti.it\/de\/#website"},"primaryImageOfPage":{"@id":"https:\/\/www.ancoradelchianti.it\/de\/miete-fur-seminar\/workshop-kalender-toskana\/#primaryimage"},"image":{"@id":"https:\/\/www.ancoradelchianti.it\/de\/miete-fur-seminar\/workshop-kalender-toskana\/#primaryimage"},"thumbnailUrl":"https:\/\/www.ancoradelchianti.it\/wp-content\/uploads\/hire-for-meeting-retreat-event\/art-residence\/art_residency.jpg","datePublished":"2024-03-24T06:31:30+00:00","dateModified":"2025-11-18T12:00:50+00:00","description":"Malerei-Workshops, Yoga-Retreats, Kunst-Residenzen, Wohlf\u00fchl-Seminare, kreative Schreib-Erlebnisse Workshops und Retreats in der Toskana bei Ancora del Chianti!","breadcrumb":{"@id":"https:\/\/www.ancoradelchianti.it\/de\/miete-fur-seminar\/workshop-kalender-toskana\/#breadcrumb"},"inLanguage":"de","potentialAction":[{"@type":"ReadAction","target":["https:\/\/www.ancoradelchianti.it\/de\/miete-fur-seminar\/workshop-kalender-toskana\/"]}]},{"@type":"ImageObject","inLanguage":"de","@id":"https:\/\/www.ancoradelchianti.it\/de\/miete-fur-seminar\/workshop-kalender-toskana\/#primaryimage","url":"https:\/\/www.ancoradelchianti.it\/wp-content\/uploads\/hire-for-meeting-retreat-event\/art-residence\/art_residency.jpg","contentUrl":"https:\/\/www.ancoradelchianti.it\/wp-content\/uploads\/hire-for-meeting-retreat-event\/art-residence\/art_residency.jpg","width":1920,"height":1279},{"@type":"BreadcrumbList","@id":"https:\/\/www.ancoradelchianti.it\/de\/miete-fur-seminar\/workshop-kalender-toskana\/#breadcrumb","itemListElement":[{"@type":"ListItem","position":1,"name":"Home","item":"https:\/\/www.ancoradelchianti.it\/de\/"},{"@type":"ListItem","position":2,"name":"Workshops und R\u00fcckzug 2025","item":"https:\/\/www.ancoradelchianti.it\/de\/chianti-workshop-and-retreats\/"},{"@type":"ListItem","position":3,"name":"Workshop-Kalender Toskana 2026"}]},{"@type":"WebSite","@id":"https:\/\/www.ancoradelchianti.it\/de\/#website","url":"https:\/\/www.ancoradelchianti.it\/de\/","name":"Ancora del Chianti B&amp;B","description":"","publisher":{"@id":"https:\/\/www.ancoradelchianti.it\/de\/#organization"},"potentialAction":[{"@type":"SearchAction","target":{"@type":"EntryPoint","urlTemplate":"https:\/\/www.ancoradelchianti.it\/de\/?s={search_term_string}"},"query-input":{"@type":"PropertyValueSpecification","valueRequired":true,"valueName":"search_term_string"}}],"inLanguage":"de"},{"@type":"Organization","@id":"https:\/\/www.ancoradelchianti.it\/de\/#organization","name":"Ancora del Chianti B&amp;B","url":"https:\/\/www.ancoradelchianti.it\/de\/","logo":{"@type":"ImageObject","inLanguage":"de","@id":"https:\/\/www.ancoradelchianti.it\/de\/#\/schema\/logo\/image\/","url":"https:\/\/www.ancoradelchianti.it\/wp-content\/uploads\/logo\/logo.png","contentUrl":"https:\/\/www.ancoradelchianti.it\/wp-content\/uploads\/logo\/logo.png","width":129,"height":133,"caption":"Ancora del Chianti B&amp;B"},"image":{"@id":"https:\/\/www.ancoradelchianti.it\/de\/#\/schema\/logo\/image\/"}}]}},"_links":{"self":[{"href":"https:\/\/www.ancoradelchianti.it\/de\/wp-json\/wp\/v2\/pages\/8745","targetHints":{"allow":["GET"]}}],"collection":[{"href":"https:\/\/www.ancoradelchianti.it\/de\/wp-json\/wp\/v2\/pages"}],"about":[{"href":"https:\/\/www.ancoradelchianti.it\/de\/wp-json\/wp\/v2\/types\/page"}],"author":[{"embeddable":true,"href":"https:\/\/www.ancoradelchianti.it\/de\/wp-json\/wp\/v2\/users\/1"}],"replies":[{"embeddable":true,"href":"https:\/\/www.ancoradelchianti.it\/de\/wp-json\/wp\/v2\/comments?post=8745"}],"version-history":[{"count":0,"href":"https:\/\/www.ancoradelchianti.it\/de\/wp-json\/wp\/v2\/pages\/8745\/revisions"}],"up":[{"embeddable":true,"href":"https:\/\/www.ancoradelchianti.it\/de\/wp-json\/wp\/v2\/pages\/8741"}],"wp:featuredmedia":[{"embeddable":true,"href":"https:\/\/www.ancoradelchianti.it\/de\/wp-json\/wp\/v2\/media\/7190"}],"wp:attachment":[{"href":"https:\/\/www.ancoradelchianti.it\/de\/wp-json\/wp\/v2\/media?parent=8745"}],"wp:term":[{"taxonomy":"category","embeddable":true,"href":"https:\/\/www.ancoradelchianti.it\/de\/wp-json\/wp\/v2\/categories?post=8745"},{"taxonomy":"post_tag","embeddable":true,"href":"https:\/\/www.ancoradelchianti.it\/de\/wp-json\/wp\/v2\/tags?post=8745"}],"curies":[{"name":"wp","href":"https:\/\/api.w.org\/{rel}","templated":true}]}}