{"id":8760,"date":"2024-04-06T06:27:14","date_gmt":"2024-04-06T06:27:14","guid":{"rendered":"https:\/\/dev.ancoradelchianti.it\/?page_id=8760"},"modified":"2025-11-21T14:42:38","modified_gmt":"2025-11-21T14:42:38","slug":"ferien-in-der-toskana-2","status":"publish","type":"page","link":"https:\/\/www.ancoradelchianti.it\/de\/ferien-in-der-toskana-2\/","title":{"rendered":"Ferien in der Toskana 2025"},"content":{"rendered":"\t\t<div data-elementor-type=\"wp-page\" data-elementor-id=\"8760\" class=\"elementor elementor-8760 elementor-8758\" data-elementor-post-type=\"page\">\n\t\t\t\t<div class=\"elementor-element elementor-element-bd640bc e-con-full e-flex e-con e-parent\" data-id=\"bd640bc\" data-element_type=\"container\" data-settings=\"{&quot;jet_parallax_layout_list&quot;:[]}\">\n\t\t\t\t<div data-dce-advanced-background-image-url=\"https:\/\/www.ancoradelchianti.it\/wp-content\/uploads\/header\/a2.jpg\" class=\"elementor-element elementor-element-ff737d9 elementor-invisible elementor-has-bg-overlay elementor-widget elementor-widget-global elementor-global-232 elementor-widget-heading\" data-id=\"ff737d9\" data-element_type=\"widget\" data-settings=\"{&quot;_animation&quot;:&quot;fadeInDown&quot;}\" data-widget_type=\"heading.default\">\n\t\t\t\t<div class=\"elementor-widget-container\">\n\t\t\t<h1 class=\"elementor-heading-title elementor-size-default\">Ferien in der Toskana 2025<\/h1>\t\t<\/div>\n\t\t\t\t<\/div>\n\t\t\t\t<\/div>\n\t\t<div class=\"elementor-element elementor-element-1c5f018 e-flex e-con-boxed e-con e-parent\" data-id=\"1c5f018\" data-element_type=\"container\" data-settings=\"{&quot;jet_parallax_layout_list&quot;:[]}\">\n\t\t\t\t\t<div class=\"e-con-inner\">\n\t\t\t\t<div class=\"elementor-element elementor-element-effb9e2 elementor-widget elementor-widget-heading\" data-id=\"effb9e2\" data-element_type=\"widget\" data-widget_type=\"heading.default\">\n\t\t\t\t<div class=\"elementor-widget-container\">\n\t\t\t<h2 class=\"elementor-heading-title elementor-size-default\">Chianti Ferien in der Toskana 2025<\/h2>\t\t<\/div>\n\t\t\t\t<\/div>\n\t\t\t\t\t<\/div>\n\t\t\t\t<\/div>\n\t\t<div class=\"elementor-element elementor-element-fb6e863 e-flex e-con-boxed e-con e-parent\" data-id=\"fb6e863\" data-element_type=\"container\" data-settings=\"{&quot;jet_parallax_layout_list&quot;:[]}\">\n\t\t\t\t\t<div class=\"e-con-inner\">\n\t\t\t\t<div class=\"elementor-element elementor-element-60f4eda elementor-widget elementor-widget-text-editor\" data-id=\"60f4eda\" data-element_type=\"widget\" data-widget_type=\"text-editor.default\">\n\t\t\t\t<div class=\"elementor-widget-container\">\n\t\t\t\t\t\t\t<h3 style=\"text-align: center;\">BUCHEN SIE HIER DIREKT f\u00fcr BESTPREISGARANTIE und SONDERANGEBOTE<\/h3>\n\t\t\t\t\t\t<\/div>\n\t\t\t\t<\/div>\n\t\t\t\t\t<\/div>\n\t\t\t\t<\/div>\n\t\t<div class=\"elementor-element elementor-element-6648b72 e-flex e-con-boxed e-con e-parent\" data-id=\"6648b72\" data-element_type=\"container\" data-settings=\"{&quot;jet_parallax_layout_list&quot;:[]}\">\n\t\t\t\t\t<div class=\"e-con-inner\">\n\t\t\t\t<div class=\"elementor-element elementor-element-bf707e6 dce_masking-none elementor-widget elementor-widget-image\" data-id=\"bf707e6\" data-element_type=\"widget\" data-widget_type=\"image.default\">\n\t\t\t\t<div class=\"elementor-widget-container\">\n\t\t\t\t\t\t\t\t\t\t\t\t\t<img fetchpriority=\"high\" decoding=\"async\" width=\"800\" height=\"280\" src=\"https:\/\/www.ancoradelchianti.it\/wp-content\/uploads\/rooms-and-services\/camera_asciugamani-1024x358.jpg\" class=\"attachment-large size-large wp-image-7134\" alt=\"Rooms and Services\" srcset=\"https:\/\/www.ancoradelchianti.it\/wp-content\/uploads\/rooms-and-services\/camera_asciugamani-1024x358.jpg 1024w, https:\/\/www.ancoradelchianti.it\/wp-content\/uploads\/rooms-and-services\/camera_asciugamani-300x105.jpg 300w, https:\/\/www.ancoradelchianti.it\/wp-content\/uploads\/rooms-and-services\/camera_asciugamani-768x269.jpg 768w, https:\/\/www.ancoradelchianti.it\/wp-content\/uploads\/rooms-and-services\/camera_asciugamani-1536x538.jpg 1536w, https:\/\/www.ancoradelchianti.it\/wp-content\/uploads\/rooms-and-services\/camera_asciugamani.jpg 1920w\" sizes=\"(max-width: 800px) 100vw, 800px\" \/>\t\t\t\t\t\t\t\t\t\t\t\t\t<\/div>\n\t\t\t\t<\/div>\n\t\t\t\t\t<\/div>\n\t\t\t\t<\/div>\n\t\t<div class=\"elementor-element elementor-element-23e1820 e-flex e-con-boxed e-con e-parent\" data-id=\"23e1820\" data-element_type=\"container\" data-settings=\"{&quot;jet_parallax_layout_list&quot;:[]}\">\n\t\t\t\t\t<div class=\"e-con-inner\">\n\t\t\t\t<div class=\"elementor-element elementor-element-0b95fa0 elementor-widget elementor-widget-text-editor\" data-id=\"0b95fa0\" data-element_type=\"widget\" data-widget_type=\"text-editor.default\">\n\t\t\t\t<div class=\"elementor-widget-container\">\n\t\t\t\t\t\t\t<h3 style=\"text-align: center;\"><\/h3>\n<div class=\"n4sEPd\">\n<div class=\"DVHrxd\">\n<div id=\"tt-c193\" class=\"EY8ABd-OWXEXe-TAWMXe\" role=\"tooltip\" aria-hidden=\"true\">Buchen Sie direkt auf unserer Website und sichern Sie sich die <strong>besten Preise<\/strong> und <strong>exklusiven Angebote<\/strong>:<\/div>\n<div role=\"tooltip\" aria-hidden=\"true\"><\/div>\n<div class=\"EY8ABd-OWXEXe-TAWMXe\" role=\"tooltip\" aria-hidden=\"true\"><strong>KOSTENLOSES FR\u00dcHST\u00dcCK<\/strong><\/div>\n<div class=\"EY8ABd-OWXEXe-TAWMXe\" role=\"tooltip\" aria-hidden=\"true\">\n<div class=\"n4sEPd\">\n<div class=\"QFw9Te BLojaf\"><\/div>\n<div class=\"DVHrxd\">\n<div class=\"VfPpkd-Bz112c-RLmnJb\"><\/div>\n<div id=\"tt-c193\" class=\"EY8ABd-OWXEXe-TAWMXe\" role=\"tooltip\" aria-hidden=\"true\">Tarif mit <a href=\"\/wp-content\/uploads\/pdf\/guest_benefits_besafe_rate.pdf\"><strong>KOSTENLOSE REISEVERSICHERUNG<\/strong><\/a><\/div>\n<\/div>\n<div class=\"UdTY9 BwTYAc leDWne\" aria-hidden=\"true\" data-location=\"1\">\n<div><\/div>\n<div class=\"kO6q6e\"><strong>5 % RABATT<\/strong> auf nicht erstattungsf\u00e4hige Tarife<\/div>\n<\/div>\n<div>\n<p><strong>Bis zu 10 % RABATT<\/strong> bei Buchungen ab 7 N\u00e4chten<\/p>\n<p><strong><a href=\"https:\/\/www.ancoradelchianti.it\/de\/aktivitaeten\/\">AKTIVIT\u00c4TEN &amp; ERLEBNISSE<\/a><\/strong><\/p>\n<p><strong><a href=\"https:\/\/www.ancoradelchianti.it\/de\/miete-fur-seminar\/workshop-kalender-toskana\/\">KUNST- &amp; YOGA-WORKSHOPS<\/a> &amp; RETREAT F\u00dcR KREATIVES SCHREIBEN<\/strong><\/p>\n<p><strong>IHR GEM\u00dcTLICHER ORT F\u00dcR IHREN URLAUB IN DER TOSKANA<\/strong><\/p>\n<\/div>\n<\/div>\n<\/div>\n<\/div>\n<\/div>\n\t\t\t\t\t\t<\/div>\n\t\t\t\t<\/div>\n\t\t\t\t<div class=\"elementor-element elementor-element-245fe86 dce_masking-none elementor-widget elementor-widget-image\" data-id=\"245fe86\" data-element_type=\"widget\" data-widget_type=\"image.default\">\n\t\t\t\t<div class=\"elementor-widget-container\">\n\t\t\t\t\t\t\t\t\t\t\t\t\t<img decoding=\"async\" width=\"800\" height=\"280\" src=\"https:\/\/www.ancoradelchianti.it\/wp-content\/uploads\/header\/ancora-1-1024x358.jpg\" class=\"attachment-large size-large wp-image-8766\" alt=\"\" srcset=\"https:\/\/www.ancoradelchianti.it\/wp-content\/uploads\/header\/ancora-1-1024x358.jpg 1024w, https:\/\/www.ancoradelchianti.it\/wp-content\/uploads\/header\/ancora-1-300x105.jpg 300w, https:\/\/www.ancoradelchianti.it\/wp-content\/uploads\/header\/ancora-1-768x269.jpg 768w, https:\/\/www.ancoradelchianti.it\/wp-content\/uploads\/header\/ancora-1-1536x538.jpg 1536w, https:\/\/www.ancoradelchianti.it\/wp-content\/uploads\/header\/ancora-1.jpg 1920w\" sizes=\"(max-width: 800px) 100vw, 800px\" \/>\t\t\t\t\t\t\t\t\t\t\t\t\t<\/div>\n\t\t\t\t<\/div>\n\t\t\t\t<div class=\"elementor-element elementor-element-8a3147e elementor-widget elementor-widget-text-editor\" data-id=\"8a3147e\" data-element_type=\"widget\" data-widget_type=\"text-editor.default\">\n\t\t\t\t<div class=\"elementor-widget-container\">\n\t\t\t\t\t\t\t<p>Das Bauernhaus liegt auf einem H\u00fcgel mit spektakul\u00e4rem Blick \u00fcber das Chianti-Tal. Alle\u00a0<strong>unsere Zimmer<\/strong>\u00a0verf\u00fcgen \u00fcber einen Au\u00dfenbereich zur exklusiven Nutzung mit Tisch und St\u00fchlen zum Lesen, Entspannen und Genie\u00dfen eines Glases Wein<strong>\u00a0inmitten der Natur<\/strong>. Dar\u00fcber hinaus hat jedes Zimmer eine unabh\u00e4ngige Eingangst\u00fcr vom Garten und Sie k\u00f6nnen in direktem Kontakt mit der Natur sein. Jeden Morgen wird ein\u00a0<strong>k\u00f6stliches Fr\u00fchst\u00fcck auf der Terrasse\u00a0<\/strong>oder im Speisesaal serviert und bietet eine Auswahl an s\u00fc\u00dfen und herzhaften K\u00f6stlichkeiten und die Teekanne und Kaffeemaschine stehen 24 Stunden am Tag f\u00fcr ein hei\u00dfes Getr\u00e4nk in der Privatsph\u00e4re Ihres Zimmers oder im Freien zur Verf\u00fcgung .<\/p>\n<p>Jedes\u00a0<a href=\"https:\/\/www.ancoradelchianti.it\/de\/bb_zimmer_service.html\" target=\"_blank\" rel=\"noopener\">Zimmer<\/a>\u00a0hat einen\u00a0privaten Bereich im Garten mit Tisch und St\u00fchlen\u00a0und direkten Zugang zum\u00a0panoramischen Garten mit wundersch\u00f6nen Aussichten\u00a0zum relaxen und ein leckeres Glas Wein zu trinken. Au\u00dferdem hat jedes Zimmer einen privaten Eingang vom Garten und Sie brauchen keine Gemeinschaftsr\u00e4ume zu durchqueren. Auf Anfrage k\u00f6nnen Sie selbst in der Privatsph\u00e4re des Zimmers oder im Freien Kaffee und Tee zubereiten, und mit Fruchts\u00e4ften und abgepackten Keksen ein kleines Fr\u00fchst\u00fcck herrichten.<\/p>\n<h3 style=\"text-align: center;\">DEN CHARME DER TOSKANA ERLEBEN<\/h3>\n\t\t\t\t\t\t<\/div>\n\t\t\t\t<\/div>\n\t\t\t\t<div class=\"elementor-element elementor-element-52ee57d dce_masking-none elementor-widget elementor-widget-image\" data-id=\"52ee57d\" data-element_type=\"widget\" data-widget_type=\"image.default\">\n\t\t\t\t<div class=\"elementor-widget-container\">\n\t\t\t\t\t\t\t\t\t\t\t\t\t<img decoding=\"async\" width=\"800\" height=\"260\" src=\"https:\/\/www.ancoradelchianti.it\/wp-content\/uploads\/tuscany-tours\/san_gimi01-1024x333.jpg\" class=\"attachment-large size-large wp-image-6783\" alt=\"San Gimignano\" srcset=\"https:\/\/www.ancoradelchianti.it\/wp-content\/uploads\/tuscany-tours\/san_gimi01-1024x333.jpg 1024w, https:\/\/www.ancoradelchianti.it\/wp-content\/uploads\/tuscany-tours\/san_gimi01-300x98.jpg 300w, https:\/\/www.ancoradelchianti.it\/wp-content\/uploads\/tuscany-tours\/san_gimi01-768x250.jpg 768w, https:\/\/www.ancoradelchianti.it\/wp-content\/uploads\/tuscany-tours\/san_gimi01-1536x500.jpg 1536w, https:\/\/www.ancoradelchianti.it\/wp-content\/uploads\/tuscany-tours\/san_gimi01.jpg 1920w\" sizes=\"(max-width: 800px) 100vw, 800px\" \/>\t\t\t\t\t\t\t\t\t\t\t\t\t<\/div>\n\t\t\t\t<\/div>\n\t\t\t\t<div class=\"elementor-element elementor-element-052e010 elementor-widget elementor-widget-text-editor\" data-id=\"052e010\" data-element_type=\"widget\" data-widget_type=\"text-editor.default\">\n\t\t\t\t<div class=\"elementor-widget-container\">\n\t\t\t\t\t\t\t<p>Nur 20 km von Florenz und 40 km von Siena entfernt, k\u00f6nnen Sie hier an den\u00a0<a href=\"https:\/\/www.ancoradelchianti.it\/de\/aktivitaeten\/\"><strong>Aktivit\u00e4ten<\/strong><\/a>\u00a0teilnehmen und sich f\u00fcr ein\u00a0<a href=\"https:\/\/www.ancoradelchianti.it\/de\/aktivitaeten\/essen_wein_pakete_toskana\/\"><strong>3 N\u00e4chte Gastronomie- &amp; Weinpakete<\/strong><\/a>\u00a0mit Speisen und Weinen entscheiden und in die lokale Kunst, Aromen und Traditionen eintauchen, lernen und Spa\u00df haben: Kochen, Essen und\u00a0<strong>Weintouren<\/strong>\u00a0und\u00a0<strong>Unterricht in \u00d6l<\/strong>-,\u00a0<strong>Aquarell- und Acrylmalerei<\/strong>,\u00a0<strong>Verkostungen<\/strong>\u00a0f\u00fcr kleine Gruppen, Fahrrad- und Vespafahrten auf den H\u00fcgeln und\u00a0Besuche von historischen St\u00e4dten und D\u00f6rfern.<\/p>\n\t\t\t\t\t\t<\/div>\n\t\t\t\t<\/div>\n\t\t\t\t<div class=\"elementor-element elementor-element-6de1793 elementor-widget elementor-widget-global elementor-global-8639 elementor-global-6616 elementor-widget-text-editor\" data-id=\"6de1793\" data-element_type=\"widget\" data-widget_type=\"text-editor.default\">\n\t\t\t\t<div class=\"elementor-widget-container\">\n\t\t\t\t\t\t\t<p style=\"text-align: center;\"><a href=\"https:\/\/ancoradelchianti.beddy.io\/#\/(beddy:home)?lang=de\" target=\"_blank\" rel=\"noopener\"><strong>JETZT BUCHEN<\/strong><\/a>\u00a0oder eine E-Mail senden an\u00a0<a href=\"mailto:info@ancoradelchianti.it\" target=\"_blank\" rel=\"noopener\">info@ancoradelchianti.it<\/a><\/p>\n\t\t\t\t\t\t<\/div>\n\t\t\t\t<\/div>\n\t\t\t\t\t<\/div>\n\t\t\t\t<\/div>\n\t\t\t\t<\/div>\n\t\t","protected":false},"excerpt":{"rendered":"<p>Chianti Ferien in der Toskana 2025 BUCHEN SIE HIER DIREKT f\u00fcr BESTPREISGARANTIE und SONDERANGEBOTE Buchen Sie direkt auf unserer Website und sichern Sie sich die besten Preise und exklusiven Angebote: KOSTENLOSES FR\u00dcHST\u00dcCK Tarif mit KOSTENLOSE REISEVERSICHERUNG 5 % RABATT auf nicht erstattungsf\u00e4hige Tarife Bis zu 10 % RABATT bei Buchungen ab 7 N\u00e4chten AKTIVIT\u00c4TEN &amp;&#8230;<\/p>\n","protected":false},"author":1,"featured_media":8016,"parent":0,"menu_order":11,"comment_status":"closed","ping_status":"closed","template":"","meta":{"_acf_changed":false,"footnotes":""},"categories":[],"tags":[],"class_list":["post-8760","page","type-page","status-publish","has-post-thumbnail","hentry"],"acf":[],"yoast_head":"<!-- This site is optimized with the Yoast SEO plugin v24.0 - https:\/\/yoast.com\/wordpress\/plugins\/seo\/ -->\n<title>Ancora del Chianti B&amp;B in der nahe von Florenz, Chianti, Toskana<\/title>\n<meta name=\"description\" content=\"Der Toskana zahlreichen Pers\u00f6nlichkeiten, deren Wirken den Lauf der Geschichte durch ihre Forschungen, Kunstwerke und Entdeckungen pr\u00e4gte, als Ausgangspunkt, Inspirationsquelle und Heimat diente, in die sie sp\u00e4ter wieder zur\u00fcckkehrten.\" \/>\n<meta name=\"robots\" content=\"index, follow, max-snippet:-1, max-image-preview:large, max-video-preview:-1\" \/>\n<link rel=\"canonical\" href=\"https:\/\/www.ancoradelchianti.it\/de\/ferien-in-der-toskana-2\/\" \/>\n<meta property=\"og:locale\" content=\"de_DE\" \/>\n<meta property=\"og:type\" content=\"article\" \/>\n<meta property=\"og:title\" content=\"Ancora del Chianti B&amp;B in der nahe von Florenz, Chianti, Toskana\" \/>\n<meta property=\"og:description\" content=\"Der Toskana zahlreichen Pers\u00f6nlichkeiten, deren Wirken den Lauf der Geschichte durch ihre Forschungen, Kunstwerke und Entdeckungen pr\u00e4gte, als Ausgangspunkt, Inspirationsquelle und Heimat diente, in die sie sp\u00e4ter wieder zur\u00fcckkehrten.\" \/>\n<meta property=\"og:url\" content=\"https:\/\/www.ancoradelchianti.it\/de\/ferien-in-der-toskana-2\/\" \/>\n<meta property=\"og:site_name\" content=\"Ancora del Chianti B&amp;B\" \/>\n<meta property=\"article:modified_time\" content=\"2025-11-21T14:42:38+00:00\" \/>\n<meta property=\"og:image\" content=\"https:\/\/www.ancoradelchianti.it\/wp-content\/uploads\/header\/a2.jpg\" \/>\n\t<meta property=\"og:image:width\" content=\"2000\" \/>\n\t<meta property=\"og:image:height\" content=\"700\" \/>\n\t<meta property=\"og:image:type\" content=\"image\/jpeg\" \/>\n<meta name=\"twitter:card\" content=\"summary_large_image\" \/>\n<meta name=\"twitter:label1\" content=\"Gesch\u00e4tzte Lesezeit\" \/>\n\t<meta name=\"twitter:data1\" content=\"3\u00a0Minuten\" \/>\n<script type=\"application\/ld+json\" class=\"yoast-schema-graph\">{\"@context\":\"https:\/\/schema.org\",\"@graph\":[{\"@type\":\"WebPage\",\"@id\":\"https:\/\/www.ancoradelchianti.it\/de\/ferien-in-der-toskana-2\/\",\"url\":\"https:\/\/www.ancoradelchianti.it\/de\/ferien-in-der-toskana-2\/\",\"name\":\"Ancora del Chianti B&B in der nahe von Florenz, Chianti, Toskana\",\"isPartOf\":{\"@id\":\"https:\/\/www.ancoradelchianti.it\/de\/#website\"},\"primaryImageOfPage\":{\"@id\":\"https:\/\/www.ancoradelchianti.it\/de\/ferien-in-der-toskana-2\/#primaryimage\"},\"image\":{\"@id\":\"https:\/\/www.ancoradelchianti.it\/de\/ferien-in-der-toskana-2\/#primaryimage\"},\"thumbnailUrl\":\"https:\/\/www.ancoradelchianti.it\/wp-content\/uploads\/header\/a2.jpg\",\"datePublished\":\"2024-04-06T06:27:14+00:00\",\"dateModified\":\"2025-11-21T14:42:38+00:00\",\"description\":\"Der Toskana zahlreichen Pers\u00f6nlichkeiten, deren Wirken den Lauf der Geschichte durch ihre Forschungen, Kunstwerke und Entdeckungen pr\u00e4gte, als Ausgangspunkt, Inspirationsquelle und Heimat diente, in die sie sp\u00e4ter wieder zur\u00fcckkehrten.\",\"breadcrumb\":{\"@id\":\"https:\/\/www.ancoradelchianti.it\/de\/ferien-in-der-toskana-2\/#breadcrumb\"},\"inLanguage\":\"de\",\"potentialAction\":[{\"@type\":\"ReadAction\",\"target\":[\"https:\/\/www.ancoradelchianti.it\/de\/ferien-in-der-toskana-2\/\"]}]},{\"@type\":\"ImageObject\",\"inLanguage\":\"de\",\"@id\":\"https:\/\/www.ancoradelchianti.it\/de\/ferien-in-der-toskana-2\/#primaryimage\",\"url\":\"https:\/\/www.ancoradelchianti.it\/wp-content\/uploads\/header\/a2.jpg\",\"contentUrl\":\"https:\/\/www.ancoradelchianti.it\/wp-content\/uploads\/header\/a2.jpg\",\"width\":2000,\"height\":700},{\"@type\":\"BreadcrumbList\",\"@id\":\"https:\/\/www.ancoradelchianti.it\/de\/ferien-in-der-toskana-2\/#breadcrumb\",\"itemListElement\":[{\"@type\":\"ListItem\",\"position\":1,\"name\":\"Home\",\"item\":\"https:\/\/www.ancoradelchianti.it\/de\/\"},{\"@type\":\"ListItem\",\"position\":2,\"name\":\"Ferien in der Toskana 2025\"}]},{\"@type\":\"WebSite\",\"@id\":\"https:\/\/www.ancoradelchianti.it\/de\/#website\",\"url\":\"https:\/\/www.ancoradelchianti.it\/de\/\",\"name\":\"Ancora del Chianti B&amp;B\",\"description\":\"\",\"publisher\":{\"@id\":\"https:\/\/www.ancoradelchianti.it\/de\/#organization\"},\"potentialAction\":[{\"@type\":\"SearchAction\",\"target\":{\"@type\":\"EntryPoint\",\"urlTemplate\":\"https:\/\/www.ancoradelchianti.it\/de\/?s={search_term_string}\"},\"query-input\":{\"@type\":\"PropertyValueSpecification\",\"valueRequired\":true,\"valueName\":\"search_term_string\"}}],\"inLanguage\":\"de\"},{\"@type\":\"Organization\",\"@id\":\"https:\/\/www.ancoradelchianti.it\/de\/#organization\",\"name\":\"Ancora del Chianti B&amp;B\",\"url\":\"https:\/\/www.ancoradelchianti.it\/de\/\",\"logo\":{\"@type\":\"ImageObject\",\"inLanguage\":\"de\",\"@id\":\"https:\/\/www.ancoradelchianti.it\/de\/#\/schema\/logo\/image\/\",\"url\":\"https:\/\/www.ancoradelchianti.it\/wp-content\/uploads\/logo\/logo.png\",\"contentUrl\":\"https:\/\/www.ancoradelchianti.it\/wp-content\/uploads\/logo\/logo.png\",\"width\":129,\"height\":133,\"caption\":\"Ancora del Chianti B&amp;B\"},\"image\":{\"@id\":\"https:\/\/www.ancoradelchianti.it\/de\/#\/schema\/logo\/image\/\"}}]}<\/script>\n<!-- \/ Yoast SEO plugin. -->","yoast_head_json":{"title":"Ancora del Chianti B&B in der nahe von Florenz, Chianti, Toskana","description":"Der Toskana zahlreichen Pers\u00f6nlichkeiten, deren Wirken den Lauf der Geschichte durch ihre Forschungen, Kunstwerke und Entdeckungen pr\u00e4gte, als Ausgangspunkt, Inspirationsquelle und Heimat diente, in die sie sp\u00e4ter wieder zur\u00fcckkehrten.","robots":{"index":"index","follow":"follow","max-snippet":"max-snippet:-1","max-image-preview":"max-image-preview:large","max-video-preview":"max-video-preview:-1"},"canonical":"https:\/\/www.ancoradelchianti.it\/de\/ferien-in-der-toskana-2\/","og_locale":"de_DE","og_type":"article","og_title":"Ancora del Chianti B&B in der nahe von Florenz, Chianti, Toskana","og_description":"Der Toskana zahlreichen Pers\u00f6nlichkeiten, deren Wirken den Lauf der Geschichte durch ihre Forschungen, Kunstwerke und Entdeckungen pr\u00e4gte, als Ausgangspunkt, Inspirationsquelle und Heimat diente, in die sie sp\u00e4ter wieder zur\u00fcckkehrten.","og_url":"https:\/\/www.ancoradelchianti.it\/de\/ferien-in-der-toskana-2\/","og_site_name":"Ancora del Chianti B&amp;B","article_modified_time":"2025-11-21T14:42:38+00:00","og_image":[{"width":2000,"height":700,"url":"https:\/\/www.ancoradelchianti.it\/wp-content\/uploads\/header\/a2.jpg","type":"image\/jpeg"}],"twitter_card":"summary_large_image","twitter_misc":{"Gesch\u00e4tzte Lesezeit":"3\u00a0Minuten"},"schema":{"@context":"https:\/\/schema.org","@graph":[{"@type":"WebPage","@id":"https:\/\/www.ancoradelchianti.it\/de\/ferien-in-der-toskana-2\/","url":"https:\/\/www.ancoradelchianti.it\/de\/ferien-in-der-toskana-2\/","name":"Ancora del Chianti B&B in der nahe von Florenz, Chianti, Toskana","isPartOf":{"@id":"https:\/\/www.ancoradelchianti.it\/de\/#website"},"primaryImageOfPage":{"@id":"https:\/\/www.ancoradelchianti.it\/de\/ferien-in-der-toskana-2\/#primaryimage"},"image":{"@id":"https:\/\/www.ancoradelchianti.it\/de\/ferien-in-der-toskana-2\/#primaryimage"},"thumbnailUrl":"https:\/\/www.ancoradelchianti.it\/wp-content\/uploads\/header\/a2.jpg","datePublished":"2024-04-06T06:27:14+00:00","dateModified":"2025-11-21T14:42:38+00:00","description":"Der Toskana zahlreichen Pers\u00f6nlichkeiten, deren Wirken den Lauf der Geschichte durch ihre Forschungen, Kunstwerke und Entdeckungen pr\u00e4gte, als Ausgangspunkt, Inspirationsquelle und Heimat diente, in die sie sp\u00e4ter wieder zur\u00fcckkehrten.","breadcrumb":{"@id":"https:\/\/www.ancoradelchianti.it\/de\/ferien-in-der-toskana-2\/#breadcrumb"},"inLanguage":"de","potentialAction":[{"@type":"ReadAction","target":["https:\/\/www.ancoradelchianti.it\/de\/ferien-in-der-toskana-2\/"]}]},{"@type":"ImageObject","inLanguage":"de","@id":"https:\/\/www.ancoradelchianti.it\/de\/ferien-in-der-toskana-2\/#primaryimage","url":"https:\/\/www.ancoradelchianti.it\/wp-content\/uploads\/header\/a2.jpg","contentUrl":"https:\/\/www.ancoradelchianti.it\/wp-content\/uploads\/header\/a2.jpg","width":2000,"height":700},{"@type":"BreadcrumbList","@id":"https:\/\/www.ancoradelchianti.it\/de\/ferien-in-der-toskana-2\/#breadcrumb","itemListElement":[{"@type":"ListItem","position":1,"name":"Home","item":"https:\/\/www.ancoradelchianti.it\/de\/"},{"@type":"ListItem","position":2,"name":"Ferien in der Toskana 2025"}]},{"@type":"WebSite","@id":"https:\/\/www.ancoradelchianti.it\/de\/#website","url":"https:\/\/www.ancoradelchianti.it\/de\/","name":"Ancora del Chianti B&amp;B","description":"","publisher":{"@id":"https:\/\/www.ancoradelchianti.it\/de\/#organization"},"potentialAction":[{"@type":"SearchAction","target":{"@type":"EntryPoint","urlTemplate":"https:\/\/www.ancoradelchianti.it\/de\/?s={search_term_string}"},"query-input":{"@type":"PropertyValueSpecification","valueRequired":true,"valueName":"search_term_string"}}],"inLanguage":"de"},{"@type":"Organization","@id":"https:\/\/www.ancoradelchianti.it\/de\/#organization","name":"Ancora del Chianti B&amp;B","url":"https:\/\/www.ancoradelchianti.it\/de\/","logo":{"@type":"ImageObject","inLanguage":"de","@id":"https:\/\/www.ancoradelchianti.it\/de\/#\/schema\/logo\/image\/","url":"https:\/\/www.ancoradelchianti.it\/wp-content\/uploads\/logo\/logo.png","contentUrl":"https:\/\/www.ancoradelchianti.it\/wp-content\/uploads\/logo\/logo.png","width":129,"height":133,"caption":"Ancora del Chianti B&amp;B"},"image":{"@id":"https:\/\/www.ancoradelchianti.it\/de\/#\/schema\/logo\/image\/"}}]}},"_links":{"self":[{"href":"https:\/\/www.ancoradelchianti.it\/de\/wp-json\/wp\/v2\/pages\/8760","targetHints":{"allow":["GET"]}}],"collection":[{"href":"https:\/\/www.ancoradelchianti.it\/de\/wp-json\/wp\/v2\/pages"}],"about":[{"href":"https:\/\/www.ancoradelchianti.it\/de\/wp-json\/wp\/v2\/types\/page"}],"author":[{"embeddable":true,"href":"https:\/\/www.ancoradelchianti.it\/de\/wp-json\/wp\/v2\/users\/1"}],"replies":[{"embeddable":true,"href":"https:\/\/www.ancoradelchianti.it\/de\/wp-json\/wp\/v2\/comments?post=8760"}],"version-history":[{"count":0,"href":"https:\/\/www.ancoradelchianti.it\/de\/wp-json\/wp\/v2\/pages\/8760\/revisions"}],"wp:featuredmedia":[{"embeddable":true,"href":"https:\/\/www.ancoradelchianti.it\/de\/wp-json\/wp\/v2\/media\/8016"}],"wp:attachment":[{"href":"https:\/\/www.ancoradelchianti.it\/de\/wp-json\/wp\/v2\/media?parent=8760"}],"wp:term":[{"taxonomy":"category","embeddable":true,"href":"https:\/\/www.ancoradelchianti.it\/de\/wp-json\/wp\/v2\/categories?post=8760"},{"taxonomy":"post_tag","embeddable":true,"href":"https:\/\/www.ancoradelchianti.it\/de\/wp-json\/wp\/v2\/tags?post=8760"}],"curies":[{"name":"wp","href":"https:\/\/api.w.org\/{rel}","templated":true}]}}