{"id":8852,"date":"2024-02-29T14:25:26","date_gmt":"2024-02-29T14:25:26","guid":{"rendered":"https:\/\/dev.ancoradelchianti.it\/bienvenue\/"},"modified":"2024-04-10T19:28:46","modified_gmt":"2024-04-10T19:28:46","slug":"accueil_bb_chianti","status":"publish","type":"page","link":"https:\/\/www.ancoradelchianti.it\/fr\/accueil_bb_chianti\/","title":{"rendered":"Bienvenue"},"content":{"rendered":"\t\t<div data-elementor-type=\"wp-page\" data-elementor-id=\"8852\" class=\"elementor elementor-8852 elementor-6596\" data-elementor-post-type=\"page\">\n\t\t\t\t<div class=\"elementor-element elementor-element-1f082b2 e-con-full e-flex e-con e-parent\" data-id=\"1f082b2\" data-element_type=\"container\" data-settings=\"{&quot;jet_parallax_layout_list&quot;:[]}\">\n\t\t\t\t<div data-dce-advanced-background-image-url=\"https:\/\/www.ancoradelchianti.it\/wp-content\/uploads\/pages\/about\/rosescale.jpg\" class=\"elementor-element elementor-element-6211c81 elementor-invisible elementor-has-bg-overlay elementor-widget elementor-widget-global elementor-global-232 elementor-widget-heading\" data-id=\"6211c81\" data-element_type=\"widget\" data-settings=\"{&quot;_animation&quot;:&quot;fadeInDown&quot;}\" data-widget_type=\"heading.default\">\n\t\t\t\t<div class=\"elementor-widget-container\">\n\t\t\t<h1 class=\"elementor-heading-title elementor-size-default\">Bienvenue<\/h1>\t\t<\/div>\n\t\t\t\t<\/div>\n\t\t\t\t<div class=\"elementor-element elementor-element-c8f3f19 elementor-widget elementor-widget-heading\" data-id=\"c8f3f19\" data-element_type=\"widget\" data-widget_type=\"heading.default\">\n\t\t\t\t<div class=\"elementor-widget-container\">\n\t\t\t<h1 class=\"elementor-heading-title elementor-size-default\">Bienvenue en Toscane \u00e0 l'Ancora del Chianti B&amp;B de campagne pres de Florence<\/h1>\t\t<\/div>\n\t\t\t\t<\/div>\n\t\t\t\t<\/div>\n\t\t<div class=\"elementor-element elementor-element-9ec472a e-flex e-con-boxed e-con e-parent\" data-id=\"9ec472a\" data-element_type=\"container\" data-settings=\"{&quot;jet_parallax_layout_list&quot;:[]}\">\n\t\t\t\t\t<div class=\"e-con-inner\">\n\t\t<div class=\"elementor-element elementor-element-0c708ba e-con-full e-flex e-con e-child\" data-id=\"0c708ba\" data-element_type=\"container\" data-settings=\"{&quot;jet_parallax_layout_list&quot;:[]}\">\n\t\t\t\t<div class=\"elementor-element elementor-element-0be208c elementor-widget elementor-widget-text-editor\" data-id=\"0be208c\" data-element_type=\"widget\" data-widget_type=\"text-editor.default\">\n\t\t\t\t<div class=\"elementor-widget-container\">\n\t\t\t\t\t\t\t<h3>Au c\u0153ur de la r\u00e9gion du Chianti Classico, profitez de la proximit\u00e9 des plus belles villes toscanes et de la superbe campagne autour des chambres d&rsquo;h\u00f4tes B&amp;B de charme entour\u00e9 de nature et de silence.<\/h3>\n<p>Ancora del Chianti Bed and Breafast en Toscane se trouve \u00e0 2 km de la route nationale 222 \u00ab\u00a0Chiantigiana\u00a0\u00bb qui relie Florence \u00e0 Sienne,\u00a0<strong>au sommet d&rsquo;une colline<\/strong>, d&rsquo;o\u00f9 s&rsquo;\u00e9tend une\u00a0<strong>vue spectaculaire<\/strong>\u00a0sur le paysage de la vall\u00e9e de la Greve (la vue porte jusqu&rsquo;aux villages de Lamole, Panzano, Montefioralle, le ch\u00e2teau de Verrazzano ainsi que le ch\u00e2teau de Vicchiomaggio). La maison est entour\u00e9e d&rsquo;un\u00a0<strong>grand jardin fleuri<\/strong>.<\/p>\n\t\t\t\t\t\t<\/div>\n\t\t\t\t<\/div>\n\t\t\t\t<\/div>\n\t\t<div class=\"elementor-element elementor-element-40efb14 e-con-full e-flex e-con e-child\" data-id=\"40efb14\" data-element_type=\"container\" data-settings=\"{&quot;jet_parallax_layout_list&quot;:[]}\">\n\t\t\t\t<div class=\"elementor-element elementor-element-559a0a6 dce_masking-none elementor-widget elementor-widget-image\" data-id=\"559a0a6\" data-element_type=\"widget\" data-widget_type=\"image.default\">\n\t\t\t\t<div class=\"elementor-widget-container\">\n\t\t\t\t\t\t\t\t\t\t\t\t\t<img fetchpriority=\"high\" decoding=\"async\" width=\"260\" height=\"260\" src=\"https:\/\/www.ancoradelchianti.it\/wp-content\/uploads\/pages\/about\/laura.jpg\" class=\"attachment-full size-full wp-image-6599\" alt=\"\" srcset=\"https:\/\/www.ancoradelchianti.it\/wp-content\/uploads\/pages\/about\/laura.jpg 260w, https:\/\/www.ancoradelchianti.it\/wp-content\/uploads\/pages\/about\/laura-150x150.jpg 150w\" sizes=\"(max-width: 260px) 100vw, 260px\" \/>\t\t\t\t\t\t\t\t\t\t\t\t\t<\/div>\n\t\t\t\t<\/div>\n\t\t\t\t<\/div>\n\t\t\t\t\t<\/div>\n\t\t\t\t<\/div>\n\t\t<div class=\"elementor-element elementor-element-cd8b2ac e-flex e-con-boxed e-con e-parent\" data-id=\"cd8b2ac\" data-element_type=\"container\" data-settings=\"{&quot;jet_parallax_layout_list&quot;:[]}\">\n\t\t\t\t\t<div class=\"e-con-inner\">\n\t\t\t\t<div class=\"elementor-element elementor-element-a244357 elementor-widget elementor-widget-text-editor\" data-id=\"a244357\" data-element_type=\"widget\" data-widget_type=\"text-editor.default\">\n\t\t\t\t<div class=\"elementor-widget-container\">\n\t\t\t\t\t\t\t<h3>Vacances en Toscane: les plus belles villes et d\u00e9tente \u00e0 la campagne<\/h3>\n<p>Le Bed &amp; Breakfast Ancora del Chianti\u00a0est\u00a0situ\u00e9\u00a0<strong>\u00e0 20 km de Florence et \u00e0 40 km de Sienne<\/strong>. Une situation g\u00e9ographique centrale par rapport \u00e0 ces villes d&rsquo;art et repr\u00e9sente la base id\u00e9ale pour ceux qui souhaitent visiter la Toscane et profiter de la d\u00e9tente dans la tranquillit\u00e9 de la campagne. Un\u00a0<strong>service d&rsquo;autobus<\/strong><strong>\u00a0relie Greve au centre-ville de Florence<\/strong>, offrant ainsi la possibilit\u00e9\u00a0tr\u00e8s pratique de se rendre en ville en \u00e9vitant les probl\u00e8mes d&#8217;embouteillage et de stationnement. Il est en tout cas\u00a0<strong>n\u00e9cessaire d&rsquo;\u00eatre \u00e9quip\u00e9 d&rsquo;une voiture<\/strong> pour rejoindre l&rsquo;h\u00e9bergement.<\/p>\n\t\t\t\t\t\t<\/div>\n\t\t\t\t<\/div>\n\t\t\t\t\t<\/div>\n\t\t\t\t<\/div>\n\t\t<div class=\"elementor-element elementor-element-75b7991 e-flex e-con-boxed e-con e-parent\" data-id=\"75b7991\" data-element_type=\"container\" data-settings=\"{&quot;jet_parallax_layout_list&quot;:[]}\">\n\t\t\t\t\t<div class=\"e-con-inner\">\n\t\t<div class=\"elementor-element elementor-element-96cd826 e-con-full e-flex e-con e-child\" data-id=\"96cd826\" data-element_type=\"container\" data-settings=\"{&quot;jet_parallax_layout_list&quot;:[]}\">\n\t\t\t\t<div class=\"elementor-element elementor-element-162a5c5 dce_masking-none elementor-widget elementor-widget-image\" data-id=\"162a5c5\" data-element_type=\"widget\" data-widget_type=\"image.default\">\n\t\t\t\t<div class=\"elementor-widget-container\">\n\t\t\t\t\t\t\t\t\t\t\t\t\t<img decoding=\"async\" src=\"https:\/\/www.ancoradelchianti.it\/wp-content\/uploads\/elementor\/thumbs\/bimbomontefioralle-qkizbxqtk6rcouiegjcrx1io3u7zzofdkfclik3iji.jpg\" title=\"bimbomontefioralle\" alt=\"bimbomontefioralle\" loading=\"lazy\" \/>\t\t\t\t\t\t\t\t\t\t\t\t\t<\/div>\n\t\t\t\t<\/div>\n\t\t\t\t<\/div>\n\t\t<div class=\"elementor-element elementor-element-0c1628f e-con-full e-flex e-con e-child\" data-id=\"0c1628f\" data-element_type=\"container\" data-settings=\"{&quot;jet_parallax_layout_list&quot;:[]}\">\n\t\t\t\t<div class=\"elementor-element elementor-element-a853efa elementor-widget elementor-widget-text-editor\" data-id=\"a853efa\" data-element_type=\"widget\" data-widget_type=\"text-editor.default\">\n\t\t\t\t<div class=\"elementor-widget-container\">\n\t\t\t\t\t\t\t<h3>Chez Laura et Filippo: \u00ab\u00a0Bienvenue \u00e0 l&rsquo;Ancora in Chianti B&amp;B!\u00a0\u00bb<\/h3>\n<p><strong>Laura<\/strong>\u00a0s&rsquo;occupe de l&rsquo;<strong>accueil<\/strong>\u00a0et du s\u00e9jour des h\u00f4tes et sera ravie de proposer\u00a0<strong>d&rsquo;int\u00e9ressants sites de Toscane \u00e0 visiter, les restaurants, les manifestations, les \u00e9v\u00e8nements et autres curiosit\u00e9s de la r\u00e9gion<\/strong>.<\/p>\n<p>Elle a personnellement d\u00e9cor\u00e9 les appartements et aime peindre les fleurs de son jardin \u00e0 l&rsquo;aquarelle. Sa derni\u00e8re d\u00e9couverte : la couture.<\/p>\n<p><strong>Filippo<\/strong>\u00a0a une grande passion pour la terre et la vie en plein air. A l&rsquo;Ancora del Chianti,\u00a0<strong>il prend soin des vignes et des oliviers,<\/strong>\u00a0produisant du vin Chianti Classico et de l&rsquo;huile d&rsquo;olive biologique.<\/p>\n\t\t\t\t\t\t<\/div>\n\t\t\t\t<\/div>\n\t\t\t\t<\/div>\n\t\t\t\t\t<\/div>\n\t\t\t\t<\/div>\n\t\t<div class=\"elementor-element elementor-element-e0336ca e-flex e-con-boxed e-con e-parent\" data-id=\"e0336ca\" data-element_type=\"container\" data-settings=\"{&quot;jet_parallax_layout_list&quot;:[]}\">\n\t\t\t\t\t<div class=\"e-con-inner\">\n\t\t\t\t<div class=\"elementor-element elementor-element-99ad6bf elementor-widget elementor-widget-text-editor\" data-id=\"99ad6bf\" data-element_type=\"widget\" data-widget_type=\"text-editor.default\">\n\t\t\t\t<div class=\"elementor-widget-container\">\n\t\t\t\t\t\t\t<h3>Le Bed &amp; Breakfast en Toscane, o\u00f9 ralentir le rythme dans la nature<\/h3>\n<p>L&rsquo; Ancora del Chianti\u00a0B&amp;B offre \u00e0 ses h\u00f4tes des vacances sereines en Toscane dans un cadre simple, soign\u00e9 et en harmonie avec la nature o\u00f9 il est possible de freiner le rythme fr\u00e9n\u00e9tique du quotidien pour s&rsquo;approprier un moment de pause et se r\u00e9g\u00e9n\u00e9rer.<\/p>\n<p>Ici, vous pourrez retrouver le <strong>plaisir d&rsquo;une promenade solitaire<\/strong>\u00a0dans le silence du matin et vous r\u00e9galer ensuite d&rsquo;un\u00a0<strong>petit d\u00e9jeuner copieux et vari\u00e9<\/strong>\u00a0dans une\u00a0<strong>ambiance agr\u00e9able et d\u00e9tendue<\/strong>. Ce sera le moment id\u00e9al pour faire connaissance avec les autres h\u00f4tes et\u00a0<strong>\u00e9changer des conseils pour le s\u00e9jour.<\/strong>\u00a0Vous pourrez poursuivre votre journ\u00e9e en visitant les villes d&rsquo;art les plus importantes, les\u00a0<strong>bourgades m\u00e9di\u00e9vales<\/strong>, les\u00a0<strong>exploitations agricoles<\/strong>\u00a0et<strong>\u00a0les ch\u00e2teaux<\/strong>\u00a0ou encore vous\u00a0<strong>perdre sur les routes sinueuses aux panoramas inoubliables<\/strong>\u00a0pour vous plonger enfin dans\u00a0<strong>l&rsquo;univers gastronomique<\/strong>\u00a0que notre territoire propose.<br \/>\nAu coucher du soleil,\u00a0<strong>le jardin offre une occasion de d\u00e9tente<\/strong>\u00a0avant le\u00a0<span id=\"result_box\" class=\"short_text\" lang=\"fr\"><span class=\"hps\">d\u00eener<\/span><\/span>\u00a0dans l&rsquo;un des\u00a0<strong>nombreux restaurants de la r\u00e9gion<\/strong>, renomm\u00e9s pour leur\u00a0<strong>cuisine de qualit\u00e9 et leur accueil sympathique.<\/strong>\u00a0Au retour,<strong>\u00a0les \u00e9toiles vous accompagneront<\/strong> jusqu&rsquo;\u00e0 votre chambre, o\u00f9 un lit confortable et un<strong>\u00a0repos serein<\/strong> sauront couronner votre journ\u00e9e de visites, de d\u00e9couvertes et d&rsquo;\u00e9motions au doux chant des grillons.<\/p>\n<p style=\"text-align: center;\"><strong>La douce campagne<\/strong><strong>\u00a0du Chianti vous attend!<\/strong><\/p>\n\t\t\t\t\t\t<\/div>\n\t\t\t\t<\/div>\n\t\t\t\t\t<\/div>\n\t\t\t\t<\/div>\n\t\t<div class=\"elementor-element elementor-element-c669d9d e-flex e-con-boxed e-con e-parent\" data-id=\"c669d9d\" data-element_type=\"container\" data-settings=\"{&quot;jet_parallax_layout_list&quot;:[]}\">\n\t\t\t\t\t<div class=\"e-con-inner\">\n\t\t\t\t<div class=\"elementor-element elementor-element-6616 elementor-widget elementor-widget-global elementor-global-8862 elementor-global-6616 elementor-widget-text-editor\" data-id=\"6616\" data-element_type=\"widget\" data-widget_type=\"text-editor.default\">\n\t\t\t\t<div class=\"elementor-widget-container\">\n\t\t\t\t\t\t\t<p style=\"text-align: center;\"><a href=\"https:\/\/ancoradelchianti.beddy.io\/#\/(beddy:home)?lang=fr\" target=\"_blank\" rel=\"noopener\"><strong>RESERVEZ MAINTENANT<\/strong><\/a>\u00a0ou envoyez un mail \u00e0\u00a0<a href=\"mailto:info@ancoradelchianti.it\" target=\"_blank\" rel=\"noopener\">info@ancoradelchianti.it<\/a><\/p>\n\t\t\t\t\t\t<\/div>\n\t\t\t\t<\/div>\n\t\t\t\t\t<\/div>\n\t\t\t\t<\/div>\n\t\t\t\t<\/div>\n\t\t","protected":false},"excerpt":{"rendered":"<p>Bienvenue en Toscane \u00e0 l&rsquo;Ancora del Chianti B&#038;B de campagne pres de Florence Au c\u0153ur de la r\u00e9gion du Chianti Classico, profitez de la proximit\u00e9 des plus belles villes toscanes et de la superbe campagne autour des chambres d&rsquo;h\u00f4tes B&amp;B de charme entour\u00e9 de nature et de silence. Ancora del Chianti Bed and Breafast en&#8230;<\/p>\n","protected":false},"author":1,"featured_media":6627,"parent":0,"menu_order":21,"comment_status":"closed","ping_status":"closed","template":"","meta":{"_acf_changed":false,"footnotes":""},"categories":[],"tags":[136],"class_list":["post-8852","page","type-page","status-publish","has-post-thumbnail","hentry","tag-featured-home-fr"],"acf":[],"yoast_head":"<!-- This site is optimized with the Yoast SEO plugin v24.0 - https:\/\/yoast.com\/wordpress\/plugins\/seo\/ -->\n<title>Ancora del Chianti Bed and Breakfast et chambres d&#039;h\u00f4tes en Toscane pr\u00e8s de Florence<\/title>\n<meta name=\"description\" content=\"Ancora del Chianti Bed and Breakfast de charme et chambres d&#039;h\u00f4tes en Toscane pr\u00e8s de Florence en campagne.\" \/>\n<meta name=\"robots\" content=\"index, follow, max-snippet:-1, max-image-preview:large, max-video-preview:-1\" \/>\n<link rel=\"canonical\" href=\"https:\/\/www.ancoradelchianti.it\/fr\/accueil_bb_chianti\/\" \/>\n<meta property=\"og:locale\" content=\"fr_FR\" \/>\n<meta property=\"og:type\" content=\"article\" \/>\n<meta property=\"og:title\" content=\"Ancora del Chianti Bed and Breakfast et chambres d&#039;h\u00f4tes en Toscane pr\u00e8s de Florence\" \/>\n<meta property=\"og:description\" content=\"Ancora del Chianti Bed and Breakfast de charme et chambres d&#039;h\u00f4tes en Toscane pr\u00e8s de Florence en campagne.\" \/>\n<meta property=\"og:url\" content=\"https:\/\/www.ancoradelchianti.it\/fr\/accueil_bb_chianti\/\" \/>\n<meta property=\"og:site_name\" content=\"Ancora del Chianti B&amp;B\" \/>\n<meta property=\"article:modified_time\" content=\"2024-04-10T19:28:46+00:00\" \/>\n<meta property=\"og:image\" content=\"https:\/\/www.ancoradelchianti.it\/wp-content\/uploads\/pages\/about\/rosescale.jpg\" \/>\n\t<meta property=\"og:image:width\" content=\"1920\" \/>\n\t<meta property=\"og:image:height\" content=\"672\" \/>\n\t<meta property=\"og:image:type\" content=\"image\/jpeg\" \/>\n<meta name=\"twitter:card\" content=\"summary_large_image\" \/>\n<meta name=\"twitter:label1\" content=\"Dur\u00e9e de lecture estim\u00e9e\" \/>\n\t<meta name=\"twitter:data1\" content=\"3 minutes\" \/>\n<script type=\"application\/ld+json\" class=\"yoast-schema-graph\">{\"@context\":\"https:\/\/schema.org\",\"@graph\":[{\"@type\":\"WebPage\",\"@id\":\"https:\/\/www.ancoradelchianti.it\/fr\/accueil_bb_chianti\/\",\"url\":\"https:\/\/www.ancoradelchianti.it\/fr\/accueil_bb_chianti\/\",\"name\":\"Ancora del Chianti Bed and Breakfast et chambres d'h\u00f4tes en Toscane pr\u00e8s de Florence\",\"isPartOf\":{\"@id\":\"https:\/\/www.ancoradelchianti.it\/fr\/#website\"},\"primaryImageOfPage\":{\"@id\":\"https:\/\/www.ancoradelchianti.it\/fr\/accueil_bb_chianti\/#primaryimage\"},\"image\":{\"@id\":\"https:\/\/www.ancoradelchianti.it\/fr\/accueil_bb_chianti\/#primaryimage\"},\"thumbnailUrl\":\"https:\/\/www.ancoradelchianti.it\/wp-content\/uploads\/pages\/about\/rosescale.jpg\",\"datePublished\":\"2024-02-29T14:25:26+00:00\",\"dateModified\":\"2024-04-10T19:28:46+00:00\",\"description\":\"Ancora del Chianti Bed and Breakfast de charme et chambres d'h\u00f4tes en Toscane pr\u00e8s de Florence en campagne.\",\"breadcrumb\":{\"@id\":\"https:\/\/www.ancoradelchianti.it\/fr\/accueil_bb_chianti\/#breadcrumb\"},\"inLanguage\":\"fr-FR\",\"potentialAction\":[{\"@type\":\"ReadAction\",\"target\":[\"https:\/\/www.ancoradelchianti.it\/fr\/accueil_bb_chianti\/\"]}]},{\"@type\":\"ImageObject\",\"inLanguage\":\"fr-FR\",\"@id\":\"https:\/\/www.ancoradelchianti.it\/fr\/accueil_bb_chianti\/#primaryimage\",\"url\":\"https:\/\/www.ancoradelchianti.it\/wp-content\/uploads\/pages\/about\/rosescale.jpg\",\"contentUrl\":\"https:\/\/www.ancoradelchianti.it\/wp-content\/uploads\/pages\/about\/rosescale.jpg\",\"width\":1920,\"height\":672},{\"@type\":\"BreadcrumbList\",\"@id\":\"https:\/\/www.ancoradelchianti.it\/fr\/accueil_bb_chianti\/#breadcrumb\",\"itemListElement\":[{\"@type\":\"ListItem\",\"position\":1,\"name\":\"Home\",\"item\":\"https:\/\/www.ancoradelchianti.it\/fr\/\"},{\"@type\":\"ListItem\",\"position\":2,\"name\":\"Bienvenue\"}]},{\"@type\":\"WebSite\",\"@id\":\"https:\/\/www.ancoradelchianti.it\/fr\/#website\",\"url\":\"https:\/\/www.ancoradelchianti.it\/fr\/\",\"name\":\"Ancora del Chianti B&amp;B\",\"description\":\"\",\"publisher\":{\"@id\":\"https:\/\/www.ancoradelchianti.it\/fr\/#organization\"},\"potentialAction\":[{\"@type\":\"SearchAction\",\"target\":{\"@type\":\"EntryPoint\",\"urlTemplate\":\"https:\/\/www.ancoradelchianti.it\/fr\/?s={search_term_string}\"},\"query-input\":{\"@type\":\"PropertyValueSpecification\",\"valueRequired\":true,\"valueName\":\"search_term_string\"}}],\"inLanguage\":\"fr-FR\"},{\"@type\":\"Organization\",\"@id\":\"https:\/\/www.ancoradelchianti.it\/fr\/#organization\",\"name\":\"Ancora del Chianti B&amp;B\",\"url\":\"https:\/\/www.ancoradelchianti.it\/fr\/\",\"logo\":{\"@type\":\"ImageObject\",\"inLanguage\":\"fr-FR\",\"@id\":\"https:\/\/www.ancoradelchianti.it\/fr\/#\/schema\/logo\/image\/\",\"url\":\"https:\/\/www.ancoradelchianti.it\/wp-content\/uploads\/logo\/logo.png\",\"contentUrl\":\"https:\/\/www.ancoradelchianti.it\/wp-content\/uploads\/logo\/logo.png\",\"width\":129,\"height\":133,\"caption\":\"Ancora del Chianti B&amp;B\"},\"image\":{\"@id\":\"https:\/\/www.ancoradelchianti.it\/fr\/#\/schema\/logo\/image\/\"}}]}<\/script>\n<!-- \/ Yoast SEO plugin. -->","yoast_head_json":{"title":"Ancora del Chianti Bed and Breakfast et chambres d'h\u00f4tes en Toscane pr\u00e8s de Florence","description":"Ancora del Chianti Bed and Breakfast de charme et chambres d'h\u00f4tes en Toscane pr\u00e8s de Florence en campagne.","robots":{"index":"index","follow":"follow","max-snippet":"max-snippet:-1","max-image-preview":"max-image-preview:large","max-video-preview":"max-video-preview:-1"},"canonical":"https:\/\/www.ancoradelchianti.it\/fr\/accueil_bb_chianti\/","og_locale":"fr_FR","og_type":"article","og_title":"Ancora del Chianti Bed and Breakfast et chambres d'h\u00f4tes en Toscane pr\u00e8s de Florence","og_description":"Ancora del Chianti Bed and Breakfast de charme et chambres d'h\u00f4tes en Toscane pr\u00e8s de Florence en campagne.","og_url":"https:\/\/www.ancoradelchianti.it\/fr\/accueil_bb_chianti\/","og_site_name":"Ancora del Chianti B&amp;B","article_modified_time":"2024-04-10T19:28:46+00:00","og_image":[{"width":1920,"height":672,"url":"https:\/\/www.ancoradelchianti.it\/wp-content\/uploads\/pages\/about\/rosescale.jpg","type":"image\/jpeg"}],"twitter_card":"summary_large_image","twitter_misc":{"Dur\u00e9e de lecture estim\u00e9e":"3 minutes"},"schema":{"@context":"https:\/\/schema.org","@graph":[{"@type":"WebPage","@id":"https:\/\/www.ancoradelchianti.it\/fr\/accueil_bb_chianti\/","url":"https:\/\/www.ancoradelchianti.it\/fr\/accueil_bb_chianti\/","name":"Ancora del Chianti Bed and Breakfast et chambres d'h\u00f4tes en Toscane pr\u00e8s de Florence","isPartOf":{"@id":"https:\/\/www.ancoradelchianti.it\/fr\/#website"},"primaryImageOfPage":{"@id":"https:\/\/www.ancoradelchianti.it\/fr\/accueil_bb_chianti\/#primaryimage"},"image":{"@id":"https:\/\/www.ancoradelchianti.it\/fr\/accueil_bb_chianti\/#primaryimage"},"thumbnailUrl":"https:\/\/www.ancoradelchianti.it\/wp-content\/uploads\/pages\/about\/rosescale.jpg","datePublished":"2024-02-29T14:25:26+00:00","dateModified":"2024-04-10T19:28:46+00:00","description":"Ancora del Chianti Bed and Breakfast de charme et chambres d'h\u00f4tes en Toscane pr\u00e8s de Florence en campagne.","breadcrumb":{"@id":"https:\/\/www.ancoradelchianti.it\/fr\/accueil_bb_chianti\/#breadcrumb"},"inLanguage":"fr-FR","potentialAction":[{"@type":"ReadAction","target":["https:\/\/www.ancoradelchianti.it\/fr\/accueil_bb_chianti\/"]}]},{"@type":"ImageObject","inLanguage":"fr-FR","@id":"https:\/\/www.ancoradelchianti.it\/fr\/accueil_bb_chianti\/#primaryimage","url":"https:\/\/www.ancoradelchianti.it\/wp-content\/uploads\/pages\/about\/rosescale.jpg","contentUrl":"https:\/\/www.ancoradelchianti.it\/wp-content\/uploads\/pages\/about\/rosescale.jpg","width":1920,"height":672},{"@type":"BreadcrumbList","@id":"https:\/\/www.ancoradelchianti.it\/fr\/accueil_bb_chianti\/#breadcrumb","itemListElement":[{"@type":"ListItem","position":1,"name":"Home","item":"https:\/\/www.ancoradelchianti.it\/fr\/"},{"@type":"ListItem","position":2,"name":"Bienvenue"}]},{"@type":"WebSite","@id":"https:\/\/www.ancoradelchianti.it\/fr\/#website","url":"https:\/\/www.ancoradelchianti.it\/fr\/","name":"Ancora del Chianti B&amp;B","description":"","publisher":{"@id":"https:\/\/www.ancoradelchianti.it\/fr\/#organization"},"potentialAction":[{"@type":"SearchAction","target":{"@type":"EntryPoint","urlTemplate":"https:\/\/www.ancoradelchianti.it\/fr\/?s={search_term_string}"},"query-input":{"@type":"PropertyValueSpecification","valueRequired":true,"valueName":"search_term_string"}}],"inLanguage":"fr-FR"},{"@type":"Organization","@id":"https:\/\/www.ancoradelchianti.it\/fr\/#organization","name":"Ancora del Chianti B&amp;B","url":"https:\/\/www.ancoradelchianti.it\/fr\/","logo":{"@type":"ImageObject","inLanguage":"fr-FR","@id":"https:\/\/www.ancoradelchianti.it\/fr\/#\/schema\/logo\/image\/","url":"https:\/\/www.ancoradelchianti.it\/wp-content\/uploads\/logo\/logo.png","contentUrl":"https:\/\/www.ancoradelchianti.it\/wp-content\/uploads\/logo\/logo.png","width":129,"height":133,"caption":"Ancora del Chianti B&amp;B"},"image":{"@id":"https:\/\/www.ancoradelchianti.it\/fr\/#\/schema\/logo\/image\/"}}]}},"_links":{"self":[{"href":"https:\/\/www.ancoradelchianti.it\/fr\/wp-json\/wp\/v2\/pages\/8852","targetHints":{"allow":["GET"]}}],"collection":[{"href":"https:\/\/www.ancoradelchianti.it\/fr\/wp-json\/wp\/v2\/pages"}],"about":[{"href":"https:\/\/www.ancoradelchianti.it\/fr\/wp-json\/wp\/v2\/types\/page"}],"author":[{"embeddable":true,"href":"https:\/\/www.ancoradelchianti.it\/fr\/wp-json\/wp\/v2\/users\/1"}],"replies":[{"embeddable":true,"href":"https:\/\/www.ancoradelchianti.it\/fr\/wp-json\/wp\/v2\/comments?post=8852"}],"version-history":[{"count":0,"href":"https:\/\/www.ancoradelchianti.it\/fr\/wp-json\/wp\/v2\/pages\/8852\/revisions"}],"wp:featuredmedia":[{"embeddable":true,"href":"https:\/\/www.ancoradelchianti.it\/fr\/wp-json\/wp\/v2\/media\/6627"}],"wp:attachment":[{"href":"https:\/\/www.ancoradelchianti.it\/fr\/wp-json\/wp\/v2\/media?parent=8852"}],"wp:term":[{"taxonomy":"category","embeddable":true,"href":"https:\/\/www.ancoradelchianti.it\/fr\/wp-json\/wp\/v2\/categories?post=8852"},{"taxonomy":"post_tag","embeddable":true,"href":"https:\/\/www.ancoradelchianti.it\/fr\/wp-json\/wp\/v2\/tags?post=8852"}],"curies":[{"name":"wp","href":"https:\/\/api.w.org\/{rel}","templated":true}]}}