{"id":8854,"date":"2024-02-29T14:35:21","date_gmt":"2024-02-29T14:35:21","guid":{"rendered":"https:\/\/dev.ancoradelchianti.it\/bienvenue\/vos-hotes\/"},"modified":"2024-04-10T19:29:02","modified_gmt":"2024-04-10T19:29:02","slug":"bb_ancora_del_chianti_beausac","status":"publish","type":"page","link":"https:\/\/www.ancoradelchianti.it\/fr\/accueil_bb_chianti\/bb_ancora_del_chianti_beausac\/","title":{"rendered":"Vos H\u00f4tes"},"content":{"rendered":"\t\t<div data-elementor-type=\"wp-page\" data-elementor-id=\"8854\" class=\"elementor elementor-8854 elementor-6609\" data-elementor-post-type=\"page\">\n\t\t\t\t<div class=\"elementor-element elementor-element-b0eb2fa e-con-full e-flex e-con e-parent\" data-id=\"b0eb2fa\" data-element_type=\"container\" data-settings=\"{&quot;jet_parallax_layout_list&quot;:[]}\">\n\t\t\t\t<div data-dce-advanced-background-image-url=\"https:\/\/www.ancoradelchianti.it\/wp-content\/uploads\/pages\/your-hosts\/laura-ancora-del-chianti.jpg\" class=\"elementor-element elementor-element-7271408 elementor-invisible elementor-has-bg-overlay elementor-widget elementor-widget-global elementor-global-232 elementor-widget-heading\" data-id=\"7271408\" data-element_type=\"widget\" data-settings=\"{&quot;_animation&quot;:&quot;fadeInDown&quot;}\" data-widget_type=\"heading.default\">\n\t\t\t\t<div class=\"elementor-widget-container\">\n\t\t\t<h1 class=\"elementor-heading-title elementor-size-default\">Vos H\u00f4tes<\/h1>\t\t<\/div>\n\t\t\t\t<\/div>\n\t\t\t\t<div class=\"elementor-element elementor-element-59cb300 elementor-widget elementor-widget-heading\" data-id=\"59cb300\" data-element_type=\"widget\" data-widget_type=\"heading.default\">\n\t\t\t\t<div class=\"elementor-widget-container\">\n\t\t\t<h2 class=\"elementor-heading-title elementor-size-default\">Vos H\u00f4tes en Toscane<\/h2>\t\t<\/div>\n\t\t\t\t<\/div>\n\t\t\t\t<\/div>\n\t\t<div class=\"elementor-element elementor-element-5527c06 e-flex e-con-boxed e-con e-parent\" data-id=\"5527c06\" data-element_type=\"container\" data-settings=\"{&quot;jet_parallax_layout_list&quot;:[]}\">\n\t\t\t\t\t<div class=\"e-con-inner\">\n\t\t<div class=\"elementor-element elementor-element-7108b6b e-con-full e-flex e-con e-child\" data-id=\"7108b6b\" data-element_type=\"container\" data-settings=\"{&quot;jet_parallax_layout_list&quot;:[]}\">\n\t\t\t\t<div class=\"elementor-element elementor-element-f727cfd dce_masking-none elementor-widget elementor-widget-image\" data-id=\"f727cfd\" data-element_type=\"widget\" data-widget_type=\"image.default\">\n\t\t\t\t<div class=\"elementor-widget-container\">\n\t\t\t\t\t\t\t\t\t\t\t\t\t<img fetchpriority=\"high\" decoding=\"async\" width=\"750\" height=\"1000\" src=\"https:\/\/www.ancoradelchianti.it\/wp-content\/uploads\/pages\/your-hosts\/a-ancora-del-chianti-bb-hosts-grapes.jpg\" class=\"attachment-large size-large wp-image-6636\" alt=\"\" srcset=\"https:\/\/www.ancoradelchianti.it\/wp-content\/uploads\/pages\/your-hosts\/a-ancora-del-chianti-bb-hosts-grapes.jpg 750w, https:\/\/www.ancoradelchianti.it\/wp-content\/uploads\/pages\/your-hosts\/a-ancora-del-chianti-bb-hosts-grapes-225x300.jpg 225w\" sizes=\"(max-width: 750px) 100vw, 750px\" \/>\t\t\t\t\t\t\t\t\t\t\t\t\t<\/div>\n\t\t\t\t<\/div>\n\t\t\t\t<\/div>\n\t\t<div class=\"elementor-element elementor-element-d7950de e-con-full e-flex e-con e-child\" data-id=\"d7950de\" data-element_type=\"container\" data-settings=\"{&quot;jet_parallax_layout_list&quot;:[]}\">\n\t\t\t\t<div class=\"elementor-element elementor-element-4ddcfb4 elementor-widget elementor-widget-text-editor\" data-id=\"4ddcfb4\" data-element_type=\"widget\" data-widget_type=\"text-editor.default\">\n\t\t\t\t<div class=\"elementor-widget-container\">\n\t\t\t\t\t\t\t<h3>Laura et Filippo vous attendent pour des vacances en Toscane \u00e0 Ancora del Chianti: chambres d&rsquo;h\u00f4tes &#8211; bed and breakfast accueillant et familial pour couples, familles, groupes et voyageurs en solo.<\/h3>\n<p>L&rsquo;aventure de l&rsquo;<strong>Ancora del Chianti a commenc\u00e9 en 2000<\/strong>\u00a0lorsque nous quittons la ville de Florence pour nous installer sur une colline dans la campagne autour de Greve in Chianti \u00e0 la recherche d&rsquo;un\u00a0<strong>style de vie en contact avec la nature, le silence et la beaut\u00e9<\/strong>. En m\u00eame temps, nous d\u00e9cidons d&rsquo;ouvrir notre maison \u00e0 des h\u00f4tes du monde entier, en cr\u00e9ant des chambres d&rsquo;h\u00f4tes &#8211; bed and breakfast accueillant et familial et en promouvant activement un tourisme durable pour la famille et pour nos h\u00f4tes. Ann\u00e9e apr\u00e8s ann\u00e9e, la maison principale, la grange et<strong>\u00a0l&rsquo;atelier pour l&rsquo;art, le yoga et la m\u00e9ditation<\/strong>\u00a0sont restaur\u00e9s, avec le jardin, les vignes, l&rsquo;oliveraie, le verger et les champs en cr\u00e9ant un environnement simple et agr\u00e9able entour\u00e9 par la nature et la tranquillit\u00e9.<\/p>\n\t\t\t\t\t\t<\/div>\n\t\t\t\t<\/div>\n\t\t\t\t<\/div>\n\t\t\t\t\t<\/div>\n\t\t\t\t<\/div>\n\t\t<div class=\"elementor-element elementor-element-f440114 e-flex e-con-boxed e-con e-parent\" data-id=\"f440114\" data-element_type=\"container\" data-settings=\"{&quot;jet_parallax_layout_list&quot;:[]}\">\n\t\t\t\t\t<div class=\"e-con-inner\">\n\t\t\t\t<div class=\"elementor-element elementor-element-1206159 dce_masking-none elementor-widget elementor-widget-image\" data-id=\"1206159\" data-element_type=\"widget\" data-widget_type=\"image.default\">\n\t\t\t\t<div class=\"elementor-widget-container\">\n\t\t\t\t\t\t\t\t\t\t\t\t\t<img decoding=\"async\" width=\"800\" height=\"406\" src=\"https:\/\/www.ancoradelchianti.it\/wp-content\/uploads\/pages\/your-hosts\/a-painting-ancoradelchianti-hosts-1024x520.jpg\" class=\"attachment-large size-large wp-image-6644\" alt=\"\" srcset=\"https:\/\/www.ancoradelchianti.it\/wp-content\/uploads\/pages\/your-hosts\/a-painting-ancoradelchianti-hosts-1024x520.jpg 1024w, https:\/\/www.ancoradelchianti.it\/wp-content\/uploads\/pages\/your-hosts\/a-painting-ancoradelchianti-hosts-300x152.jpg 300w, https:\/\/www.ancoradelchianti.it\/wp-content\/uploads\/pages\/your-hosts\/a-painting-ancoradelchianti-hosts-768x390.jpg 768w, https:\/\/www.ancoradelchianti.it\/wp-content\/uploads\/pages\/your-hosts\/a-painting-ancoradelchianti-hosts.jpg 1280w\" sizes=\"(max-width: 800px) 100vw, 800px\" \/>\t\t\t\t\t\t\t\t\t\t\t\t\t<\/div>\n\t\t\t\t<\/div>\n\t\t\t\t\t<\/div>\n\t\t\t\t<\/div>\n\t\t<div class=\"elementor-element elementor-element-e753458 e-flex e-con-boxed e-con e-parent\" data-id=\"e753458\" data-element_type=\"container\" data-settings=\"{&quot;jet_parallax_layout_list&quot;:[]}\">\n\t\t\t\t\t<div class=\"e-con-inner\">\n\t\t\t\t<div class=\"elementor-element elementor-element-415dca3 elementor-widget elementor-widget-text-editor\" data-id=\"415dca3\" data-element_type=\"widget\" data-widget_type=\"text-editor.default\">\n\t\t\t\t<div class=\"elementor-widget-container\">\n\t\t\t\t\t\t\t<h3>L&rsquo;ancienne ferme toscane rena\u00eet avec l&rsquo;Ancora del Chianti B&amp;B, une chambre d&rsquo;h\u00f4tes \u00e9co-durable avec un atelier d&rsquo;art et une salle de yoga pour des vacances en couple et stages de groupe en Toscane.<\/h3>\n<p>Au Bed and Breakfast, Laura a personnellement d\u00e9cor\u00e9<strong>\u00a0les chambres dans un style rustique<\/strong>\u00a0et elle a con\u00e7u le<strong>\u00a0jardin panoramique<\/strong>, mettant en valeur les plantes locales qui bien s&rsquo;adaptent au climat. Elle se consacre \u00e0 plein temps aux clients et aux\u00a0<strong>nouvelles propositions de vacances en Toscane<\/strong>:\u00a0<strong>activit\u00e9s, s\u00e9jours \u0153no-gastronomiques, s\u00e9minaires r\u00e9sidentiels et stage d&rsquo;art, de yoga, de m\u00e9ditation et de photographie et ansi qu&rsquo;un appartement au c\u0153ur du centre historique de Florence<\/strong>,\u00a0<a href=\"https:\/\/www.guelfa56.com\/it\/\" target=\"_blank\" rel=\"noopener\">GUELFA 56<\/a>, \u00e0 quelques pas du Duomo et de la gare, id\u00e9al pour les h\u00f4tes qui souhaitent combiner des vacances reposantes dans le Chianti avec des jours pass\u00e9s dans le centre-ville. Laura et le staff sont heureux d&rsquo;offrir des suggestions de<strong>\u00a0restaurants, d&rsquo;excursions,\u00a0 \u00e9v\u00e9nements et activit\u00e9s locales<\/strong>\u00a0telles que\u00a0<strong>les circuits \u0153no-gastronomiques<\/strong>\u00a0dans le Chianti avec\u00a0<strong>d\u00e9gustation de vin et huile<\/strong>.<\/p>\n<p>Dans ses temps libres,\u00a0<strong>Laura adore la peinture \u00e0 l&rsquo;aquarelle<\/strong>\u00a0et le\u00a0<strong>carnet de voyage<\/strong>,<strong>\u00a0la lecture et le jardinage<\/strong>. Vous retrouverez ses tableaux dans les chambres, et dans le jardin, vous reconna\u00eetrez sa touche. Sa derni\u00e8re d\u00e9couverte est la <strong>couture cr\u00e9ative<\/strong>\u00a0en confectionnant des sacs en tissu et des petits objets \u00e0 partir de restes et de mati\u00e8res recycl\u00e9es.<\/p>\n<p>\u00c0 l&rsquo;Ancora del Chianti B&amp;B,<strong>\u00a0Filippo<\/strong>\u00a0est principalement vou\u00e9 aux soins de<strong>\u00a0la vigne et de l&rsquo;oliveraie<\/strong>. Il est \u00e9galement\u00a0<strong>trompettiste passionn\u00e9<\/strong>\u00a0et joue dans le groupe philharmonique \u00ab\u00a0Giuseppe Verdi\u00a0\u00bb de Panzano in Chianti. Nous ne manquerons pas de signaler les concerts lors de votre s\u00e9jour dans le Chianti!<\/p>\n\t\t\t\t\t\t<\/div>\n\t\t\t\t<\/div>\n\t\t\t\t\t<\/div>\n\t\t\t\t<\/div>\n\t\t<div class=\"elementor-element elementor-element-02c4d4b e-flex e-con-boxed e-con e-parent\" data-id=\"02c4d4b\" data-element_type=\"container\" data-settings=\"{&quot;jet_parallax_layout_list&quot;:[]}\">\n\t\t\t\t\t<div class=\"e-con-inner\">\n\t\t\t\t<div class=\"elementor-element elementor-element-aed39e9 dce_masking-none elementor-widget elementor-widget-image\" data-id=\"aed39e9\" data-element_type=\"widget\" data-widget_type=\"image.default\">\n\t\t\t\t<div class=\"elementor-widget-container\">\n\t\t\t\t\t\t\t\t\t\t\t\t\t<img decoding=\"async\" width=\"800\" height=\"406\" src=\"https:\/\/www.ancoradelchianti.it\/wp-content\/uploads\/pages\/your-hosts\/a-trumpet-ancora-del-chianti-hosts-1024x520.jpg\" class=\"attachment-large size-large wp-image-6652\" alt=\"\" srcset=\"https:\/\/www.ancoradelchianti.it\/wp-content\/uploads\/pages\/your-hosts\/a-trumpet-ancora-del-chianti-hosts-1024x520.jpg 1024w, https:\/\/www.ancoradelchianti.it\/wp-content\/uploads\/pages\/your-hosts\/a-trumpet-ancora-del-chianti-hosts-300x152.jpg 300w, https:\/\/www.ancoradelchianti.it\/wp-content\/uploads\/pages\/your-hosts\/a-trumpet-ancora-del-chianti-hosts-768x390.jpg 768w, https:\/\/www.ancoradelchianti.it\/wp-content\/uploads\/pages\/your-hosts\/a-trumpet-ancora-del-chianti-hosts.jpg 1280w\" sizes=\"(max-width: 800px) 100vw, 800px\" \/>\t\t\t\t\t\t\t\t\t\t\t\t\t<\/div>\n\t\t\t\t<\/div>\n\t\t\t\t\t<\/div>\n\t\t\t\t<\/div>\n\t\t<div class=\"elementor-element elementor-element-25ac1c5 e-flex e-con-boxed e-con e-parent\" data-id=\"25ac1c5\" data-element_type=\"container\" data-settings=\"{&quot;jet_parallax_layout_list&quot;:[]}\">\n\t\t\t\t\t<div class=\"e-con-inner\">\n\t\t\t\t<div class=\"elementor-element elementor-element-d5db60c elementor-widget elementor-widget-text-editor\" data-id=\"d5db60c\" data-element_type=\"widget\" data-widget_type=\"text-editor.default\">\n\t\t\t\t<div class=\"elementor-widget-container\">\n\t\t\t\t\t\t\t<h3>Au Bed &amp; Breakfast Ancora del Chianti en Toscane, nous prenons soin de notre famille et de nos invit\u00e9s dans un environnement agr\u00e9able et bien entretenu.<\/h3>\n<p>Au cours de ces vingt ann\u00e9es, beaucoup de choses ont chang\u00e9 et d&rsquo;autres projets concernent l&rsquo;avenir. Une chose est s\u00fbre: l&rsquo;esprit de tous les temps est le d\u00e9sir de cr\u00e9er et de renouveler pour nous et pour tous les h\u00f4tes\u00a0qui d\u00e9cident de nous rendre visite\u00a0<strong>un environnement simple et soign\u00e9, en harmonie avec la nature o\u00f9 l&rsquo;on ralentit et retrouve le rythme de vie d&rsquo;autrefois<\/strong>. Pour cette raison, nous vous invitons \u00e0 nous rendre visite et \u00e0 passer des journ\u00e9es paisibles dans notre maison, \u00e0 d\u00e9couvrir le territoire g\u00e9n\u00e9reux du Chianti, entre Florence et Sienne, \u00e0 vous r\u00e9g\u00e9n\u00e9rer dans le jardin et \u00e0 profiter du silence, de la beaut\u00e9 du paysage et de la douceur de vivre.<\/p>\n<p style=\"text-align: center;\"><strong>La douce campagne<\/strong><strong>\u00a0du Chianti vous attend!<\/strong><\/p>\n\t\t\t\t\t\t<\/div>\n\t\t\t\t<\/div>\n\t\t\t\t<div class=\"elementor-element elementor-element-6616 elementor-widget elementor-widget-global elementor-global-8862 elementor-global-6616 elementor-widget-text-editor\" data-id=\"6616\" data-element_type=\"widget\" data-widget_type=\"text-editor.default\">\n\t\t\t\t<div class=\"elementor-widget-container\">\n\t\t\t\t\t\t\t<p style=\"text-align: center;\"><a href=\"https:\/\/ancoradelchianti.beddy.io\/#\/(beddy:home)?lang=fr\" target=\"_blank\" rel=\"noopener\"><strong>RESERVEZ MAINTENANT<\/strong><\/a>\u00a0ou envoyez un mail \u00e0\u00a0<a href=\"mailto:info@ancoradelchianti.it\" target=\"_blank\" rel=\"noopener\">info@ancoradelchianti.it<\/a><\/p>\n\t\t\t\t\t\t<\/div>\n\t\t\t\t<\/div>\n\t\t\t\t\t<\/div>\n\t\t\t\t<\/div>\n\t\t\t\t<\/div>\n\t\t","protected":false},"excerpt":{"rendered":"<p>Vos H\u00f4tes en Toscane Laura et Filippo vous attendent pour des vacances en Toscane \u00e0 Ancora del Chianti: chambres d&rsquo;h\u00f4tes &#8211; bed and breakfast accueillant et familial pour couples, familles, groupes et voyageurs en solo. L&rsquo;aventure de l&rsquo;Ancora del Chianti a commenc\u00e9 en 2000\u00a0lorsque nous quittons la ville de Florence pour nous installer sur une&#8230;<\/p>\n","protected":false},"author":1,"featured_media":6631,"parent":8852,"menu_order":25,"comment_status":"closed","ping_status":"closed","template":"","meta":{"_acf_changed":false,"footnotes":""},"categories":[],"tags":[],"class_list":["post-8854","page","type-page","status-publish","has-post-thumbnail","hentry"],"acf":[],"yoast_head":"<!-- This site is optimized with the Yoast SEO plugin v24.0 - https:\/\/yoast.com\/wordpress\/plugins\/seo\/ -->\n<title>Vacances en Toscane \u00e0 l&#039;Ancora del Chianti: chambres d&#039;h\u00f4tes - bed and breakfast<\/title>\n<meta name=\"description\" content=\"vacances en Toscane \u00e0 l&#039;Ancora del Chianti: chambres d&#039;h\u00f4tes - bed and breakfast accueillant et familier pour couples, familles, groupes et voyageurs solos.\" \/>\n<meta name=\"robots\" content=\"index, follow, max-snippet:-1, max-image-preview:large, max-video-preview:-1\" \/>\n<link rel=\"canonical\" href=\"https:\/\/www.ancoradelchianti.it\/fr\/accueil_bb_chianti\/bb_ancora_del_chianti_beausac\/\" \/>\n<meta property=\"og:locale\" content=\"fr_FR\" \/>\n<meta property=\"og:type\" content=\"article\" \/>\n<meta property=\"og:title\" content=\"Vacances en Toscane \u00e0 l&#039;Ancora del Chianti: chambres d&#039;h\u00f4tes - bed and breakfast\" \/>\n<meta property=\"og:description\" content=\"vacances en Toscane \u00e0 l&#039;Ancora del Chianti: chambres d&#039;h\u00f4tes - bed and breakfast accueillant et familier pour couples, familles, groupes et voyageurs solos.\" \/>\n<meta property=\"og:url\" content=\"https:\/\/www.ancoradelchianti.it\/fr\/accueil_bb_chianti\/bb_ancora_del_chianti_beausac\/\" \/>\n<meta property=\"og:site_name\" content=\"Ancora del Chianti B&amp;B\" \/>\n<meta property=\"article:modified_time\" content=\"2024-04-10T19:29:02+00:00\" \/>\n<meta property=\"og:image\" content=\"https:\/\/www.ancoradelchianti.it\/wp-content\/uploads\/pages\/your-hosts\/laura-ancora-del-chianti.jpg\" \/>\n\t<meta property=\"og:image:width\" content=\"2000\" \/>\n\t<meta property=\"og:image:height\" content=\"700\" \/>\n\t<meta property=\"og:image:type\" content=\"image\/jpeg\" \/>\n<meta name=\"twitter:card\" content=\"summary_large_image\" \/>\n<meta name=\"twitter:label1\" content=\"Dur\u00e9e de lecture estim\u00e9e\" \/>\n\t<meta name=\"twitter:data1\" content=\"3 minutes\" \/>\n<script type=\"application\/ld+json\" class=\"yoast-schema-graph\">{\"@context\":\"https:\/\/schema.org\",\"@graph\":[{\"@type\":\"WebPage\",\"@id\":\"https:\/\/www.ancoradelchianti.it\/fr\/accueil_bb_chianti\/bb_ancora_del_chianti_beausac\/\",\"url\":\"https:\/\/www.ancoradelchianti.it\/fr\/accueil_bb_chianti\/bb_ancora_del_chianti_beausac\/\",\"name\":\"Vacances en Toscane \u00e0 l'Ancora del Chianti: chambres d'h\u00f4tes - bed and breakfast\",\"isPartOf\":{\"@id\":\"https:\/\/www.ancoradelchianti.it\/fr\/#website\"},\"primaryImageOfPage\":{\"@id\":\"https:\/\/www.ancoradelchianti.it\/fr\/accueil_bb_chianti\/bb_ancora_del_chianti_beausac\/#primaryimage\"},\"image\":{\"@id\":\"https:\/\/www.ancoradelchianti.it\/fr\/accueil_bb_chianti\/bb_ancora_del_chianti_beausac\/#primaryimage\"},\"thumbnailUrl\":\"https:\/\/www.ancoradelchianti.it\/wp-content\/uploads\/pages\/your-hosts\/laura-ancora-del-chianti.jpg\",\"datePublished\":\"2024-02-29T14:35:21+00:00\",\"dateModified\":\"2024-04-10T19:29:02+00:00\",\"description\":\"vacances en Toscane \u00e0 l'Ancora del Chianti: chambres d'h\u00f4tes - bed and breakfast accueillant et familier pour couples, familles, groupes et voyageurs solos.\",\"breadcrumb\":{\"@id\":\"https:\/\/www.ancoradelchianti.it\/fr\/accueil_bb_chianti\/bb_ancora_del_chianti_beausac\/#breadcrumb\"},\"inLanguage\":\"fr-FR\",\"potentialAction\":[{\"@type\":\"ReadAction\",\"target\":[\"https:\/\/www.ancoradelchianti.it\/fr\/accueil_bb_chianti\/bb_ancora_del_chianti_beausac\/\"]}]},{\"@type\":\"ImageObject\",\"inLanguage\":\"fr-FR\",\"@id\":\"https:\/\/www.ancoradelchianti.it\/fr\/accueil_bb_chianti\/bb_ancora_del_chianti_beausac\/#primaryimage\",\"url\":\"https:\/\/www.ancoradelchianti.it\/wp-content\/uploads\/pages\/your-hosts\/laura-ancora-del-chianti.jpg\",\"contentUrl\":\"https:\/\/www.ancoradelchianti.it\/wp-content\/uploads\/pages\/your-hosts\/laura-ancora-del-chianti.jpg\",\"width\":2000,\"height\":700},{\"@type\":\"BreadcrumbList\",\"@id\":\"https:\/\/www.ancoradelchianti.it\/fr\/accueil_bb_chianti\/bb_ancora_del_chianti_beausac\/#breadcrumb\",\"itemListElement\":[{\"@type\":\"ListItem\",\"position\":1,\"name\":\"Home\",\"item\":\"https:\/\/www.ancoradelchianti.it\/fr\/\"},{\"@type\":\"ListItem\",\"position\":2,\"name\":\"Bienvenue\",\"item\":\"https:\/\/www.ancoradelchianti.it\/fr\/accueil_bb_chianti\/\"},{\"@type\":\"ListItem\",\"position\":3,\"name\":\"Vos H\u00f4tes\"}]},{\"@type\":\"WebSite\",\"@id\":\"https:\/\/www.ancoradelchianti.it\/fr\/#website\",\"url\":\"https:\/\/www.ancoradelchianti.it\/fr\/\",\"name\":\"Ancora del Chianti B&amp;B\",\"description\":\"\",\"publisher\":{\"@id\":\"https:\/\/www.ancoradelchianti.it\/fr\/#organization\"},\"potentialAction\":[{\"@type\":\"SearchAction\",\"target\":{\"@type\":\"EntryPoint\",\"urlTemplate\":\"https:\/\/www.ancoradelchianti.it\/fr\/?s={search_term_string}\"},\"query-input\":{\"@type\":\"PropertyValueSpecification\",\"valueRequired\":true,\"valueName\":\"search_term_string\"}}],\"inLanguage\":\"fr-FR\"},{\"@type\":\"Organization\",\"@id\":\"https:\/\/www.ancoradelchianti.it\/fr\/#organization\",\"name\":\"Ancora del Chianti B&amp;B\",\"url\":\"https:\/\/www.ancoradelchianti.it\/fr\/\",\"logo\":{\"@type\":\"ImageObject\",\"inLanguage\":\"fr-FR\",\"@id\":\"https:\/\/www.ancoradelchianti.it\/fr\/#\/schema\/logo\/image\/\",\"url\":\"https:\/\/www.ancoradelchianti.it\/wp-content\/uploads\/logo\/logo.png\",\"contentUrl\":\"https:\/\/www.ancoradelchianti.it\/wp-content\/uploads\/logo\/logo.png\",\"width\":129,\"height\":133,\"caption\":\"Ancora del Chianti B&amp;B\"},\"image\":{\"@id\":\"https:\/\/www.ancoradelchianti.it\/fr\/#\/schema\/logo\/image\/\"}}]}<\/script>\n<!-- \/ Yoast SEO plugin. -->","yoast_head_json":{"title":"Vacances en Toscane \u00e0 l'Ancora del Chianti: chambres d'h\u00f4tes - bed and breakfast","description":"vacances en Toscane \u00e0 l'Ancora del Chianti: chambres d'h\u00f4tes - bed and breakfast accueillant et familier pour couples, familles, groupes et voyageurs solos.","robots":{"index":"index","follow":"follow","max-snippet":"max-snippet:-1","max-image-preview":"max-image-preview:large","max-video-preview":"max-video-preview:-1"},"canonical":"https:\/\/www.ancoradelchianti.it\/fr\/accueil_bb_chianti\/bb_ancora_del_chianti_beausac\/","og_locale":"fr_FR","og_type":"article","og_title":"Vacances en Toscane \u00e0 l'Ancora del Chianti: chambres d'h\u00f4tes - bed and breakfast","og_description":"vacances en Toscane \u00e0 l'Ancora del Chianti: chambres d'h\u00f4tes - bed and breakfast accueillant et familier pour couples, familles, groupes et voyageurs solos.","og_url":"https:\/\/www.ancoradelchianti.it\/fr\/accueil_bb_chianti\/bb_ancora_del_chianti_beausac\/","og_site_name":"Ancora del Chianti B&amp;B","article_modified_time":"2024-04-10T19:29:02+00:00","og_image":[{"width":2000,"height":700,"url":"https:\/\/www.ancoradelchianti.it\/wp-content\/uploads\/pages\/your-hosts\/laura-ancora-del-chianti.jpg","type":"image\/jpeg"}],"twitter_card":"summary_large_image","twitter_misc":{"Dur\u00e9e de lecture estim\u00e9e":"3 minutes"},"schema":{"@context":"https:\/\/schema.org","@graph":[{"@type":"WebPage","@id":"https:\/\/www.ancoradelchianti.it\/fr\/accueil_bb_chianti\/bb_ancora_del_chianti_beausac\/","url":"https:\/\/www.ancoradelchianti.it\/fr\/accueil_bb_chianti\/bb_ancora_del_chianti_beausac\/","name":"Vacances en Toscane \u00e0 l'Ancora del Chianti: chambres d'h\u00f4tes - bed and breakfast","isPartOf":{"@id":"https:\/\/www.ancoradelchianti.it\/fr\/#website"},"primaryImageOfPage":{"@id":"https:\/\/www.ancoradelchianti.it\/fr\/accueil_bb_chianti\/bb_ancora_del_chianti_beausac\/#primaryimage"},"image":{"@id":"https:\/\/www.ancoradelchianti.it\/fr\/accueil_bb_chianti\/bb_ancora_del_chianti_beausac\/#primaryimage"},"thumbnailUrl":"https:\/\/www.ancoradelchianti.it\/wp-content\/uploads\/pages\/your-hosts\/laura-ancora-del-chianti.jpg","datePublished":"2024-02-29T14:35:21+00:00","dateModified":"2024-04-10T19:29:02+00:00","description":"vacances en Toscane \u00e0 l'Ancora del Chianti: chambres d'h\u00f4tes - bed and breakfast accueillant et familier pour couples, familles, groupes et voyageurs solos.","breadcrumb":{"@id":"https:\/\/www.ancoradelchianti.it\/fr\/accueil_bb_chianti\/bb_ancora_del_chianti_beausac\/#breadcrumb"},"inLanguage":"fr-FR","potentialAction":[{"@type":"ReadAction","target":["https:\/\/www.ancoradelchianti.it\/fr\/accueil_bb_chianti\/bb_ancora_del_chianti_beausac\/"]}]},{"@type":"ImageObject","inLanguage":"fr-FR","@id":"https:\/\/www.ancoradelchianti.it\/fr\/accueil_bb_chianti\/bb_ancora_del_chianti_beausac\/#primaryimage","url":"https:\/\/www.ancoradelchianti.it\/wp-content\/uploads\/pages\/your-hosts\/laura-ancora-del-chianti.jpg","contentUrl":"https:\/\/www.ancoradelchianti.it\/wp-content\/uploads\/pages\/your-hosts\/laura-ancora-del-chianti.jpg","width":2000,"height":700},{"@type":"BreadcrumbList","@id":"https:\/\/www.ancoradelchianti.it\/fr\/accueil_bb_chianti\/bb_ancora_del_chianti_beausac\/#breadcrumb","itemListElement":[{"@type":"ListItem","position":1,"name":"Home","item":"https:\/\/www.ancoradelchianti.it\/fr\/"},{"@type":"ListItem","position":2,"name":"Bienvenue","item":"https:\/\/www.ancoradelchianti.it\/fr\/accueil_bb_chianti\/"},{"@type":"ListItem","position":3,"name":"Vos H\u00f4tes"}]},{"@type":"WebSite","@id":"https:\/\/www.ancoradelchianti.it\/fr\/#website","url":"https:\/\/www.ancoradelchianti.it\/fr\/","name":"Ancora del Chianti B&amp;B","description":"","publisher":{"@id":"https:\/\/www.ancoradelchianti.it\/fr\/#organization"},"potentialAction":[{"@type":"SearchAction","target":{"@type":"EntryPoint","urlTemplate":"https:\/\/www.ancoradelchianti.it\/fr\/?s={search_term_string}"},"query-input":{"@type":"PropertyValueSpecification","valueRequired":true,"valueName":"search_term_string"}}],"inLanguage":"fr-FR"},{"@type":"Organization","@id":"https:\/\/www.ancoradelchianti.it\/fr\/#organization","name":"Ancora del Chianti B&amp;B","url":"https:\/\/www.ancoradelchianti.it\/fr\/","logo":{"@type":"ImageObject","inLanguage":"fr-FR","@id":"https:\/\/www.ancoradelchianti.it\/fr\/#\/schema\/logo\/image\/","url":"https:\/\/www.ancoradelchianti.it\/wp-content\/uploads\/logo\/logo.png","contentUrl":"https:\/\/www.ancoradelchianti.it\/wp-content\/uploads\/logo\/logo.png","width":129,"height":133,"caption":"Ancora del Chianti B&amp;B"},"image":{"@id":"https:\/\/www.ancoradelchianti.it\/fr\/#\/schema\/logo\/image\/"}}]}},"_links":{"self":[{"href":"https:\/\/www.ancoradelchianti.it\/fr\/wp-json\/wp\/v2\/pages\/8854","targetHints":{"allow":["GET"]}}],"collection":[{"href":"https:\/\/www.ancoradelchianti.it\/fr\/wp-json\/wp\/v2\/pages"}],"about":[{"href":"https:\/\/www.ancoradelchianti.it\/fr\/wp-json\/wp\/v2\/types\/page"}],"author":[{"embeddable":true,"href":"https:\/\/www.ancoradelchianti.it\/fr\/wp-json\/wp\/v2\/users\/1"}],"replies":[{"embeddable":true,"href":"https:\/\/www.ancoradelchianti.it\/fr\/wp-json\/wp\/v2\/comments?post=8854"}],"version-history":[{"count":0,"href":"https:\/\/www.ancoradelchianti.it\/fr\/wp-json\/wp\/v2\/pages\/8854\/revisions"}],"up":[{"embeddable":true,"href":"https:\/\/www.ancoradelchianti.it\/fr\/wp-json\/wp\/v2\/pages\/8852"}],"wp:featuredmedia":[{"embeddable":true,"href":"https:\/\/www.ancoradelchianti.it\/fr\/wp-json\/wp\/v2\/media\/6631"}],"wp:attachment":[{"href":"https:\/\/www.ancoradelchianti.it\/fr\/wp-json\/wp\/v2\/media?parent=8854"}],"wp:term":[{"taxonomy":"category","embeddable":true,"href":"https:\/\/www.ancoradelchianti.it\/fr\/wp-json\/wp\/v2\/categories?post=8854"},{"taxonomy":"post_tag","embeddable":true,"href":"https:\/\/www.ancoradelchianti.it\/fr\/wp-json\/wp\/v2\/tags?post=8854"}],"curies":[{"name":"wp","href":"https:\/\/api.w.org\/{rel}","templated":true}]}}