{"id":8856,"date":"2024-03-02T17:37:44","date_gmt":"2024-03-02T17:37:44","guid":{"rendered":"https:\/\/dev.ancoradelchianti.it\/bienvenue\/tourisme-durable\/"},"modified":"2025-04-30T13:08:23","modified_gmt":"2025-04-30T13:08:23","slug":"turisme_durable","status":"publish","type":"page","link":"https:\/\/www.ancoradelchianti.it\/fr\/accueil_bb_chianti\/turisme_durable\/","title":{"rendered":"Tourisme Durable"},"content":{"rendered":"\t\t<div data-elementor-type=\"wp-page\" data-elementor-id=\"8856\" class=\"elementor elementor-8856 elementor-6677\" data-elementor-post-type=\"page\">\n\t\t\t\t<div class=\"elementor-element elementor-element-cf822f1 e-con-full e-flex e-con e-parent\" data-id=\"cf822f1\" data-element_type=\"container\" data-settings=\"{&quot;jet_parallax_layout_list&quot;:[]}\">\n\t\t\t\t<div data-dce-advanced-background-image-url=\"https:\/\/www.ancoradelchianti.it\/wp-content\/uploads\/pages\/sustainable-tourism\/murosolarium.jpg\" class=\"elementor-element elementor-element-b2e5bb0 elementor-invisible elementor-has-bg-overlay elementor-widget elementor-widget-global elementor-global-232 elementor-widget-heading\" data-id=\"b2e5bb0\" data-element_type=\"widget\" data-settings=\"{&quot;_animation&quot;:&quot;fadeInDown&quot;}\" data-widget_type=\"heading.default\">\n\t\t\t\t<div class=\"elementor-widget-container\">\n\t\t\t<h1 class=\"elementor-heading-title elementor-size-default\">Tourisme Durable<\/h1>\t\t<\/div>\n\t\t\t\t<\/div>\n\t\t\t\t<div class=\"elementor-element elementor-element-031f0de elementor-widget elementor-widget-heading\" data-id=\"031f0de\" data-element_type=\"widget\" data-widget_type=\"heading.default\">\n\t\t\t\t<div class=\"elementor-widget-container\">\n\t\t\t<h2 class=\"elementor-heading-title elementor-size-default\">Hospitalit\u00e9 et Respect de l'Environnement<\/h2>\t\t<\/div>\n\t\t\t\t<\/div>\n\t\t\t\t<\/div>\n\t\t<div class=\"elementor-element elementor-element-2c9a44e e-flex e-con-boxed e-con e-parent\" data-id=\"2c9a44e\" data-element_type=\"container\" data-settings=\"{&quot;jet_parallax_layout_list&quot;:[]}\">\n\t\t\t\t\t<div class=\"e-con-inner\">\n\t\t<div class=\"elementor-element elementor-element-b779996 e-con-full e-flex e-con e-child\" data-id=\"b779996\" data-element_type=\"container\" data-settings=\"{&quot;jet_parallax_layout_list&quot;:[]}\">\n\t\t\t\t<div class=\"elementor-element elementor-element-214b451 elementor-widget elementor-widget-text-editor\" data-id=\"214b451\" data-element_type=\"widget\" data-widget_type=\"text-editor.default\">\n\t\t\t\t<div class=\"elementor-widget-container\">\n\t\t\t\t\t\t\t<h3>L&rsquo;aventure a commenc\u00e9 en 2000, quand, \u00e0 la recherche d&rsquo;exp\u00e9riences au contact de la nature, nous d\u00e9cidons de changer de vie et cr\u00e9er L&rsquo;Ancora del Chianti, Chambres d&rsquo;H\u00f4tes familiales en Toscane.<\/h3>\n\t\t\t\t\t\t<\/div>\n\t\t\t\t<\/div>\n\t\t\t\t<\/div>\n\t\t\t\t\t<\/div>\n\t\t\t\t<\/div>\n\t\t<div class=\"elementor-element elementor-element-a417554 e-flex e-con-boxed e-con e-parent\" data-id=\"a417554\" data-element_type=\"container\" data-settings=\"{&quot;jet_parallax_layout_list&quot;:[]}\">\n\t\t\t\t\t<div class=\"e-con-inner\">\n\t\t\t\t<div class=\"elementor-element elementor-element-1a1e956 elementor-widget elementor-widget-text-editor\" data-id=\"1a1e956\" data-element_type=\"widget\" data-widget_type=\"text-editor.default\">\n\t\t\t\t<div class=\"elementor-widget-container\">\n\t\t\t\t\t\t\t<p><img fetchpriority=\"high\" decoding=\"async\" class=\"alignleft wp-image-6683\" src=\"https:\/\/www.ancoradelchianti.it\/wp-content\/uploads\/pages\/sustainable-tourism\/sostenibile.jpg\" alt=\"responsable tourism\" width=\"355\" height=\"150\" \/><\/p>\n<p>Nous d\u00e9m\u00e9nageons de la ville dans le Chianti et commen\u00e7ons les travaux de restauration de la maison et du jardin pleins d&rsquo;enthousiasme. L&rsquo;id\u00e9e de d\u00e9marrer une activit\u00e9 de bed &amp; breakfast nous permet en outre d&rsquo;accueillir chez nous des personnes venues du monde entier pour partager nos exp\u00e9riences et \u00e9changer nos points de vue \u00e0 travers un tourisme de rencontres. En 2001, nous accueillons nos premiers h\u00f4tes.<\/p>\n<p>Nous avons d\u00e9m\u00e9nag\u00e9 d&rsquo;un appartement dans la ville pour nous installer en pleine campagne: dans une ferme isol\u00e9e au sommet de la colline entour\u00e9e d&rsquo;oliviers et de bois. Avec beaucoup d&rsquo;enthousiasme, nous avons imm\u00e9diatement commenc\u00e9 la restauration de la ferme, des vignes et du jardin et nous avons pu accueillir les premiers invit\u00e9s dans notre nouvelle maison peu apr\u00e8s, \u00e0 l&rsquo;Ancora del Chianti le premier B&amp;B \u00e9cologique \u00e0 Greve in Chianti.<\/p>\n<p>Nous croyons en la promotion d&rsquo;un tourisme durable et d&rsquo;un style de vie qui prend en compte l&rsquo;impact sur l&rsquo;environnement et s&rsquo;efforce de le minimiser. Pour cette raison, \u00e0 l&rsquo;Ancora del Chianti, nous adoptons des pratiques inspir\u00e9es par des crit\u00e8res de durabilit\u00e9 environnementale au profit de notre famille, des clients et de ceux qui viendront apr\u00e8s nous en invitant nos clients \u00e0 collaborer avec des gestes simples.<\/p>\n\t\t\t\t\t\t<\/div>\n\t\t\t\t<\/div>\n\t\t\t\t\t<\/div>\n\t\t\t\t<\/div>\n\t\t<div class=\"elementor-element elementor-element-4a22f66 e-flex e-con-boxed e-con e-parent\" data-id=\"4a22f66\" data-element_type=\"container\" data-settings=\"{&quot;jet_parallax_layout_list&quot;:[]}\">\n\t\t\t\t\t<div class=\"e-con-inner\">\n\t\t\t\t<div class=\"elementor-element elementor-element-953e9a6 elementor-widget elementor-widget-text-editor\" data-id=\"953e9a6\" data-element_type=\"widget\" data-widget_type=\"text-editor.default\">\n\t\t\t\t<div class=\"elementor-widget-container\">\n\t\t\t\t\t\t\t<h3>Voici quelques exemples:<\/h3>\n\t\t\t\t\t\t<\/div>\n\t\t\t\t<\/div>\n\t\t\t\t\t<\/div>\n\t\t\t\t<\/div>\n\t\t<div class=\"elementor-element elementor-element-11ab803 e-flex e-con-boxed e-con e-parent\" data-id=\"11ab803\" data-element_type=\"container\" data-settings=\"{&quot;jet_parallax_layout_list&quot;:[]}\">\n\t\t\t\t\t<div class=\"e-con-inner\">\n\t\t<div class=\"elementor-element elementor-element-2ae851a e-con-full e-flex e-con e-child\" data-id=\"2ae851a\" data-element_type=\"container\" data-settings=\"{&quot;jet_parallax_layout_list&quot;:[]}\">\n\t\t\t\t<div class=\"elementor-element elementor-element-b52796e elementor-widget elementor-widget-text-editor\" data-id=\"b52796e\" data-element_type=\"widget\" data-widget_type=\"text-editor.default\">\n\t\t\t\t<div class=\"elementor-widget-container\">\n\t\t\t\t\t\t\t<p><strong>Energie alternative:<\/strong> en 2010, nous avons install\u00e9 un\u00a0syst\u00e8me photovolta\u00efque\u00a0qui nous permet de produire et d&rsquo;utiliser l&rsquo;\u00e9lectricit\u00e9 sans \u00e9missions de CO2, en exploitant les rayons du soleil. Depuis longtemps, nous avons remplac\u00e9 les ampoules classiques par des ampoules \u00e0 basse consommation et, quand nous devons acheter des \u00e9quipements \u00e9lectrom\u00e9nagers, nous choisissons ceux qui consomment le moins d&rsquo;\u00e9nergie.<\/p>\n<p><strong>Biomasse:<\/strong> notre famille vit toute l&rsquo;ann\u00e9e \u00e0 l&rsquo;Ancora del Chianti. Avec l&rsquo;arriv\u00e9e de l&rsquo;hiver (et des enfants ! ! !), le chauffage est devenu indispensable. Au fil du temps nous avons d&rsquo;abord remplac\u00e9 la vieille chaudi\u00e8re au fioul par une chaudi\u00e8re \u00e0 gaz. Puis, en 2008, nous nous sommes d\u00e9finitivement convertis aux biomasses en installant une chaudi\u00e8re \u00e0 bois qui chauffe la maison en utilisant le bois de nos for\u00eats. Certes, cela repr\u00e9sente plus de travail pour chacun d&rsquo;entre nous: Filippo s&rsquo;occupe de couper et de transporter le bois jusqu&rsquo;\u00e0\u00a0 la chaudi\u00e8re et Laura charge la chaudi\u00e8re chaque matin, le feu ne doit pas s&rsquo;\u00e9teindre. Les enfants nous aident volontiers dans ces t\u00e2ches. La cendre est utilis\u00e9e dans les champs comme engrais ou m\u00e9lang\u00e9e au compost.<\/p>\n<p><strong>Phytod\u00e9puration:<\/strong>\u00a0la d\u00e9puration des eaux us\u00e9es est confi\u00e9e \u00e0 la nature, selon les techniques modernes de la phytod\u00e9puration. Apr\u00e8s la d\u00e9cantation dans un bac, les eaux r\u00e9siduelles sont v\u00e9hicul\u00e9es dans un bassin et d\u00e9pur\u00e9es par l&rsquo;action combin\u00e9e de microorganismes et des racines de plantes aquatiques sp\u00e9ciales sans l&rsquo;utilisation de moyens m\u00e9caniques \/ \u00e9lectriques. A la fin du processus, l&rsquo;eau est r\u00e9utilis\u00e9e pour arroser le jardin et le potager.<\/p>\n\t\t\t\t\t\t<\/div>\n\t\t\t\t<\/div>\n\t\t\t\t<\/div>\n\t\t<div class=\"elementor-element elementor-element-ebecfe8 e-con-full e-flex e-con e-child\" data-id=\"ebecfe8\" data-element_type=\"container\" data-settings=\"{&quot;jet_parallax_layout_list&quot;:[]}\">\n\t\t\t\t<div class=\"elementor-element elementor-element-17befc3 dce_masking-none elementor-widget elementor-widget-image\" data-id=\"17befc3\" data-element_type=\"widget\" data-widget_type=\"image.default\">\n\t\t\t\t<div class=\"elementor-widget-container\">\n\t\t\t\t\t\t\t\t\t\t\t\t\t<img decoding=\"async\" width=\"200\" height=\"260\" src=\"https:\/\/www.ancoradelchianti.it\/wp-content\/uploads\/pages\/sustainable-tourism\/biomasse.jpg\" class=\"attachment-large size-large wp-image-6688\" alt=\"\" \/>\t\t\t\t\t\t\t\t\t\t\t\t\t<\/div>\n\t\t\t\t<\/div>\n\t\t\t\t<\/div>\n\t\t\t\t\t<\/div>\n\t\t\t\t<\/div>\n\t\t<div class=\"elementor-element elementor-element-19c9ab8 e-flex e-con-boxed e-con e-parent\" data-id=\"19c9ab8\" data-element_type=\"container\" data-settings=\"{&quot;jet_parallax_layout_list&quot;:[]}\">\n\t\t\t\t\t<div class=\"e-con-inner\">\n\t\t<div class=\"elementor-element elementor-element-e2f304b e-con-full e-flex e-con e-child\" data-id=\"e2f304b\" data-element_type=\"container\" data-settings=\"{&quot;jet_parallax_layout_list&quot;:[]}\">\n\t\t\t\t<div class=\"elementor-element elementor-element-b70e950 dce_masking-none elementor-widget elementor-widget-image\" data-id=\"b70e950\" data-element_type=\"widget\" data-widget_type=\"image.default\">\n\t\t\t\t<div class=\"elementor-widget-container\">\n\t\t\t\t\t\t\t\t\t\t\t\t\t<img decoding=\"async\" width=\"200\" height=\"260\" src=\"https:\/\/www.ancoradelchianti.it\/wp-content\/uploads\/pages\/sustainable-tourism\/sviluppo_locale.jpg\" class=\"attachment-large size-large wp-image-6695\" alt=\"\" \/>\t\t\t\t\t\t\t\t\t\t\t\t\t<\/div>\n\t\t\t\t<\/div>\n\t\t\t\t<\/div>\n\t\t<div class=\"elementor-element elementor-element-930a14d e-con-full e-flex e-con e-child\" data-id=\"930a14d\" data-element_type=\"container\" data-settings=\"{&quot;jet_parallax_layout_list&quot;:[]}\">\n\t\t\t\t<div class=\"elementor-element elementor-element-fd86835 elementor-widget elementor-widget-text-editor\" data-id=\"fd86835\" data-element_type=\"widget\" data-widget_type=\"text-editor.default\">\n\t\t\t\t<div class=\"elementor-widget-container\">\n\t\t\t\t\t\t\t<p><strong>Strat\u00e9gie Z\u00e9ro d\u00e9chets<\/strong>\u00a0(Zero Waste Strategy): depuis le mois de juin 2011, nous adh\u00e9rons au projet Wasteless dans le Chianti (<a href=\"http:\/\/www.wasteless-in-chianti.it\/\">http:\/\/www.wasteless-in-chianti.it\/<\/a>), projet Life de la Communaut\u00e9 Europ\u00e9enne, pour\u00a0la diffusion d&rsquo;une gestion durable des d\u00e9chets de la part des activit\u00e9s productives.\u00a0Par exemple, dans les salles de bain, nous proposons des distributeurs de savon \/ bain douche plut\u00f4t que des articles de toilette jetables; pour les petits-d\u00e9jeuners, quand cela est possible, nous avons remplac\u00e9 la portion individuelle par des dispositifs de dosage hygi\u00e9niquement adapt\u00e9s. En outre, nous demandons \u00e0 nos h\u00f4tes de s&rsquo;appliquer \u00e0 respecter le tri s\u00e9lectif et dans ce but, nous avons r\u00e9alis\u00e9 une petite plate-forme \u00e9cologique o\u00f9 nos h\u00f4tes peuvent facilement s\u00e9parer eux-m\u00eames leurs d\u00e9chets et les mettre dans les conteneurs pr\u00e9vus \u00e0 cet effet\u00a0: verre, plastique, aluminium\u00a0\/ d\u00e9chets organiques \/ papier.<\/p>\n<p><strong>Culture biologique et conservation de la faune sauvage:\u00a0<\/strong>Filippo et Laura, dans un souci d&rsquo;am\u00e9lioration de la production et pour leur propre satisfaction personnelle, s&rsquo;int\u00e9ressent de plus en plus aux techniques d&rsquo;agriculture biologique. Vos suggestions seront les bienvenues. Les vignes, les olives, le potager et le jardin sont trait\u00e9s sans l&rsquo;utilisation de pesticides, de d\u00e9sherbants ni de fertilisants chimiques, mais en privil\u00e9giant des m\u00e9thodes traditionnelles de culture, d&rsquo;amendement et r\u00e9colte pour continuer \u00e0 savourer aujourd&rsquo;hui les bonnes saveurs d&rsquo;autrefois et jouir d&rsquo;un environnement beau et sain pour nous, nos h\u00f4tes et les animaux qui y vivent. Pour nous prot\u00e9ger des moustiques, nous avons install\u00e9 dans chaque chambre d&rsquo;\u00e9l\u00e9gantes moustiquaires afin d&rsquo;\u00e9viter l&rsquo;usage de produits chimiques, par ailleurs parfois peu tol\u00e9r\u00e9s par nos h\u00f4tes. L&rsquo;utilisation de m\u00e9thodes de cultures exclusivement naturelles permet \u00e0 de nombreuses esp\u00e8ces sensibles aux changements environnementaux de se d\u00e9velopper : papillons, libellules, mouches dor\u00e9es, coccinelles, sauterelles, cigales, grillons, et surtout les splendides lucioles, d\u00e9sormais pratiquement en voie de disparition, qui scintillent dans la nuit en \u00e9t\u00e9. Nous sommes fiers de signaler que l&rsquo;abondance de nourriture et les conditions propices ont permis \u00e0 Gunilla, une de nos h\u00f4tes su\u00e9doises experte en ornithologie, de recenser la pr\u00e9sence d&rsquo;au moins 44 esp\u00e8ces diff\u00e9rentes d&rsquo;oiseaux autour de la maison au mois de mai!<\/p>\n<p><strong>Promotion du d\u00e9veloppement local:<\/strong>\u00a0\u00e0 l&rsquo;Ancora del Chianti, vous trouverez des informations utiles pour visiter des fermes biologiques de production de vin, huile, fromage, miel, etc.;\u00a0conna\u00eetre les productions artisanales typiques et les ateliers d&rsquo;artistes;\u00a0d\u00e9couvrir les associations nationales et internationales auxquelles nous adh\u00e9rons qui s&rsquo;occupent de la promotion et de la diffusion de la ruralit\u00e9 et de d\u00e9veloppement durable.<\/p>\n<p style=\"text-align: center;\"><strong>La Toscane\u00a0<\/strong><strong>vous attend!<\/strong><\/p>\n\t\t\t\t\t\t<\/div>\n\t\t\t\t<\/div>\n\t\t\t\t<\/div>\n\t\t\t\t\t<\/div>\n\t\t\t\t<\/div>\n\t\t<div class=\"elementor-element elementor-element-4fdb349 e-flex e-con-boxed e-con e-parent\" data-id=\"4fdb349\" data-element_type=\"container\" data-settings=\"{&quot;jet_parallax_layout_list&quot;:[]}\">\n\t\t\t\t\t<div class=\"e-con-inner\">\n\t\t\t\t<div class=\"elementor-element elementor-element-cc5cf24 elementor-widget elementor-widget-global elementor-global-8862 elementor-global-6616 elementor-widget-text-editor\" data-id=\"cc5cf24\" data-element_type=\"widget\" data-widget_type=\"text-editor.default\">\n\t\t\t\t<div class=\"elementor-widget-container\">\n\t\t\t\t\t\t\t<p style=\"text-align: center;\"><a href=\"https:\/\/ancoradelchianti.beddy.io\/#\/(beddy:home)?lang=fr\" target=\"_blank\" rel=\"noopener\"><strong>RESERVEZ MAINTENANT<\/strong><\/a>\u00a0ou envoyez un mail \u00e0\u00a0<a href=\"mailto:info@ancoradelchianti.it\" target=\"_blank\" rel=\"noopener\">info@ancoradelchianti.it<\/a><\/p>\n\t\t\t\t\t\t<\/div>\n\t\t\t\t<\/div>\n\t\t\t\t\t<\/div>\n\t\t\t\t<\/div>\n\t\t\t\t<\/div>\n\t\t","protected":false},"excerpt":{"rendered":"<p>Ancora del Chianti B&#038;B: \u00e0 la recherche d&rsquo;exp\u00e9riences au contact de la nature chez un Chambres d&rsquo;H\u00f4tes familial en Toscane.<\/p>\n","protected":false},"author":1,"featured_media":7123,"parent":8852,"menu_order":28,"comment_status":"closed","ping_status":"closed","template":"","meta":{"_acf_changed":false,"footnotes":""},"categories":[],"tags":[],"class_list":["post-8856","page","type-page","status-publish","has-post-thumbnail","hentry"],"acf":[],"yoast_head":"<!-- This site is optimized with the Yoast SEO plugin v24.0 - https:\/\/yoast.com\/wordpress\/plugins\/seo\/ -->\n<title>Ancora del Chianti Chambres d&#039;H\u00f4tes en Toscane et Tourisme Durable<\/title>\n<meta name=\"description\" content=\"Ancora del Chianti B&amp;B: \u00e0 la recherche d&#039;exp\u00e9riences au contact de la nature chez un Chambres d&#039;H\u00f4tes familial en Toscane.\" \/>\n<meta name=\"robots\" content=\"index, follow, max-snippet:-1, max-image-preview:large, max-video-preview:-1\" \/>\n<link rel=\"canonical\" href=\"https:\/\/www.ancoradelchianti.it\/fr\/accueil_bb_chianti\/turisme_durable\/\" \/>\n<meta property=\"og:locale\" content=\"fr_FR\" \/>\n<meta property=\"og:type\" content=\"article\" \/>\n<meta property=\"og:title\" content=\"Ancora del Chianti Chambres d&#039;H\u00f4tes en Toscane et Tourisme Durable\" \/>\n<meta property=\"og:description\" content=\"Ancora del Chianti B&amp;B: \u00e0 la recherche d&#039;exp\u00e9riences au contact de la nature chez un Chambres d&#039;H\u00f4tes familial en Toscane.\" \/>\n<meta property=\"og:url\" content=\"https:\/\/www.ancoradelchianti.it\/fr\/accueil_bb_chianti\/turisme_durable\/\" \/>\n<meta property=\"og:site_name\" content=\"Ancora del Chianti B&amp;B\" \/>\n<meta property=\"article:modified_time\" content=\"2025-04-30T13:08:23+00:00\" \/>\n<meta property=\"og:image\" content=\"https:\/\/www.ancoradelchianti.it\/wp-content\/uploads\/pages\/sustainable-tourism\/murosolarium.jpg\" \/>\n\t<meta property=\"og:image:width\" content=\"1920\" \/>\n\t<meta property=\"og:image:height\" content=\"672\" \/>\n\t<meta property=\"og:image:type\" content=\"image\/jpeg\" \/>\n<meta name=\"twitter:card\" content=\"summary_large_image\" \/>\n<meta name=\"twitter:label1\" content=\"Dur\u00e9e de lecture estim\u00e9e\" \/>\n\t<meta name=\"twitter:data1\" content=\"5 minutes\" \/>\n<script type=\"application\/ld+json\" class=\"yoast-schema-graph\">{\"@context\":\"https:\/\/schema.org\",\"@graph\":[{\"@type\":\"WebPage\",\"@id\":\"https:\/\/www.ancoradelchianti.it\/fr\/accueil_bb_chianti\/turisme_durable\/\",\"url\":\"https:\/\/www.ancoradelchianti.it\/fr\/accueil_bb_chianti\/turisme_durable\/\",\"name\":\"Ancora del Chianti Chambres d'H\u00f4tes en Toscane et Tourisme Durable\",\"isPartOf\":{\"@id\":\"https:\/\/www.ancoradelchianti.it\/fr\/#website\"},\"primaryImageOfPage\":{\"@id\":\"https:\/\/www.ancoradelchianti.it\/fr\/accueil_bb_chianti\/turisme_durable\/#primaryimage\"},\"image\":{\"@id\":\"https:\/\/www.ancoradelchianti.it\/fr\/accueil_bb_chianti\/turisme_durable\/#primaryimage\"},\"thumbnailUrl\":\"https:\/\/www.ancoradelchianti.it\/wp-content\/uploads\/pages\/sustainable-tourism\/murosolarium.jpg\",\"datePublished\":\"2024-03-02T17:37:44+00:00\",\"dateModified\":\"2025-04-30T13:08:23+00:00\",\"description\":\"Ancora del Chianti B&B: \u00e0 la recherche d'exp\u00e9riences au contact de la nature chez un Chambres d'H\u00f4tes familial en Toscane.\",\"breadcrumb\":{\"@id\":\"https:\/\/www.ancoradelchianti.it\/fr\/accueil_bb_chianti\/turisme_durable\/#breadcrumb\"},\"inLanguage\":\"fr-FR\",\"potentialAction\":[{\"@type\":\"ReadAction\",\"target\":[\"https:\/\/www.ancoradelchianti.it\/fr\/accueil_bb_chianti\/turisme_durable\/\"]}]},{\"@type\":\"ImageObject\",\"inLanguage\":\"fr-FR\",\"@id\":\"https:\/\/www.ancoradelchianti.it\/fr\/accueil_bb_chianti\/turisme_durable\/#primaryimage\",\"url\":\"https:\/\/www.ancoradelchianti.it\/wp-content\/uploads\/pages\/sustainable-tourism\/murosolarium.jpg\",\"contentUrl\":\"https:\/\/www.ancoradelchianti.it\/wp-content\/uploads\/pages\/sustainable-tourism\/murosolarium.jpg\",\"width\":1920,\"height\":672},{\"@type\":\"BreadcrumbList\",\"@id\":\"https:\/\/www.ancoradelchianti.it\/fr\/accueil_bb_chianti\/turisme_durable\/#breadcrumb\",\"itemListElement\":[{\"@type\":\"ListItem\",\"position\":1,\"name\":\"Home\",\"item\":\"https:\/\/www.ancoradelchianti.it\/fr\/\"},{\"@type\":\"ListItem\",\"position\":2,\"name\":\"Bienvenue\",\"item\":\"https:\/\/www.ancoradelchianti.it\/fr\/accueil_bb_chianti\/\"},{\"@type\":\"ListItem\",\"position\":3,\"name\":\"Tourisme Durable\"}]},{\"@type\":\"WebSite\",\"@id\":\"https:\/\/www.ancoradelchianti.it\/fr\/#website\",\"url\":\"https:\/\/www.ancoradelchianti.it\/fr\/\",\"name\":\"Ancora del Chianti B&amp;B\",\"description\":\"\",\"publisher\":{\"@id\":\"https:\/\/www.ancoradelchianti.it\/fr\/#organization\"},\"potentialAction\":[{\"@type\":\"SearchAction\",\"target\":{\"@type\":\"EntryPoint\",\"urlTemplate\":\"https:\/\/www.ancoradelchianti.it\/fr\/?s={search_term_string}\"},\"query-input\":{\"@type\":\"PropertyValueSpecification\",\"valueRequired\":true,\"valueName\":\"search_term_string\"}}],\"inLanguage\":\"fr-FR\"},{\"@type\":\"Organization\",\"@id\":\"https:\/\/www.ancoradelchianti.it\/fr\/#organization\",\"name\":\"Ancora del Chianti B&amp;B\",\"url\":\"https:\/\/www.ancoradelchianti.it\/fr\/\",\"logo\":{\"@type\":\"ImageObject\",\"inLanguage\":\"fr-FR\",\"@id\":\"https:\/\/www.ancoradelchianti.it\/fr\/#\/schema\/logo\/image\/\",\"url\":\"https:\/\/www.ancoradelchianti.it\/wp-content\/uploads\/logo\/logo.png\",\"contentUrl\":\"https:\/\/www.ancoradelchianti.it\/wp-content\/uploads\/logo\/logo.png\",\"width\":129,\"height\":133,\"caption\":\"Ancora del Chianti B&amp;B\"},\"image\":{\"@id\":\"https:\/\/www.ancoradelchianti.it\/fr\/#\/schema\/logo\/image\/\"}}]}<\/script>\n<!-- \/ Yoast SEO plugin. -->","yoast_head_json":{"title":"Ancora del Chianti Chambres d'H\u00f4tes en Toscane et Tourisme Durable","description":"Ancora del Chianti B&B: \u00e0 la recherche d'exp\u00e9riences au contact de la nature chez un Chambres d'H\u00f4tes familial en Toscane.","robots":{"index":"index","follow":"follow","max-snippet":"max-snippet:-1","max-image-preview":"max-image-preview:large","max-video-preview":"max-video-preview:-1"},"canonical":"https:\/\/www.ancoradelchianti.it\/fr\/accueil_bb_chianti\/turisme_durable\/","og_locale":"fr_FR","og_type":"article","og_title":"Ancora del Chianti Chambres d'H\u00f4tes en Toscane et Tourisme Durable","og_description":"Ancora del Chianti B&B: \u00e0 la recherche d'exp\u00e9riences au contact de la nature chez un Chambres d'H\u00f4tes familial en Toscane.","og_url":"https:\/\/www.ancoradelchianti.it\/fr\/accueil_bb_chianti\/turisme_durable\/","og_site_name":"Ancora del Chianti B&amp;B","article_modified_time":"2025-04-30T13:08:23+00:00","og_image":[{"width":1920,"height":672,"url":"https:\/\/www.ancoradelchianti.it\/wp-content\/uploads\/pages\/sustainable-tourism\/murosolarium.jpg","type":"image\/jpeg"}],"twitter_card":"summary_large_image","twitter_misc":{"Dur\u00e9e de lecture estim\u00e9e":"5 minutes"},"schema":{"@context":"https:\/\/schema.org","@graph":[{"@type":"WebPage","@id":"https:\/\/www.ancoradelchianti.it\/fr\/accueil_bb_chianti\/turisme_durable\/","url":"https:\/\/www.ancoradelchianti.it\/fr\/accueil_bb_chianti\/turisme_durable\/","name":"Ancora del Chianti Chambres d'H\u00f4tes en Toscane et Tourisme Durable","isPartOf":{"@id":"https:\/\/www.ancoradelchianti.it\/fr\/#website"},"primaryImageOfPage":{"@id":"https:\/\/www.ancoradelchianti.it\/fr\/accueil_bb_chianti\/turisme_durable\/#primaryimage"},"image":{"@id":"https:\/\/www.ancoradelchianti.it\/fr\/accueil_bb_chianti\/turisme_durable\/#primaryimage"},"thumbnailUrl":"https:\/\/www.ancoradelchianti.it\/wp-content\/uploads\/pages\/sustainable-tourism\/murosolarium.jpg","datePublished":"2024-03-02T17:37:44+00:00","dateModified":"2025-04-30T13:08:23+00:00","description":"Ancora del Chianti B&B: \u00e0 la recherche d'exp\u00e9riences au contact de la nature chez un Chambres d'H\u00f4tes familial en Toscane.","breadcrumb":{"@id":"https:\/\/www.ancoradelchianti.it\/fr\/accueil_bb_chianti\/turisme_durable\/#breadcrumb"},"inLanguage":"fr-FR","potentialAction":[{"@type":"ReadAction","target":["https:\/\/www.ancoradelchianti.it\/fr\/accueil_bb_chianti\/turisme_durable\/"]}]},{"@type":"ImageObject","inLanguage":"fr-FR","@id":"https:\/\/www.ancoradelchianti.it\/fr\/accueil_bb_chianti\/turisme_durable\/#primaryimage","url":"https:\/\/www.ancoradelchianti.it\/wp-content\/uploads\/pages\/sustainable-tourism\/murosolarium.jpg","contentUrl":"https:\/\/www.ancoradelchianti.it\/wp-content\/uploads\/pages\/sustainable-tourism\/murosolarium.jpg","width":1920,"height":672},{"@type":"BreadcrumbList","@id":"https:\/\/www.ancoradelchianti.it\/fr\/accueil_bb_chianti\/turisme_durable\/#breadcrumb","itemListElement":[{"@type":"ListItem","position":1,"name":"Home","item":"https:\/\/www.ancoradelchianti.it\/fr\/"},{"@type":"ListItem","position":2,"name":"Bienvenue","item":"https:\/\/www.ancoradelchianti.it\/fr\/accueil_bb_chianti\/"},{"@type":"ListItem","position":3,"name":"Tourisme Durable"}]},{"@type":"WebSite","@id":"https:\/\/www.ancoradelchianti.it\/fr\/#website","url":"https:\/\/www.ancoradelchianti.it\/fr\/","name":"Ancora del Chianti B&amp;B","description":"","publisher":{"@id":"https:\/\/www.ancoradelchianti.it\/fr\/#organization"},"potentialAction":[{"@type":"SearchAction","target":{"@type":"EntryPoint","urlTemplate":"https:\/\/www.ancoradelchianti.it\/fr\/?s={search_term_string}"},"query-input":{"@type":"PropertyValueSpecification","valueRequired":true,"valueName":"search_term_string"}}],"inLanguage":"fr-FR"},{"@type":"Organization","@id":"https:\/\/www.ancoradelchianti.it\/fr\/#organization","name":"Ancora del Chianti B&amp;B","url":"https:\/\/www.ancoradelchianti.it\/fr\/","logo":{"@type":"ImageObject","inLanguage":"fr-FR","@id":"https:\/\/www.ancoradelchianti.it\/fr\/#\/schema\/logo\/image\/","url":"https:\/\/www.ancoradelchianti.it\/wp-content\/uploads\/logo\/logo.png","contentUrl":"https:\/\/www.ancoradelchianti.it\/wp-content\/uploads\/logo\/logo.png","width":129,"height":133,"caption":"Ancora del Chianti B&amp;B"},"image":{"@id":"https:\/\/www.ancoradelchianti.it\/fr\/#\/schema\/logo\/image\/"}}]}},"_links":{"self":[{"href":"https:\/\/www.ancoradelchianti.it\/fr\/wp-json\/wp\/v2\/pages\/8856","targetHints":{"allow":["GET"]}}],"collection":[{"href":"https:\/\/www.ancoradelchianti.it\/fr\/wp-json\/wp\/v2\/pages"}],"about":[{"href":"https:\/\/www.ancoradelchianti.it\/fr\/wp-json\/wp\/v2\/types\/page"}],"author":[{"embeddable":true,"href":"https:\/\/www.ancoradelchianti.it\/fr\/wp-json\/wp\/v2\/users\/1"}],"replies":[{"embeddable":true,"href":"https:\/\/www.ancoradelchianti.it\/fr\/wp-json\/wp\/v2\/comments?post=8856"}],"version-history":[{"count":0,"href":"https:\/\/www.ancoradelchianti.it\/fr\/wp-json\/wp\/v2\/pages\/8856\/revisions"}],"up":[{"embeddable":true,"href":"https:\/\/www.ancoradelchianti.it\/fr\/wp-json\/wp\/v2\/pages\/8852"}],"wp:featuredmedia":[{"embeddable":true,"href":"https:\/\/www.ancoradelchianti.it\/fr\/wp-json\/wp\/v2\/media\/7123"}],"wp:attachment":[{"href":"https:\/\/www.ancoradelchianti.it\/fr\/wp-json\/wp\/v2\/media?parent=8856"}],"wp:term":[{"taxonomy":"category","embeddable":true,"href":"https:\/\/www.ancoradelchianti.it\/fr\/wp-json\/wp\/v2\/categories?post=8856"},{"taxonomy":"post_tag","embeddable":true,"href":"https:\/\/www.ancoradelchianti.it\/fr\/wp-json\/wp\/v2\/tags?post=8856"}],"curies":[{"name":"wp","href":"https:\/\/api.w.org\/{rel}","templated":true}]}}