{"id":8919,"date":"2024-03-06T15:23:33","date_gmt":"2024-03-06T15:23:33","guid":{"rendered":"https:\/\/dev.ancoradelchianti.it\/chambres-dhotes\/commentaires\/"},"modified":"2024-04-10T19:23:48","modified_gmt":"2024-04-10T19:23:48","slug":"commentaires","status":"publish","type":"page","link":"https:\/\/www.ancoradelchianti.it\/fr\/chambres_hotes_toscane\/commentaires\/","title":{"rendered":"Commentaires"},"content":{"rendered":"\n<div style=\"height:49px\" aria-hidden=\"true\" class=\"wp-block-spacer\"><\/div>\n\n<h2 class=\"wp-block-heading has-text-align-center\">Commentaires<\/h2>\n\n<p>Vous y trouverez des t\u00e9moignages sinc\u00e8res, des r\u00e9actions franches et des moments m\u00e9morables qui capturent l&rsquo;essence de notre chambre d&rsquo;h\u00f4tes. D\u00e9couvrez des r\u00e9cits de premi\u00e8re main qui brossent un tableau vivant de l&rsquo;hospitalit\u00e9 \u00e0 l&rsquo;Ancora del Chianti. Vos voix fa\u00e7onnent notre voyage et nous guident pour am\u00e9liorer votre s\u00e9jour. Merci de faire partie de notre histoire.<\/p>\n\n<div style=\"height:49px\" aria-hidden=\"true\" class=\"wp-block-spacer\"><\/div>\n\n<script src=\"https:\/\/static.elfsight.com\/platform\/platform.js\" data-use-service-core=\"\" defer=\"defer\"><\/script>\r\n<div class=\"elfsight-app-861b3ad9-3ffa-4221-9d8b-fef527c3908a\" data-elfsight-app-lazy=\"\"><\/div>\r\n\n<div style=\"height:50px\" aria-hidden=\"true\" class=\"wp-block-spacer\"><\/div>\n","protected":false},"excerpt":{"rendered":"<p>Vous y trouverez des t\u00e9moignages sinc\u00e8res, des r\u00e9actions franches et des moments m\u00e9morables qui capturent l&rsquo;essence de notre chambre d&rsquo;h\u00f4tes. D\u00e9couvrez des r\u00e9cits de premi\u00e8re main qui brossent un tableau vivant de l&rsquo;hospitalit\u00e9 \u00e0 l&rsquo;Ancora del Chianti. Vos voix fa\u00e7onnent notre voyage et nous guident pour am\u00e9liorer votre s\u00e9jour. Merci de faire partie de notre histoire.<\/p>\n","protected":false},"author":1,"featured_media":6761,"parent":8911,"menu_order":57,"comment_status":"closed","ping_status":"closed","template":"","meta":{"_acf_changed":false,"footnotes":""},"categories":[],"tags":[],"class_list":["post-8919","page","type-page","status-publish","has-post-thumbnail","hentry"],"acf":[],"yoast_head":"<!-- This site is optimized with the Yoast SEO plugin v24.0 - https:\/\/yoast.com\/wordpress\/plugins\/seo\/ -->\n<title>Commentaires - Ancora del Chianti B&amp;B<\/title>\n<meta name=\"description\" content=\"Vous y trouverez des t\u00e9moignages sinc\u00e8res, des r\u00e9actions franches et des moments m\u00e9morables qui capturent l&#039;essence de notre chambre d&#039;h\u00f4tes.\" \/>\n<meta name=\"robots\" content=\"index, follow, max-snippet:-1, max-image-preview:large, max-video-preview:-1\" \/>\n<link rel=\"canonical\" href=\"https:\/\/www.ancoradelchianti.it\/fr\/chambres_hotes_toscane\/commentaires\/\" \/>\n<meta property=\"og:locale\" content=\"fr_FR\" \/>\n<meta property=\"og:type\" content=\"article\" \/>\n<meta property=\"og:title\" content=\"Commentaires - Ancora del Chianti B&amp;B\" \/>\n<meta property=\"og:description\" content=\"Vous y trouverez des t\u00e9moignages sinc\u00e8res, des r\u00e9actions franches et des moments m\u00e9morables qui capturent l&#039;essence de notre chambre d&#039;h\u00f4tes.\" \/>\n<meta property=\"og:url\" content=\"https:\/\/www.ancoradelchianti.it\/fr\/chambres_hotes_toscane\/commentaires\/\" \/>\n<meta property=\"og:site_name\" content=\"Ancora del Chianti B&amp;B\" \/>\n<meta property=\"article:modified_time\" content=\"2024-04-10T19:23:48+00:00\" \/>\n<meta property=\"og:image\" content=\"https:\/\/www.ancoradelchianti.it\/wp-content\/uploads\/pages\/guestbook\/giardino.jpg\" \/>\n\t<meta property=\"og:image:width\" content=\"1920\" \/>\n\t<meta property=\"og:image:height\" content=\"672\" \/>\n\t<meta property=\"og:image:type\" content=\"image\/jpeg\" \/>\n<meta name=\"twitter:card\" content=\"summary_large_image\" \/>\n<script type=\"application\/ld+json\" class=\"yoast-schema-graph\">{\"@context\":\"https:\/\/schema.org\",\"@graph\":[{\"@type\":\"WebPage\",\"@id\":\"https:\/\/www.ancoradelchianti.it\/fr\/chambres_hotes_toscane\/commentaires\/\",\"url\":\"https:\/\/www.ancoradelchianti.it\/fr\/chambres_hotes_toscane\/commentaires\/\",\"name\":\"Commentaires - Ancora del Chianti B&amp;B\",\"isPartOf\":{\"@id\":\"https:\/\/www.ancoradelchianti.it\/fr\/#website\"},\"primaryImageOfPage\":{\"@id\":\"https:\/\/www.ancoradelchianti.it\/fr\/chambres_hotes_toscane\/commentaires\/#primaryimage\"},\"image\":{\"@id\":\"https:\/\/www.ancoradelchianti.it\/fr\/chambres_hotes_toscane\/commentaires\/#primaryimage\"},\"thumbnailUrl\":\"https:\/\/www.ancoradelchianti.it\/wp-content\/uploads\/pages\/guestbook\/giardino.jpg\",\"datePublished\":\"2024-03-06T15:23:33+00:00\",\"dateModified\":\"2024-04-10T19:23:48+00:00\",\"description\":\"Vous y trouverez des t\u00e9moignages sinc\u00e8res, des r\u00e9actions franches et des moments m\u00e9morables qui capturent l'essence de notre chambre d'h\u00f4tes.\",\"breadcrumb\":{\"@id\":\"https:\/\/www.ancoradelchianti.it\/fr\/chambres_hotes_toscane\/commentaires\/#breadcrumb\"},\"inLanguage\":\"fr-FR\",\"potentialAction\":[{\"@type\":\"ReadAction\",\"target\":[\"https:\/\/www.ancoradelchianti.it\/fr\/chambres_hotes_toscane\/commentaires\/\"]}]},{\"@type\":\"ImageObject\",\"inLanguage\":\"fr-FR\",\"@id\":\"https:\/\/www.ancoradelchianti.it\/fr\/chambres_hotes_toscane\/commentaires\/#primaryimage\",\"url\":\"https:\/\/www.ancoradelchianti.it\/wp-content\/uploads\/pages\/guestbook\/giardino.jpg\",\"contentUrl\":\"https:\/\/www.ancoradelchianti.it\/wp-content\/uploads\/pages\/guestbook\/giardino.jpg\",\"width\":1920,\"height\":672,\"caption\":\"Ancora del Chianti B&B Guestbook\"},{\"@type\":\"BreadcrumbList\",\"@id\":\"https:\/\/www.ancoradelchianti.it\/fr\/chambres_hotes_toscane\/commentaires\/#breadcrumb\",\"itemListElement\":[{\"@type\":\"ListItem\",\"position\":1,\"name\":\"Home\",\"item\":\"https:\/\/www.ancoradelchianti.it\/fr\/\"},{\"@type\":\"ListItem\",\"position\":2,\"name\":\"Chambres d&#8217;H\u00f4tes\",\"item\":\"https:\/\/www.ancoradelchianti.it\/fr\/chambres_hotes_toscane\/\"},{\"@type\":\"ListItem\",\"position\":3,\"name\":\"Commentaires\"}]},{\"@type\":\"WebSite\",\"@id\":\"https:\/\/www.ancoradelchianti.it\/fr\/#website\",\"url\":\"https:\/\/www.ancoradelchianti.it\/fr\/\",\"name\":\"Ancora del Chianti B&amp;B\",\"description\":\"\",\"publisher\":{\"@id\":\"https:\/\/www.ancoradelchianti.it\/fr\/#organization\"},\"potentialAction\":[{\"@type\":\"SearchAction\",\"target\":{\"@type\":\"EntryPoint\",\"urlTemplate\":\"https:\/\/www.ancoradelchianti.it\/fr\/?s={search_term_string}\"},\"query-input\":{\"@type\":\"PropertyValueSpecification\",\"valueRequired\":true,\"valueName\":\"search_term_string\"}}],\"inLanguage\":\"fr-FR\"},{\"@type\":\"Organization\",\"@id\":\"https:\/\/www.ancoradelchianti.it\/fr\/#organization\",\"name\":\"Ancora del Chianti B&amp;B\",\"url\":\"https:\/\/www.ancoradelchianti.it\/fr\/\",\"logo\":{\"@type\":\"ImageObject\",\"inLanguage\":\"fr-FR\",\"@id\":\"https:\/\/www.ancoradelchianti.it\/fr\/#\/schema\/logo\/image\/\",\"url\":\"https:\/\/www.ancoradelchianti.it\/wp-content\/uploads\/logo\/logo.png\",\"contentUrl\":\"https:\/\/www.ancoradelchianti.it\/wp-content\/uploads\/logo\/logo.png\",\"width\":129,\"height\":133,\"caption\":\"Ancora del Chianti B&amp;B\"},\"image\":{\"@id\":\"https:\/\/www.ancoradelchianti.it\/fr\/#\/schema\/logo\/image\/\"}}]}<\/script>\n<!-- \/ Yoast SEO plugin. -->","yoast_head_json":{"title":"Commentaires - Ancora del Chianti B&amp;B","description":"Vous y trouverez des t\u00e9moignages sinc\u00e8res, des r\u00e9actions franches et des moments m\u00e9morables qui capturent l'essence de notre chambre d'h\u00f4tes.","robots":{"index":"index","follow":"follow","max-snippet":"max-snippet:-1","max-image-preview":"max-image-preview:large","max-video-preview":"max-video-preview:-1"},"canonical":"https:\/\/www.ancoradelchianti.it\/fr\/chambres_hotes_toscane\/commentaires\/","og_locale":"fr_FR","og_type":"article","og_title":"Commentaires - Ancora del Chianti B&amp;B","og_description":"Vous y trouverez des t\u00e9moignages sinc\u00e8res, des r\u00e9actions franches et des moments m\u00e9morables qui capturent l'essence de notre chambre d'h\u00f4tes.","og_url":"https:\/\/www.ancoradelchianti.it\/fr\/chambres_hotes_toscane\/commentaires\/","og_site_name":"Ancora del Chianti B&amp;B","article_modified_time":"2024-04-10T19:23:48+00:00","og_image":[{"width":1920,"height":672,"url":"https:\/\/www.ancoradelchianti.it\/wp-content\/uploads\/pages\/guestbook\/giardino.jpg","type":"image\/jpeg"}],"twitter_card":"summary_large_image","schema":{"@context":"https:\/\/schema.org","@graph":[{"@type":"WebPage","@id":"https:\/\/www.ancoradelchianti.it\/fr\/chambres_hotes_toscane\/commentaires\/","url":"https:\/\/www.ancoradelchianti.it\/fr\/chambres_hotes_toscane\/commentaires\/","name":"Commentaires - Ancora del Chianti B&amp;B","isPartOf":{"@id":"https:\/\/www.ancoradelchianti.it\/fr\/#website"},"primaryImageOfPage":{"@id":"https:\/\/www.ancoradelchianti.it\/fr\/chambres_hotes_toscane\/commentaires\/#primaryimage"},"image":{"@id":"https:\/\/www.ancoradelchianti.it\/fr\/chambres_hotes_toscane\/commentaires\/#primaryimage"},"thumbnailUrl":"https:\/\/www.ancoradelchianti.it\/wp-content\/uploads\/pages\/guestbook\/giardino.jpg","datePublished":"2024-03-06T15:23:33+00:00","dateModified":"2024-04-10T19:23:48+00:00","description":"Vous y trouverez des t\u00e9moignages sinc\u00e8res, des r\u00e9actions franches et des moments m\u00e9morables qui capturent l'essence de notre chambre d'h\u00f4tes.","breadcrumb":{"@id":"https:\/\/www.ancoradelchianti.it\/fr\/chambres_hotes_toscane\/commentaires\/#breadcrumb"},"inLanguage":"fr-FR","potentialAction":[{"@type":"ReadAction","target":["https:\/\/www.ancoradelchianti.it\/fr\/chambres_hotes_toscane\/commentaires\/"]}]},{"@type":"ImageObject","inLanguage":"fr-FR","@id":"https:\/\/www.ancoradelchianti.it\/fr\/chambres_hotes_toscane\/commentaires\/#primaryimage","url":"https:\/\/www.ancoradelchianti.it\/wp-content\/uploads\/pages\/guestbook\/giardino.jpg","contentUrl":"https:\/\/www.ancoradelchianti.it\/wp-content\/uploads\/pages\/guestbook\/giardino.jpg","width":1920,"height":672,"caption":"Ancora del Chianti B&B Guestbook"},{"@type":"BreadcrumbList","@id":"https:\/\/www.ancoradelchianti.it\/fr\/chambres_hotes_toscane\/commentaires\/#breadcrumb","itemListElement":[{"@type":"ListItem","position":1,"name":"Home","item":"https:\/\/www.ancoradelchianti.it\/fr\/"},{"@type":"ListItem","position":2,"name":"Chambres d&#8217;H\u00f4tes","item":"https:\/\/www.ancoradelchianti.it\/fr\/chambres_hotes_toscane\/"},{"@type":"ListItem","position":3,"name":"Commentaires"}]},{"@type":"WebSite","@id":"https:\/\/www.ancoradelchianti.it\/fr\/#website","url":"https:\/\/www.ancoradelchianti.it\/fr\/","name":"Ancora del Chianti B&amp;B","description":"","publisher":{"@id":"https:\/\/www.ancoradelchianti.it\/fr\/#organization"},"potentialAction":[{"@type":"SearchAction","target":{"@type":"EntryPoint","urlTemplate":"https:\/\/www.ancoradelchianti.it\/fr\/?s={search_term_string}"},"query-input":{"@type":"PropertyValueSpecification","valueRequired":true,"valueName":"search_term_string"}}],"inLanguage":"fr-FR"},{"@type":"Organization","@id":"https:\/\/www.ancoradelchianti.it\/fr\/#organization","name":"Ancora del Chianti B&amp;B","url":"https:\/\/www.ancoradelchianti.it\/fr\/","logo":{"@type":"ImageObject","inLanguage":"fr-FR","@id":"https:\/\/www.ancoradelchianti.it\/fr\/#\/schema\/logo\/image\/","url":"https:\/\/www.ancoradelchianti.it\/wp-content\/uploads\/logo\/logo.png","contentUrl":"https:\/\/www.ancoradelchianti.it\/wp-content\/uploads\/logo\/logo.png","width":129,"height":133,"caption":"Ancora del Chianti B&amp;B"},"image":{"@id":"https:\/\/www.ancoradelchianti.it\/fr\/#\/schema\/logo\/image\/"}}]}},"_links":{"self":[{"href":"https:\/\/www.ancoradelchianti.it\/fr\/wp-json\/wp\/v2\/pages\/8919","targetHints":{"allow":["GET"]}}],"collection":[{"href":"https:\/\/www.ancoradelchianti.it\/fr\/wp-json\/wp\/v2\/pages"}],"about":[{"href":"https:\/\/www.ancoradelchianti.it\/fr\/wp-json\/wp\/v2\/types\/page"}],"author":[{"embeddable":true,"href":"https:\/\/www.ancoradelchianti.it\/fr\/wp-json\/wp\/v2\/users\/1"}],"replies":[{"embeddable":true,"href":"https:\/\/www.ancoradelchianti.it\/fr\/wp-json\/wp\/v2\/comments?post=8919"}],"version-history":[{"count":0,"href":"https:\/\/www.ancoradelchianti.it\/fr\/wp-json\/wp\/v2\/pages\/8919\/revisions"}],"up":[{"embeddable":true,"href":"https:\/\/www.ancoradelchianti.it\/fr\/wp-json\/wp\/v2\/pages\/8911"}],"wp:featuredmedia":[{"embeddable":true,"href":"https:\/\/www.ancoradelchianti.it\/fr\/wp-json\/wp\/v2\/media\/6761"}],"wp:attachment":[{"href":"https:\/\/www.ancoradelchianti.it\/fr\/wp-json\/wp\/v2\/media?parent=8919"}],"wp:term":[{"taxonomy":"category","embeddable":true,"href":"https:\/\/www.ancoradelchianti.it\/fr\/wp-json\/wp\/v2\/categories?post=8919"},{"taxonomy":"post_tag","embeddable":true,"href":"https:\/\/www.ancoradelchianti.it\/fr\/wp-json\/wp\/v2\/tags?post=8919"}],"curies":[{"name":"wp","href":"https:\/\/api.w.org\/{rel}","templated":true}]}}