{"id":8926,"date":"2024-03-03T12:38:14","date_gmt":"2024-03-03T12:38:14","guid":{"rendered":"https:\/\/dev.ancoradelchianti.it\/acces\/"},"modified":"2024-04-11T18:59:21","modified_gmt":"2024-04-11T18:59:21","slug":"acces","status":"publish","type":"page","link":"https:\/\/www.ancoradelchianti.it\/fr\/acces\/","title":{"rendered":"Acc\u00e8s"},"content":{"rendered":"\t\t<div data-elementor-type=\"wp-page\" data-elementor-id=\"8926\" class=\"elementor elementor-8926 elementor-6767\" data-elementor-post-type=\"page\">\n\t\t\t\t<div class=\"elementor-element elementor-element-9ad7e5f e-con-full e-flex e-con e-parent\" data-id=\"9ad7e5f\" data-element_type=\"container\" data-settings=\"{&quot;jet_parallax_layout_list&quot;:[]}\">\n\t\t\t\t<div data-dce-advanced-background-image-url=\"https:\/\/www.ancoradelchianti.it\/wp-content\/uploads\/where\/panorama.jpg\" class=\"elementor-element elementor-element-2e259bf elementor-invisible elementor-has-bg-overlay elementor-widget elementor-widget-global elementor-global-232 elementor-widget-heading\" data-id=\"2e259bf\" data-element_type=\"widget\" data-settings=\"{&quot;_animation&quot;:&quot;fadeInDown&quot;}\" data-widget_type=\"heading.default\">\n\t\t\t\t<div class=\"elementor-widget-container\">\n\t\t\t<h1 class=\"elementor-heading-title elementor-size-default\">Acc\u00e8s<\/h1>\t\t<\/div>\n\t\t\t\t<\/div>\n\t\t\t\t<div class=\"elementor-element elementor-element-c038e8e elementor-widget elementor-widget-heading\" data-id=\"c038e8e\" data-element_type=\"widget\" data-widget_type=\"heading.default\">\n\t\t\t\t<div class=\"elementor-widget-container\">\n\t\t\t<h2 class=\"elementor-heading-title elementor-size-default\">Comment nous rejoindre<\/h2>\t\t<\/div>\n\t\t\t\t<\/div>\n\t\t\t\t<\/div>\n\t\t<div class=\"elementor-element elementor-element-5fed947 e-flex e-con-boxed e-con e-parent\" data-id=\"5fed947\" data-element_type=\"container\" data-settings=\"{&quot;jet_parallax_layout_list&quot;:[]}\">\n\t\t\t\t\t<div class=\"e-con-inner\">\n\t\t\t\t<div class=\"elementor-element elementor-element-843067b elementor-widget elementor-widget-text-editor\" data-id=\"843067b\" data-element_type=\"widget\" data-widget_type=\"text-editor.default\">\n\t\t\t\t<div class=\"elementor-widget-container\">\n\t\t\t\t\t\t\t<h3>Le Bed &amp; Breakfast Ancora del Chianti est situ\u00e9 \u00e0 20 km de Florence et \u00e0 40 km de Sienne, proche des villes d&rsquo;art et repr\u00e9sente la base id\u00e9ale pour ceux qui souhaitent visiter toute la Toscane.<\/h3>\r\nNous sommes\u00a0<strong>au sommet d&rsquo;une colline, \u00e0 5 km de Greve in Chianti<\/strong>, centre principal de la vall\u00e9e, o\u00f9 vous trouverez restaurants, pizzerias, caf\u00e9s, l&rsquo;office du tourisme et la belle place du march\u00e9. De l\u00e0, il vous suffira de parcourir 3 km de route et 2 km de chemin de campagne en terre stabilis\u00e9e pour arriver \u00e0 L&rsquo;Ancora del Chianti. Il est\u00a0<strong>n\u00e9cessaire\u00a0d&rsquo;avoir une voiture<\/strong> pour rejoindre l&rsquo;h\u00e9bergement : il n&rsquo;existe pas de service de taxi depuis Greve in Chianti.\r\n\r\n<strong>ANCORA DEL CHIANTI B&amp;B<\/strong>\r\n<strong>Localit\u00e0 Collegalle 12<\/strong>\r\n<strong>50022 Greve in Chianti Firenze<\/strong>\r\n\r\n<strong>TEL +39 055 85 40 44<\/strong>\r\n\r\n<strong>MOB +39 339 15 87 642<\/strong>\r\n\r\n<strong>EMAIL<\/strong>\u00a0<a href=\"mailto:info@ancoradelchianti.it\">info@ancoradelchianti.it<\/a>\r\n\r\n<strong>Comment nous rejoindre<\/strong>\r\n\r\n<strong><em>Depuis Florence \/ Depuis Rome:<\/em><\/strong>\r\n\r\nDepuis l&rsquo;autoroute A1 (E35), prendre la sortie Florence Sud (Firenze Sud), suivre les indications pour Sienne &#8211; Greve in Chianti SR 222. Traverser les villages de Grassina, Strada in Chianti, Chiocchio, Spedaluzzo, Le Bolle et, une fois arriv\u00e9s \u00e0 Greti (au km 20,7 sur la SR 222), suivre les indications pour \u00ab\u00a0Ancora del Chianti\u00a0\u00bb. Prendre la route en mont\u00e9e qui, apr\u00e8s quelques centaines de m\u00e8tres, devient en terre battue. Continuer sur ce chemin en allant doucement et, apr\u00e8s 1,5 km tourner \u00e0 gauche, prendre \u00e0 droite au panneau suivant qui signale les 400\u00a0 derniers m\u00e8tres \u00e0 parcourir. La maison est au bout du chemin.\r\n\r\n<strong><em>Depuis Sienne:\r\n<\/em><\/strong><strong><em>\r\n<\/em><\/strong>Depuis la ville de Sienne, prendre la SR 222 pour Castellina in Chianti. Traverser le village de Greve in Chianti, et une fois arriv\u00e9s\u00a0<cite class=\"_Rm\">\u00e0\u00a0<\/cite>Greti, suivre les indications pour &lsquo;Ancora del Chianti&rsquo;.\r\nPrendre la route en mont\u00e9e qui apr\u00e8s quelques centaines de m\u00e8tres devient en terre battue. Continuer sur ce chemin en allant doucement et, apr\u00e8s 1,5 km, tourner <cite class=\"_Rm\">\u00e0<\/cite>\u00a0gauche, prendre\u00a0<cite class=\"_Rm\">\u00e0<\/cite>\u00a0droite au panneau suivant qui signale les 400\u00a0 derniers m\u00e8tres\u00a0<cite class=\"_Rm\">\u00e0\u00a0<\/cite>parcourir. La maison est au bout du chemin.\r\n\r\n<strong><em>Depuis Pise:\r\n\r\n<\/em><\/strong>Prendre la route \u00e0 4 voies SGC FI-PI-LI (Florence &#8211; Pise &#8211; Livourne) en direction de Florence. Prendre la sortie Ginestra Fiorentina, apr\u00e8s Montelupo Fiorentino. De l\u00e0, suivre les indications pour Cerbaia et San Casciano. A San Casiano, suivre pour Greve in Chianti (ne pas prendre la route 4 voies pour Sienne). Passer le village de Mercatale et continuer en direction de Greve in Chianti. Apr\u00e8s Passo dei Pecorai, \u00e0 Greti, suivre les indications pour \u00ab\u00a0Ancora del Chianti\u00a0\u00bb.\r\nPrendre la route en mont\u00e9e qui apr\u00e8s quelques centaines de m\u00e8tres devient en terre battue. Continuer sur ce chemin en allant doucement et, apr\u00e8s 1,5 km, tourner <cite class=\"_Rm\">\u00e0\u00a0<\/cite>gauche, prendre \u00e0 droite au panneau suivant qui indique les 400 derniers m\u00e8tres <cite class=\"_Rm\">\u00e0\u00a0<\/cite>parcourir. La maison est au bout du chemin.\r\n<p style=\"text-align: center;\"><strong>La douce campagne<\/strong><strong>\u00a0du Chianti vous attend!<\/strong><\/p>\t\t\t\t\t\t<\/div>\n\t\t\t\t<\/div>\n\t\t\t\t\t<\/div>\n\t\t\t\t<\/div>\n\t\t<div class=\"elementor-element elementor-element-c666c8f e-flex e-con-boxed e-con e-parent\" data-id=\"c666c8f\" data-element_type=\"container\" data-settings=\"{&quot;jet_parallax_layout_list&quot;:[]}\">\n\t\t\t\t\t<div class=\"e-con-inner\">\n\t\t\t\t<div class=\"elementor-element elementor-element-82db693 elementor-widget elementor-widget-global elementor-global-8862 elementor-global-6616 elementor-widget-text-editor\" data-id=\"82db693\" data-element_type=\"widget\" data-widget_type=\"text-editor.default\">\n\t\t\t\t<div class=\"elementor-widget-container\">\n\t\t\t\t\t\t\t<p style=\"text-align: center;\"><a href=\"https:\/\/ancoradelchianti.beddy.io\/#\/(beddy:home)?lang=fr\" target=\"_blank\" rel=\"noopener\"><strong>RESERVEZ MAINTENANT<\/strong><\/a>\u00a0ou envoyez un mail \u00e0\u00a0<a href=\"mailto:info@ancoradelchianti.it\" target=\"_blank\" rel=\"noopener\">info@ancoradelchianti.it<\/a><\/p>\n\t\t\t\t\t\t<\/div>\n\t\t\t\t<\/div>\n\t\t\t\t\t<\/div>\n\t\t\t\t<\/div>\n\t\t<div class=\"elementor-element elementor-element-fa3d0a9 e-flex e-con-boxed e-con e-parent\" data-id=\"fa3d0a9\" data-element_type=\"container\" data-settings=\"{&quot;jet_parallax_layout_list&quot;:[]}\">\n\t\t\t\t\t<div class=\"e-con-inner\">\n\t\t\t\t<div class=\"elementor-element elementor-element-c0b74d6 elementor-widget elementor-widget-html\" data-id=\"c0b74d6\" data-element_type=\"widget\" data-widget_type=\"html.default\">\n\t\t\t\t<div class=\"elementor-widget-container\">\n\t\t\t<iframe src=\"https:\/\/www.google.com\/maps\/embed?pb=!1m18!1m12!1m3!1d3325.622554746117!2d11.309315474007693!3d43.61390977012953!2m3!1f0!2f0!3f0!3m2!1i1024!2i768!4f13.1!3m3!1m2!1s0x132a4b6354f56def%3A0xa5fe49107e83d878!2sAncora%20del%20Chianti%20B%26B!5e1!3m2!1sit!2sit!4v1709904110021!5m2!1sit!2sit\" width=\"600\" height=\"450\" style=\"border:0;\" allowfullscreen=\"\" loading=\"lazy\" referrerpolicy=\"no-referrer-when-downgrade\"><\/iframe>\t\t<\/div>\n\t\t\t\t<\/div>\n\t\t\t\t<div class=\"elementor-element elementor-element-63975db elementor-widget elementor-widget-html\" data-id=\"63975db\" data-element_type=\"widget\" data-widget_type=\"html.default\">\n\t\t\t\t<div class=\"elementor-widget-container\">\n\t\t\t<iframe src=\"https:\/\/www.google.com\/maps\/embed?pb=!4v1709903895258!6m8!1m7!1sw2GVOYbvaOLjwHRuJMz_qQ!2m2!1d43.60567489672524!2d11.30846018516962!3f14.9!4f-14.409999999999997!5f0.8160813932612223\" width=\"600\" height=\"450\" style=\"border:0;\" allowfullscreen=\"\" loading=\"lazy\" referrerpolicy=\"no-referrer-when-downgrade\"><\/iframe>\t\t<\/div>\n\t\t\t\t<\/div>\n\t\t\t\t\t<\/div>\n\t\t\t\t<\/div>\n\t\t\t\t<\/div>\n\t\t","protected":false},"excerpt":{"rendered":"<p>Comment nous rejoindre Le Bed &amp; Breakfast Ancora del Chianti est situ\u00e9 \u00e0 20 km de Florence et \u00e0 40 km de Sienne, proche des villes d&rsquo;art et repr\u00e9sente la base id\u00e9ale pour ceux qui souhaitent visiter toute la Toscane. Nous sommes\u00a0au sommet d&rsquo;une colline, \u00e0 5 km de Greve in Chianti, centre principal de&#8230;<\/p>\n","protected":false},"author":1,"featured_media":6770,"parent":0,"menu_order":63,"comment_status":"closed","ping_status":"closed","template":"","meta":{"_acf_changed":false,"footnotes":""},"categories":[],"tags":[],"class_list":["post-8926","page","type-page","status-publish","has-post-thumbnail","hentry"],"acf":[],"yoast_head":"<!-- This site is optimized with the Yoast SEO plugin v24.0 - https:\/\/yoast.com\/wordpress\/plugins\/seo\/ -->\n<title>Chambres d&#039;h\u00f4tes Toscane Greve in Chianti Florence, Bed and Breakfast Ancora del Chianti<\/title>\n<meta name=\"description\" content=\"Chambres d&#039;h\u00f4tes pres de Greve in Chianti en Toscane, bed and breakfast Ancora del Chianti, vacances a la ferme.\" \/>\n<meta name=\"robots\" content=\"index, follow, max-snippet:-1, max-image-preview:large, max-video-preview:-1\" \/>\n<link rel=\"canonical\" href=\"https:\/\/www.ancoradelchianti.it\/fr\/acces\/\" \/>\n<meta property=\"og:locale\" content=\"fr_FR\" \/>\n<meta property=\"og:type\" content=\"article\" \/>\n<meta property=\"og:title\" content=\"Chambres d&#039;h\u00f4tes Toscane Greve in Chianti Florence, Bed and Breakfast Ancora del Chianti\" \/>\n<meta property=\"og:description\" content=\"Chambres d&#039;h\u00f4tes pres de Greve in Chianti en Toscane, bed and breakfast Ancora del Chianti, vacances a la ferme.\" \/>\n<meta property=\"og:url\" content=\"https:\/\/www.ancoradelchianti.it\/fr\/acces\/\" \/>\n<meta property=\"og:site_name\" content=\"Ancora del Chianti B&amp;B\" \/>\n<meta property=\"article:modified_time\" content=\"2024-04-11T18:59:21+00:00\" \/>\n<meta property=\"og:image\" content=\"https:\/\/www.ancoradelchianti.it\/wp-content\/uploads\/where\/panorama.jpg\" \/>\n\t<meta property=\"og:image:width\" content=\"1920\" \/>\n\t<meta property=\"og:image:height\" content=\"672\" \/>\n\t<meta property=\"og:image:type\" content=\"image\/jpeg\" \/>\n<meta name=\"twitter:card\" content=\"summary_large_image\" \/>\n<meta name=\"twitter:label1\" content=\"Dur\u00e9e de lecture estim\u00e9e\" \/>\n\t<meta name=\"twitter:data1\" content=\"2 minutes\" \/>\n<script type=\"application\/ld+json\" class=\"yoast-schema-graph\">{\"@context\":\"https:\/\/schema.org\",\"@graph\":[{\"@type\":\"WebPage\",\"@id\":\"https:\/\/www.ancoradelchianti.it\/fr\/acces\/\",\"url\":\"https:\/\/www.ancoradelchianti.it\/fr\/acces\/\",\"name\":\"Chambres d'h\u00f4tes Toscane Greve in Chianti Florence, Bed and Breakfast Ancora del Chianti\",\"isPartOf\":{\"@id\":\"https:\/\/www.ancoradelchianti.it\/fr\/#website\"},\"primaryImageOfPage\":{\"@id\":\"https:\/\/www.ancoradelchianti.it\/fr\/acces\/#primaryimage\"},\"image\":{\"@id\":\"https:\/\/www.ancoradelchianti.it\/fr\/acces\/#primaryimage\"},\"thumbnailUrl\":\"https:\/\/www.ancoradelchianti.it\/wp-content\/uploads\/where\/panorama.jpg\",\"datePublished\":\"2024-03-03T12:38:14+00:00\",\"dateModified\":\"2024-04-11T18:59:21+00:00\",\"description\":\"Chambres d'h\u00f4tes pres de Greve in Chianti en Toscane, bed and breakfast Ancora del Chianti, vacances a la ferme.\",\"breadcrumb\":{\"@id\":\"https:\/\/www.ancoradelchianti.it\/fr\/acces\/#breadcrumb\"},\"inLanguage\":\"fr-FR\",\"potentialAction\":[{\"@type\":\"ReadAction\",\"target\":[\"https:\/\/www.ancoradelchianti.it\/fr\/acces\/\"]}]},{\"@type\":\"ImageObject\",\"inLanguage\":\"fr-FR\",\"@id\":\"https:\/\/www.ancoradelchianti.it\/fr\/acces\/#primaryimage\",\"url\":\"https:\/\/www.ancoradelchianti.it\/wp-content\/uploads\/where\/panorama.jpg\",\"contentUrl\":\"https:\/\/www.ancoradelchianti.it\/wp-content\/uploads\/where\/panorama.jpg\",\"width\":1920,\"height\":672,\"caption\":\"Ancora del Chianti B&B Location\"},{\"@type\":\"BreadcrumbList\",\"@id\":\"https:\/\/www.ancoradelchianti.it\/fr\/acces\/#breadcrumb\",\"itemListElement\":[{\"@type\":\"ListItem\",\"position\":1,\"name\":\"Home\",\"item\":\"https:\/\/www.ancoradelchianti.it\/fr\/\"},{\"@type\":\"ListItem\",\"position\":2,\"name\":\"Acc\u00e8s\"}]},{\"@type\":\"WebSite\",\"@id\":\"https:\/\/www.ancoradelchianti.it\/fr\/#website\",\"url\":\"https:\/\/www.ancoradelchianti.it\/fr\/\",\"name\":\"Ancora del Chianti B&amp;B\",\"description\":\"\",\"publisher\":{\"@id\":\"https:\/\/www.ancoradelchianti.it\/fr\/#organization\"},\"potentialAction\":[{\"@type\":\"SearchAction\",\"target\":{\"@type\":\"EntryPoint\",\"urlTemplate\":\"https:\/\/www.ancoradelchianti.it\/fr\/?s={search_term_string}\"},\"query-input\":{\"@type\":\"PropertyValueSpecification\",\"valueRequired\":true,\"valueName\":\"search_term_string\"}}],\"inLanguage\":\"fr-FR\"},{\"@type\":\"Organization\",\"@id\":\"https:\/\/www.ancoradelchianti.it\/fr\/#organization\",\"name\":\"Ancora del Chianti B&amp;B\",\"url\":\"https:\/\/www.ancoradelchianti.it\/fr\/\",\"logo\":{\"@type\":\"ImageObject\",\"inLanguage\":\"fr-FR\",\"@id\":\"https:\/\/www.ancoradelchianti.it\/fr\/#\/schema\/logo\/image\/\",\"url\":\"https:\/\/www.ancoradelchianti.it\/wp-content\/uploads\/logo\/logo.png\",\"contentUrl\":\"https:\/\/www.ancoradelchianti.it\/wp-content\/uploads\/logo\/logo.png\",\"width\":129,\"height\":133,\"caption\":\"Ancora del Chianti B&amp;B\"},\"image\":{\"@id\":\"https:\/\/www.ancoradelchianti.it\/fr\/#\/schema\/logo\/image\/\"}}]}<\/script>\n<!-- \/ Yoast SEO plugin. -->","yoast_head_json":{"title":"Chambres d'h\u00f4tes Toscane Greve in Chianti Florence, Bed and Breakfast Ancora del Chianti","description":"Chambres d'h\u00f4tes pres de Greve in Chianti en Toscane, bed and breakfast Ancora del Chianti, vacances a la ferme.","robots":{"index":"index","follow":"follow","max-snippet":"max-snippet:-1","max-image-preview":"max-image-preview:large","max-video-preview":"max-video-preview:-1"},"canonical":"https:\/\/www.ancoradelchianti.it\/fr\/acces\/","og_locale":"fr_FR","og_type":"article","og_title":"Chambres d'h\u00f4tes Toscane Greve in Chianti Florence, Bed and Breakfast Ancora del Chianti","og_description":"Chambres d'h\u00f4tes pres de Greve in Chianti en Toscane, bed and breakfast Ancora del Chianti, vacances a la ferme.","og_url":"https:\/\/www.ancoradelchianti.it\/fr\/acces\/","og_site_name":"Ancora del Chianti B&amp;B","article_modified_time":"2024-04-11T18:59:21+00:00","og_image":[{"width":1920,"height":672,"url":"https:\/\/www.ancoradelchianti.it\/wp-content\/uploads\/where\/panorama.jpg","type":"image\/jpeg"}],"twitter_card":"summary_large_image","twitter_misc":{"Dur\u00e9e de lecture estim\u00e9e":"2 minutes"},"schema":{"@context":"https:\/\/schema.org","@graph":[{"@type":"WebPage","@id":"https:\/\/www.ancoradelchianti.it\/fr\/acces\/","url":"https:\/\/www.ancoradelchianti.it\/fr\/acces\/","name":"Chambres d'h\u00f4tes Toscane Greve in Chianti Florence, Bed and Breakfast Ancora del Chianti","isPartOf":{"@id":"https:\/\/www.ancoradelchianti.it\/fr\/#website"},"primaryImageOfPage":{"@id":"https:\/\/www.ancoradelchianti.it\/fr\/acces\/#primaryimage"},"image":{"@id":"https:\/\/www.ancoradelchianti.it\/fr\/acces\/#primaryimage"},"thumbnailUrl":"https:\/\/www.ancoradelchianti.it\/wp-content\/uploads\/where\/panorama.jpg","datePublished":"2024-03-03T12:38:14+00:00","dateModified":"2024-04-11T18:59:21+00:00","description":"Chambres d'h\u00f4tes pres de Greve in Chianti en Toscane, bed and breakfast Ancora del Chianti, vacances a la ferme.","breadcrumb":{"@id":"https:\/\/www.ancoradelchianti.it\/fr\/acces\/#breadcrumb"},"inLanguage":"fr-FR","potentialAction":[{"@type":"ReadAction","target":["https:\/\/www.ancoradelchianti.it\/fr\/acces\/"]}]},{"@type":"ImageObject","inLanguage":"fr-FR","@id":"https:\/\/www.ancoradelchianti.it\/fr\/acces\/#primaryimage","url":"https:\/\/www.ancoradelchianti.it\/wp-content\/uploads\/where\/panorama.jpg","contentUrl":"https:\/\/www.ancoradelchianti.it\/wp-content\/uploads\/where\/panorama.jpg","width":1920,"height":672,"caption":"Ancora del Chianti B&B Location"},{"@type":"BreadcrumbList","@id":"https:\/\/www.ancoradelchianti.it\/fr\/acces\/#breadcrumb","itemListElement":[{"@type":"ListItem","position":1,"name":"Home","item":"https:\/\/www.ancoradelchianti.it\/fr\/"},{"@type":"ListItem","position":2,"name":"Acc\u00e8s"}]},{"@type":"WebSite","@id":"https:\/\/www.ancoradelchianti.it\/fr\/#website","url":"https:\/\/www.ancoradelchianti.it\/fr\/","name":"Ancora del Chianti B&amp;B","description":"","publisher":{"@id":"https:\/\/www.ancoradelchianti.it\/fr\/#organization"},"potentialAction":[{"@type":"SearchAction","target":{"@type":"EntryPoint","urlTemplate":"https:\/\/www.ancoradelchianti.it\/fr\/?s={search_term_string}"},"query-input":{"@type":"PropertyValueSpecification","valueRequired":true,"valueName":"search_term_string"}}],"inLanguage":"fr-FR"},{"@type":"Organization","@id":"https:\/\/www.ancoradelchianti.it\/fr\/#organization","name":"Ancora del Chianti B&amp;B","url":"https:\/\/www.ancoradelchianti.it\/fr\/","logo":{"@type":"ImageObject","inLanguage":"fr-FR","@id":"https:\/\/www.ancoradelchianti.it\/fr\/#\/schema\/logo\/image\/","url":"https:\/\/www.ancoradelchianti.it\/wp-content\/uploads\/logo\/logo.png","contentUrl":"https:\/\/www.ancoradelchianti.it\/wp-content\/uploads\/logo\/logo.png","width":129,"height":133,"caption":"Ancora del Chianti B&amp;B"},"image":{"@id":"https:\/\/www.ancoradelchianti.it\/fr\/#\/schema\/logo\/image\/"}}]}},"_links":{"self":[{"href":"https:\/\/www.ancoradelchianti.it\/fr\/wp-json\/wp\/v2\/pages\/8926","targetHints":{"allow":["GET"]}}],"collection":[{"href":"https:\/\/www.ancoradelchianti.it\/fr\/wp-json\/wp\/v2\/pages"}],"about":[{"href":"https:\/\/www.ancoradelchianti.it\/fr\/wp-json\/wp\/v2\/types\/page"}],"author":[{"embeddable":true,"href":"https:\/\/www.ancoradelchianti.it\/fr\/wp-json\/wp\/v2\/users\/1"}],"replies":[{"embeddable":true,"href":"https:\/\/www.ancoradelchianti.it\/fr\/wp-json\/wp\/v2\/comments?post=8926"}],"version-history":[{"count":0,"href":"https:\/\/www.ancoradelchianti.it\/fr\/wp-json\/wp\/v2\/pages\/8926\/revisions"}],"wp:featuredmedia":[{"embeddable":true,"href":"https:\/\/www.ancoradelchianti.it\/fr\/wp-json\/wp\/v2\/media\/6770"}],"wp:attachment":[{"href":"https:\/\/www.ancoradelchianti.it\/fr\/wp-json\/wp\/v2\/media?parent=8926"}],"wp:term":[{"taxonomy":"category","embeddable":true,"href":"https:\/\/www.ancoradelchianti.it\/fr\/wp-json\/wp\/v2\/categories?post=8926"},{"taxonomy":"post_tag","embeddable":true,"href":"https:\/\/www.ancoradelchianti.it\/fr\/wp-json\/wp\/v2\/tags?post=8926"}],"curies":[{"name":"wp","href":"https:\/\/api.w.org\/{rel}","templated":true}]}}