{"id":8930,"date":"2024-03-03T13:21:10","date_gmt":"2024-03-03T13:21:10","guid":{"rendered":"https:\/\/dev.ancoradelchianti.it\/acces\/pourquoi-en-toscane\/"},"modified":"2024-04-11T18:59:06","modified_gmt":"2024-04-11T18:59:06","slug":"agriturismo_en_toscane","status":"publish","type":"page","link":"https:\/\/www.ancoradelchianti.it\/fr\/acces\/agriturismo_en_toscane\/","title":{"rendered":"Pourquoi en Toscane"},"content":{"rendered":"\t\t<div data-elementor-type=\"wp-page\" data-elementor-id=\"8930\" class=\"elementor elementor-8930 elementor-6844\" data-elementor-post-type=\"page\">\n\t\t\t\t<div class=\"elementor-element elementor-element-e675597 e-con-full e-flex e-con e-parent\" data-id=\"e675597\" data-element_type=\"container\" data-settings=\"{&quot;jet_parallax_layout_list&quot;:[]}\">\n\t\t\t\t<div data-dce-advanced-background-image-url=\"https:\/\/www.ancoradelchianti.it\/wp-content\/uploads\/why-tuscany\/vigna.jpg\" class=\"elementor-element elementor-element-90b82a6 elementor-invisible elementor-has-bg-overlay elementor-widget elementor-widget-global elementor-global-232 elementor-widget-heading\" data-id=\"90b82a6\" data-element_type=\"widget\" data-settings=\"{&quot;_animation&quot;:&quot;fadeInDown&quot;}\" data-widget_type=\"heading.default\">\n\t\t\t\t<div class=\"elementor-widget-container\">\n\t\t\t<h1 class=\"elementor-heading-title elementor-size-default\">Pourquoi en Toscane<\/h1>\t\t<\/div>\n\t\t\t\t<\/div>\n\t\t\t\t<div class=\"elementor-element elementor-element-9dbe8fc elementor-widget elementor-widget-heading\" data-id=\"9dbe8fc\" data-element_type=\"widget\" data-widget_type=\"heading.default\">\n\t\t\t\t<div class=\"elementor-widget-container\">\n\t\t\t<h2 class=\"elementor-heading-title elementor-size-default\">Pourquoi des vacances en Toscane<\/h2>\t\t<\/div>\n\t\t\t\t<\/div>\n\t\t\t\t<\/div>\n\t\t<div class=\"elementor-element elementor-element-8813673 e-flex e-con-boxed e-con e-parent\" data-id=\"8813673\" data-element_type=\"container\" data-settings=\"{&quot;jet_parallax_layout_list&quot;:[]}\">\n\t\t\t\t\t<div class=\"e-con-inner\">\n\t\t\t\t<div class=\"elementor-element elementor-element-9591dd6 elementor-widget elementor-widget-text-editor\" data-id=\"9591dd6\" data-element_type=\"widget\" data-widget_type=\"text-editor.default\">\n\t\t\t\t<div class=\"elementor-widget-container\">\n\t\t\t\t\t\t\t<h3>L&rsquo;id\u00e9e de logements \u00e0 la campagne pour passer des vacances rurales et pratiquer un tourisme durable a commenc\u00e9 en Italie autour des ann\u00e9es 80, en particulier en Toscane, dans le Chianti.<\/h3>\n<p><img fetchpriority=\"high\" decoding=\"async\" class=\"alignleft wp-image-6849\" src=\"https:\/\/www.ancoradelchianti.it\/wp-content\/uploads\/why-tuscany\/rural.jpg\" alt=\"\" width=\"355\" height=\"232\" \/><\/p>\n<p>L&rsquo;apparition du tourisme rural a permis aux agriculteurs de continuer \u00e0 vivre de leur activit\u00e9, dans leur maison, en acc\u00e9dant \u00e0 un niveau de vie sup\u00e9rieure et en participant \u00e0 la conservation du paysage et du patrimoine rural.<\/p>\n<p>L&rsquo;hospitalit\u00e9 se d\u00e9veloppe ensuite avec l&rsquo;apparition de Bed and Breakfast \u00e0 la campagne, ce qui permet \u00e0 de nombreuses familles originaires de Florence ou Sienne de s&rsquo;installer au contact de la nature en accueillant des h\u00f4tes venant du monde entier int\u00e9ress\u00e9s par le tourisme durable et gastronomique.<\/p>\n\t\t\t\t\t\t<\/div>\n\t\t\t\t<\/div>\n\t\t\t\t\t<\/div>\n\t\t\t\t<\/div>\n\t\t<div class=\"elementor-element elementor-element-8841c6d e-flex e-con-boxed e-con e-parent\" data-id=\"8841c6d\" data-element_type=\"container\" data-settings=\"{&quot;jet_parallax_layout_list&quot;:[]}\">\n\t\t\t\t\t<div class=\"e-con-inner\">\n\t\t\t\t<div class=\"elementor-element elementor-element-3a1a254 elementor-widget elementor-widget-text-editor\" data-id=\"3a1a254\" data-element_type=\"widget\" data-widget_type=\"text-editor.default\">\n\t\t\t\t<div class=\"elementor-widget-container\">\n\t\t\t\t\t\t\t<h3>L&rsquo;accueil rural dans des maisons rustiques restaur\u00e9es et \u00e9quip\u00e9es de tout confort a \u00e9t\u00e9 une formule r\u00e9volutionnaire que les Italiens et les \u00e9trangers ont beaucoup appr\u00e9ci\u00e9e.<\/h3>\n<p>En g\u00e9n\u00e9ral, on trouve deux types d&rsquo;offre : appartements en location et chambres.<\/p>\n<p>La plupart des h\u00f4tes pr\u00e9f\u00e8rent un logement \u00e9quip\u00e9 d&rsquo;une cuisine pour un s\u00e9jour de longue dur\u00e9e en location, d&rsquo;autres optent pour un s\u00e9jour plus bref et choisissent une chambre confortable avec petit-d\u00e9jeuner dans un bed &amp; breakfast.<\/p>\n<p>L&rsquo;opportunit\u00e9 de loger dans une belle demeure avec jardin est propos\u00e9e dans toute la Toscane. La r\u00e9gion du Chianti Classico, entre Florence et Sienne, est une destination parfaite pour de belles vacances en g\u00eete rural. En particulier du fait de la disponibilit\u00e9 et de la qualit\u00e9 des structures (g\u00eete rural ou bed &amp; breakfast ) : il s&rsquo;agit en g\u00e9n\u00e9ral de belles maisons restaur\u00e9es o\u00f9 sont produits des produits de terroir, souvent de production biologique (comme par exemple le vin Chianti Classico Gallo Nero), de domaines proposant des d\u00e9gustations ; un\u00a0 paysage incomparable et la bonne cuisine. Ce sont les raisons qui font du Chianti la destination privil\u00e9gi\u00e9e de ceux qui d\u00e9cident de s\u00e9journer en g\u00eete ou en bed &amp; breakfast en Toscane.<\/p>\n<p>\u00c0 partir du printemps, tous les petits villages de la Province de Florence (Greve in Chianti, Panzano, Impruneta, San Casciano in Val di Pesa) et de la Province de Sienne (Castellina in Chianti, Radda in Chianti, Gaiole in Chianti, San Gimignano), sans oublier Volterra, sont bien appr\u00e9ci\u00e9s par les vacanciers. Ce sont des amateurs de la campagne, de l&rsquo;art toscan. Ils sont \u00e0 la recherche d&rsquo;un h\u00e9bergement haut de gamme ou bon march\u00e9, d&rsquo;un appartement \u00e9quip\u00e9 d&rsquo;une cuisine ou d&rsquo;une simple chambre pour profiter pleinement de leurs vacances en Toscane. Outre l&rsquo;appartement en g\u00eete rural ou la chambre avec petit-d\u00e9jeuner en bed &amp; breakfast, il est possible de participer \u00e0 des visites de caves du Chianti, \u00e0 une d\u00e9gustation de vins\u00a0 Chianti Classico Gallo Nero, \u00e0 des cours de cuisine.<br \/>\nLa raison du succ\u00e8s du tourisme rural en Toscane r\u00e9side dans le fait que de nombreux visiteurs consid\u00e8rent que c&rsquo;est un lieu id\u00e9al pour passer des vacances et souvent, ils r\u00e9servent leur prochain s\u00e9jour quand ils sont encore sur place.<\/p>\n<p style=\"text-align: center;\"><strong>La douce campagne<\/strong><strong>\u00a0du Chianti vous attend!<\/strong><\/p>\n\t\t\t\t\t\t<\/div>\n\t\t\t\t<\/div>\n\t\t\t\t\t<\/div>\n\t\t\t\t<\/div>\n\t\t<div class=\"elementor-element elementor-element-ac43ceb e-flex e-con-boxed e-con e-parent\" data-id=\"ac43ceb\" data-element_type=\"container\" data-settings=\"{&quot;jet_parallax_layout_list&quot;:[]}\">\n\t\t\t\t\t<div class=\"e-con-inner\">\n\t\t\t\t<div class=\"elementor-element elementor-element-3ab72ac elementor-widget elementor-widget-global elementor-global-8862 elementor-global-6616 elementor-widget-text-editor\" data-id=\"3ab72ac\" data-element_type=\"widget\" data-widget_type=\"text-editor.default\">\n\t\t\t\t<div class=\"elementor-widget-container\">\n\t\t\t\t\t\t\t<p style=\"text-align: center;\"><a href=\"https:\/\/ancoradelchianti.beddy.io\/#\/(beddy:home)?lang=fr\" target=\"_blank\" rel=\"noopener\"><strong>RESERVEZ MAINTENANT<\/strong><\/a>\u00a0ou envoyez un mail \u00e0\u00a0<a href=\"mailto:info@ancoradelchianti.it\" target=\"_blank\" rel=\"noopener\">info@ancoradelchianti.it<\/a><\/p>\n\t\t\t\t\t\t<\/div>\n\t\t\t\t<\/div>\n\t\t\t\t\t<\/div>\n\t\t\t\t<\/div>\n\t\t\t\t<\/div>\n\t\t","protected":false},"excerpt":{"rendered":"<p>Pourquoi des vacances en Toscane L&rsquo;id\u00e9e de logements \u00e0 la campagne pour passer des vacances rurales et pratiquer un tourisme durable a commenc\u00e9 en Italie autour des ann\u00e9es 80, en particulier en Toscane, dans le Chianti. L&rsquo;apparition du tourisme rural a permis aux agriculteurs de continuer \u00e0 vivre de leur activit\u00e9, dans leur maison, en&#8230;<\/p>\n","protected":false},"author":1,"featured_media":6846,"parent":8926,"menu_order":70,"comment_status":"closed","ping_status":"closed","template":"","meta":{"_acf_changed":false,"footnotes":""},"categories":[],"tags":[],"class_list":["post-8930","page","type-page","status-publish","has-post-thumbnail","hentry"],"acf":[],"yoast_head":"<!-- This site is optimized with the Yoast SEO plugin v24.0 - https:\/\/yoast.com\/wordpress\/plugins\/seo\/ -->\n<title>Ancora del Chianti Bed and Breakfast: accueille familial en campagne<\/title>\n<meta name=\"description\" content=\"Vacances rurales en Toscane dans le Chianti pr\u00e8s de Florence\" \/>\n<meta name=\"robots\" content=\"index, follow, max-snippet:-1, max-image-preview:large, max-video-preview:-1\" \/>\n<link rel=\"canonical\" href=\"https:\/\/www.ancoradelchianti.it\/fr\/acces\/agriturismo_en_toscane\/\" \/>\n<meta property=\"og:locale\" content=\"fr_FR\" \/>\n<meta property=\"og:type\" content=\"article\" \/>\n<meta property=\"og:title\" content=\"Ancora del Chianti Bed and Breakfast: accueille familial en campagne\" \/>\n<meta property=\"og:description\" content=\"Vacances rurales en Toscane dans le Chianti pr\u00e8s de Florence\" \/>\n<meta property=\"og:url\" content=\"https:\/\/www.ancoradelchianti.it\/fr\/acces\/agriturismo_en_toscane\/\" \/>\n<meta property=\"og:site_name\" content=\"Ancora del Chianti B&amp;B\" \/>\n<meta property=\"article:modified_time\" content=\"2024-04-11T18:59:06+00:00\" \/>\n<meta property=\"og:image\" content=\"https:\/\/www.ancoradelchianti.it\/wp-content\/uploads\/why-tuscany\/vigna.jpg\" \/>\n\t<meta property=\"og:image:width\" content=\"2000\" \/>\n\t<meta property=\"og:image:height\" content=\"700\" \/>\n\t<meta property=\"og:image:type\" content=\"image\/jpeg\" \/>\n<meta name=\"twitter:card\" content=\"summary_large_image\" \/>\n<meta name=\"twitter:label1\" content=\"Dur\u00e9e de lecture estim\u00e9e\" \/>\n\t<meta name=\"twitter:data1\" content=\"3 minutes\" \/>\n<script type=\"application\/ld+json\" class=\"yoast-schema-graph\">{\"@context\":\"https:\/\/schema.org\",\"@graph\":[{\"@type\":\"WebPage\",\"@id\":\"https:\/\/www.ancoradelchianti.it\/fr\/acces\/agriturismo_en_toscane\/\",\"url\":\"https:\/\/www.ancoradelchianti.it\/fr\/acces\/agriturismo_en_toscane\/\",\"name\":\"Ancora del Chianti Bed and Breakfast: accueille familial en campagne\",\"isPartOf\":{\"@id\":\"https:\/\/www.ancoradelchianti.it\/fr\/#website\"},\"primaryImageOfPage\":{\"@id\":\"https:\/\/www.ancoradelchianti.it\/fr\/acces\/agriturismo_en_toscane\/#primaryimage\"},\"image\":{\"@id\":\"https:\/\/www.ancoradelchianti.it\/fr\/acces\/agriturismo_en_toscane\/#primaryimage\"},\"thumbnailUrl\":\"https:\/\/www.ancoradelchianti.it\/wp-content\/uploads\/why-tuscany\/vigna.jpg\",\"datePublished\":\"2024-03-03T13:21:10+00:00\",\"dateModified\":\"2024-04-11T18:59:06+00:00\",\"description\":\"Vacances rurales en Toscane dans le Chianti pr\u00e8s de Florence\",\"breadcrumb\":{\"@id\":\"https:\/\/www.ancoradelchianti.it\/fr\/acces\/agriturismo_en_toscane\/#breadcrumb\"},\"inLanguage\":\"fr-FR\",\"potentialAction\":[{\"@type\":\"ReadAction\",\"target\":[\"https:\/\/www.ancoradelchianti.it\/fr\/acces\/agriturismo_en_toscane\/\"]}]},{\"@type\":\"ImageObject\",\"inLanguage\":\"fr-FR\",\"@id\":\"https:\/\/www.ancoradelchianti.it\/fr\/acces\/agriturismo_en_toscane\/#primaryimage\",\"url\":\"https:\/\/www.ancoradelchianti.it\/wp-content\/uploads\/why-tuscany\/vigna.jpg\",\"contentUrl\":\"https:\/\/www.ancoradelchianti.it\/wp-content\/uploads\/why-tuscany\/vigna.jpg\",\"width\":2000,\"height\":700},{\"@type\":\"BreadcrumbList\",\"@id\":\"https:\/\/www.ancoradelchianti.it\/fr\/acces\/agriturismo_en_toscane\/#breadcrumb\",\"itemListElement\":[{\"@type\":\"ListItem\",\"position\":1,\"name\":\"Home\",\"item\":\"https:\/\/www.ancoradelchianti.it\/fr\/\"},{\"@type\":\"ListItem\",\"position\":2,\"name\":\"Acc\u00e8s\",\"item\":\"https:\/\/www.ancoradelchianti.it\/fr\/acces\/\"},{\"@type\":\"ListItem\",\"position\":3,\"name\":\"Pourquoi en Toscane\"}]},{\"@type\":\"WebSite\",\"@id\":\"https:\/\/www.ancoradelchianti.it\/fr\/#website\",\"url\":\"https:\/\/www.ancoradelchianti.it\/fr\/\",\"name\":\"Ancora del Chianti B&amp;B\",\"description\":\"\",\"publisher\":{\"@id\":\"https:\/\/www.ancoradelchianti.it\/fr\/#organization\"},\"potentialAction\":[{\"@type\":\"SearchAction\",\"target\":{\"@type\":\"EntryPoint\",\"urlTemplate\":\"https:\/\/www.ancoradelchianti.it\/fr\/?s={search_term_string}\"},\"query-input\":{\"@type\":\"PropertyValueSpecification\",\"valueRequired\":true,\"valueName\":\"search_term_string\"}}],\"inLanguage\":\"fr-FR\"},{\"@type\":\"Organization\",\"@id\":\"https:\/\/www.ancoradelchianti.it\/fr\/#organization\",\"name\":\"Ancora del Chianti B&amp;B\",\"url\":\"https:\/\/www.ancoradelchianti.it\/fr\/\",\"logo\":{\"@type\":\"ImageObject\",\"inLanguage\":\"fr-FR\",\"@id\":\"https:\/\/www.ancoradelchianti.it\/fr\/#\/schema\/logo\/image\/\",\"url\":\"https:\/\/www.ancoradelchianti.it\/wp-content\/uploads\/logo\/logo.png\",\"contentUrl\":\"https:\/\/www.ancoradelchianti.it\/wp-content\/uploads\/logo\/logo.png\",\"width\":129,\"height\":133,\"caption\":\"Ancora del Chianti B&amp;B\"},\"image\":{\"@id\":\"https:\/\/www.ancoradelchianti.it\/fr\/#\/schema\/logo\/image\/\"}}]}<\/script>\n<!-- \/ Yoast SEO plugin. -->","yoast_head_json":{"title":"Ancora del Chianti Bed and Breakfast: accueille familial en campagne","description":"Vacances rurales en Toscane dans le Chianti pr\u00e8s de Florence","robots":{"index":"index","follow":"follow","max-snippet":"max-snippet:-1","max-image-preview":"max-image-preview:large","max-video-preview":"max-video-preview:-1"},"canonical":"https:\/\/www.ancoradelchianti.it\/fr\/acces\/agriturismo_en_toscane\/","og_locale":"fr_FR","og_type":"article","og_title":"Ancora del Chianti Bed and Breakfast: accueille familial en campagne","og_description":"Vacances rurales en Toscane dans le Chianti pr\u00e8s de Florence","og_url":"https:\/\/www.ancoradelchianti.it\/fr\/acces\/agriturismo_en_toscane\/","og_site_name":"Ancora del Chianti B&amp;B","article_modified_time":"2024-04-11T18:59:06+00:00","og_image":[{"width":2000,"height":700,"url":"https:\/\/www.ancoradelchianti.it\/wp-content\/uploads\/why-tuscany\/vigna.jpg","type":"image\/jpeg"}],"twitter_card":"summary_large_image","twitter_misc":{"Dur\u00e9e de lecture estim\u00e9e":"3 minutes"},"schema":{"@context":"https:\/\/schema.org","@graph":[{"@type":"WebPage","@id":"https:\/\/www.ancoradelchianti.it\/fr\/acces\/agriturismo_en_toscane\/","url":"https:\/\/www.ancoradelchianti.it\/fr\/acces\/agriturismo_en_toscane\/","name":"Ancora del Chianti Bed and Breakfast: accueille familial en campagne","isPartOf":{"@id":"https:\/\/www.ancoradelchianti.it\/fr\/#website"},"primaryImageOfPage":{"@id":"https:\/\/www.ancoradelchianti.it\/fr\/acces\/agriturismo_en_toscane\/#primaryimage"},"image":{"@id":"https:\/\/www.ancoradelchianti.it\/fr\/acces\/agriturismo_en_toscane\/#primaryimage"},"thumbnailUrl":"https:\/\/www.ancoradelchianti.it\/wp-content\/uploads\/why-tuscany\/vigna.jpg","datePublished":"2024-03-03T13:21:10+00:00","dateModified":"2024-04-11T18:59:06+00:00","description":"Vacances rurales en Toscane dans le Chianti pr\u00e8s de Florence","breadcrumb":{"@id":"https:\/\/www.ancoradelchianti.it\/fr\/acces\/agriturismo_en_toscane\/#breadcrumb"},"inLanguage":"fr-FR","potentialAction":[{"@type":"ReadAction","target":["https:\/\/www.ancoradelchianti.it\/fr\/acces\/agriturismo_en_toscane\/"]}]},{"@type":"ImageObject","inLanguage":"fr-FR","@id":"https:\/\/www.ancoradelchianti.it\/fr\/acces\/agriturismo_en_toscane\/#primaryimage","url":"https:\/\/www.ancoradelchianti.it\/wp-content\/uploads\/why-tuscany\/vigna.jpg","contentUrl":"https:\/\/www.ancoradelchianti.it\/wp-content\/uploads\/why-tuscany\/vigna.jpg","width":2000,"height":700},{"@type":"BreadcrumbList","@id":"https:\/\/www.ancoradelchianti.it\/fr\/acces\/agriturismo_en_toscane\/#breadcrumb","itemListElement":[{"@type":"ListItem","position":1,"name":"Home","item":"https:\/\/www.ancoradelchianti.it\/fr\/"},{"@type":"ListItem","position":2,"name":"Acc\u00e8s","item":"https:\/\/www.ancoradelchianti.it\/fr\/acces\/"},{"@type":"ListItem","position":3,"name":"Pourquoi en Toscane"}]},{"@type":"WebSite","@id":"https:\/\/www.ancoradelchianti.it\/fr\/#website","url":"https:\/\/www.ancoradelchianti.it\/fr\/","name":"Ancora del Chianti B&amp;B","description":"","publisher":{"@id":"https:\/\/www.ancoradelchianti.it\/fr\/#organization"},"potentialAction":[{"@type":"SearchAction","target":{"@type":"EntryPoint","urlTemplate":"https:\/\/www.ancoradelchianti.it\/fr\/?s={search_term_string}"},"query-input":{"@type":"PropertyValueSpecification","valueRequired":true,"valueName":"search_term_string"}}],"inLanguage":"fr-FR"},{"@type":"Organization","@id":"https:\/\/www.ancoradelchianti.it\/fr\/#organization","name":"Ancora del Chianti B&amp;B","url":"https:\/\/www.ancoradelchianti.it\/fr\/","logo":{"@type":"ImageObject","inLanguage":"fr-FR","@id":"https:\/\/www.ancoradelchianti.it\/fr\/#\/schema\/logo\/image\/","url":"https:\/\/www.ancoradelchianti.it\/wp-content\/uploads\/logo\/logo.png","contentUrl":"https:\/\/www.ancoradelchianti.it\/wp-content\/uploads\/logo\/logo.png","width":129,"height":133,"caption":"Ancora del Chianti B&amp;B"},"image":{"@id":"https:\/\/www.ancoradelchianti.it\/fr\/#\/schema\/logo\/image\/"}}]}},"_links":{"self":[{"href":"https:\/\/www.ancoradelchianti.it\/fr\/wp-json\/wp\/v2\/pages\/8930","targetHints":{"allow":["GET"]}}],"collection":[{"href":"https:\/\/www.ancoradelchianti.it\/fr\/wp-json\/wp\/v2\/pages"}],"about":[{"href":"https:\/\/www.ancoradelchianti.it\/fr\/wp-json\/wp\/v2\/types\/page"}],"author":[{"embeddable":true,"href":"https:\/\/www.ancoradelchianti.it\/fr\/wp-json\/wp\/v2\/users\/1"}],"replies":[{"embeddable":true,"href":"https:\/\/www.ancoradelchianti.it\/fr\/wp-json\/wp\/v2\/comments?post=8930"}],"version-history":[{"count":0,"href":"https:\/\/www.ancoradelchianti.it\/fr\/wp-json\/wp\/v2\/pages\/8930\/revisions"}],"up":[{"embeddable":true,"href":"https:\/\/www.ancoradelchianti.it\/fr\/wp-json\/wp\/v2\/pages\/8926"}],"wp:featuredmedia":[{"embeddable":true,"href":"https:\/\/www.ancoradelchianti.it\/fr\/wp-json\/wp\/v2\/media\/6846"}],"wp:attachment":[{"href":"https:\/\/www.ancoradelchianti.it\/fr\/wp-json\/wp\/v2\/media?parent=8930"}],"wp:term":[{"taxonomy":"category","embeddable":true,"href":"https:\/\/www.ancoradelchianti.it\/fr\/wp-json\/wp\/v2\/categories?post=8930"},{"taxonomy":"post_tag","embeddable":true,"href":"https:\/\/www.ancoradelchianti.it\/fr\/wp-json\/wp\/v2\/tags?post=8930"}],"curies":[{"name":"wp","href":"https:\/\/api.w.org\/{rel}","templated":true}]}}