{"id":8934,"date":"2024-03-04T14:51:22","date_gmt":"2024-03-04T14:51:22","guid":{"rendered":"https:\/\/dev.ancoradelchianti.it\/galerie\/"},"modified":"2024-04-11T18:58:16","modified_gmt":"2024-04-11T18:58:16","slug":"foto_gallerie","status":"publish","type":"page","link":"https:\/\/www.ancoradelchianti.it\/fr\/foto_gallerie\/","title":{"rendered":"Galerie"},"content":{"rendered":"\t\t<div data-elementor-type=\"wp-page\" data-elementor-id=\"8934\" class=\"elementor elementor-8934 elementor-7473\" data-elementor-post-type=\"page\">\n\t\t\t\t<div class=\"elementor-element elementor-element-d763119 e-con-full e-flex e-con e-parent\" data-id=\"d763119\" data-element_type=\"container\" data-settings=\"{&quot;jet_parallax_layout_list&quot;:[]}\">\n\t\t\t\t<div data-dce-advanced-background-image-url=\"https:\/\/www.ancoradelchianti.it\/wp-content\/uploads\/pages\/rooms\/ancora-del-chianti-workshop-01.jpg\" class=\"elementor-element elementor-element-3f85d0b elementor-invisible elementor-has-bg-overlay elementor-widget elementor-widget-global elementor-global-232 elementor-widget-heading\" data-id=\"3f85d0b\" data-element_type=\"widget\" data-settings=\"{&quot;_animation&quot;:&quot;fadeInDown&quot;}\" data-widget_type=\"heading.default\">\n\t\t\t\t<div class=\"elementor-widget-container\">\n\t\t\t<h1 class=\"elementor-heading-title elementor-size-default\">Galerie<\/h1>\t\t<\/div>\n\t\t\t\t<\/div>\n\t\t\t\t<div class=\"elementor-element elementor-element-b06e6b7 elementor-widget elementor-widget-heading\" data-id=\"b06e6b7\" data-element_type=\"widget\" data-widget_type=\"heading.default\">\n\t\t\t\t<div class=\"elementor-widget-container\">\n\t\t\t<h2 class=\"elementor-heading-title elementor-size-default\">Galerie<\/h2>\t\t<\/div>\n\t\t\t\t<\/div>\n\t\t\t\t<\/div>\n\t\t<div class=\"elementor-element elementor-element-f142a44 e-flex e-con-boxed e-con e-parent\" data-id=\"f142a44\" data-element_type=\"container\" data-settings=\"{&quot;jet_parallax_layout_list&quot;:[]}\">\n\t\t\t\t\t<div class=\"e-con-inner\">\n\t\t\t\t<div class=\"elementor-element elementor-element-86a21e3 elementor-widget elementor-widget-text-editor\" data-id=\"86a21e3\" data-element_type=\"widget\" data-widget_type=\"text-editor.default\">\n\t\t\t\t<div class=\"elementor-widget-container\">\n\t\t\t\t\t\t\t<p style=\"text-align: center;\"><strong>\u00ab\u00a0Une image vaut 1000 mots\u00a0\u00bb<\/strong><\/p>\n<p style=\"text-align: center;\"><strong>Ancora del Chianti \u2013 Atelier d&rsquo;art en Toscane a plus de 1500 autres photos \u00e0 montrer <a href=\"https:\/\/www.flickr.com\/photos\/ancoradelchianti\/\" target=\"_blank\" rel=\"noopener\">sur Flickrs!<\/a><\/strong><\/p>\n<p style=\"text-align: center;\">D\u00e9couvrez notre B&amp;B \u00e0 travers les yeux de nos h\u00f4tes avec leur photos\u00a0prises au B&amp;B ou lors de visites dans les environs.<\/p>\n\t\t\t\t\t\t<\/div>\n\t\t\t\t<\/div>\n\t\t\t\t\t<\/div>\n\t\t\t\t<\/div>\n\t\t<div class=\"elementor-element elementor-element-8d702cc e-flex e-con-boxed e-con e-parent\" data-id=\"8d702cc\" data-element_type=\"container\" data-settings=\"{&quot;jet_parallax_layout_list&quot;:[]}\">\n\t\t\t\t\t<div class=\"e-con-inner\">\n\t\t\t\t<div class=\"elementor-element elementor-element-2cad30f elementor-widget elementor-widget-html\" data-id=\"2cad30f\" data-element_type=\"widget\" data-widget_type=\"html.default\">\n\t\t\t\t<div class=\"elementor-widget-container\">\n\t\t\t<script src=\"https:\/\/static.elfsight.com\/platform\/platform.js\" data-use-service-core defer><\/script>\r\n<div class=\"elfsight-app-0b0b468e-0dae-4bd5-bb69-93e262b61939\" data-elfsight-app-lazy><\/div>\t\t<\/div>\n\t\t\t\t<\/div>\n\t\t\t\t\t<\/div>\n\t\t\t\t<\/div>\n\t\t<div class=\"elementor-element elementor-element-1571c6a e-flex e-con-boxed e-con e-parent\" data-id=\"1571c6a\" data-element_type=\"container\" data-settings=\"{&quot;jet_parallax_layout_list&quot;:[]}\">\n\t\t\t\t\t<div class=\"e-con-inner\">\n\t\t\t\t<div class=\"elementor-element elementor-element-94e3651 elementor-widget elementor-widget-global elementor-global-8862 elementor-global-6616 elementor-widget-text-editor\" data-id=\"94e3651\" data-element_type=\"widget\" data-widget_type=\"text-editor.default\">\n\t\t\t\t<div class=\"elementor-widget-container\">\n\t\t\t\t\t\t\t<p style=\"text-align: center;\"><a href=\"https:\/\/ancoradelchianti.beddy.io\/#\/(beddy:home)?lang=fr\" target=\"_blank\" rel=\"noopener\"><strong>RESERVEZ MAINTENANT<\/strong><\/a>\u00a0ou envoyez un mail \u00e0\u00a0<a href=\"mailto:info@ancoradelchianti.it\" target=\"_blank\" rel=\"noopener\">info@ancoradelchianti.it<\/a><\/p>\n\t\t\t\t\t\t<\/div>\n\t\t\t\t<\/div>\n\t\t\t\t\t<\/div>\n\t\t\t\t<\/div>\n\t\t\t\t<\/div>\n\t\t","protected":false},"excerpt":{"rendered":"<p>Galerie \u00ab\u00a0Une image vaut 1000 mots\u00a0\u00bb Ancora del Chianti \u2013 Atelier d&rsquo;art en Toscane a plus de 1500 autres photos \u00e0 montrer sur Flickrs! D\u00e9couvrez notre B&amp;B \u00e0 travers les yeux de nos h\u00f4tes avec leur photos\u00a0prises au B&amp;B ou lors de visites dans les environs. BOOK NOW\u00a0or send an email to\u00a0info@ancoradelchianti.it<\/p>\n","protected":false},"author":1,"featured_media":6887,"parent":0,"menu_order":149,"comment_status":"closed","ping_status":"closed","template":"","meta":{"_acf_changed":false,"footnotes":""},"categories":[],"tags":[],"class_list":["post-8934","page","type-page","status-publish","has-post-thumbnail","hentry"],"acf":[],"yoast_head":"<!-- This site is optimized with the Yoast SEO plugin v24.0 - https:\/\/yoast.com\/wordpress\/plugins\/seo\/ -->\n<title>Ancora del Chianti Toscane B&amp;B pr\u00e8s de Florence et Sienne, Galerie de photos<\/title>\n<meta name=\"description\" content=\"D\u00e9couvrez Ancora del Chianti B&amp;B \u00e0 travers les yeux de nos h\u00f4tes : voici les photos qu&#039;ils ont soumises \u00e0 notre concours annuel de photos sur le B&amp;B et leurs visites en Toscane.\" \/>\n<meta name=\"robots\" content=\"index, follow, max-snippet:-1, max-image-preview:large, max-video-preview:-1\" \/>\n<link rel=\"canonical\" href=\"https:\/\/www.ancoradelchianti.it\/fr\/foto_gallerie\/\" \/>\n<meta property=\"og:locale\" content=\"fr_FR\" \/>\n<meta property=\"og:type\" content=\"article\" \/>\n<meta property=\"og:title\" content=\"Ancora del Chianti Toscane B&amp;B pr\u00e8s de Florence et Sienne, Galerie de photos\" \/>\n<meta property=\"og:description\" content=\"D\u00e9couvrez Ancora del Chianti B&amp;B \u00e0 travers les yeux de nos h\u00f4tes : voici les photos qu&#039;ils ont soumises \u00e0 notre concours annuel de photos sur le B&amp;B et leurs visites en Toscane.\" \/>\n<meta property=\"og:url\" content=\"https:\/\/www.ancoradelchianti.it\/fr\/foto_gallerie\/\" \/>\n<meta property=\"og:site_name\" content=\"Ancora del Chianti B&amp;B\" \/>\n<meta property=\"article:modified_time\" content=\"2024-04-11T18:58:16+00:00\" \/>\n<meta property=\"og:image\" content=\"https:\/\/www.ancoradelchianti.it\/wp-content\/uploads\/pages\/rooms\/ancora-del-chianti-workshop-01.jpg\" \/>\n\t<meta property=\"og:image:width\" content=\"1200\" \/>\n\t<meta property=\"og:image:height\" content=\"800\" \/>\n\t<meta property=\"og:image:type\" content=\"image\/jpeg\" \/>\n<meta name=\"twitter:card\" content=\"summary_large_image\" \/>\n<script type=\"application\/ld+json\" class=\"yoast-schema-graph\">{\"@context\":\"https:\/\/schema.org\",\"@graph\":[{\"@type\":\"WebPage\",\"@id\":\"https:\/\/www.ancoradelchianti.it\/fr\/foto_gallerie\/\",\"url\":\"https:\/\/www.ancoradelchianti.it\/fr\/foto_gallerie\/\",\"name\":\"Ancora del Chianti Toscane B&B pr\u00e8s de Florence et Sienne, Galerie de photos\",\"isPartOf\":{\"@id\":\"https:\/\/www.ancoradelchianti.it\/fr\/#website\"},\"primaryImageOfPage\":{\"@id\":\"https:\/\/www.ancoradelchianti.it\/fr\/foto_gallerie\/#primaryimage\"},\"image\":{\"@id\":\"https:\/\/www.ancoradelchianti.it\/fr\/foto_gallerie\/#primaryimage\"},\"thumbnailUrl\":\"https:\/\/www.ancoradelchianti.it\/wp-content\/uploads\/pages\/rooms\/ancora-del-chianti-workshop-01.jpg\",\"datePublished\":\"2024-03-04T14:51:22+00:00\",\"dateModified\":\"2024-04-11T18:58:16+00:00\",\"description\":\"D\u00e9couvrez Ancora del Chianti B&B \u00e0 travers les yeux de nos h\u00f4tes : voici les photos qu'ils ont soumises \u00e0 notre concours annuel de photos sur le B&B et leurs visites en Toscane.\",\"breadcrumb\":{\"@id\":\"https:\/\/www.ancoradelchianti.it\/fr\/foto_gallerie\/#breadcrumb\"},\"inLanguage\":\"fr-FR\",\"potentialAction\":[{\"@type\":\"ReadAction\",\"target\":[\"https:\/\/www.ancoradelchianti.it\/fr\/foto_gallerie\/\"]}]},{\"@type\":\"ImageObject\",\"inLanguage\":\"fr-FR\",\"@id\":\"https:\/\/www.ancoradelchianti.it\/fr\/foto_gallerie\/#primaryimage\",\"url\":\"https:\/\/www.ancoradelchianti.it\/wp-content\/uploads\/pages\/rooms\/ancora-del-chianti-workshop-01.jpg\",\"contentUrl\":\"https:\/\/www.ancoradelchianti.it\/wp-content\/uploads\/pages\/rooms\/ancora-del-chianti-workshop-01.jpg\",\"width\":1200,\"height\":800,\"caption\":\"B&B Rooms\"},{\"@type\":\"BreadcrumbList\",\"@id\":\"https:\/\/www.ancoradelchianti.it\/fr\/foto_gallerie\/#breadcrumb\",\"itemListElement\":[{\"@type\":\"ListItem\",\"position\":1,\"name\":\"Home\",\"item\":\"https:\/\/www.ancoradelchianti.it\/fr\/\"},{\"@type\":\"ListItem\",\"position\":2,\"name\":\"Galerie\"}]},{\"@type\":\"WebSite\",\"@id\":\"https:\/\/www.ancoradelchianti.it\/fr\/#website\",\"url\":\"https:\/\/www.ancoradelchianti.it\/fr\/\",\"name\":\"Ancora del Chianti B&amp;B\",\"description\":\"\",\"publisher\":{\"@id\":\"https:\/\/www.ancoradelchianti.it\/fr\/#organization\"},\"potentialAction\":[{\"@type\":\"SearchAction\",\"target\":{\"@type\":\"EntryPoint\",\"urlTemplate\":\"https:\/\/www.ancoradelchianti.it\/fr\/?s={search_term_string}\"},\"query-input\":{\"@type\":\"PropertyValueSpecification\",\"valueRequired\":true,\"valueName\":\"search_term_string\"}}],\"inLanguage\":\"fr-FR\"},{\"@type\":\"Organization\",\"@id\":\"https:\/\/www.ancoradelchianti.it\/fr\/#organization\",\"name\":\"Ancora del Chianti B&amp;B\",\"url\":\"https:\/\/www.ancoradelchianti.it\/fr\/\",\"logo\":{\"@type\":\"ImageObject\",\"inLanguage\":\"fr-FR\",\"@id\":\"https:\/\/www.ancoradelchianti.it\/fr\/#\/schema\/logo\/image\/\",\"url\":\"https:\/\/www.ancoradelchianti.it\/wp-content\/uploads\/logo\/logo.png\",\"contentUrl\":\"https:\/\/www.ancoradelchianti.it\/wp-content\/uploads\/logo\/logo.png\",\"width\":129,\"height\":133,\"caption\":\"Ancora del Chianti B&amp;B\"},\"image\":{\"@id\":\"https:\/\/www.ancoradelchianti.it\/fr\/#\/schema\/logo\/image\/\"}}]}<\/script>\n<!-- \/ Yoast SEO plugin. -->","yoast_head_json":{"title":"Ancora del Chianti Toscane B&B pr\u00e8s de Florence et Sienne, Galerie de photos","description":"D\u00e9couvrez Ancora del Chianti B&B \u00e0 travers les yeux de nos h\u00f4tes : voici les photos qu'ils ont soumises \u00e0 notre concours annuel de photos sur le B&B et leurs visites en Toscane.","robots":{"index":"index","follow":"follow","max-snippet":"max-snippet:-1","max-image-preview":"max-image-preview:large","max-video-preview":"max-video-preview:-1"},"canonical":"https:\/\/www.ancoradelchianti.it\/fr\/foto_gallerie\/","og_locale":"fr_FR","og_type":"article","og_title":"Ancora del Chianti Toscane B&B pr\u00e8s de Florence et Sienne, Galerie de photos","og_description":"D\u00e9couvrez Ancora del Chianti B&B \u00e0 travers les yeux de nos h\u00f4tes : voici les photos qu'ils ont soumises \u00e0 notre concours annuel de photos sur le B&B et leurs visites en Toscane.","og_url":"https:\/\/www.ancoradelchianti.it\/fr\/foto_gallerie\/","og_site_name":"Ancora del Chianti B&amp;B","article_modified_time":"2024-04-11T18:58:16+00:00","og_image":[{"width":1200,"height":800,"url":"https:\/\/www.ancoradelchianti.it\/wp-content\/uploads\/pages\/rooms\/ancora-del-chianti-workshop-01.jpg","type":"image\/jpeg"}],"twitter_card":"summary_large_image","schema":{"@context":"https:\/\/schema.org","@graph":[{"@type":"WebPage","@id":"https:\/\/www.ancoradelchianti.it\/fr\/foto_gallerie\/","url":"https:\/\/www.ancoradelchianti.it\/fr\/foto_gallerie\/","name":"Ancora del Chianti Toscane B&B pr\u00e8s de Florence et Sienne, Galerie de photos","isPartOf":{"@id":"https:\/\/www.ancoradelchianti.it\/fr\/#website"},"primaryImageOfPage":{"@id":"https:\/\/www.ancoradelchianti.it\/fr\/foto_gallerie\/#primaryimage"},"image":{"@id":"https:\/\/www.ancoradelchianti.it\/fr\/foto_gallerie\/#primaryimage"},"thumbnailUrl":"https:\/\/www.ancoradelchianti.it\/wp-content\/uploads\/pages\/rooms\/ancora-del-chianti-workshop-01.jpg","datePublished":"2024-03-04T14:51:22+00:00","dateModified":"2024-04-11T18:58:16+00:00","description":"D\u00e9couvrez Ancora del Chianti B&B \u00e0 travers les yeux de nos h\u00f4tes : voici les photos qu'ils ont soumises \u00e0 notre concours annuel de photos sur le B&B et leurs visites en Toscane.","breadcrumb":{"@id":"https:\/\/www.ancoradelchianti.it\/fr\/foto_gallerie\/#breadcrumb"},"inLanguage":"fr-FR","potentialAction":[{"@type":"ReadAction","target":["https:\/\/www.ancoradelchianti.it\/fr\/foto_gallerie\/"]}]},{"@type":"ImageObject","inLanguage":"fr-FR","@id":"https:\/\/www.ancoradelchianti.it\/fr\/foto_gallerie\/#primaryimage","url":"https:\/\/www.ancoradelchianti.it\/wp-content\/uploads\/pages\/rooms\/ancora-del-chianti-workshop-01.jpg","contentUrl":"https:\/\/www.ancoradelchianti.it\/wp-content\/uploads\/pages\/rooms\/ancora-del-chianti-workshop-01.jpg","width":1200,"height":800,"caption":"B&B Rooms"},{"@type":"BreadcrumbList","@id":"https:\/\/www.ancoradelchianti.it\/fr\/foto_gallerie\/#breadcrumb","itemListElement":[{"@type":"ListItem","position":1,"name":"Home","item":"https:\/\/www.ancoradelchianti.it\/fr\/"},{"@type":"ListItem","position":2,"name":"Galerie"}]},{"@type":"WebSite","@id":"https:\/\/www.ancoradelchianti.it\/fr\/#website","url":"https:\/\/www.ancoradelchianti.it\/fr\/","name":"Ancora del Chianti B&amp;B","description":"","publisher":{"@id":"https:\/\/www.ancoradelchianti.it\/fr\/#organization"},"potentialAction":[{"@type":"SearchAction","target":{"@type":"EntryPoint","urlTemplate":"https:\/\/www.ancoradelchianti.it\/fr\/?s={search_term_string}"},"query-input":{"@type":"PropertyValueSpecification","valueRequired":true,"valueName":"search_term_string"}}],"inLanguage":"fr-FR"},{"@type":"Organization","@id":"https:\/\/www.ancoradelchianti.it\/fr\/#organization","name":"Ancora del Chianti B&amp;B","url":"https:\/\/www.ancoradelchianti.it\/fr\/","logo":{"@type":"ImageObject","inLanguage":"fr-FR","@id":"https:\/\/www.ancoradelchianti.it\/fr\/#\/schema\/logo\/image\/","url":"https:\/\/www.ancoradelchianti.it\/wp-content\/uploads\/logo\/logo.png","contentUrl":"https:\/\/www.ancoradelchianti.it\/wp-content\/uploads\/logo\/logo.png","width":129,"height":133,"caption":"Ancora del Chianti B&amp;B"},"image":{"@id":"https:\/\/www.ancoradelchianti.it\/fr\/#\/schema\/logo\/image\/"}}]}},"_links":{"self":[{"href":"https:\/\/www.ancoradelchianti.it\/fr\/wp-json\/wp\/v2\/pages\/8934","targetHints":{"allow":["GET"]}}],"collection":[{"href":"https:\/\/www.ancoradelchianti.it\/fr\/wp-json\/wp\/v2\/pages"}],"about":[{"href":"https:\/\/www.ancoradelchianti.it\/fr\/wp-json\/wp\/v2\/types\/page"}],"author":[{"embeddable":true,"href":"https:\/\/www.ancoradelchianti.it\/fr\/wp-json\/wp\/v2\/users\/1"}],"replies":[{"embeddable":true,"href":"https:\/\/www.ancoradelchianti.it\/fr\/wp-json\/wp\/v2\/comments?post=8934"}],"version-history":[{"count":0,"href":"https:\/\/www.ancoradelchianti.it\/fr\/wp-json\/wp\/v2\/pages\/8934\/revisions"}],"wp:featuredmedia":[{"embeddable":true,"href":"https:\/\/www.ancoradelchianti.it\/fr\/wp-json\/wp\/v2\/media\/6887"}],"wp:attachment":[{"href":"https:\/\/www.ancoradelchianti.it\/fr\/wp-json\/wp\/v2\/media?parent=8934"}],"wp:term":[{"taxonomy":"category","embeddable":true,"href":"https:\/\/www.ancoradelchianti.it\/fr\/wp-json\/wp\/v2\/categories?post=8934"},{"taxonomy":"post_tag","embeddable":true,"href":"https:\/\/www.ancoradelchianti.it\/fr\/wp-json\/wp\/v2\/tags?post=8934"}],"curies":[{"name":"wp","href":"https:\/\/api.w.org\/{rel}","templated":true}]}}