{"id":8946,"date":"2024-04-06T06:27:14","date_gmt":"2024-04-06T06:27:14","guid":{"rendered":"https:\/\/dev.ancoradelchianti.it\/vacances-en-toscane-2024\/"},"modified":"2025-11-19T14:55:14","modified_gmt":"2025-11-19T14:55:14","slug":"vacances-en-toscane-2024","status":"publish","type":"page","link":"https:\/\/www.ancoradelchianti.it\/fr\/vacances-en-toscane-2024\/","title":{"rendered":"Vacances en Toscane 2026"},"content":{"rendered":"\t\t<div data-elementor-type=\"wp-page\" data-elementor-id=\"8946\" class=\"elementor elementor-8946 elementor-8758\" data-elementor-post-type=\"page\">\n\t\t\t\t<div class=\"elementor-element elementor-element-bd640bc e-con-full e-flex e-con e-parent\" data-id=\"bd640bc\" data-element_type=\"container\" data-settings=\"{&quot;jet_parallax_layout_list&quot;:[]}\">\n\t\t\t\t<div data-dce-advanced-background-image-url=\"https:\/\/www.ancoradelchianti.it\/wp-content\/uploads\/header\/a2.jpg\" class=\"elementor-element elementor-element-ff737d9 elementor-invisible elementor-has-bg-overlay elementor-widget elementor-widget-global elementor-global-232 elementor-widget-heading\" data-id=\"ff737d9\" data-element_type=\"widget\" data-settings=\"{&quot;_animation&quot;:&quot;fadeInDown&quot;}\" data-widget_type=\"heading.default\">\n\t\t\t\t<div class=\"elementor-widget-container\">\n\t\t\t<h1 class=\"elementor-heading-title elementor-size-default\">Vacances en Toscane 2026<\/h1>\t\t<\/div>\n\t\t\t\t<\/div>\n\t\t\t\t<\/div>\n\t\t<div class=\"elementor-element elementor-element-1c5f018 e-flex e-con-boxed e-con e-parent\" data-id=\"1c5f018\" data-element_type=\"container\" data-settings=\"{&quot;jet_parallax_layout_list&quot;:[]}\">\n\t\t\t\t\t<div class=\"e-con-inner\">\n\t\t\t\t<div class=\"elementor-element elementor-element-effb9e2 elementor-widget elementor-widget-heading\" data-id=\"effb9e2\" data-element_type=\"widget\" data-widget_type=\"heading.default\">\n\t\t\t\t<div class=\"elementor-widget-container\">\n\t\t\t<h2 class=\"elementor-heading-title elementor-size-default\">Vacances en Toscane 2025<\/h2>\t\t<\/div>\n\t\t\t\t<\/div>\n\t\t\t\t\t<\/div>\n\t\t\t\t<\/div>\n\t\t<div class=\"elementor-element elementor-element-fb6e863 e-flex e-con-boxed e-con e-parent\" data-id=\"fb6e863\" data-element_type=\"container\" data-settings=\"{&quot;jet_parallax_layout_list&quot;:[]}\">\n\t\t\t\t\t<div class=\"e-con-inner\">\n\t\t\t\t<div class=\"elementor-element elementor-element-60f4eda elementor-widget elementor-widget-text-editor\" data-id=\"60f4eda\" data-element_type=\"widget\" data-widget_type=\"text-editor.default\">\n\t\t\t\t<div class=\"elementor-widget-container\">\n\t\t\t\t\t\t\t<h3 style=\"text-align: center;\" data-mce-style=\"text-align: center;\">R\u00c9SERVEZ DIRECTEMENT ICI<br \/>Pour le MEILLEURE PRIX GUARANTI et OFFRES SPECIALES RESERVEE.<\/h3>\n\t\t\t\t\t\t<\/div>\n\t\t\t\t<\/div>\n\t\t\t\t\t<\/div>\n\t\t\t\t<\/div>\n\t\t<div class=\"elementor-element elementor-element-6648b72 e-flex e-con-boxed e-con e-parent\" data-id=\"6648b72\" data-element_type=\"container\" data-settings=\"{&quot;jet_parallax_layout_list&quot;:[]}\">\n\t\t\t\t\t<div class=\"e-con-inner\">\n\t\t\t\t<div class=\"elementor-element elementor-element-bf707e6 dce_masking-none elementor-widget elementor-widget-image\" data-id=\"bf707e6\" data-element_type=\"widget\" data-widget_type=\"image.default\">\n\t\t\t\t<div class=\"elementor-widget-container\">\n\t\t\t\t\t\t\t\t\t\t\t\t\t<img fetchpriority=\"high\" decoding=\"async\" width=\"800\" height=\"280\" src=\"https:\/\/www.ancoradelchianti.it\/wp-content\/uploads\/rooms-and-services\/camera_asciugamani-1024x358.jpg\" class=\"attachment-large size-large wp-image-7133\" alt=\"Rooms and Services\" srcset=\"https:\/\/www.ancoradelchianti.it\/wp-content\/uploads\/rooms-and-services\/camera_asciugamani-1024x358.jpg 1024w, https:\/\/www.ancoradelchianti.it\/wp-content\/uploads\/rooms-and-services\/camera_asciugamani-300x105.jpg 300w, https:\/\/www.ancoradelchianti.it\/wp-content\/uploads\/rooms-and-services\/camera_asciugamani-768x269.jpg 768w, https:\/\/www.ancoradelchianti.it\/wp-content\/uploads\/rooms-and-services\/camera_asciugamani-1536x538.jpg 1536w, https:\/\/www.ancoradelchianti.it\/wp-content\/uploads\/rooms-and-services\/camera_asciugamani.jpg 1920w\" sizes=\"(max-width: 800px) 100vw, 800px\" \/>\t\t\t\t\t\t\t\t\t\t\t\t\t<\/div>\n\t\t\t\t<\/div>\n\t\t\t\t\t<\/div>\n\t\t\t\t<\/div>\n\t\t<div class=\"elementor-element elementor-element-23e1820 e-flex e-con-boxed e-con e-parent\" data-id=\"23e1820\" data-element_type=\"container\" data-settings=\"{&quot;jet_parallax_layout_list&quot;:[]}\">\n\t\t\t\t\t<div class=\"e-con-inner\">\n\t\t\t\t<div class=\"elementor-element elementor-element-0b95fa0 elementor-widget elementor-widget-text-editor\" data-id=\"0b95fa0\" data-element_type=\"widget\" data-widget_type=\"text-editor.default\">\n\t\t\t\t<div class=\"elementor-widget-container\">\n\t\t\t\t\t\t\t<p style=\"text-align: center;\">R\u00e9server via notre site internet pour b\u00e9n\u00e9ficier du meilleur tarif et des meilleures offres :<\/p>\n<p style=\"text-align: center;\"><strong>PETIT-D\u00c9JEUNER GRATUIT<\/strong><\/p>\n<p style=\"text-align: center;\">Tarif avec <a href=\"https:\/\/www.ancoradelchianti.it\/image\/pdf\/guest_benefits_besafe_rate.pdf\" target=\"_blank\" rel=\"noopener\"><strong>ASSURANCE DE VOYAGE GRATUITE<\/strong><\/a><\/p>\n<p style=\"text-align: center;\"><strong>REMISE de 5 %<\/strong> pour tarif non remboursable<\/p>\n<p style=\"text-align: center;\"><strong>REMISE JUSQ&rsquo;AU 10 %<\/strong>\u00a0pour les r\u00e9servations de 7 nuits ou plus<\/p>\n<p style=\"text-align: center;\"><strong><a href=\"https:\/\/www.ancoradelchianti.it\/fr\/forfait_toscane_gourmet.html\" target=\"_blank\" rel=\"noopener\">Forfaits Gourmet Vin &amp; Huile<\/a>\u00a0 et <a href=\"https:\/\/www.ancoradelchianti.it\/fr\/activites\/\">Activit\u00e9s et Experiences<\/a><\/strong><\/p>\n<p style=\"text-align: center;\"><a href=\"https:\/\/ancoradelchianti.beddy.io\/#\/(beddy:home)?lang=fr\" target=\"_blank\" rel=\"noopener\"><strong>V\u00e9rifiez la disponibilit\u00e9 MAINTENANT<\/strong><\/a>.<\/p>\n<h3 style=\"text-align: center;\">VOTRE LIEU ACCUEILLANT POUR VOS VACANCES EN TOSCANE<\/h3>\n\t\t\t\t\t\t<\/div>\n\t\t\t\t<\/div>\n\t\t\t\t<div class=\"elementor-element elementor-element-245fe86 dce_masking-none elementor-widget elementor-widget-image\" data-id=\"245fe86\" data-element_type=\"widget\" data-widget_type=\"image.default\">\n\t\t\t\t<div class=\"elementor-widget-container\">\n\t\t\t\t\t\t\t\t\t\t\t\t\t<img decoding=\"async\" width=\"800\" height=\"280\" src=\"https:\/\/www.ancoradelchianti.it\/wp-content\/uploads\/header\/ancora-1-1024x358.jpg\" class=\"attachment-large size-large wp-image-8765\" alt=\"\" srcset=\"https:\/\/www.ancoradelchianti.it\/wp-content\/uploads\/header\/ancora-1-1024x358.jpg 1024w, https:\/\/www.ancoradelchianti.it\/wp-content\/uploads\/header\/ancora-1-300x105.jpg 300w, https:\/\/www.ancoradelchianti.it\/wp-content\/uploads\/header\/ancora-1-768x269.jpg 768w, https:\/\/www.ancoradelchianti.it\/wp-content\/uploads\/header\/ancora-1-1536x538.jpg 1536w, https:\/\/www.ancoradelchianti.it\/wp-content\/uploads\/header\/ancora-1.jpg 1920w\" sizes=\"(max-width: 800px) 100vw, 800px\" \/>\t\t\t\t\t\t\t\t\t\t\t\t\t<\/div>\n\t\t\t\t<\/div>\n\t\t\t\t<div class=\"elementor-element elementor-element-8a3147e elementor-widget elementor-widget-text-editor\" data-id=\"8a3147e\" data-element_type=\"widget\" data-widget_type=\"text-editor.default\">\n\t\t\t\t<div class=\"elementor-widget-container\">\n\t\t\t\t\t\t\t<p>La ferme est au sommet d&rsquo;une colline avec des<strong>\u00a0vues spectaculaires<\/strong>\u00a0sur la vall\u00e9e du Chianti. Toutes\u00a0<a href=\"https:\/\/www.ancoradelchianti.it\/fr\/chambres_hotes_toscane\/bb_chambres_chianti\/\"><strong>nos chambres<\/strong><\/a>\u00a0disposent d&rsquo;un\u00a0<strong>espace ext\u00e9rieur<\/strong>\u00a0\u00e0 usage exclusif avec table et chaises pour lire, se d\u00e9tendre et d\u00e9guster un verre de vin<strong>\u00a0en pleine nature<\/strong>. De plus, chaque chambre a une porte d&rsquo;entr\u00e9e ind\u00e9pendante depuis le jardin et vous pouvez \u00eatre en contact direct avec la nature. Chaque matin, un\u00a0<strong>petit-d\u00e9jeuner all\u00e9chant<\/strong> est servi sur la terrasse ou dans la salle \u00e0 manger et propose une vari\u00e9t\u00e9 de d\u00e9lices sucr\u00e9s et sal\u00e9s. The et caf\u00e9 am\u00e9ricain sont disponibles 24 h\/24 pour une boisson chaude dans l&rsquo;intimit\u00e9 de votre chambre ou \u00e0 l&rsquo;ext\u00e9rieur.<\/p>\n<h3 style=\"text-align: center;\">VIVRE LE CHARME DE LA TOSCANE<\/h3>\n\t\t\t\t\t\t<\/div>\n\t\t\t\t<\/div>\n\t\t\t\t<div class=\"elementor-element elementor-element-52ee57d dce_masking-none elementor-widget elementor-widget-image\" data-id=\"52ee57d\" data-element_type=\"widget\" data-widget_type=\"image.default\">\n\t\t\t\t<div class=\"elementor-widget-container\">\n\t\t\t\t\t\t\t\t\t\t\t\t\t<img decoding=\"async\" width=\"800\" height=\"260\" src=\"https:\/\/www.ancoradelchianti.it\/wp-content\/uploads\/tuscany-tours\/san_gimi01-1024x333.jpg\" class=\"attachment-large size-large wp-image-6782\" alt=\"San Gimignano\" srcset=\"https:\/\/www.ancoradelchianti.it\/wp-content\/uploads\/tuscany-tours\/san_gimi01-1024x333.jpg 1024w, https:\/\/www.ancoradelchianti.it\/wp-content\/uploads\/tuscany-tours\/san_gimi01-300x98.jpg 300w, https:\/\/www.ancoradelchianti.it\/wp-content\/uploads\/tuscany-tours\/san_gimi01-768x250.jpg 768w, https:\/\/www.ancoradelchianti.it\/wp-content\/uploads\/tuscany-tours\/san_gimi01-1536x500.jpg 1536w, https:\/\/www.ancoradelchianti.it\/wp-content\/uploads\/tuscany-tours\/san_gimi01.jpg 1920w\" sizes=\"(max-width: 800px) 100vw, 800px\" \/>\t\t\t\t\t\t\t\t\t\t\t\t\t<\/div>\n\t\t\t\t<\/div>\n\t\t\t\t<div class=\"elementor-element elementor-element-052e010 elementor-widget elementor-widget-text-editor\" data-id=\"052e010\" data-element_type=\"widget\" data-widget_type=\"text-editor.default\">\n\t\t\t\t<div class=\"elementor-widget-container\">\n\t\t\t\t\t\t\t<p>Situ\u00e9 \u00e0 seulement 20 km de Florence et \u00e0 40 km de Sienne, ici vous pouvez participer aux&nbsp;<a href=\"https:\/\/www.ancoradelchianti.it\/fr\/activites.html\" target=\"_blank\" rel=\"noopener\" data-mce-href=\"https:\/\/www.ancoradelchianti.it\/fr\/activites.html\"><strong>activit\u00e9s<\/strong><\/a>&nbsp;et opter pour un&nbsp;<strong>Forfaits Gourmet 3 nuits<\/strong> avec visite \u00e0 la cave et au pressoir pour plonger dans l&rsquo;art, les saveurs et les traditions locales, apprendre et vous amuser : cours de cuisine,&nbsp;<strong>visites de vignobles<\/strong>&nbsp;et&nbsp;<strong>d\u00e9gustation d&rsquo;huile&nbsp;<\/strong>et <strong>cours de peinture acrylique d&rsquo;aquarelle<\/strong>&nbsp;pour individuels et petits groupes, balades \u00e0 v\u00e9lo et en vespa sur les collines et&nbsp;<strong><a href=\"https:\/\/www.ancoradelchianti.it\/fr\/tours_en_chianti.html\" target=\"_blank\" rel=\"noopener\" data-mce-href=\"https:\/\/www.ancoradelchianti.it\/fr\/tours_en_chianti.html\">visites de villes d&rsquo;art et villages historiques.<\/a><\/strong><\/p>\n<p style=\"text-align: center;\" data-mce-style=\"text-align: center;\"><strong>La douce campagne<\/strong><strong>&nbsp;du Chianti vous attendent!<\/strong><\/p>\n\t\t\t\t\t\t<\/div>\n\t\t\t\t<\/div>\n\t\t\t\t<div class=\"elementor-element elementor-element-6de1793 elementor-widget elementor-widget-global elementor-global-8862 elementor-global-6616 elementor-widget-text-editor\" data-id=\"6de1793\" data-element_type=\"widget\" data-widget_type=\"text-editor.default\">\n\t\t\t\t<div class=\"elementor-widget-container\">\n\t\t\t\t\t\t\t<p style=\"text-align: center;\"><a href=\"https:\/\/ancoradelchianti.beddy.io\/#\/(beddy:home)?lang=fr\" target=\"_blank\" rel=\"noopener\"><strong>RESERVEZ MAINTENANT<\/strong><\/a>\u00a0ou envoyez un mail \u00e0\u00a0<a href=\"mailto:info@ancoradelchianti.it\" target=\"_blank\" rel=\"noopener\">info@ancoradelchianti.it<\/a><\/p>\n\t\t\t\t\t\t<\/div>\n\t\t\t\t<\/div>\n\t\t\t\t\t<\/div>\n\t\t\t\t<\/div>\n\t\t\t\t<\/div>\n\t\t","protected":false},"excerpt":{"rendered":"<p>Vacances en Toscane 2025 R\u00c9SERVEZ DIRECTEMENT ICIPour le MEILLEURE PRIX GUARANTI et OFFRES SPECIALES RESERVEE. R\u00e9server via notre site internet pour b\u00e9n\u00e9ficier du meilleur tarif et des meilleures offres : PETIT-D\u00c9JEUNER GRATUIT Tarif avec ASSURANCE DE VOYAGE GRATUITE REMISE de 5 % pour tarif non remboursable REMISE JUSQ&rsquo;AU 10 %\u00a0pour les r\u00e9servations de 7 nuits&#8230;<\/p>\n","protected":false},"author":1,"featured_media":8015,"parent":0,"menu_order":11,"comment_status":"closed","ping_status":"closed","template":"","meta":{"_acf_changed":false,"footnotes":""},"categories":[],"tags":[],"class_list":["post-8946","page","type-page","status-publish","has-post-thumbnail","hentry"],"acf":[],"yoast_head":"<!-- This site is optimized with the Yoast SEO plugin v24.0 - https:\/\/yoast.com\/wordpress\/plugins\/seo\/ -->\n<title>Ancora del Chianti B&amp;B pr\u00e8s de Florence, Chianti, Toscane<\/title>\n<meta name=\"description\" content=\"Cette r\u00e9gion de Toscane a \u00e9galement \u00e9t\u00e9 un point de d\u00e9part, d&#039;inspiration et de retour pour de nombreux personnages c\u00e9l\u00e8bres qui ont jou\u00e9 un r\u00f4le dans le cours de l&#039;histoire.\" \/>\n<meta name=\"robots\" content=\"index, follow, max-snippet:-1, max-image-preview:large, max-video-preview:-1\" \/>\n<link rel=\"canonical\" href=\"https:\/\/www.ancoradelchianti.it\/fr\/vacances-en-toscane-2024\/\" \/>\n<meta property=\"og:locale\" content=\"fr_FR\" \/>\n<meta property=\"og:type\" content=\"article\" \/>\n<meta property=\"og:title\" content=\"Ancora del Chianti B&amp;B pr\u00e8s de Florence, Chianti, Toscane\" \/>\n<meta property=\"og:description\" content=\"Cette r\u00e9gion de Toscane a \u00e9galement \u00e9t\u00e9 un point de d\u00e9part, d&#039;inspiration et de retour pour de nombreux personnages c\u00e9l\u00e8bres qui ont jou\u00e9 un r\u00f4le dans le cours de l&#039;histoire.\" \/>\n<meta property=\"og:url\" content=\"https:\/\/www.ancoradelchianti.it\/fr\/vacances-en-toscane-2024\/\" \/>\n<meta property=\"og:site_name\" content=\"Ancora del Chianti B&amp;B\" \/>\n<meta property=\"article:modified_time\" content=\"2025-11-19T14:55:14+00:00\" \/>\n<meta property=\"og:image\" content=\"https:\/\/www.ancoradelchianti.it\/wp-content\/uploads\/header\/a2.jpg\" \/>\n\t<meta property=\"og:image:width\" content=\"2000\" \/>\n\t<meta property=\"og:image:height\" content=\"700\" \/>\n\t<meta property=\"og:image:type\" content=\"image\/jpeg\" \/>\n<meta name=\"twitter:card\" content=\"summary_large_image\" \/>\n<meta name=\"twitter:label1\" content=\"Dur\u00e9e de lecture estim\u00e9e\" \/>\n\t<meta name=\"twitter:data1\" content=\"2 minutes\" \/>\n<script type=\"application\/ld+json\" class=\"yoast-schema-graph\">{\"@context\":\"https:\/\/schema.org\",\"@graph\":[{\"@type\":\"WebPage\",\"@id\":\"https:\/\/www.ancoradelchianti.it\/fr\/vacances-en-toscane-2024\/\",\"url\":\"https:\/\/www.ancoradelchianti.it\/fr\/vacances-en-toscane-2024\/\",\"name\":\"Ancora del Chianti B&B pr\u00e8s de Florence, Chianti, Toscane\",\"isPartOf\":{\"@id\":\"https:\/\/www.ancoradelchianti.it\/fr\/#website\"},\"primaryImageOfPage\":{\"@id\":\"https:\/\/www.ancoradelchianti.it\/fr\/vacances-en-toscane-2024\/#primaryimage\"},\"image\":{\"@id\":\"https:\/\/www.ancoradelchianti.it\/fr\/vacances-en-toscane-2024\/#primaryimage\"},\"thumbnailUrl\":\"https:\/\/www.ancoradelchianti.it\/wp-content\/uploads\/header\/a2.jpg\",\"datePublished\":\"2024-04-06T06:27:14+00:00\",\"dateModified\":\"2025-11-19T14:55:14+00:00\",\"description\":\"Cette r\u00e9gion de Toscane a \u00e9galement \u00e9t\u00e9 un point de d\u00e9part, d'inspiration et de retour pour de nombreux personnages c\u00e9l\u00e8bres qui ont jou\u00e9 un r\u00f4le dans le cours de l'histoire.\",\"breadcrumb\":{\"@id\":\"https:\/\/www.ancoradelchianti.it\/fr\/vacances-en-toscane-2024\/#breadcrumb\"},\"inLanguage\":\"fr-FR\",\"potentialAction\":[{\"@type\":\"ReadAction\",\"target\":[\"https:\/\/www.ancoradelchianti.it\/fr\/vacances-en-toscane-2024\/\"]}]},{\"@type\":\"ImageObject\",\"inLanguage\":\"fr-FR\",\"@id\":\"https:\/\/www.ancoradelchianti.it\/fr\/vacances-en-toscane-2024\/#primaryimage\",\"url\":\"https:\/\/www.ancoradelchianti.it\/wp-content\/uploads\/header\/a2.jpg\",\"contentUrl\":\"https:\/\/www.ancoradelchianti.it\/wp-content\/uploads\/header\/a2.jpg\",\"width\":2000,\"height\":700},{\"@type\":\"BreadcrumbList\",\"@id\":\"https:\/\/www.ancoradelchianti.it\/fr\/vacances-en-toscane-2024\/#breadcrumb\",\"itemListElement\":[{\"@type\":\"ListItem\",\"position\":1,\"name\":\"Home\",\"item\":\"https:\/\/www.ancoradelchianti.it\/fr\/\"},{\"@type\":\"ListItem\",\"position\":2,\"name\":\"Vacances en Toscane 2026\"}]},{\"@type\":\"WebSite\",\"@id\":\"https:\/\/www.ancoradelchianti.it\/fr\/#website\",\"url\":\"https:\/\/www.ancoradelchianti.it\/fr\/\",\"name\":\"Ancora del Chianti B&amp;B\",\"description\":\"\",\"publisher\":{\"@id\":\"https:\/\/www.ancoradelchianti.it\/fr\/#organization\"},\"potentialAction\":[{\"@type\":\"SearchAction\",\"target\":{\"@type\":\"EntryPoint\",\"urlTemplate\":\"https:\/\/www.ancoradelchianti.it\/fr\/?s={search_term_string}\"},\"query-input\":{\"@type\":\"PropertyValueSpecification\",\"valueRequired\":true,\"valueName\":\"search_term_string\"}}],\"inLanguage\":\"fr-FR\"},{\"@type\":\"Organization\",\"@id\":\"https:\/\/www.ancoradelchianti.it\/fr\/#organization\",\"name\":\"Ancora del Chianti B&amp;B\",\"url\":\"https:\/\/www.ancoradelchianti.it\/fr\/\",\"logo\":{\"@type\":\"ImageObject\",\"inLanguage\":\"fr-FR\",\"@id\":\"https:\/\/www.ancoradelchianti.it\/fr\/#\/schema\/logo\/image\/\",\"url\":\"https:\/\/www.ancoradelchianti.it\/wp-content\/uploads\/logo\/logo.png\",\"contentUrl\":\"https:\/\/www.ancoradelchianti.it\/wp-content\/uploads\/logo\/logo.png\",\"width\":129,\"height\":133,\"caption\":\"Ancora del Chianti B&amp;B\"},\"image\":{\"@id\":\"https:\/\/www.ancoradelchianti.it\/fr\/#\/schema\/logo\/image\/\"}}]}<\/script>\n<!-- \/ Yoast SEO plugin. -->","yoast_head_json":{"title":"Ancora del Chianti B&B pr\u00e8s de Florence, Chianti, Toscane","description":"Cette r\u00e9gion de Toscane a \u00e9galement \u00e9t\u00e9 un point de d\u00e9part, d'inspiration et de retour pour de nombreux personnages c\u00e9l\u00e8bres qui ont jou\u00e9 un r\u00f4le dans le cours de l'histoire.","robots":{"index":"index","follow":"follow","max-snippet":"max-snippet:-1","max-image-preview":"max-image-preview:large","max-video-preview":"max-video-preview:-1"},"canonical":"https:\/\/www.ancoradelchianti.it\/fr\/vacances-en-toscane-2024\/","og_locale":"fr_FR","og_type":"article","og_title":"Ancora del Chianti B&B pr\u00e8s de Florence, Chianti, Toscane","og_description":"Cette r\u00e9gion de Toscane a \u00e9galement \u00e9t\u00e9 un point de d\u00e9part, d'inspiration et de retour pour de nombreux personnages c\u00e9l\u00e8bres qui ont jou\u00e9 un r\u00f4le dans le cours de l'histoire.","og_url":"https:\/\/www.ancoradelchianti.it\/fr\/vacances-en-toscane-2024\/","og_site_name":"Ancora del Chianti B&amp;B","article_modified_time":"2025-11-19T14:55:14+00:00","og_image":[{"width":2000,"height":700,"url":"https:\/\/www.ancoradelchianti.it\/wp-content\/uploads\/header\/a2.jpg","type":"image\/jpeg"}],"twitter_card":"summary_large_image","twitter_misc":{"Dur\u00e9e de lecture estim\u00e9e":"2 minutes"},"schema":{"@context":"https:\/\/schema.org","@graph":[{"@type":"WebPage","@id":"https:\/\/www.ancoradelchianti.it\/fr\/vacances-en-toscane-2024\/","url":"https:\/\/www.ancoradelchianti.it\/fr\/vacances-en-toscane-2024\/","name":"Ancora del Chianti B&B pr\u00e8s de Florence, Chianti, Toscane","isPartOf":{"@id":"https:\/\/www.ancoradelchianti.it\/fr\/#website"},"primaryImageOfPage":{"@id":"https:\/\/www.ancoradelchianti.it\/fr\/vacances-en-toscane-2024\/#primaryimage"},"image":{"@id":"https:\/\/www.ancoradelchianti.it\/fr\/vacances-en-toscane-2024\/#primaryimage"},"thumbnailUrl":"https:\/\/www.ancoradelchianti.it\/wp-content\/uploads\/header\/a2.jpg","datePublished":"2024-04-06T06:27:14+00:00","dateModified":"2025-11-19T14:55:14+00:00","description":"Cette r\u00e9gion de Toscane a \u00e9galement \u00e9t\u00e9 un point de d\u00e9part, d'inspiration et de retour pour de nombreux personnages c\u00e9l\u00e8bres qui ont jou\u00e9 un r\u00f4le dans le cours de l'histoire.","breadcrumb":{"@id":"https:\/\/www.ancoradelchianti.it\/fr\/vacances-en-toscane-2024\/#breadcrumb"},"inLanguage":"fr-FR","potentialAction":[{"@type":"ReadAction","target":["https:\/\/www.ancoradelchianti.it\/fr\/vacances-en-toscane-2024\/"]}]},{"@type":"ImageObject","inLanguage":"fr-FR","@id":"https:\/\/www.ancoradelchianti.it\/fr\/vacances-en-toscane-2024\/#primaryimage","url":"https:\/\/www.ancoradelchianti.it\/wp-content\/uploads\/header\/a2.jpg","contentUrl":"https:\/\/www.ancoradelchianti.it\/wp-content\/uploads\/header\/a2.jpg","width":2000,"height":700},{"@type":"BreadcrumbList","@id":"https:\/\/www.ancoradelchianti.it\/fr\/vacances-en-toscane-2024\/#breadcrumb","itemListElement":[{"@type":"ListItem","position":1,"name":"Home","item":"https:\/\/www.ancoradelchianti.it\/fr\/"},{"@type":"ListItem","position":2,"name":"Vacances en Toscane 2026"}]},{"@type":"WebSite","@id":"https:\/\/www.ancoradelchianti.it\/fr\/#website","url":"https:\/\/www.ancoradelchianti.it\/fr\/","name":"Ancora del Chianti B&amp;B","description":"","publisher":{"@id":"https:\/\/www.ancoradelchianti.it\/fr\/#organization"},"potentialAction":[{"@type":"SearchAction","target":{"@type":"EntryPoint","urlTemplate":"https:\/\/www.ancoradelchianti.it\/fr\/?s={search_term_string}"},"query-input":{"@type":"PropertyValueSpecification","valueRequired":true,"valueName":"search_term_string"}}],"inLanguage":"fr-FR"},{"@type":"Organization","@id":"https:\/\/www.ancoradelchianti.it\/fr\/#organization","name":"Ancora del Chianti B&amp;B","url":"https:\/\/www.ancoradelchianti.it\/fr\/","logo":{"@type":"ImageObject","inLanguage":"fr-FR","@id":"https:\/\/www.ancoradelchianti.it\/fr\/#\/schema\/logo\/image\/","url":"https:\/\/www.ancoradelchianti.it\/wp-content\/uploads\/logo\/logo.png","contentUrl":"https:\/\/www.ancoradelchianti.it\/wp-content\/uploads\/logo\/logo.png","width":129,"height":133,"caption":"Ancora del Chianti B&amp;B"},"image":{"@id":"https:\/\/www.ancoradelchianti.it\/fr\/#\/schema\/logo\/image\/"}}]}},"_links":{"self":[{"href":"https:\/\/www.ancoradelchianti.it\/fr\/wp-json\/wp\/v2\/pages\/8946","targetHints":{"allow":["GET"]}}],"collection":[{"href":"https:\/\/www.ancoradelchianti.it\/fr\/wp-json\/wp\/v2\/pages"}],"about":[{"href":"https:\/\/www.ancoradelchianti.it\/fr\/wp-json\/wp\/v2\/types\/page"}],"author":[{"embeddable":true,"href":"https:\/\/www.ancoradelchianti.it\/fr\/wp-json\/wp\/v2\/users\/1"}],"replies":[{"embeddable":true,"href":"https:\/\/www.ancoradelchianti.it\/fr\/wp-json\/wp\/v2\/comments?post=8946"}],"version-history":[{"count":0,"href":"https:\/\/www.ancoradelchianti.it\/fr\/wp-json\/wp\/v2\/pages\/8946\/revisions"}],"wp:featuredmedia":[{"embeddable":true,"href":"https:\/\/www.ancoradelchianti.it\/fr\/wp-json\/wp\/v2\/media\/8015"}],"wp:attachment":[{"href":"https:\/\/www.ancoradelchianti.it\/fr\/wp-json\/wp\/v2\/media?parent=8946"}],"wp:term":[{"taxonomy":"category","embeddable":true,"href":"https:\/\/www.ancoradelchianti.it\/fr\/wp-json\/wp\/v2\/categories?post=8946"},{"taxonomy":"post_tag","embeddable":true,"href":"https:\/\/www.ancoradelchianti.it\/fr\/wp-json\/wp\/v2\/tags?post=8946"}],"curies":[{"name":"wp","href":"https:\/\/api.w.org\/{rel}","templated":true}]}}