{"id":8962,"date":"2024-03-04T13:54:15","date_gmt":"2024-03-04T13:54:15","guid":{"rendered":"https:\/\/dev.ancoradelchianti.it\/experiences\/forfaits-gourmet-cuisine-vin-et-huile-dolive\/"},"modified":"2025-11-21T14:46:41","modified_gmt":"2025-11-21T14:46:41","slug":"forfait_toscane_gourmet","status":"publish","type":"page","link":"https:\/\/www.ancoradelchianti.it\/fr\/activites\/forfait_toscane_gourmet\/","title":{"rendered":"Forfaits Gourmet: Cuisine, Vin et Huile d&rsquo;Olive"},"content":{"rendered":"\t\t<div data-elementor-type=\"wp-page\" data-elementor-id=\"8962\" class=\"elementor elementor-8962 elementor-7304\" data-elementor-post-type=\"page\">\n\t\t\t\t<div class=\"elementor-element elementor-element-97aa1b3 e-con-full e-flex e-con e-parent\" data-id=\"97aa1b3\" data-element_type=\"container\" data-settings=\"{&quot;jet_parallax_layout_list&quot;:[]}\">\n\t\t\t\t<div data-dce-advanced-background-image-url=\"https:\/\/www.ancoradelchianti.it\/wp-content\/uploads\/experiences\/food-and-wine-package\/wine_tour.jpg\" class=\"elementor-element elementor-element-1ba51c7 elementor-invisible elementor-has-bg-overlay elementor-widget elementor-widget-global elementor-global-232 elementor-widget-heading\" data-id=\"1ba51c7\" data-element_type=\"widget\" data-settings=\"{&quot;_animation&quot;:&quot;fadeInDown&quot;}\" data-widget_type=\"heading.default\">\n\t\t\t\t<div class=\"elementor-widget-container\">\n\t\t\t<h1 class=\"elementor-heading-title elementor-size-default\">Forfaits Gourmet: Cuisine, Vin et Huile d&rsquo;Olive<\/h1>\t\t<\/div>\n\t\t\t\t<\/div>\n\t\t\t\t<div class=\"elementor-element elementor-element-5ac7c30 elementor-widget elementor-widget-heading\" data-id=\"5ac7c30\" data-element_type=\"widget\" data-widget_type=\"heading.default\">\n\t\t\t\t<div class=\"elementor-widget-container\">\n\t\t\t<h2 class=\"elementor-heading-title elementor-size-default\">Forfaits Gourmet: Cuisine, Vin et Huile d'Olive<\/h2>\t\t<\/div>\n\t\t\t\t<\/div>\n\t\t\t\t<\/div>\n\t\t<div class=\"elementor-element elementor-element-cb8fe4c e-flex e-con-boxed e-con e-parent\" data-id=\"cb8fe4c\" data-element_type=\"container\" data-settings=\"{&quot;jet_parallax_layout_list&quot;:[]}\">\n\t\t\t\t\t<div class=\"e-con-inner\">\n\t\t\t\t<div class=\"elementor-element elementor-element-8c28a3c elementor-widget elementor-widget-text-editor\" data-id=\"8c28a3c\" data-element_type=\"widget\" data-widget_type=\"text-editor.default\">\n\t\t\t\t<div class=\"elementor-widget-container\">\n\t\t\t\t\t\t\t<h3>A la d\u00e9couverte de l&rsquo;oenogastronomie locale,\u00a0la cuisine toscane, le vin Chianti et l&rsquo;huile d&rsquo;olive.<\/h3>\n\t\t\t\t\t\t<\/div>\n\t\t\t\t<\/div>\n\t\t\t\t\t<\/div>\n\t\t\t\t<\/div>\n\t\t<div class=\"elementor-element elementor-element-6cff9e3 e-flex e-con-boxed e-con e-parent\" data-id=\"6cff9e3\" data-element_type=\"container\" data-settings=\"{&quot;jet_parallax_layout_list&quot;:[]}\">\n\t\t\t\t\t<div class=\"e-con-inner\">\n\t\t\t\t<div class=\"elementor-element elementor-element-7ea250e dce_masking-none elementor-widget elementor-widget-image\" data-id=\"7ea250e\" data-element_type=\"widget\" data-widget_type=\"image.default\">\n\t\t\t\t<div class=\"elementor-widget-container\">\n\t\t\t\t\t\t\t\t\t\t\t\t\t<img fetchpriority=\"high\" decoding=\"async\" width=\"600\" height=\"298\" src=\"https:\/\/www.ancoradelchianti.it\/wp-content\/uploads\/experiences\/food-and-wine-package\/wine_tours.jpg\" class=\"attachment-large size-large wp-image-7310\" alt=\"\" srcset=\"https:\/\/www.ancoradelchianti.it\/wp-content\/uploads\/experiences\/food-and-wine-package\/wine_tours.jpg 600w, https:\/\/www.ancoradelchianti.it\/wp-content\/uploads\/experiences\/food-and-wine-package\/wine_tours-300x149.jpg 300w\" sizes=\"(max-width: 600px) 100vw, 600px\" \/>\t\t\t\t\t\t\t\t\t\t\t\t\t<\/div>\n\t\t\t\t<\/div>\n\t\t\t\t\t<\/div>\n\t\t\t\t<\/div>\n\t\t<div class=\"elementor-element elementor-element-aa22c14 e-flex e-con-boxed e-con e-parent\" data-id=\"aa22c14\" data-element_type=\"container\" data-settings=\"{&quot;jet_parallax_layout_list&quot;:[]}\">\n\t\t\t\t\t<div class=\"e-con-inner\">\n\t\t\t\t<div class=\"elementor-element elementor-element-7695243 elementor-widget elementor-widget-text-editor\" data-id=\"7695243\" data-element_type=\"widget\" data-widget_type=\"text-editor.default\">\n\t\t\t\t<div class=\"elementor-widget-container\">\n\t\t\t\t\t\t\t<div>Une exp\u00e9rience gastronomique dans le Chianti Classico \u00e0 la d\u00e9couverte des produits les plus typiques de cette terre :<\/div>\n<div>une visite \u0153nologique avec d\u00e9gustation et repas dans un ch\u00e2teau historique et une d\u00e9gustation d&rsquo;huile d&rsquo;olive avec l&rsquo;un des ol\u00e9iculteurs les plus renomm\u00e9s de Toscane.<\/div>\n<div><\/div>\n<div style=\"text-align: center;\"><strong>Forfait Gourmet<\/strong><\/div>\n<div>\n<div style=\"text-align: center;\">\u2013 vins &amp; huiles &amp; produits typiques \u2013<\/div>\n<div style=\"text-align: center;\">Au tarif sp\u00e9cial de 65,00 euros par personne<\/div>\n<div style=\"text-align: center;\">Le forfait comprend :<\/div>\n<div style=\"text-align: center;\">\u2013 1 tour de la cave et d\u00e9gustation avec d\u00e9jeuner typique<\/div>\n<div style=\"text-align: center;\">\u2013 1 d\u00e9gustation d&rsquo;huile d&rsquo;olive au verre<\/div>\n<div style=\"text-align: center;\">\u2013 Cadeau de bienvenue.<\/div>\n<\/div>\n\t\t\t\t\t\t<\/div>\n\t\t\t\t<\/div>\n\t\t\t\t\t<\/div>\n\t\t\t\t<\/div>\n\t\t<div class=\"elementor-element elementor-element-ab15733 e-flex e-con-boxed e-con e-parent\" data-id=\"ab15733\" data-element_type=\"container\" data-settings=\"{&quot;jet_parallax_layout_list&quot;:[]}\">\n\t\t\t\t\t<div class=\"e-con-inner\">\n\t\t\t\t<div class=\"elementor-element elementor-element-2cf1e7f elementor-widget elementor-widget-global elementor-global-8862 elementor-global-6616 elementor-widget-text-editor\" data-id=\"2cf1e7f\" data-element_type=\"widget\" data-widget_type=\"text-editor.default\">\n\t\t\t\t<div class=\"elementor-widget-container\">\n\t\t\t\t\t\t\t<p style=\"text-align: center;\"><a href=\"https:\/\/ancoradelchianti.beddy.io\/#\/(beddy:home)?lang=fr\" target=\"_blank\" rel=\"noopener\"><strong>RESERVEZ MAINTENANT<\/strong><\/a>\u00a0ou envoyez un mail \u00e0\u00a0<a href=\"mailto:info@ancoradelchianti.it\" target=\"_blank\" rel=\"noopener\">info@ancoradelchianti.it<\/a><\/p>\n\t\t\t\t\t\t<\/div>\n\t\t\t\t<\/div>\n\t\t\t\t\t<\/div>\n\t\t\t\t<\/div>\n\t\t\t\t<\/div>\n\t\t","protected":false},"excerpt":{"rendered":"<p>Forfaits Gourmet: Cuisine, Vin et Huile d&rsquo;Olive A la d\u00e9couverte de l&rsquo;oenogastronomie locale,\u00a0la cuisine toscane, le vin Chianti et l&rsquo;huile d&rsquo;olive. Une exp\u00e9rience gastronomique dans le Chianti Classico \u00e0 la d\u00e9couverte des produits les plus typiques de cette terre : une visite \u0153nologique avec d\u00e9gustation et repas dans un ch\u00e2teau historique et une d\u00e9gustation d&rsquo;huile&#8230;<\/p>\n","protected":false},"author":1,"featured_media":7306,"parent":8958,"menu_order":103,"comment_status":"closed","ping_status":"closed","template":"","meta":{"_acf_changed":false,"footnotes":""},"categories":[],"tags":[],"class_list":["post-8962","page","type-page","status-publish","has-post-thumbnail","hentry"],"acf":[],"yoast_head":"<!-- This site is optimized with the Yoast SEO plugin v24.0 - https:\/\/yoast.com\/wordpress\/plugins\/seo\/ -->\n<title>Forfait vacances B&amp;B Ancora del Chianti Food &amp; Wine Tuscany<\/title>\n<meta name=\"description\" content=\"Lors de vos vacances en Italie, combinez votre s\u00e9jour \u00e0 la ferme dans un charmant bed &amp; breakfast dans le Chianti avec des exp\u00e9riences sp\u00e9ciales et inoubliables en Toscane, tout en \u00e9conomisant de l&#039;argent !\" \/>\n<meta name=\"robots\" content=\"index, follow, max-snippet:-1, max-image-preview:large, max-video-preview:-1\" \/>\n<link rel=\"canonical\" href=\"https:\/\/www.ancoradelchianti.it\/fr\/activites\/forfait_toscane_gourmet\/\" \/>\n<meta property=\"og:locale\" content=\"fr_FR\" \/>\n<meta property=\"og:type\" content=\"article\" \/>\n<meta property=\"og:title\" content=\"Forfait vacances B&amp;B Ancora del Chianti Food &amp; Wine Tuscany\" \/>\n<meta property=\"og:description\" content=\"Lors de vos vacances en Italie, combinez votre s\u00e9jour \u00e0 la ferme dans un charmant bed &amp; breakfast dans le Chianti avec des exp\u00e9riences sp\u00e9ciales et inoubliables en Toscane, tout en \u00e9conomisant de l&#039;argent !\" \/>\n<meta property=\"og:url\" content=\"https:\/\/www.ancoradelchianti.it\/fr\/activites\/forfait_toscane_gourmet\/\" \/>\n<meta property=\"og:site_name\" content=\"Ancora del Chianti B&amp;B\" \/>\n<meta property=\"article:modified_time\" content=\"2025-11-21T14:46:41+00:00\" \/>\n<meta property=\"og:image\" content=\"https:\/\/www.ancoradelchianti.it\/wp-content\/uploads\/experiences\/food-and-wine-package\/wine_tour.jpg\" \/>\n\t<meta property=\"og:image:width\" content=\"1920\" \/>\n\t<meta property=\"og:image:height\" content=\"672\" \/>\n\t<meta property=\"og:image:type\" content=\"image\/jpeg\" \/>\n<meta name=\"twitter:card\" content=\"summary_large_image\" \/>\n<meta name=\"twitter:label1\" content=\"Dur\u00e9e de lecture estim\u00e9e\" \/>\n\t<meta name=\"twitter:data1\" content=\"1 minute\" \/>\n<script type=\"application\/ld+json\" class=\"yoast-schema-graph\">{\"@context\":\"https:\/\/schema.org\",\"@graph\":[{\"@type\":\"WebPage\",\"@id\":\"https:\/\/www.ancoradelchianti.it\/fr\/activites\/forfait_toscane_gourmet\/\",\"url\":\"https:\/\/www.ancoradelchianti.it\/fr\/activites\/forfait_toscane_gourmet\/\",\"name\":\"Forfait vacances B&B Ancora del Chianti Food & Wine Tuscany\",\"isPartOf\":{\"@id\":\"https:\/\/www.ancoradelchianti.it\/fr\/#website\"},\"primaryImageOfPage\":{\"@id\":\"https:\/\/www.ancoradelchianti.it\/fr\/activites\/forfait_toscane_gourmet\/#primaryimage\"},\"image\":{\"@id\":\"https:\/\/www.ancoradelchianti.it\/fr\/activites\/forfait_toscane_gourmet\/#primaryimage\"},\"thumbnailUrl\":\"https:\/\/www.ancoradelchianti.it\/wp-content\/uploads\/experiences\/food-and-wine-package\/wine_tour.jpg\",\"datePublished\":\"2024-03-04T13:54:15+00:00\",\"dateModified\":\"2025-11-21T14:46:41+00:00\",\"description\":\"Lors de vos vacances en Italie, combinez votre s\u00e9jour \u00e0 la ferme dans un charmant bed & breakfast dans le Chianti avec des exp\u00e9riences sp\u00e9ciales et inoubliables en Toscane, tout en \u00e9conomisant de l'argent !\",\"breadcrumb\":{\"@id\":\"https:\/\/www.ancoradelchianti.it\/fr\/activites\/forfait_toscane_gourmet\/#breadcrumb\"},\"inLanguage\":\"fr-FR\",\"potentialAction\":[{\"@type\":\"ReadAction\",\"target\":[\"https:\/\/www.ancoradelchianti.it\/fr\/activites\/forfait_toscane_gourmet\/\"]}]},{\"@type\":\"ImageObject\",\"inLanguage\":\"fr-FR\",\"@id\":\"https:\/\/www.ancoradelchianti.it\/fr\/activites\/forfait_toscane_gourmet\/#primaryimage\",\"url\":\"https:\/\/www.ancoradelchianti.it\/wp-content\/uploads\/experiences\/food-and-wine-package\/wine_tour.jpg\",\"contentUrl\":\"https:\/\/www.ancoradelchianti.it\/wp-content\/uploads\/experiences\/food-and-wine-package\/wine_tour.jpg\",\"width\":1920,\"height\":672,\"caption\":\"Wine Tour\"},{\"@type\":\"BreadcrumbList\",\"@id\":\"https:\/\/www.ancoradelchianti.it\/fr\/activites\/forfait_toscane_gourmet\/#breadcrumb\",\"itemListElement\":[{\"@type\":\"ListItem\",\"position\":1,\"name\":\"Home\",\"item\":\"https:\/\/www.ancoradelchianti.it\/fr\/\"},{\"@type\":\"ListItem\",\"position\":2,\"name\":\"Exp\u00e9riences\",\"item\":\"https:\/\/www.ancoradelchianti.it\/fr\/activites\/\"},{\"@type\":\"ListItem\",\"position\":3,\"name\":\"Forfaits Gourmet: Cuisine, Vin et Huile d&#8217;Olive\"}]},{\"@type\":\"WebSite\",\"@id\":\"https:\/\/www.ancoradelchianti.it\/fr\/#website\",\"url\":\"https:\/\/www.ancoradelchianti.it\/fr\/\",\"name\":\"Ancora del Chianti B&amp;B\",\"description\":\"\",\"publisher\":{\"@id\":\"https:\/\/www.ancoradelchianti.it\/fr\/#organization\"},\"potentialAction\":[{\"@type\":\"SearchAction\",\"target\":{\"@type\":\"EntryPoint\",\"urlTemplate\":\"https:\/\/www.ancoradelchianti.it\/fr\/?s={search_term_string}\"},\"query-input\":{\"@type\":\"PropertyValueSpecification\",\"valueRequired\":true,\"valueName\":\"search_term_string\"}}],\"inLanguage\":\"fr-FR\"},{\"@type\":\"Organization\",\"@id\":\"https:\/\/www.ancoradelchianti.it\/fr\/#organization\",\"name\":\"Ancora del Chianti B&amp;B\",\"url\":\"https:\/\/www.ancoradelchianti.it\/fr\/\",\"logo\":{\"@type\":\"ImageObject\",\"inLanguage\":\"fr-FR\",\"@id\":\"https:\/\/www.ancoradelchianti.it\/fr\/#\/schema\/logo\/image\/\",\"url\":\"https:\/\/www.ancoradelchianti.it\/wp-content\/uploads\/logo\/logo.png\",\"contentUrl\":\"https:\/\/www.ancoradelchianti.it\/wp-content\/uploads\/logo\/logo.png\",\"width\":129,\"height\":133,\"caption\":\"Ancora del Chianti B&amp;B\"},\"image\":{\"@id\":\"https:\/\/www.ancoradelchianti.it\/fr\/#\/schema\/logo\/image\/\"}}]}<\/script>\n<!-- \/ Yoast SEO plugin. -->","yoast_head_json":{"title":"Forfait vacances B&B Ancora del Chianti Food & Wine Tuscany","description":"Lors de vos vacances en Italie, combinez votre s\u00e9jour \u00e0 la ferme dans un charmant bed & breakfast dans le Chianti avec des exp\u00e9riences sp\u00e9ciales et inoubliables en Toscane, tout en \u00e9conomisant de l'argent !","robots":{"index":"index","follow":"follow","max-snippet":"max-snippet:-1","max-image-preview":"max-image-preview:large","max-video-preview":"max-video-preview:-1"},"canonical":"https:\/\/www.ancoradelchianti.it\/fr\/activites\/forfait_toscane_gourmet\/","og_locale":"fr_FR","og_type":"article","og_title":"Forfait vacances B&B Ancora del Chianti Food & Wine Tuscany","og_description":"Lors de vos vacances en Italie, combinez votre s\u00e9jour \u00e0 la ferme dans un charmant bed & breakfast dans le Chianti avec des exp\u00e9riences sp\u00e9ciales et inoubliables en Toscane, tout en \u00e9conomisant de l'argent !","og_url":"https:\/\/www.ancoradelchianti.it\/fr\/activites\/forfait_toscane_gourmet\/","og_site_name":"Ancora del Chianti B&amp;B","article_modified_time":"2025-11-21T14:46:41+00:00","og_image":[{"width":1920,"height":672,"url":"https:\/\/www.ancoradelchianti.it\/wp-content\/uploads\/experiences\/food-and-wine-package\/wine_tour.jpg","type":"image\/jpeg"}],"twitter_card":"summary_large_image","twitter_misc":{"Dur\u00e9e de lecture estim\u00e9e":"1 minute"},"schema":{"@context":"https:\/\/schema.org","@graph":[{"@type":"WebPage","@id":"https:\/\/www.ancoradelchianti.it\/fr\/activites\/forfait_toscane_gourmet\/","url":"https:\/\/www.ancoradelchianti.it\/fr\/activites\/forfait_toscane_gourmet\/","name":"Forfait vacances B&B Ancora del Chianti Food & Wine Tuscany","isPartOf":{"@id":"https:\/\/www.ancoradelchianti.it\/fr\/#website"},"primaryImageOfPage":{"@id":"https:\/\/www.ancoradelchianti.it\/fr\/activites\/forfait_toscane_gourmet\/#primaryimage"},"image":{"@id":"https:\/\/www.ancoradelchianti.it\/fr\/activites\/forfait_toscane_gourmet\/#primaryimage"},"thumbnailUrl":"https:\/\/www.ancoradelchianti.it\/wp-content\/uploads\/experiences\/food-and-wine-package\/wine_tour.jpg","datePublished":"2024-03-04T13:54:15+00:00","dateModified":"2025-11-21T14:46:41+00:00","description":"Lors de vos vacances en Italie, combinez votre s\u00e9jour \u00e0 la ferme dans un charmant bed & breakfast dans le Chianti avec des exp\u00e9riences sp\u00e9ciales et inoubliables en Toscane, tout en \u00e9conomisant de l'argent !","breadcrumb":{"@id":"https:\/\/www.ancoradelchianti.it\/fr\/activites\/forfait_toscane_gourmet\/#breadcrumb"},"inLanguage":"fr-FR","potentialAction":[{"@type":"ReadAction","target":["https:\/\/www.ancoradelchianti.it\/fr\/activites\/forfait_toscane_gourmet\/"]}]},{"@type":"ImageObject","inLanguage":"fr-FR","@id":"https:\/\/www.ancoradelchianti.it\/fr\/activites\/forfait_toscane_gourmet\/#primaryimage","url":"https:\/\/www.ancoradelchianti.it\/wp-content\/uploads\/experiences\/food-and-wine-package\/wine_tour.jpg","contentUrl":"https:\/\/www.ancoradelchianti.it\/wp-content\/uploads\/experiences\/food-and-wine-package\/wine_tour.jpg","width":1920,"height":672,"caption":"Wine Tour"},{"@type":"BreadcrumbList","@id":"https:\/\/www.ancoradelchianti.it\/fr\/activites\/forfait_toscane_gourmet\/#breadcrumb","itemListElement":[{"@type":"ListItem","position":1,"name":"Home","item":"https:\/\/www.ancoradelchianti.it\/fr\/"},{"@type":"ListItem","position":2,"name":"Exp\u00e9riences","item":"https:\/\/www.ancoradelchianti.it\/fr\/activites\/"},{"@type":"ListItem","position":3,"name":"Forfaits Gourmet: Cuisine, Vin et Huile d&#8217;Olive"}]},{"@type":"WebSite","@id":"https:\/\/www.ancoradelchianti.it\/fr\/#website","url":"https:\/\/www.ancoradelchianti.it\/fr\/","name":"Ancora del Chianti B&amp;B","description":"","publisher":{"@id":"https:\/\/www.ancoradelchianti.it\/fr\/#organization"},"potentialAction":[{"@type":"SearchAction","target":{"@type":"EntryPoint","urlTemplate":"https:\/\/www.ancoradelchianti.it\/fr\/?s={search_term_string}"},"query-input":{"@type":"PropertyValueSpecification","valueRequired":true,"valueName":"search_term_string"}}],"inLanguage":"fr-FR"},{"@type":"Organization","@id":"https:\/\/www.ancoradelchianti.it\/fr\/#organization","name":"Ancora del Chianti B&amp;B","url":"https:\/\/www.ancoradelchianti.it\/fr\/","logo":{"@type":"ImageObject","inLanguage":"fr-FR","@id":"https:\/\/www.ancoradelchianti.it\/fr\/#\/schema\/logo\/image\/","url":"https:\/\/www.ancoradelchianti.it\/wp-content\/uploads\/logo\/logo.png","contentUrl":"https:\/\/www.ancoradelchianti.it\/wp-content\/uploads\/logo\/logo.png","width":129,"height":133,"caption":"Ancora del Chianti B&amp;B"},"image":{"@id":"https:\/\/www.ancoradelchianti.it\/fr\/#\/schema\/logo\/image\/"}}]}},"_links":{"self":[{"href":"https:\/\/www.ancoradelchianti.it\/fr\/wp-json\/wp\/v2\/pages\/8962","targetHints":{"allow":["GET"]}}],"collection":[{"href":"https:\/\/www.ancoradelchianti.it\/fr\/wp-json\/wp\/v2\/pages"}],"about":[{"href":"https:\/\/www.ancoradelchianti.it\/fr\/wp-json\/wp\/v2\/types\/page"}],"author":[{"embeddable":true,"href":"https:\/\/www.ancoradelchianti.it\/fr\/wp-json\/wp\/v2\/users\/1"}],"replies":[{"embeddable":true,"href":"https:\/\/www.ancoradelchianti.it\/fr\/wp-json\/wp\/v2\/comments?post=8962"}],"version-history":[{"count":0,"href":"https:\/\/www.ancoradelchianti.it\/fr\/wp-json\/wp\/v2\/pages\/8962\/revisions"}],"up":[{"embeddable":true,"href":"https:\/\/www.ancoradelchianti.it\/fr\/wp-json\/wp\/v2\/pages\/8958"}],"wp:featuredmedia":[{"embeddable":true,"href":"https:\/\/www.ancoradelchianti.it\/fr\/wp-json\/wp\/v2\/media\/7306"}],"wp:attachment":[{"href":"https:\/\/www.ancoradelchianti.it\/fr\/wp-json\/wp\/v2\/media?parent=8962"}],"wp:term":[{"taxonomy":"category","embeddable":true,"href":"https:\/\/www.ancoradelchianti.it\/fr\/wp-json\/wp\/v2\/categories?post=8962"},{"taxonomy":"post_tag","embeddable":true,"href":"https:\/\/www.ancoradelchianti.it\/fr\/wp-json\/wp\/v2\/tags?post=8962"}],"curies":[{"name":"wp","href":"https:\/\/api.w.org\/{rel}","templated":true}]}}