{"id":8964,"date":"2024-03-04T14:08:45","date_gmt":"2024-03-04T14:08:45","guid":{"rendered":"https:\/\/dev.ancoradelchianti.it\/experiences\/tour-et-degustation-dhuile-toscane\/"},"modified":"2024-04-12T20:10:55","modified_gmt":"2024-04-12T20:10:55","slug":"degustation_huile_toscane","status":"publish","type":"page","link":"https:\/\/www.ancoradelchianti.it\/fr\/activites\/degustation_huile_toscane\/","title":{"rendered":"Tour et degustation d&rsquo;huile toscane"},"content":{"rendered":"\t\t<div data-elementor-type=\"wp-page\" data-elementor-id=\"8964\" class=\"elementor elementor-8964 elementor-7333\" data-elementor-post-type=\"page\">\n\t\t\t\t<div class=\"elementor-element elementor-element-cbd8dca e-con-full e-flex e-con e-parent\" data-id=\"cbd8dca\" data-element_type=\"container\" data-settings=\"{&quot;jet_parallax_layout_list&quot;:[]}\">\n\t\t\t\t<div data-dce-advanced-background-image-url=\"https:\/\/www.ancoradelchianti.it\/wp-content\/uploads\/experiences\/olive-oil-tour-with-tasting\/oil_tasting.jpg\" class=\"elementor-element elementor-element-9d3b7e3 elementor-invisible elementor-has-bg-overlay elementor-widget elementor-widget-global elementor-global-232 elementor-widget-heading\" data-id=\"9d3b7e3\" data-element_type=\"widget\" data-settings=\"{&quot;_animation&quot;:&quot;fadeInDown&quot;}\" data-widget_type=\"heading.default\">\n\t\t\t\t<div class=\"elementor-widget-container\">\n\t\t\t<h1 class=\"elementor-heading-title elementor-size-default\">Tour et degustation d&rsquo;huile toscane<\/h1>\t\t<\/div>\n\t\t\t\t<\/div>\n\t\t\t\t<div class=\"elementor-element elementor-element-935848e elementor-widget elementor-widget-heading\" data-id=\"935848e\" data-element_type=\"widget\" data-widget_type=\"heading.default\">\n\t\t\t\t<div class=\"elementor-widget-container\">\n\t\t\t<h2 class=\"elementor-heading-title elementor-size-default\">Tour au Moulin et Degustation d'Huile d'Olive Toscane<\/h2>\t\t<\/div>\n\t\t\t\t<\/div>\n\t\t\t\t<\/div>\n\t\t<div class=\"elementor-element elementor-element-38204ac e-flex e-con-boxed e-con e-parent\" data-id=\"38204ac\" data-element_type=\"container\" data-settings=\"{&quot;jet_parallax_layout_list&quot;:[]}\">\n\t\t\t\t\t<div class=\"e-con-inner\">\n\t\t\t\t<div class=\"elementor-element elementor-element-c0c65ab elementor-widget elementor-widget-text-editor\" data-id=\"c0c65ab\" data-element_type=\"widget\" data-widget_type=\"text-editor.default\">\n\t\t\t\t<div class=\"elementor-widget-container\">\n\t\t\t\t\t\t\t<h3><img fetchpriority=\"high\" decoding=\"async\" class=\"alignleft wp-image-7338\" src=\"https:\/\/www.ancoradelchianti.it\/wp-content\/uploads\/experiences\/olive-oil-tour-with-tasting\/oil_tasting-1.jpg\" alt=\"\" width=\"355\" height=\"225\" \/>Le seul moulin du Chianti o\u00f9 vous rencontrerez des gens qui sont enthousiastes et comp\u00e9tents, pr\u00eats \u00e0 transmettre leur passion pour l&rsquo;huile. Explication de la transformation des olives et d\u00e9gustation d&rsquo;huiles au verre.<\/h3>\n<p>La famille des propri\u00e9taires produit de l&rsquo;huile d&rsquo;olive extra vierge depuis quatre g\u00e9n\u00e9rations, ainsi que du safran, du vin et des racines d&rsquo;iris. Le pressoir se trouve \u00e0 environ 20 minutes de route d&rsquo;Ancora del Chianti &#8211; Country B&amp;B and Retreat in Tuscany. Apr\u00e8s les explications sur la culture et le pressage des olives, vous apprendrez dans la salle de d\u00e9gustation \u00e0 conna\u00eetre l&rsquo;huile et les aliments : comment produire une huile de bonne qualit\u00e9 et comment d\u00e9tecter les facteurs de qualit\u00e9 gr\u00e2ce \u00e0 une analyse sensorielle dans un verre. L&rsquo;exp\u00e9rience se poursuivra par la d\u00e9gustation de toute la gamme des monocultivars et des m\u00e9langes, diff\u00e9rents par leur intensit\u00e9 et leur structure, permettant d&rsquo;associer diff\u00e9rents types de plats \u00e0 la vari\u00e9t\u00e9 d&rsquo;huile d&rsquo;olive id\u00e9ale.<\/p>\n\t\t\t\t\t\t<\/div>\n\t\t\t\t<\/div>\n\t\t\t\t\t<\/div>\n\t\t\t\t<\/div>\n\t\t<div class=\"elementor-element elementor-element-43a2bba e-flex e-con-boxed e-con e-parent\" data-id=\"43a2bba\" data-element_type=\"container\" data-settings=\"{&quot;jet_parallax_layout_list&quot;:[]}\">\n\t\t\t\t\t<div class=\"e-con-inner\">\n\t\t\t\t<div class=\"elementor-element elementor-element-3263573 elementor-widget elementor-widget-text-editor\" data-id=\"3263573\" data-element_type=\"widget\" data-widget_type=\"text-editor.default\">\n\t\t\t\t<div class=\"elementor-widget-container\">\n\t\t\t\t\t\t\t<p style=\"text-align: center;\"><strong>Tour Guid\u00e9 de la Pressoir et D\u00e9gustation d&rsquo;huile d&rsquo;olive extra vierge avec analyse sensorielle:<\/strong><\/p>\n<p style=\"text-align: center;\">Prix : \u20ac 28,00 par personne<\/p>\n<p style=\"text-align: center;\"><strong>D\u00e9gustation d&rsquo;huile d&rsquo;olive extra vierge avec analyse sensorielle:<\/strong><\/p>\n<p style=\"text-align: center;\">Prix : \u20ac 15,00 par personne<\/p>\n<div>\n<div>\n<p style=\"text-align: center;\">Pour une exp\u00e9rience gastronomique compl\u00e8te, nous vous recommandons de profiter de la <strong>VISITE \u00c0 LA CAVE ET DEGUSTATION DE VIN, <\/strong>de\u00a0la\u00a0<strong>LE\u00c7ON DE CUISINE TYPIQUE DE TOSCANE<\/strong> ou du\u00a0<strong>FORFAIT GOURMET AVEC D\u00c9GUSTATION DE VIN ET D&rsquo;HUILE<\/strong>.<\/p>\n<\/div>\n<\/div>\n\t\t\t\t\t\t<\/div>\n\t\t\t\t<\/div>\n\t\t\t\t\t<\/div>\n\t\t\t\t<\/div>\n\t\t<div class=\"elementor-element elementor-element-12fffc3 e-flex e-con-boxed e-con e-parent\" data-id=\"12fffc3\" data-element_type=\"container\" data-settings=\"{&quot;jet_parallax_layout_list&quot;:[]}\">\n\t\t\t\t\t<div class=\"e-con-inner\">\n\t\t\t\t<div class=\"elementor-element elementor-element-28ad514 elementor-widget elementor-widget-global elementor-global-8862 elementor-global-6616 elementor-widget-text-editor\" data-id=\"28ad514\" data-element_type=\"widget\" data-widget_type=\"text-editor.default\">\n\t\t\t\t<div class=\"elementor-widget-container\">\n\t\t\t\t\t\t\t<p style=\"text-align: center;\"><a href=\"https:\/\/ancoradelchianti.beddy.io\/#\/(beddy:home)?lang=fr\" target=\"_blank\" rel=\"noopener\"><strong>RESERVEZ MAINTENANT<\/strong><\/a>\u00a0ou envoyez un mail \u00e0\u00a0<a href=\"mailto:info@ancoradelchianti.it\" target=\"_blank\" rel=\"noopener\">info@ancoradelchianti.it<\/a><\/p>\n\t\t\t\t\t\t<\/div>\n\t\t\t\t<\/div>\n\t\t\t\t\t<\/div>\n\t\t\t\t<\/div>\n\t\t\t\t<\/div>\n\t\t","protected":false},"excerpt":{"rendered":"<p>Tour au Moulin et Degustation d&rsquo;Huile d&rsquo;Olive Toscane Le seul moulin du Chianti o\u00f9 vous rencontrerez des gens qui sont enthousiastes et comp\u00e9tents, pr\u00eats \u00e0 transmettre leur passion pour l&rsquo;huile. Explication de la transformation des olives et d\u00e9gustation d&rsquo;huiles au verre. La famille des propri\u00e9taires produit de l&rsquo;huile d&rsquo;olive extra vierge depuis quatre g\u00e9n\u00e9rations, ainsi&#8230;<\/p>\n","protected":false},"author":1,"featured_media":7335,"parent":8958,"menu_order":109,"comment_status":"closed","ping_status":"closed","template":"","meta":{"_acf_changed":false,"footnotes":""},"categories":[],"tags":[],"class_list":["post-8964","page","type-page","status-publish","has-post-thumbnail","hentry"],"acf":[],"yoast_head":"<!-- This site is optimized with the Yoast SEO plugin v24.0 - https:\/\/yoast.com\/wordpress\/plugins\/seo\/ -->\n<title>B&amp;B Ancora del Chianti, Tour et degustation d&#039;huile toscane<\/title>\n<meta name=\"description\" content=\"Visite unique du seul pressoir \u00e0 huile d&#039;olive du Chianti o\u00f9 vous pourrez rencontrer des producteurs d&#039;huile d&#039;olive enthousiastes et soucieux de la qualit\u00e9, pr\u00eats \u00e0 partager leur passion.\" \/>\n<meta name=\"robots\" content=\"index, follow, max-snippet:-1, max-image-preview:large, max-video-preview:-1\" \/>\n<link rel=\"canonical\" href=\"https:\/\/www.ancoradelchianti.it\/fr\/activites\/degustation_huile_toscane\/\" \/>\n<meta property=\"og:locale\" content=\"fr_FR\" \/>\n<meta property=\"og:type\" content=\"article\" \/>\n<meta property=\"og:title\" content=\"B&amp;B Ancora del Chianti, Tour et degustation d&#039;huile toscane\" \/>\n<meta property=\"og:description\" content=\"Visite unique du seul pressoir \u00e0 huile d&#039;olive du Chianti o\u00f9 vous pourrez rencontrer des producteurs d&#039;huile d&#039;olive enthousiastes et soucieux de la qualit\u00e9, pr\u00eats \u00e0 partager leur passion.\" \/>\n<meta property=\"og:url\" content=\"https:\/\/www.ancoradelchianti.it\/fr\/activites\/degustation_huile_toscane\/\" \/>\n<meta property=\"og:site_name\" content=\"Ancora del Chianti B&amp;B\" \/>\n<meta property=\"article:modified_time\" content=\"2024-04-12T20:10:55+00:00\" \/>\n<meta property=\"og:image\" content=\"https:\/\/www.ancoradelchianti.it\/wp-content\/uploads\/experiences\/olive-oil-tour-with-tasting\/oil_tasting.jpg\" \/>\n\t<meta property=\"og:image:width\" content=\"1920\" \/>\n\t<meta property=\"og:image:height\" content=\"672\" \/>\n\t<meta property=\"og:image:type\" content=\"image\/jpeg\" \/>\n<meta name=\"twitter:card\" content=\"summary_large_image\" \/>\n<meta name=\"twitter:label1\" content=\"Dur\u00e9e de lecture estim\u00e9e\" \/>\n\t<meta name=\"twitter:data1\" content=\"1 minute\" \/>\n<script type=\"application\/ld+json\" class=\"yoast-schema-graph\">{\"@context\":\"https:\/\/schema.org\",\"@graph\":[{\"@type\":\"WebPage\",\"@id\":\"https:\/\/www.ancoradelchianti.it\/fr\/activites\/degustation_huile_toscane\/\",\"url\":\"https:\/\/www.ancoradelchianti.it\/fr\/activites\/degustation_huile_toscane\/\",\"name\":\"B&B Ancora del Chianti, Tour et degustation d'huile toscane\",\"isPartOf\":{\"@id\":\"https:\/\/www.ancoradelchianti.it\/fr\/#website\"},\"primaryImageOfPage\":{\"@id\":\"https:\/\/www.ancoradelchianti.it\/fr\/activites\/degustation_huile_toscane\/#primaryimage\"},\"image\":{\"@id\":\"https:\/\/www.ancoradelchianti.it\/fr\/activites\/degustation_huile_toscane\/#primaryimage\"},\"thumbnailUrl\":\"https:\/\/www.ancoradelchianti.it\/wp-content\/uploads\/experiences\/olive-oil-tour-with-tasting\/oil_tasting.jpg\",\"datePublished\":\"2024-03-04T14:08:45+00:00\",\"dateModified\":\"2024-04-12T20:10:55+00:00\",\"description\":\"Visite unique du seul pressoir \u00e0 huile d'olive du Chianti o\u00f9 vous pourrez rencontrer des producteurs d'huile d'olive enthousiastes et soucieux de la qualit\u00e9, pr\u00eats \u00e0 partager leur passion.\",\"breadcrumb\":{\"@id\":\"https:\/\/www.ancoradelchianti.it\/fr\/activites\/degustation_huile_toscane\/#breadcrumb\"},\"inLanguage\":\"fr-FR\",\"potentialAction\":[{\"@type\":\"ReadAction\",\"target\":[\"https:\/\/www.ancoradelchianti.it\/fr\/activites\/degustation_huile_toscane\/\"]}]},{\"@type\":\"ImageObject\",\"inLanguage\":\"fr-FR\",\"@id\":\"https:\/\/www.ancoradelchianti.it\/fr\/activites\/degustation_huile_toscane\/#primaryimage\",\"url\":\"https:\/\/www.ancoradelchianti.it\/wp-content\/uploads\/experiences\/olive-oil-tour-with-tasting\/oil_tasting.jpg\",\"contentUrl\":\"https:\/\/www.ancoradelchianti.it\/wp-content\/uploads\/experiences\/olive-oil-tour-with-tasting\/oil_tasting.jpg\",\"width\":1920,\"height\":672,\"caption\":\"Oil Tasting\"},{\"@type\":\"BreadcrumbList\",\"@id\":\"https:\/\/www.ancoradelchianti.it\/fr\/activites\/degustation_huile_toscane\/#breadcrumb\",\"itemListElement\":[{\"@type\":\"ListItem\",\"position\":1,\"name\":\"Home\",\"item\":\"https:\/\/www.ancoradelchianti.it\/fr\/\"},{\"@type\":\"ListItem\",\"position\":2,\"name\":\"Exp\u00e9riences\",\"item\":\"https:\/\/www.ancoradelchianti.it\/fr\/activites\/\"},{\"@type\":\"ListItem\",\"position\":3,\"name\":\"Tour et degustation d&#8217;huile toscane\"}]},{\"@type\":\"WebSite\",\"@id\":\"https:\/\/www.ancoradelchianti.it\/fr\/#website\",\"url\":\"https:\/\/www.ancoradelchianti.it\/fr\/\",\"name\":\"Ancora del Chianti B&amp;B\",\"description\":\"\",\"publisher\":{\"@id\":\"https:\/\/www.ancoradelchianti.it\/fr\/#organization\"},\"potentialAction\":[{\"@type\":\"SearchAction\",\"target\":{\"@type\":\"EntryPoint\",\"urlTemplate\":\"https:\/\/www.ancoradelchianti.it\/fr\/?s={search_term_string}\"},\"query-input\":{\"@type\":\"PropertyValueSpecification\",\"valueRequired\":true,\"valueName\":\"search_term_string\"}}],\"inLanguage\":\"fr-FR\"},{\"@type\":\"Organization\",\"@id\":\"https:\/\/www.ancoradelchianti.it\/fr\/#organization\",\"name\":\"Ancora del Chianti B&amp;B\",\"url\":\"https:\/\/www.ancoradelchianti.it\/fr\/\",\"logo\":{\"@type\":\"ImageObject\",\"inLanguage\":\"fr-FR\",\"@id\":\"https:\/\/www.ancoradelchianti.it\/fr\/#\/schema\/logo\/image\/\",\"url\":\"https:\/\/www.ancoradelchianti.it\/wp-content\/uploads\/logo\/logo.png\",\"contentUrl\":\"https:\/\/www.ancoradelchianti.it\/wp-content\/uploads\/logo\/logo.png\",\"width\":129,\"height\":133,\"caption\":\"Ancora del Chianti B&amp;B\"},\"image\":{\"@id\":\"https:\/\/www.ancoradelchianti.it\/fr\/#\/schema\/logo\/image\/\"}}]}<\/script>\n<!-- \/ Yoast SEO plugin. -->","yoast_head_json":{"title":"B&B Ancora del Chianti, Tour et degustation d'huile toscane","description":"Visite unique du seul pressoir \u00e0 huile d'olive du Chianti o\u00f9 vous pourrez rencontrer des producteurs d'huile d'olive enthousiastes et soucieux de la qualit\u00e9, pr\u00eats \u00e0 partager leur passion.","robots":{"index":"index","follow":"follow","max-snippet":"max-snippet:-1","max-image-preview":"max-image-preview:large","max-video-preview":"max-video-preview:-1"},"canonical":"https:\/\/www.ancoradelchianti.it\/fr\/activites\/degustation_huile_toscane\/","og_locale":"fr_FR","og_type":"article","og_title":"B&B Ancora del Chianti, Tour et degustation d'huile toscane","og_description":"Visite unique du seul pressoir \u00e0 huile d'olive du Chianti o\u00f9 vous pourrez rencontrer des producteurs d'huile d'olive enthousiastes et soucieux de la qualit\u00e9, pr\u00eats \u00e0 partager leur passion.","og_url":"https:\/\/www.ancoradelchianti.it\/fr\/activites\/degustation_huile_toscane\/","og_site_name":"Ancora del Chianti B&amp;B","article_modified_time":"2024-04-12T20:10:55+00:00","og_image":[{"width":1920,"height":672,"url":"https:\/\/www.ancoradelchianti.it\/wp-content\/uploads\/experiences\/olive-oil-tour-with-tasting\/oil_tasting.jpg","type":"image\/jpeg"}],"twitter_card":"summary_large_image","twitter_misc":{"Dur\u00e9e de lecture estim\u00e9e":"1 minute"},"schema":{"@context":"https:\/\/schema.org","@graph":[{"@type":"WebPage","@id":"https:\/\/www.ancoradelchianti.it\/fr\/activites\/degustation_huile_toscane\/","url":"https:\/\/www.ancoradelchianti.it\/fr\/activites\/degustation_huile_toscane\/","name":"B&B Ancora del Chianti, Tour et degustation d'huile toscane","isPartOf":{"@id":"https:\/\/www.ancoradelchianti.it\/fr\/#website"},"primaryImageOfPage":{"@id":"https:\/\/www.ancoradelchianti.it\/fr\/activites\/degustation_huile_toscane\/#primaryimage"},"image":{"@id":"https:\/\/www.ancoradelchianti.it\/fr\/activites\/degustation_huile_toscane\/#primaryimage"},"thumbnailUrl":"https:\/\/www.ancoradelchianti.it\/wp-content\/uploads\/experiences\/olive-oil-tour-with-tasting\/oil_tasting.jpg","datePublished":"2024-03-04T14:08:45+00:00","dateModified":"2024-04-12T20:10:55+00:00","description":"Visite unique du seul pressoir \u00e0 huile d'olive du Chianti o\u00f9 vous pourrez rencontrer des producteurs d'huile d'olive enthousiastes et soucieux de la qualit\u00e9, pr\u00eats \u00e0 partager leur passion.","breadcrumb":{"@id":"https:\/\/www.ancoradelchianti.it\/fr\/activites\/degustation_huile_toscane\/#breadcrumb"},"inLanguage":"fr-FR","potentialAction":[{"@type":"ReadAction","target":["https:\/\/www.ancoradelchianti.it\/fr\/activites\/degustation_huile_toscane\/"]}]},{"@type":"ImageObject","inLanguage":"fr-FR","@id":"https:\/\/www.ancoradelchianti.it\/fr\/activites\/degustation_huile_toscane\/#primaryimage","url":"https:\/\/www.ancoradelchianti.it\/wp-content\/uploads\/experiences\/olive-oil-tour-with-tasting\/oil_tasting.jpg","contentUrl":"https:\/\/www.ancoradelchianti.it\/wp-content\/uploads\/experiences\/olive-oil-tour-with-tasting\/oil_tasting.jpg","width":1920,"height":672,"caption":"Oil Tasting"},{"@type":"BreadcrumbList","@id":"https:\/\/www.ancoradelchianti.it\/fr\/activites\/degustation_huile_toscane\/#breadcrumb","itemListElement":[{"@type":"ListItem","position":1,"name":"Home","item":"https:\/\/www.ancoradelchianti.it\/fr\/"},{"@type":"ListItem","position":2,"name":"Exp\u00e9riences","item":"https:\/\/www.ancoradelchianti.it\/fr\/activites\/"},{"@type":"ListItem","position":3,"name":"Tour et degustation d&#8217;huile toscane"}]},{"@type":"WebSite","@id":"https:\/\/www.ancoradelchianti.it\/fr\/#website","url":"https:\/\/www.ancoradelchianti.it\/fr\/","name":"Ancora del Chianti B&amp;B","description":"","publisher":{"@id":"https:\/\/www.ancoradelchianti.it\/fr\/#organization"},"potentialAction":[{"@type":"SearchAction","target":{"@type":"EntryPoint","urlTemplate":"https:\/\/www.ancoradelchianti.it\/fr\/?s={search_term_string}"},"query-input":{"@type":"PropertyValueSpecification","valueRequired":true,"valueName":"search_term_string"}}],"inLanguage":"fr-FR"},{"@type":"Organization","@id":"https:\/\/www.ancoradelchianti.it\/fr\/#organization","name":"Ancora del Chianti B&amp;B","url":"https:\/\/www.ancoradelchianti.it\/fr\/","logo":{"@type":"ImageObject","inLanguage":"fr-FR","@id":"https:\/\/www.ancoradelchianti.it\/fr\/#\/schema\/logo\/image\/","url":"https:\/\/www.ancoradelchianti.it\/wp-content\/uploads\/logo\/logo.png","contentUrl":"https:\/\/www.ancoradelchianti.it\/wp-content\/uploads\/logo\/logo.png","width":129,"height":133,"caption":"Ancora del Chianti B&amp;B"},"image":{"@id":"https:\/\/www.ancoradelchianti.it\/fr\/#\/schema\/logo\/image\/"}}]}},"_links":{"self":[{"href":"https:\/\/www.ancoradelchianti.it\/fr\/wp-json\/wp\/v2\/pages\/8964","targetHints":{"allow":["GET"]}}],"collection":[{"href":"https:\/\/www.ancoradelchianti.it\/fr\/wp-json\/wp\/v2\/pages"}],"about":[{"href":"https:\/\/www.ancoradelchianti.it\/fr\/wp-json\/wp\/v2\/types\/page"}],"author":[{"embeddable":true,"href":"https:\/\/www.ancoradelchianti.it\/fr\/wp-json\/wp\/v2\/users\/1"}],"replies":[{"embeddable":true,"href":"https:\/\/www.ancoradelchianti.it\/fr\/wp-json\/wp\/v2\/comments?post=8964"}],"version-history":[{"count":0,"href":"https:\/\/www.ancoradelchianti.it\/fr\/wp-json\/wp\/v2\/pages\/8964\/revisions"}],"up":[{"embeddable":true,"href":"https:\/\/www.ancoradelchianti.it\/fr\/wp-json\/wp\/v2\/pages\/8958"}],"wp:featuredmedia":[{"embeddable":true,"href":"https:\/\/www.ancoradelchianti.it\/fr\/wp-json\/wp\/v2\/media\/7335"}],"wp:attachment":[{"href":"https:\/\/www.ancoradelchianti.it\/fr\/wp-json\/wp\/v2\/media?parent=8964"}],"wp:term":[{"taxonomy":"category","embeddable":true,"href":"https:\/\/www.ancoradelchianti.it\/fr\/wp-json\/wp\/v2\/categories?post=8964"},{"taxonomy":"post_tag","embeddable":true,"href":"https:\/\/www.ancoradelchianti.it\/fr\/wp-json\/wp\/v2\/tags?post=8964"}],"curies":[{"name":"wp","href":"https:\/\/api.w.org\/{rel}","templated":true}]}}