{"id":8966,"date":"2024-03-04T14:13:21","date_gmt":"2024-03-04T14:13:21","guid":{"rendered":"https:\/\/dev.ancoradelchianti.it\/experiences\/cours-de-cuisine-toscane\/"},"modified":"2025-02-27T11:58:44","modified_gmt":"2025-02-27T11:58:44","slug":"cours_cuisine_toscane","status":"publish","type":"page","link":"https:\/\/www.ancoradelchianti.it\/fr\/activites\/cours_cuisine_toscane\/","title":{"rendered":"Cours de Cuisine Toscane"},"content":{"rendered":"\t\t<div data-elementor-type=\"wp-page\" data-elementor-id=\"8966\" class=\"elementor elementor-8966 elementor-7349\" data-elementor-post-type=\"page\">\n\t\t\t\t<div class=\"elementor-element elementor-element-f59274d e-con-full e-flex e-con e-parent\" data-id=\"f59274d\" data-element_type=\"container\" data-settings=\"{&quot;jet_parallax_layout_list&quot;:[]}\">\n\t\t\t\t<div data-dce-advanced-background-image-url=\"https:\/\/www.ancoradelchianti.it\/wp-content\/uploads\/experiences\/cooking-class-in-tuscany\/cooking-class.jpg\" class=\"elementor-element elementor-element-ffd5b93 elementor-invisible elementor-has-bg-overlay elementor-widget elementor-widget-global elementor-global-232 elementor-widget-heading\" data-id=\"ffd5b93\" data-element_type=\"widget\" data-settings=\"{&quot;_animation&quot;:&quot;fadeInDown&quot;}\" data-widget_type=\"heading.default\">\n\t\t\t\t<div class=\"elementor-widget-container\">\n\t\t\t<h1 class=\"elementor-heading-title elementor-size-default\">Cours de Cuisine Toscane<\/h1>\t\t<\/div>\n\t\t\t\t<\/div>\n\t\t\t\t<div class=\"elementor-element elementor-element-4f679f5 elementor-widget elementor-widget-heading\" data-id=\"4f679f5\" data-element_type=\"widget\" data-widget_type=\"heading.default\">\n\t\t\t\t<div class=\"elementor-widget-container\">\n\t\t\t<h2 class=\"elementor-heading-title elementor-size-default\">Cours et Le\u00e7ons de Cuisine Typique Toscane avec Repas<\/h2>\t\t<\/div>\n\t\t\t\t<\/div>\n\t\t\t\t<\/div>\n\t\t<div class=\"elementor-element elementor-element-beae07a e-flex e-con-boxed e-con e-parent\" data-id=\"beae07a\" data-element_type=\"container\" data-settings=\"{&quot;jet_parallax_layout_list&quot;:[]}\">\n\t\t\t\t\t<div class=\"e-con-inner\">\n\t\t\t\t<div class=\"elementor-element elementor-element-1dfcc26 elementor-widget elementor-widget-text-editor\" data-id=\"1dfcc26\" data-element_type=\"widget\" data-widget_type=\"text-editor.default\">\n\t\t\t\t<div class=\"elementor-widget-container\">\n\t\t\t\t\t\t\t<h3><img fetchpriority=\"high\" decoding=\"async\" class=\"alignleft wp-image-7354\" src=\"https:\/\/www.ancoradelchianti.it\/wp-content\/uploads\/experiences\/cooking-class-in-tuscany\/cooking_class_tuscany-300x201.jpg\" alt=\"\" width=\"355\" height=\"237\" srcset=\"https:\/\/www.ancoradelchianti.it\/wp-content\/uploads\/experiences\/cooking-class-in-tuscany\/cooking_class_tuscany-300x201.jpg 300w, https:\/\/www.ancoradelchianti.it\/wp-content\/uploads\/experiences\/cooking-class-in-tuscany\/cooking_class_tuscany.jpg 320w\" sizes=\"(max-width: 355px) 100vw, 355px\" \/>Vacances gourmandes avec l&rsquo;exp\u00e9rience gastronomique de la cuisine toscane en profitant d&rsquo;un cours de cuisine traditionnelle avec un chef personnel dans le Chianti pendant un apr\u00e8s-midi suivi d&rsquo;un d\u00eener avec du bon vin dans une ambiance conviviale.<\/h3>\r\nTout en profitant de vos vacances en Toscane au bed and breakfast Ancora del Chianti, vous pouvez participer \u00e0 un cours de cuisine d&rsquo;une journ\u00e9e en Toscane, pr\u00e8s de Florence et apprendre \u00e0 cuisiner de d\u00e9licieuses assiettes de la tradition culinaire toscane et des p\u00e2tes fra\u00eeches. Vous ferez l&rsquo;exp\u00e9rience d&rsquo;un v\u00e9ritable <strong>cours de cuisine pratique en Toscane avec des secrets<\/strong> de cuisine \u00e0 emporter chez vous dans une atmosph\u00e8re d\u00e9tendue et anim\u00e9e. Vous passerez une agr\u00e9able matin\u00e9e \u00e0 hacher, p\u00e9trir, cuisiner et \u00e0 vous amuser. Vous pouvez opter pour des cours de cuisine traditionnelle toscane avec un menu complet avec antipasti, p\u00e2tes, viande, accompagnement et dessert ou une immersion compl\u00e8te en pizza<strong> et p\u00e2tes fra\u00eeches<\/strong> o\u00f9 vous apprendrez \u00e0 pr\u00e9parer diff\u00e9rents types de p\u00e2tes fra\u00eeches et de sauces, suivi d&rsquo;un d\u00e9jeuner convivial. Amusez-vous et buon appetito !\t\t\t\t\t\t<\/div>\n\t\t\t\t<\/div>\n\t\t\t\t\t<\/div>\n\t\t\t\t<\/div>\n\t\t<div class=\"elementor-element elementor-element-560e736 e-flex e-con-boxed e-con e-parent\" data-id=\"560e736\" data-element_type=\"container\" data-settings=\"{&quot;jet_parallax_layout_list&quot;:[]}\">\n\t\t\t\t\t<div class=\"e-con-inner\">\n\t\t\t\t<div class=\"elementor-element elementor-element-9a5e006 elementor-widget elementor-widget-text-editor\" data-id=\"9a5e006\" data-element_type=\"widget\" data-widget_type=\"text-editor.default\">\n\t\t\t\t<div class=\"elementor-widget-container\">\n\t\t\t\t\t\t\t<p><strong>Cours de Cuisine Traditionnelle Toscane<\/strong>: 140,00 \u20ac par personne. Commence \u00e0 10 h 30. Dur\u00e9e : 3,5\/4,00. Apprenez et amusez-vous \u00e0 cuisiner des recettes simples de la tradition toscane, qui peuvent \u00eatre facilement recr\u00e9\u00e9es \u00e0 la maison. Tous les ingr\u00e9dients utilis\u00e9s lors du cours sont frais et plusieurs d\u2019entre eux sont r\u00e9colt\u00e9s directement sur place. Vous d\u00e9couvrirez la cuisine toscane traditionnelle en mettant un accent particulier sur la cr\u00e9ation de plats bons et sains. Le cours peut avoir lieu \u00e0 15-20 minutes du B&amp;B \u00e0 la ferme du chef. Il comprend le cours de cuisine, le d\u00e9jeuner et le vin.\u00a0 Les non-participants au cours de cuisine sont le bienvenue au repas.<\/p>\n<p><strong>Decouverte Pizza et P\u00e2tes Fra\u00eeches<\/strong>: \u20ac 120.00 par personne. Commence \u00e0 10 h 30. Dur\u00e9e : 3 h Apprenez \u00e0 pr\u00e9parer une vraie pizza italienne croustillante et amusez-vous \u00e0 apprendre \u00e0 r\u00e9aliser de nombreuses formes diff\u00e9rentes de p\u00e2tes fra\u00eeches \u00e0 partir de z\u00e9ro ! Tous les ingr\u00e9dients utilis\u00e9s lors du cours sont frais et plusieurs d\u2019entre eux sont r\u00e9colt\u00e9s directement sur place. Il comprend le cours de cuisine, le d\u00e9jeuner et le vin. Les non-participants au cours de cuisine ne peuvent pas participer au repas. Le cours peut avoir lieu au B&amp;B ou \u00e0 15-20 minutes en voiture. Il comprend le cours de cuisine, le d\u00e9jeuner et le vin. Les non-participants au cours de cuisine sont les bienvenus au repas.<\/p>\n<p>Offres sp\u00e9ciales pour les groupes.<\/p>\n<div>\n<div style=\"text-align: center;\">Pour <strong>une exp\u00e9rience gastronomique compl\u00e8te<\/strong>, nous vous recommandons de profiter de la <strong>VISITE ET D\u00c9GUSTATION DANS UN MOULIN \u00c0 HUILE<\/strong>, de la <strong>VISITE \u00c0 LA CAVE ET DEGUSTATION DE VIN, <\/strong>ou\u00a0du\u00a0<strong>FORFAIT AVEC D\u00c9GUSTATION DE VIN ET D&rsquo;HUILE<\/strong>.<\/div>\n<\/div>\n\t\t\t\t\t\t<\/div>\n\t\t\t\t<\/div>\n\t\t\t\t\t<\/div>\n\t\t\t\t<\/div>\n\t\t<div class=\"elementor-element elementor-element-1fa0f04 e-flex e-con-boxed e-con e-parent\" data-id=\"1fa0f04\" data-element_type=\"container\" data-settings=\"{&quot;jet_parallax_layout_list&quot;:[]}\">\n\t\t\t\t\t<div class=\"e-con-inner\">\n\t\t\t\t<div class=\"elementor-element elementor-element-93802b0 elementor-widget elementor-widget-global elementor-global-8862 elementor-global-6616 elementor-widget-text-editor\" data-id=\"93802b0\" data-element_type=\"widget\" data-widget_type=\"text-editor.default\">\n\t\t\t\t<div class=\"elementor-widget-container\">\n\t\t\t\t\t\t\t<p style=\"text-align: center;\"><a href=\"https:\/\/ancoradelchianti.beddy.io\/#\/(beddy:home)?lang=fr\" target=\"_blank\" rel=\"noopener\"><strong>RESERVEZ MAINTENANT<\/strong><\/a>\u00a0ou envoyez un mail \u00e0\u00a0<a href=\"mailto:info@ancoradelchianti.it\" target=\"_blank\" rel=\"noopener\">info@ancoradelchianti.it<\/a><\/p>\n\t\t\t\t\t\t<\/div>\n\t\t\t\t<\/div>\n\t\t\t\t\t<\/div>\n\t\t\t\t<\/div>\n\t\t\t\t<\/div>\n\t\t","protected":false},"excerpt":{"rendered":"<p>Cours et Le\u00e7ons de Cuisine Typique Toscane avec Repas Vacances gourmandes avec l&rsquo;exp\u00e9rience gastronomique de la cuisine toscane en profitant d&rsquo;un cours de cuisine traditionnelle avec un chef personnel dans le Chianti pendant un apr\u00e8s-midi suivi d&rsquo;un d\u00eener avec du bon vin dans une ambiance conviviale. Tout en profitant de vos vacances en Toscane au&#8230;<\/p>\n","protected":false},"author":1,"featured_media":7351,"parent":8958,"menu_order":113,"comment_status":"closed","ping_status":"closed","template":"","meta":{"_acf_changed":false,"footnotes":""},"categories":[],"tags":[],"class_list":["post-8966","page","type-page","status-publish","has-post-thumbnail","hentry"],"acf":[],"yoast_head":"<!-- This site is optimized with the Yoast SEO plugin v24.0 - https:\/\/yoast.com\/wordpress\/plugins\/seo\/ -->\n<title>Ancora del Chianti B&amp;B Cours de cuisine en Toscane pr\u00e8s de Florence<\/title>\n<meta name=\"description\" content=\"C&#039;est le moyen id\u00e9al d&#039;apprendre \u00e0 cuisiner la cuisine toscane, les p\u00e2tes fra\u00eeches et les pizzas dans une atmosph\u00e8re dynamique. Avec un cours de cuisine toscane, vous ferez l&#039;exp\u00e9rience d&#039;un v\u00e9ritable cours pratique de cuisine toscane.\" \/>\n<meta name=\"robots\" content=\"index, follow, max-snippet:-1, max-image-preview:large, max-video-preview:-1\" \/>\n<link rel=\"canonical\" href=\"https:\/\/www.ancoradelchianti.it\/fr\/activites\/cours_cuisine_toscane\/\" \/>\n<meta property=\"og:locale\" content=\"fr_FR\" \/>\n<meta property=\"og:type\" content=\"article\" \/>\n<meta property=\"og:title\" content=\"Ancora del Chianti B&amp;B Cours de cuisine en Toscane pr\u00e8s de Florence\" \/>\n<meta property=\"og:description\" content=\"C&#039;est le moyen id\u00e9al d&#039;apprendre \u00e0 cuisiner la cuisine toscane, les p\u00e2tes fra\u00eeches et les pizzas dans une atmosph\u00e8re dynamique. Avec un cours de cuisine toscane, vous ferez l&#039;exp\u00e9rience d&#039;un v\u00e9ritable cours pratique de cuisine toscane.\" \/>\n<meta property=\"og:url\" content=\"https:\/\/www.ancoradelchianti.it\/fr\/activites\/cours_cuisine_toscane\/\" \/>\n<meta property=\"og:site_name\" content=\"Ancora del Chianti B&amp;B\" \/>\n<meta property=\"article:modified_time\" content=\"2025-02-27T11:58:44+00:00\" \/>\n<meta property=\"og:image\" content=\"https:\/\/www.ancoradelchianti.it\/wp-content\/uploads\/experiences\/cooking-class-in-tuscany\/cooking-class.jpg\" \/>\n\t<meta property=\"og:image:width\" content=\"1920\" \/>\n\t<meta property=\"og:image:height\" content=\"672\" \/>\n\t<meta property=\"og:image:type\" content=\"image\/jpeg\" \/>\n<meta name=\"twitter:card\" content=\"summary_large_image\" \/>\n<meta name=\"twitter:label1\" content=\"Dur\u00e9e de lecture estim\u00e9e\" \/>\n\t<meta name=\"twitter:data1\" content=\"2 minutes\" \/>\n<script type=\"application\/ld+json\" class=\"yoast-schema-graph\">{\"@context\":\"https:\/\/schema.org\",\"@graph\":[{\"@type\":\"WebPage\",\"@id\":\"https:\/\/www.ancoradelchianti.it\/fr\/activites\/cours_cuisine_toscane\/\",\"url\":\"https:\/\/www.ancoradelchianti.it\/fr\/activites\/cours_cuisine_toscane\/\",\"name\":\"Ancora del Chianti B&B Cours de cuisine en Toscane pr\u00e8s de Florence\",\"isPartOf\":{\"@id\":\"https:\/\/www.ancoradelchianti.it\/fr\/#website\"},\"primaryImageOfPage\":{\"@id\":\"https:\/\/www.ancoradelchianti.it\/fr\/activites\/cours_cuisine_toscane\/#primaryimage\"},\"image\":{\"@id\":\"https:\/\/www.ancoradelchianti.it\/fr\/activites\/cours_cuisine_toscane\/#primaryimage\"},\"thumbnailUrl\":\"https:\/\/www.ancoradelchianti.it\/wp-content\/uploads\/experiences\/cooking-class-in-tuscany\/cooking-class.jpg\",\"datePublished\":\"2024-03-04T14:13:21+00:00\",\"dateModified\":\"2025-02-27T11:58:44+00:00\",\"description\":\"C'est le moyen id\u00e9al d'apprendre \u00e0 cuisiner la cuisine toscane, les p\u00e2tes fra\u00eeches et les pizzas dans une atmosph\u00e8re dynamique. Avec un cours de cuisine toscane, vous ferez l'exp\u00e9rience d'un v\u00e9ritable cours pratique de cuisine toscane.\",\"breadcrumb\":{\"@id\":\"https:\/\/www.ancoradelchianti.it\/fr\/activites\/cours_cuisine_toscane\/#breadcrumb\"},\"inLanguage\":\"fr-FR\",\"potentialAction\":[{\"@type\":\"ReadAction\",\"target\":[\"https:\/\/www.ancoradelchianti.it\/fr\/activites\/cours_cuisine_toscane\/\"]}]},{\"@type\":\"ImageObject\",\"inLanguage\":\"fr-FR\",\"@id\":\"https:\/\/www.ancoradelchianti.it\/fr\/activites\/cours_cuisine_toscane\/#primaryimage\",\"url\":\"https:\/\/www.ancoradelchianti.it\/wp-content\/uploads\/experiences\/cooking-class-in-tuscany\/cooking-class.jpg\",\"contentUrl\":\"https:\/\/www.ancoradelchianti.it\/wp-content\/uploads\/experiences\/cooking-class-in-tuscany\/cooking-class.jpg\",\"width\":1920,\"height\":672,\"caption\":\"Cooking Class\"},{\"@type\":\"BreadcrumbList\",\"@id\":\"https:\/\/www.ancoradelchianti.it\/fr\/activites\/cours_cuisine_toscane\/#breadcrumb\",\"itemListElement\":[{\"@type\":\"ListItem\",\"position\":1,\"name\":\"Home\",\"item\":\"https:\/\/www.ancoradelchianti.it\/fr\/\"},{\"@type\":\"ListItem\",\"position\":2,\"name\":\"Exp\u00e9riences\",\"item\":\"https:\/\/www.ancoradelchianti.it\/fr\/activites\/\"},{\"@type\":\"ListItem\",\"position\":3,\"name\":\"Cours de Cuisine Toscane\"}]},{\"@type\":\"WebSite\",\"@id\":\"https:\/\/www.ancoradelchianti.it\/fr\/#website\",\"url\":\"https:\/\/www.ancoradelchianti.it\/fr\/\",\"name\":\"Ancora del Chianti B&amp;B\",\"description\":\"\",\"publisher\":{\"@id\":\"https:\/\/www.ancoradelchianti.it\/fr\/#organization\"},\"potentialAction\":[{\"@type\":\"SearchAction\",\"target\":{\"@type\":\"EntryPoint\",\"urlTemplate\":\"https:\/\/www.ancoradelchianti.it\/fr\/?s={search_term_string}\"},\"query-input\":{\"@type\":\"PropertyValueSpecification\",\"valueRequired\":true,\"valueName\":\"search_term_string\"}}],\"inLanguage\":\"fr-FR\"},{\"@type\":\"Organization\",\"@id\":\"https:\/\/www.ancoradelchianti.it\/fr\/#organization\",\"name\":\"Ancora del Chianti B&amp;B\",\"url\":\"https:\/\/www.ancoradelchianti.it\/fr\/\",\"logo\":{\"@type\":\"ImageObject\",\"inLanguage\":\"fr-FR\",\"@id\":\"https:\/\/www.ancoradelchianti.it\/fr\/#\/schema\/logo\/image\/\",\"url\":\"https:\/\/www.ancoradelchianti.it\/wp-content\/uploads\/logo\/logo.png\",\"contentUrl\":\"https:\/\/www.ancoradelchianti.it\/wp-content\/uploads\/logo\/logo.png\",\"width\":129,\"height\":133,\"caption\":\"Ancora del Chianti B&amp;B\"},\"image\":{\"@id\":\"https:\/\/www.ancoradelchianti.it\/fr\/#\/schema\/logo\/image\/\"}}]}<\/script>\n<!-- \/ Yoast SEO plugin. -->","yoast_head_json":{"title":"Ancora del Chianti B&B Cours de cuisine en Toscane pr\u00e8s de Florence","description":"C'est le moyen id\u00e9al d'apprendre \u00e0 cuisiner la cuisine toscane, les p\u00e2tes fra\u00eeches et les pizzas dans une atmosph\u00e8re dynamique. Avec un cours de cuisine toscane, vous ferez l'exp\u00e9rience d'un v\u00e9ritable cours pratique de cuisine toscane.","robots":{"index":"index","follow":"follow","max-snippet":"max-snippet:-1","max-image-preview":"max-image-preview:large","max-video-preview":"max-video-preview:-1"},"canonical":"https:\/\/www.ancoradelchianti.it\/fr\/activites\/cours_cuisine_toscane\/","og_locale":"fr_FR","og_type":"article","og_title":"Ancora del Chianti B&B Cours de cuisine en Toscane pr\u00e8s de Florence","og_description":"C'est le moyen id\u00e9al d'apprendre \u00e0 cuisiner la cuisine toscane, les p\u00e2tes fra\u00eeches et les pizzas dans une atmosph\u00e8re dynamique. Avec un cours de cuisine toscane, vous ferez l'exp\u00e9rience d'un v\u00e9ritable cours pratique de cuisine toscane.","og_url":"https:\/\/www.ancoradelchianti.it\/fr\/activites\/cours_cuisine_toscane\/","og_site_name":"Ancora del Chianti B&amp;B","article_modified_time":"2025-02-27T11:58:44+00:00","og_image":[{"width":1920,"height":672,"url":"https:\/\/www.ancoradelchianti.it\/wp-content\/uploads\/experiences\/cooking-class-in-tuscany\/cooking-class.jpg","type":"image\/jpeg"}],"twitter_card":"summary_large_image","twitter_misc":{"Dur\u00e9e de lecture estim\u00e9e":"2 minutes"},"schema":{"@context":"https:\/\/schema.org","@graph":[{"@type":"WebPage","@id":"https:\/\/www.ancoradelchianti.it\/fr\/activites\/cours_cuisine_toscane\/","url":"https:\/\/www.ancoradelchianti.it\/fr\/activites\/cours_cuisine_toscane\/","name":"Ancora del Chianti B&B Cours de cuisine en Toscane pr\u00e8s de Florence","isPartOf":{"@id":"https:\/\/www.ancoradelchianti.it\/fr\/#website"},"primaryImageOfPage":{"@id":"https:\/\/www.ancoradelchianti.it\/fr\/activites\/cours_cuisine_toscane\/#primaryimage"},"image":{"@id":"https:\/\/www.ancoradelchianti.it\/fr\/activites\/cours_cuisine_toscane\/#primaryimage"},"thumbnailUrl":"https:\/\/www.ancoradelchianti.it\/wp-content\/uploads\/experiences\/cooking-class-in-tuscany\/cooking-class.jpg","datePublished":"2024-03-04T14:13:21+00:00","dateModified":"2025-02-27T11:58:44+00:00","description":"C'est le moyen id\u00e9al d'apprendre \u00e0 cuisiner la cuisine toscane, les p\u00e2tes fra\u00eeches et les pizzas dans une atmosph\u00e8re dynamique. Avec un cours de cuisine toscane, vous ferez l'exp\u00e9rience d'un v\u00e9ritable cours pratique de cuisine toscane.","breadcrumb":{"@id":"https:\/\/www.ancoradelchianti.it\/fr\/activites\/cours_cuisine_toscane\/#breadcrumb"},"inLanguage":"fr-FR","potentialAction":[{"@type":"ReadAction","target":["https:\/\/www.ancoradelchianti.it\/fr\/activites\/cours_cuisine_toscane\/"]}]},{"@type":"ImageObject","inLanguage":"fr-FR","@id":"https:\/\/www.ancoradelchianti.it\/fr\/activites\/cours_cuisine_toscane\/#primaryimage","url":"https:\/\/www.ancoradelchianti.it\/wp-content\/uploads\/experiences\/cooking-class-in-tuscany\/cooking-class.jpg","contentUrl":"https:\/\/www.ancoradelchianti.it\/wp-content\/uploads\/experiences\/cooking-class-in-tuscany\/cooking-class.jpg","width":1920,"height":672,"caption":"Cooking Class"},{"@type":"BreadcrumbList","@id":"https:\/\/www.ancoradelchianti.it\/fr\/activites\/cours_cuisine_toscane\/#breadcrumb","itemListElement":[{"@type":"ListItem","position":1,"name":"Home","item":"https:\/\/www.ancoradelchianti.it\/fr\/"},{"@type":"ListItem","position":2,"name":"Exp\u00e9riences","item":"https:\/\/www.ancoradelchianti.it\/fr\/activites\/"},{"@type":"ListItem","position":3,"name":"Cours de Cuisine Toscane"}]},{"@type":"WebSite","@id":"https:\/\/www.ancoradelchianti.it\/fr\/#website","url":"https:\/\/www.ancoradelchianti.it\/fr\/","name":"Ancora del Chianti B&amp;B","description":"","publisher":{"@id":"https:\/\/www.ancoradelchianti.it\/fr\/#organization"},"potentialAction":[{"@type":"SearchAction","target":{"@type":"EntryPoint","urlTemplate":"https:\/\/www.ancoradelchianti.it\/fr\/?s={search_term_string}"},"query-input":{"@type":"PropertyValueSpecification","valueRequired":true,"valueName":"search_term_string"}}],"inLanguage":"fr-FR"},{"@type":"Organization","@id":"https:\/\/www.ancoradelchianti.it\/fr\/#organization","name":"Ancora del Chianti B&amp;B","url":"https:\/\/www.ancoradelchianti.it\/fr\/","logo":{"@type":"ImageObject","inLanguage":"fr-FR","@id":"https:\/\/www.ancoradelchianti.it\/fr\/#\/schema\/logo\/image\/","url":"https:\/\/www.ancoradelchianti.it\/wp-content\/uploads\/logo\/logo.png","contentUrl":"https:\/\/www.ancoradelchianti.it\/wp-content\/uploads\/logo\/logo.png","width":129,"height":133,"caption":"Ancora del Chianti B&amp;B"},"image":{"@id":"https:\/\/www.ancoradelchianti.it\/fr\/#\/schema\/logo\/image\/"}}]}},"_links":{"self":[{"href":"https:\/\/www.ancoradelchianti.it\/fr\/wp-json\/wp\/v2\/pages\/8966","targetHints":{"allow":["GET"]}}],"collection":[{"href":"https:\/\/www.ancoradelchianti.it\/fr\/wp-json\/wp\/v2\/pages"}],"about":[{"href":"https:\/\/www.ancoradelchianti.it\/fr\/wp-json\/wp\/v2\/types\/page"}],"author":[{"embeddable":true,"href":"https:\/\/www.ancoradelchianti.it\/fr\/wp-json\/wp\/v2\/users\/1"}],"replies":[{"embeddable":true,"href":"https:\/\/www.ancoradelchianti.it\/fr\/wp-json\/wp\/v2\/comments?post=8966"}],"version-history":[{"count":0,"href":"https:\/\/www.ancoradelchianti.it\/fr\/wp-json\/wp\/v2\/pages\/8966\/revisions"}],"up":[{"embeddable":true,"href":"https:\/\/www.ancoradelchianti.it\/fr\/wp-json\/wp\/v2\/pages\/8958"}],"wp:featuredmedia":[{"embeddable":true,"href":"https:\/\/www.ancoradelchianti.it\/fr\/wp-json\/wp\/v2\/media\/7351"}],"wp:attachment":[{"href":"https:\/\/www.ancoradelchianti.it\/fr\/wp-json\/wp\/v2\/media?parent=8966"}],"wp:term":[{"taxonomy":"category","embeddable":true,"href":"https:\/\/www.ancoradelchianti.it\/fr\/wp-json\/wp\/v2\/categories?post=8966"},{"taxonomy":"post_tag","embeddable":true,"href":"https:\/\/www.ancoradelchianti.it\/fr\/wp-json\/wp\/v2\/tags?post=8966"}],"curies":[{"name":"wp","href":"https:\/\/api.w.org\/{rel}","templated":true}]}}