{"id":8970,"date":"2024-03-04T14:43:27","date_gmt":"2024-03-04T14:43:27","guid":{"rendered":"https:\/\/dev.ancoradelchianti.it\/experiences\/a-velo-en-toscane\/"},"modified":"2024-04-12T20:11:51","modified_gmt":"2024-04-12T20:11:51","slug":"cyclotourisme_toscane","status":"publish","type":"page","link":"https:\/\/www.ancoradelchianti.it\/fr\/activites\/cyclotourisme_toscane\/","title":{"rendered":"A Velo en Toscane"},"content":{"rendered":"\t\t<div data-elementor-type=\"wp-page\" data-elementor-id=\"8970\" class=\"elementor elementor-8970 elementor-7451\" data-elementor-post-type=\"page\">\n\t\t\t\t<div class=\"elementor-element elementor-element-b4d3d3b e-con-full e-flex e-con e-parent\" data-id=\"b4d3d3b\" data-element_type=\"container\" data-settings=\"{&quot;jet_parallax_layout_list&quot;:[]}\">\n\t\t\t\t<div data-dce-advanced-background-image-url=\"https:\/\/www.ancoradelchianti.it\/wp-content\/uploads\/header\/biking.jpg\" class=\"elementor-element elementor-element-5593e3c elementor-invisible elementor-has-bg-overlay elementor-widget elementor-widget-global elementor-global-232 elementor-widget-heading\" data-id=\"5593e3c\" data-element_type=\"widget\" data-settings=\"{&quot;_animation&quot;:&quot;fadeInDown&quot;}\" data-widget_type=\"heading.default\">\n\t\t\t\t<div class=\"elementor-widget-container\">\n\t\t\t<h1 class=\"elementor-heading-title elementor-size-default\">A Velo en Toscane<\/h1>\t\t<\/div>\n\t\t\t\t<\/div>\n\t\t\t\t<div class=\"elementor-element elementor-element-102e90b elementor-widget elementor-widget-heading\" data-id=\"102e90b\" data-element_type=\"widget\" data-widget_type=\"heading.default\">\n\t\t\t\t<div class=\"elementor-widget-container\">\n\t\t\t<h2 class=\"elementor-heading-title elementor-size-default\">Cyclotourisme et Randonn\u00e9es en Toscane<\/h2>\t\t<\/div>\n\t\t\t\t<\/div>\n\t\t\t\t<\/div>\n\t\t<div class=\"elementor-element elementor-element-fed01bb e-flex e-con-boxed e-con e-parent\" data-id=\"fed01bb\" data-element_type=\"container\" data-settings=\"{&quot;jet_parallax_layout_list&quot;:[]}\">\n\t\t\t\t\t<div class=\"e-con-inner\">\n\t\t\t\t<div class=\"elementor-element elementor-element-9223226 elementor-widget elementor-widget-text-editor\" data-id=\"9223226\" data-element_type=\"widget\" data-widget_type=\"text-editor.default\">\n\t\t\t\t<div class=\"elementor-widget-container\">\n\t\t\t\t\t\t\t<p>Sur les petites routes de Toscane, vous serez en mesure de vous arr\u00eater pour d\u00e9guster les d\u00e9licieux produits locaux du Chianti. Ici, vous pouvez combiner votre randonn\u00e9e guid\u00e9e ou \u00e0 v\u00e9lo avec une visite des vignobles les plus c\u00e9l\u00e8bres du Chianti Classico.<\/p>\n<div>\n<p><strong>RANDONNEES GUIDEES A PIED ET A VELO \/ VTT<\/strong><\/p>\n<\/div>\n<div>\n<div>Les collines couvertes de vignobles color\u00e9s, les vue magnifiques et diff\u00e9rentes \u00e0 chaque virage, les ciels d&rsquo;un bleu profond seront le cadre de charme de votre visite \u00e0 pied ou \u00e0 v\u00e9lo dans le Chianti avec des guides locaux professionnels et des experts pour la marche, la randonn\u00e9e p\u00e9destre et le VTT. Ils seront heureux de partager leur amour pour leur terre tout en explorant la vie rurale en Toscane, les villages historiques en contact avec la nature.<\/div>\n<\/div>\n\t\t\t\t\t\t<\/div>\n\t\t\t\t<\/div>\n\t\t\t\t\t<\/div>\n\t\t\t\t<\/div>\n\t\t<div class=\"elementor-element elementor-element-c2c6750 e-flex e-con-boxed e-con e-parent\" data-id=\"c2c6750\" data-element_type=\"container\" data-settings=\"{&quot;jet_parallax_layout_list&quot;:[]}\">\n\t\t\t\t\t<div class=\"e-con-inner\">\n\t\t\t\t<div class=\"elementor-element elementor-element-1f8c6c3 dce_masking-none elementor-widget elementor-widget-image\" data-id=\"1f8c6c3\" data-element_type=\"widget\" data-widget_type=\"image.default\">\n\t\t\t\t<div class=\"elementor-widget-container\">\n\t\t\t\t\t\t\t\t\t\t\t\t\t<img fetchpriority=\"high\" decoding=\"async\" width=\"600\" height=\"337\" src=\"https:\/\/www.ancoradelchianti.it\/wp-content\/uploads\/experiences\/biking-in-chianti\/biking_tuscany.jpg\" class=\"attachment-large size-large wp-image-7458\" alt=\"\" srcset=\"https:\/\/www.ancoradelchianti.it\/wp-content\/uploads\/experiences\/biking-in-chianti\/biking_tuscany.jpg 600w, https:\/\/www.ancoradelchianti.it\/wp-content\/uploads\/experiences\/biking-in-chianti\/biking_tuscany-300x169.jpg 300w\" sizes=\"(max-width: 600px) 100vw, 600px\" \/>\t\t\t\t\t\t\t\t\t\t\t\t\t<\/div>\n\t\t\t\t<\/div>\n\t\t\t\t\t<\/div>\n\t\t\t\t<\/div>\n\t\t<div class=\"elementor-element elementor-element-a251c8b e-flex e-con-boxed e-con e-parent\" data-id=\"a251c8b\" data-element_type=\"container\" data-settings=\"{&quot;jet_parallax_layout_list&quot;:[]}\">\n\t\t\t\t\t<div class=\"e-con-inner\">\n\t\t\t\t<div class=\"elementor-element elementor-element-8dec714 elementor-widget elementor-widget-text-editor\" data-id=\"8dec714\" data-element_type=\"widget\" data-widget_type=\"text-editor.default\">\n\t\t\t\t<div class=\"elementor-widget-container\">\n\t\t\t\t\t\t\t<p>Sur les petites routes de Toscane, vous pourrez vous arr\u00eater et d\u00e9guster les merveilleux produits locaux du Chianti. En fait, vous pouvez combiner votre randonn\u00e9e guid\u00e9e \u00e0 pied ou \u00e0 v\u00e9lo avec une visite des vignobles les plus c\u00e9l\u00e8bres du Chianti Classico.<\/p>\n<p><b><strong>V\u00e9lo de montagne, v\u00e9lo de course, v\u00e9lo de gravier :<\/strong><\/b> \u00e0 partir de \u20ac 20,00 par jour<\/p>\n<p><b><strong>V\u00e9lo \u00e9lectrique :<\/strong><\/b> \u00e0 partir de \u20ac 45,00 par jour &#8211; <b><strong>fortement recommand\u00e9<\/strong><\/b><\/p>\n<p>Les tarifs comprennent le casque, la bouteille d&rsquo;eau, la chambre \u00e0 air de rechange, la pompe et le kilom\u00e9trage gratuit.<\/p>\n<p>Visites guid\u00e9es sur demande.<\/p>\n<p><b><strong>VIVRE LA NATURE ET L&rsquo;ESPRIT LIBRE EN VACANCES<\/strong><\/b><\/p>\n\t\t\t\t\t\t<\/div>\n\t\t\t\t<\/div>\n\t\t\t\t\t<\/div>\n\t\t\t\t<\/div>\n\t\t<div class=\"elementor-element elementor-element-7aaff52 e-flex e-con-boxed e-con e-parent\" data-id=\"7aaff52\" data-element_type=\"container\" data-settings=\"{&quot;jet_parallax_layout_list&quot;:[]}\">\n\t\t\t\t\t<div class=\"e-con-inner\">\n\t\t\t\t<div class=\"elementor-element elementor-element-7a7211c elementor-widget elementor-widget-global elementor-global-8862 elementor-global-6616 elementor-widget-text-editor\" data-id=\"7a7211c\" data-element_type=\"widget\" data-widget_type=\"text-editor.default\">\n\t\t\t\t<div class=\"elementor-widget-container\">\n\t\t\t\t\t\t\t<p style=\"text-align: center;\"><a href=\"https:\/\/ancoradelchianti.beddy.io\/#\/(beddy:home)?lang=fr\" target=\"_blank\" rel=\"noopener\"><strong>RESERVEZ MAINTENANT<\/strong><\/a>\u00a0ou envoyez un mail \u00e0\u00a0<a href=\"mailto:info@ancoradelchianti.it\" target=\"_blank\" rel=\"noopener\">info@ancoradelchianti.it<\/a><\/p>\n\t\t\t\t\t\t<\/div>\n\t\t\t\t<\/div>\n\t\t\t\t\t<\/div>\n\t\t\t\t<\/div>\n\t\t\t\t<\/div>\n\t\t","protected":false},"excerpt":{"rendered":"<p>Cyclotourisme et Randonn\u00e9es en Toscane Sur les petites routes de Toscane, vous serez en mesure de vous arr\u00eater pour d\u00e9guster les d\u00e9licieux produits locaux du Chianti. Ici, vous pouvez combiner votre randonn\u00e9e guid\u00e9e ou \u00e0 v\u00e9lo avec une visite des vignobles les plus c\u00e9l\u00e8bres du Chianti Classico. RANDONNEES GUIDEES A PIED ET A VELO \/&#8230;<\/p>\n","protected":false},"author":1,"featured_media":7991,"parent":8958,"menu_order":126,"comment_status":"closed","ping_status":"closed","template":"","meta":{"_acf_changed":false,"footnotes":""},"categories":[],"tags":[],"class_list":["post-8970","page","type-page","status-publish","has-post-thumbnail","hentry"],"acf":[],"yoast_head":"<!-- This site is optimized with the Yoast SEO plugin v24.0 - https:\/\/yoast.com\/wordpress\/plugins\/seo\/ -->\n<title>Ancora del Chianti B&amp;B Excursion \u00e0 v\u00e9lo dans le Chianti<\/title>\n<meta name=\"description\" content=\"Transformez vos vacances en Toscane en vacances sportives et explorez la r\u00e9gion en faisant de la randonn\u00e9e et du v\u00e9lo dans le Chianti, hors des sentiers battus, et combinez cela avec une visite guid\u00e9e des vignobles.\" \/>\n<meta name=\"robots\" content=\"index, follow, max-snippet:-1, max-image-preview:large, max-video-preview:-1\" \/>\n<link rel=\"canonical\" href=\"https:\/\/www.ancoradelchianti.it\/fr\/activites\/cyclotourisme_toscane\/\" \/>\n<meta property=\"og:locale\" content=\"fr_FR\" \/>\n<meta property=\"og:type\" content=\"article\" \/>\n<meta property=\"og:title\" content=\"Ancora del Chianti B&amp;B Excursion \u00e0 v\u00e9lo dans le Chianti\" \/>\n<meta property=\"og:description\" content=\"Transformez vos vacances en Toscane en vacances sportives et explorez la r\u00e9gion en faisant de la randonn\u00e9e et du v\u00e9lo dans le Chianti, hors des sentiers battus, et combinez cela avec une visite guid\u00e9e des vignobles.\" \/>\n<meta property=\"og:url\" content=\"https:\/\/www.ancoradelchianti.it\/fr\/activites\/cyclotourisme_toscane\/\" \/>\n<meta property=\"og:site_name\" content=\"Ancora del Chianti B&amp;B\" \/>\n<meta property=\"article:modified_time\" content=\"2024-04-12T20:11:51+00:00\" \/>\n<meta property=\"og:image\" content=\"https:\/\/www.ancoradelchianti.it\/wp-content\/uploads\/header\/biking.jpg\" \/>\n\t<meta property=\"og:image:width\" content=\"1920\" \/>\n\t<meta property=\"og:image:height\" content=\"1276\" \/>\n\t<meta property=\"og:image:type\" content=\"image\/jpeg\" \/>\n<meta name=\"twitter:card\" content=\"summary_large_image\" \/>\n<meta name=\"twitter:label1\" content=\"Dur\u00e9e de lecture estim\u00e9e\" \/>\n\t<meta name=\"twitter:data1\" content=\"1 minute\" \/>\n<script type=\"application\/ld+json\" class=\"yoast-schema-graph\">{\"@context\":\"https:\/\/schema.org\",\"@graph\":[{\"@type\":\"WebPage\",\"@id\":\"https:\/\/www.ancoradelchianti.it\/fr\/activites\/cyclotourisme_toscane\/\",\"url\":\"https:\/\/www.ancoradelchianti.it\/fr\/activites\/cyclotourisme_toscane\/\",\"name\":\"Ancora del Chianti B&B Excursion \u00e0 v\u00e9lo dans le Chianti\",\"isPartOf\":{\"@id\":\"https:\/\/www.ancoradelchianti.it\/fr\/#website\"},\"primaryImageOfPage\":{\"@id\":\"https:\/\/www.ancoradelchianti.it\/fr\/activites\/cyclotourisme_toscane\/#primaryimage\"},\"image\":{\"@id\":\"https:\/\/www.ancoradelchianti.it\/fr\/activites\/cyclotourisme_toscane\/#primaryimage\"},\"thumbnailUrl\":\"https:\/\/www.ancoradelchianti.it\/wp-content\/uploads\/header\/biking.jpg\",\"datePublished\":\"2024-03-04T14:43:27+00:00\",\"dateModified\":\"2024-04-12T20:11:51+00:00\",\"description\":\"Transformez vos vacances en Toscane en vacances sportives et explorez la r\u00e9gion en faisant de la randonn\u00e9e et du v\u00e9lo dans le Chianti, hors des sentiers battus, et combinez cela avec une visite guid\u00e9e des vignobles.\",\"breadcrumb\":{\"@id\":\"https:\/\/www.ancoradelchianti.it\/fr\/activites\/cyclotourisme_toscane\/#breadcrumb\"},\"inLanguage\":\"fr-FR\",\"potentialAction\":[{\"@type\":\"ReadAction\",\"target\":[\"https:\/\/www.ancoradelchianti.it\/fr\/activites\/cyclotourisme_toscane\/\"]}]},{\"@type\":\"ImageObject\",\"inLanguage\":\"fr-FR\",\"@id\":\"https:\/\/www.ancoradelchianti.it\/fr\/activites\/cyclotourisme_toscane\/#primaryimage\",\"url\":\"https:\/\/www.ancoradelchianti.it\/wp-content\/uploads\/header\/biking.jpg\",\"contentUrl\":\"https:\/\/www.ancoradelchianti.it\/wp-content\/uploads\/header\/biking.jpg\",\"width\":1920,\"height\":1276,\"caption\":\"Biking in Chianti\"},{\"@type\":\"BreadcrumbList\",\"@id\":\"https:\/\/www.ancoradelchianti.it\/fr\/activites\/cyclotourisme_toscane\/#breadcrumb\",\"itemListElement\":[{\"@type\":\"ListItem\",\"position\":1,\"name\":\"Home\",\"item\":\"https:\/\/www.ancoradelchianti.it\/fr\/\"},{\"@type\":\"ListItem\",\"position\":2,\"name\":\"Exp\u00e9riences\",\"item\":\"https:\/\/www.ancoradelchianti.it\/fr\/activites\/\"},{\"@type\":\"ListItem\",\"position\":3,\"name\":\"A Velo en Toscane\"}]},{\"@type\":\"WebSite\",\"@id\":\"https:\/\/www.ancoradelchianti.it\/fr\/#website\",\"url\":\"https:\/\/www.ancoradelchianti.it\/fr\/\",\"name\":\"Ancora del Chianti B&amp;B\",\"description\":\"\",\"publisher\":{\"@id\":\"https:\/\/www.ancoradelchianti.it\/fr\/#organization\"},\"potentialAction\":[{\"@type\":\"SearchAction\",\"target\":{\"@type\":\"EntryPoint\",\"urlTemplate\":\"https:\/\/www.ancoradelchianti.it\/fr\/?s={search_term_string}\"},\"query-input\":{\"@type\":\"PropertyValueSpecification\",\"valueRequired\":true,\"valueName\":\"search_term_string\"}}],\"inLanguage\":\"fr-FR\"},{\"@type\":\"Organization\",\"@id\":\"https:\/\/www.ancoradelchianti.it\/fr\/#organization\",\"name\":\"Ancora del Chianti B&amp;B\",\"url\":\"https:\/\/www.ancoradelchianti.it\/fr\/\",\"logo\":{\"@type\":\"ImageObject\",\"inLanguage\":\"fr-FR\",\"@id\":\"https:\/\/www.ancoradelchianti.it\/fr\/#\/schema\/logo\/image\/\",\"url\":\"https:\/\/www.ancoradelchianti.it\/wp-content\/uploads\/logo\/logo.png\",\"contentUrl\":\"https:\/\/www.ancoradelchianti.it\/wp-content\/uploads\/logo\/logo.png\",\"width\":129,\"height\":133,\"caption\":\"Ancora del Chianti B&amp;B\"},\"image\":{\"@id\":\"https:\/\/www.ancoradelchianti.it\/fr\/#\/schema\/logo\/image\/\"}}]}<\/script>\n<!-- \/ Yoast SEO plugin. -->","yoast_head_json":{"title":"Ancora del Chianti B&B Excursion \u00e0 v\u00e9lo dans le Chianti","description":"Transformez vos vacances en Toscane en vacances sportives et explorez la r\u00e9gion en faisant de la randonn\u00e9e et du v\u00e9lo dans le Chianti, hors des sentiers battus, et combinez cela avec une visite guid\u00e9e des vignobles.","robots":{"index":"index","follow":"follow","max-snippet":"max-snippet:-1","max-image-preview":"max-image-preview:large","max-video-preview":"max-video-preview:-1"},"canonical":"https:\/\/www.ancoradelchianti.it\/fr\/activites\/cyclotourisme_toscane\/","og_locale":"fr_FR","og_type":"article","og_title":"Ancora del Chianti B&B Excursion \u00e0 v\u00e9lo dans le Chianti","og_description":"Transformez vos vacances en Toscane en vacances sportives et explorez la r\u00e9gion en faisant de la randonn\u00e9e et du v\u00e9lo dans le Chianti, hors des sentiers battus, et combinez cela avec une visite guid\u00e9e des vignobles.","og_url":"https:\/\/www.ancoradelchianti.it\/fr\/activites\/cyclotourisme_toscane\/","og_site_name":"Ancora del Chianti B&amp;B","article_modified_time":"2024-04-12T20:11:51+00:00","og_image":[{"width":1920,"height":1276,"url":"https:\/\/www.ancoradelchianti.it\/wp-content\/uploads\/header\/biking.jpg","type":"image\/jpeg"}],"twitter_card":"summary_large_image","twitter_misc":{"Dur\u00e9e de lecture estim\u00e9e":"1 minute"},"schema":{"@context":"https:\/\/schema.org","@graph":[{"@type":"WebPage","@id":"https:\/\/www.ancoradelchianti.it\/fr\/activites\/cyclotourisme_toscane\/","url":"https:\/\/www.ancoradelchianti.it\/fr\/activites\/cyclotourisme_toscane\/","name":"Ancora del Chianti B&B Excursion \u00e0 v\u00e9lo dans le Chianti","isPartOf":{"@id":"https:\/\/www.ancoradelchianti.it\/fr\/#website"},"primaryImageOfPage":{"@id":"https:\/\/www.ancoradelchianti.it\/fr\/activites\/cyclotourisme_toscane\/#primaryimage"},"image":{"@id":"https:\/\/www.ancoradelchianti.it\/fr\/activites\/cyclotourisme_toscane\/#primaryimage"},"thumbnailUrl":"https:\/\/www.ancoradelchianti.it\/wp-content\/uploads\/header\/biking.jpg","datePublished":"2024-03-04T14:43:27+00:00","dateModified":"2024-04-12T20:11:51+00:00","description":"Transformez vos vacances en Toscane en vacances sportives et explorez la r\u00e9gion en faisant de la randonn\u00e9e et du v\u00e9lo dans le Chianti, hors des sentiers battus, et combinez cela avec une visite guid\u00e9e des vignobles.","breadcrumb":{"@id":"https:\/\/www.ancoradelchianti.it\/fr\/activites\/cyclotourisme_toscane\/#breadcrumb"},"inLanguage":"fr-FR","potentialAction":[{"@type":"ReadAction","target":["https:\/\/www.ancoradelchianti.it\/fr\/activites\/cyclotourisme_toscane\/"]}]},{"@type":"ImageObject","inLanguage":"fr-FR","@id":"https:\/\/www.ancoradelchianti.it\/fr\/activites\/cyclotourisme_toscane\/#primaryimage","url":"https:\/\/www.ancoradelchianti.it\/wp-content\/uploads\/header\/biking.jpg","contentUrl":"https:\/\/www.ancoradelchianti.it\/wp-content\/uploads\/header\/biking.jpg","width":1920,"height":1276,"caption":"Biking in Chianti"},{"@type":"BreadcrumbList","@id":"https:\/\/www.ancoradelchianti.it\/fr\/activites\/cyclotourisme_toscane\/#breadcrumb","itemListElement":[{"@type":"ListItem","position":1,"name":"Home","item":"https:\/\/www.ancoradelchianti.it\/fr\/"},{"@type":"ListItem","position":2,"name":"Exp\u00e9riences","item":"https:\/\/www.ancoradelchianti.it\/fr\/activites\/"},{"@type":"ListItem","position":3,"name":"A Velo en Toscane"}]},{"@type":"WebSite","@id":"https:\/\/www.ancoradelchianti.it\/fr\/#website","url":"https:\/\/www.ancoradelchianti.it\/fr\/","name":"Ancora del Chianti B&amp;B","description":"","publisher":{"@id":"https:\/\/www.ancoradelchianti.it\/fr\/#organization"},"potentialAction":[{"@type":"SearchAction","target":{"@type":"EntryPoint","urlTemplate":"https:\/\/www.ancoradelchianti.it\/fr\/?s={search_term_string}"},"query-input":{"@type":"PropertyValueSpecification","valueRequired":true,"valueName":"search_term_string"}}],"inLanguage":"fr-FR"},{"@type":"Organization","@id":"https:\/\/www.ancoradelchianti.it\/fr\/#organization","name":"Ancora del Chianti B&amp;B","url":"https:\/\/www.ancoradelchianti.it\/fr\/","logo":{"@type":"ImageObject","inLanguage":"fr-FR","@id":"https:\/\/www.ancoradelchianti.it\/fr\/#\/schema\/logo\/image\/","url":"https:\/\/www.ancoradelchianti.it\/wp-content\/uploads\/logo\/logo.png","contentUrl":"https:\/\/www.ancoradelchianti.it\/wp-content\/uploads\/logo\/logo.png","width":129,"height":133,"caption":"Ancora del Chianti B&amp;B"},"image":{"@id":"https:\/\/www.ancoradelchianti.it\/fr\/#\/schema\/logo\/image\/"}}]}},"_links":{"self":[{"href":"https:\/\/www.ancoradelchianti.it\/fr\/wp-json\/wp\/v2\/pages\/8970","targetHints":{"allow":["GET"]}}],"collection":[{"href":"https:\/\/www.ancoradelchianti.it\/fr\/wp-json\/wp\/v2\/pages"}],"about":[{"href":"https:\/\/www.ancoradelchianti.it\/fr\/wp-json\/wp\/v2\/types\/page"}],"author":[{"embeddable":true,"href":"https:\/\/www.ancoradelchianti.it\/fr\/wp-json\/wp\/v2\/users\/1"}],"replies":[{"embeddable":true,"href":"https:\/\/www.ancoradelchianti.it\/fr\/wp-json\/wp\/v2\/comments?post=8970"}],"version-history":[{"count":0,"href":"https:\/\/www.ancoradelchianti.it\/fr\/wp-json\/wp\/v2\/pages\/8970\/revisions"}],"up":[{"embeddable":true,"href":"https:\/\/www.ancoradelchianti.it\/fr\/wp-json\/wp\/v2\/pages\/8958"}],"wp:featuredmedia":[{"embeddable":true,"href":"https:\/\/www.ancoradelchianti.it\/fr\/wp-json\/wp\/v2\/media\/7991"}],"wp:attachment":[{"href":"https:\/\/www.ancoradelchianti.it\/fr\/wp-json\/wp\/v2\/media?parent=8970"}],"wp:term":[{"taxonomy":"category","embeddable":true,"href":"https:\/\/www.ancoradelchianti.it\/fr\/wp-json\/wp\/v2\/categories?post=8970"},{"taxonomy":"post_tag","embeddable":true,"href":"https:\/\/www.ancoradelchianti.it\/fr\/wp-json\/wp\/v2\/tags?post=8970"}],"curies":[{"name":"wp","href":"https:\/\/api.w.org\/{rel}","templated":true}]}}