{"id":8972,"date":"2024-03-04T14:47:44","date_gmt":"2024-03-04T14:47:44","guid":{"rendered":"https:\/\/dev.ancoradelchianti.it\/experiences\/cours-ditalien-en-toscane\/"},"modified":"2024-04-12T20:12:08","modified_gmt":"2024-04-12T20:12:08","slug":"cours_italien_toscane","status":"publish","type":"page","link":"https:\/\/www.ancoradelchianti.it\/fr\/activites\/cours_italien_toscane\/","title":{"rendered":"Cours d&rsquo;Italien en Toscane"},"content":{"rendered":"\t\t<div data-elementor-type=\"wp-page\" data-elementor-id=\"8972\" class=\"elementor elementor-8972 elementor-7468\" data-elementor-post-type=\"page\">\n\t\t\t\t<div class=\"elementor-element elementor-element-142f829 e-con-full e-flex e-con e-parent\" data-id=\"142f829\" data-element_type=\"container\" data-settings=\"{&quot;jet_parallax_layout_list&quot;:[]}\">\n\t\t\t\t<div data-dce-advanced-background-image-url=\"https:\/\/www.ancoradelchianti.it\/wp-content\/uploads\/experiences\/biking-in-chianti\/headeractivities-1.jpg\" class=\"elementor-element elementor-element-0b5a23c elementor-invisible elementor-has-bg-overlay elementor-widget elementor-widget-global elementor-global-232 elementor-widget-heading\" data-id=\"0b5a23c\" data-element_type=\"widget\" data-settings=\"{&quot;_animation&quot;:&quot;fadeInDown&quot;}\" data-widget_type=\"heading.default\">\n\t\t\t\t<div class=\"elementor-widget-container\">\n\t\t\t<h1 class=\"elementor-heading-title elementor-size-default\">Cours d&rsquo;Italien en Toscane<\/h1>\t\t<\/div>\n\t\t\t\t<\/div>\n\t\t\t\t<div class=\"elementor-element elementor-element-0607af1 elementor-widget elementor-widget-heading\" data-id=\"0607af1\" data-element_type=\"widget\" data-widget_type=\"heading.default\">\n\t\t\t\t<div class=\"elementor-widget-container\">\n\t\t\t<h2 class=\"elementor-heading-title elementor-size-default\">Cours et Le\u00e7ons de Langue Italienne en Toscane<\/h2>\t\t<\/div>\n\t\t\t\t<\/div>\n\t\t\t\t<\/div>\n\t\t<div class=\"elementor-element elementor-element-e737006 e-flex e-con-boxed e-con e-parent\" data-id=\"e737006\" data-element_type=\"container\" data-settings=\"{&quot;jet_parallax_layout_list&quot;:[]}\">\n\t\t\t\t\t<div class=\"e-con-inner\">\n\t\t\t\t<div class=\"elementor-element elementor-element-10fe1be elementor-widget elementor-widget-text-editor\" data-id=\"10fe1be\" data-element_type=\"widget\" data-widget_type=\"text-editor.default\">\n\t\t\t\t<div class=\"elementor-widget-container\">\n\t\t\t\t\t\t\t<p>Ancora del Chianti est le cadre id\u00e9al pour\u00a0<strong>un s\u00e9jour linguistique<\/strong>\u00a0avec des cours d&rsquo;italien dans une ambiance agr\u00e9able et d\u00e9tendue pendant votre s\u00e9jour dans le Chianti.<\/p>\n<div><strong>COURS D&rsquo;ITALIEN EN TOSCANE<\/strong><\/div>\n<div><\/div>\n<div>Les cours de langue italienne sont dispens\u00e9s par un professeur exp\u00e9riment\u00e9 et professionnel. Vous pouvez commencer \u00e0 apprendre l&rsquo;italien \u00e0 un niveau d\u00e9butant avec une journ\u00e9e consacr\u00e9e \u00e0 l&rsquo;apprentissage de la langue italienne, ou am\u00e9liorer votre italien avec plusieurs le\u00e7ons d&rsquo;italien et avancer dans la conversation, la compr\u00e9hension et la lecture de la langue italienne.<\/div>\n<div><\/div>\n<div>Par ailleurs, nous organisons des \u00e9v\u00e9nements sp\u00e9ciaux de conversation italienne \u00e0 la propri\u00e9t\u00e9 ou dans les alentours pour am\u00e9liorer la langue italienne gr\u00e2ce \u00e0 des rencontres avec les gens du coin. Programmes personnalis\u00e9s et prix sur demande.<\/div>\n\t\t\t\t\t\t<\/div>\n\t\t\t\t<\/div>\n\t\t\t\t\t<\/div>\n\t\t\t\t<\/div>\n\t\t<div class=\"elementor-element elementor-element-2e708ba e-flex e-con-boxed e-con e-parent\" data-id=\"2e708ba\" data-element_type=\"container\" data-settings=\"{&quot;jet_parallax_layout_list&quot;:[]}\">\n\t\t\t\t\t<div class=\"e-con-inner\">\n\t\t\t\t<div class=\"elementor-element elementor-element-91bd1ce elementor-widget elementor-widget-global elementor-global-8862 elementor-global-6616 elementor-widget-text-editor\" data-id=\"91bd1ce\" data-element_type=\"widget\" data-widget_type=\"text-editor.default\">\n\t\t\t\t<div class=\"elementor-widget-container\">\n\t\t\t\t\t\t\t<p style=\"text-align: center;\"><a href=\"https:\/\/ancoradelchianti.beddy.io\/#\/(beddy:home)?lang=fr\" target=\"_blank\" rel=\"noopener\"><strong>RESERVEZ MAINTENANT<\/strong><\/a>\u00a0ou envoyez un mail \u00e0\u00a0<a href=\"mailto:info@ancoradelchianti.it\" target=\"_blank\" rel=\"noopener\">info@ancoradelchianti.it<\/a><\/p>\n\t\t\t\t\t\t<\/div>\n\t\t\t\t<\/div>\n\t\t\t\t\t<\/div>\n\t\t\t\t<\/div>\n\t\t\t\t<\/div>\n\t\t","protected":false},"excerpt":{"rendered":"<p>Cours et Le\u00e7ons de Langue Italienne en Toscane Ancora del Chianti est le cadre id\u00e9al pour\u00a0un s\u00e9jour linguistique\u00a0avec des cours d&rsquo;italien dans une ambiance agr\u00e9able et d\u00e9tendue pendant votre s\u00e9jour dans le Chianti. COURS D&rsquo;ITALIEN EN TOSCANE Les cours de langue italienne sont dispens\u00e9s par un professeur exp\u00e9riment\u00e9 et professionnel. Vous pouvez commencer \u00e0 apprendre&#8230;<\/p>\n","protected":false},"author":1,"featured_media":7454,"parent":8958,"menu_order":128,"comment_status":"closed","ping_status":"closed","template":"","meta":{"_acf_changed":false,"footnotes":""},"categories":[],"tags":[],"class_list":["post-8972","page","type-page","status-publish","has-post-thumbnail","hentry"],"acf":[],"yoast_head":"<!-- This site is optimized with the Yoast SEO plugin v24.0 - https:\/\/yoast.com\/wordpress\/plugins\/seo\/ -->\n<title>Ancora del Chianti Bed &amp; Breakfast pr\u00e8s de Florence avec cours d&#039;italien en Toscane<\/title>\n<meta name=\"description\" content=\"Ancora del Chianti est le cadre id\u00e9al pour un s\u00e9jour linguistique avec des cours d&#039;italien dans une ambiance agr\u00e9able et d\u00e9tendue pendant votre s\u00e9jour dans le Chianti.\" \/>\n<meta name=\"robots\" content=\"index, follow, max-snippet:-1, max-image-preview:large, max-video-preview:-1\" \/>\n<link rel=\"canonical\" href=\"https:\/\/www.ancoradelchianti.it\/fr\/activites\/cours_italien_toscane\/\" \/>\n<meta property=\"og:locale\" content=\"fr_FR\" \/>\n<meta property=\"og:type\" content=\"article\" \/>\n<meta property=\"og:title\" content=\"Ancora del Chianti Bed &amp; Breakfast pr\u00e8s de Florence avec cours d&#039;italien en Toscane\" \/>\n<meta property=\"og:description\" content=\"Ancora del Chianti est le cadre id\u00e9al pour un s\u00e9jour linguistique avec des cours d&#039;italien dans une ambiance agr\u00e9able et d\u00e9tendue pendant votre s\u00e9jour dans le Chianti.\" \/>\n<meta property=\"og:url\" content=\"https:\/\/www.ancoradelchianti.it\/fr\/activites\/cours_italien_toscane\/\" \/>\n<meta property=\"og:site_name\" content=\"Ancora del Chianti B&amp;B\" \/>\n<meta property=\"article:modified_time\" content=\"2024-04-12T20:12:08+00:00\" \/>\n<meta property=\"og:image\" content=\"https:\/\/www.ancoradelchianti.it\/wp-content\/uploads\/experiences\/biking-in-chianti\/headeractivities-1.jpg\" \/>\n\t<meta property=\"og:image:width\" content=\"1920\" \/>\n\t<meta property=\"og:image:height\" content=\"672\" \/>\n\t<meta property=\"og:image:type\" content=\"image\/jpeg\" \/>\n<meta name=\"twitter:card\" content=\"summary_large_image\" \/>\n<meta name=\"twitter:label1\" content=\"Dur\u00e9e de lecture estim\u00e9e\" \/>\n\t<meta name=\"twitter:data1\" content=\"1 minute\" \/>\n<script type=\"application\/ld+json\" class=\"yoast-schema-graph\">{\"@context\":\"https:\/\/schema.org\",\"@graph\":[{\"@type\":\"WebPage\",\"@id\":\"https:\/\/www.ancoradelchianti.it\/fr\/activites\/cours_italien_toscane\/\",\"url\":\"https:\/\/www.ancoradelchianti.it\/fr\/activites\/cours_italien_toscane\/\",\"name\":\"Ancora del Chianti Bed & Breakfast pr\u00e8s de Florence avec cours d'italien en Toscane\",\"isPartOf\":{\"@id\":\"https:\/\/www.ancoradelchianti.it\/fr\/#website\"},\"primaryImageOfPage\":{\"@id\":\"https:\/\/www.ancoradelchianti.it\/fr\/activites\/cours_italien_toscane\/#primaryimage\"},\"image\":{\"@id\":\"https:\/\/www.ancoradelchianti.it\/fr\/activites\/cours_italien_toscane\/#primaryimage\"},\"thumbnailUrl\":\"https:\/\/www.ancoradelchianti.it\/wp-content\/uploads\/experiences\/biking-in-chianti\/headeractivities-1.jpg\",\"datePublished\":\"2024-03-04T14:47:44+00:00\",\"dateModified\":\"2024-04-12T20:12:08+00:00\",\"description\":\"Ancora del Chianti est le cadre id\u00e9al pour un s\u00e9jour linguistique avec des cours d'italien dans une ambiance agr\u00e9able et d\u00e9tendue pendant votre s\u00e9jour dans le Chianti.\",\"breadcrumb\":{\"@id\":\"https:\/\/www.ancoradelchianti.it\/fr\/activites\/cours_italien_toscane\/#breadcrumb\"},\"inLanguage\":\"fr-FR\",\"potentialAction\":[{\"@type\":\"ReadAction\",\"target\":[\"https:\/\/www.ancoradelchianti.it\/fr\/activites\/cours_italien_toscane\/\"]}]},{\"@type\":\"ImageObject\",\"inLanguage\":\"fr-FR\",\"@id\":\"https:\/\/www.ancoradelchianti.it\/fr\/activites\/cours_italien_toscane\/#primaryimage\",\"url\":\"https:\/\/www.ancoradelchianti.it\/wp-content\/uploads\/experiences\/biking-in-chianti\/headeractivities-1.jpg\",\"contentUrl\":\"https:\/\/www.ancoradelchianti.it\/wp-content\/uploads\/experiences\/biking-in-chianti\/headeractivities-1.jpg\",\"width\":1920,\"height\":672},{\"@type\":\"BreadcrumbList\",\"@id\":\"https:\/\/www.ancoradelchianti.it\/fr\/activites\/cours_italien_toscane\/#breadcrumb\",\"itemListElement\":[{\"@type\":\"ListItem\",\"position\":1,\"name\":\"Home\",\"item\":\"https:\/\/www.ancoradelchianti.it\/fr\/\"},{\"@type\":\"ListItem\",\"position\":2,\"name\":\"Exp\u00e9riences\",\"item\":\"https:\/\/www.ancoradelchianti.it\/fr\/activites\/\"},{\"@type\":\"ListItem\",\"position\":3,\"name\":\"Cours d&#8217;Italien en Toscane\"}]},{\"@type\":\"WebSite\",\"@id\":\"https:\/\/www.ancoradelchianti.it\/fr\/#website\",\"url\":\"https:\/\/www.ancoradelchianti.it\/fr\/\",\"name\":\"Ancora del Chianti B&amp;B\",\"description\":\"\",\"publisher\":{\"@id\":\"https:\/\/www.ancoradelchianti.it\/fr\/#organization\"},\"potentialAction\":[{\"@type\":\"SearchAction\",\"target\":{\"@type\":\"EntryPoint\",\"urlTemplate\":\"https:\/\/www.ancoradelchianti.it\/fr\/?s={search_term_string}\"},\"query-input\":{\"@type\":\"PropertyValueSpecification\",\"valueRequired\":true,\"valueName\":\"search_term_string\"}}],\"inLanguage\":\"fr-FR\"},{\"@type\":\"Organization\",\"@id\":\"https:\/\/www.ancoradelchianti.it\/fr\/#organization\",\"name\":\"Ancora del Chianti B&amp;B\",\"url\":\"https:\/\/www.ancoradelchianti.it\/fr\/\",\"logo\":{\"@type\":\"ImageObject\",\"inLanguage\":\"fr-FR\",\"@id\":\"https:\/\/www.ancoradelchianti.it\/fr\/#\/schema\/logo\/image\/\",\"url\":\"https:\/\/www.ancoradelchianti.it\/wp-content\/uploads\/logo\/logo.png\",\"contentUrl\":\"https:\/\/www.ancoradelchianti.it\/wp-content\/uploads\/logo\/logo.png\",\"width\":129,\"height\":133,\"caption\":\"Ancora del Chianti B&amp;B\"},\"image\":{\"@id\":\"https:\/\/www.ancoradelchianti.it\/fr\/#\/schema\/logo\/image\/\"}}]}<\/script>\n<!-- \/ Yoast SEO plugin. -->","yoast_head_json":{"title":"Ancora del Chianti Bed & Breakfast pr\u00e8s de Florence avec cours d'italien en Toscane","description":"Ancora del Chianti est le cadre id\u00e9al pour un s\u00e9jour linguistique avec des cours d'italien dans une ambiance agr\u00e9able et d\u00e9tendue pendant votre s\u00e9jour dans le Chianti.","robots":{"index":"index","follow":"follow","max-snippet":"max-snippet:-1","max-image-preview":"max-image-preview:large","max-video-preview":"max-video-preview:-1"},"canonical":"https:\/\/www.ancoradelchianti.it\/fr\/activites\/cours_italien_toscane\/","og_locale":"fr_FR","og_type":"article","og_title":"Ancora del Chianti Bed & Breakfast pr\u00e8s de Florence avec cours d'italien en Toscane","og_description":"Ancora del Chianti est le cadre id\u00e9al pour un s\u00e9jour linguistique avec des cours d'italien dans une ambiance agr\u00e9able et d\u00e9tendue pendant votre s\u00e9jour dans le Chianti.","og_url":"https:\/\/www.ancoradelchianti.it\/fr\/activites\/cours_italien_toscane\/","og_site_name":"Ancora del Chianti B&amp;B","article_modified_time":"2024-04-12T20:12:08+00:00","og_image":[{"width":1920,"height":672,"url":"https:\/\/www.ancoradelchianti.it\/wp-content\/uploads\/experiences\/biking-in-chianti\/headeractivities-1.jpg","type":"image\/jpeg"}],"twitter_card":"summary_large_image","twitter_misc":{"Dur\u00e9e de lecture estim\u00e9e":"1 minute"},"schema":{"@context":"https:\/\/schema.org","@graph":[{"@type":"WebPage","@id":"https:\/\/www.ancoradelchianti.it\/fr\/activites\/cours_italien_toscane\/","url":"https:\/\/www.ancoradelchianti.it\/fr\/activites\/cours_italien_toscane\/","name":"Ancora del Chianti Bed & Breakfast pr\u00e8s de Florence avec cours d'italien en Toscane","isPartOf":{"@id":"https:\/\/www.ancoradelchianti.it\/fr\/#website"},"primaryImageOfPage":{"@id":"https:\/\/www.ancoradelchianti.it\/fr\/activites\/cours_italien_toscane\/#primaryimage"},"image":{"@id":"https:\/\/www.ancoradelchianti.it\/fr\/activites\/cours_italien_toscane\/#primaryimage"},"thumbnailUrl":"https:\/\/www.ancoradelchianti.it\/wp-content\/uploads\/experiences\/biking-in-chianti\/headeractivities-1.jpg","datePublished":"2024-03-04T14:47:44+00:00","dateModified":"2024-04-12T20:12:08+00:00","description":"Ancora del Chianti est le cadre id\u00e9al pour un s\u00e9jour linguistique avec des cours d'italien dans une ambiance agr\u00e9able et d\u00e9tendue pendant votre s\u00e9jour dans le Chianti.","breadcrumb":{"@id":"https:\/\/www.ancoradelchianti.it\/fr\/activites\/cours_italien_toscane\/#breadcrumb"},"inLanguage":"fr-FR","potentialAction":[{"@type":"ReadAction","target":["https:\/\/www.ancoradelchianti.it\/fr\/activites\/cours_italien_toscane\/"]}]},{"@type":"ImageObject","inLanguage":"fr-FR","@id":"https:\/\/www.ancoradelchianti.it\/fr\/activites\/cours_italien_toscane\/#primaryimage","url":"https:\/\/www.ancoradelchianti.it\/wp-content\/uploads\/experiences\/biking-in-chianti\/headeractivities-1.jpg","contentUrl":"https:\/\/www.ancoradelchianti.it\/wp-content\/uploads\/experiences\/biking-in-chianti\/headeractivities-1.jpg","width":1920,"height":672},{"@type":"BreadcrumbList","@id":"https:\/\/www.ancoradelchianti.it\/fr\/activites\/cours_italien_toscane\/#breadcrumb","itemListElement":[{"@type":"ListItem","position":1,"name":"Home","item":"https:\/\/www.ancoradelchianti.it\/fr\/"},{"@type":"ListItem","position":2,"name":"Exp\u00e9riences","item":"https:\/\/www.ancoradelchianti.it\/fr\/activites\/"},{"@type":"ListItem","position":3,"name":"Cours d&#8217;Italien en Toscane"}]},{"@type":"WebSite","@id":"https:\/\/www.ancoradelchianti.it\/fr\/#website","url":"https:\/\/www.ancoradelchianti.it\/fr\/","name":"Ancora del Chianti B&amp;B","description":"","publisher":{"@id":"https:\/\/www.ancoradelchianti.it\/fr\/#organization"},"potentialAction":[{"@type":"SearchAction","target":{"@type":"EntryPoint","urlTemplate":"https:\/\/www.ancoradelchianti.it\/fr\/?s={search_term_string}"},"query-input":{"@type":"PropertyValueSpecification","valueRequired":true,"valueName":"search_term_string"}}],"inLanguage":"fr-FR"},{"@type":"Organization","@id":"https:\/\/www.ancoradelchianti.it\/fr\/#organization","name":"Ancora del Chianti B&amp;B","url":"https:\/\/www.ancoradelchianti.it\/fr\/","logo":{"@type":"ImageObject","inLanguage":"fr-FR","@id":"https:\/\/www.ancoradelchianti.it\/fr\/#\/schema\/logo\/image\/","url":"https:\/\/www.ancoradelchianti.it\/wp-content\/uploads\/logo\/logo.png","contentUrl":"https:\/\/www.ancoradelchianti.it\/wp-content\/uploads\/logo\/logo.png","width":129,"height":133,"caption":"Ancora del Chianti B&amp;B"},"image":{"@id":"https:\/\/www.ancoradelchianti.it\/fr\/#\/schema\/logo\/image\/"}}]}},"_links":{"self":[{"href":"https:\/\/www.ancoradelchianti.it\/fr\/wp-json\/wp\/v2\/pages\/8972","targetHints":{"allow":["GET"]}}],"collection":[{"href":"https:\/\/www.ancoradelchianti.it\/fr\/wp-json\/wp\/v2\/pages"}],"about":[{"href":"https:\/\/www.ancoradelchianti.it\/fr\/wp-json\/wp\/v2\/types\/page"}],"author":[{"embeddable":true,"href":"https:\/\/www.ancoradelchianti.it\/fr\/wp-json\/wp\/v2\/users\/1"}],"replies":[{"embeddable":true,"href":"https:\/\/www.ancoradelchianti.it\/fr\/wp-json\/wp\/v2\/comments?post=8972"}],"version-history":[{"count":0,"href":"https:\/\/www.ancoradelchianti.it\/fr\/wp-json\/wp\/v2\/pages\/8972\/revisions"}],"up":[{"embeddable":true,"href":"https:\/\/www.ancoradelchianti.it\/fr\/wp-json\/wp\/v2\/pages\/8958"}],"wp:featuredmedia":[{"embeddable":true,"href":"https:\/\/www.ancoradelchianti.it\/fr\/wp-json\/wp\/v2\/media\/7454"}],"wp:attachment":[{"href":"https:\/\/www.ancoradelchianti.it\/fr\/wp-json\/wp\/v2\/media?parent=8972"}],"wp:term":[{"taxonomy":"category","embeddable":true,"href":"https:\/\/www.ancoradelchianti.it\/fr\/wp-json\/wp\/v2\/categories?post=8972"},{"taxonomy":"post_tag","embeddable":true,"href":"https:\/\/www.ancoradelchianti.it\/fr\/wp-json\/wp\/v2\/tags?post=8972"}],"curies":[{"name":"wp","href":"https:\/\/api.w.org\/{rel}","templated":true}]}}