{"id":8994,"date":"2024-03-04T13:48:51","date_gmt":"2024-03-04T13:48:51","guid":{"rendered":"https:\/\/dev.ancoradelchianti.it\/ateliers-et-retraites-2024-2025\/retraite-yoga-mindfulness-2024-25\/"},"modified":"2025-11-21T14:48:26","modified_gmt":"2025-11-21T14:48:26","slug":"retraite-yoga-mindfulness-2024-25","status":"publish","type":"page","link":"https:\/\/www.ancoradelchianti.it\/fr\/ateliers-et-retraites-2024-2025\/retraite-yoga-mindfulness-2024-25\/","title":{"rendered":"Retraite Yoga &#8211; Mindfulness 2026"},"content":{"rendered":"\t\t<div data-elementor-type=\"wp-page\" data-elementor-id=\"8994\" class=\"elementor elementor-8994 elementor-7299\" data-elementor-post-type=\"page\">\n\t\t\t\t<div class=\"elementor-element elementor-element-50eef8e e-con-full e-flex e-con e-parent\" data-id=\"50eef8e\" data-element_type=\"container\" data-settings=\"{&quot;jet_parallax_layout_list&quot;:[]}\">\n\t\t\t\t<div data-dce-advanced-background-image-url=\"https:\/\/www.ancoradelchianti.it\/wp-content\/uploads\/rooms-and-services\/ancora-garden\/garden.jpg\" class=\"elementor-element elementor-element-28a1c4b elementor-invisible elementor-has-bg-overlay elementor-widget elementor-widget-global elementor-global-232 elementor-widget-heading\" data-id=\"28a1c4b\" data-element_type=\"widget\" data-settings=\"{&quot;_animation&quot;:&quot;fadeInDown&quot;}\" data-widget_type=\"heading.default\">\n\t\t\t\t<div class=\"elementor-widget-container\">\n\t\t\t<h1 class=\"elementor-heading-title elementor-size-default\">Retraite Yoga &#8211; Mindfulness 2026<\/h1>\t\t<\/div>\n\t\t\t\t<\/div>\n\t\t\t\t<div class=\"elementor-element elementor-element-a5af2ed elementor-widget elementor-widget-heading\" data-id=\"a5af2ed\" data-element_type=\"widget\" data-widget_type=\"heading.default\">\n\t\t\t\t<div class=\"elementor-widget-container\">\n\t\t\t<h2 class=\"elementor-heading-title elementor-size-default\">Retraite de Yoga - Mindfulness en Toscane 2026<\/h2>\t\t<\/div>\n\t\t\t\t<\/div>\n\t\t\t\t<\/div>\n\t\t<div class=\"elementor-element elementor-element-2453a39 e-flex e-con-boxed e-con e-parent\" data-id=\"2453a39\" data-element_type=\"container\" data-settings=\"{&quot;jet_parallax_layout_list&quot;:[]}\">\n\t\t\t\t\t<div class=\"e-con-inner\">\n\t\t\t\t<div class=\"elementor-element elementor-element-41556c5 elementor-widget elementor-widget-text-editor\" data-id=\"41556c5\" data-element_type=\"widget\" data-widget_type=\"text-editor.default\">\n\t\t\t\t<div class=\"elementor-widget-container\">\n\t\t\t\t\t\t\t<h3>Retraites et ateliers de yoga, de pleine conscience et de m\u00e9ditation en Toscane, entour\u00e9s d&rsquo;une nature luxuriante, de silence et de paysages magnifiques.<\/h3>\n<h3>CALENDRIER 2026 &#8211; ATELIERS ET STAGES DE YOGA, MINDFULNESS ET DE PLEINE CONSCIENCE DANS LE CHIANTI<\/h3>\n<ul>\n<li><strong> Du 14 au 21 septembre 2026 : 8 jours \u2013 7 nuits \u2013 YOGA ET DOLCE VITA \u2013 Inscriptions ouvertes\u00a0<\/strong>Rejoignez-nous pour une retraite inoubliable au c\u0153ur de la paisible campagne toscane. \u00c9chappez au tumulte du quotidien et plongez au rythme doux de la nature. Chaque matin, r\u00e9veillez-vous au chant des oiseaux et contemplez la beaut\u00e9 sereine des paysages environnants. Prenez le temps de m\u00e9diter, de fl\u00e2ner dans les all\u00e9es paisibles du jardin ou d\u2019\u00e9crire \u00e0 l\u2019ombre d\u2019arbres centenaires. Savourez une cuisine v\u00e9g\u00e9tarienne saine, pr\u00e9par\u00e9e avec amour \u00e0 partir de produits locaux. Faites une pause et vivez simplement. Renouez avec votre corps et apaisez votre esprit gr\u00e2ce \u00e0 des s\u00e9ances de yoga quotidiennes dans le Shala lumineux. Nourrissez votre \u00e2me avec des ateliers con\u00e7us pour vous ressourcer, vous r\u00e9g\u00e9n\u00e9rer et vous inspirer. <a href=\"mailto:info@ancoradelchianti.it\"><b><strong>DEMANDEZ D\u00c8S MAINTENANT !<\/strong><\/b><\/a><\/li>\n<\/ul>\n<p>&nbsp;<\/p>\n<ul>\n<li><strong>Du 8 au 13 octobre 2026 : 7 jours &#8211; YOGA ET D\u00c9COUVERTE DE LA TOSCANE &#8211; Inscriptions ouvertes\u00a0<\/strong>Entrez dans un havre de paix d\u00e9di\u00e9 au mouvement conscient dans les collines toscanes. Pratiquez le yoga quotidiennement, savourez des repas pr\u00e9par\u00e9s avec des ingr\u00e9dients locaux et de saison, et d\u00e9tendez-vous au milieu des oliviers et de la campagne dor\u00e9e. C&rsquo;est un lieu pour respirer profond\u00e9ment, se ressourcer et se reconnecter \u00e0 soi-m\u00eame, immerg\u00e9 dans la simplicit\u00e9 et entour\u00e9 par la beaut\u00e9 de la nature. <a href=\"mailto:info@ancoradelchianti.it\"><b><strong>DEMANDEZ D\u00c8S MAINTENANT !<\/strong><\/b><\/a><\/li>\n<\/ul>\n\t\t\t\t\t\t<\/div>\n\t\t\t\t<\/div>\n\t\t\t\t\t<\/div>\n\t\t\t\t<\/div>\n\t\t\t\t<\/div>\n\t\t","protected":false},"excerpt":{"rendered":"<p>Retraite de Yoga &#8211; Mindfulness en Toscane 2026 Retraites et ateliers de yoga, de pleine conscience et de m\u00e9ditation en Toscane, entour\u00e9s d&rsquo;une nature luxuriante, de silence et de paysages magnifiques. CALENDRIER 2026 &#8211; ATELIERS ET STAGES DE YOGA, MINDFULNESS ET DE PLEINE CONSCIENCE DANS LE CHIANTI Du 14 au 21 septembre 2026 : 8&#8230;<\/p>\n","protected":false},"author":1,"featured_media":7138,"parent":8985,"menu_order":143,"comment_status":"closed","ping_status":"closed","template":"","meta":{"_acf_changed":false,"footnotes":""},"categories":[],"tags":[],"class_list":["post-8994","page","type-page","status-publish","has-post-thumbnail","hentry"],"acf":[],"yoast_head":"<!-- This site is optimized with the Yoast SEO plugin v24.0 - https:\/\/yoast.com\/wordpress\/plugins\/seo\/ -->\n<title>Retraites et ateliers de yoga, de pleine conscience et de m\u00e9ditation en Toscane 2026<\/title>\n<meta name=\"description\" content=\"Retraites et ateliers de yoga, de pleine conscience, de bien-\u00eatre et de m\u00e9ditation en Toscane 2026\" \/>\n<meta name=\"robots\" content=\"index, follow, max-snippet:-1, max-image-preview:large, max-video-preview:-1\" \/>\n<link rel=\"canonical\" href=\"https:\/\/www.ancoradelchianti.it\/fr\/ateliers-et-retraites-2024-2025\/retraite-yoga-mindfulness-2024-25\/\" \/>\n<meta property=\"og:locale\" content=\"fr_FR\" \/>\n<meta property=\"og:type\" content=\"article\" \/>\n<meta property=\"og:title\" content=\"Retraites et ateliers de yoga, de pleine conscience et de m\u00e9ditation en Toscane 2026\" \/>\n<meta property=\"og:description\" content=\"Retraites et ateliers de yoga, de pleine conscience, de bien-\u00eatre et de m\u00e9ditation en Toscane 2026\" \/>\n<meta property=\"og:url\" content=\"https:\/\/www.ancoradelchianti.it\/fr\/ateliers-et-retraites-2024-2025\/retraite-yoga-mindfulness-2024-25\/\" \/>\n<meta property=\"og:site_name\" content=\"Ancora del Chianti B&amp;B\" \/>\n<meta property=\"article:modified_time\" content=\"2025-11-21T14:48:26+00:00\" \/>\n<meta property=\"og:image\" content=\"https:\/\/www.ancoradelchianti.it\/wp-content\/uploads\/rooms-and-services\/ancora-garden\/garden.jpg\" \/>\n\t<meta property=\"og:image:width\" content=\"1920\" \/>\n\t<meta property=\"og:image:height\" content=\"672\" \/>\n\t<meta property=\"og:image:type\" content=\"image\/jpeg\" \/>\n<meta name=\"twitter:card\" content=\"summary_large_image\" \/>\n<meta name=\"twitter:label1\" content=\"Dur\u00e9e de lecture estim\u00e9e\" \/>\n\t<meta name=\"twitter:data1\" content=\"1 minute\" \/>\n<script type=\"application\/ld+json\" class=\"yoast-schema-graph\">{\"@context\":\"https:\/\/schema.org\",\"@graph\":[{\"@type\":\"WebPage\",\"@id\":\"https:\/\/www.ancoradelchianti.it\/fr\/ateliers-et-retraites-2024-2025\/retraite-yoga-mindfulness-2024-25\/\",\"url\":\"https:\/\/www.ancoradelchianti.it\/fr\/ateliers-et-retraites-2024-2025\/retraite-yoga-mindfulness-2024-25\/\",\"name\":\"Retraites et ateliers de yoga, de pleine conscience et de m\u00e9ditation en Toscane 2026\",\"isPartOf\":{\"@id\":\"https:\/\/www.ancoradelchianti.it\/fr\/#website\"},\"primaryImageOfPage\":{\"@id\":\"https:\/\/www.ancoradelchianti.it\/fr\/ateliers-et-retraites-2024-2025\/retraite-yoga-mindfulness-2024-25\/#primaryimage\"},\"image\":{\"@id\":\"https:\/\/www.ancoradelchianti.it\/fr\/ateliers-et-retraites-2024-2025\/retraite-yoga-mindfulness-2024-25\/#primaryimage\"},\"thumbnailUrl\":\"https:\/\/www.ancoradelchianti.it\/wp-content\/uploads\/rooms-and-services\/ancora-garden\/garden.jpg\",\"datePublished\":\"2024-03-04T13:48:51+00:00\",\"dateModified\":\"2025-11-21T14:48:26+00:00\",\"description\":\"Retraites et ateliers de yoga, de pleine conscience, de bien-\u00eatre et de m\u00e9ditation en Toscane 2026\",\"breadcrumb\":{\"@id\":\"https:\/\/www.ancoradelchianti.it\/fr\/ateliers-et-retraites-2024-2025\/retraite-yoga-mindfulness-2024-25\/#breadcrumb\"},\"inLanguage\":\"fr-FR\",\"potentialAction\":[{\"@type\":\"ReadAction\",\"target\":[\"https:\/\/www.ancoradelchianti.it\/fr\/ateliers-et-retraites-2024-2025\/retraite-yoga-mindfulness-2024-25\/\"]}]},{\"@type\":\"ImageObject\",\"inLanguage\":\"fr-FR\",\"@id\":\"https:\/\/www.ancoradelchianti.it\/fr\/ateliers-et-retraites-2024-2025\/retraite-yoga-mindfulness-2024-25\/#primaryimage\",\"url\":\"https:\/\/www.ancoradelchianti.it\/wp-content\/uploads\/rooms-and-services\/ancora-garden\/garden.jpg\",\"contentUrl\":\"https:\/\/www.ancoradelchianti.it\/wp-content\/uploads\/rooms-and-services\/ancora-garden\/garden.jpg\",\"width\":1920,\"height\":672,\"caption\":\"Ancora's Garden\"},{\"@type\":\"BreadcrumbList\",\"@id\":\"https:\/\/www.ancoradelchianti.it\/fr\/ateliers-et-retraites-2024-2025\/retraite-yoga-mindfulness-2024-25\/#breadcrumb\",\"itemListElement\":[{\"@type\":\"ListItem\",\"position\":1,\"name\":\"Home\",\"item\":\"https:\/\/www.ancoradelchianti.it\/fr\/\"},{\"@type\":\"ListItem\",\"position\":2,\"name\":\"Ateliers et retraites 2026\",\"item\":\"https:\/\/www.ancoradelchianti.it\/fr\/chianti-workshop-and-retreats\/\"},{\"@type\":\"ListItem\",\"position\":3,\"name\":\"Retraite Yoga &#8211; Mindfulness 2026\"}]},{\"@type\":\"WebSite\",\"@id\":\"https:\/\/www.ancoradelchianti.it\/fr\/#website\",\"url\":\"https:\/\/www.ancoradelchianti.it\/fr\/\",\"name\":\"Ancora del Chianti B&amp;B\",\"description\":\"\",\"publisher\":{\"@id\":\"https:\/\/www.ancoradelchianti.it\/fr\/#organization\"},\"potentialAction\":[{\"@type\":\"SearchAction\",\"target\":{\"@type\":\"EntryPoint\",\"urlTemplate\":\"https:\/\/www.ancoradelchianti.it\/fr\/?s={search_term_string}\"},\"query-input\":{\"@type\":\"PropertyValueSpecification\",\"valueRequired\":true,\"valueName\":\"search_term_string\"}}],\"inLanguage\":\"fr-FR\"},{\"@type\":\"Organization\",\"@id\":\"https:\/\/www.ancoradelchianti.it\/fr\/#organization\",\"name\":\"Ancora del Chianti B&amp;B\",\"url\":\"https:\/\/www.ancoradelchianti.it\/fr\/\",\"logo\":{\"@type\":\"ImageObject\",\"inLanguage\":\"fr-FR\",\"@id\":\"https:\/\/www.ancoradelchianti.it\/fr\/#\/schema\/logo\/image\/\",\"url\":\"https:\/\/www.ancoradelchianti.it\/wp-content\/uploads\/logo\/logo.png\",\"contentUrl\":\"https:\/\/www.ancoradelchianti.it\/wp-content\/uploads\/logo\/logo.png\",\"width\":129,\"height\":133,\"caption\":\"Ancora del Chianti B&amp;B\"},\"image\":{\"@id\":\"https:\/\/www.ancoradelchianti.it\/fr\/#\/schema\/logo\/image\/\"}}]}<\/script>\n<!-- \/ Yoast SEO plugin. -->","yoast_head_json":{"title":"Retraites et ateliers de yoga, de pleine conscience et de m\u00e9ditation en Toscane 2026","description":"Retraites et ateliers de yoga, de pleine conscience, de bien-\u00eatre et de m\u00e9ditation en Toscane 2026","robots":{"index":"index","follow":"follow","max-snippet":"max-snippet:-1","max-image-preview":"max-image-preview:large","max-video-preview":"max-video-preview:-1"},"canonical":"https:\/\/www.ancoradelchianti.it\/fr\/ateliers-et-retraites-2024-2025\/retraite-yoga-mindfulness-2024-25\/","og_locale":"fr_FR","og_type":"article","og_title":"Retraites et ateliers de yoga, de pleine conscience et de m\u00e9ditation en Toscane 2026","og_description":"Retraites et ateliers de yoga, de pleine conscience, de bien-\u00eatre et de m\u00e9ditation en Toscane 2026","og_url":"https:\/\/www.ancoradelchianti.it\/fr\/ateliers-et-retraites-2024-2025\/retraite-yoga-mindfulness-2024-25\/","og_site_name":"Ancora del Chianti B&amp;B","article_modified_time":"2025-11-21T14:48:26+00:00","og_image":[{"width":1920,"height":672,"url":"https:\/\/www.ancoradelchianti.it\/wp-content\/uploads\/rooms-and-services\/ancora-garden\/garden.jpg","type":"image\/jpeg"}],"twitter_card":"summary_large_image","twitter_misc":{"Dur\u00e9e de lecture estim\u00e9e":"1 minute"},"schema":{"@context":"https:\/\/schema.org","@graph":[{"@type":"WebPage","@id":"https:\/\/www.ancoradelchianti.it\/fr\/ateliers-et-retraites-2024-2025\/retraite-yoga-mindfulness-2024-25\/","url":"https:\/\/www.ancoradelchianti.it\/fr\/ateliers-et-retraites-2024-2025\/retraite-yoga-mindfulness-2024-25\/","name":"Retraites et ateliers de yoga, de pleine conscience et de m\u00e9ditation en Toscane 2026","isPartOf":{"@id":"https:\/\/www.ancoradelchianti.it\/fr\/#website"},"primaryImageOfPage":{"@id":"https:\/\/www.ancoradelchianti.it\/fr\/ateliers-et-retraites-2024-2025\/retraite-yoga-mindfulness-2024-25\/#primaryimage"},"image":{"@id":"https:\/\/www.ancoradelchianti.it\/fr\/ateliers-et-retraites-2024-2025\/retraite-yoga-mindfulness-2024-25\/#primaryimage"},"thumbnailUrl":"https:\/\/www.ancoradelchianti.it\/wp-content\/uploads\/rooms-and-services\/ancora-garden\/garden.jpg","datePublished":"2024-03-04T13:48:51+00:00","dateModified":"2025-11-21T14:48:26+00:00","description":"Retraites et ateliers de yoga, de pleine conscience, de bien-\u00eatre et de m\u00e9ditation en Toscane 2026","breadcrumb":{"@id":"https:\/\/www.ancoradelchianti.it\/fr\/ateliers-et-retraites-2024-2025\/retraite-yoga-mindfulness-2024-25\/#breadcrumb"},"inLanguage":"fr-FR","potentialAction":[{"@type":"ReadAction","target":["https:\/\/www.ancoradelchianti.it\/fr\/ateliers-et-retraites-2024-2025\/retraite-yoga-mindfulness-2024-25\/"]}]},{"@type":"ImageObject","inLanguage":"fr-FR","@id":"https:\/\/www.ancoradelchianti.it\/fr\/ateliers-et-retraites-2024-2025\/retraite-yoga-mindfulness-2024-25\/#primaryimage","url":"https:\/\/www.ancoradelchianti.it\/wp-content\/uploads\/rooms-and-services\/ancora-garden\/garden.jpg","contentUrl":"https:\/\/www.ancoradelchianti.it\/wp-content\/uploads\/rooms-and-services\/ancora-garden\/garden.jpg","width":1920,"height":672,"caption":"Ancora's Garden"},{"@type":"BreadcrumbList","@id":"https:\/\/www.ancoradelchianti.it\/fr\/ateliers-et-retraites-2024-2025\/retraite-yoga-mindfulness-2024-25\/#breadcrumb","itemListElement":[{"@type":"ListItem","position":1,"name":"Home","item":"https:\/\/www.ancoradelchianti.it\/fr\/"},{"@type":"ListItem","position":2,"name":"Ateliers et retraites 2026","item":"https:\/\/www.ancoradelchianti.it\/fr\/chianti-workshop-and-retreats\/"},{"@type":"ListItem","position":3,"name":"Retraite Yoga &#8211; Mindfulness 2026"}]},{"@type":"WebSite","@id":"https:\/\/www.ancoradelchianti.it\/fr\/#website","url":"https:\/\/www.ancoradelchianti.it\/fr\/","name":"Ancora del Chianti B&amp;B","description":"","publisher":{"@id":"https:\/\/www.ancoradelchianti.it\/fr\/#organization"},"potentialAction":[{"@type":"SearchAction","target":{"@type":"EntryPoint","urlTemplate":"https:\/\/www.ancoradelchianti.it\/fr\/?s={search_term_string}"},"query-input":{"@type":"PropertyValueSpecification","valueRequired":true,"valueName":"search_term_string"}}],"inLanguage":"fr-FR"},{"@type":"Organization","@id":"https:\/\/www.ancoradelchianti.it\/fr\/#organization","name":"Ancora del Chianti B&amp;B","url":"https:\/\/www.ancoradelchianti.it\/fr\/","logo":{"@type":"ImageObject","inLanguage":"fr-FR","@id":"https:\/\/www.ancoradelchianti.it\/fr\/#\/schema\/logo\/image\/","url":"https:\/\/www.ancoradelchianti.it\/wp-content\/uploads\/logo\/logo.png","contentUrl":"https:\/\/www.ancoradelchianti.it\/wp-content\/uploads\/logo\/logo.png","width":129,"height":133,"caption":"Ancora del Chianti B&amp;B"},"image":{"@id":"https:\/\/www.ancoradelchianti.it\/fr\/#\/schema\/logo\/image\/"}}]}},"_links":{"self":[{"href":"https:\/\/www.ancoradelchianti.it\/fr\/wp-json\/wp\/v2\/pages\/8994","targetHints":{"allow":["GET"]}}],"collection":[{"href":"https:\/\/www.ancoradelchianti.it\/fr\/wp-json\/wp\/v2\/pages"}],"about":[{"href":"https:\/\/www.ancoradelchianti.it\/fr\/wp-json\/wp\/v2\/types\/page"}],"author":[{"embeddable":true,"href":"https:\/\/www.ancoradelchianti.it\/fr\/wp-json\/wp\/v2\/users\/1"}],"replies":[{"embeddable":true,"href":"https:\/\/www.ancoradelchianti.it\/fr\/wp-json\/wp\/v2\/comments?post=8994"}],"version-history":[{"count":0,"href":"https:\/\/www.ancoradelchianti.it\/fr\/wp-json\/wp\/v2\/pages\/8994\/revisions"}],"up":[{"embeddable":true,"href":"https:\/\/www.ancoradelchianti.it\/fr\/wp-json\/wp\/v2\/pages\/8985"}],"wp:featuredmedia":[{"embeddable":true,"href":"https:\/\/www.ancoradelchianti.it\/fr\/wp-json\/wp\/v2\/media\/7138"}],"wp:attachment":[{"href":"https:\/\/www.ancoradelchianti.it\/fr\/wp-json\/wp\/v2\/media?parent=8994"}],"wp:term":[{"taxonomy":"category","embeddable":true,"href":"https:\/\/www.ancoradelchianti.it\/fr\/wp-json\/wp\/v2\/categories?post=8994"},{"taxonomy":"post_tag","embeddable":true,"href":"https:\/\/www.ancoradelchianti.it\/fr\/wp-json\/wp\/v2\/tags?post=8994"}],"curies":[{"name":"wp","href":"https:\/\/api.w.org\/{rel}","templated":true}]}}