{"id":8299,"date":"2024-02-29T14:25:26","date_gmt":"2024-02-29T14:25:26","guid":{"rendered":"https:\/\/dev.ancoradelchianti.it\/benvenuti\/"},"modified":"2024-03-31T18:17:17","modified_gmt":"2024-03-31T18:17:17","slug":"benvenuti","status":"publish","type":"page","link":"https:\/\/www.ancoradelchianti.it\/it\/benvenuti\/","title":{"rendered":"Benvenuti"},"content":{"rendered":"\t\t<div data-elementor-type=\"wp-page\" data-elementor-id=\"8299\" class=\"elementor elementor-8299 elementor-6596\" data-elementor-post-type=\"page\">\n\t\t\t\t<div class=\"elementor-element elementor-element-1f082b2 e-con-full e-flex e-con e-parent\" data-id=\"1f082b2\" data-element_type=\"container\" data-settings=\"{&quot;jet_parallax_layout_list&quot;:[]}\">\n\t\t\t\t<div data-dce-advanced-background-image-url=\"https:\/\/www.ancoradelchianti.it\/wp-content\/uploads\/pages\/about\/rosescale.jpg\" class=\"elementor-element elementor-element-6211c81 elementor-invisible elementor-has-bg-overlay elementor-widget elementor-widget-global elementor-global-232 elementor-widget-heading\" data-id=\"6211c81\" data-element_type=\"widget\" data-settings=\"{&quot;_animation&quot;:&quot;fadeInDown&quot;}\" data-widget_type=\"heading.default\">\n\t\t\t\t<div class=\"elementor-widget-container\">\n\t\t\t<h1 class=\"elementor-heading-title elementor-size-default\">Benvenuti<\/h1>\t\t<\/div>\n\t\t\t\t<\/div>\n\t\t\t\t<div class=\"elementor-element elementor-element-c8f3f19 elementor-widget elementor-widget-heading\" data-id=\"c8f3f19\" data-element_type=\"widget\" data-widget_type=\"heading.default\">\n\t\t\t\t<div class=\"elementor-widget-container\">\n\t\t\t<h1 class=\"elementor-heading-title elementor-size-default\">Benvenuti all'Ancora del Chianti: <br>\npiacevoli vacanze in bed and breakfast nel cuore della Toscana<\/h1>\t\t<\/div>\n\t\t\t\t<\/div>\n\t\t\t\t<\/div>\n\t\t<div class=\"elementor-element elementor-element-9ec472a e-flex e-con-boxed e-con e-parent\" data-id=\"9ec472a\" data-element_type=\"container\" data-settings=\"{&quot;jet_parallax_layout_list&quot;:[]}\">\n\t\t\t\t\t<div class=\"e-con-inner\">\n\t\t<div class=\"elementor-element elementor-element-0c708ba e-con-full e-flex e-con e-child\" data-id=\"0c708ba\" data-element_type=\"container\" data-settings=\"{&quot;jet_parallax_layout_list&quot;:[]}\">\n\t\t\t\t<div class=\"elementor-element elementor-element-0be208c elementor-widget elementor-widget-text-editor\" data-id=\"0be208c\" data-element_type=\"widget\" data-widget_type=\"text-editor.default\">\n\t\t\t\t<div class=\"elementor-widget-container\">\n\t\t\t\t\t\t\t<h3>All&#8217;Ancora del Chianti, bed and breakfast di campagna a Greve in Chianti vicino a Firenze, con vista mozzafiato sulle colline, incontrerai professionalit\u00e0 e passione.<\/h3><p>Il Chianti \u00e8 luogo d&#8217;elezione in cui soggiornare in Toscana per gli amanti della campagna, del buon vivere e per gli artisti grazie all&#8217;<strong>arte, gli splendidi paesaggi e i prodotti locali genuini<\/strong>. Nel cuore del Chianti Classico, tra i vigneti, i cipressi e gli oliveti, l&#8217;agriturismo Bed &amp; Breakfast Ancora del Chianti B&amp;B in Toscana con Atelier d&#8217;Arte e Yoga opera come\u00a0<strong>bed and breakfast<\/strong>\u00a0per coppie, famiglie, piccoli gruppi e viaggiatori singoli, come\u00a0<strong>sede di corsi e seminari residenziali<\/strong>\u00a0d&#8217;arte e yoga per insegnanti, coach, istruttori e tour leader e il loro gruppi e come\u00a0<strong>residenza d&#8217;artista<\/strong>\u00a0per artisti singoli o accompagnati da amici e familiari. Offre\u00a0<strong>camere confortevoli<\/strong>,\u00a0<strong>gustose colazioni<\/strong>, uno\u00a0<strong>studio panoramico e luminoso<\/strong>\u00a0in un ambiente piacevole, WIFI gratuito e cucina in comune ad uso gratuito. <br \/>La propriet\u00e0 \u00e8 inoltre circondata da un\u00a0<strong>ampio giardino<\/strong>\u00a0con piante rustiche e generose fioriture per rigeneranti momenti di relax.<\/p>\t\t\t\t\t\t<\/div>\n\t\t\t\t<\/div>\n\t\t\t\t<\/div>\n\t\t<div class=\"elementor-element elementor-element-40efb14 e-con-full e-flex e-con e-child\" data-id=\"40efb14\" data-element_type=\"container\" data-settings=\"{&quot;jet_parallax_layout_list&quot;:[]}\">\n\t\t\t\t<div class=\"elementor-element elementor-element-559a0a6 dce_masking-none elementor-widget elementor-widget-image\" data-id=\"559a0a6\" data-element_type=\"widget\" data-widget_type=\"image.default\">\n\t\t\t\t<div class=\"elementor-widget-container\">\n\t\t\t\t\t\t\t\t\t\t\t\t\t<img fetchpriority=\"high\" decoding=\"async\" width=\"260\" height=\"260\" src=\"https:\/\/www.ancoradelchianti.it\/wp-content\/uploads\/pages\/about\/laura.jpg\" class=\"attachment-full size-full wp-image-6601\" alt=\"\" srcset=\"https:\/\/www.ancoradelchianti.it\/wp-content\/uploads\/pages\/about\/laura.jpg 260w, https:\/\/www.ancoradelchianti.it\/wp-content\/uploads\/pages\/about\/laura-150x150.jpg 150w\" sizes=\"(max-width: 260px) 100vw, 260px\" \/>\t\t\t\t\t\t\t\t\t\t\t\t\t<\/div>\n\t\t\t\t<\/div>\n\t\t\t\t<\/div>\n\t\t\t\t\t<\/div>\n\t\t\t\t<\/div>\n\t\t<div class=\"elementor-element elementor-element-cd8b2ac e-flex e-con-boxed e-con e-parent\" data-id=\"cd8b2ac\" data-element_type=\"container\" data-settings=\"{&quot;jet_parallax_layout_list&quot;:[]}\">\n\t\t\t\t\t<div class=\"e-con-inner\">\n\t\t\t\t<div class=\"elementor-element elementor-element-a244357 elementor-widget elementor-widget-text-editor\" data-id=\"a244357\" data-element_type=\"widget\" data-widget_type=\"text-editor.default\">\n\t\t\t\t<div class=\"elementor-widget-container\">\n\t\t\t\t\t\t\t<h3>Il Bed and Breakfast Ancora del Chianti si trova in collina a 5 km da Greve in Chianti, a soli 20 km da Firenze e a 40 km da Siena, in posizione centrale in Toscana.<\/h3>\n<p>Lasciata la strada principale SS22 a Greti\u00a0<strong>si sale sulla collina<\/strong>\u00a0seguendo i cartelli bianchi per &#8220;Ancora del Chianti Bed and Breakfast&#8221; su una\u00a0strada di campagna sterrata per soli 2 km (5 min). Durante la guida incontrerete i vigneti del Chianti, i cipressi e l&#8217;<strong>inconfondibile profilo delle colline toscane<\/strong>. La\u00a0<strong>posizione centrale<\/strong>\u00a0del B&amp;B rispetto alle citt\u00e0 d&#8217;arte e i principali luogi di interesse della Toscana rende l&#8217;Ancora del Chianti\u00a0<strong>una base ideale<\/strong>\u00a0per coloro che desiderano esplorare la Toscana in tutti i suoi aspetti. Inoltre il servizio di autobus locale fornisce un comodo collegamento diretto tra Greve in Chianti e il centro di Firenze, con il vantaggio di raggiungere facilmente il centro citt\u00e0 e i suoi monumenti senza problemi di traffico o di parcheggio.<\/p>\n\t\t\t\t\t\t<\/div>\n\t\t\t\t<\/div>\n\t\t\t\t\t<\/div>\n\t\t\t\t<\/div>\n\t\t<div class=\"elementor-element elementor-element-75b7991 e-flex e-con-boxed e-con e-parent\" data-id=\"75b7991\" data-element_type=\"container\" data-settings=\"{&quot;jet_parallax_layout_list&quot;:[]}\">\n\t\t\t\t\t<div class=\"e-con-inner\">\n\t\t<div class=\"elementor-element elementor-element-96cd826 e-con-full e-flex e-con e-child\" data-id=\"96cd826\" data-element_type=\"container\" data-settings=\"{&quot;jet_parallax_layout_list&quot;:[]}\">\n\t\t\t\t<div class=\"elementor-element elementor-element-162a5c5 dce_masking-none elementor-widget elementor-widget-image\" data-id=\"162a5c5\" data-element_type=\"widget\" data-widget_type=\"image.default\">\n\t\t\t\t<div class=\"elementor-widget-container\">\n\t\t\t\t\t\t\t\t\t\t\t\t\t<img decoding=\"async\" src=\"https:\/\/www.ancoradelchianti.it\/wp-content\/uploads\/elementor\/thumbs\/bimbomontefioralle-qkizbxqtk6rcouiegjcrx1io3u7zzofdkfclik3iji.jpg\" title=\"bimbomontefioralle\" alt=\"bimbomontefioralle\" loading=\"lazy\" \/>\t\t\t\t\t\t\t\t\t\t\t\t\t<\/div>\n\t\t\t\t<\/div>\n\t\t\t\t<\/div>\n\t\t<div class=\"elementor-element elementor-element-0c1628f e-con-full e-flex e-con e-child\" data-id=\"0c1628f\" data-element_type=\"container\" data-settings=\"{&quot;jet_parallax_layout_list&quot;:[]}\">\n\t\t\t\t<div class=\"elementor-element elementor-element-a853efa elementor-widget elementor-widget-text-editor\" data-id=\"a853efa\" data-element_type=\"widget\" data-widget_type=\"text-editor.default\">\n\t\t\t\t<div class=\"elementor-widget-container\">\n\t\t\t\t\t\t\t<h3>Ancora del Chianti \u00e8 un tranquillo B&amp;B di campagna e offre piacevoli\u00a0 vacanze in un ambiente semplice e piacevole in armonia con la natura&#8230;<\/h3><p>&#8230;dove il ritmo frenetico della vita di tutti i giorni pu\u00f2 rallentare, consentendo agli ospiti di riadattarsi al proprio con\u00a0<strong>benefici immediati per corpo e mente<\/strong>.<br \/><br \/>Al mattino gli ospiti possono godere della tranquillit\u00e0 di una passeggiata nella natura ancora silenziosa prima di gustare\u00a0<strong>una colazione varia e abbondante<\/strong>\u00a0in un&#8217;atmosfera serena e rilassata, dove spesso si scambiano esperienze di viaggio e consigli per la giornata.<\/p><p>Si continuer\u00e0 con visite ad alcune delle pi\u00f9 famose citt\u00e0 d&#8217;arte, villaggi medievali, fattorie e castelli dei dintorni, perdendosi lungo le innumerevoli e solitarie strade di campagna con\u00a0<strong>scorci indimenticabili<\/strong>, per poi\u00a0tuffarsi\u00a0nell&#8217;<strong>universo enogastromico<\/strong> che il territorio propone.<\/p>\t\t\t\t\t\t<\/div>\n\t\t\t\t<\/div>\n\t\t\t\t<\/div>\n\t\t\t\t\t<\/div>\n\t\t\t\t<\/div>\n\t\t<div class=\"elementor-element elementor-element-e0336ca e-flex e-con-boxed e-con e-parent\" data-id=\"e0336ca\" data-element_type=\"container\" data-settings=\"{&quot;jet_parallax_layout_list&quot;:[]}\">\n\t\t\t\t\t<div class=\"e-con-inner\">\n\t\t\t\t<div class=\"elementor-element elementor-element-99ad6bf elementor-widget elementor-widget-text-editor\" data-id=\"99ad6bf\" data-element_type=\"widget\" data-widget_type=\"text-editor.default\">\n\t\t\t\t<div class=\"elementor-widget-container\">\n\t\t\t\t\t\t\t<p>Al tramonto,\u00a0<strong>il giardino<\/strong>\u00a0offrir\u00e0 un&#8217;occasione di relax\u00a0prima della cena nei numerosi ristoranti della zona rinomati per la loro cucina e la simpatica accoglienza. Al rientro,\u00a0<strong>le stelle vi accompagneranno fino alla vostra camera<\/strong>\u00a0dove\u00a0<strong>un comodo letto e un sereno riposo<\/strong>\u00a0sapranno coronare la vostra giornata di visite, scoperte, ed emozioni\u00a0<strong>al leggero canto dei grilli<\/strong>.<\/p>\n\t\t\t\t\t\t<\/div>\n\t\t\t\t<\/div>\n\t\t\t\t\t<\/div>\n\t\t\t\t<\/div>\n\t\t<div class=\"elementor-element elementor-element-c669d9d e-flex e-con-boxed e-con e-parent\" data-id=\"c669d9d\" data-element_type=\"container\" data-settings=\"{&quot;jet_parallax_layout_list&quot;:[]}\">\n\t\t\t\t\t<div class=\"e-con-inner\">\n\t\t\t\t<div class=\"elementor-element elementor-element-6616 elementor-widget elementor-widget-global elementor-global-8630 elementor-global-6616 elementor-widget-text-editor\" data-id=\"6616\" data-element_type=\"widget\" data-widget_type=\"text-editor.default\">\n\t\t\t\t<div class=\"elementor-widget-container\">\n\t\t\t\t\t\t\t<p style=\"text-align: center;\"><a href=\"https:\/\/ancoradelchianti.beddy.io\/#\/(beddy:home)?lang=it\" target=\"_blank\" rel=\"noopener\"><strong>PRENOTA ADESSO<\/strong><\/a> o invia una mail ad <a href=\"mailto:info@ancoradelchianti.it\" target=\"_blank\" rel=\"noopener\">info@ancoradelchianti.it<\/a><\/p>\n\t\t\t\t\t\t<\/div>\n\t\t\t\t<\/div>\n\t\t\t\t\t<\/div>\n\t\t\t\t<\/div>\n\t\t\t\t<\/div>\n\t\t","protected":false},"excerpt":{"rendered":"<p>Benvenuti all&#8217;Ancora del Chianti: piacevoli vacanze in bed and breakfast nel cuore della Toscana All&#8217;Ancora del Chianti, bed and breakfast di campagna a Greve in Chianti vicino a Firenze, con vista mozzafiato sulle colline, incontrerai professionalit\u00e0 e passione. Il Chianti \u00e8 luogo d&#8217;elezione in cui soggiornare in Toscana per gli amanti della campagna, del buon&#8230;<\/p>\n","protected":false},"author":1,"featured_media":6629,"parent":0,"menu_order":22,"comment_status":"closed","ping_status":"closed","template":"","meta":{"_acf_changed":false,"footnotes":""},"categories":[],"tags":[134],"class_list":["post-8299","page","type-page","status-publish","has-post-thumbnail","hentry","tag-featured-home-it"],"acf":[],"yoast_head":"<!-- This site is optimized with the Yoast SEO plugin v24.0 - https:\/\/yoast.com\/wordpress\/plugins\/seo\/ -->\n<title>Ancora del Chianti Bed and Breakfast - Retreat B&amp;B Greve in Chianti<\/title>\n<meta name=\"description\" content=\"Ancora del Chianti Bed and Breakfast. Ritiro B&amp;B in Toscana, Nel Chianti Classico, vicino a Firenze e Siena, vacanza rurale in un casale Toscano.\" \/>\n<meta name=\"robots\" content=\"index, follow, max-snippet:-1, max-image-preview:large, max-video-preview:-1\" \/>\n<link rel=\"canonical\" href=\"https:\/\/www.ancoradelchianti.it\/it\/benvenuti\/\" \/>\n<meta property=\"og:locale\" content=\"it_IT\" \/>\n<meta property=\"og:type\" content=\"article\" \/>\n<meta property=\"og:title\" content=\"Ancora del Chianti Bed and Breakfast - Retreat B&amp;B Greve in Chianti\" \/>\n<meta property=\"og:description\" content=\"Ancora del Chianti Bed and Breakfast. Ritiro B&amp;B in Toscana, Nel Chianti Classico, vicino a Firenze e Siena, vacanza rurale in un casale Toscano.\" \/>\n<meta property=\"og:url\" content=\"https:\/\/www.ancoradelchianti.it\/it\/benvenuti\/\" \/>\n<meta property=\"og:site_name\" content=\"Ancora del Chianti B&amp;B\" \/>\n<meta property=\"article:modified_time\" content=\"2024-03-31T18:17:17+00:00\" \/>\n<meta property=\"og:image\" content=\"https:\/\/www.ancoradelchianti.it\/wp-content\/uploads\/pages\/about\/rosescale.jpg\" \/>\n\t<meta property=\"og:image:width\" content=\"1920\" \/>\n\t<meta property=\"og:image:height\" content=\"672\" \/>\n\t<meta property=\"og:image:type\" content=\"image\/jpeg\" \/>\n<meta name=\"twitter:card\" content=\"summary_large_image\" \/>\n<meta name=\"twitter:label1\" content=\"Tempo di lettura stimato\" \/>\n\t<meta name=\"twitter:data1\" content=\"4 minuti\" \/>\n<script type=\"application\/ld+json\" class=\"yoast-schema-graph\">{\"@context\":\"https:\/\/schema.org\",\"@graph\":[{\"@type\":\"WebPage\",\"@id\":\"https:\/\/www.ancoradelchianti.it\/it\/benvenuti\/\",\"url\":\"https:\/\/www.ancoradelchianti.it\/it\/benvenuti\/\",\"name\":\"Ancora del Chianti Bed and Breakfast - Retreat B&B Greve in Chianti\",\"isPartOf\":{\"@id\":\"https:\/\/www.ancoradelchianti.it\/it\/#website\"},\"primaryImageOfPage\":{\"@id\":\"https:\/\/www.ancoradelchianti.it\/it\/benvenuti\/#primaryimage\"},\"image\":{\"@id\":\"https:\/\/www.ancoradelchianti.it\/it\/benvenuti\/#primaryimage\"},\"thumbnailUrl\":\"https:\/\/www.ancoradelchianti.it\/wp-content\/uploads\/pages\/about\/rosescale.jpg\",\"datePublished\":\"2024-02-29T14:25:26+00:00\",\"dateModified\":\"2024-03-31T18:17:17+00:00\",\"description\":\"Ancora del Chianti Bed and Breakfast. Ritiro B&B in Toscana, Nel Chianti Classico, vicino a Firenze e Siena, vacanza rurale in un casale Toscano.\",\"breadcrumb\":{\"@id\":\"https:\/\/www.ancoradelchianti.it\/it\/benvenuti\/#breadcrumb\"},\"inLanguage\":\"it-IT\",\"potentialAction\":[{\"@type\":\"ReadAction\",\"target\":[\"https:\/\/www.ancoradelchianti.it\/it\/benvenuti\/\"]}]},{\"@type\":\"ImageObject\",\"inLanguage\":\"it-IT\",\"@id\":\"https:\/\/www.ancoradelchianti.it\/it\/benvenuti\/#primaryimage\",\"url\":\"https:\/\/www.ancoradelchianti.it\/wp-content\/uploads\/pages\/about\/rosescale.jpg\",\"contentUrl\":\"https:\/\/www.ancoradelchianti.it\/wp-content\/uploads\/pages\/about\/rosescale.jpg\",\"width\":1920,\"height\":672},{\"@type\":\"BreadcrumbList\",\"@id\":\"https:\/\/www.ancoradelchianti.it\/it\/benvenuti\/#breadcrumb\",\"itemListElement\":[{\"@type\":\"ListItem\",\"position\":1,\"name\":\"Home\",\"item\":\"https:\/\/www.ancoradelchianti.it\/it\/\"},{\"@type\":\"ListItem\",\"position\":2,\"name\":\"Benvenuti\"}]},{\"@type\":\"WebSite\",\"@id\":\"https:\/\/www.ancoradelchianti.it\/it\/#website\",\"url\":\"https:\/\/www.ancoradelchianti.it\/it\/\",\"name\":\"Ancora del Chianti B&amp;B\",\"description\":\"\",\"publisher\":{\"@id\":\"https:\/\/www.ancoradelchianti.it\/it\/#organization\"},\"potentialAction\":[{\"@type\":\"SearchAction\",\"target\":{\"@type\":\"EntryPoint\",\"urlTemplate\":\"https:\/\/www.ancoradelchianti.it\/it\/?s={search_term_string}\"},\"query-input\":{\"@type\":\"PropertyValueSpecification\",\"valueRequired\":true,\"valueName\":\"search_term_string\"}}],\"inLanguage\":\"it-IT\"},{\"@type\":\"Organization\",\"@id\":\"https:\/\/www.ancoradelchianti.it\/it\/#organization\",\"name\":\"Ancora del Chianti B&amp;B\",\"url\":\"https:\/\/www.ancoradelchianti.it\/it\/\",\"logo\":{\"@type\":\"ImageObject\",\"inLanguage\":\"it-IT\",\"@id\":\"https:\/\/www.ancoradelchianti.it\/it\/#\/schema\/logo\/image\/\",\"url\":\"https:\/\/www.ancoradelchianti.it\/wp-content\/uploads\/logo\/logo.png\",\"contentUrl\":\"https:\/\/www.ancoradelchianti.it\/wp-content\/uploads\/logo\/logo.png\",\"width\":129,\"height\":133,\"caption\":\"Ancora del Chianti B&amp;B\"},\"image\":{\"@id\":\"https:\/\/www.ancoradelchianti.it\/it\/#\/schema\/logo\/image\/\"}}]}<\/script>\n<!-- \/ Yoast SEO plugin. -->","yoast_head_json":{"title":"Ancora del Chianti Bed and Breakfast - Retreat B&B Greve in Chianti","description":"Ancora del Chianti Bed and Breakfast. Ritiro B&B in Toscana, Nel Chianti Classico, vicino a Firenze e Siena, vacanza rurale in un casale Toscano.","robots":{"index":"index","follow":"follow","max-snippet":"max-snippet:-1","max-image-preview":"max-image-preview:large","max-video-preview":"max-video-preview:-1"},"canonical":"https:\/\/www.ancoradelchianti.it\/it\/benvenuti\/","og_locale":"it_IT","og_type":"article","og_title":"Ancora del Chianti Bed and Breakfast - Retreat B&B Greve in Chianti","og_description":"Ancora del Chianti Bed and Breakfast. Ritiro B&B in Toscana, Nel Chianti Classico, vicino a Firenze e Siena, vacanza rurale in un casale Toscano.","og_url":"https:\/\/www.ancoradelchianti.it\/it\/benvenuti\/","og_site_name":"Ancora del Chianti B&amp;B","article_modified_time":"2024-03-31T18:17:17+00:00","og_image":[{"width":1920,"height":672,"url":"https:\/\/www.ancoradelchianti.it\/wp-content\/uploads\/pages\/about\/rosescale.jpg","type":"image\/jpeg"}],"twitter_card":"summary_large_image","twitter_misc":{"Tempo di lettura stimato":"4 minuti"},"schema":{"@context":"https:\/\/schema.org","@graph":[{"@type":"WebPage","@id":"https:\/\/www.ancoradelchianti.it\/it\/benvenuti\/","url":"https:\/\/www.ancoradelchianti.it\/it\/benvenuti\/","name":"Ancora del Chianti Bed and Breakfast - Retreat B&B Greve in Chianti","isPartOf":{"@id":"https:\/\/www.ancoradelchianti.it\/it\/#website"},"primaryImageOfPage":{"@id":"https:\/\/www.ancoradelchianti.it\/it\/benvenuti\/#primaryimage"},"image":{"@id":"https:\/\/www.ancoradelchianti.it\/it\/benvenuti\/#primaryimage"},"thumbnailUrl":"https:\/\/www.ancoradelchianti.it\/wp-content\/uploads\/pages\/about\/rosescale.jpg","datePublished":"2024-02-29T14:25:26+00:00","dateModified":"2024-03-31T18:17:17+00:00","description":"Ancora del Chianti Bed and Breakfast. Ritiro B&B in Toscana, Nel Chianti Classico, vicino a Firenze e Siena, vacanza rurale in un casale Toscano.","breadcrumb":{"@id":"https:\/\/www.ancoradelchianti.it\/it\/benvenuti\/#breadcrumb"},"inLanguage":"it-IT","potentialAction":[{"@type":"ReadAction","target":["https:\/\/www.ancoradelchianti.it\/it\/benvenuti\/"]}]},{"@type":"ImageObject","inLanguage":"it-IT","@id":"https:\/\/www.ancoradelchianti.it\/it\/benvenuti\/#primaryimage","url":"https:\/\/www.ancoradelchianti.it\/wp-content\/uploads\/pages\/about\/rosescale.jpg","contentUrl":"https:\/\/www.ancoradelchianti.it\/wp-content\/uploads\/pages\/about\/rosescale.jpg","width":1920,"height":672},{"@type":"BreadcrumbList","@id":"https:\/\/www.ancoradelchianti.it\/it\/benvenuti\/#breadcrumb","itemListElement":[{"@type":"ListItem","position":1,"name":"Home","item":"https:\/\/www.ancoradelchianti.it\/it\/"},{"@type":"ListItem","position":2,"name":"Benvenuti"}]},{"@type":"WebSite","@id":"https:\/\/www.ancoradelchianti.it\/it\/#website","url":"https:\/\/www.ancoradelchianti.it\/it\/","name":"Ancora del Chianti B&amp;B","description":"","publisher":{"@id":"https:\/\/www.ancoradelchianti.it\/it\/#organization"},"potentialAction":[{"@type":"SearchAction","target":{"@type":"EntryPoint","urlTemplate":"https:\/\/www.ancoradelchianti.it\/it\/?s={search_term_string}"},"query-input":{"@type":"PropertyValueSpecification","valueRequired":true,"valueName":"search_term_string"}}],"inLanguage":"it-IT"},{"@type":"Organization","@id":"https:\/\/www.ancoradelchianti.it\/it\/#organization","name":"Ancora del Chianti B&amp;B","url":"https:\/\/www.ancoradelchianti.it\/it\/","logo":{"@type":"ImageObject","inLanguage":"it-IT","@id":"https:\/\/www.ancoradelchianti.it\/it\/#\/schema\/logo\/image\/","url":"https:\/\/www.ancoradelchianti.it\/wp-content\/uploads\/logo\/logo.png","contentUrl":"https:\/\/www.ancoradelchianti.it\/wp-content\/uploads\/logo\/logo.png","width":129,"height":133,"caption":"Ancora del Chianti B&amp;B"},"image":{"@id":"https:\/\/www.ancoradelchianti.it\/it\/#\/schema\/logo\/image\/"}}]}},"_links":{"self":[{"href":"https:\/\/www.ancoradelchianti.it\/it\/wp-json\/wp\/v2\/pages\/8299","targetHints":{"allow":["GET"]}}],"collection":[{"href":"https:\/\/www.ancoradelchianti.it\/it\/wp-json\/wp\/v2\/pages"}],"about":[{"href":"https:\/\/www.ancoradelchianti.it\/it\/wp-json\/wp\/v2\/types\/page"}],"author":[{"embeddable":true,"href":"https:\/\/www.ancoradelchianti.it\/it\/wp-json\/wp\/v2\/users\/1"}],"replies":[{"embeddable":true,"href":"https:\/\/www.ancoradelchianti.it\/it\/wp-json\/wp\/v2\/comments?post=8299"}],"version-history":[{"count":0,"href":"https:\/\/www.ancoradelchianti.it\/it\/wp-json\/wp\/v2\/pages\/8299\/revisions"}],"wp:featuredmedia":[{"embeddable":true,"href":"https:\/\/www.ancoradelchianti.it\/it\/wp-json\/wp\/v2\/media\/6629"}],"wp:attachment":[{"href":"https:\/\/www.ancoradelchianti.it\/it\/wp-json\/wp\/v2\/media?parent=8299"}],"wp:term":[{"taxonomy":"category","embeddable":true,"href":"https:\/\/www.ancoradelchianti.it\/it\/wp-json\/wp\/v2\/categories?post=8299"},{"taxonomy":"post_tag","embeddable":true,"href":"https:\/\/www.ancoradelchianti.it\/it\/wp-json\/wp\/v2\/tags?post=8299"}],"curies":[{"name":"wp","href":"https:\/\/api.w.org\/{rel}","templated":true}]}}