{"id":8759,"date":"2024-04-06T06:27:14","date_gmt":"2024-04-06T06:27:14","guid":{"rendered":"https:\/\/dev.ancoradelchianti.it\/?page_id=8759"},"modified":"2025-11-21T14:42:58","modified_gmt":"2025-11-21T14:42:58","slug":"perche-ancora","status":"publish","type":"page","link":"https:\/\/www.ancoradelchianti.it\/it\/perche-ancora\/","title":{"rendered":"Vacanze in Toscana 2025"},"content":{"rendered":"\t\t<div data-elementor-type=\"wp-page\" data-elementor-id=\"8759\" class=\"elementor elementor-8759 elementor-8758\" data-elementor-post-type=\"page\">\n\t\t\t\t<div class=\"elementor-element elementor-element-bd640bc e-con-full e-flex e-con e-parent\" data-id=\"bd640bc\" data-element_type=\"container\" data-settings=\"{&quot;jet_parallax_layout_list&quot;:[]}\">\n\t\t\t\t<div data-dce-advanced-background-image-url=\"https:\/\/www.ancoradelchianti.it\/wp-content\/uploads\/header\/a2.jpg\" class=\"elementor-element elementor-element-ff737d9 elementor-invisible elementor-has-bg-overlay elementor-widget elementor-widget-global elementor-global-232 elementor-widget-heading\" data-id=\"ff737d9\" data-element_type=\"widget\" data-settings=\"{&quot;_animation&quot;:&quot;fadeInDown&quot;}\" data-widget_type=\"heading.default\">\n\t\t\t\t<div class=\"elementor-widget-container\">\n\t\t\t<h1 class=\"elementor-heading-title elementor-size-default\">Vacanze in Toscana 2025<\/h1>\t\t<\/div>\n\t\t\t\t<\/div>\n\t\t\t\t<\/div>\n\t\t<div class=\"elementor-element elementor-element-1c5f018 e-flex e-con-boxed e-con e-parent\" data-id=\"1c5f018\" data-element_type=\"container\" data-settings=\"{&quot;jet_parallax_layout_list&quot;:[]}\">\n\t\t\t\t\t<div class=\"e-con-inner\">\n\t\t\t\t<div class=\"elementor-element elementor-element-effb9e2 elementor-widget elementor-widget-heading\" data-id=\"effb9e2\" data-element_type=\"widget\" data-widget_type=\"heading.default\">\n\t\t\t\t<div class=\"elementor-widget-container\">\n\t\t\t<h2 class=\"elementor-heading-title elementor-size-default\">Vacanze in Toscana 2025<\/h2>\t\t<\/div>\n\t\t\t\t<\/div>\n\t\t\t\t\t<\/div>\n\t\t\t\t<\/div>\n\t\t<div class=\"elementor-element elementor-element-fb6e863 e-flex e-con-boxed e-con e-parent\" data-id=\"fb6e863\" data-element_type=\"container\" data-settings=\"{&quot;jet_parallax_layout_list&quot;:[]}\">\n\t\t\t\t\t<div class=\"e-con-inner\">\n\t\t\t\t<div class=\"elementor-element elementor-element-60f4eda elementor-widget elementor-widget-text-editor\" data-id=\"60f4eda\" data-element_type=\"widget\" data-widget_type=\"text-editor.default\">\n\t\t\t\t<div class=\"elementor-widget-container\">\n\t\t\t\t\t\t\t<h3 style=\"text-align: center;\">PRENOTA DIRETTAMENTE SU QUESTO SITO: MIGLIOR PREZZO GARANTITO e OFFERTE SPECIALI<\/h3>\n\t\t\t\t\t\t<\/div>\n\t\t\t\t<\/div>\n\t\t\t\t\t<\/div>\n\t\t\t\t<\/div>\n\t\t<div class=\"elementor-element elementor-element-6648b72 e-flex e-con-boxed e-con e-parent\" data-id=\"6648b72\" data-element_type=\"container\" data-settings=\"{&quot;jet_parallax_layout_list&quot;:[]}\">\n\t\t\t\t\t<div class=\"e-con-inner\">\n\t\t\t\t<div class=\"elementor-element elementor-element-bf707e6 dce_masking-none elementor-widget elementor-widget-image\" data-id=\"bf707e6\" data-element_type=\"widget\" data-widget_type=\"image.default\">\n\t\t\t\t<div class=\"elementor-widget-container\">\n\t\t\t\t\t\t\t\t\t\t\t\t\t<img fetchpriority=\"high\" decoding=\"async\" width=\"800\" height=\"280\" src=\"https:\/\/www.ancoradelchianti.it\/wp-content\/uploads\/rooms-and-services\/camera_asciugamani-1024x358.jpg\" class=\"attachment-large size-large wp-image-7135\" alt=\"Rooms and Services\" srcset=\"https:\/\/www.ancoradelchianti.it\/wp-content\/uploads\/rooms-and-services\/camera_asciugamani-1024x358.jpg 1024w, https:\/\/www.ancoradelchianti.it\/wp-content\/uploads\/rooms-and-services\/camera_asciugamani-300x105.jpg 300w, https:\/\/www.ancoradelchianti.it\/wp-content\/uploads\/rooms-and-services\/camera_asciugamani-768x269.jpg 768w, https:\/\/www.ancoradelchianti.it\/wp-content\/uploads\/rooms-and-services\/camera_asciugamani-1536x538.jpg 1536w, https:\/\/www.ancoradelchianti.it\/wp-content\/uploads\/rooms-and-services\/camera_asciugamani.jpg 1920w\" sizes=\"(max-width: 800px) 100vw, 800px\" \/>\t\t\t\t\t\t\t\t\t\t\t\t\t<\/div>\n\t\t\t\t<\/div>\n\t\t\t\t\t<\/div>\n\t\t\t\t<\/div>\n\t\t<div class=\"elementor-element elementor-element-23e1820 e-flex e-con-boxed e-con e-parent\" data-id=\"23e1820\" data-element_type=\"container\" data-settings=\"{&quot;jet_parallax_layout_list&quot;:[]}\">\n\t\t\t\t\t<div class=\"e-con-inner\">\n\t\t\t\t<div class=\"elementor-element elementor-element-0b95fa0 elementor-widget elementor-widget-text-editor\" data-id=\"0b95fa0\" data-element_type=\"widget\" data-widget_type=\"text-editor.default\">\n\t\t\t\t<div class=\"elementor-widget-container\">\n\t\t\t\t\t\t\t<p style=\"text-align: center;\">Solo se prenoti attraverso il nostro sito web puoi ottenere<\/p>\n<p style=\"text-align: center;\">la\u00a0<strong>migliore tariffa e le migliori offerte<\/strong>:<\/p>\n<p style=\"text-align: center;\"><strong>COLAZIONE GRATUITA<\/strong><\/p>\n<p style=\"text-align: center;\">Tariffa con <a href=\"\/wp-content\/uploads\/pdf\/vantaggi_turista_besafe_rate.pdf\" target=\"_blank\" rel=\"noopener\"><strong>ASSICURAZIONE DI VIAGGIO GRATUITA<\/strong><\/a><\/p>\n<p style=\"text-align: center;\">\u00a0<strong>SCONTO fino al 10%<\/strong> per prenotazioni di 7 o pi\u00f9 notti<\/p>\n<p style=\"text-align: center;\"><a href=\"https:\/\/www.ancoradelchianti.it\/it\/esperienze\/pacchetti-vino-e-olio-in-toscana\/\"><strong>PACCHETTO VINO &amp; OLIO BONO<\/strong><\/a><\/p>\n<p style=\"text-align: center;\"><strong>\u00a0<a href=\"https:\/\/www.ancoradelchianti.it\/it\/esperienze\/\">ATTIVITA&#8217;<\/a> <\/strong><strong>e\u00a0<\/strong><strong> <a href=\"https:\/\/www.ancoradelchianti.it\/it\/meetings-e-corsi-2024-2025\/\">WORKSHOP<\/a><\/strong><\/p>\n<h3 style=\"text-align: center;\">L&#8217;ANGOLO DI PACE PER LE TUE VACANZE IN TOSCANA<\/h3>\n<p style=\"text-align: center;\"><strong><a href=\"https:\/\/ancoradelchianti.hbb.bz\/booking.php?lang=it&amp;ID=MjEwMy1mOWZmNDQ&amp;step=1\" target=\"_blank\" rel=\"noopener\">Verifica ORA la disponibilit\u00e0<\/a><\/strong>!<\/p>\n\t\t\t\t\t\t<\/div>\n\t\t\t\t<\/div>\n\t\t\t\t<div class=\"elementor-element elementor-element-245fe86 dce_masking-none elementor-widget elementor-widget-image\" data-id=\"245fe86\" data-element_type=\"widget\" data-widget_type=\"image.default\">\n\t\t\t\t<div class=\"elementor-widget-container\">\n\t\t\t\t\t\t\t\t\t\t\t\t\t<img decoding=\"async\" width=\"800\" height=\"280\" src=\"https:\/\/www.ancoradelchianti.it\/wp-content\/uploads\/header\/ancora-1-1024x358.jpg\" class=\"attachment-large size-large wp-image-8767\" alt=\"\" srcset=\"https:\/\/www.ancoradelchianti.it\/wp-content\/uploads\/header\/ancora-1-1024x358.jpg 1024w, https:\/\/www.ancoradelchianti.it\/wp-content\/uploads\/header\/ancora-1-300x105.jpg 300w, https:\/\/www.ancoradelchianti.it\/wp-content\/uploads\/header\/ancora-1-768x269.jpg 768w, https:\/\/www.ancoradelchianti.it\/wp-content\/uploads\/header\/ancora-1-1536x538.jpg 1536w, https:\/\/www.ancoradelchianti.it\/wp-content\/uploads\/header\/ancora-1.jpg 1920w\" sizes=\"(max-width: 800px) 100vw, 800px\" \/>\t\t\t\t\t\t\t\t\t\t\t\t\t<\/div>\n\t\t\t\t<\/div>\n\t\t\t\t<div class=\"elementor-element elementor-element-8a3147e elementor-widget elementor-widget-text-editor\" data-id=\"8a3147e\" data-element_type=\"widget\" data-widget_type=\"text-editor.default\">\n\t\t\t\t<div class=\"elementor-widget-container\">\n\t\t\t\t\t\t\t<p>Abbiamo dotato\u00a0di Il casale \u00e8 in cima a una collina con una\u00a0<strong>vista spettacolare<\/strong>\u00a0sulla valle del Chianti. Tutte<strong>\u00a0le nostre camere\u00a0<\/strong>sono dotate di uno spazio esterno ad uso esclusivo con tavolo e sedie per leggere, rilassarsi e gustare un bicchiere di vino<strong>\u00a0circondati dal verde<\/strong>. Inoltre ogni camera ha una porta d&#8217;ingresso indipendente con accesso diretto dal giardino per essere da subito a contatto con la natura. Ogni mattina<strong>\u00a0un&#8217;invitante colazione viene servita in terrazza<\/strong>\u00a0o in sala e offre una variet\u00e0 di specialit\u00e0 dolci e salate e il bollitore per t\u00e8 e caff\u00e8 americano \u00e8 disponibile 24 ore su 24 per coccolarsi con una bevanda calda nella privacy della propria camera o all&#8217;aperto.<\/p>\n<h3 style=\"text-align: center;\">VIVI IL FASCINO DELLA TOSCANA<\/h3>\n\t\t\t\t\t\t<\/div>\n\t\t\t\t<\/div>\n\t\t\t\t<div class=\"elementor-element elementor-element-52ee57d dce_masking-none elementor-widget elementor-widget-image\" data-id=\"52ee57d\" data-element_type=\"widget\" data-widget_type=\"image.default\">\n\t\t\t\t<div class=\"elementor-widget-container\">\n\t\t\t\t\t\t\t\t\t\t\t\t\t<img decoding=\"async\" width=\"800\" height=\"260\" src=\"https:\/\/www.ancoradelchianti.it\/wp-content\/uploads\/tuscany-tours\/san_gimi01-1024x333.jpg\" class=\"attachment-large size-large wp-image-6784\" alt=\"San Gimignano\" srcset=\"https:\/\/www.ancoradelchianti.it\/wp-content\/uploads\/tuscany-tours\/san_gimi01-1024x333.jpg 1024w, https:\/\/www.ancoradelchianti.it\/wp-content\/uploads\/tuscany-tours\/san_gimi01-300x98.jpg 300w, https:\/\/www.ancoradelchianti.it\/wp-content\/uploads\/tuscany-tours\/san_gimi01-768x250.jpg 768w, https:\/\/www.ancoradelchianti.it\/wp-content\/uploads\/tuscany-tours\/san_gimi01-1536x500.jpg 1536w, https:\/\/www.ancoradelchianti.it\/wp-content\/uploads\/tuscany-tours\/san_gimi01.jpg 1920w\" sizes=\"(max-width: 800px) 100vw, 800px\" \/>\t\t\t\t\t\t\t\t\t\t\t\t\t<\/div>\n\t\t\t\t<\/div>\n\t\t\t\t<div class=\"elementor-element elementor-element-052e010 elementor-widget elementor-widget-text-editor\" data-id=\"052e010\" data-element_type=\"widget\" data-widget_type=\"text-editor.default\">\n\t\t\t\t<div class=\"elementor-widget-container\">\n\t\t\t\t\t\t\t<p>A soli 20 km da Firenze e 40 km da Siena, qui puoi goderti il\u00a0<strong>Pacchetto Enogastronomico di 3 notti<\/strong>\u00a0e partecipare a\u00a0attivit\u00e0\u00a0all&#8217;insegna dell&#8217;arte, dei sapori e delle tradizioni locali: lezioni di cucina,\u00a0<strong>visita alla cantina<\/strong>,\u00a0<strong>degustazione di olio<\/strong>,\u00a0<strong>lezioni di pittura<\/strong>\u00a0ad acquerello e acrilico per singoli e piccoli gruppi, percorsi in sella alla bici su e gi\u00f9 per le colline e\u00a0<strong>visite a citt\u00e0 d&#8217;arte e\u00a0 borghi di campagna.<\/strong><\/p>\n<p style=\"text-align: center;\">La pace e la bellezza del Chianti ti aspettano!<\/p>\n\t\t\t\t\t\t<\/div>\n\t\t\t\t<\/div>\n\t\t\t\t<div class=\"elementor-element elementor-element-6de1793 elementor-widget elementor-widget-global elementor-global-8630 elementor-global-6616 elementor-widget-text-editor\" data-id=\"6de1793\" data-element_type=\"widget\" data-widget_type=\"text-editor.default\">\n\t\t\t\t<div class=\"elementor-widget-container\">\n\t\t\t\t\t\t\t<p style=\"text-align: center;\"><a href=\"https:\/\/ancoradelchianti.beddy.io\/#\/(beddy:home)?lang=it\" target=\"_blank\" rel=\"noopener\"><strong>PRENOTA ADESSO<\/strong><\/a> o invia una mail ad <a href=\"mailto:info@ancoradelchianti.it\" target=\"_blank\" rel=\"noopener\">info@ancoradelchianti.it<\/a><\/p>\n\t\t\t\t\t\t<\/div>\n\t\t\t\t<\/div>\n\t\t\t\t\t<\/div>\n\t\t\t\t<\/div>\n\t\t\t\t<\/div>\n\t\t","protected":false},"excerpt":{"rendered":"<p>Vacanze in Toscana 2025 PRENOTA DIRETTAMENTE SU QUESTO SITO: MIGLIOR PREZZO GARANTITO e OFFERTE SPECIALI Solo se prenoti attraverso il nostro sito web puoi ottenere la\u00a0migliore tariffa e le migliori offerte: COLAZIONE GRATUITA Tariffa con ASSICURAZIONE DI VIAGGIO GRATUITA \u00a0SCONTO fino al 10% per prenotazioni di 7 o pi\u00f9 notti PACCHETTO VINO &amp; OLIO BONO&#8230;<\/p>\n","protected":false},"author":1,"featured_media":8017,"parent":0,"menu_order":11,"comment_status":"closed","ping_status":"closed","template":"","meta":{"_acf_changed":false,"footnotes":""},"categories":[],"tags":[],"class_list":["post-8759","page","type-page","status-publish","has-post-thumbnail","hentry"],"acf":[],"yoast_head":"<!-- This site is optimized with the Yoast SEO plugin v24.0 - https:\/\/yoast.com\/wordpress\/plugins\/seo\/ -->\n<title>B&amp;B Ancora del Chianti vicino a Firenze, Chianti, Toscana<\/title>\n<meta name=\"description\" content=\"Vacanze in Toscana al Bed and Breakfast Ancora del Chianti\" \/>\n<meta name=\"robots\" content=\"index, follow, max-snippet:-1, max-image-preview:large, max-video-preview:-1\" \/>\n<link rel=\"canonical\" href=\"https:\/\/www.ancoradelchianti.it\/it\/perche-ancora\/\" \/>\n<meta property=\"og:locale\" content=\"it_IT\" \/>\n<meta property=\"og:type\" content=\"article\" \/>\n<meta property=\"og:title\" content=\"B&amp;B Ancora del Chianti vicino a Firenze, Chianti, Toscana\" \/>\n<meta property=\"og:description\" content=\"Vacanze in Toscana al Bed and Breakfast Ancora del Chianti\" \/>\n<meta property=\"og:url\" content=\"https:\/\/www.ancoradelchianti.it\/it\/perche-ancora\/\" \/>\n<meta property=\"og:site_name\" content=\"Ancora del Chianti B&amp;B\" \/>\n<meta property=\"article:modified_time\" content=\"2025-11-21T14:42:58+00:00\" \/>\n<meta property=\"og:image\" content=\"https:\/\/www.ancoradelchianti.it\/wp-content\/uploads\/header\/a2.jpg\" \/>\n\t<meta property=\"og:image:width\" content=\"2000\" \/>\n\t<meta property=\"og:image:height\" content=\"700\" \/>\n\t<meta property=\"og:image:type\" content=\"image\/jpeg\" \/>\n<meta name=\"twitter:card\" content=\"summary_large_image\" \/>\n<meta name=\"twitter:label1\" content=\"Tempo di lettura stimato\" \/>\n\t<meta name=\"twitter:data1\" content=\"3 minuti\" \/>\n<script type=\"application\/ld+json\" class=\"yoast-schema-graph\">{\"@context\":\"https:\/\/schema.org\",\"@graph\":[{\"@type\":\"WebPage\",\"@id\":\"https:\/\/www.ancoradelchianti.it\/it\/perche-ancora\/\",\"url\":\"https:\/\/www.ancoradelchianti.it\/it\/perche-ancora\/\",\"name\":\"B&B Ancora del Chianti vicino a Firenze, Chianti, Toscana\",\"isPartOf\":{\"@id\":\"https:\/\/www.ancoradelchianti.it\/it\/#website\"},\"primaryImageOfPage\":{\"@id\":\"https:\/\/www.ancoradelchianti.it\/it\/perche-ancora\/#primaryimage\"},\"image\":{\"@id\":\"https:\/\/www.ancoradelchianti.it\/it\/perche-ancora\/#primaryimage\"},\"thumbnailUrl\":\"https:\/\/www.ancoradelchianti.it\/wp-content\/uploads\/header\/a2.jpg\",\"datePublished\":\"2024-04-06T06:27:14+00:00\",\"dateModified\":\"2025-11-21T14:42:58+00:00\",\"description\":\"Vacanze in Toscana al Bed and Breakfast Ancora del Chianti\",\"breadcrumb\":{\"@id\":\"https:\/\/www.ancoradelchianti.it\/it\/perche-ancora\/#breadcrumb\"},\"inLanguage\":\"it-IT\",\"potentialAction\":[{\"@type\":\"ReadAction\",\"target\":[\"https:\/\/www.ancoradelchianti.it\/it\/perche-ancora\/\"]}]},{\"@type\":\"ImageObject\",\"inLanguage\":\"it-IT\",\"@id\":\"https:\/\/www.ancoradelchianti.it\/it\/perche-ancora\/#primaryimage\",\"url\":\"https:\/\/www.ancoradelchianti.it\/wp-content\/uploads\/header\/a2.jpg\",\"contentUrl\":\"https:\/\/www.ancoradelchianti.it\/wp-content\/uploads\/header\/a2.jpg\",\"width\":2000,\"height\":700},{\"@type\":\"BreadcrumbList\",\"@id\":\"https:\/\/www.ancoradelchianti.it\/it\/perche-ancora\/#breadcrumb\",\"itemListElement\":[{\"@type\":\"ListItem\",\"position\":1,\"name\":\"Home\",\"item\":\"https:\/\/www.ancoradelchianti.it\/it\/\"},{\"@type\":\"ListItem\",\"position\":2,\"name\":\"Vacanze in Toscana 2025\"}]},{\"@type\":\"WebSite\",\"@id\":\"https:\/\/www.ancoradelchianti.it\/it\/#website\",\"url\":\"https:\/\/www.ancoradelchianti.it\/it\/\",\"name\":\"Ancora del Chianti B&amp;B\",\"description\":\"\",\"publisher\":{\"@id\":\"https:\/\/www.ancoradelchianti.it\/it\/#organization\"},\"potentialAction\":[{\"@type\":\"SearchAction\",\"target\":{\"@type\":\"EntryPoint\",\"urlTemplate\":\"https:\/\/www.ancoradelchianti.it\/it\/?s={search_term_string}\"},\"query-input\":{\"@type\":\"PropertyValueSpecification\",\"valueRequired\":true,\"valueName\":\"search_term_string\"}}],\"inLanguage\":\"it-IT\"},{\"@type\":\"Organization\",\"@id\":\"https:\/\/www.ancoradelchianti.it\/it\/#organization\",\"name\":\"Ancora del Chianti B&amp;B\",\"url\":\"https:\/\/www.ancoradelchianti.it\/it\/\",\"logo\":{\"@type\":\"ImageObject\",\"inLanguage\":\"it-IT\",\"@id\":\"https:\/\/www.ancoradelchianti.it\/it\/#\/schema\/logo\/image\/\",\"url\":\"https:\/\/www.ancoradelchianti.it\/wp-content\/uploads\/logo\/logo.png\",\"contentUrl\":\"https:\/\/www.ancoradelchianti.it\/wp-content\/uploads\/logo\/logo.png\",\"width\":129,\"height\":133,\"caption\":\"Ancora del Chianti B&amp;B\"},\"image\":{\"@id\":\"https:\/\/www.ancoradelchianti.it\/it\/#\/schema\/logo\/image\/\"}}]}<\/script>\n<!-- \/ Yoast SEO plugin. -->","yoast_head_json":{"title":"B&B Ancora del Chianti vicino a Firenze, Chianti, Toscana","description":"Vacanze in Toscana al Bed and Breakfast Ancora del Chianti","robots":{"index":"index","follow":"follow","max-snippet":"max-snippet:-1","max-image-preview":"max-image-preview:large","max-video-preview":"max-video-preview:-1"},"canonical":"https:\/\/www.ancoradelchianti.it\/it\/perche-ancora\/","og_locale":"it_IT","og_type":"article","og_title":"B&B Ancora del Chianti vicino a Firenze, Chianti, Toscana","og_description":"Vacanze in Toscana al Bed and Breakfast Ancora del Chianti","og_url":"https:\/\/www.ancoradelchianti.it\/it\/perche-ancora\/","og_site_name":"Ancora del Chianti B&amp;B","article_modified_time":"2025-11-21T14:42:58+00:00","og_image":[{"width":2000,"height":700,"url":"https:\/\/www.ancoradelchianti.it\/wp-content\/uploads\/header\/a2.jpg","type":"image\/jpeg"}],"twitter_card":"summary_large_image","twitter_misc":{"Tempo di lettura stimato":"3 minuti"},"schema":{"@context":"https:\/\/schema.org","@graph":[{"@type":"WebPage","@id":"https:\/\/www.ancoradelchianti.it\/it\/perche-ancora\/","url":"https:\/\/www.ancoradelchianti.it\/it\/perche-ancora\/","name":"B&B Ancora del Chianti vicino a Firenze, Chianti, Toscana","isPartOf":{"@id":"https:\/\/www.ancoradelchianti.it\/it\/#website"},"primaryImageOfPage":{"@id":"https:\/\/www.ancoradelchianti.it\/it\/perche-ancora\/#primaryimage"},"image":{"@id":"https:\/\/www.ancoradelchianti.it\/it\/perche-ancora\/#primaryimage"},"thumbnailUrl":"https:\/\/www.ancoradelchianti.it\/wp-content\/uploads\/header\/a2.jpg","datePublished":"2024-04-06T06:27:14+00:00","dateModified":"2025-11-21T14:42:58+00:00","description":"Vacanze in Toscana al Bed and Breakfast Ancora del Chianti","breadcrumb":{"@id":"https:\/\/www.ancoradelchianti.it\/it\/perche-ancora\/#breadcrumb"},"inLanguage":"it-IT","potentialAction":[{"@type":"ReadAction","target":["https:\/\/www.ancoradelchianti.it\/it\/perche-ancora\/"]}]},{"@type":"ImageObject","inLanguage":"it-IT","@id":"https:\/\/www.ancoradelchianti.it\/it\/perche-ancora\/#primaryimage","url":"https:\/\/www.ancoradelchianti.it\/wp-content\/uploads\/header\/a2.jpg","contentUrl":"https:\/\/www.ancoradelchianti.it\/wp-content\/uploads\/header\/a2.jpg","width":2000,"height":700},{"@type":"BreadcrumbList","@id":"https:\/\/www.ancoradelchianti.it\/it\/perche-ancora\/#breadcrumb","itemListElement":[{"@type":"ListItem","position":1,"name":"Home","item":"https:\/\/www.ancoradelchianti.it\/it\/"},{"@type":"ListItem","position":2,"name":"Vacanze in Toscana 2025"}]},{"@type":"WebSite","@id":"https:\/\/www.ancoradelchianti.it\/it\/#website","url":"https:\/\/www.ancoradelchianti.it\/it\/","name":"Ancora del Chianti B&amp;B","description":"","publisher":{"@id":"https:\/\/www.ancoradelchianti.it\/it\/#organization"},"potentialAction":[{"@type":"SearchAction","target":{"@type":"EntryPoint","urlTemplate":"https:\/\/www.ancoradelchianti.it\/it\/?s={search_term_string}"},"query-input":{"@type":"PropertyValueSpecification","valueRequired":true,"valueName":"search_term_string"}}],"inLanguage":"it-IT"},{"@type":"Organization","@id":"https:\/\/www.ancoradelchianti.it\/it\/#organization","name":"Ancora del Chianti B&amp;B","url":"https:\/\/www.ancoradelchianti.it\/it\/","logo":{"@type":"ImageObject","inLanguage":"it-IT","@id":"https:\/\/www.ancoradelchianti.it\/it\/#\/schema\/logo\/image\/","url":"https:\/\/www.ancoradelchianti.it\/wp-content\/uploads\/logo\/logo.png","contentUrl":"https:\/\/www.ancoradelchianti.it\/wp-content\/uploads\/logo\/logo.png","width":129,"height":133,"caption":"Ancora del Chianti B&amp;B"},"image":{"@id":"https:\/\/www.ancoradelchianti.it\/it\/#\/schema\/logo\/image\/"}}]}},"_links":{"self":[{"href":"https:\/\/www.ancoradelchianti.it\/it\/wp-json\/wp\/v2\/pages\/8759","targetHints":{"allow":["GET"]}}],"collection":[{"href":"https:\/\/www.ancoradelchianti.it\/it\/wp-json\/wp\/v2\/pages"}],"about":[{"href":"https:\/\/www.ancoradelchianti.it\/it\/wp-json\/wp\/v2\/types\/page"}],"author":[{"embeddable":true,"href":"https:\/\/www.ancoradelchianti.it\/it\/wp-json\/wp\/v2\/users\/1"}],"replies":[{"embeddable":true,"href":"https:\/\/www.ancoradelchianti.it\/it\/wp-json\/wp\/v2\/comments?post=8759"}],"version-history":[{"count":0,"href":"https:\/\/www.ancoradelchianti.it\/it\/wp-json\/wp\/v2\/pages\/8759\/revisions"}],"wp:featuredmedia":[{"embeddable":true,"href":"https:\/\/www.ancoradelchianti.it\/it\/wp-json\/wp\/v2\/media\/8017"}],"wp:attachment":[{"href":"https:\/\/www.ancoradelchianti.it\/it\/wp-json\/wp\/v2\/media?parent=8759"}],"wp:term":[{"taxonomy":"category","embeddable":true,"href":"https:\/\/www.ancoradelchianti.it\/it\/wp-json\/wp\/v2\/categories?post=8759"},{"taxonomy":"post_tag","embeddable":true,"href":"https:\/\/www.ancoradelchianti.it\/it\/wp-json\/wp\/v2\/tags?post=8759"}],"curies":[{"name":"wp","href":"https:\/\/api.w.org\/{rel}","templated":true}]}}